{"id":20405,"date":"2021-02-21T17:23:44","date_gmt":"2021-02-21T15:23:44","guid":{"rendered":"https:\/\/www.ibc.ee\/?post_type=product&#038;p=20405"},"modified":"2021-02-21T17:35:50","modified_gmt":"2021-02-21T15:35:50","slug":"flex-o-tila-painduv","status":"publish","type":"product","link":"https:\/\/ibc.ee\/et\/toode\/flex-o-tila-painduv\/","title":{"rendered":"Flex-O-tila painduv"},"content":{"rendered":"<p>Flex-O-tila painduv<\/p>\n<p> Tehnilised andmed: <br \/>\nMaterjal: pol\u00fcet\u00fcleen (PE) <br \/>\nPikkus: 7 &#8220;ulatub 10,5&#8221; <br \/>\nPikk kitsas tila sobib ideaalselt k\u00f5ikidele raskesti ligip\u00e4\u00e4setavatele aladele. <br \/>\nKaks sisekeermet, \u00fcks 38mm gallonniitide jaoks ja teine 28mm quartniitide jaoks. <br \/>\nSobib enamusele galloni ja kvartsi mahutitele. <\/p>\n","protected":false},"excerpt":{"rendered":"<p>Flex-O-tila painduv Tehnilised andmed: Materjal: pol\u00fcet\u00fcleen (PE) Pikkus: 7 &#8220;ulatub 10,5&#8221; Pikk kitsas tila sobib ideaalselt k\u00f5ikidele raskesti ligip\u00e4\u00e4setavatele aladele. Kaks sisekeermet, \u00fcks 38mm gallonniitide jaoks ja teine 28mm quartniitide jaoks. Sobib enamusele galloni ja kvartsi mahutitele.<\/p>\n","protected":false},"featured_media":20411,"template":"","meta":[],"product_brand":[],"product_cat":[179],"product_tag":[],"class_list":{"0":"post-20405","1":"product","2":"type-product","3":"status-publish","4":"has-post-thumbnail","6":"product_cat-vaadid-kanistrid","7":"product_shipping_class-omniva-et","9":"first","10":"onbackorder","11":"taxable","12":"shipping-taxable","13":"purchasable","14":"product-type-simple"},"yoast_head":"<!-- This site is optimized with the Yoast SEO plugin v26.9 - https:\/\/yoast.com\/product\/yoast-seo-wordpress\/ -->\n<title>Flex-O-tila painduv -<\/title>\n<meta name=\"description\" content=\"Pikk kitsas tila sobib ideaalselt k\u00f5igile raskesti ligip\u00e4\u00e4setavatele aladele. Kaks sisekeermet, \u00fcks 38mm gallonniitide jaoks ja teine 28mm quartniitide jaoks. Sobib enamusele galloni ja kvartsi mahutitele.\" \/>\n<meta name=\"robots\" content=\"index, follow, max-snippet:-1, max-image-preview:large, max-video-preview:-1\" \/>\n<link rel=\"canonical\" href=\"https:\/\/ibc.ee\/et\/toode\/flex-o-tila-painduv\/\" \/>\n<meta property=\"og:locale\" content=\"et_EE\" \/>\n<meta property=\"og:type\" content=\"article\" \/>\n<meta property=\"og:title\" content=\"Flex-O-tila painduv -\" \/>\n<meta property=\"og:description\" content=\"Pikk kitsas tila sobib ideaalselt k\u00f5igile raskesti ligip\u00e4\u00e4setavatele aladele. Kaks sisekeermet, \u00fcks 38mm gallonniitide jaoks ja teine 28mm quartniitide jaoks. Sobib enamusele galloni ja kvartsi mahutitele.\" \/>\n<meta property=\"og:url\" content=\"https:\/\/ibc.ee\/et\/toode\/flex-o-tila-painduv\/\" \/>\n<meta property=\"og:site_name\" content=\"IBC konteineri m&uuml;&uuml;k, vaadid, kraanid, mahutid\" \/>\n<meta property=\"article:modified_time\" content=\"2021-02-21T15:35:50+00:00\" \/>\n<meta property=\"og:image\" content=\"https:\/\/ibc.ee\/wp-content\/uploads\/2021\/02\/Flex-O-tila-painduv.jpg\" \/>\n\t<meta property=\"og:image:width\" content=\"1000\" \/>\n\t<meta property=\"og:image:height\" content=\"1000\" \/>\n\t<meta property=\"og:image:type\" content=\"image\/jpeg\" \/>\n<meta name=\"twitter:card\" content=\"summary_large_image\" \/>\n<script type=\"application\/ld+json\" class=\"yoast-schema-graph\">{\"@context\":\"https:\/\/schema.org\",\"@graph\":[{\"@type\":\"WebPage\",\"@id\":\"https:\/\/ibc.ee\/et\/toode\/flex-o-tila-painduv\/\",\"url\":\"https:\/\/ibc.ee\/et\/toode\/flex-o-tila-painduv\/\",\"name\":\"Flex-O-tila painduv -\",\"isPartOf\":{\"@id\":\"https:\/\/www.ibc.ee\/et\/#website\"},\"primaryImageOfPage\":{\"@id\":\"https:\/\/ibc.ee\/et\/toode\/flex-o-tila-painduv\/#primaryimage\"},\"image\":{\"@id\":\"https:\/\/ibc.ee\/et\/toode\/flex-o-tila-painduv\/#primaryimage\"},\"thumbnailUrl\":\"https:\/\/ibc.ee\/wp-content\/uploads\/2021\/02\/Flex-O-tila-painduv.jpg\",\"datePublished\":\"2021-02-21T15:23:44+00:00\",\"dateModified\":\"2021-02-21T15:35:50+00:00\",\"description\":\"Pikk kitsas tila sobib ideaalselt k\u00f5igile raskesti ligip\u00e4\u00e4setavatele aladele. Kaks sisekeermet, \u00fcks 38mm gallonniitide jaoks ja teine 28mm quartniitide jaoks. Sobib enamusele galloni ja kvartsi mahutitele.\",\"breadcrumb\":{\"@id\":\"https:\/\/ibc.ee\/et\/toode\/flex-o-tila-painduv\/#breadcrumb\"},\"inLanguage\":\"et\",\"potentialAction\":[{\"@type\":\"ReadAction\",\"target\":[\"https:\/\/ibc.ee\/et\/toode\/flex-o-tila-painduv\/\"]}]},{\"@type\":\"ImageObject\",\"inLanguage\":\"et\",\"@id\":\"https:\/\/ibc.ee\/et\/toode\/flex-o-tila-painduv\/#primaryimage\",\"url\":\"https:\/\/ibc.ee\/wp-content\/uploads\/2021\/02\/Flex-O-tila-painduv.jpg\",\"contentUrl\":\"https:\/\/ibc.ee\/wp-content\/uploads\/2021\/02\/Flex-O-tila-painduv.jpg\",\"width\":1000,\"height\":1000,\"caption\":\"Flex-O-tila painduv\"},{\"@type\":\"BreadcrumbList\",\"@id\":\"https:\/\/ibc.ee\/et\/toode\/flex-o-tila-painduv\/#breadcrumb\",\"itemListElement\":[{\"@type\":\"ListItem\",\"position\":1,\"name\":\"\u0413\u043b\u0430\u0432\u043d\u0430\u044f \u0441\u0442\u0440\u0430\u043d\u0438\u0446\u0430\",\"item\":\"https:\/\/ibc.ee\/et\/\"},{\"@type\":\"ListItem\",\"position\":2,\"name\":\"Pood\",\"item\":\"https:\/\/ibc.ee\/et\/shop\/\"},{\"@type\":\"ListItem\",\"position\":3,\"name\":\"Flex-O-tila painduv\"}]},{\"@type\":\"WebSite\",\"@id\":\"https:\/\/www.ibc.ee\/et\/#website\",\"url\":\"https:\/\/www.ibc.ee\/et\/\",\"name\":\"IBC konteineri m&uuml;&uuml;k, vaadid, kraanid, mahutid\",\"description\":\"IBC - Tank container valve, Adapters\\\\fittings, Intermediate bulk, container, Drums\/cans\",\"potentialAction\":[{\"@type\":\"SearchAction\",\"target\":{\"@type\":\"EntryPoint\",\"urlTemplate\":\"https:\/\/www.ibc.ee\/et\/?s={search_term_string}\"},\"query-input\":{\"@type\":\"PropertyValueSpecification\",\"valueRequired\":true,\"valueName\":\"search_term_string\"}}],\"inLanguage\":\"et\"}]}<\/script>\n<!-- \/ Yoast SEO plugin. -->","yoast_head_json":{"title":"Flex-O-tila painduv -","description":"Pikk kitsas tila sobib ideaalselt k\u00f5igile raskesti ligip\u00e4\u00e4setavatele aladele. Kaks sisekeermet, \u00fcks 38mm gallonniitide jaoks ja teine 28mm quartniitide jaoks. Sobib enamusele galloni ja kvartsi mahutitele.","robots":{"index":"index","follow":"follow","max-snippet":"max-snippet:-1","max-image-preview":"max-image-preview:large","max-video-preview":"max-video-preview:-1"},"canonical":"https:\/\/ibc.ee\/et\/toode\/flex-o-tila-painduv\/","og_locale":"et_EE","og_type":"article","og_title":"Flex-O-tila painduv -","og_description":"Pikk kitsas tila sobib ideaalselt k\u00f5igile raskesti ligip\u00e4\u00e4setavatele aladele. Kaks sisekeermet, \u00fcks 38mm gallonniitide jaoks ja teine 28mm quartniitide jaoks. Sobib enamusele galloni ja kvartsi mahutitele.","og_url":"https:\/\/ibc.ee\/et\/toode\/flex-o-tila-painduv\/","og_site_name":"IBC konteineri m&uuml;&uuml;k, vaadid, kraanid, mahutid","article_modified_time":"2021-02-21T15:35:50+00:00","og_image":[{"width":1000,"height":1000,"url":"https:\/\/ibc.ee\/wp-content\/uploads\/2021\/02\/Flex-O-tila-painduv.jpg","type":"image\/jpeg"}],"twitter_card":"summary_large_image","schema":{"@context":"https:\/\/schema.org","@graph":[{"@type":"WebPage","@id":"https:\/\/ibc.ee\/et\/toode\/flex-o-tila-painduv\/","url":"https:\/\/ibc.ee\/et\/toode\/flex-o-tila-painduv\/","name":"Flex-O-tila painduv -","isPartOf":{"@id":"https:\/\/www.ibc.ee\/et\/#website"},"primaryImageOfPage":{"@id":"https:\/\/ibc.ee\/et\/toode\/flex-o-tila-painduv\/#primaryimage"},"image":{"@id":"https:\/\/ibc.ee\/et\/toode\/flex-o-tila-painduv\/#primaryimage"},"thumbnailUrl":"https:\/\/ibc.ee\/wp-content\/uploads\/2021\/02\/Flex-O-tila-painduv.jpg","datePublished":"2021-02-21T15:23:44+00:00","dateModified":"2021-02-21T15:35:50+00:00","description":"Pikk kitsas tila sobib ideaalselt k\u00f5igile raskesti ligip\u00e4\u00e4setavatele aladele. Kaks sisekeermet, \u00fcks 38mm gallonniitide jaoks ja teine 28mm quartniitide jaoks. Sobib enamusele galloni ja kvartsi mahutitele.","breadcrumb":{"@id":"https:\/\/ibc.ee\/et\/toode\/flex-o-tila-painduv\/#breadcrumb"},"inLanguage":"et","potentialAction":[{"@type":"ReadAction","target":["https:\/\/ibc.ee\/et\/toode\/flex-o-tila-painduv\/"]}]},{"@type":"ImageObject","inLanguage":"et","@id":"https:\/\/ibc.ee\/et\/toode\/flex-o-tila-painduv\/#primaryimage","url":"https:\/\/ibc.ee\/wp-content\/uploads\/2021\/02\/Flex-O-tila-painduv.jpg","contentUrl":"https:\/\/ibc.ee\/wp-content\/uploads\/2021\/02\/Flex-O-tila-painduv.jpg","width":1000,"height":1000,"caption":"Flex-O-tila painduv"},{"@type":"BreadcrumbList","@id":"https:\/\/ibc.ee\/et\/toode\/flex-o-tila-painduv\/#breadcrumb","itemListElement":[{"@type":"ListItem","position":1,"name":"\u0413\u043b\u0430\u0432\u043d\u0430\u044f \u0441\u0442\u0440\u0430\u043d\u0438\u0446\u0430","item":"https:\/\/ibc.ee\/et\/"},{"@type":"ListItem","position":2,"name":"Pood","item":"https:\/\/ibc.ee\/et\/shop\/"},{"@type":"ListItem","position":3,"name":"Flex-O-tila painduv"}]},{"@type":"WebSite","@id":"https:\/\/www.ibc.ee\/et\/#website","url":"https:\/\/www.ibc.ee\/et\/","name":"IBC konteineri m&uuml;&uuml;k, vaadid, kraanid, mahutid","description":"IBC - Tank container valve, Adapters\\fittings, Intermediate bulk, container, Drums\/cans","potentialAction":[{"@type":"SearchAction","target":{"@type":"EntryPoint","urlTemplate":"https:\/\/www.ibc.ee\/et\/?s={search_term_string}"},"query-input":{"@type":"PropertyValueSpecification","valueRequired":true,"valueName":"search_term_string"}}],"inLanguage":"et"}]}},"_links":{"self":[{"href":"https:\/\/ibc.ee\/et\/wp-json\/wp\/v2\/product\/20405","targetHints":{"allow":["GET"]}}],"collection":[{"href":"https:\/\/ibc.ee\/et\/wp-json\/wp\/v2\/product"}],"about":[{"href":"https:\/\/ibc.ee\/et\/wp-json\/wp\/v2\/types\/product"}],"wp:featuredmedia":[{"embeddable":true,"href":"https:\/\/ibc.ee\/et\/wp-json\/wp\/v2\/media\/20411"}],"wp:attachment":[{"href":"https:\/\/ibc.ee\/et\/wp-json\/wp\/v2\/media?parent=20405"}],"wp:term":[{"taxonomy":"product_brand","embeddable":true,"href":"https:\/\/ibc.ee\/et\/wp-json\/wp\/v2\/product_brand?post=20405"},{"taxonomy":"product_cat","embeddable":true,"href":"https:\/\/ibc.ee\/et\/wp-json\/wp\/v2\/product_cat?post=20405"},{"taxonomy":"product_tag","embeddable":true,"href":"https:\/\/ibc.ee\/et\/wp-json\/wp\/v2\/product_tag?post=20405"}],"curies":[{"name":"wp","href":"https:\/\/api.w.org\/{rel}","templated":true}]}}