{"id":20427,"date":"2021-02-21T18:09:00","date_gmt":"2021-02-21T16:09:01","guid":{"rendered":"https:\/\/www.ibc.ee\/?post_type=product&#038;p=20427"},"modified":"2021-02-21T18:16:08","modified_gmt":"2021-02-21T16:16:08","slug":"sifoonpump-16-18-l-min","status":"publish","type":"product","link":"https:\/\/ibc.ee\/et\/toode\/sifoonpump-16-18-l-min\/","title":{"rendered":"Sifoonpump 16-18 l\/min"},"content":{"rendered":"<p>Sifoonpump 16-18 l\/min<\/p>\n<p> Tehnilised andmed: <br \/>\nArt nr: DP-25 \/ GT129 <br \/>\nMaterjalid: PE \/ pol\u00fcet\u00fcleen <br \/>\nIsep\u00f5hine: jah <br \/>\nSisse- \/ v\u00e4ljalaskeava diameeter: 25\/25 mm <br \/>\nVaakum: 850mm <br \/>\nT\u00f5ste: 1200mm <br \/>\nMahutavus: 16-18 l \/ min <br \/>\nKasutamine: kemikaalid, naftap\u00f5hised vedelikud, vesi <\/p>\n","protected":false},"excerpt":{"rendered":"<p>Sifoonpump 16-18 l\/min Tehnilised andmed: Art nr: DP-25 \/ GT129 Materjalid: PE \/ pol\u00fcet\u00fcleen Isep\u00f5hine: jah Sisse- \/ v\u00e4ljalaskeava diameeter: 25\/25 mm Vaakum: 850mm T\u00f5ste: 1200mm Mahutavus: 16-18 l \/ min Kasutamine: kemikaalid, naftap\u00f5hised vedelikud, vesi<\/p>\n","protected":false},"featured_media":20433,"template":"","meta":[],"product_brand":[],"product_cat":[179],"product_tag":[],"class_list":{"0":"post-20427","1":"product","2":"type-product","3":"status-publish","4":"has-post-thumbnail","6":"product_cat-vaadid-kanistrid","7":"product_shipping_class-acessories-et","9":"first","10":"onbackorder","11":"taxable","12":"shipping-taxable","13":"purchasable","14":"product-type-simple"},"yoast_head":"<!-- This site is optimized with the Yoast SEO plugin v26.9 - https:\/\/yoast.com\/product\/yoast-seo-wordpress\/ -->\n<title>Sifoonpump 16-18 l\/min -<\/title>\n<meta name=\"description\" content=\"Sifoonpump 16-18 l\/min. Mahutavus: 16-18 l \/ min. Kasutamine: kemikaalid, naftap\u00f5hised vedelikud, vesi\" \/>\n<meta name=\"robots\" content=\"index, follow, max-snippet:-1, max-image-preview:large, max-video-preview:-1\" \/>\n<link rel=\"canonical\" href=\"https:\/\/ibc.ee\/et\/toode\/sifoonpump-16-18-l-min\/\" \/>\n<meta property=\"og:locale\" content=\"et_EE\" \/>\n<meta property=\"og:type\" content=\"article\" \/>\n<meta property=\"og:title\" content=\"Sifoonpump 16-18 l\/min -\" \/>\n<meta property=\"og:description\" content=\"Sifoonpump 16-18 l\/min. Mahutavus: 16-18 l \/ min. Kasutamine: kemikaalid, naftap\u00f5hised vedelikud, vesi\" \/>\n<meta property=\"og:url\" content=\"https:\/\/ibc.ee\/et\/toode\/sifoonpump-16-18-l-min\/\" \/>\n<meta property=\"og:site_name\" content=\"IBC konteineri m&uuml;&uuml;k, vaadid, kraanid, mahutid\" \/>\n<meta property=\"article:modified_time\" content=\"2021-02-21T16:16:08+00:00\" \/>\n<meta property=\"og:image\" content=\"https:\/\/ibc.ee\/wp-content\/uploads\/2021\/02\/Sifoonpump-16-18-l-min.jpg\" \/>\n\t<meta property=\"og:image:width\" content=\"1000\" \/>\n\t<meta property=\"og:image:height\" content=\"1000\" \/>\n\t<meta property=\"og:image:type\" content=\"image\/jpeg\" \/>\n<meta name=\"twitter:card\" content=\"summary_large_image\" \/>\n<script type=\"application\/ld+json\" class=\"yoast-schema-graph\">{\"@context\":\"https:\/\/schema.org\",\"@graph\":[{\"@type\":\"WebPage\",\"@id\":\"https:\/\/ibc.ee\/et\/toode\/sifoonpump-16-18-l-min\/\",\"url\":\"https:\/\/ibc.ee\/et\/toode\/sifoonpump-16-18-l-min\/\",\"name\":\"Sifoonpump 16-18 l\/min -\",\"isPartOf\":{\"@id\":\"https:\/\/ibc.ee\/et\/#website\"},\"primaryImageOfPage\":{\"@id\":\"https:\/\/ibc.ee\/et\/toode\/sifoonpump-16-18-l-min\/#primaryimage\"},\"image\":{\"@id\":\"https:\/\/ibc.ee\/et\/toode\/sifoonpump-16-18-l-min\/#primaryimage\"},\"thumbnailUrl\":\"https:\/\/ibc.ee\/wp-content\/uploads\/2021\/02\/Sifoonpump-16-18-l-min.jpg\",\"datePublished\":\"2021-02-21T16:09:01+00:00\",\"dateModified\":\"2021-02-21T16:16:08+00:00\",\"description\":\"Sifoonpump 16-18 l\/min. Mahutavus: 16-18 l \/ min. Kasutamine: kemikaalid, naftap\u00f5hised vedelikud, vesi\",\"breadcrumb\":{\"@id\":\"https:\/\/ibc.ee\/et\/toode\/sifoonpump-16-18-l-min\/#breadcrumb\"},\"inLanguage\":\"et\",\"potentialAction\":[{\"@type\":\"ReadAction\",\"target\":[\"https:\/\/ibc.ee\/et\/toode\/sifoonpump-16-18-l-min\/\"]}]},{\"@type\":\"ImageObject\",\"inLanguage\":\"et\",\"@id\":\"https:\/\/ibc.ee\/et\/toode\/sifoonpump-16-18-l-min\/#primaryimage\",\"url\":\"https:\/\/ibc.ee\/wp-content\/uploads\/2021\/02\/Sifoonpump-16-18-l-min.jpg\",\"contentUrl\":\"https:\/\/ibc.ee\/wp-content\/uploads\/2021\/02\/Sifoonpump-16-18-l-min.jpg\",\"width\":1000,\"height\":1000,\"caption\":\"Sifoonpump 16-18 l\/min\"},{\"@type\":\"BreadcrumbList\",\"@id\":\"https:\/\/ibc.ee\/et\/toode\/sifoonpump-16-18-l-min\/#breadcrumb\",\"itemListElement\":[{\"@type\":\"ListItem\",\"position\":1,\"name\":\"\u0413\u043b\u0430\u0432\u043d\u0430\u044f \u0441\u0442\u0440\u0430\u043d\u0438\u0446\u0430\",\"item\":\"https:\/\/ibc.ee\/et\/\"},{\"@type\":\"ListItem\",\"position\":2,\"name\":\"Pood\",\"item\":\"https:\/\/ibc.ee\/et\/shop\/\"},{\"@type\":\"ListItem\",\"position\":3,\"name\":\"Sifoonpump 16-18 l\/min\"}]},{\"@type\":\"WebSite\",\"@id\":\"https:\/\/ibc.ee\/et\/#website\",\"url\":\"https:\/\/ibc.ee\/et\/\",\"name\":\"IBC konteineri m&uuml;&uuml;k, vaadid, kraanid, mahutid\",\"description\":\"IBC - Tank container valve, Adapters\\\\fittings, Intermediate bulk, container, Drums\/cans\",\"potentialAction\":[{\"@type\":\"SearchAction\",\"target\":{\"@type\":\"EntryPoint\",\"urlTemplate\":\"https:\/\/ibc.ee\/et\/?s={search_term_string}\"},\"query-input\":{\"@type\":\"PropertyValueSpecification\",\"valueRequired\":true,\"valueName\":\"search_term_string\"}}],\"inLanguage\":\"et\"}]}<\/script>\n<!-- \/ Yoast SEO plugin. -->","yoast_head_json":{"title":"Sifoonpump 16-18 l\/min -","description":"Sifoonpump 16-18 l\/min. Mahutavus: 16-18 l \/ min. Kasutamine: kemikaalid, naftap\u00f5hised vedelikud, vesi","robots":{"index":"index","follow":"follow","max-snippet":"max-snippet:-1","max-image-preview":"max-image-preview:large","max-video-preview":"max-video-preview:-1"},"canonical":"https:\/\/ibc.ee\/et\/toode\/sifoonpump-16-18-l-min\/","og_locale":"et_EE","og_type":"article","og_title":"Sifoonpump 16-18 l\/min -","og_description":"Sifoonpump 16-18 l\/min. Mahutavus: 16-18 l \/ min. Kasutamine: kemikaalid, naftap\u00f5hised vedelikud, vesi","og_url":"https:\/\/ibc.ee\/et\/toode\/sifoonpump-16-18-l-min\/","og_site_name":"IBC konteineri m&uuml;&uuml;k, vaadid, kraanid, mahutid","article_modified_time":"2021-02-21T16:16:08+00:00","og_image":[{"width":1000,"height":1000,"url":"https:\/\/ibc.ee\/wp-content\/uploads\/2021\/02\/Sifoonpump-16-18-l-min.jpg","type":"image\/jpeg"}],"twitter_card":"summary_large_image","schema":{"@context":"https:\/\/schema.org","@graph":[{"@type":"WebPage","@id":"https:\/\/ibc.ee\/et\/toode\/sifoonpump-16-18-l-min\/","url":"https:\/\/ibc.ee\/et\/toode\/sifoonpump-16-18-l-min\/","name":"Sifoonpump 16-18 l\/min -","isPartOf":{"@id":"https:\/\/ibc.ee\/et\/#website"},"primaryImageOfPage":{"@id":"https:\/\/ibc.ee\/et\/toode\/sifoonpump-16-18-l-min\/#primaryimage"},"image":{"@id":"https:\/\/ibc.ee\/et\/toode\/sifoonpump-16-18-l-min\/#primaryimage"},"thumbnailUrl":"https:\/\/ibc.ee\/wp-content\/uploads\/2021\/02\/Sifoonpump-16-18-l-min.jpg","datePublished":"2021-02-21T16:09:01+00:00","dateModified":"2021-02-21T16:16:08+00:00","description":"Sifoonpump 16-18 l\/min. Mahutavus: 16-18 l \/ min. Kasutamine: kemikaalid, naftap\u00f5hised vedelikud, vesi","breadcrumb":{"@id":"https:\/\/ibc.ee\/et\/toode\/sifoonpump-16-18-l-min\/#breadcrumb"},"inLanguage":"et","potentialAction":[{"@type":"ReadAction","target":["https:\/\/ibc.ee\/et\/toode\/sifoonpump-16-18-l-min\/"]}]},{"@type":"ImageObject","inLanguage":"et","@id":"https:\/\/ibc.ee\/et\/toode\/sifoonpump-16-18-l-min\/#primaryimage","url":"https:\/\/ibc.ee\/wp-content\/uploads\/2021\/02\/Sifoonpump-16-18-l-min.jpg","contentUrl":"https:\/\/ibc.ee\/wp-content\/uploads\/2021\/02\/Sifoonpump-16-18-l-min.jpg","width":1000,"height":1000,"caption":"Sifoonpump 16-18 l\/min"},{"@type":"BreadcrumbList","@id":"https:\/\/ibc.ee\/et\/toode\/sifoonpump-16-18-l-min\/#breadcrumb","itemListElement":[{"@type":"ListItem","position":1,"name":"\u0413\u043b\u0430\u0432\u043d\u0430\u044f \u0441\u0442\u0440\u0430\u043d\u0438\u0446\u0430","item":"https:\/\/ibc.ee\/et\/"},{"@type":"ListItem","position":2,"name":"Pood","item":"https:\/\/ibc.ee\/et\/shop\/"},{"@type":"ListItem","position":3,"name":"Sifoonpump 16-18 l\/min"}]},{"@type":"WebSite","@id":"https:\/\/ibc.ee\/et\/#website","url":"https:\/\/ibc.ee\/et\/","name":"IBC konteineri m&uuml;&uuml;k, vaadid, kraanid, mahutid","description":"IBC - Tank container valve, Adapters\\fittings, Intermediate bulk, container, Drums\/cans","potentialAction":[{"@type":"SearchAction","target":{"@type":"EntryPoint","urlTemplate":"https:\/\/ibc.ee\/et\/?s={search_term_string}"},"query-input":{"@type":"PropertyValueSpecification","valueRequired":true,"valueName":"search_term_string"}}],"inLanguage":"et"}]}},"_links":{"self":[{"href":"https:\/\/ibc.ee\/et\/wp-json\/wp\/v2\/product\/20427","targetHints":{"allow":["GET"]}}],"collection":[{"href":"https:\/\/ibc.ee\/et\/wp-json\/wp\/v2\/product"}],"about":[{"href":"https:\/\/ibc.ee\/et\/wp-json\/wp\/v2\/types\/product"}],"wp:featuredmedia":[{"embeddable":true,"href":"https:\/\/ibc.ee\/et\/wp-json\/wp\/v2\/media\/20433"}],"wp:attachment":[{"href":"https:\/\/ibc.ee\/et\/wp-json\/wp\/v2\/media?parent=20427"}],"wp:term":[{"taxonomy":"product_brand","embeddable":true,"href":"https:\/\/ibc.ee\/et\/wp-json\/wp\/v2\/product_brand?post=20427"},{"taxonomy":"product_cat","embeddable":true,"href":"https:\/\/ibc.ee\/et\/wp-json\/wp\/v2\/product_cat?post=20427"},{"taxonomy":"product_tag","embeddable":true,"href":"https:\/\/ibc.ee\/et\/wp-json\/wp\/v2\/product_tag?post=20427"}],"curies":[{"name":"wp","href":"https:\/\/api.w.org\/{rel}","templated":true}]}}