{"id":21827,"date":"2024-05-06T20:15:02","date_gmt":"2024-05-06T18:15:03","guid":{"rendered":"https:\/\/ibc.ee\/?post_type=product&#038;p=21827"},"modified":"2025-06-26T17:47:48","modified_gmt":"2025-06-26T15:47:48","slug":"uhp-mahuti-kubaton-transport-sk-400e-400l-copy","status":"publish","type":"product","link":"https:\/\/ibc.ee\/et\/toode\/uhp-mahuti-kubaton-transport-sk-400e-400l-copy\/","title":{"rendered":"UHP mahuti Kubaton Transport SK-500E (500L)"},"content":{"rendered":"<p>Ristk\u00fclikukujuline transpordipaak mahutavusega 500 l. Sobib erinevate vedelike hoidmiseks, sh. vihma- ja joogivesi, diisel, kemikaalid. SKE seeria konteinereid on t\u00e4nu laiale avausele lihtne puhastada.<\/p>\n<p>SKE seeria paagid on virnastatavad, mist\u00f5ttu on neid lihtne hoida. Paagi vastupidavuse tagavad tugevdatud seinad (paksemad kui teistel horisontaalpaakidel) ja toote kuju.<\/p>\n<p>See ristk\u00fclikukujuline konteiner, millel on teiste seeriatega v\u00f5rreldes tihedam kaas ja mis on m\u00f5eldud vedelike transportimiseks. Vedeliku lekke v\u00e4ltimiseks peaks mahuti tegelik t\u00e4itmismaht olema 5% v\u00e4iksem selle nimimahust.<\/p>\n<p>T\u00e4helepanu! Vaikimisi pole \u00fclemist keermestatud auku. Paigaldamine on v\u00f5imalik kliendi soovil (alguses olekus on plastikuga suletud).<\/p>\n<p>Paagil on Poola h\u00fcgieenisertifikaat PZH, mis v\u00f5imaldab hoida joogivett.<\/p>\n","protected":false},"excerpt":{"rendered":"<p><strong>Funktsioonid<\/strong><br \/>\nMahutavus: 500 l<br \/>\nPikkus: 157 cm<br \/>\nLaius: 66 cm<br \/>\nK\u00f5rgus: 61 cm<br \/>\nKaane l\u00e4bim\u00f5\u00f5t: 35 cm<br \/>\nSeina paksus: 5 mm<br \/>\n\u00dchenduskeere: 3\/4 tolli.<\/p>\n<p><strong>Materjal<\/strong><br \/>\n&#8211; Kvaliteetne pol\u00fcet\u00fcleen<br \/>\n&#8211; V\u00e4ga k\u00f5rge vastupidavus<br \/>\n&#8211; Vastupidav kriitilistele temperatuuridele (-40\u00b0\u0421 kuni +60\u00b0\u0421)<br \/>\n&#8211; Sobib toiduainete s\u00e4ilitamiseks<br \/>\n&#8211; UV-kindel<\/p>\n","protected":false},"featured_media":21833,"template":"","meta":[],"product_brand":[],"product_cat":[422],"product_tag":[],"class_list":{"0":"post-21827","1":"product","2":"type-product","3":"status-publish","4":"has-post-thumbnail","6":"product_cat-uhp-mahutid","7":"product_shipping_class-containers-et","9":"first","10":"instock","11":"taxable","12":"shipping-taxable","13":"purchasable","14":"product-type-simple"},"yoast_head":"<!-- This site is optimized with the Yoast SEO plugin v26.9 - https:\/\/yoast.com\/product\/yoast-seo-wordpress\/ -->\n<title>UHP mahuti Kubaton Transport SK-500E (500L) - IBC konteineri m&uuml;&uuml;k, vaadid, kraanid, mahutid<\/title>\n<meta name=\"description\" content=\"Ristk\u00fclikukujuline transpordipaak mahutavusega 500 l. Sobib erinevate vedelike hoidmiseks, sh. vihma- ja joogivesi, diisel, kemikaalid.\" \/>\n<meta name=\"robots\" content=\"index, follow, max-snippet:-1, max-image-preview:large, max-video-preview:-1\" \/>\n<link rel=\"canonical\" href=\"https:\/\/ibc.ee\/et\/toode\/uhp-mahuti-kubaton-transport-sk-400e-400l-copy\/\" \/>\n<meta property=\"og:locale\" content=\"et_EE\" \/>\n<meta property=\"og:type\" content=\"article\" \/>\n<meta property=\"og:title\" content=\"UHP mahuti Kubaton Transport SK-500E (500L) - IBC konteineri m&uuml;&uuml;k, vaadid, kraanid, mahutid\" \/>\n<meta property=\"og:description\" content=\"Ristk\u00fclikukujuline transpordipaak mahutavusega 500 l. Sobib erinevate vedelike hoidmiseks, sh. vihma- ja joogivesi, diisel, kemikaalid.\" \/>\n<meta property=\"og:url\" content=\"https:\/\/ibc.ee\/et\/toode\/uhp-mahuti-kubaton-transport-sk-400e-400l-copy\/\" \/>\n<meta property=\"og:site_name\" content=\"IBC konteineri m&uuml;&uuml;k, vaadid, kraanid, mahutid\" \/>\n<meta property=\"article:modified_time\" content=\"2025-06-26T15:47:48+00:00\" \/>\n<meta property=\"og:image\" content=\"https:\/\/ibc.ee\/wp-content\/uploads\/2024\/05\/UHP_Kubaton_Transport_SK_500E.jpg\" \/>\n\t<meta property=\"og:image:width\" content=\"1000\" \/>\n\t<meta property=\"og:image:height\" content=\"1000\" \/>\n\t<meta property=\"og:image:type\" content=\"image\/jpeg\" \/>\n<meta name=\"twitter:card\" content=\"summary_large_image\" \/>\n<meta name=\"twitter:label1\" content=\"Est. reading time\" \/>\n\t<meta name=\"twitter:data1\" content=\"1 minut\" \/>\n<script type=\"application\/ld+json\" class=\"yoast-schema-graph\">{\"@context\":\"https:\/\/schema.org\",\"@graph\":[{\"@type\":\"WebPage\",\"@id\":\"https:\/\/ibc.ee\/et\/toode\/uhp-mahuti-kubaton-transport-sk-400e-400l-copy\/\",\"url\":\"https:\/\/ibc.ee\/et\/toode\/uhp-mahuti-kubaton-transport-sk-400e-400l-copy\/\",\"name\":\"UHP mahuti Kubaton Transport SK-500E (500L) - IBC konteineri m&uuml;&uuml;k, vaadid, kraanid, mahutid\",\"isPartOf\":{\"@id\":\"https:\/\/ibc.ee\/et\/#website\"},\"primaryImageOfPage\":{\"@id\":\"https:\/\/ibc.ee\/et\/toode\/uhp-mahuti-kubaton-transport-sk-400e-400l-copy\/#primaryimage\"},\"image\":{\"@id\":\"https:\/\/ibc.ee\/et\/toode\/uhp-mahuti-kubaton-transport-sk-400e-400l-copy\/#primaryimage\"},\"thumbnailUrl\":\"https:\/\/ibc.ee\/wp-content\/uploads\/2024\/05\/UHP_Kubaton_Transport_SK_500E.jpg\",\"datePublished\":\"2024-05-06T18:15:03+00:00\",\"dateModified\":\"2025-06-26T15:47:48+00:00\",\"description\":\"Ristk\u00fclikukujuline transpordipaak mahutavusega 500 l. Sobib erinevate vedelike hoidmiseks, sh. vihma- ja joogivesi, diisel, kemikaalid.\",\"breadcrumb\":{\"@id\":\"https:\/\/ibc.ee\/et\/toode\/uhp-mahuti-kubaton-transport-sk-400e-400l-copy\/#breadcrumb\"},\"inLanguage\":\"et\",\"potentialAction\":[{\"@type\":\"ReadAction\",\"target\":[\"https:\/\/ibc.ee\/et\/toode\/uhp-mahuti-kubaton-transport-sk-400e-400l-copy\/\"]}]},{\"@type\":\"ImageObject\",\"inLanguage\":\"et\",\"@id\":\"https:\/\/ibc.ee\/et\/toode\/uhp-mahuti-kubaton-transport-sk-400e-400l-copy\/#primaryimage\",\"url\":\"https:\/\/ibc.ee\/wp-content\/uploads\/2024\/05\/UHP_Kubaton_Transport_SK_500E.jpg\",\"contentUrl\":\"https:\/\/ibc.ee\/wp-content\/uploads\/2024\/05\/UHP_Kubaton_Transport_SK_500E.jpg\",\"width\":1000,\"height\":1000,\"caption\":\"UHP mahuti Kubaton Transport SK-500E (500L)\"},{\"@type\":\"BreadcrumbList\",\"@id\":\"https:\/\/ibc.ee\/et\/toode\/uhp-mahuti-kubaton-transport-sk-400e-400l-copy\/#breadcrumb\",\"itemListElement\":[{\"@type\":\"ListItem\",\"position\":1,\"name\":\"\u0413\u043b\u0430\u0432\u043d\u0430\u044f \u0441\u0442\u0440\u0430\u043d\u0438\u0446\u0430\",\"item\":\"https:\/\/ibc.ee\/et\/\"},{\"@type\":\"ListItem\",\"position\":2,\"name\":\"Pood\",\"item\":\"https:\/\/ibc.ee\/et\/shop\/\"},{\"@type\":\"ListItem\",\"position\":3,\"name\":\"UHP mahuti Kubaton Transport SK-500E (500L)\"}]},{\"@type\":\"WebSite\",\"@id\":\"https:\/\/ibc.ee\/et\/#website\",\"url\":\"https:\/\/ibc.ee\/et\/\",\"name\":\"IBC konteineri m&uuml;&uuml;k, vaadid, kraanid, mahutid\",\"description\":\"IBC - Tank container valve, Adapters\\\\fittings, Intermediate bulk, container, Drums\/cans\",\"potentialAction\":[{\"@type\":\"SearchAction\",\"target\":{\"@type\":\"EntryPoint\",\"urlTemplate\":\"https:\/\/ibc.ee\/et\/?s={search_term_string}\"},\"query-input\":{\"@type\":\"PropertyValueSpecification\",\"valueRequired\":true,\"valueName\":\"search_term_string\"}}],\"inLanguage\":\"et\"}]}<\/script>\n<!-- \/ Yoast SEO plugin. -->","yoast_head_json":{"title":"UHP mahuti Kubaton Transport SK-500E (500L) - IBC konteineri m&uuml;&uuml;k, vaadid, kraanid, mahutid","description":"Ristk\u00fclikukujuline transpordipaak mahutavusega 500 l. Sobib erinevate vedelike hoidmiseks, sh. vihma- ja joogivesi, diisel, kemikaalid.","robots":{"index":"index","follow":"follow","max-snippet":"max-snippet:-1","max-image-preview":"max-image-preview:large","max-video-preview":"max-video-preview:-1"},"canonical":"https:\/\/ibc.ee\/et\/toode\/uhp-mahuti-kubaton-transport-sk-400e-400l-copy\/","og_locale":"et_EE","og_type":"article","og_title":"UHP mahuti Kubaton Transport SK-500E (500L) - IBC konteineri m&uuml;&uuml;k, vaadid, kraanid, mahutid","og_description":"Ristk\u00fclikukujuline transpordipaak mahutavusega 500 l. Sobib erinevate vedelike hoidmiseks, sh. vihma- ja joogivesi, diisel, kemikaalid.","og_url":"https:\/\/ibc.ee\/et\/toode\/uhp-mahuti-kubaton-transport-sk-400e-400l-copy\/","og_site_name":"IBC konteineri m&uuml;&uuml;k, vaadid, kraanid, mahutid","article_modified_time":"2025-06-26T15:47:48+00:00","og_image":[{"width":1000,"height":1000,"url":"https:\/\/ibc.ee\/wp-content\/uploads\/2024\/05\/UHP_Kubaton_Transport_SK_500E.jpg","type":"image\/jpeg"}],"twitter_card":"summary_large_image","twitter_misc":{"Est. reading time":"1 minut"},"schema":{"@context":"https:\/\/schema.org","@graph":[{"@type":"WebPage","@id":"https:\/\/ibc.ee\/et\/toode\/uhp-mahuti-kubaton-transport-sk-400e-400l-copy\/","url":"https:\/\/ibc.ee\/et\/toode\/uhp-mahuti-kubaton-transport-sk-400e-400l-copy\/","name":"UHP mahuti Kubaton Transport SK-500E (500L) - IBC konteineri m&uuml;&uuml;k, vaadid, kraanid, mahutid","isPartOf":{"@id":"https:\/\/ibc.ee\/et\/#website"},"primaryImageOfPage":{"@id":"https:\/\/ibc.ee\/et\/toode\/uhp-mahuti-kubaton-transport-sk-400e-400l-copy\/#primaryimage"},"image":{"@id":"https:\/\/ibc.ee\/et\/toode\/uhp-mahuti-kubaton-transport-sk-400e-400l-copy\/#primaryimage"},"thumbnailUrl":"https:\/\/ibc.ee\/wp-content\/uploads\/2024\/05\/UHP_Kubaton_Transport_SK_500E.jpg","datePublished":"2024-05-06T18:15:03+00:00","dateModified":"2025-06-26T15:47:48+00:00","description":"Ristk\u00fclikukujuline transpordipaak mahutavusega 500 l. Sobib erinevate vedelike hoidmiseks, sh. vihma- ja joogivesi, diisel, kemikaalid.","breadcrumb":{"@id":"https:\/\/ibc.ee\/et\/toode\/uhp-mahuti-kubaton-transport-sk-400e-400l-copy\/#breadcrumb"},"inLanguage":"et","potentialAction":[{"@type":"ReadAction","target":["https:\/\/ibc.ee\/et\/toode\/uhp-mahuti-kubaton-transport-sk-400e-400l-copy\/"]}]},{"@type":"ImageObject","inLanguage":"et","@id":"https:\/\/ibc.ee\/et\/toode\/uhp-mahuti-kubaton-transport-sk-400e-400l-copy\/#primaryimage","url":"https:\/\/ibc.ee\/wp-content\/uploads\/2024\/05\/UHP_Kubaton_Transport_SK_500E.jpg","contentUrl":"https:\/\/ibc.ee\/wp-content\/uploads\/2024\/05\/UHP_Kubaton_Transport_SK_500E.jpg","width":1000,"height":1000,"caption":"UHP mahuti Kubaton Transport SK-500E (500L)"},{"@type":"BreadcrumbList","@id":"https:\/\/ibc.ee\/et\/toode\/uhp-mahuti-kubaton-transport-sk-400e-400l-copy\/#breadcrumb","itemListElement":[{"@type":"ListItem","position":1,"name":"\u0413\u043b\u0430\u0432\u043d\u0430\u044f \u0441\u0442\u0440\u0430\u043d\u0438\u0446\u0430","item":"https:\/\/ibc.ee\/et\/"},{"@type":"ListItem","position":2,"name":"Pood","item":"https:\/\/ibc.ee\/et\/shop\/"},{"@type":"ListItem","position":3,"name":"UHP mahuti Kubaton Transport SK-500E (500L)"}]},{"@type":"WebSite","@id":"https:\/\/ibc.ee\/et\/#website","url":"https:\/\/ibc.ee\/et\/","name":"IBC konteineri m&uuml;&uuml;k, vaadid, kraanid, mahutid","description":"IBC - Tank container valve, Adapters\\fittings, Intermediate bulk, container, Drums\/cans","potentialAction":[{"@type":"SearchAction","target":{"@type":"EntryPoint","urlTemplate":"https:\/\/ibc.ee\/et\/?s={search_term_string}"},"query-input":{"@type":"PropertyValueSpecification","valueRequired":true,"valueName":"search_term_string"}}],"inLanguage":"et"}]}},"_links":{"self":[{"href":"https:\/\/ibc.ee\/et\/wp-json\/wp\/v2\/product\/21827","targetHints":{"allow":["GET"]}}],"collection":[{"href":"https:\/\/ibc.ee\/et\/wp-json\/wp\/v2\/product"}],"about":[{"href":"https:\/\/ibc.ee\/et\/wp-json\/wp\/v2\/types\/product"}],"wp:featuredmedia":[{"embeddable":true,"href":"https:\/\/ibc.ee\/et\/wp-json\/wp\/v2\/media\/21833"}],"wp:attachment":[{"href":"https:\/\/ibc.ee\/et\/wp-json\/wp\/v2\/media?parent=21827"}],"wp:term":[{"taxonomy":"product_brand","embeddable":true,"href":"https:\/\/ibc.ee\/et\/wp-json\/wp\/v2\/product_brand?post=21827"},{"taxonomy":"product_cat","embeddable":true,"href":"https:\/\/ibc.ee\/et\/wp-json\/wp\/v2\/product_cat?post=21827"},{"taxonomy":"product_tag","embeddable":true,"href":"https:\/\/ibc.ee\/et\/wp-json\/wp\/v2\/product_tag?post=21827"}],"curies":[{"name":"wp","href":"https:\/\/api.w.org\/{rel}","templated":true}]}}