{"id":22108,"date":"2024-05-08T17:17:33","date_gmt":"2024-05-08T15:17:33","guid":{"rendered":"https:\/\/ibc.ee\/?post_type=product&#038;p=22108"},"modified":"2025-06-26T18:24:32","modified_gmt":"2025-06-26T16:24:32","slug":"uhp-mahuti-salton-c-125-125l-copy","status":"publish","type":"product","link":"https:\/\/ibc.ee\/et\/toode\/uhp-mahuti-salton-c-125-125l-copy\/","title":{"rendered":"UHP mahuti Verticon Chemo Transport V-60 (60L)"},"content":{"rendered":"<p>Vertikaalne pol\u00fcet\u00fcleenpaak V-60 on vastupidav paak, mille maht on 60 liitrit, k\u00f5rgus 66,3 cm ja l\u00e4bim\u00f5\u00f5t 36,3 cm. Sobib erinevate vedelike hoidmiseks, sh. vihma- ja joogivesi, diisel, kemikaalid. Neid paake saab kasutada mitte ainult joogivee jaoks, vaid ka muude vedelate ainete jaoks, mida ei saa metallmahutites hoida. Veelgi enam, need paagid on oma kerguse, paindlikkuse ja t\u00f6\u00f6kindluse poolest paremad kui metallkonteinerid.<\/p>\n<p>Paagil on Poola h\u00fcgieenisertifikaat PZH, mis v\u00f5imaldab hoida joogivett.<\/p>\n","protected":false},"excerpt":{"rendered":"<p><strong>Funktsioonid<\/strong><br \/>\nMahutavus: 60 l<br \/>\nK\u00f5rgus: 66,3 cm<br \/>\nL\u00e4bim\u00f5\u00f5t: 36,3 cm.<br \/>\nPikkus \u0433\u043e\u0440l\u043e\u0432\u0438\u043d\u044b: 11 cm.<br \/>\nSeina paksus: 3,5 mm<br \/>\n\u00dchendusniit: &#8211;<\/p>\n<p><strong>Materjal<\/strong><br \/>\n&#8211; Kvaliteetne pol\u00fcet\u00fcleen<br \/>\n&#8211; V\u00e4ga k\u00f5rge vastupidavus<br \/>\n&#8211; Vastupidav kriitilistele temperatuuridele (-40\u00b0\u0421 kuni +60\u00b0\u0421)<br \/>\n&#8211; Sobib toiduainete s\u00e4ilitamiseks<br \/>\n&#8211; UV-kindel<\/p>\n","protected":false},"featured_media":22114,"template":"","meta":[],"product_brand":[],"product_cat":[422],"product_tag":[],"class_list":{"0":"post-22108","1":"product","2":"type-product","3":"status-publish","4":"has-post-thumbnail","6":"product_cat-uhp-mahutid","7":"product_shipping_class-containers-et","9":"first","10":"instock","11":"taxable","12":"shipping-taxable","13":"purchasable","14":"product-type-simple"},"yoast_head":"<!-- This site is optimized with the Yoast SEO plugin v26.9 - https:\/\/yoast.com\/product\/yoast-seo-wordpress\/ -->\n<title>UHP mahuti Verticon Chemo Transport V-60 (60L) - IBC konteineri m&uuml;&uuml;k, vaadid, kraanid, mahutid<\/title>\n<meta name=\"description\" content=\"Vertikaalne pol\u00fcet\u00fcleenpaak V-60 on vastupidav paak, mille maht on 60 liitrit, k\u00f5rgus 66,3 cm ja l\u00e4bim\u00f5\u00f5t 36,3 cm.\" \/>\n<meta name=\"robots\" content=\"index, follow, max-snippet:-1, max-image-preview:large, max-video-preview:-1\" \/>\n<link rel=\"canonical\" href=\"https:\/\/ibc.ee\/et\/toode\/uhp-mahuti-salton-c-125-125l-copy\/\" \/>\n<meta property=\"og:locale\" content=\"et_EE\" \/>\n<meta property=\"og:type\" content=\"article\" \/>\n<meta property=\"og:title\" content=\"UHP mahuti Verticon Chemo Transport V-60 (60L) - IBC konteineri m&uuml;&uuml;k, vaadid, kraanid, mahutid\" \/>\n<meta property=\"og:description\" content=\"Vertikaalne pol\u00fcet\u00fcleenpaak V-60 on vastupidav paak, mille maht on 60 liitrit, k\u00f5rgus 66,3 cm ja l\u00e4bim\u00f5\u00f5t 36,3 cm.\" \/>\n<meta property=\"og:url\" content=\"https:\/\/ibc.ee\/et\/toode\/uhp-mahuti-salton-c-125-125l-copy\/\" \/>\n<meta property=\"og:site_name\" content=\"IBC konteineri m&uuml;&uuml;k, vaadid, kraanid, mahutid\" \/>\n<meta property=\"article:modified_time\" content=\"2025-06-26T16:24:32+00:00\" \/>\n<meta property=\"og:image\" content=\"https:\/\/ibc.ee\/wp-content\/uploads\/2024\/05\/UHP-VERTICON-CHEMO-TRANSPORT-V-60.jpg\" \/>\n\t<meta property=\"og:image:width\" content=\"1000\" \/>\n\t<meta property=\"og:image:height\" content=\"1000\" \/>\n\t<meta property=\"og:image:type\" content=\"image\/jpeg\" \/>\n<meta name=\"twitter:card\" content=\"summary_large_image\" \/>\n<meta name=\"twitter:label1\" content=\"Est. reading time\" \/>\n\t<meta name=\"twitter:data1\" content=\"1 minut\" \/>\n<script type=\"application\/ld+json\" class=\"yoast-schema-graph\">{\"@context\":\"https:\/\/schema.org\",\"@graph\":[{\"@type\":\"WebPage\",\"@id\":\"https:\/\/ibc.ee\/et\/toode\/uhp-mahuti-salton-c-125-125l-copy\/\",\"url\":\"https:\/\/ibc.ee\/et\/toode\/uhp-mahuti-salton-c-125-125l-copy\/\",\"name\":\"UHP mahuti Verticon Chemo Transport V-60 (60L) - IBC konteineri m&uuml;&uuml;k, vaadid, kraanid, mahutid\",\"isPartOf\":{\"@id\":\"https:\/\/www.ibc.ee\/et\/#website\"},\"primaryImageOfPage\":{\"@id\":\"https:\/\/ibc.ee\/et\/toode\/uhp-mahuti-salton-c-125-125l-copy\/#primaryimage\"},\"image\":{\"@id\":\"https:\/\/ibc.ee\/et\/toode\/uhp-mahuti-salton-c-125-125l-copy\/#primaryimage\"},\"thumbnailUrl\":\"https:\/\/ibc.ee\/wp-content\/uploads\/2024\/05\/UHP-VERTICON-CHEMO-TRANSPORT-V-60.jpg\",\"datePublished\":\"2024-05-08T15:17:33+00:00\",\"dateModified\":\"2025-06-26T16:24:32+00:00\",\"description\":\"Vertikaalne pol\u00fcet\u00fcleenpaak V-60 on vastupidav paak, mille maht on 60 liitrit, k\u00f5rgus 66,3 cm ja l\u00e4bim\u00f5\u00f5t 36,3 cm.\",\"breadcrumb\":{\"@id\":\"https:\/\/ibc.ee\/et\/toode\/uhp-mahuti-salton-c-125-125l-copy\/#breadcrumb\"},\"inLanguage\":\"et\",\"potentialAction\":[{\"@type\":\"ReadAction\",\"target\":[\"https:\/\/ibc.ee\/et\/toode\/uhp-mahuti-salton-c-125-125l-copy\/\"]}]},{\"@type\":\"ImageObject\",\"inLanguage\":\"et\",\"@id\":\"https:\/\/ibc.ee\/et\/toode\/uhp-mahuti-salton-c-125-125l-copy\/#primaryimage\",\"url\":\"https:\/\/ibc.ee\/wp-content\/uploads\/2024\/05\/UHP-VERTICON-CHEMO-TRANSPORT-V-60.jpg\",\"contentUrl\":\"https:\/\/ibc.ee\/wp-content\/uploads\/2024\/05\/UHP-VERTICON-CHEMO-TRANSPORT-V-60.jpg\",\"width\":1000,\"height\":1000,\"caption\":\"UHP mahuti Verticon Chemo Transport V-60 (60L)\"},{\"@type\":\"BreadcrumbList\",\"@id\":\"https:\/\/ibc.ee\/et\/toode\/uhp-mahuti-salton-c-125-125l-copy\/#breadcrumb\",\"itemListElement\":[{\"@type\":\"ListItem\",\"position\":1,\"name\":\"\u0413\u043b\u0430\u0432\u043d\u0430\u044f \u0441\u0442\u0440\u0430\u043d\u0438\u0446\u0430\",\"item\":\"https:\/\/ibc.ee\/et\/\"},{\"@type\":\"ListItem\",\"position\":2,\"name\":\"Pood\",\"item\":\"https:\/\/ibc.ee\/et\/shop\/\"},{\"@type\":\"ListItem\",\"position\":3,\"name\":\"UHP mahuti Verticon Chemo Transport V-60 (60L)\"}]},{\"@type\":\"WebSite\",\"@id\":\"https:\/\/www.ibc.ee\/et\/#website\",\"url\":\"https:\/\/www.ibc.ee\/et\/\",\"name\":\"IBC konteineri m&uuml;&uuml;k, vaadid, kraanid, mahutid\",\"description\":\"IBC - Tank container valve, Adapters\\\\fittings, Intermediate bulk, container, Drums\/cans\",\"potentialAction\":[{\"@type\":\"SearchAction\",\"target\":{\"@type\":\"EntryPoint\",\"urlTemplate\":\"https:\/\/www.ibc.ee\/et\/?s={search_term_string}\"},\"query-input\":{\"@type\":\"PropertyValueSpecification\",\"valueRequired\":true,\"valueName\":\"search_term_string\"}}],\"inLanguage\":\"et\"}]}<\/script>\n<!-- \/ Yoast SEO plugin. -->","yoast_head_json":{"title":"UHP mahuti Verticon Chemo Transport V-60 (60L) - IBC konteineri m&uuml;&uuml;k, vaadid, kraanid, mahutid","description":"Vertikaalne pol\u00fcet\u00fcleenpaak V-60 on vastupidav paak, mille maht on 60 liitrit, k\u00f5rgus 66,3 cm ja l\u00e4bim\u00f5\u00f5t 36,3 cm.","robots":{"index":"index","follow":"follow","max-snippet":"max-snippet:-1","max-image-preview":"max-image-preview:large","max-video-preview":"max-video-preview:-1"},"canonical":"https:\/\/ibc.ee\/et\/toode\/uhp-mahuti-salton-c-125-125l-copy\/","og_locale":"et_EE","og_type":"article","og_title":"UHP mahuti Verticon Chemo Transport V-60 (60L) - IBC konteineri m&uuml;&uuml;k, vaadid, kraanid, mahutid","og_description":"Vertikaalne pol\u00fcet\u00fcleenpaak V-60 on vastupidav paak, mille maht on 60 liitrit, k\u00f5rgus 66,3 cm ja l\u00e4bim\u00f5\u00f5t 36,3 cm.","og_url":"https:\/\/ibc.ee\/et\/toode\/uhp-mahuti-salton-c-125-125l-copy\/","og_site_name":"IBC konteineri m&uuml;&uuml;k, vaadid, kraanid, mahutid","article_modified_time":"2025-06-26T16:24:32+00:00","og_image":[{"width":1000,"height":1000,"url":"https:\/\/ibc.ee\/wp-content\/uploads\/2024\/05\/UHP-VERTICON-CHEMO-TRANSPORT-V-60.jpg","type":"image\/jpeg"}],"twitter_card":"summary_large_image","twitter_misc":{"Est. reading time":"1 minut"},"schema":{"@context":"https:\/\/schema.org","@graph":[{"@type":"WebPage","@id":"https:\/\/ibc.ee\/et\/toode\/uhp-mahuti-salton-c-125-125l-copy\/","url":"https:\/\/ibc.ee\/et\/toode\/uhp-mahuti-salton-c-125-125l-copy\/","name":"UHP mahuti Verticon Chemo Transport V-60 (60L) - IBC konteineri m&uuml;&uuml;k, vaadid, kraanid, mahutid","isPartOf":{"@id":"https:\/\/www.ibc.ee\/et\/#website"},"primaryImageOfPage":{"@id":"https:\/\/ibc.ee\/et\/toode\/uhp-mahuti-salton-c-125-125l-copy\/#primaryimage"},"image":{"@id":"https:\/\/ibc.ee\/et\/toode\/uhp-mahuti-salton-c-125-125l-copy\/#primaryimage"},"thumbnailUrl":"https:\/\/ibc.ee\/wp-content\/uploads\/2024\/05\/UHP-VERTICON-CHEMO-TRANSPORT-V-60.jpg","datePublished":"2024-05-08T15:17:33+00:00","dateModified":"2025-06-26T16:24:32+00:00","description":"Vertikaalne pol\u00fcet\u00fcleenpaak V-60 on vastupidav paak, mille maht on 60 liitrit, k\u00f5rgus 66,3 cm ja l\u00e4bim\u00f5\u00f5t 36,3 cm.","breadcrumb":{"@id":"https:\/\/ibc.ee\/et\/toode\/uhp-mahuti-salton-c-125-125l-copy\/#breadcrumb"},"inLanguage":"et","potentialAction":[{"@type":"ReadAction","target":["https:\/\/ibc.ee\/et\/toode\/uhp-mahuti-salton-c-125-125l-copy\/"]}]},{"@type":"ImageObject","inLanguage":"et","@id":"https:\/\/ibc.ee\/et\/toode\/uhp-mahuti-salton-c-125-125l-copy\/#primaryimage","url":"https:\/\/ibc.ee\/wp-content\/uploads\/2024\/05\/UHP-VERTICON-CHEMO-TRANSPORT-V-60.jpg","contentUrl":"https:\/\/ibc.ee\/wp-content\/uploads\/2024\/05\/UHP-VERTICON-CHEMO-TRANSPORT-V-60.jpg","width":1000,"height":1000,"caption":"UHP mahuti Verticon Chemo Transport V-60 (60L)"},{"@type":"BreadcrumbList","@id":"https:\/\/ibc.ee\/et\/toode\/uhp-mahuti-salton-c-125-125l-copy\/#breadcrumb","itemListElement":[{"@type":"ListItem","position":1,"name":"\u0413\u043b\u0430\u0432\u043d\u0430\u044f \u0441\u0442\u0440\u0430\u043d\u0438\u0446\u0430","item":"https:\/\/ibc.ee\/et\/"},{"@type":"ListItem","position":2,"name":"Pood","item":"https:\/\/ibc.ee\/et\/shop\/"},{"@type":"ListItem","position":3,"name":"UHP mahuti Verticon Chemo Transport V-60 (60L)"}]},{"@type":"WebSite","@id":"https:\/\/www.ibc.ee\/et\/#website","url":"https:\/\/www.ibc.ee\/et\/","name":"IBC konteineri m&uuml;&uuml;k, vaadid, kraanid, mahutid","description":"IBC - Tank container valve, Adapters\\fittings, Intermediate bulk, container, Drums\/cans","potentialAction":[{"@type":"SearchAction","target":{"@type":"EntryPoint","urlTemplate":"https:\/\/www.ibc.ee\/et\/?s={search_term_string}"},"query-input":{"@type":"PropertyValueSpecification","valueRequired":true,"valueName":"search_term_string"}}],"inLanguage":"et"}]}},"_links":{"self":[{"href":"https:\/\/ibc.ee\/et\/wp-json\/wp\/v2\/product\/22108","targetHints":{"allow":["GET"]}}],"collection":[{"href":"https:\/\/ibc.ee\/et\/wp-json\/wp\/v2\/product"}],"about":[{"href":"https:\/\/ibc.ee\/et\/wp-json\/wp\/v2\/types\/product"}],"wp:featuredmedia":[{"embeddable":true,"href":"https:\/\/ibc.ee\/et\/wp-json\/wp\/v2\/media\/22114"}],"wp:attachment":[{"href":"https:\/\/ibc.ee\/et\/wp-json\/wp\/v2\/media?parent=22108"}],"wp:term":[{"taxonomy":"product_brand","embeddable":true,"href":"https:\/\/ibc.ee\/et\/wp-json\/wp\/v2\/product_brand?post=22108"},{"taxonomy":"product_cat","embeddable":true,"href":"https:\/\/ibc.ee\/et\/wp-json\/wp\/v2\/product_cat?post=22108"},{"taxonomy":"product_tag","embeddable":true,"href":"https:\/\/ibc.ee\/et\/wp-json\/wp\/v2\/product_tag?post=22108"}],"curies":[{"name":"wp","href":"https:\/\/api.w.org\/{rel}","templated":true}]}}