{"id":22285,"date":"2024-08-07T19:33:15","date_gmt":"2024-08-07T17:33:15","guid":{"rendered":"https:\/\/www.ibc.ee\/?post_type=product&#038;p=22285"},"modified":"2025-06-26T18:38:33","modified_gmt":"2025-06-26T16:38:33","slug":"prugi-mahuti-1000l","status":"publish","type":"product","link":"https:\/\/ibc.ee\/et\/toode\/prugi-mahuti-1000l\/","title":{"rendered":"Pr\u00fcgi mahuti 1000L"},"content":{"rendered":"<p>Rakendus:<br \/>\n&#8211; Ehitusmaterjalide ladustamine ja transport:<br \/>\n&#8211; Liiv, killustik, kruus, tsement.<br \/>\n&#8211; Ehituspraht ja -j\u00e4\u00e4tmed.<br \/>\n&#8211; T\u00f6\u00f6stusj\u00e4\u00e4tmete kogumine ja ladustamine:<br \/>\n&#8211; Vana\u00f5lid ja vedelikud.<br \/>\n&#8211; Erinevat t\u00fc\u00fcpi t\u00f6\u00f6stusj\u00e4\u00e4tmed.<br \/>\n&#8211; P\u00f5llumajanduslik kasutamine:<br \/>\n&#8211; Kompost ja orgaanilised v\u00e4etised.<br \/>\n&#8211; Aia- ja maastikukujundus:<br \/>\n&#8211; Mulla, turba, v\u00e4etiste ladustamine.<br \/>\n&#8211; Aiaj\u00e4\u00e4tmete, lehtede, okste kogumine.<br \/>\n&#8211; Sekundaarsete ressursside kogumine ja t\u00f6\u00f6tlemine:<br \/>\n&#8211; Paber, papp, plast taaskasutusse.<br \/>\n&#8211; Vanametalli ja plastij\u00e4\u00e4tmed.<\/p>\n","protected":false},"excerpt":{"rendered":"<p>Pr\u00fcgi mahuti 1000L<\/p>\n","protected":false},"featured_media":22292,"template":"","meta":[],"product_brand":[],"product_cat":[326],"product_tag":[],"class_list":{"0":"post-22285","1":"product","2":"type-product","3":"status-publish","4":"has-post-thumbnail","6":"product_cat-ibc-konteinerid-640-500-liitrised","7":"product_shipping_class-containers-et","9":"first","10":"onbackorder","11":"taxable","12":"shipping-taxable","13":"purchasable","14":"product-type-simple"},"yoast_head":"<!-- This site is optimized with the Yoast SEO plugin v26.9 - https:\/\/yoast.com\/product\/yoast-seo-wordpress\/ -->\n<title>Pr\u00fcgi mahuti 1000L - IBC konteineri m&uuml;&uuml;k, vaadid, kraanid, mahutid<\/title>\n<meta name=\"description\" content=\"IBC konteiner 1000 liitrine. T\u00f6\u00f6stusj\u00e4\u00e4tmete kogumine ja ladustamine. Kompost ja orgaanilised v\u00e4etised. Liiv, killustik, kruus, tsement\" \/>\n<meta name=\"robots\" content=\"index, follow, max-snippet:-1, max-image-preview:large, max-video-preview:-1\" \/>\n<link rel=\"canonical\" href=\"https:\/\/ibc.ee\/et\/toode\/prugi-mahuti-1000l\/\" \/>\n<meta property=\"og:locale\" content=\"et_EE\" \/>\n<meta property=\"og:type\" content=\"article\" \/>\n<meta property=\"og:title\" content=\"Pr\u00fcgi mahuti 1000L - IBC konteineri m&uuml;&uuml;k, vaadid, kraanid, mahutid\" \/>\n<meta property=\"og:description\" content=\"IBC konteiner 1000 liitrine. T\u00f6\u00f6stusj\u00e4\u00e4tmete kogumine ja ladustamine. Kompost ja orgaanilised v\u00e4etised. Liiv, killustik, kruus, tsement\" \/>\n<meta property=\"og:url\" content=\"https:\/\/ibc.ee\/et\/toode\/prugi-mahuti-1000l\/\" \/>\n<meta property=\"og:site_name\" content=\"IBC konteineri m&uuml;&uuml;k, vaadid, kraanid, mahutid\" \/>\n<meta property=\"article:modified_time\" content=\"2025-06-26T16:38:33+00:00\" \/>\n<meta property=\"og:image\" content=\"https:\/\/ibc.ee\/wp-content\/uploads\/2024\/08\/Prugi_mahuti_1000L_IBC.ee_.jpg\" \/>\n\t<meta property=\"og:image:width\" content=\"1000\" \/>\n\t<meta property=\"og:image:height\" content=\"1000\" \/>\n\t<meta property=\"og:image:type\" content=\"image\/jpeg\" \/>\n<meta name=\"twitter:card\" content=\"summary_large_image\" \/>\n<meta name=\"twitter:label1\" content=\"Est. reading time\" \/>\n\t<meta name=\"twitter:data1\" content=\"1 minut\" \/>\n<script type=\"application\/ld+json\" class=\"yoast-schema-graph\">{\"@context\":\"https:\/\/schema.org\",\"@graph\":[{\"@type\":\"WebPage\",\"@id\":\"https:\/\/ibc.ee\/et\/toode\/prugi-mahuti-1000l\/\",\"url\":\"https:\/\/ibc.ee\/et\/toode\/prugi-mahuti-1000l\/\",\"name\":\"Pr\u00fcgi mahuti 1000L - IBC konteineri m&uuml;&uuml;k, vaadid, kraanid, mahutid\",\"isPartOf\":{\"@id\":\"https:\/\/www.ibc.ee\/et\/#website\"},\"primaryImageOfPage\":{\"@id\":\"https:\/\/ibc.ee\/et\/toode\/prugi-mahuti-1000l\/#primaryimage\"},\"image\":{\"@id\":\"https:\/\/ibc.ee\/et\/toode\/prugi-mahuti-1000l\/#primaryimage\"},\"thumbnailUrl\":\"https:\/\/ibc.ee\/wp-content\/uploads\/2024\/08\/Prugi_mahuti_1000L_IBC.ee_.jpg\",\"datePublished\":\"2024-08-07T17:33:15+00:00\",\"dateModified\":\"2025-06-26T16:38:33+00:00\",\"description\":\"IBC konteiner 1000 liitrine. T\u00f6\u00f6stusj\u00e4\u00e4tmete kogumine ja ladustamine. Kompost ja orgaanilised v\u00e4etised. Liiv, killustik, kruus, tsement\",\"breadcrumb\":{\"@id\":\"https:\/\/ibc.ee\/et\/toode\/prugi-mahuti-1000l\/#breadcrumb\"},\"inLanguage\":\"et\",\"potentialAction\":[{\"@type\":\"ReadAction\",\"target\":[\"https:\/\/ibc.ee\/et\/toode\/prugi-mahuti-1000l\/\"]}]},{\"@type\":\"ImageObject\",\"inLanguage\":\"et\",\"@id\":\"https:\/\/ibc.ee\/et\/toode\/prugi-mahuti-1000l\/#primaryimage\",\"url\":\"https:\/\/ibc.ee\/wp-content\/uploads\/2024\/08\/Prugi_mahuti_1000L_IBC.ee_.jpg\",\"contentUrl\":\"https:\/\/ibc.ee\/wp-content\/uploads\/2024\/08\/Prugi_mahuti_1000L_IBC.ee_.jpg\",\"width\":1000,\"height\":1000},{\"@type\":\"BreadcrumbList\",\"@id\":\"https:\/\/ibc.ee\/et\/toode\/prugi-mahuti-1000l\/#breadcrumb\",\"itemListElement\":[{\"@type\":\"ListItem\",\"position\":1,\"name\":\"\u0413\u043b\u0430\u0432\u043d\u0430\u044f \u0441\u0442\u0440\u0430\u043d\u0438\u0446\u0430\",\"item\":\"https:\/\/ibc.ee\/et\/\"},{\"@type\":\"ListItem\",\"position\":2,\"name\":\"Pood\",\"item\":\"https:\/\/ibc.ee\/et\/shop\/\"},{\"@type\":\"ListItem\",\"position\":3,\"name\":\"Pr\u00fcgi mahuti 1000L\"}]},{\"@type\":\"WebSite\",\"@id\":\"https:\/\/www.ibc.ee\/et\/#website\",\"url\":\"https:\/\/www.ibc.ee\/et\/\",\"name\":\"IBC konteineri m&uuml;&uuml;k, vaadid, kraanid, mahutid\",\"description\":\"IBC - Tank container valve, Adapters\\\\fittings, Intermediate bulk, container, Drums\/cans\",\"potentialAction\":[{\"@type\":\"SearchAction\",\"target\":{\"@type\":\"EntryPoint\",\"urlTemplate\":\"https:\/\/www.ibc.ee\/et\/?s={search_term_string}\"},\"query-input\":{\"@type\":\"PropertyValueSpecification\",\"valueRequired\":true,\"valueName\":\"search_term_string\"}}],\"inLanguage\":\"et\"}]}<\/script>\n<!-- \/ Yoast SEO plugin. -->","yoast_head_json":{"title":"Pr\u00fcgi mahuti 1000L - IBC konteineri m&uuml;&uuml;k, vaadid, kraanid, mahutid","description":"IBC konteiner 1000 liitrine. T\u00f6\u00f6stusj\u00e4\u00e4tmete kogumine ja ladustamine. Kompost ja orgaanilised v\u00e4etised. Liiv, killustik, kruus, tsement","robots":{"index":"index","follow":"follow","max-snippet":"max-snippet:-1","max-image-preview":"max-image-preview:large","max-video-preview":"max-video-preview:-1"},"canonical":"https:\/\/ibc.ee\/et\/toode\/prugi-mahuti-1000l\/","og_locale":"et_EE","og_type":"article","og_title":"Pr\u00fcgi mahuti 1000L - IBC konteineri m&uuml;&uuml;k, vaadid, kraanid, mahutid","og_description":"IBC konteiner 1000 liitrine. T\u00f6\u00f6stusj\u00e4\u00e4tmete kogumine ja ladustamine. Kompost ja orgaanilised v\u00e4etised. Liiv, killustik, kruus, tsement","og_url":"https:\/\/ibc.ee\/et\/toode\/prugi-mahuti-1000l\/","og_site_name":"IBC konteineri m&uuml;&uuml;k, vaadid, kraanid, mahutid","article_modified_time":"2025-06-26T16:38:33+00:00","og_image":[{"width":1000,"height":1000,"url":"https:\/\/ibc.ee\/wp-content\/uploads\/2024\/08\/Prugi_mahuti_1000L_IBC.ee_.jpg","type":"image\/jpeg"}],"twitter_card":"summary_large_image","twitter_misc":{"Est. reading time":"1 minut"},"schema":{"@context":"https:\/\/schema.org","@graph":[{"@type":"WebPage","@id":"https:\/\/ibc.ee\/et\/toode\/prugi-mahuti-1000l\/","url":"https:\/\/ibc.ee\/et\/toode\/prugi-mahuti-1000l\/","name":"Pr\u00fcgi mahuti 1000L - IBC konteineri m&uuml;&uuml;k, vaadid, kraanid, mahutid","isPartOf":{"@id":"https:\/\/www.ibc.ee\/et\/#website"},"primaryImageOfPage":{"@id":"https:\/\/ibc.ee\/et\/toode\/prugi-mahuti-1000l\/#primaryimage"},"image":{"@id":"https:\/\/ibc.ee\/et\/toode\/prugi-mahuti-1000l\/#primaryimage"},"thumbnailUrl":"https:\/\/ibc.ee\/wp-content\/uploads\/2024\/08\/Prugi_mahuti_1000L_IBC.ee_.jpg","datePublished":"2024-08-07T17:33:15+00:00","dateModified":"2025-06-26T16:38:33+00:00","description":"IBC konteiner 1000 liitrine. T\u00f6\u00f6stusj\u00e4\u00e4tmete kogumine ja ladustamine. Kompost ja orgaanilised v\u00e4etised. Liiv, killustik, kruus, tsement","breadcrumb":{"@id":"https:\/\/ibc.ee\/et\/toode\/prugi-mahuti-1000l\/#breadcrumb"},"inLanguage":"et","potentialAction":[{"@type":"ReadAction","target":["https:\/\/ibc.ee\/et\/toode\/prugi-mahuti-1000l\/"]}]},{"@type":"ImageObject","inLanguage":"et","@id":"https:\/\/ibc.ee\/et\/toode\/prugi-mahuti-1000l\/#primaryimage","url":"https:\/\/ibc.ee\/wp-content\/uploads\/2024\/08\/Prugi_mahuti_1000L_IBC.ee_.jpg","contentUrl":"https:\/\/ibc.ee\/wp-content\/uploads\/2024\/08\/Prugi_mahuti_1000L_IBC.ee_.jpg","width":1000,"height":1000},{"@type":"BreadcrumbList","@id":"https:\/\/ibc.ee\/et\/toode\/prugi-mahuti-1000l\/#breadcrumb","itemListElement":[{"@type":"ListItem","position":1,"name":"\u0413\u043b\u0430\u0432\u043d\u0430\u044f \u0441\u0442\u0440\u0430\u043d\u0438\u0446\u0430","item":"https:\/\/ibc.ee\/et\/"},{"@type":"ListItem","position":2,"name":"Pood","item":"https:\/\/ibc.ee\/et\/shop\/"},{"@type":"ListItem","position":3,"name":"Pr\u00fcgi mahuti 1000L"}]},{"@type":"WebSite","@id":"https:\/\/www.ibc.ee\/et\/#website","url":"https:\/\/www.ibc.ee\/et\/","name":"IBC konteineri m&uuml;&uuml;k, vaadid, kraanid, mahutid","description":"IBC - Tank container valve, Adapters\\fittings, Intermediate bulk, container, Drums\/cans","potentialAction":[{"@type":"SearchAction","target":{"@type":"EntryPoint","urlTemplate":"https:\/\/www.ibc.ee\/et\/?s={search_term_string}"},"query-input":{"@type":"PropertyValueSpecification","valueRequired":true,"valueName":"search_term_string"}}],"inLanguage":"et"}]}},"_links":{"self":[{"href":"https:\/\/ibc.ee\/et\/wp-json\/wp\/v2\/product\/22285","targetHints":{"allow":["GET"]}}],"collection":[{"href":"https:\/\/ibc.ee\/et\/wp-json\/wp\/v2\/product"}],"about":[{"href":"https:\/\/ibc.ee\/et\/wp-json\/wp\/v2\/types\/product"}],"wp:featuredmedia":[{"embeddable":true,"href":"https:\/\/ibc.ee\/et\/wp-json\/wp\/v2\/media\/22292"}],"wp:attachment":[{"href":"https:\/\/ibc.ee\/et\/wp-json\/wp\/v2\/media?parent=22285"}],"wp:term":[{"taxonomy":"product_brand","embeddable":true,"href":"https:\/\/ibc.ee\/et\/wp-json\/wp\/v2\/product_brand?post=22285"},{"taxonomy":"product_cat","embeddable":true,"href":"https:\/\/ibc.ee\/et\/wp-json\/wp\/v2\/product_cat?post=22285"},{"taxonomy":"product_tag","embeddable":true,"href":"https:\/\/ibc.ee\/et\/wp-json\/wp\/v2\/product_tag?post=22285"}],"curies":[{"name":"wp","href":"https:\/\/api.w.org\/{rel}","templated":true}]}}