{"id":23994,"date":"2025-06-18T09:10:28","date_gmt":"2025-06-18T07:10:28","guid":{"rendered":"https:\/\/ibc.ee\/?post_type=product&#038;p=23994"},"modified":"2026-04-16T14:08:33","modified_gmt":"2026-04-16T12:08:33","slug":"uhp-mahuti-verticon-high-v-1003-1003l-copy","status":"publish","type":"product","link":"https:\/\/ibc.ee\/et\/toode\/uhp-mahuti-verticon-high-v-1003-1003l-copy\/","title":{"rendered":"Mahuti P-120L (120L)"},"content":{"rendered":"<p>Horisontaalne mahuti P-120L on vastupidav paak mahutavusega 120 liitrit, k\u00f5rgusega 28 cm, laiusega 40 cm ja pikkusega 115 cm. Sobib erinevate vedelike, sh vihmavee, reovee, diislik\u00fctuse ja kemikaalide hoidmiseks.  <\/p>\n<p>\u00dclaosas on 11 cm ja allosas 3&#215;4-tollised plastmassist keermestatud augud. <\/p>\n<p>Valu paksus: 3,5 mm<\/p>\n","protected":false},"excerpt":{"rendered":"<p><strong>Omadused<\/strong><br \/>\nMaht: 120 l<br \/>\nK\u00f5rgus: 28 cm<br \/>\nLaius: 40 cm<br \/>\nPikkus: 115 cm<br \/>\nN\u00f5ks l\u00e4bim\u00f5\u00f5t: 11 cm<br \/>\nValu paksus: 3,5 mm<br \/>\nThr seos: 3&#215;4 tolli<\/p>\n","protected":false},"featured_media":24002,"template":"","meta":[],"product_brand":[],"product_cat":[422],"product_tag":[],"class_list":{"0":"post-23994","1":"product","2":"type-product","3":"status-publish","4":"has-post-thumbnail","6":"product_cat-uhp-mahutid","7":"product_shipping_class-containers-et","9":"first","10":"onbackorder","11":"taxable","12":"shipping-taxable","13":"purchasable","14":"product-type-simple"},"yoast_head":"<!-- This site is optimized with the Yoast SEO plugin v26.9 - https:\/\/yoast.com\/product\/yoast-seo-wordpress\/ -->\n<title>Mahuti P-120L (120L) - IBC konteineri m&uuml;&uuml;k, vaadid, kraanid, mahutid<\/title>\n<meta name=\"description\" content=\"Horisontaalne mahuti P-120L on vastupidav paak mahutavusega 120 liitrit, k\u00f5rgusega 28 cm, laiusega 40 cm ja pikkusega 115 cm.\" \/>\n<meta name=\"robots\" content=\"index, follow, max-snippet:-1, max-image-preview:large, max-video-preview:-1\" \/>\n<link rel=\"canonical\" href=\"https:\/\/ibc.ee\/et\/toode\/uhp-mahuti-verticon-high-v-1003-1003l-copy\/\" \/>\n<meta property=\"og:locale\" content=\"et_EE\" \/>\n<meta property=\"og:type\" content=\"article\" \/>\n<meta property=\"og:title\" content=\"Mahuti P-120L (120L) - IBC konteineri m&uuml;&uuml;k, vaadid, kraanid, mahutid\" \/>\n<meta property=\"og:description\" content=\"Horisontaalne mahuti P-120L on vastupidav paak mahutavusega 120 liitrit, k\u00f5rgusega 28 cm, laiusega 40 cm ja pikkusega 115 cm.\" \/>\n<meta property=\"og:url\" content=\"https:\/\/ibc.ee\/et\/toode\/uhp-mahuti-verticon-high-v-1003-1003l-copy\/\" \/>\n<meta property=\"og:site_name\" content=\"IBC konteineri m&uuml;&uuml;k, vaadid, kraanid, mahutid\" \/>\n<meta property=\"article:modified_time\" content=\"2026-04-16T12:08:33+00:00\" \/>\n<meta property=\"og:image\" content=\"https:\/\/ibc.ee\/wp-content\/uploads\/2025\/06\/Mahuti-P-120L.jpg\" \/>\n\t<meta property=\"og:image:width\" content=\"1000\" \/>\n\t<meta property=\"og:image:height\" content=\"1000\" \/>\n\t<meta property=\"og:image:type\" content=\"image\/jpeg\" \/>\n<meta name=\"twitter:card\" content=\"summary_large_image\" \/>\n<meta name=\"twitter:label1\" content=\"Est. reading time\" \/>\n\t<meta name=\"twitter:data1\" content=\"1 minut\" \/>\n<script type=\"application\/ld+json\" class=\"yoast-schema-graph\">{\"@context\":\"https:\/\/schema.org\",\"@graph\":[{\"@type\":\"WebPage\",\"@id\":\"https:\/\/ibc.ee\/et\/toode\/uhp-mahuti-verticon-high-v-1003-1003l-copy\/\",\"url\":\"https:\/\/ibc.ee\/et\/toode\/uhp-mahuti-verticon-high-v-1003-1003l-copy\/\",\"name\":\"Mahuti P-120L (120L) - IBC konteineri m&uuml;&uuml;k, vaadid, kraanid, mahutid\",\"isPartOf\":{\"@id\":\"https:\/\/www.ibc.ee\/et\/#website\"},\"primaryImageOfPage\":{\"@id\":\"https:\/\/ibc.ee\/et\/toode\/uhp-mahuti-verticon-high-v-1003-1003l-copy\/#primaryimage\"},\"image\":{\"@id\":\"https:\/\/ibc.ee\/et\/toode\/uhp-mahuti-verticon-high-v-1003-1003l-copy\/#primaryimage\"},\"thumbnailUrl\":\"https:\/\/ibc.ee\/wp-content\/uploads\/2025\/06\/Mahuti-P-120L.jpg\",\"datePublished\":\"2025-06-18T07:10:28+00:00\",\"dateModified\":\"2026-04-16T12:08:33+00:00\",\"description\":\"Horisontaalne mahuti P-120L on vastupidav paak mahutavusega 120 liitrit, k\u00f5rgusega 28 cm, laiusega 40 cm ja pikkusega 115 cm.\",\"breadcrumb\":{\"@id\":\"https:\/\/ibc.ee\/et\/toode\/uhp-mahuti-verticon-high-v-1003-1003l-copy\/#breadcrumb\"},\"inLanguage\":\"et\",\"potentialAction\":[{\"@type\":\"ReadAction\",\"target\":[\"https:\/\/ibc.ee\/et\/toode\/uhp-mahuti-verticon-high-v-1003-1003l-copy\/\"]}]},{\"@type\":\"ImageObject\",\"inLanguage\":\"et\",\"@id\":\"https:\/\/ibc.ee\/et\/toode\/uhp-mahuti-verticon-high-v-1003-1003l-copy\/#primaryimage\",\"url\":\"https:\/\/ibc.ee\/wp-content\/uploads\/2025\/06\/Mahuti-P-120L.jpg\",\"contentUrl\":\"https:\/\/ibc.ee\/wp-content\/uploads\/2025\/06\/Mahuti-P-120L.jpg\",\"width\":1000,\"height\":1000,\"caption\":\"Tank P-120L (120L)\"},{\"@type\":\"BreadcrumbList\",\"@id\":\"https:\/\/ibc.ee\/et\/toode\/uhp-mahuti-verticon-high-v-1003-1003l-copy\/#breadcrumb\",\"itemListElement\":[{\"@type\":\"ListItem\",\"position\":1,\"name\":\"\u0413\u043b\u0430\u0432\u043d\u0430\u044f \u0441\u0442\u0440\u0430\u043d\u0438\u0446\u0430\",\"item\":\"https:\/\/ibc.ee\/et\/\"},{\"@type\":\"ListItem\",\"position\":2,\"name\":\"Pood\",\"item\":\"https:\/\/ibc.ee\/et\/shop\/\"},{\"@type\":\"ListItem\",\"position\":3,\"name\":\"Mahuti P-120L (120L)\"}]},{\"@type\":\"WebSite\",\"@id\":\"https:\/\/www.ibc.ee\/et\/#website\",\"url\":\"https:\/\/www.ibc.ee\/et\/\",\"name\":\"IBC konteineri m&uuml;&uuml;k, vaadid, kraanid, mahutid\",\"description\":\"IBC - Tank container valve, Adapters\\\\fittings, Intermediate bulk, container, Drums\/cans\",\"potentialAction\":[{\"@type\":\"SearchAction\",\"target\":{\"@type\":\"EntryPoint\",\"urlTemplate\":\"https:\/\/www.ibc.ee\/et\/?s={search_term_string}\"},\"query-input\":{\"@type\":\"PropertyValueSpecification\",\"valueRequired\":true,\"valueName\":\"search_term_string\"}}],\"inLanguage\":\"et\"}]}<\/script>\n<!-- \/ Yoast SEO plugin. -->","yoast_head_json":{"title":"Mahuti P-120L (120L) - IBC konteineri m&uuml;&uuml;k, vaadid, kraanid, mahutid","description":"Horisontaalne mahuti P-120L on vastupidav paak mahutavusega 120 liitrit, k\u00f5rgusega 28 cm, laiusega 40 cm ja pikkusega 115 cm.","robots":{"index":"index","follow":"follow","max-snippet":"max-snippet:-1","max-image-preview":"max-image-preview:large","max-video-preview":"max-video-preview:-1"},"canonical":"https:\/\/ibc.ee\/et\/toode\/uhp-mahuti-verticon-high-v-1003-1003l-copy\/","og_locale":"et_EE","og_type":"article","og_title":"Mahuti P-120L (120L) - IBC konteineri m&uuml;&uuml;k, vaadid, kraanid, mahutid","og_description":"Horisontaalne mahuti P-120L on vastupidav paak mahutavusega 120 liitrit, k\u00f5rgusega 28 cm, laiusega 40 cm ja pikkusega 115 cm.","og_url":"https:\/\/ibc.ee\/et\/toode\/uhp-mahuti-verticon-high-v-1003-1003l-copy\/","og_site_name":"IBC konteineri m&uuml;&uuml;k, vaadid, kraanid, mahutid","article_modified_time":"2026-04-16T12:08:33+00:00","og_image":[{"width":1000,"height":1000,"url":"https:\/\/ibc.ee\/wp-content\/uploads\/2025\/06\/Mahuti-P-120L.jpg","type":"image\/jpeg"}],"twitter_card":"summary_large_image","twitter_misc":{"Est. reading time":"1 minut"},"schema":{"@context":"https:\/\/schema.org","@graph":[{"@type":"WebPage","@id":"https:\/\/ibc.ee\/et\/toode\/uhp-mahuti-verticon-high-v-1003-1003l-copy\/","url":"https:\/\/ibc.ee\/et\/toode\/uhp-mahuti-verticon-high-v-1003-1003l-copy\/","name":"Mahuti P-120L (120L) - IBC konteineri m&uuml;&uuml;k, vaadid, kraanid, mahutid","isPartOf":{"@id":"https:\/\/www.ibc.ee\/et\/#website"},"primaryImageOfPage":{"@id":"https:\/\/ibc.ee\/et\/toode\/uhp-mahuti-verticon-high-v-1003-1003l-copy\/#primaryimage"},"image":{"@id":"https:\/\/ibc.ee\/et\/toode\/uhp-mahuti-verticon-high-v-1003-1003l-copy\/#primaryimage"},"thumbnailUrl":"https:\/\/ibc.ee\/wp-content\/uploads\/2025\/06\/Mahuti-P-120L.jpg","datePublished":"2025-06-18T07:10:28+00:00","dateModified":"2026-04-16T12:08:33+00:00","description":"Horisontaalne mahuti P-120L on vastupidav paak mahutavusega 120 liitrit, k\u00f5rgusega 28 cm, laiusega 40 cm ja pikkusega 115 cm.","breadcrumb":{"@id":"https:\/\/ibc.ee\/et\/toode\/uhp-mahuti-verticon-high-v-1003-1003l-copy\/#breadcrumb"},"inLanguage":"et","potentialAction":[{"@type":"ReadAction","target":["https:\/\/ibc.ee\/et\/toode\/uhp-mahuti-verticon-high-v-1003-1003l-copy\/"]}]},{"@type":"ImageObject","inLanguage":"et","@id":"https:\/\/ibc.ee\/et\/toode\/uhp-mahuti-verticon-high-v-1003-1003l-copy\/#primaryimage","url":"https:\/\/ibc.ee\/wp-content\/uploads\/2025\/06\/Mahuti-P-120L.jpg","contentUrl":"https:\/\/ibc.ee\/wp-content\/uploads\/2025\/06\/Mahuti-P-120L.jpg","width":1000,"height":1000,"caption":"Tank P-120L (120L)"},{"@type":"BreadcrumbList","@id":"https:\/\/ibc.ee\/et\/toode\/uhp-mahuti-verticon-high-v-1003-1003l-copy\/#breadcrumb","itemListElement":[{"@type":"ListItem","position":1,"name":"\u0413\u043b\u0430\u0432\u043d\u0430\u044f \u0441\u0442\u0440\u0430\u043d\u0438\u0446\u0430","item":"https:\/\/ibc.ee\/et\/"},{"@type":"ListItem","position":2,"name":"Pood","item":"https:\/\/ibc.ee\/et\/shop\/"},{"@type":"ListItem","position":3,"name":"Mahuti P-120L (120L)"}]},{"@type":"WebSite","@id":"https:\/\/www.ibc.ee\/et\/#website","url":"https:\/\/www.ibc.ee\/et\/","name":"IBC konteineri m&uuml;&uuml;k, vaadid, kraanid, mahutid","description":"IBC - Tank container valve, Adapters\\fittings, Intermediate bulk, container, Drums\/cans","potentialAction":[{"@type":"SearchAction","target":{"@type":"EntryPoint","urlTemplate":"https:\/\/www.ibc.ee\/et\/?s={search_term_string}"},"query-input":{"@type":"PropertyValueSpecification","valueRequired":true,"valueName":"search_term_string"}}],"inLanguage":"et"}]}},"_links":{"self":[{"href":"https:\/\/ibc.ee\/et\/wp-json\/wp\/v2\/product\/23994","targetHints":{"allow":["GET"]}}],"collection":[{"href":"https:\/\/ibc.ee\/et\/wp-json\/wp\/v2\/product"}],"about":[{"href":"https:\/\/ibc.ee\/et\/wp-json\/wp\/v2\/types\/product"}],"wp:featuredmedia":[{"embeddable":true,"href":"https:\/\/ibc.ee\/et\/wp-json\/wp\/v2\/media\/24002"}],"wp:attachment":[{"href":"https:\/\/ibc.ee\/et\/wp-json\/wp\/v2\/media?parent=23994"}],"wp:term":[{"taxonomy":"product_brand","embeddable":true,"href":"https:\/\/ibc.ee\/et\/wp-json\/wp\/v2\/product_brand?post=23994"},{"taxonomy":"product_cat","embeddable":true,"href":"https:\/\/ibc.ee\/et\/wp-json\/wp\/v2\/product_cat?post=23994"},{"taxonomy":"product_tag","embeddable":true,"href":"https:\/\/ibc.ee\/et\/wp-json\/wp\/v2\/product_tag?post=23994"}],"curies":[{"name":"wp","href":"https:\/\/api.w.org\/{rel}","templated":true}]}}