{"id":24040,"date":"2025-07-02T09:45:59","date_gmt":"2025-07-02T07:46:00","guid":{"rendered":"https:\/\/ibc.ee\/?post_type=product&#038;p=24040"},"modified":"2025-07-02T13:40:05","modified_gmt":"2025-07-02T11:40:05","slug":"tuhi-tsingitud-terasest-puur-steelcage-ibc-1000","status":"publish","type":"product","link":"https:\/\/ibc.ee\/et\/toode\/tuhi-tsingitud-terasest-puur-steelcage-ibc-1000\/","title":{"rendered":"T\u00fchi tsingitud terasest puur SteelCage IBC 1000"},"content":{"rendered":"<p><strong>Need 1000L IBC puurid sobivad ideaalselt:<\/strong><br \/>\n&#8211; IBC sisudega<br \/>\n&#8211; K\u00fcttepuude riiulite \/ palkide hoidmiseks<br \/>\n&#8211; Rehvide riiulite \/ rataste hoidmiseks<br \/>\n&#8211; Ehitusj\u00e4\u00e4tmete konteinerite jaoks<br \/>\n&#8211; Heina v\u00f5i p\u00f5hu hoidmiseks<br \/>\n&#8211; Aiam\u00f6\u00f6bli raami jaoks<br \/>\n&#8211; Vertikaalse aia raami jaoks<\/p>\n<p>Puuri maht on 1000 liitrit ehk kuupmeeter. V\u00e4lism\u00f5\u00f5tmed on umbes 1200 mm k\u00f5rge, 1200 mm lai ja 1000 mm s\u00fcgav. <\/p>\n","protected":false},"excerpt":{"rendered":"<p>T\u00fchi tsingitud terasest IBC puur vastupidava t\u00e4ismetallist komposiitterasest alusalusega. Saab kasutada paljude kohapealsete ladustamis- ja transpordilahenduste jaoks. Ideaalne toote terviklikkuse ja ohutuse s\u00e4ilitamiseks. Sobib kahjustatud raamide asendamiseks v\u00f5i moodulladustamis\u00fcksuste kokkupanekuks. Saab kasutada standartsete IBC sisudega    <\/p>\n","protected":false},"featured_media":24048,"template":"","meta":[],"product_brand":[],"product_cat":[178],"product_tag":[],"class_list":{"0":"post-24040","1":"product","2":"type-product","3":"status-publish","4":"has-post-thumbnail","6":"product_cat-ibckanistrid","7":"product_shipping_class-containers-et","9":"first","10":"instock","11":"taxable","12":"shipping-taxable","13":"purchasable","14":"product-type-simple"},"yoast_head":"<!-- This site is optimized with the Yoast SEO plugin v26.9 - https:\/\/yoast.com\/product\/yoast-seo-wordpress\/ -->\n<title>T\u00fchi tsingitud terasest puur SteelCage IBC 1000 - IBC konteineri m&uuml;&uuml;k, vaadid, kraanid, mahutid<\/title>\n<meta name=\"description\" content=\"Tsingitud terasest puur vastupidava t\u00e4ismetallist komposiitterasest alusalusega SteelCage IBC 1000. Saab kasutada standartsete IBC sisudega\" \/>\n<meta name=\"robots\" content=\"index, follow, max-snippet:-1, max-image-preview:large, max-video-preview:-1\" \/>\n<link rel=\"canonical\" href=\"https:\/\/ibc.ee\/et\/toode\/tuhi-tsingitud-terasest-puur-steelcage-ibc-1000\/\" \/>\n<meta property=\"og:locale\" content=\"et_EE\" \/>\n<meta property=\"og:type\" content=\"article\" \/>\n<meta property=\"og:title\" content=\"T\u00fchi tsingitud terasest puur SteelCage IBC 1000 - IBC konteineri m&uuml;&uuml;k, vaadid, kraanid, mahutid\" \/>\n<meta property=\"og:description\" content=\"Tsingitud terasest puur vastupidava t\u00e4ismetallist komposiitterasest alusalusega SteelCage IBC 1000. Saab kasutada standartsete IBC sisudega\" \/>\n<meta property=\"og:url\" content=\"https:\/\/ibc.ee\/et\/toode\/tuhi-tsingitud-terasest-puur-steelcage-ibc-1000\/\" \/>\n<meta property=\"og:site_name\" content=\"IBC konteineri m&uuml;&uuml;k, vaadid, kraanid, mahutid\" \/>\n<meta property=\"article:modified_time\" content=\"2025-07-02T11:40:05+00:00\" \/>\n<meta property=\"og:image\" content=\"https:\/\/ibc.ee\/wp-content\/uploads\/2025\/07\/Tsingitud-terasest-puur-SteelCage-IBC-1000.jpg\" \/>\n\t<meta property=\"og:image:width\" content=\"1000\" \/>\n\t<meta property=\"og:image:height\" content=\"1000\" \/>\n\t<meta property=\"og:image:type\" content=\"image\/jpeg\" \/>\n<meta name=\"twitter:card\" content=\"summary_large_image\" \/>\n<meta name=\"twitter:label1\" content=\"Est. reading time\" \/>\n\t<meta name=\"twitter:data1\" content=\"1 minut\" \/>\n<script type=\"application\/ld+json\" class=\"yoast-schema-graph\">{\"@context\":\"https:\/\/schema.org\",\"@graph\":[{\"@type\":\"WebPage\",\"@id\":\"https:\/\/ibc.ee\/et\/toode\/tuhi-tsingitud-terasest-puur-steelcage-ibc-1000\/\",\"url\":\"https:\/\/ibc.ee\/et\/toode\/tuhi-tsingitud-terasest-puur-steelcage-ibc-1000\/\",\"name\":\"T\u00fchi tsingitud terasest puur SteelCage IBC 1000 - IBC konteineri m&uuml;&uuml;k, vaadid, kraanid, mahutid\",\"isPartOf\":{\"@id\":\"https:\/\/www.ibc.ee\/et\/#website\"},\"primaryImageOfPage\":{\"@id\":\"https:\/\/ibc.ee\/et\/toode\/tuhi-tsingitud-terasest-puur-steelcage-ibc-1000\/#primaryimage\"},\"image\":{\"@id\":\"https:\/\/ibc.ee\/et\/toode\/tuhi-tsingitud-terasest-puur-steelcage-ibc-1000\/#primaryimage\"},\"thumbnailUrl\":\"https:\/\/ibc.ee\/wp-content\/uploads\/2025\/07\/Tsingitud-terasest-puur-SteelCage-IBC-1000.jpg\",\"datePublished\":\"2025-07-02T07:46:00+00:00\",\"dateModified\":\"2025-07-02T11:40:05+00:00\",\"description\":\"Tsingitud terasest puur vastupidava t\u00e4ismetallist komposiitterasest alusalusega SteelCage IBC 1000. Saab kasutada standartsete IBC sisudega\",\"breadcrumb\":{\"@id\":\"https:\/\/ibc.ee\/et\/toode\/tuhi-tsingitud-terasest-puur-steelcage-ibc-1000\/#breadcrumb\"},\"inLanguage\":\"et\",\"potentialAction\":[{\"@type\":\"ReadAction\",\"target\":[\"https:\/\/ibc.ee\/et\/toode\/tuhi-tsingitud-terasest-puur-steelcage-ibc-1000\/\"]}]},{\"@type\":\"ImageObject\",\"inLanguage\":\"et\",\"@id\":\"https:\/\/ibc.ee\/et\/toode\/tuhi-tsingitud-terasest-puur-steelcage-ibc-1000\/#primaryimage\",\"url\":\"https:\/\/ibc.ee\/wp-content\/uploads\/2025\/07\/Tsingitud-terasest-puur-SteelCage-IBC-1000.jpg\",\"contentUrl\":\"https:\/\/ibc.ee\/wp-content\/uploads\/2025\/07\/Tsingitud-terasest-puur-SteelCage-IBC-1000.jpg\",\"width\":1000,\"height\":1000,\"caption\":\"Empty galvanised steel cage SteelCage IBC 1000\"},{\"@type\":\"BreadcrumbList\",\"@id\":\"https:\/\/ibc.ee\/et\/toode\/tuhi-tsingitud-terasest-puur-steelcage-ibc-1000\/#breadcrumb\",\"itemListElement\":[{\"@type\":\"ListItem\",\"position\":1,\"name\":\"\u0413\u043b\u0430\u0432\u043d\u0430\u044f \u0441\u0442\u0440\u0430\u043d\u0438\u0446\u0430\",\"item\":\"https:\/\/ibc.ee\/et\/\"},{\"@type\":\"ListItem\",\"position\":2,\"name\":\"Pood\",\"item\":\"https:\/\/ibc.ee\/et\/shop\/\"},{\"@type\":\"ListItem\",\"position\":3,\"name\":\"T\u00fchi tsingitud terasest puur SteelCage IBC 1000\"}]},{\"@type\":\"WebSite\",\"@id\":\"https:\/\/www.ibc.ee\/et\/#website\",\"url\":\"https:\/\/www.ibc.ee\/et\/\",\"name\":\"IBC konteineri m&uuml;&uuml;k, vaadid, kraanid, mahutid\",\"description\":\"IBC - Tank container valve, Adapters\\\\fittings, Intermediate bulk, container, Drums\/cans\",\"potentialAction\":[{\"@type\":\"SearchAction\",\"target\":{\"@type\":\"EntryPoint\",\"urlTemplate\":\"https:\/\/www.ibc.ee\/et\/?s={search_term_string}\"},\"query-input\":{\"@type\":\"PropertyValueSpecification\",\"valueRequired\":true,\"valueName\":\"search_term_string\"}}],\"inLanguage\":\"et\"}]}<\/script>\n<!-- \/ Yoast SEO plugin. -->","yoast_head_json":{"title":"T\u00fchi tsingitud terasest puur SteelCage IBC 1000 - IBC konteineri m&uuml;&uuml;k, vaadid, kraanid, mahutid","description":"Tsingitud terasest puur vastupidava t\u00e4ismetallist komposiitterasest alusalusega SteelCage IBC 1000. Saab kasutada standartsete IBC sisudega","robots":{"index":"index","follow":"follow","max-snippet":"max-snippet:-1","max-image-preview":"max-image-preview:large","max-video-preview":"max-video-preview:-1"},"canonical":"https:\/\/ibc.ee\/et\/toode\/tuhi-tsingitud-terasest-puur-steelcage-ibc-1000\/","og_locale":"et_EE","og_type":"article","og_title":"T\u00fchi tsingitud terasest puur SteelCage IBC 1000 - IBC konteineri m&uuml;&uuml;k, vaadid, kraanid, mahutid","og_description":"Tsingitud terasest puur vastupidava t\u00e4ismetallist komposiitterasest alusalusega SteelCage IBC 1000. Saab kasutada standartsete IBC sisudega","og_url":"https:\/\/ibc.ee\/et\/toode\/tuhi-tsingitud-terasest-puur-steelcage-ibc-1000\/","og_site_name":"IBC konteineri m&uuml;&uuml;k, vaadid, kraanid, mahutid","article_modified_time":"2025-07-02T11:40:05+00:00","og_image":[{"width":1000,"height":1000,"url":"https:\/\/ibc.ee\/wp-content\/uploads\/2025\/07\/Tsingitud-terasest-puur-SteelCage-IBC-1000.jpg","type":"image\/jpeg"}],"twitter_card":"summary_large_image","twitter_misc":{"Est. reading time":"1 minut"},"schema":{"@context":"https:\/\/schema.org","@graph":[{"@type":"WebPage","@id":"https:\/\/ibc.ee\/et\/toode\/tuhi-tsingitud-terasest-puur-steelcage-ibc-1000\/","url":"https:\/\/ibc.ee\/et\/toode\/tuhi-tsingitud-terasest-puur-steelcage-ibc-1000\/","name":"T\u00fchi tsingitud terasest puur SteelCage IBC 1000 - IBC konteineri m&uuml;&uuml;k, vaadid, kraanid, mahutid","isPartOf":{"@id":"https:\/\/www.ibc.ee\/et\/#website"},"primaryImageOfPage":{"@id":"https:\/\/ibc.ee\/et\/toode\/tuhi-tsingitud-terasest-puur-steelcage-ibc-1000\/#primaryimage"},"image":{"@id":"https:\/\/ibc.ee\/et\/toode\/tuhi-tsingitud-terasest-puur-steelcage-ibc-1000\/#primaryimage"},"thumbnailUrl":"https:\/\/ibc.ee\/wp-content\/uploads\/2025\/07\/Tsingitud-terasest-puur-SteelCage-IBC-1000.jpg","datePublished":"2025-07-02T07:46:00+00:00","dateModified":"2025-07-02T11:40:05+00:00","description":"Tsingitud terasest puur vastupidava t\u00e4ismetallist komposiitterasest alusalusega SteelCage IBC 1000. Saab kasutada standartsete IBC sisudega","breadcrumb":{"@id":"https:\/\/ibc.ee\/et\/toode\/tuhi-tsingitud-terasest-puur-steelcage-ibc-1000\/#breadcrumb"},"inLanguage":"et","potentialAction":[{"@type":"ReadAction","target":["https:\/\/ibc.ee\/et\/toode\/tuhi-tsingitud-terasest-puur-steelcage-ibc-1000\/"]}]},{"@type":"ImageObject","inLanguage":"et","@id":"https:\/\/ibc.ee\/et\/toode\/tuhi-tsingitud-terasest-puur-steelcage-ibc-1000\/#primaryimage","url":"https:\/\/ibc.ee\/wp-content\/uploads\/2025\/07\/Tsingitud-terasest-puur-SteelCage-IBC-1000.jpg","contentUrl":"https:\/\/ibc.ee\/wp-content\/uploads\/2025\/07\/Tsingitud-terasest-puur-SteelCage-IBC-1000.jpg","width":1000,"height":1000,"caption":"Empty galvanised steel cage SteelCage IBC 1000"},{"@type":"BreadcrumbList","@id":"https:\/\/ibc.ee\/et\/toode\/tuhi-tsingitud-terasest-puur-steelcage-ibc-1000\/#breadcrumb","itemListElement":[{"@type":"ListItem","position":1,"name":"\u0413\u043b\u0430\u0432\u043d\u0430\u044f \u0441\u0442\u0440\u0430\u043d\u0438\u0446\u0430","item":"https:\/\/ibc.ee\/et\/"},{"@type":"ListItem","position":2,"name":"Pood","item":"https:\/\/ibc.ee\/et\/shop\/"},{"@type":"ListItem","position":3,"name":"T\u00fchi tsingitud terasest puur SteelCage IBC 1000"}]},{"@type":"WebSite","@id":"https:\/\/www.ibc.ee\/et\/#website","url":"https:\/\/www.ibc.ee\/et\/","name":"IBC konteineri m&uuml;&uuml;k, vaadid, kraanid, mahutid","description":"IBC - Tank container valve, Adapters\\fittings, Intermediate bulk, container, Drums\/cans","potentialAction":[{"@type":"SearchAction","target":{"@type":"EntryPoint","urlTemplate":"https:\/\/www.ibc.ee\/et\/?s={search_term_string}"},"query-input":{"@type":"PropertyValueSpecification","valueRequired":true,"valueName":"search_term_string"}}],"inLanguage":"et"}]}},"_links":{"self":[{"href":"https:\/\/ibc.ee\/et\/wp-json\/wp\/v2\/product\/24040","targetHints":{"allow":["GET"]}}],"collection":[{"href":"https:\/\/ibc.ee\/et\/wp-json\/wp\/v2\/product"}],"about":[{"href":"https:\/\/ibc.ee\/et\/wp-json\/wp\/v2\/types\/product"}],"wp:featuredmedia":[{"embeddable":true,"href":"https:\/\/ibc.ee\/et\/wp-json\/wp\/v2\/media\/24048"}],"wp:attachment":[{"href":"https:\/\/ibc.ee\/et\/wp-json\/wp\/v2\/media?parent=24040"}],"wp:term":[{"taxonomy":"product_brand","embeddable":true,"href":"https:\/\/ibc.ee\/et\/wp-json\/wp\/v2\/product_brand?post=24040"},{"taxonomy":"product_cat","embeddable":true,"href":"https:\/\/ibc.ee\/et\/wp-json\/wp\/v2\/product_cat?post=24040"},{"taxonomy":"product_tag","embeddable":true,"href":"https:\/\/ibc.ee\/et\/wp-json\/wp\/v2\/product_tag?post=24040"}],"curies":[{"name":"wp","href":"https:\/\/api.w.org\/{rel}","templated":true}]}}