{"id":24060,"date":"2025-07-02T12:31:07","date_gmt":"2025-07-02T10:31:08","guid":{"rendered":"https:\/\/ibc.ee\/?post_type=product&#038;p=24060"},"modified":"2025-07-02T13:38:14","modified_gmt":"2025-07-02T11:38:14","slug":"soodne-ibc-sisemahuti-draininner-ibc-1000","status":"publish","type":"product","link":"https:\/\/ibc.ee\/et\/toode\/soodne-ibc-sisemahuti-draininner-ibc-1000\/","title":{"rendered":"Soodne IBC sisemahuti DrainInner IBC 1000"},"content":{"rendered":"<p><strong>Need IBC sisekonteinerid sobivad ideaalselt:<\/strong><br \/>\n&#8211; Vihmavee kogumiseks (n\u00f5uetekohase toestusega)<br \/>\n&#8211; Ajutine hallvee kogumine<br \/>\n&#8211; Drenaa\u017e taludes v\u00f5i ehitusplatsidel<br \/>\n&#8211; Maa-aluste reservuaaride isetegemiseks<br \/>\n&#8211; Ballastipaagid (maetud v\u00f5i suletud kujul)<\/p>\n","protected":false},"excerpt":{"rendered":"<p>Otsid soodsat lahendust vihmavee kogumiseks, \u00e4ravooluvee v\u00f5i hallvee ajutiseks hoidmiseks? <br \/>DrainInner Insert on lihtne ja aus viimane valik mitteoluliste vedelike hoiustamiseks.<br \/>Tegemist on kasutatud sisemahutiga (1000-liitrisest IBC konteinerist), mis on varasemalt kasutusel olnud keemiliste ainete jaoks. Originaalkraan ei t\u00f6\u00f6ta enam \u2013 see on ohutuse huvides hermeetiliselt suletud.<br \/>Raami ei ole. Sertifikaate ei ole. Ainult plastikkest, mis on valmis t\u00e4itma oma viimast praktilist rolli.    <\/p>\n<p><strong>See on ainult sisemahuti (sisepaak) \u2013 pole raami ega alust.<\/strong><\/p>\n<p>Seda ei saa olemasoleval kujul vedelike jaoks avatud pinnasel kasutada \u2013 see ei ole isemajandav.<\/p>\n<p>Mahuti tuleb paigaldada kas metallraami sisse, puidust kasti v\u00f5i osaliselt maa sisse, et s\u00e4ilitada kuju ja v\u00e4ltida \u00fcmberkukkumist.<\/p>\n<p>Ei sobi joogivee, toiduainete ega surve all olevate s\u00fcsteemide jaoks. Alumine kraan on suletud \u2013 t\u00e4itmine ja t\u00fchjendamine toimub ainult \u00fclemise kaane kaudu (kasutades pumpa).  <\/p>\n","protected":false},"featured_media":24077,"template":"","meta":[],"product_brand":[],"product_cat":[178],"product_tag":[],"class_list":{"0":"post-24060","1":"product","2":"type-product","3":"status-publish","4":"has-post-thumbnail","6":"product_cat-ibckanistrid","7":"product_shipping_class-containers-et","9":"first","10":"instock","11":"taxable","12":"shipping-taxable","13":"purchasable","14":"product-type-simple"},"yoast_head":"<!-- This site is optimized with the Yoast SEO plugin v26.9 - https:\/\/yoast.com\/product\/yoast-seo-wordpress\/ -->\n<title>Soodne IBC sisemahuti DrainInner IBC 1000 - IBC konteineri m&uuml;&uuml;k, vaadid, kraanid, mahutid<\/title>\n<meta name=\"description\" content=\"Soodsaim mahuti vihmavee kogumiseks, \u00e4ravooluveeks v\u00f5i hallvee ajutiseks hoidmiseks. Tegemist on kasutatud sisemahutiga 1000-liitrisest IBC konteinerist, mis on varasemalt olnud keemiliste ainete jaoks kasutusel.\" \/>\n<meta name=\"robots\" content=\"index, follow, max-snippet:-1, max-image-preview:large, max-video-preview:-1\" \/>\n<link rel=\"canonical\" href=\"https:\/\/ibc.ee\/et\/toode\/soodne-ibc-sisemahuti-draininner-ibc-1000\/\" \/>\n<meta property=\"og:locale\" content=\"et_EE\" \/>\n<meta property=\"og:type\" content=\"article\" \/>\n<meta property=\"og:title\" content=\"Soodne IBC sisemahuti DrainInner IBC 1000 - IBC konteineri m&uuml;&uuml;k, vaadid, kraanid, mahutid\" \/>\n<meta property=\"og:description\" content=\"Soodsaim mahuti vihmavee kogumiseks, \u00e4ravooluveeks v\u00f5i hallvee ajutiseks hoidmiseks. Tegemist on kasutatud sisemahutiga 1000-liitrisest IBC konteinerist, mis on varasemalt olnud keemiliste ainete jaoks kasutusel.\" \/>\n<meta property=\"og:url\" content=\"https:\/\/ibc.ee\/et\/toode\/soodne-ibc-sisemahuti-draininner-ibc-1000\/\" \/>\n<meta property=\"og:site_name\" content=\"IBC konteineri m&uuml;&uuml;k, vaadid, kraanid, mahutid\" \/>\n<meta property=\"article:modified_time\" content=\"2025-07-02T11:38:14+00:00\" \/>\n<meta property=\"og:image\" content=\"https:\/\/www.ibc.ee\/wp-content\/uploads\/2025\/07\/Budget-IBC-inner-container-DrainInner-IBC-1000.jpg\" \/>\n\t<meta property=\"og:image:width\" content=\"1000\" \/>\n\t<meta property=\"og:image:height\" content=\"1000\" \/>\n\t<meta property=\"og:image:type\" content=\"image\/jpeg\" \/>\n<meta name=\"twitter:card\" content=\"summary_large_image\" \/>\n<meta name=\"twitter:label1\" content=\"Est. reading time\" \/>\n\t<meta name=\"twitter:data1\" content=\"1 minut\" \/>\n<script type=\"application\/ld+json\" class=\"yoast-schema-graph\">{\"@context\":\"https:\/\/schema.org\",\"@graph\":[{\"@type\":\"WebPage\",\"@id\":\"https:\/\/ibc.ee\/et\/toode\/soodne-ibc-sisemahuti-draininner-ibc-1000\/\",\"url\":\"https:\/\/ibc.ee\/et\/toode\/soodne-ibc-sisemahuti-draininner-ibc-1000\/\",\"name\":\"Soodne IBC sisemahuti DrainInner IBC 1000 - IBC konteineri m&uuml;&uuml;k, vaadid, kraanid, mahutid\",\"isPartOf\":{\"@id\":\"https:\/\/www.ibc.ee\/et\/#website\"},\"primaryImageOfPage\":{\"@id\":\"https:\/\/ibc.ee\/et\/toode\/soodne-ibc-sisemahuti-draininner-ibc-1000\/#primaryimage\"},\"image\":{\"@id\":\"https:\/\/ibc.ee\/et\/toode\/soodne-ibc-sisemahuti-draininner-ibc-1000\/#primaryimage\"},\"thumbnailUrl\":\"https:\/\/ibc.ee\/wp-content\/uploads\/2025\/07\/Budget-IBC-inner-container-DrainInner-IBC-1000.jpg\",\"datePublished\":\"2025-07-02T10:31:08+00:00\",\"dateModified\":\"2025-07-02T11:38:14+00:00\",\"description\":\"Soodsaim mahuti vihmavee kogumiseks, \u00e4ravooluveeks v\u00f5i hallvee ajutiseks hoidmiseks. Tegemist on kasutatud sisemahutiga 1000-liitrisest IBC konteinerist, mis on varasemalt olnud keemiliste ainete jaoks kasutusel.\",\"breadcrumb\":{\"@id\":\"https:\/\/ibc.ee\/et\/toode\/soodne-ibc-sisemahuti-draininner-ibc-1000\/#breadcrumb\"},\"inLanguage\":\"et\",\"potentialAction\":[{\"@type\":\"ReadAction\",\"target\":[\"https:\/\/ibc.ee\/et\/toode\/soodne-ibc-sisemahuti-draininner-ibc-1000\/\"]}]},{\"@type\":\"ImageObject\",\"inLanguage\":\"et\",\"@id\":\"https:\/\/ibc.ee\/et\/toode\/soodne-ibc-sisemahuti-draininner-ibc-1000\/#primaryimage\",\"url\":\"https:\/\/ibc.ee\/wp-content\/uploads\/2025\/07\/Budget-IBC-inner-container-DrainInner-IBC-1000.jpg\",\"contentUrl\":\"https:\/\/ibc.ee\/wp-content\/uploads\/2025\/07\/Budget-IBC-inner-container-DrainInner-IBC-1000.jpg\",\"width\":1000,\"height\":1000,\"caption\":\"Budget IBC inner container DrainInner IBC 1000\"},{\"@type\":\"BreadcrumbList\",\"@id\":\"https:\/\/ibc.ee\/et\/toode\/soodne-ibc-sisemahuti-draininner-ibc-1000\/#breadcrumb\",\"itemListElement\":[{\"@type\":\"ListItem\",\"position\":1,\"name\":\"\u0413\u043b\u0430\u0432\u043d\u0430\u044f \u0441\u0442\u0440\u0430\u043d\u0438\u0446\u0430\",\"item\":\"https:\/\/ibc.ee\/et\/\"},{\"@type\":\"ListItem\",\"position\":2,\"name\":\"Pood\",\"item\":\"https:\/\/ibc.ee\/et\/shop\/\"},{\"@type\":\"ListItem\",\"position\":3,\"name\":\"Soodne IBC sisemahuti DrainInner IBC 1000\"}]},{\"@type\":\"WebSite\",\"@id\":\"https:\/\/www.ibc.ee\/et\/#website\",\"url\":\"https:\/\/www.ibc.ee\/et\/\",\"name\":\"IBC konteineri m&uuml;&uuml;k, vaadid, kraanid, mahutid\",\"description\":\"IBC - Tank container valve, Adapters\\\\fittings, Intermediate bulk, container, Drums\/cans\",\"potentialAction\":[{\"@type\":\"SearchAction\",\"target\":{\"@type\":\"EntryPoint\",\"urlTemplate\":\"https:\/\/www.ibc.ee\/et\/?s={search_term_string}\"},\"query-input\":{\"@type\":\"PropertyValueSpecification\",\"valueRequired\":true,\"valueName\":\"search_term_string\"}}],\"inLanguage\":\"et\"}]}<\/script>\n<!-- \/ Yoast SEO plugin. -->","yoast_head_json":{"title":"Soodne IBC sisemahuti DrainInner IBC 1000 - IBC konteineri m&uuml;&uuml;k, vaadid, kraanid, mahutid","description":"Soodsaim mahuti vihmavee kogumiseks, \u00e4ravooluveeks v\u00f5i hallvee ajutiseks hoidmiseks. Tegemist on kasutatud sisemahutiga 1000-liitrisest IBC konteinerist, mis on varasemalt olnud keemiliste ainete jaoks kasutusel.","robots":{"index":"index","follow":"follow","max-snippet":"max-snippet:-1","max-image-preview":"max-image-preview:large","max-video-preview":"max-video-preview:-1"},"canonical":"https:\/\/ibc.ee\/et\/toode\/soodne-ibc-sisemahuti-draininner-ibc-1000\/","og_locale":"et_EE","og_type":"article","og_title":"Soodne IBC sisemahuti DrainInner IBC 1000 - IBC konteineri m&uuml;&uuml;k, vaadid, kraanid, mahutid","og_description":"Soodsaim mahuti vihmavee kogumiseks, \u00e4ravooluveeks v\u00f5i hallvee ajutiseks hoidmiseks. Tegemist on kasutatud sisemahutiga 1000-liitrisest IBC konteinerist, mis on varasemalt olnud keemiliste ainete jaoks kasutusel.","og_url":"https:\/\/ibc.ee\/et\/toode\/soodne-ibc-sisemahuti-draininner-ibc-1000\/","og_site_name":"IBC konteineri m&uuml;&uuml;k, vaadid, kraanid, mahutid","article_modified_time":"2025-07-02T11:38:14+00:00","og_image":[{"width":1000,"height":1000,"url":"https:\/\/www.ibc.ee\/wp-content\/uploads\/2025\/07\/Budget-IBC-inner-container-DrainInner-IBC-1000.jpg","type":"image\/jpeg"}],"twitter_card":"summary_large_image","twitter_misc":{"Est. reading time":"1 minut"},"schema":{"@context":"https:\/\/schema.org","@graph":[{"@type":"WebPage","@id":"https:\/\/ibc.ee\/et\/toode\/soodne-ibc-sisemahuti-draininner-ibc-1000\/","url":"https:\/\/ibc.ee\/et\/toode\/soodne-ibc-sisemahuti-draininner-ibc-1000\/","name":"Soodne IBC sisemahuti DrainInner IBC 1000 - IBC konteineri m&uuml;&uuml;k, vaadid, kraanid, mahutid","isPartOf":{"@id":"https:\/\/www.ibc.ee\/et\/#website"},"primaryImageOfPage":{"@id":"https:\/\/ibc.ee\/et\/toode\/soodne-ibc-sisemahuti-draininner-ibc-1000\/#primaryimage"},"image":{"@id":"https:\/\/ibc.ee\/et\/toode\/soodne-ibc-sisemahuti-draininner-ibc-1000\/#primaryimage"},"thumbnailUrl":"https:\/\/ibc.ee\/wp-content\/uploads\/2025\/07\/Budget-IBC-inner-container-DrainInner-IBC-1000.jpg","datePublished":"2025-07-02T10:31:08+00:00","dateModified":"2025-07-02T11:38:14+00:00","description":"Soodsaim mahuti vihmavee kogumiseks, \u00e4ravooluveeks v\u00f5i hallvee ajutiseks hoidmiseks. Tegemist on kasutatud sisemahutiga 1000-liitrisest IBC konteinerist, mis on varasemalt olnud keemiliste ainete jaoks kasutusel.","breadcrumb":{"@id":"https:\/\/ibc.ee\/et\/toode\/soodne-ibc-sisemahuti-draininner-ibc-1000\/#breadcrumb"},"inLanguage":"et","potentialAction":[{"@type":"ReadAction","target":["https:\/\/ibc.ee\/et\/toode\/soodne-ibc-sisemahuti-draininner-ibc-1000\/"]}]},{"@type":"ImageObject","inLanguage":"et","@id":"https:\/\/ibc.ee\/et\/toode\/soodne-ibc-sisemahuti-draininner-ibc-1000\/#primaryimage","url":"https:\/\/ibc.ee\/wp-content\/uploads\/2025\/07\/Budget-IBC-inner-container-DrainInner-IBC-1000.jpg","contentUrl":"https:\/\/ibc.ee\/wp-content\/uploads\/2025\/07\/Budget-IBC-inner-container-DrainInner-IBC-1000.jpg","width":1000,"height":1000,"caption":"Budget IBC inner container DrainInner IBC 1000"},{"@type":"BreadcrumbList","@id":"https:\/\/ibc.ee\/et\/toode\/soodne-ibc-sisemahuti-draininner-ibc-1000\/#breadcrumb","itemListElement":[{"@type":"ListItem","position":1,"name":"\u0413\u043b\u0430\u0432\u043d\u0430\u044f \u0441\u0442\u0440\u0430\u043d\u0438\u0446\u0430","item":"https:\/\/ibc.ee\/et\/"},{"@type":"ListItem","position":2,"name":"Pood","item":"https:\/\/ibc.ee\/et\/shop\/"},{"@type":"ListItem","position":3,"name":"Soodne IBC sisemahuti DrainInner IBC 1000"}]},{"@type":"WebSite","@id":"https:\/\/www.ibc.ee\/et\/#website","url":"https:\/\/www.ibc.ee\/et\/","name":"IBC konteineri m&uuml;&uuml;k, vaadid, kraanid, mahutid","description":"IBC - Tank container valve, Adapters\\fittings, Intermediate bulk, container, Drums\/cans","potentialAction":[{"@type":"SearchAction","target":{"@type":"EntryPoint","urlTemplate":"https:\/\/www.ibc.ee\/et\/?s={search_term_string}"},"query-input":{"@type":"PropertyValueSpecification","valueRequired":true,"valueName":"search_term_string"}}],"inLanguage":"et"}]}},"_links":{"self":[{"href":"https:\/\/ibc.ee\/et\/wp-json\/wp\/v2\/product\/24060","targetHints":{"allow":["GET"]}}],"collection":[{"href":"https:\/\/ibc.ee\/et\/wp-json\/wp\/v2\/product"}],"about":[{"href":"https:\/\/ibc.ee\/et\/wp-json\/wp\/v2\/types\/product"}],"wp:featuredmedia":[{"embeddable":true,"href":"https:\/\/ibc.ee\/et\/wp-json\/wp\/v2\/media\/24077"}],"wp:attachment":[{"href":"https:\/\/ibc.ee\/et\/wp-json\/wp\/v2\/media?parent=24060"}],"wp:term":[{"taxonomy":"product_brand","embeddable":true,"href":"https:\/\/ibc.ee\/et\/wp-json\/wp\/v2\/product_brand?post=24060"},{"taxonomy":"product_cat","embeddable":true,"href":"https:\/\/ibc.ee\/et\/wp-json\/wp\/v2\/product_cat?post=24060"},{"taxonomy":"product_tag","embeddable":true,"href":"https:\/\/ibc.ee\/et\/wp-json\/wp\/v2\/product_tag?post=24060"}],"curies":[{"name":"wp","href":"https:\/\/api.w.org\/{rel}","templated":true}]}}