{"id":24135,"date":"2025-07-04T09:03:51","date_gmt":"2025-07-04T07:03:51","guid":{"rendered":"https:\/\/ibc.ee\/?post_type=product&#038;p=24135"},"modified":"2025-07-04T09:43:40","modified_gmt":"2025-07-04T07:43:40","slug":"newinner-un-fda-ibc-1000-sisemine-plastist-sertifitseeritud-mahuti","status":"publish","type":"product","link":"https:\/\/ibc.ee\/et\/toode\/newinner-un-fda-ibc-1000-sisemine-plastist-sertifitseeritud-mahuti\/","title":{"rendered":"NewInner UN+FDA IBC 1000 sisemine plastist sertifitseeritud mahuti"},"content":{"rendered":"<p>T\u00fc\u00fcpiline kasutamine:<br \/>\n<strong>\u2013 Toidu- ja joogit\u00f6\u00f6stus<\/strong><br \/>\nJoogivesi, siirupid, toidu\u00f5lid, mahlad, tootmiskomponendid, vedelad magusained<\/p>\n<p><strong>\u2013 P\u00f5llumajandus<\/strong><br \/>\nV\u00e4etiselahused, p\u00f5llukultuuride lisandid, orgaanilised ekstraktid, niisutusvedelikud toidutootmiseks<\/p>\n<p><strong>\u2013 Keemiat\u00f6\u00f6stus<\/strong><br \/>\nHapped, leelised, lahustid, pesuvahendid, reguleeritud kemikaalid (\u00dcRO klassifikatsioon)<\/p>\n<p><strong>\u2013 Farmaatsia- ja kosmeetikatooted<\/strong><br \/>\nToorvedelikud, alkoholid, toiduohutud lahustid, kosmeetikabaasid<\/p>\n<p><strong>\u2013 H\u00e4daolukorra ja humanitaarabi kasutamine<\/strong><br \/>\nPuhta vee hoidmine, v\u00e4litingimustes kasutamine, toiduk\u00f5lblike vedelike ohutu transport kaugematesse piirkondadesse<\/p>\n","protected":false},"excerpt":{"rendered":"<p>See on uus IBC sisepaak (vooder), mis on valmistatud neitsioliivitud k\u00f5rgtihedusega pol\u00fcet\u00fcleenist (HDPE) ja on t\u00e4ielikult sertifitseeritud nii toiduga kokkupuutumiseks kui ka ohtlike vedelike transportimiseks.<br \/>\nSee sobib ideaalselt olemasolevate IBC-de asendusmaterjaliks v\u00f5i eraldiseisva paagina kohandatud paigalduste jaoks.<\/p>\n<p><strong>Sertifikaadid:<\/strong><br \/>\n&#8211; FDA n\u00f5uetele vastav (v\u00f5i EC 1935\/2004) \u2013 ohutu joogiveele ja toiduk\u00f5lblikele vedelikele<br \/>\n&#8211; UN sertifikaat \u2013 heaks kiidetud ohtlike materjalide ladustamiseks ja transportimiseks (UN 31HA1\/Y)<br \/>\n&#8211; Valmistatud neitsi HDPE-st \u2013 ei sisalda taaskasutatud materjale ega toiduohtlikke lisaaineid<\/p>\n<p><strong>Olulised m\u00e4rkused:<\/strong><br \/>\n&#8211; Ainult plastmassist siset\u00fckk \u2013 metallpuur ja kaubaalus ei kuulu komplekti<br \/>\n&#8211; Tuleb paigaldada \u00fchilduva IBC raami sisse v\u00f5i kinnitada sobivalt<br \/>\n&#8211; Sertifitseeritud nii ohtlike kui ka toiduk\u00f5lblike vedelike ladustamiseks<\/p>\n","protected":false},"featured_media":24143,"template":"","meta":[],"product_brand":[],"product_cat":[178],"product_tag":[],"class_list":{"0":"post-24135","1":"product","2":"type-product","3":"status-publish","4":"has-post-thumbnail","6":"product_cat-ibckanistrid","7":"product_shipping_class-containers-et","9":"first","10":"instock","11":"taxable","12":"shipping-taxable","13":"purchasable","14":"product-type-simple"},"yoast_head":"<!-- This site is optimized with the Yoast SEO plugin v26.9 - https:\/\/yoast.com\/product\/yoast-seo-wordpress\/ -->\n<title>NewInner UN+FDA IBC 1000 sisemine plastist sertifitseeritud mahuti - IBC konteineri m&uuml;&uuml;k, vaadid, kraanid, mahutid<\/title>\n<meta name=\"description\" content=\"See on uus IBC sisepaak (vooder), mis on valmistatud neitsioliivitud k\u00f5rgtihedusega pol\u00fcet\u00fcleenist (HDPE) ja on t\u00e4ielikult sertifitseeritud nii toiduga kokkupuutumiseks kui ka ohtlike vedelike veoks.\" \/>\n<meta name=\"robots\" content=\"index, follow, max-snippet:-1, max-image-preview:large, max-video-preview:-1\" \/>\n<link rel=\"canonical\" href=\"https:\/\/ibc.ee\/et\/toode\/newinner-un-fda-ibc-1000-sisemine-plastist-sertifitseeritud-mahuti\/\" \/>\n<meta property=\"og:locale\" content=\"et_EE\" \/>\n<meta property=\"og:type\" content=\"article\" \/>\n<meta property=\"og:title\" content=\"NewInner UN+FDA IBC 1000 sisemine plastist sertifitseeritud mahuti - IBC konteineri m&uuml;&uuml;k, vaadid, kraanid, mahutid\" \/>\n<meta property=\"og:description\" content=\"See on uus IBC sisepaak (vooder), mis on valmistatud neitsioliivitud k\u00f5rgtihedusega pol\u00fcet\u00fcleenist (HDPE) ja on t\u00e4ielikult sertifitseeritud nii toiduga kokkupuutumiseks kui ka ohtlike vedelike veoks.\" \/>\n<meta property=\"og:url\" content=\"https:\/\/ibc.ee\/et\/toode\/newinner-un-fda-ibc-1000-sisemine-plastist-sertifitseeritud-mahuti\/\" \/>\n<meta property=\"og:site_name\" content=\"IBC konteineri m&uuml;&uuml;k, vaadid, kraanid, mahutid\" \/>\n<meta property=\"article:modified_time\" content=\"2025-07-04T07:43:40+00:00\" \/>\n<meta property=\"og:image\" content=\"https:\/\/ibc.ee\/wp-content\/uploads\/2025\/07\/NewInner-UN-IBC-1000-Inner-Plastic-UN-Certificated-Storage-Tank.jpg\" \/>\n\t<meta property=\"og:image:width\" content=\"1000\" \/>\n\t<meta property=\"og:image:height\" content=\"1000\" \/>\n\t<meta property=\"og:image:type\" content=\"image\/jpeg\" \/>\n<meta name=\"twitter:card\" content=\"summary_large_image\" \/>\n<meta name=\"twitter:label1\" content=\"Est. reading time\" \/>\n\t<meta name=\"twitter:data1\" content=\"1 minut\" \/>\n<script type=\"application\/ld+json\" class=\"yoast-schema-graph\">{\"@context\":\"https:\/\/schema.org\",\"@graph\":[{\"@type\":\"WebPage\",\"@id\":\"https:\/\/ibc.ee\/et\/toode\/newinner-un-fda-ibc-1000-sisemine-plastist-sertifitseeritud-mahuti\/\",\"url\":\"https:\/\/ibc.ee\/et\/toode\/newinner-un-fda-ibc-1000-sisemine-plastist-sertifitseeritud-mahuti\/\",\"name\":\"NewInner UN+FDA IBC 1000 sisemine plastist sertifitseeritud mahuti - IBC konteineri m&uuml;&uuml;k, vaadid, kraanid, mahutid\",\"isPartOf\":{\"@id\":\"https:\/\/www.ibc.ee\/et\/#website\"},\"primaryImageOfPage\":{\"@id\":\"https:\/\/ibc.ee\/et\/toode\/newinner-un-fda-ibc-1000-sisemine-plastist-sertifitseeritud-mahuti\/#primaryimage\"},\"image\":{\"@id\":\"https:\/\/ibc.ee\/et\/toode\/newinner-un-fda-ibc-1000-sisemine-plastist-sertifitseeritud-mahuti\/#primaryimage\"},\"thumbnailUrl\":\"https:\/\/ibc.ee\/wp-content\/uploads\/2025\/07\/NewInner-UN-IBC-1000-Inner-Plastic-UN-Certificated-Storage-Tank.jpg\",\"datePublished\":\"2025-07-04T07:03:51+00:00\",\"dateModified\":\"2025-07-04T07:43:40+00:00\",\"description\":\"See on uus IBC sisepaak (vooder), mis on valmistatud neitsioliivitud k\u00f5rgtihedusega pol\u00fcet\u00fcleenist (HDPE) ja on t\u00e4ielikult sertifitseeritud nii toiduga kokkupuutumiseks kui ka ohtlike vedelike veoks.\",\"breadcrumb\":{\"@id\":\"https:\/\/ibc.ee\/et\/toode\/newinner-un-fda-ibc-1000-sisemine-plastist-sertifitseeritud-mahuti\/#breadcrumb\"},\"inLanguage\":\"et\",\"potentialAction\":[{\"@type\":\"ReadAction\",\"target\":[\"https:\/\/ibc.ee\/et\/toode\/newinner-un-fda-ibc-1000-sisemine-plastist-sertifitseeritud-mahuti\/\"]}]},{\"@type\":\"ImageObject\",\"inLanguage\":\"et\",\"@id\":\"https:\/\/ibc.ee\/et\/toode\/newinner-un-fda-ibc-1000-sisemine-plastist-sertifitseeritud-mahuti\/#primaryimage\",\"url\":\"https:\/\/ibc.ee\/wp-content\/uploads\/2025\/07\/NewInner-UN-IBC-1000-Inner-Plastic-UN-Certificated-Storage-Tank.jpg\",\"contentUrl\":\"https:\/\/ibc.ee\/wp-content\/uploads\/2025\/07\/NewInner-UN-IBC-1000-Inner-Plastic-UN-Certificated-Storage-Tank.jpg\",\"width\":1000,\"height\":1000,\"caption\":\"NewInner UN IBC 1000 Inner Plastic UN-Certificated Storage Tank\"},{\"@type\":\"BreadcrumbList\",\"@id\":\"https:\/\/ibc.ee\/et\/toode\/newinner-un-fda-ibc-1000-sisemine-plastist-sertifitseeritud-mahuti\/#breadcrumb\",\"itemListElement\":[{\"@type\":\"ListItem\",\"position\":1,\"name\":\"\u0413\u043b\u0430\u0432\u043d\u0430\u044f \u0441\u0442\u0440\u0430\u043d\u0438\u0446\u0430\",\"item\":\"https:\/\/ibc.ee\/et\/\"},{\"@type\":\"ListItem\",\"position\":2,\"name\":\"Pood\",\"item\":\"https:\/\/ibc.ee\/et\/shop\/\"},{\"@type\":\"ListItem\",\"position\":3,\"name\":\"NewInner UN+FDA IBC 1000 sisemine plastist sertifitseeritud mahuti\"}]},{\"@type\":\"WebSite\",\"@id\":\"https:\/\/www.ibc.ee\/et\/#website\",\"url\":\"https:\/\/www.ibc.ee\/et\/\",\"name\":\"IBC konteineri m&uuml;&uuml;k, vaadid, kraanid, mahutid\",\"description\":\"IBC - Tank container valve, Adapters\\\\fittings, Intermediate bulk, container, Drums\/cans\",\"potentialAction\":[{\"@type\":\"SearchAction\",\"target\":{\"@type\":\"EntryPoint\",\"urlTemplate\":\"https:\/\/www.ibc.ee\/et\/?s={search_term_string}\"},\"query-input\":{\"@type\":\"PropertyValueSpecification\",\"valueRequired\":true,\"valueName\":\"search_term_string\"}}],\"inLanguage\":\"et\"}]}<\/script>\n<!-- \/ Yoast SEO plugin. -->","yoast_head_json":{"title":"NewInner UN+FDA IBC 1000 sisemine plastist sertifitseeritud mahuti - IBC konteineri m&uuml;&uuml;k, vaadid, kraanid, mahutid","description":"See on uus IBC sisepaak (vooder), mis on valmistatud neitsioliivitud k\u00f5rgtihedusega pol\u00fcet\u00fcleenist (HDPE) ja on t\u00e4ielikult sertifitseeritud nii toiduga kokkupuutumiseks kui ka ohtlike vedelike veoks.","robots":{"index":"index","follow":"follow","max-snippet":"max-snippet:-1","max-image-preview":"max-image-preview:large","max-video-preview":"max-video-preview:-1"},"canonical":"https:\/\/ibc.ee\/et\/toode\/newinner-un-fda-ibc-1000-sisemine-plastist-sertifitseeritud-mahuti\/","og_locale":"et_EE","og_type":"article","og_title":"NewInner UN+FDA IBC 1000 sisemine plastist sertifitseeritud mahuti - IBC konteineri m&uuml;&uuml;k, vaadid, kraanid, mahutid","og_description":"See on uus IBC sisepaak (vooder), mis on valmistatud neitsioliivitud k\u00f5rgtihedusega pol\u00fcet\u00fcleenist (HDPE) ja on t\u00e4ielikult sertifitseeritud nii toiduga kokkupuutumiseks kui ka ohtlike vedelike veoks.","og_url":"https:\/\/ibc.ee\/et\/toode\/newinner-un-fda-ibc-1000-sisemine-plastist-sertifitseeritud-mahuti\/","og_site_name":"IBC konteineri m&uuml;&uuml;k, vaadid, kraanid, mahutid","article_modified_time":"2025-07-04T07:43:40+00:00","og_image":[{"width":1000,"height":1000,"url":"https:\/\/ibc.ee\/wp-content\/uploads\/2025\/07\/NewInner-UN-IBC-1000-Inner-Plastic-UN-Certificated-Storage-Tank.jpg","type":"image\/jpeg"}],"twitter_card":"summary_large_image","twitter_misc":{"Est. reading time":"1 minut"},"schema":{"@context":"https:\/\/schema.org","@graph":[{"@type":"WebPage","@id":"https:\/\/ibc.ee\/et\/toode\/newinner-un-fda-ibc-1000-sisemine-plastist-sertifitseeritud-mahuti\/","url":"https:\/\/ibc.ee\/et\/toode\/newinner-un-fda-ibc-1000-sisemine-plastist-sertifitseeritud-mahuti\/","name":"NewInner UN+FDA IBC 1000 sisemine plastist sertifitseeritud mahuti - IBC konteineri m&uuml;&uuml;k, vaadid, kraanid, mahutid","isPartOf":{"@id":"https:\/\/www.ibc.ee\/et\/#website"},"primaryImageOfPage":{"@id":"https:\/\/ibc.ee\/et\/toode\/newinner-un-fda-ibc-1000-sisemine-plastist-sertifitseeritud-mahuti\/#primaryimage"},"image":{"@id":"https:\/\/ibc.ee\/et\/toode\/newinner-un-fda-ibc-1000-sisemine-plastist-sertifitseeritud-mahuti\/#primaryimage"},"thumbnailUrl":"https:\/\/ibc.ee\/wp-content\/uploads\/2025\/07\/NewInner-UN-IBC-1000-Inner-Plastic-UN-Certificated-Storage-Tank.jpg","datePublished":"2025-07-04T07:03:51+00:00","dateModified":"2025-07-04T07:43:40+00:00","description":"See on uus IBC sisepaak (vooder), mis on valmistatud neitsioliivitud k\u00f5rgtihedusega pol\u00fcet\u00fcleenist (HDPE) ja on t\u00e4ielikult sertifitseeritud nii toiduga kokkupuutumiseks kui ka ohtlike vedelike veoks.","breadcrumb":{"@id":"https:\/\/ibc.ee\/et\/toode\/newinner-un-fda-ibc-1000-sisemine-plastist-sertifitseeritud-mahuti\/#breadcrumb"},"inLanguage":"et","potentialAction":[{"@type":"ReadAction","target":["https:\/\/ibc.ee\/et\/toode\/newinner-un-fda-ibc-1000-sisemine-plastist-sertifitseeritud-mahuti\/"]}]},{"@type":"ImageObject","inLanguage":"et","@id":"https:\/\/ibc.ee\/et\/toode\/newinner-un-fda-ibc-1000-sisemine-plastist-sertifitseeritud-mahuti\/#primaryimage","url":"https:\/\/ibc.ee\/wp-content\/uploads\/2025\/07\/NewInner-UN-IBC-1000-Inner-Plastic-UN-Certificated-Storage-Tank.jpg","contentUrl":"https:\/\/ibc.ee\/wp-content\/uploads\/2025\/07\/NewInner-UN-IBC-1000-Inner-Plastic-UN-Certificated-Storage-Tank.jpg","width":1000,"height":1000,"caption":"NewInner UN IBC 1000 Inner Plastic UN-Certificated Storage Tank"},{"@type":"BreadcrumbList","@id":"https:\/\/ibc.ee\/et\/toode\/newinner-un-fda-ibc-1000-sisemine-plastist-sertifitseeritud-mahuti\/#breadcrumb","itemListElement":[{"@type":"ListItem","position":1,"name":"\u0413\u043b\u0430\u0432\u043d\u0430\u044f \u0441\u0442\u0440\u0430\u043d\u0438\u0446\u0430","item":"https:\/\/ibc.ee\/et\/"},{"@type":"ListItem","position":2,"name":"Pood","item":"https:\/\/ibc.ee\/et\/shop\/"},{"@type":"ListItem","position":3,"name":"NewInner UN+FDA IBC 1000 sisemine plastist sertifitseeritud mahuti"}]},{"@type":"WebSite","@id":"https:\/\/www.ibc.ee\/et\/#website","url":"https:\/\/www.ibc.ee\/et\/","name":"IBC konteineri m&uuml;&uuml;k, vaadid, kraanid, mahutid","description":"IBC - Tank container valve, Adapters\\fittings, Intermediate bulk, container, Drums\/cans","potentialAction":[{"@type":"SearchAction","target":{"@type":"EntryPoint","urlTemplate":"https:\/\/www.ibc.ee\/et\/?s={search_term_string}"},"query-input":{"@type":"PropertyValueSpecification","valueRequired":true,"valueName":"search_term_string"}}],"inLanguage":"et"}]}},"_links":{"self":[{"href":"https:\/\/ibc.ee\/et\/wp-json\/wp\/v2\/product\/24135","targetHints":{"allow":["GET"]}}],"collection":[{"href":"https:\/\/ibc.ee\/et\/wp-json\/wp\/v2\/product"}],"about":[{"href":"https:\/\/ibc.ee\/et\/wp-json\/wp\/v2\/types\/product"}],"wp:featuredmedia":[{"embeddable":true,"href":"https:\/\/ibc.ee\/et\/wp-json\/wp\/v2\/media\/24143"}],"wp:attachment":[{"href":"https:\/\/ibc.ee\/et\/wp-json\/wp\/v2\/media?parent=24135"}],"wp:term":[{"taxonomy":"product_brand","embeddable":true,"href":"https:\/\/ibc.ee\/et\/wp-json\/wp\/v2\/product_brand?post=24135"},{"taxonomy":"product_cat","embeddable":true,"href":"https:\/\/ibc.ee\/et\/wp-json\/wp\/v2\/product_cat?post=24135"},{"taxonomy":"product_tag","embeddable":true,"href":"https:\/\/ibc.ee\/et\/wp-json\/wp\/v2\/product_tag?post=24135"}],"curies":[{"name":"wp","href":"https:\/\/api.w.org\/{rel}","templated":true}]}}