{"id":24235,"date":"2025-07-08T15:31:42","date_gmt":"2025-07-08T13:31:42","guid":{"rendered":"https:\/\/ibc.ee\/?post_type=product&#038;p=24235"},"modified":"2025-07-09T12:08:12","modified_gmt":"2025-07-09T10:08:12","slug":"draincube-ibc-1000-kasutatud-mahuti-reoveele-ja-aravooluveele","status":"publish","type":"product","link":"https:\/\/ibc.ee\/et\/toode\/draincube-ibc-1000-kasutatud-mahuti-reoveele-ja-aravooluveele\/","title":{"rendered":"DrainCube IBC 1000 \u2013 kasutatud mahuti reoveele ja \u00e4ravooluveele"},"content":{"rendered":"<p><strong>Soodne. Vastupidav. Valmis rasketeks t\u00f6\u00f6deks.   <\/strong><\/p>\n<p><strong>T\u00fc\u00fcpilised kasutusvaldkonnad<\/strong><br \/>\n&#8211; \u00c4ravooluvee hoidmine (ehitusplatsid, vihmavee kogumine)<br \/>\n&#8211; Halli vee ja reovee kogumine<br \/>\n&#8211; Septikute varupaak v\u00f5i \u00fclejooksumahuti<br \/>\n&#8211; Setete settimismahuti<br \/>\n&#8211; Keemiliste loputus- v\u00f5i pesuvedelike kogumine<br \/>\n&#8211; Tule\u00f5ppuste veemahuti<br \/>\n&#8211; V\u00e4lipingid, mobiilsed pesujaamad (mittejoogivesi)<\/p>\n<p><strong>Oluline teada<\/strong><br \/>\n&#8211; Kasutatud konteiner \u2013 sees v\u00f5ib leiduda \u00f5li v\u00f5i vaigu j\u00e4\u00e4ke<br \/>\n&#8211; Pole t\u00e4ielikult puhastatud, ei oma sertifikaate \u2013 n\u00e4htav kuiv kiht sees<br \/>\n&#8211; Ei sobi toidule, joogiveele, loomadele ega kastmiseks<br \/>\n&#8211; V\u00f5ib sisaldada kulumisj\u00e4lgi, roostet v\u00f5i kasutusm\u00e4rke<\/p>\n","protected":false},"excerpt":{"rendered":"<p>DrainCube IBC 1000 on kasutatud 1000-liitrine IBC (Intermediate Bulk Container), milles varem hoiti \u00f5lisid v\u00f5i vaiguseid aineid. Sisu iseloomu t\u00f5ttu on sisepinnad kaetud kuivanud j\u00e4\u00e4kide v\u00f5i kilega, mist\u00f5ttu see ei sobi toidu v\u00f5i puhta vee jaoks. Kuid see j\u00e4\u00e4b usaldusv\u00e4\u00e4rseks ja taskukohaseks lahenduseks mittetundliku vedeliku ladustamiseks, kus puhtus ei ole esmat\u00e4htis.  <\/p>\n","protected":false},"featured_media":24243,"template":"","meta":[],"product_brand":[],"product_cat":[178],"product_tag":[],"class_list":{"0":"post-24235","1":"product","2":"type-product","3":"status-publish","4":"has-post-thumbnail","6":"product_cat-ibckanistrid","7":"product_shipping_class-containers-et","9":"first","10":"instock","11":"taxable","12":"shipping-taxable","13":"purchasable","14":"product-type-simple"},"yoast_head":"<!-- This site is optimized with the Yoast SEO plugin v26.9 - https:\/\/yoast.com\/product\/yoast-seo-wordpress\/ -->\n<title>DrainCube IBC 1000 \u2013 kasutatud mahuti reoveele ja \u00e4ravooluveele - IBC konteineri m&uuml;&uuml;k, vaadid, kraanid, mahutid<\/title>\n<meta name=\"description\" content=\"DrainCube IBC 1000 on kasutatud 1000-liitrine IBC (Intermediate Bulk Container), milles varem hoiti \u00f5lisid v\u00f5i vaiguseid aineid.\" \/>\n<meta name=\"robots\" content=\"index, follow, max-snippet:-1, max-image-preview:large, max-video-preview:-1\" \/>\n<link rel=\"canonical\" href=\"https:\/\/ibc.ee\/et\/toode\/draincube-ibc-1000-kasutatud-mahuti-reoveele-ja-aravooluveele\/\" \/>\n<meta property=\"og:locale\" content=\"et_EE\" \/>\n<meta property=\"og:type\" content=\"article\" \/>\n<meta property=\"og:title\" content=\"DrainCube IBC 1000 \u2013 kasutatud mahuti reoveele ja \u00e4ravooluveele - IBC konteineri m&uuml;&uuml;k, vaadid, kraanid, mahutid\" \/>\n<meta property=\"og:description\" content=\"DrainCube IBC 1000 on kasutatud 1000-liitrine IBC (Intermediate Bulk Container), milles varem hoiti \u00f5lisid v\u00f5i vaiguseid aineid.\" \/>\n<meta property=\"og:url\" content=\"https:\/\/ibc.ee\/et\/toode\/draincube-ibc-1000-kasutatud-mahuti-reoveele-ja-aravooluveele\/\" \/>\n<meta property=\"og:site_name\" content=\"IBC konteineri m&uuml;&uuml;k, vaadid, kraanid, mahutid\" \/>\n<meta property=\"article:modified_time\" content=\"2025-07-09T10:08:12+00:00\" \/>\n<meta property=\"og:image\" content=\"https:\/\/ibc.ee\/wp-content\/uploads\/2025\/07\/DrainCube-IBC-1000-used-container-for-drainage-and-wastewater.jpg\" \/>\n\t<meta property=\"og:image:width\" content=\"1000\" \/>\n\t<meta property=\"og:image:height\" content=\"1000\" \/>\n\t<meta property=\"og:image:type\" content=\"image\/jpeg\" \/>\n<meta name=\"twitter:card\" content=\"summary_large_image\" \/>\n<meta name=\"twitter:label1\" content=\"Est. reading time\" \/>\n\t<meta name=\"twitter:data1\" content=\"1 minut\" \/>\n<script type=\"application\/ld+json\" class=\"yoast-schema-graph\">{\"@context\":\"https:\/\/schema.org\",\"@graph\":[{\"@type\":\"WebPage\",\"@id\":\"https:\/\/ibc.ee\/et\/toode\/draincube-ibc-1000-kasutatud-mahuti-reoveele-ja-aravooluveele\/\",\"url\":\"https:\/\/ibc.ee\/et\/toode\/draincube-ibc-1000-kasutatud-mahuti-reoveele-ja-aravooluveele\/\",\"name\":\"DrainCube IBC 1000 \u2013 kasutatud mahuti reoveele ja \u00e4ravooluveele - IBC konteineri m&uuml;&uuml;k, vaadid, kraanid, mahutid\",\"isPartOf\":{\"@id\":\"https:\/\/ibc.ee\/et\/#website\"},\"primaryImageOfPage\":{\"@id\":\"https:\/\/ibc.ee\/et\/toode\/draincube-ibc-1000-kasutatud-mahuti-reoveele-ja-aravooluveele\/#primaryimage\"},\"image\":{\"@id\":\"https:\/\/ibc.ee\/et\/toode\/draincube-ibc-1000-kasutatud-mahuti-reoveele-ja-aravooluveele\/#primaryimage\"},\"thumbnailUrl\":\"https:\/\/ibc.ee\/wp-content\/uploads\/2025\/07\/DrainCube-IBC-1000-used-container-for-drainage-and-wastewater.jpg\",\"datePublished\":\"2025-07-08T13:31:42+00:00\",\"dateModified\":\"2025-07-09T10:08:12+00:00\",\"description\":\"DrainCube IBC 1000 on kasutatud 1000-liitrine IBC (Intermediate Bulk Container), milles varem hoiti \u00f5lisid v\u00f5i vaiguseid aineid.\",\"breadcrumb\":{\"@id\":\"https:\/\/ibc.ee\/et\/toode\/draincube-ibc-1000-kasutatud-mahuti-reoveele-ja-aravooluveele\/#breadcrumb\"},\"inLanguage\":\"et\",\"potentialAction\":[{\"@type\":\"ReadAction\",\"target\":[\"https:\/\/ibc.ee\/et\/toode\/draincube-ibc-1000-kasutatud-mahuti-reoveele-ja-aravooluveele\/\"]}]},{\"@type\":\"ImageObject\",\"inLanguage\":\"et\",\"@id\":\"https:\/\/ibc.ee\/et\/toode\/draincube-ibc-1000-kasutatud-mahuti-reoveele-ja-aravooluveele\/#primaryimage\",\"url\":\"https:\/\/ibc.ee\/wp-content\/uploads\/2025\/07\/DrainCube-IBC-1000-used-container-for-drainage-and-wastewater.jpg\",\"contentUrl\":\"https:\/\/ibc.ee\/wp-content\/uploads\/2025\/07\/DrainCube-IBC-1000-used-container-for-drainage-and-wastewater.jpg\",\"width\":1000,\"height\":1000,\"caption\":\"DrainCube IBC 1000 \u2013 used container for drainage & wastewater\"},{\"@type\":\"BreadcrumbList\",\"@id\":\"https:\/\/ibc.ee\/et\/toode\/draincube-ibc-1000-kasutatud-mahuti-reoveele-ja-aravooluveele\/#breadcrumb\",\"itemListElement\":[{\"@type\":\"ListItem\",\"position\":1,\"name\":\"\u0413\u043b\u0430\u0432\u043d\u0430\u044f \u0441\u0442\u0440\u0430\u043d\u0438\u0446\u0430\",\"item\":\"https:\/\/ibc.ee\/et\/\"},{\"@type\":\"ListItem\",\"position\":2,\"name\":\"Pood\",\"item\":\"https:\/\/ibc.ee\/et\/shop\/\"},{\"@type\":\"ListItem\",\"position\":3,\"name\":\"DrainCube IBC 1000 \u2013 kasutatud mahuti reoveele ja \u00e4ravooluveele\"}]},{\"@type\":\"WebSite\",\"@id\":\"https:\/\/ibc.ee\/et\/#website\",\"url\":\"https:\/\/ibc.ee\/et\/\",\"name\":\"IBC konteineri m&uuml;&uuml;k, vaadid, kraanid, mahutid\",\"description\":\"IBC - Tank container valve, Adapters\\\\fittings, Intermediate bulk, container, Drums\/cans\",\"potentialAction\":[{\"@type\":\"SearchAction\",\"target\":{\"@type\":\"EntryPoint\",\"urlTemplate\":\"https:\/\/ibc.ee\/et\/?s={search_term_string}\"},\"query-input\":{\"@type\":\"PropertyValueSpecification\",\"valueRequired\":true,\"valueName\":\"search_term_string\"}}],\"inLanguage\":\"et\"}]}<\/script>\n<!-- \/ Yoast SEO plugin. -->","yoast_head_json":{"title":"DrainCube IBC 1000 \u2013 kasutatud mahuti reoveele ja \u00e4ravooluveele - IBC konteineri m&uuml;&uuml;k, vaadid, kraanid, mahutid","description":"DrainCube IBC 1000 on kasutatud 1000-liitrine IBC (Intermediate Bulk Container), milles varem hoiti \u00f5lisid v\u00f5i vaiguseid aineid.","robots":{"index":"index","follow":"follow","max-snippet":"max-snippet:-1","max-image-preview":"max-image-preview:large","max-video-preview":"max-video-preview:-1"},"canonical":"https:\/\/ibc.ee\/et\/toode\/draincube-ibc-1000-kasutatud-mahuti-reoveele-ja-aravooluveele\/","og_locale":"et_EE","og_type":"article","og_title":"DrainCube IBC 1000 \u2013 kasutatud mahuti reoveele ja \u00e4ravooluveele - IBC konteineri m&uuml;&uuml;k, vaadid, kraanid, mahutid","og_description":"DrainCube IBC 1000 on kasutatud 1000-liitrine IBC (Intermediate Bulk Container), milles varem hoiti \u00f5lisid v\u00f5i vaiguseid aineid.","og_url":"https:\/\/ibc.ee\/et\/toode\/draincube-ibc-1000-kasutatud-mahuti-reoveele-ja-aravooluveele\/","og_site_name":"IBC konteineri m&uuml;&uuml;k, vaadid, kraanid, mahutid","article_modified_time":"2025-07-09T10:08:12+00:00","og_image":[{"width":1000,"height":1000,"url":"https:\/\/ibc.ee\/wp-content\/uploads\/2025\/07\/DrainCube-IBC-1000-used-container-for-drainage-and-wastewater.jpg","type":"image\/jpeg"}],"twitter_card":"summary_large_image","twitter_misc":{"Est. reading time":"1 minut"},"schema":{"@context":"https:\/\/schema.org","@graph":[{"@type":"WebPage","@id":"https:\/\/ibc.ee\/et\/toode\/draincube-ibc-1000-kasutatud-mahuti-reoveele-ja-aravooluveele\/","url":"https:\/\/ibc.ee\/et\/toode\/draincube-ibc-1000-kasutatud-mahuti-reoveele-ja-aravooluveele\/","name":"DrainCube IBC 1000 \u2013 kasutatud mahuti reoveele ja \u00e4ravooluveele - IBC konteineri m&uuml;&uuml;k, vaadid, kraanid, mahutid","isPartOf":{"@id":"https:\/\/ibc.ee\/et\/#website"},"primaryImageOfPage":{"@id":"https:\/\/ibc.ee\/et\/toode\/draincube-ibc-1000-kasutatud-mahuti-reoveele-ja-aravooluveele\/#primaryimage"},"image":{"@id":"https:\/\/ibc.ee\/et\/toode\/draincube-ibc-1000-kasutatud-mahuti-reoveele-ja-aravooluveele\/#primaryimage"},"thumbnailUrl":"https:\/\/ibc.ee\/wp-content\/uploads\/2025\/07\/DrainCube-IBC-1000-used-container-for-drainage-and-wastewater.jpg","datePublished":"2025-07-08T13:31:42+00:00","dateModified":"2025-07-09T10:08:12+00:00","description":"DrainCube IBC 1000 on kasutatud 1000-liitrine IBC (Intermediate Bulk Container), milles varem hoiti \u00f5lisid v\u00f5i vaiguseid aineid.","breadcrumb":{"@id":"https:\/\/ibc.ee\/et\/toode\/draincube-ibc-1000-kasutatud-mahuti-reoveele-ja-aravooluveele\/#breadcrumb"},"inLanguage":"et","potentialAction":[{"@type":"ReadAction","target":["https:\/\/ibc.ee\/et\/toode\/draincube-ibc-1000-kasutatud-mahuti-reoveele-ja-aravooluveele\/"]}]},{"@type":"ImageObject","inLanguage":"et","@id":"https:\/\/ibc.ee\/et\/toode\/draincube-ibc-1000-kasutatud-mahuti-reoveele-ja-aravooluveele\/#primaryimage","url":"https:\/\/ibc.ee\/wp-content\/uploads\/2025\/07\/DrainCube-IBC-1000-used-container-for-drainage-and-wastewater.jpg","contentUrl":"https:\/\/ibc.ee\/wp-content\/uploads\/2025\/07\/DrainCube-IBC-1000-used-container-for-drainage-and-wastewater.jpg","width":1000,"height":1000,"caption":"DrainCube IBC 1000 \u2013 used container for drainage & wastewater"},{"@type":"BreadcrumbList","@id":"https:\/\/ibc.ee\/et\/toode\/draincube-ibc-1000-kasutatud-mahuti-reoveele-ja-aravooluveele\/#breadcrumb","itemListElement":[{"@type":"ListItem","position":1,"name":"\u0413\u043b\u0430\u0432\u043d\u0430\u044f \u0441\u0442\u0440\u0430\u043d\u0438\u0446\u0430","item":"https:\/\/ibc.ee\/et\/"},{"@type":"ListItem","position":2,"name":"Pood","item":"https:\/\/ibc.ee\/et\/shop\/"},{"@type":"ListItem","position":3,"name":"DrainCube IBC 1000 \u2013 kasutatud mahuti reoveele ja \u00e4ravooluveele"}]},{"@type":"WebSite","@id":"https:\/\/ibc.ee\/et\/#website","url":"https:\/\/ibc.ee\/et\/","name":"IBC konteineri m&uuml;&uuml;k, vaadid, kraanid, mahutid","description":"IBC - Tank container valve, Adapters\\fittings, Intermediate bulk, container, Drums\/cans","potentialAction":[{"@type":"SearchAction","target":{"@type":"EntryPoint","urlTemplate":"https:\/\/ibc.ee\/et\/?s={search_term_string}"},"query-input":{"@type":"PropertyValueSpecification","valueRequired":true,"valueName":"search_term_string"}}],"inLanguage":"et"}]}},"_links":{"self":[{"href":"https:\/\/ibc.ee\/et\/wp-json\/wp\/v2\/product\/24235","targetHints":{"allow":["GET"]}}],"collection":[{"href":"https:\/\/ibc.ee\/et\/wp-json\/wp\/v2\/product"}],"about":[{"href":"https:\/\/ibc.ee\/et\/wp-json\/wp\/v2\/types\/product"}],"wp:featuredmedia":[{"embeddable":true,"href":"https:\/\/ibc.ee\/et\/wp-json\/wp\/v2\/media\/24243"}],"wp:attachment":[{"href":"https:\/\/ibc.ee\/et\/wp-json\/wp\/v2\/media?parent=24235"}],"wp:term":[{"taxonomy":"product_brand","embeddable":true,"href":"https:\/\/ibc.ee\/et\/wp-json\/wp\/v2\/product_brand?post=24235"},{"taxonomy":"product_cat","embeddable":true,"href":"https:\/\/ibc.ee\/et\/wp-json\/wp\/v2\/product_cat?post=24235"},{"taxonomy":"product_tag","embeddable":true,"href":"https:\/\/ibc.ee\/et\/wp-json\/wp\/v2\/product_tag?post=24235"}],"curies":[{"name":"wp","href":"https:\/\/api.w.org\/{rel}","templated":true}]}}