{"id":24317,"date":"2025-07-10T15:25:03","date_gmt":"2025-07-10T13:33:53","guid":{"rendered":"https:\/\/ibc.ee\/product\/hdpe-pudel-500ml-lastekindla-korgiga\/"},"modified":"2025-07-10T15:33:53","modified_gmt":"2025-07-10T13:33:53","slug":"hdpe-pudel-500ml-lastekindla-korgiga","status":"publish","type":"product","link":"https:\/\/ibc.ee\/et\/toode\/hdpe-pudel-500ml-lastekindla-korgiga\/","title":{"rendered":"HDPE Pudel 500ml lastekindla korgiga"},"content":{"rendered":"<p><strong>T\u00fc\u00fcpilised kasutusvaldkonnad:<\/strong><br \/>\n&#8211; Kodukeemia: pesuvahendid, puhastusained, lahustid<br \/>\n&#8211; Ravimid: siirupid, vedelad ravimvormid (ilma retseptita)<br \/>\n&#8211; Laborikasutus: proovide hoiustamine, keemiliste ainete v\u00e4ljastamine<br \/>\n&#8211; Kosmeetika ja kehahooldus: \u0161ampoonid, losjoonid, geelid<br \/>\n&#8211; P\u00f5llumajandus ja aiandus: taimev\u00e4etised, putukam\u00fcrgi kontsentraadid<br \/>\n&#8211; DIY ja k\u00e4sit\u00f6\u00f6: v\u00e4rvid, liimid, tindid, lisaained<\/p>\n","protected":false},"excerpt":{"rendered":"<p>500 ml HDPE-pudel on vastupidav, kerge ja keemiliselt vastupidav anum, mis on m\u00f5eldud erinevate vedelike ohutuks s\u00e4ilitamiseks ja v\u00e4ljastamiseks. Valmistatud k\u00f5rgtugevast pol\u00fcet\u00fcleenist (HDPE), see pudel on toiduk\u00f5lbulik, mittereaktiivne ja taaskasutatav. <\/p>\n<p>Pudelil on lastekindel kork, mis lisab t\u00e4iendava turvakihi, eriti kui k\u00e4sitsetakse potentsiaalselt ohtlikke v\u00f5i tundlikke aineid.<\/p>\n","protected":false},"featured_media":24309,"template":"","meta":[],"product_brand":[],"product_cat":[179],"product_tag":[],"class_list":{"0":"post-24317","1":"product","2":"type-product","3":"status-publish","4":"has-post-thumbnail","6":"product_cat-vaadid-kanistrid","7":"product_shipping_class-omniva-et","9":"first","10":"instock","11":"taxable","12":"shipping-taxable","13":"purchasable","14":"product-type-simple"},"yoast_head":"<!-- This site is optimized with the Yoast SEO plugin v26.9 - https:\/\/yoast.com\/product\/yoast-seo-wordpress\/ -->\n<title>HDPE Pudel 500ml lastekindla korgiga - IBC konteineri m&uuml;&uuml;k, vaadid, kraanid, mahutid<\/title>\n<meta name=\"description\" content=\"500 ml HDPE-pudel on vastupidav, kerge ja keemiliselt vastupidav anum, mis on m\u00f5eldud erinevate vedelike ohutuks s\u00e4ilitamiseks ja v\u00e4ljastamiseks.\" \/>\n<meta name=\"robots\" content=\"index, follow, max-snippet:-1, max-image-preview:large, max-video-preview:-1\" \/>\n<link rel=\"canonical\" href=\"https:\/\/ibc.ee\/et\/toode\/hdpe-pudel-500ml-lastekindla-korgiga\/\" \/>\n<meta property=\"og:locale\" content=\"et_EE\" \/>\n<meta property=\"og:type\" content=\"article\" \/>\n<meta property=\"og:title\" content=\"HDPE Pudel 500ml lastekindla korgiga - IBC konteineri m&uuml;&uuml;k, vaadid, kraanid, mahutid\" \/>\n<meta property=\"og:description\" content=\"500 ml HDPE-pudel on vastupidav, kerge ja keemiliselt vastupidav anum, mis on m\u00f5eldud erinevate vedelike ohutuks s\u00e4ilitamiseks ja v\u00e4ljastamiseks.\" \/>\n<meta property=\"og:url\" content=\"https:\/\/ibc.ee\/et\/toode\/hdpe-pudel-500ml-lastekindla-korgiga\/\" \/>\n<meta property=\"og:site_name\" content=\"IBC konteineri m&uuml;&uuml;k, vaadid, kraanid, mahutid\" \/>\n<meta property=\"og:image\" content=\"https:\/\/ibc.ee\/wp-content\/uploads\/2025\/07\/HDPE-bottl-500ml.jpg\" \/>\n\t<meta property=\"og:image:width\" content=\"1000\" \/>\n\t<meta property=\"og:image:height\" content=\"1000\" \/>\n\t<meta property=\"og:image:type\" content=\"image\/jpeg\" \/>\n<meta name=\"twitter:card\" content=\"summary_large_image\" \/>\n<script type=\"application\/ld+json\" class=\"yoast-schema-graph\">{\"@context\":\"https:\/\/schema.org\",\"@graph\":[{\"@type\":\"WebPage\",\"@id\":\"https:\/\/ibc.ee\/et\/toode\/hdpe-pudel-500ml-lastekindla-korgiga\/\",\"url\":\"https:\/\/ibc.ee\/et\/toode\/hdpe-pudel-500ml-lastekindla-korgiga\/\",\"name\":\"HDPE Pudel 500ml lastekindla korgiga - IBC konteineri m&uuml;&uuml;k, vaadid, kraanid, mahutid\",\"isPartOf\":{\"@id\":\"https:\/\/www.ibc.ee\/et\/#website\"},\"primaryImageOfPage\":{\"@id\":\"https:\/\/ibc.ee\/et\/toode\/hdpe-pudel-500ml-lastekindla-korgiga\/#primaryimage\"},\"image\":{\"@id\":\"https:\/\/ibc.ee\/et\/toode\/hdpe-pudel-500ml-lastekindla-korgiga\/#primaryimage\"},\"thumbnailUrl\":\"https:\/\/ibc.ee\/wp-content\/uploads\/2025\/07\/HDPE-bottl-500ml.jpg\",\"datePublished\":\"2025-07-10T13:33:53+00:00\",\"description\":\"500 ml HDPE-pudel on vastupidav, kerge ja keemiliselt vastupidav anum, mis on m\u00f5eldud erinevate vedelike ohutuks s\u00e4ilitamiseks ja v\u00e4ljastamiseks.\",\"breadcrumb\":{\"@id\":\"https:\/\/ibc.ee\/et\/toode\/hdpe-pudel-500ml-lastekindla-korgiga\/#breadcrumb\"},\"inLanguage\":\"et\",\"potentialAction\":[{\"@type\":\"ReadAction\",\"target\":[\"https:\/\/ibc.ee\/et\/toode\/hdpe-pudel-500ml-lastekindla-korgiga\/\"]}]},{\"@type\":\"ImageObject\",\"inLanguage\":\"et\",\"@id\":\"https:\/\/ibc.ee\/et\/toode\/hdpe-pudel-500ml-lastekindla-korgiga\/#primaryimage\",\"url\":\"https:\/\/ibc.ee\/wp-content\/uploads\/2025\/07\/HDPE-bottl-500ml.jpg\",\"contentUrl\":\"https:\/\/ibc.ee\/wp-content\/uploads\/2025\/07\/HDPE-bottl-500ml.jpg\",\"width\":1000,\"height\":1000,\"caption\":\"HDPE Bottle 500ml \u2013 with Child-Resistant Cap\"},{\"@type\":\"BreadcrumbList\",\"@id\":\"https:\/\/ibc.ee\/et\/toode\/hdpe-pudel-500ml-lastekindla-korgiga\/#breadcrumb\",\"itemListElement\":[{\"@type\":\"ListItem\",\"position\":1,\"name\":\"\u0413\u043b\u0430\u0432\u043d\u0430\u044f \u0441\u0442\u0440\u0430\u043d\u0438\u0446\u0430\",\"item\":\"https:\/\/ibc.ee\/et\/\"},{\"@type\":\"ListItem\",\"position\":2,\"name\":\"Pood\",\"item\":\"https:\/\/ibc.ee\/et\/shop\/\"},{\"@type\":\"ListItem\",\"position\":3,\"name\":\"HDPE Pudel 500ml lastekindla korgiga\"}]},{\"@type\":\"WebSite\",\"@id\":\"https:\/\/www.ibc.ee\/et\/#website\",\"url\":\"https:\/\/www.ibc.ee\/et\/\",\"name\":\"IBC konteineri m&uuml;&uuml;k, vaadid, kraanid, mahutid\",\"description\":\"IBC - Tank container valve, Adapters\\\\fittings, Intermediate bulk, container, Drums\/cans\",\"potentialAction\":[{\"@type\":\"SearchAction\",\"target\":{\"@type\":\"EntryPoint\",\"urlTemplate\":\"https:\/\/www.ibc.ee\/et\/?s={search_term_string}\"},\"query-input\":{\"@type\":\"PropertyValueSpecification\",\"valueRequired\":true,\"valueName\":\"search_term_string\"}}],\"inLanguage\":\"et\"}]}<\/script>\n<!-- \/ Yoast SEO plugin. -->","yoast_head_json":{"title":"HDPE Pudel 500ml lastekindla korgiga - IBC konteineri m&uuml;&uuml;k, vaadid, kraanid, mahutid","description":"500 ml HDPE-pudel on vastupidav, kerge ja keemiliselt vastupidav anum, mis on m\u00f5eldud erinevate vedelike ohutuks s\u00e4ilitamiseks ja v\u00e4ljastamiseks.","robots":{"index":"index","follow":"follow","max-snippet":"max-snippet:-1","max-image-preview":"max-image-preview:large","max-video-preview":"max-video-preview:-1"},"canonical":"https:\/\/ibc.ee\/et\/toode\/hdpe-pudel-500ml-lastekindla-korgiga\/","og_locale":"et_EE","og_type":"article","og_title":"HDPE Pudel 500ml lastekindla korgiga - IBC konteineri m&uuml;&uuml;k, vaadid, kraanid, mahutid","og_description":"500 ml HDPE-pudel on vastupidav, kerge ja keemiliselt vastupidav anum, mis on m\u00f5eldud erinevate vedelike ohutuks s\u00e4ilitamiseks ja v\u00e4ljastamiseks.","og_url":"https:\/\/ibc.ee\/et\/toode\/hdpe-pudel-500ml-lastekindla-korgiga\/","og_site_name":"IBC konteineri m&uuml;&uuml;k, vaadid, kraanid, mahutid","og_image":[{"width":1000,"height":1000,"url":"https:\/\/ibc.ee\/wp-content\/uploads\/2025\/07\/HDPE-bottl-500ml.jpg","type":"image\/jpeg"}],"twitter_card":"summary_large_image","schema":{"@context":"https:\/\/schema.org","@graph":[{"@type":"WebPage","@id":"https:\/\/ibc.ee\/et\/toode\/hdpe-pudel-500ml-lastekindla-korgiga\/","url":"https:\/\/ibc.ee\/et\/toode\/hdpe-pudel-500ml-lastekindla-korgiga\/","name":"HDPE Pudel 500ml lastekindla korgiga - IBC konteineri m&uuml;&uuml;k, vaadid, kraanid, mahutid","isPartOf":{"@id":"https:\/\/www.ibc.ee\/et\/#website"},"primaryImageOfPage":{"@id":"https:\/\/ibc.ee\/et\/toode\/hdpe-pudel-500ml-lastekindla-korgiga\/#primaryimage"},"image":{"@id":"https:\/\/ibc.ee\/et\/toode\/hdpe-pudel-500ml-lastekindla-korgiga\/#primaryimage"},"thumbnailUrl":"https:\/\/ibc.ee\/wp-content\/uploads\/2025\/07\/HDPE-bottl-500ml.jpg","datePublished":"2025-07-10T13:33:53+00:00","description":"500 ml HDPE-pudel on vastupidav, kerge ja keemiliselt vastupidav anum, mis on m\u00f5eldud erinevate vedelike ohutuks s\u00e4ilitamiseks ja v\u00e4ljastamiseks.","breadcrumb":{"@id":"https:\/\/ibc.ee\/et\/toode\/hdpe-pudel-500ml-lastekindla-korgiga\/#breadcrumb"},"inLanguage":"et","potentialAction":[{"@type":"ReadAction","target":["https:\/\/ibc.ee\/et\/toode\/hdpe-pudel-500ml-lastekindla-korgiga\/"]}]},{"@type":"ImageObject","inLanguage":"et","@id":"https:\/\/ibc.ee\/et\/toode\/hdpe-pudel-500ml-lastekindla-korgiga\/#primaryimage","url":"https:\/\/ibc.ee\/wp-content\/uploads\/2025\/07\/HDPE-bottl-500ml.jpg","contentUrl":"https:\/\/ibc.ee\/wp-content\/uploads\/2025\/07\/HDPE-bottl-500ml.jpg","width":1000,"height":1000,"caption":"HDPE Bottle 500ml \u2013 with Child-Resistant Cap"},{"@type":"BreadcrumbList","@id":"https:\/\/ibc.ee\/et\/toode\/hdpe-pudel-500ml-lastekindla-korgiga\/#breadcrumb","itemListElement":[{"@type":"ListItem","position":1,"name":"\u0413\u043b\u0430\u0432\u043d\u0430\u044f \u0441\u0442\u0440\u0430\u043d\u0438\u0446\u0430","item":"https:\/\/ibc.ee\/et\/"},{"@type":"ListItem","position":2,"name":"Pood","item":"https:\/\/ibc.ee\/et\/shop\/"},{"@type":"ListItem","position":3,"name":"HDPE Pudel 500ml lastekindla korgiga"}]},{"@type":"WebSite","@id":"https:\/\/www.ibc.ee\/et\/#website","url":"https:\/\/www.ibc.ee\/et\/","name":"IBC konteineri m&uuml;&uuml;k, vaadid, kraanid, mahutid","description":"IBC - Tank container valve, Adapters\\fittings, Intermediate bulk, container, Drums\/cans","potentialAction":[{"@type":"SearchAction","target":{"@type":"EntryPoint","urlTemplate":"https:\/\/www.ibc.ee\/et\/?s={search_term_string}"},"query-input":{"@type":"PropertyValueSpecification","valueRequired":true,"valueName":"search_term_string"}}],"inLanguage":"et"}]}},"_links":{"self":[{"href":"https:\/\/ibc.ee\/et\/wp-json\/wp\/v2\/product\/24317","targetHints":{"allow":["GET"]}}],"collection":[{"href":"https:\/\/ibc.ee\/et\/wp-json\/wp\/v2\/product"}],"about":[{"href":"https:\/\/ibc.ee\/et\/wp-json\/wp\/v2\/types\/product"}],"wp:featuredmedia":[{"embeddable":true,"href":"https:\/\/ibc.ee\/et\/wp-json\/wp\/v2\/media\/24309"}],"wp:attachment":[{"href":"https:\/\/ibc.ee\/et\/wp-json\/wp\/v2\/media?parent=24317"}],"wp:term":[{"taxonomy":"product_brand","embeddable":true,"href":"https:\/\/ibc.ee\/et\/wp-json\/wp\/v2\/product_brand?post=24317"},{"taxonomy":"product_cat","embeddable":true,"href":"https:\/\/ibc.ee\/et\/wp-json\/wp\/v2\/product_cat?post=24317"},{"taxonomy":"product_tag","embeddable":true,"href":"https:\/\/ibc.ee\/et\/wp-json\/wp\/v2\/product_tag?post=24317"}],"curies":[{"name":"wp","href":"https:\/\/api.w.org\/{rel}","templated":true}]}}