{"id":24364,"date":"2025-07-11T08:14:31","date_gmt":"2025-07-11T07:31:30","guid":{"rendered":"https:\/\/ibc.ee\/product\/teraspurk-500-ml-un-1a1-x-reitinguga-ohtlike-vedelike-jaoks\/"},"modified":"2025-07-11T09:31:30","modified_gmt":"2025-07-11T07:31:30","slug":"teraspurk-500-ml-un-1a1-x-reitinguga-ohtlike-vedelike-jaoks","status":"publish","type":"product","link":"https:\/\/ibc.ee\/et\/toode\/teraspurk-500-ml-un-1a1-x-reitinguga-ohtlike-vedelike-jaoks\/","title":{"rendered":"Teraspurk 500 ml \u2013 UN 1A1 X-reitinguga ohtlike vedelike jaoks"},"content":{"rendered":"<p><strong>P\u00f5hiomadused:<\/strong><br \/>\n&#8211; T\u00fc\u00fcp: 1A1 \u2013 Teraskanister mittesehitatud (suletud) kaanega<br \/>\n&#8211; Maht: 500ml<br \/>\n&#8211; UN m\u00e4rgistus: X \u2013 Sobib I, II ja III pakigrupi ainetele<br \/>\n&#8211; Maksimaalne lubatud tihedus: kuni 250 kg\/m\u00b3<br \/>\n&#8211; Tootmisaasta: 2020<br \/>\n&#8211; Sertifitseerimisriik: Saksamaa (A)<br \/>\n&#8211; Suletav kork: Keermega, v\u00f5imalik lisada plomm<br \/>\n&#8211; Materjal: Vastupidav teras, tsingitud v\u00f5i lakitud<\/p>\n<p><strong>T\u00fc\u00fcpilised kasutusalad:<\/strong><br \/>\n&#8211; Keemiat\u00f6\u00f6stus: happed, leelised, lahustid, inhibiitorid<br \/>\n&#8211; Naftakeemia: \u00f5lid, k\u00fctused, lisandid, rasvaeemaldid<br \/>\n&#8211; Laborid ja farmaatsia: reaktiivid, kontsentreeritud lahused<br \/>\n&#8211; T\u00f6\u00f6stuslik tootmine: v\u00e4rvid, liimid, kattematerjalid<br \/>\n&#8211; Logistika ja eksport: sertifitseeritud pakend meritsi, \u00f5hutranspordiks v\u00f5i maismaaveoks<br \/>\n&#8211; Kaitse- ja lennut\u00f6\u00f6stus: spetsiaalsed v\u00f5i tundlikud vedelikud<\/p>\n<p><strong>T\u00e4htis teada:<\/strong><br \/>\n&#8211; Vastab t\u00e4ielikult ADR \/ RID \/ IMDG \/ ICAO \/ IATA n\u00f5uetele<br \/>\n&#8211; Ei sobi toidu ega joogivee hoidmiseks<br \/>\n&#8211; M\u00f5eldud k\u00f5rge riskiga vedelike ohutuks k\u00e4itlemiseks<br \/>\n&#8211; Testitud r\u00f5hu-, lekkimis-, kukkumis- ja virnastamiskindluse osas<\/p>\n","protected":false},"excerpt":{"rendered":"<p>See 500ml hermeetiline teraskanister on sertifitseeritud ohtlike vedelike, sealhulgas I pakigrupi (k\u00f5rge ohtlikkusega) ainete transportimiseks ja ladustamiseks. Valmistatud vastavalt rahvusvahelisele standardile UN\/1A1\/X\/250, tagades maksimaalse ohutuse, vastupidavuse ja vastavuse ohtlike kaupade transpordi n\u00f5uetele. <\/p>\n","protected":false},"featured_media":24346,"template":"","meta":[],"product_brand":[],"product_cat":[179],"product_tag":[],"class_list":{"0":"post-24364","1":"product","2":"type-product","3":"status-publish","4":"has-post-thumbnail","6":"product_cat-vaadid-kanistrid","7":"product_shipping_class-omniva-et","9":"first","10":"instock","11":"taxable","12":"shipping-taxable","13":"product-type-simple"},"yoast_head":"<!-- This site is optimized with the Yoast SEO plugin v26.9 - https:\/\/yoast.com\/product\/yoast-seo-wordpress\/ -->\n<title>Teraspurk 500 ml \u2013 UN 1A1 X-reitinguga ohtlike vedelike jaoks - IBC konteineri m&uuml;&uuml;k, vaadid, kraanid, mahutid<\/title>\n<meta name=\"description\" content=\"See 500ml hermeetiline teraskanister on sertifitseeritud ohtlike vedelike, sealhulgas I pakigrupi (k\u00f5rge ohtlikkusega) ainete transportimiseks ja ladustamiseks.\" \/>\n<meta name=\"robots\" content=\"index, follow, max-snippet:-1, max-image-preview:large, max-video-preview:-1\" \/>\n<link rel=\"canonical\" href=\"https:\/\/ibc.ee\/et\/toode\/teraspurk-500-ml-un-1a1-x-reitinguga-ohtlike-vedelike-jaoks\/\" \/>\n<meta property=\"og:locale\" content=\"et_EE\" \/>\n<meta property=\"og:type\" content=\"article\" \/>\n<meta property=\"og:title\" content=\"Teraspurk 500 ml \u2013 UN 1A1 X-reitinguga ohtlike vedelike jaoks - IBC konteineri m&uuml;&uuml;k, vaadid, kraanid, mahutid\" \/>\n<meta property=\"og:description\" content=\"See 500ml hermeetiline teraskanister on sertifitseeritud ohtlike vedelike, sealhulgas I pakigrupi (k\u00f5rge ohtlikkusega) ainete transportimiseks ja ladustamiseks.\" \/>\n<meta property=\"og:url\" content=\"https:\/\/ibc.ee\/et\/toode\/teraspurk-500-ml-un-1a1-x-reitinguga-ohtlike-vedelike-jaoks\/\" \/>\n<meta property=\"og:site_name\" content=\"IBC konteineri m&uuml;&uuml;k, vaadid, kraanid, mahutid\" \/>\n<meta property=\"og:image\" content=\"https:\/\/ibc.ee\/wp-content\/uploads\/2025\/07\/Steel-Can-500ML-UN-1A1-X-Rated-for-Hazardous-Liquids.jpg\" \/>\n\t<meta property=\"og:image:width\" content=\"1000\" \/>\n\t<meta property=\"og:image:height\" content=\"1000\" \/>\n\t<meta property=\"og:image:type\" content=\"image\/jpeg\" \/>\n<meta name=\"twitter:card\" content=\"summary_large_image\" \/>\n<meta name=\"twitter:label1\" content=\"Est. reading time\" \/>\n\t<meta name=\"twitter:data1\" content=\"1 minut\" \/>\n<script type=\"application\/ld+json\" class=\"yoast-schema-graph\">{\"@context\":\"https:\/\/schema.org\",\"@graph\":[{\"@type\":\"WebPage\",\"@id\":\"https:\/\/ibc.ee\/et\/toode\/teraspurk-500-ml-un-1a1-x-reitinguga-ohtlike-vedelike-jaoks\/\",\"url\":\"https:\/\/ibc.ee\/et\/toode\/teraspurk-500-ml-un-1a1-x-reitinguga-ohtlike-vedelike-jaoks\/\",\"name\":\"Teraspurk 500 ml \u2013 UN 1A1 X-reitinguga ohtlike vedelike jaoks - IBC konteineri m&uuml;&uuml;k, vaadid, kraanid, mahutid\",\"isPartOf\":{\"@id\":\"https:\/\/www.ibc.ee\/et\/#website\"},\"primaryImageOfPage\":{\"@id\":\"https:\/\/ibc.ee\/et\/toode\/teraspurk-500-ml-un-1a1-x-reitinguga-ohtlike-vedelike-jaoks\/#primaryimage\"},\"image\":{\"@id\":\"https:\/\/ibc.ee\/et\/toode\/teraspurk-500-ml-un-1a1-x-reitinguga-ohtlike-vedelike-jaoks\/#primaryimage\"},\"thumbnailUrl\":\"https:\/\/ibc.ee\/wp-content\/uploads\/2025\/07\/Steel-Can-500ML-UN-1A1-X-Rated-for-Hazardous-Liquids.jpg\",\"datePublished\":\"2025-07-11T07:31:30+00:00\",\"description\":\"See 500ml hermeetiline teraskanister on sertifitseeritud ohtlike vedelike, sealhulgas I pakigrupi (k\u00f5rge ohtlikkusega) ainete transportimiseks ja ladustamiseks.\",\"breadcrumb\":{\"@id\":\"https:\/\/ibc.ee\/et\/toode\/teraspurk-500-ml-un-1a1-x-reitinguga-ohtlike-vedelike-jaoks\/#breadcrumb\"},\"inLanguage\":\"et\",\"potentialAction\":[{\"@type\":\"ReadAction\",\"target\":[\"https:\/\/ibc.ee\/et\/toode\/teraspurk-500-ml-un-1a1-x-reitinguga-ohtlike-vedelike-jaoks\/\"]}]},{\"@type\":\"ImageObject\",\"inLanguage\":\"et\",\"@id\":\"https:\/\/ibc.ee\/et\/toode\/teraspurk-500-ml-un-1a1-x-reitinguga-ohtlike-vedelike-jaoks\/#primaryimage\",\"url\":\"https:\/\/ibc.ee\/wp-content\/uploads\/2025\/07\/Steel-Can-500ML-UN-1A1-X-Rated-for-Hazardous-Liquids.jpg\",\"contentUrl\":\"https:\/\/ibc.ee\/wp-content\/uploads\/2025\/07\/Steel-Can-500ML-UN-1A1-X-Rated-for-Hazardous-Liquids.jpg\",\"width\":1000,\"height\":1000,\"caption\":\"Steel Can 500ML \u2013 UN 1A1 X-Rated for Hazardous Liquids\"},{\"@type\":\"BreadcrumbList\",\"@id\":\"https:\/\/ibc.ee\/et\/toode\/teraspurk-500-ml-un-1a1-x-reitinguga-ohtlike-vedelike-jaoks\/#breadcrumb\",\"itemListElement\":[{\"@type\":\"ListItem\",\"position\":1,\"name\":\"\u0413\u043b\u0430\u0432\u043d\u0430\u044f \u0441\u0442\u0440\u0430\u043d\u0438\u0446\u0430\",\"item\":\"https:\/\/ibc.ee\/et\/\"},{\"@type\":\"ListItem\",\"position\":2,\"name\":\"Pood\",\"item\":\"https:\/\/ibc.ee\/et\/shop\/\"},{\"@type\":\"ListItem\",\"position\":3,\"name\":\"Teraspurk 500 ml \u2013 UN 1A1 X-reitinguga ohtlike vedelike jaoks\"}]},{\"@type\":\"WebSite\",\"@id\":\"https:\/\/www.ibc.ee\/et\/#website\",\"url\":\"https:\/\/www.ibc.ee\/et\/\",\"name\":\"IBC konteineri m&uuml;&uuml;k, vaadid, kraanid, mahutid\",\"description\":\"IBC - Tank container valve, Adapters\\\\fittings, Intermediate bulk, container, Drums\/cans\",\"potentialAction\":[{\"@type\":\"SearchAction\",\"target\":{\"@type\":\"EntryPoint\",\"urlTemplate\":\"https:\/\/www.ibc.ee\/et\/?s={search_term_string}\"},\"query-input\":{\"@type\":\"PropertyValueSpecification\",\"valueRequired\":true,\"valueName\":\"search_term_string\"}}],\"inLanguage\":\"et\"}]}<\/script>\n<!-- \/ Yoast SEO plugin. -->","yoast_head_json":{"title":"Teraspurk 500 ml \u2013 UN 1A1 X-reitinguga ohtlike vedelike jaoks - IBC konteineri m&uuml;&uuml;k, vaadid, kraanid, mahutid","description":"See 500ml hermeetiline teraskanister on sertifitseeritud ohtlike vedelike, sealhulgas I pakigrupi (k\u00f5rge ohtlikkusega) ainete transportimiseks ja ladustamiseks.","robots":{"index":"index","follow":"follow","max-snippet":"max-snippet:-1","max-image-preview":"max-image-preview:large","max-video-preview":"max-video-preview:-1"},"canonical":"https:\/\/ibc.ee\/et\/toode\/teraspurk-500-ml-un-1a1-x-reitinguga-ohtlike-vedelike-jaoks\/","og_locale":"et_EE","og_type":"article","og_title":"Teraspurk 500 ml \u2013 UN 1A1 X-reitinguga ohtlike vedelike jaoks - IBC konteineri m&uuml;&uuml;k, vaadid, kraanid, mahutid","og_description":"See 500ml hermeetiline teraskanister on sertifitseeritud ohtlike vedelike, sealhulgas I pakigrupi (k\u00f5rge ohtlikkusega) ainete transportimiseks ja ladustamiseks.","og_url":"https:\/\/ibc.ee\/et\/toode\/teraspurk-500-ml-un-1a1-x-reitinguga-ohtlike-vedelike-jaoks\/","og_site_name":"IBC konteineri m&uuml;&uuml;k, vaadid, kraanid, mahutid","og_image":[{"width":1000,"height":1000,"url":"https:\/\/ibc.ee\/wp-content\/uploads\/2025\/07\/Steel-Can-500ML-UN-1A1-X-Rated-for-Hazardous-Liquids.jpg","type":"image\/jpeg"}],"twitter_card":"summary_large_image","twitter_misc":{"Est. reading time":"1 minut"},"schema":{"@context":"https:\/\/schema.org","@graph":[{"@type":"WebPage","@id":"https:\/\/ibc.ee\/et\/toode\/teraspurk-500-ml-un-1a1-x-reitinguga-ohtlike-vedelike-jaoks\/","url":"https:\/\/ibc.ee\/et\/toode\/teraspurk-500-ml-un-1a1-x-reitinguga-ohtlike-vedelike-jaoks\/","name":"Teraspurk 500 ml \u2013 UN 1A1 X-reitinguga ohtlike vedelike jaoks - IBC konteineri m&uuml;&uuml;k, vaadid, kraanid, mahutid","isPartOf":{"@id":"https:\/\/www.ibc.ee\/et\/#website"},"primaryImageOfPage":{"@id":"https:\/\/ibc.ee\/et\/toode\/teraspurk-500-ml-un-1a1-x-reitinguga-ohtlike-vedelike-jaoks\/#primaryimage"},"image":{"@id":"https:\/\/ibc.ee\/et\/toode\/teraspurk-500-ml-un-1a1-x-reitinguga-ohtlike-vedelike-jaoks\/#primaryimage"},"thumbnailUrl":"https:\/\/ibc.ee\/wp-content\/uploads\/2025\/07\/Steel-Can-500ML-UN-1A1-X-Rated-for-Hazardous-Liquids.jpg","datePublished":"2025-07-11T07:31:30+00:00","description":"See 500ml hermeetiline teraskanister on sertifitseeritud ohtlike vedelike, sealhulgas I pakigrupi (k\u00f5rge ohtlikkusega) ainete transportimiseks ja ladustamiseks.","breadcrumb":{"@id":"https:\/\/ibc.ee\/et\/toode\/teraspurk-500-ml-un-1a1-x-reitinguga-ohtlike-vedelike-jaoks\/#breadcrumb"},"inLanguage":"et","potentialAction":[{"@type":"ReadAction","target":["https:\/\/ibc.ee\/et\/toode\/teraspurk-500-ml-un-1a1-x-reitinguga-ohtlike-vedelike-jaoks\/"]}]},{"@type":"ImageObject","inLanguage":"et","@id":"https:\/\/ibc.ee\/et\/toode\/teraspurk-500-ml-un-1a1-x-reitinguga-ohtlike-vedelike-jaoks\/#primaryimage","url":"https:\/\/ibc.ee\/wp-content\/uploads\/2025\/07\/Steel-Can-500ML-UN-1A1-X-Rated-for-Hazardous-Liquids.jpg","contentUrl":"https:\/\/ibc.ee\/wp-content\/uploads\/2025\/07\/Steel-Can-500ML-UN-1A1-X-Rated-for-Hazardous-Liquids.jpg","width":1000,"height":1000,"caption":"Steel Can 500ML \u2013 UN 1A1 X-Rated for Hazardous Liquids"},{"@type":"BreadcrumbList","@id":"https:\/\/ibc.ee\/et\/toode\/teraspurk-500-ml-un-1a1-x-reitinguga-ohtlike-vedelike-jaoks\/#breadcrumb","itemListElement":[{"@type":"ListItem","position":1,"name":"\u0413\u043b\u0430\u0432\u043d\u0430\u044f \u0441\u0442\u0440\u0430\u043d\u0438\u0446\u0430","item":"https:\/\/ibc.ee\/et\/"},{"@type":"ListItem","position":2,"name":"Pood","item":"https:\/\/ibc.ee\/et\/shop\/"},{"@type":"ListItem","position":3,"name":"Teraspurk 500 ml \u2013 UN 1A1 X-reitinguga ohtlike vedelike jaoks"}]},{"@type":"WebSite","@id":"https:\/\/www.ibc.ee\/et\/#website","url":"https:\/\/www.ibc.ee\/et\/","name":"IBC konteineri m&uuml;&uuml;k, vaadid, kraanid, mahutid","description":"IBC - Tank container valve, Adapters\\fittings, Intermediate bulk, container, Drums\/cans","potentialAction":[{"@type":"SearchAction","target":{"@type":"EntryPoint","urlTemplate":"https:\/\/www.ibc.ee\/et\/?s={search_term_string}"},"query-input":{"@type":"PropertyValueSpecification","valueRequired":true,"valueName":"search_term_string"}}],"inLanguage":"et"}]}},"_links":{"self":[{"href":"https:\/\/ibc.ee\/et\/wp-json\/wp\/v2\/product\/24364","targetHints":{"allow":["GET"]}}],"collection":[{"href":"https:\/\/ibc.ee\/et\/wp-json\/wp\/v2\/product"}],"about":[{"href":"https:\/\/ibc.ee\/et\/wp-json\/wp\/v2\/types\/product"}],"wp:featuredmedia":[{"embeddable":true,"href":"https:\/\/ibc.ee\/et\/wp-json\/wp\/v2\/media\/24346"}],"wp:attachment":[{"href":"https:\/\/ibc.ee\/et\/wp-json\/wp\/v2\/media?parent=24364"}],"wp:term":[{"taxonomy":"product_brand","embeddable":true,"href":"https:\/\/ibc.ee\/et\/wp-json\/wp\/v2\/product_brand?post=24364"},{"taxonomy":"product_cat","embeddable":true,"href":"https:\/\/ibc.ee\/et\/wp-json\/wp\/v2\/product_cat?post=24364"},{"taxonomy":"product_tag","embeddable":true,"href":"https:\/\/ibc.ee\/et\/wp-json\/wp\/v2\/product_tag?post=24364"}],"curies":[{"name":"wp","href":"https:\/\/api.w.org\/{rel}","templated":true}]}}