{"id":24383,"date":"2025-07-11T14:58:09","date_gmt":"2025-07-11T13:08:04","guid":{"rendered":"https:\/\/ibc.ee\/product\/5l-plastkanister-un-3h1-y-150-sertifikaadiga-ohtlike-vedelike-jaoks\/"},"modified":"2025-07-11T15:08:04","modified_gmt":"2025-07-11T13:08:04","slug":"5l-plastkanister-un-3h1-y-150-sertifikaadiga-ohtlike-vedelike-jaoks","status":"publish","type":"product","link":"https:\/\/ibc.ee\/et\/toode\/5l-plastkanister-un-3h1-y-150-sertifikaadiga-ohtlike-vedelike-jaoks\/","title":{"rendered":"5L plastkanister \u2013 UN 3H1\/Y\/150 sertifikaadiga ohtlike vedelike jaoks"},"content":{"rendered":"<p><strong>P\u00f5hiomadused:<\/strong><br \/>\n&#8211; T\u00fc\u00fcp: 3H1 \u2013 plastkanister kinnise (mittesehitatava) korgiga<br \/>\n&#8211; Maht: 5 liitrit<br \/>\n&#8211; UN m\u00e4rgistus: Y \u2013 heaks kiidetud II ja III pakigrupi jaoks<br \/>\n&#8211; Maksimaalne tihedus: kuni 1,50 (150 kg\/m\u00b3)<br \/>\n&#8211; Materjal: K\u00f5rgtugev pol\u00fcet\u00fcleen (HDPE)<br \/>\n&#8211; Sertifitseeritud riik: Poola (PL)<br \/>\n&#8211; Tootja \/ sertifikaat: COBRO \/ NIFCO<br \/>\n&#8211; Mugav k\u00e4epide, kompaktselt ladustatav kuju<\/p>\n<p><strong>T\u00fc\u00fcpilised kasutuskohad:<\/strong><br \/>\n&#8211; Keemiatooted: puhastusvahendid, lahustid, pindaktiivsed ained, leelised<br \/>\n&#8211; Autokeemia: jahutusvedelikud, pidurivedelikud, lisandid<br \/>\n&#8211; T\u00f6\u00f6stuslikud vedelikud: v\u00e4rvid, m\u00e4\u00e4rdeained, voolained<br \/>\n&#8211; P\u00f5llumajandus: v\u00e4etised, taimekaitsevahendid<br \/>\n&#8211; Ehituses: betoonilisandid, krundid, tihendussegud<\/p>\n<p><strong>Oluline info:<\/strong><br \/>\n&#8211; M\u00f5eldud ainult tehniliste ja keemiliste vedelike jaoks<br \/>\n&#8211; Ei sobi toidule ega joogiveele<br \/>\n&#8211; Vastab t\u00e4ielikult ADR \/ RID \/ IMDG \/ IATA transpordieeskirjadele<\/p>\n","protected":false},"excerpt":{"rendered":"<p>See kompaktne ja vastupidav 5-liitrine plastkanister on UN-sertifikaadiga 3H1\/Y\/150, sobides ohtlike ja mitteohtlike vedelike ohutuks transportimiseks ja ladustamiseks II ja III pakigrupi raames.<\/p>\n<p>Toodetud Poolas tootja COBRO poolt, mudel NIFCO, partii kuup\u00e4ev 11\/2019.<\/p>\n","protected":false},"featured_media":24374,"template":"","meta":[],"product_brand":[],"product_cat":[179],"product_tag":[],"class_list":{"0":"post-24383","1":"product","2":"type-product","3":"status-publish","4":"has-post-thumbnail","6":"product_cat-vaadid-kanistrid","7":"product_shipping_class-omniva-et","9":"first","10":"instock","11":"taxable","12":"shipping-taxable","13":"product-type-simple"},"yoast_head":"<!-- This site is optimized with the Yoast SEO plugin v26.9 - https:\/\/yoast.com\/product\/yoast-seo-wordpress\/ -->\n<title>5L plastkanister \u2013 UN 3H1\/Y\/150 sertifikaadiga ohtlike vedelike jaoks - IBC konteineri m&uuml;&uuml;k, vaadid, kraanid, mahutid<\/title>\n<meta name=\"description\" content=\"See kompaktne ja vastupidav 5-liitrine plastkanister on UN-sertifikaadiga 3H1\/Y\/150, sobides ohtlike ja mitteohtlike vedelike ohutuks transportimiseks ja ladustamiseks II ja III pakigrupi raames.\" \/>\n<meta name=\"robots\" content=\"index, follow, max-snippet:-1, max-image-preview:large, max-video-preview:-1\" \/>\n<link rel=\"canonical\" href=\"https:\/\/ibc.ee\/et\/toode\/5l-plastkanister-un-3h1-y-150-sertifikaadiga-ohtlike-vedelike-jaoks\/\" \/>\n<meta property=\"og:locale\" content=\"et_EE\" \/>\n<meta property=\"og:type\" content=\"article\" \/>\n<meta property=\"og:title\" content=\"5L plastkanister \u2013 UN 3H1\/Y\/150 sertifikaadiga ohtlike vedelike jaoks - IBC konteineri m&uuml;&uuml;k, vaadid, kraanid, mahutid\" \/>\n<meta property=\"og:description\" content=\"See kompaktne ja vastupidav 5-liitrine plastkanister on UN-sertifikaadiga 3H1\/Y\/150, sobides ohtlike ja mitteohtlike vedelike ohutuks transportimiseks ja ladustamiseks II ja III pakigrupi raames.\" \/>\n<meta property=\"og:url\" content=\"https:\/\/ibc.ee\/et\/toode\/5l-plastkanister-un-3h1-y-150-sertifikaadiga-ohtlike-vedelike-jaoks\/\" \/>\n<meta property=\"og:site_name\" content=\"IBC konteineri m&uuml;&uuml;k, vaadid, kraanid, mahutid\" \/>\n<meta property=\"og:image\" content=\"https:\/\/ibc.ee\/wp-content\/uploads\/2025\/07\/5L-Plastic-Jerrycan-UN-3H1Y150-Certified-for-Hazardous-Liquids.jpg\" \/>\n\t<meta property=\"og:image:width\" content=\"1000\" \/>\n\t<meta property=\"og:image:height\" content=\"1000\" \/>\n\t<meta property=\"og:image:type\" content=\"image\/jpeg\" \/>\n<meta name=\"twitter:card\" content=\"summary_large_image\" \/>\n<meta name=\"twitter:label1\" content=\"Est. reading time\" \/>\n\t<meta name=\"twitter:data1\" content=\"1 minut\" \/>\n<script type=\"application\/ld+json\" class=\"yoast-schema-graph\">{\"@context\":\"https:\/\/schema.org\",\"@graph\":[{\"@type\":\"WebPage\",\"@id\":\"https:\/\/ibc.ee\/et\/toode\/5l-plastkanister-un-3h1-y-150-sertifikaadiga-ohtlike-vedelike-jaoks\/\",\"url\":\"https:\/\/ibc.ee\/et\/toode\/5l-plastkanister-un-3h1-y-150-sertifikaadiga-ohtlike-vedelike-jaoks\/\",\"name\":\"5L plastkanister \u2013 UN 3H1\/Y\/150 sertifikaadiga ohtlike vedelike jaoks - IBC konteineri m&uuml;&uuml;k, vaadid, kraanid, mahutid\",\"isPartOf\":{\"@id\":\"https:\/\/www.ibc.ee\/et\/#website\"},\"primaryImageOfPage\":{\"@id\":\"https:\/\/ibc.ee\/et\/toode\/5l-plastkanister-un-3h1-y-150-sertifikaadiga-ohtlike-vedelike-jaoks\/#primaryimage\"},\"image\":{\"@id\":\"https:\/\/ibc.ee\/et\/toode\/5l-plastkanister-un-3h1-y-150-sertifikaadiga-ohtlike-vedelike-jaoks\/#primaryimage\"},\"thumbnailUrl\":\"https:\/\/ibc.ee\/wp-content\/uploads\/2025\/07\/5L-Plastic-Jerrycan-UN-3H1Y150-Certified-for-Hazardous-Liquids.jpg\",\"datePublished\":\"2025-07-11T13:08:04+00:00\",\"description\":\"See kompaktne ja vastupidav 5-liitrine plastkanister on UN-sertifikaadiga 3H1\/Y\/150, sobides ohtlike ja mitteohtlike vedelike ohutuks transportimiseks ja ladustamiseks II ja III pakigrupi raames.\",\"breadcrumb\":{\"@id\":\"https:\/\/ibc.ee\/et\/toode\/5l-plastkanister-un-3h1-y-150-sertifikaadiga-ohtlike-vedelike-jaoks\/#breadcrumb\"},\"inLanguage\":\"et\",\"potentialAction\":[{\"@type\":\"ReadAction\",\"target\":[\"https:\/\/ibc.ee\/et\/toode\/5l-plastkanister-un-3h1-y-150-sertifikaadiga-ohtlike-vedelike-jaoks\/\"]}]},{\"@type\":\"ImageObject\",\"inLanguage\":\"et\",\"@id\":\"https:\/\/ibc.ee\/et\/toode\/5l-plastkanister-un-3h1-y-150-sertifikaadiga-ohtlike-vedelike-jaoks\/#primaryimage\",\"url\":\"https:\/\/ibc.ee\/wp-content\/uploads\/2025\/07\/5L-Plastic-Jerrycan-UN-3H1Y150-Certified-for-Hazardous-Liquids.jpg\",\"contentUrl\":\"https:\/\/ibc.ee\/wp-content\/uploads\/2025\/07\/5L-Plastic-Jerrycan-UN-3H1Y150-Certified-for-Hazardous-Liquids.jpg\",\"width\":1000,\"height\":1000,\"caption\":\"-\"},{\"@type\":\"BreadcrumbList\",\"@id\":\"https:\/\/ibc.ee\/et\/toode\/5l-plastkanister-un-3h1-y-150-sertifikaadiga-ohtlike-vedelike-jaoks\/#breadcrumb\",\"itemListElement\":[{\"@type\":\"ListItem\",\"position\":1,\"name\":\"\u0413\u043b\u0430\u0432\u043d\u0430\u044f \u0441\u0442\u0440\u0430\u043d\u0438\u0446\u0430\",\"item\":\"https:\/\/ibc.ee\/et\/\"},{\"@type\":\"ListItem\",\"position\":2,\"name\":\"Pood\",\"item\":\"https:\/\/ibc.ee\/et\/shop\/\"},{\"@type\":\"ListItem\",\"position\":3,\"name\":\"5L plastkanister \u2013 UN 3H1\/Y\/150 sertifikaadiga ohtlike vedelike jaoks\"}]},{\"@type\":\"WebSite\",\"@id\":\"https:\/\/www.ibc.ee\/et\/#website\",\"url\":\"https:\/\/www.ibc.ee\/et\/\",\"name\":\"IBC konteineri m&uuml;&uuml;k, vaadid, kraanid, mahutid\",\"description\":\"IBC - Tank container valve, Adapters\\\\fittings, Intermediate bulk, container, Drums\/cans\",\"potentialAction\":[{\"@type\":\"SearchAction\",\"target\":{\"@type\":\"EntryPoint\",\"urlTemplate\":\"https:\/\/www.ibc.ee\/et\/?s={search_term_string}\"},\"query-input\":{\"@type\":\"PropertyValueSpecification\",\"valueRequired\":true,\"valueName\":\"search_term_string\"}}],\"inLanguage\":\"et\"}]}<\/script>\n<!-- \/ Yoast SEO plugin. -->","yoast_head_json":{"title":"5L plastkanister \u2013 UN 3H1\/Y\/150 sertifikaadiga ohtlike vedelike jaoks - IBC konteineri m&uuml;&uuml;k, vaadid, kraanid, mahutid","description":"See kompaktne ja vastupidav 5-liitrine plastkanister on UN-sertifikaadiga 3H1\/Y\/150, sobides ohtlike ja mitteohtlike vedelike ohutuks transportimiseks ja ladustamiseks II ja III pakigrupi raames.","robots":{"index":"index","follow":"follow","max-snippet":"max-snippet:-1","max-image-preview":"max-image-preview:large","max-video-preview":"max-video-preview:-1"},"canonical":"https:\/\/ibc.ee\/et\/toode\/5l-plastkanister-un-3h1-y-150-sertifikaadiga-ohtlike-vedelike-jaoks\/","og_locale":"et_EE","og_type":"article","og_title":"5L plastkanister \u2013 UN 3H1\/Y\/150 sertifikaadiga ohtlike vedelike jaoks - IBC konteineri m&uuml;&uuml;k, vaadid, kraanid, mahutid","og_description":"See kompaktne ja vastupidav 5-liitrine plastkanister on UN-sertifikaadiga 3H1\/Y\/150, sobides ohtlike ja mitteohtlike vedelike ohutuks transportimiseks ja ladustamiseks II ja III pakigrupi raames.","og_url":"https:\/\/ibc.ee\/et\/toode\/5l-plastkanister-un-3h1-y-150-sertifikaadiga-ohtlike-vedelike-jaoks\/","og_site_name":"IBC konteineri m&uuml;&uuml;k, vaadid, kraanid, mahutid","og_image":[{"width":1000,"height":1000,"url":"https:\/\/ibc.ee\/wp-content\/uploads\/2025\/07\/5L-Plastic-Jerrycan-UN-3H1Y150-Certified-for-Hazardous-Liquids.jpg","type":"image\/jpeg"}],"twitter_card":"summary_large_image","twitter_misc":{"Est. reading time":"1 minut"},"schema":{"@context":"https:\/\/schema.org","@graph":[{"@type":"WebPage","@id":"https:\/\/ibc.ee\/et\/toode\/5l-plastkanister-un-3h1-y-150-sertifikaadiga-ohtlike-vedelike-jaoks\/","url":"https:\/\/ibc.ee\/et\/toode\/5l-plastkanister-un-3h1-y-150-sertifikaadiga-ohtlike-vedelike-jaoks\/","name":"5L plastkanister \u2013 UN 3H1\/Y\/150 sertifikaadiga ohtlike vedelike jaoks - IBC konteineri m&uuml;&uuml;k, vaadid, kraanid, mahutid","isPartOf":{"@id":"https:\/\/www.ibc.ee\/et\/#website"},"primaryImageOfPage":{"@id":"https:\/\/ibc.ee\/et\/toode\/5l-plastkanister-un-3h1-y-150-sertifikaadiga-ohtlike-vedelike-jaoks\/#primaryimage"},"image":{"@id":"https:\/\/ibc.ee\/et\/toode\/5l-plastkanister-un-3h1-y-150-sertifikaadiga-ohtlike-vedelike-jaoks\/#primaryimage"},"thumbnailUrl":"https:\/\/ibc.ee\/wp-content\/uploads\/2025\/07\/5L-Plastic-Jerrycan-UN-3H1Y150-Certified-for-Hazardous-Liquids.jpg","datePublished":"2025-07-11T13:08:04+00:00","description":"See kompaktne ja vastupidav 5-liitrine plastkanister on UN-sertifikaadiga 3H1\/Y\/150, sobides ohtlike ja mitteohtlike vedelike ohutuks transportimiseks ja ladustamiseks II ja III pakigrupi raames.","breadcrumb":{"@id":"https:\/\/ibc.ee\/et\/toode\/5l-plastkanister-un-3h1-y-150-sertifikaadiga-ohtlike-vedelike-jaoks\/#breadcrumb"},"inLanguage":"et","potentialAction":[{"@type":"ReadAction","target":["https:\/\/ibc.ee\/et\/toode\/5l-plastkanister-un-3h1-y-150-sertifikaadiga-ohtlike-vedelike-jaoks\/"]}]},{"@type":"ImageObject","inLanguage":"et","@id":"https:\/\/ibc.ee\/et\/toode\/5l-plastkanister-un-3h1-y-150-sertifikaadiga-ohtlike-vedelike-jaoks\/#primaryimage","url":"https:\/\/ibc.ee\/wp-content\/uploads\/2025\/07\/5L-Plastic-Jerrycan-UN-3H1Y150-Certified-for-Hazardous-Liquids.jpg","contentUrl":"https:\/\/ibc.ee\/wp-content\/uploads\/2025\/07\/5L-Plastic-Jerrycan-UN-3H1Y150-Certified-for-Hazardous-Liquids.jpg","width":1000,"height":1000,"caption":"-"},{"@type":"BreadcrumbList","@id":"https:\/\/ibc.ee\/et\/toode\/5l-plastkanister-un-3h1-y-150-sertifikaadiga-ohtlike-vedelike-jaoks\/#breadcrumb","itemListElement":[{"@type":"ListItem","position":1,"name":"\u0413\u043b\u0430\u0432\u043d\u0430\u044f \u0441\u0442\u0440\u0430\u043d\u0438\u0446\u0430","item":"https:\/\/ibc.ee\/et\/"},{"@type":"ListItem","position":2,"name":"Pood","item":"https:\/\/ibc.ee\/et\/shop\/"},{"@type":"ListItem","position":3,"name":"5L plastkanister \u2013 UN 3H1\/Y\/150 sertifikaadiga ohtlike vedelike jaoks"}]},{"@type":"WebSite","@id":"https:\/\/www.ibc.ee\/et\/#website","url":"https:\/\/www.ibc.ee\/et\/","name":"IBC konteineri m&uuml;&uuml;k, vaadid, kraanid, mahutid","description":"IBC - Tank container valve, Adapters\\fittings, Intermediate bulk, container, Drums\/cans","potentialAction":[{"@type":"SearchAction","target":{"@type":"EntryPoint","urlTemplate":"https:\/\/www.ibc.ee\/et\/?s={search_term_string}"},"query-input":{"@type":"PropertyValueSpecification","valueRequired":true,"valueName":"search_term_string"}}],"inLanguage":"et"}]}},"_links":{"self":[{"href":"https:\/\/ibc.ee\/et\/wp-json\/wp\/v2\/product\/24383","targetHints":{"allow":["GET"]}}],"collection":[{"href":"https:\/\/ibc.ee\/et\/wp-json\/wp\/v2\/product"}],"about":[{"href":"https:\/\/ibc.ee\/et\/wp-json\/wp\/v2\/types\/product"}],"wp:featuredmedia":[{"embeddable":true,"href":"https:\/\/ibc.ee\/et\/wp-json\/wp\/v2\/media\/24374"}],"wp:attachment":[{"href":"https:\/\/ibc.ee\/et\/wp-json\/wp\/v2\/media?parent=24383"}],"wp:term":[{"taxonomy":"product_brand","embeddable":true,"href":"https:\/\/ibc.ee\/et\/wp-json\/wp\/v2\/product_brand?post=24383"},{"taxonomy":"product_cat","embeddable":true,"href":"https:\/\/ibc.ee\/et\/wp-json\/wp\/v2\/product_cat?post=24383"},{"taxonomy":"product_tag","embeddable":true,"href":"https:\/\/ibc.ee\/et\/wp-json\/wp\/v2\/product_tag?post=24383"}],"curies":[{"name":"wp","href":"https:\/\/api.w.org\/{rel}","templated":true}]}}