{"id":24412,"date":"2025-07-14T12:27:55","date_gmt":"2025-07-14T10:42:06","guid":{"rendered":"https:\/\/ibc.ee\/product\/5l-un-sertifikaadiga-teraskanister-sobilik-ohtlike-vedelike-jaoks\/"},"modified":"2025-07-14T12:42:06","modified_gmt":"2025-07-14T10:42:06","slug":"5l-un-sertifikaadiga-teraskanister-sobilik-ohtlike-vedelike-jaoks","status":"publish","type":"product","link":"https:\/\/ibc.ee\/et\/toode\/5l-un-sertifikaadiga-teraskanister-sobilik-ohtlike-vedelike-jaoks\/","title":{"rendered":"5L UN-sertifikaadiga teraskanister sobilik ohtlike vedelike jaoks"},"content":{"rendered":"<p><strong>P\u00f5hiandmed:<\/strong><br \/>\n&#8211; T\u00fc\u00fcp: 3A1 \u2013 hermeetilise (mitteavatava) kaanega teraskanister<br \/>\n&#8211; UN-klass: Y \u2013 sobib II ja III pakigrupi ainetele<br \/>\n&#8211; Maksimaalne tihedus: kuni 1,70 (170 kg\/m\u00b3)<br \/>\n&#8211; Maht: 5 liitrit<br \/>\n&#8211; Materjal: T\u00f6\u00f6stuslik korrosioonikindel teras<br \/>\n&#8211; Kinnitus: Keermega v\u00f5i suletav kork (v\u00f5imalik tamper evident v\u00f5i ventiiliga variant)<br \/>\n&#8211; Sertifitseerija: BAM7547 (Saksamaa)<br \/>\n&#8211; Tootmisaasta: 2022 (kood 22D)<\/p>\n<p><strong>T\u00fc\u00fcpilised kasutusalad:<\/strong><br \/>\n&#8211; Kemikaalid ja lahustid: tuleohtlikud ja s\u00f6\u00f6vitavad vedelikud, puhastusained, lahustid<br \/>\n&#8211; Autokeemia: \u00f5lid, k\u00fctuselisandid, piduri- ja h\u00fcdraulikavedelikud<br \/>\n&#8211; T\u00f6\u00f6stus: liimid, kattematerjalid, rasvaeemaldid, vaigud<br \/>\n&#8211; Ohtlikud j\u00e4\u00e4tmed: ajutine vedelate j\u00e4\u00e4tmete v\u00f5i j\u00e4\u00e4kide kogumine<br \/>\n&#8211; Ekspordipakend: sobib rahvusvaheliseks transpordiks (ADR \/ RID \/ IMDG \/ IATA)<br \/>\n&#8211; Ehitus: h\u00fcdroisolatsioonivahendid, tihendid, sideained<\/p>\n","protected":false},"excerpt":{"rendered":"<p>See 5-liitrine teraskanister on UN-sertifikaadiga koodiga 3A1\/Y\/170, mis teeb selle ideaalseks ohtlike ja mitteohtlike vedelike ohutuks ladustamiseks ja transpordiks II ja III pakigrupis. Hermeetilise, mitte-eemaldatava kaanega konstruktsioon tagab lekkekindluse ja vastavuse rahvusvahelistele transpordistandarditele. <\/p>\n<p>Kanister on sertifitseeritud Saksamaal (sertifikaadikood BAM7547) ja toodetud 2022. aastal (22D). Vastab t\u00e4ielikult ohtlike ainete maantee-, mere- ja \u00f5hutranspordi n\u00f5uetele.<\/p>\n","protected":false},"featured_media":24394,"template":"","meta":[],"product_brand":[],"product_cat":[179],"product_tag":[],"class_list":{"0":"post-24412","1":"product","2":"type-product","3":"status-publish","4":"has-post-thumbnail","6":"product_cat-vaadid-kanistrid","7":"product_shipping_class-omniva-et","9":"first","10":"instock","11":"taxable","12":"shipping-taxable","13":"product-type-simple"},"yoast_head":"<!-- This site is optimized with the Yoast SEO plugin v26.9 - https:\/\/yoast.com\/product\/yoast-seo-wordpress\/ -->\n<title>5L UN-sertifikaadiga teraskanister sobilik ohtlike vedelike jaoks - IBC konteineri m&uuml;&uuml;k, vaadid, kraanid, mahutid<\/title>\n<meta name=\"description\" content=\"See 5-liitrine teraskanister on UN-sertifikaadiga koodiga 3A1\/Y\/170, mis teeb selle ideaalseks ohtlike ja mitteohtlike vedelike ohutuks ladustamiseks ja transpordiks.\" \/>\n<meta name=\"robots\" content=\"index, follow, max-snippet:-1, max-image-preview:large, max-video-preview:-1\" \/>\n<link rel=\"canonical\" href=\"https:\/\/ibc.ee\/et\/toode\/5l-un-sertifikaadiga-teraskanister-sobilik-ohtlike-vedelike-jaoks\/\" \/>\n<meta property=\"og:locale\" content=\"et_EE\" \/>\n<meta property=\"og:type\" content=\"article\" \/>\n<meta property=\"og:title\" content=\"5L UN-sertifikaadiga teraskanister sobilik ohtlike vedelike jaoks - IBC konteineri m&uuml;&uuml;k, vaadid, kraanid, mahutid\" \/>\n<meta property=\"og:description\" content=\"See 5-liitrine teraskanister on UN-sertifikaadiga koodiga 3A1\/Y\/170, mis teeb selle ideaalseks ohtlike ja mitteohtlike vedelike ohutuks ladustamiseks ja transpordiks.\" \/>\n<meta property=\"og:url\" content=\"https:\/\/ibc.ee\/et\/toode\/5l-un-sertifikaadiga-teraskanister-sobilik-ohtlike-vedelike-jaoks\/\" \/>\n<meta property=\"og:site_name\" content=\"IBC konteineri m&uuml;&uuml;k, vaadid, kraanid, mahutid\" \/>\n<meta property=\"og:image\" content=\"https:\/\/ibc.ee\/wp-content\/uploads\/2025\/07\/5L-UN-certified-steel-can-approved-for-hazardous-liquids.jpg\" \/>\n\t<meta property=\"og:image:width\" content=\"1000\" \/>\n\t<meta property=\"og:image:height\" content=\"1000\" \/>\n\t<meta property=\"og:image:type\" content=\"image\/jpeg\" \/>\n<meta name=\"twitter:card\" content=\"summary_large_image\" \/>\n<meta name=\"twitter:label1\" content=\"Est. reading time\" \/>\n\t<meta name=\"twitter:data1\" content=\"1 minut\" \/>\n<script type=\"application\/ld+json\" class=\"yoast-schema-graph\">{\"@context\":\"https:\/\/schema.org\",\"@graph\":[{\"@type\":\"WebPage\",\"@id\":\"https:\/\/ibc.ee\/et\/toode\/5l-un-sertifikaadiga-teraskanister-sobilik-ohtlike-vedelike-jaoks\/\",\"url\":\"https:\/\/ibc.ee\/et\/toode\/5l-un-sertifikaadiga-teraskanister-sobilik-ohtlike-vedelike-jaoks\/\",\"name\":\"5L UN-sertifikaadiga teraskanister sobilik ohtlike vedelike jaoks - IBC konteineri m&uuml;&uuml;k, vaadid, kraanid, mahutid\",\"isPartOf\":{\"@id\":\"https:\/\/www.ibc.ee\/et\/#website\"},\"primaryImageOfPage\":{\"@id\":\"https:\/\/ibc.ee\/et\/toode\/5l-un-sertifikaadiga-teraskanister-sobilik-ohtlike-vedelike-jaoks\/#primaryimage\"},\"image\":{\"@id\":\"https:\/\/ibc.ee\/et\/toode\/5l-un-sertifikaadiga-teraskanister-sobilik-ohtlike-vedelike-jaoks\/#primaryimage\"},\"thumbnailUrl\":\"https:\/\/ibc.ee\/wp-content\/uploads\/2025\/07\/5L-UN-certified-steel-can-approved-for-hazardous-liquids.jpg\",\"datePublished\":\"2025-07-14T10:42:06+00:00\",\"description\":\"See 5-liitrine teraskanister on UN-sertifikaadiga koodiga 3A1\/Y\/170, mis teeb selle ideaalseks ohtlike ja mitteohtlike vedelike ohutuks ladustamiseks ja transpordiks.\",\"breadcrumb\":{\"@id\":\"https:\/\/ibc.ee\/et\/toode\/5l-un-sertifikaadiga-teraskanister-sobilik-ohtlike-vedelike-jaoks\/#breadcrumb\"},\"inLanguage\":\"et\",\"potentialAction\":[{\"@type\":\"ReadAction\",\"target\":[\"https:\/\/ibc.ee\/et\/toode\/5l-un-sertifikaadiga-teraskanister-sobilik-ohtlike-vedelike-jaoks\/\"]}]},{\"@type\":\"ImageObject\",\"inLanguage\":\"et\",\"@id\":\"https:\/\/ibc.ee\/et\/toode\/5l-un-sertifikaadiga-teraskanister-sobilik-ohtlike-vedelike-jaoks\/#primaryimage\",\"url\":\"https:\/\/ibc.ee\/wp-content\/uploads\/2025\/07\/5L-UN-certified-steel-can-approved-for-hazardous-liquids.jpg\",\"contentUrl\":\"https:\/\/ibc.ee\/wp-content\/uploads\/2025\/07\/5L-UN-certified-steel-can-approved-for-hazardous-liquids.jpg\",\"width\":1000,\"height\":1000,\"caption\":\"5L UN-certified steel can approved for hazardous liquids\"},{\"@type\":\"BreadcrumbList\",\"@id\":\"https:\/\/ibc.ee\/et\/toode\/5l-un-sertifikaadiga-teraskanister-sobilik-ohtlike-vedelike-jaoks\/#breadcrumb\",\"itemListElement\":[{\"@type\":\"ListItem\",\"position\":1,\"name\":\"\u0413\u043b\u0430\u0432\u043d\u0430\u044f \u0441\u0442\u0440\u0430\u043d\u0438\u0446\u0430\",\"item\":\"https:\/\/ibc.ee\/et\/\"},{\"@type\":\"ListItem\",\"position\":2,\"name\":\"Pood\",\"item\":\"https:\/\/ibc.ee\/et\/shop\/\"},{\"@type\":\"ListItem\",\"position\":3,\"name\":\"5L UN-sertifikaadiga teraskanister sobilik ohtlike vedelike jaoks\"}]},{\"@type\":\"WebSite\",\"@id\":\"https:\/\/www.ibc.ee\/et\/#website\",\"url\":\"https:\/\/www.ibc.ee\/et\/\",\"name\":\"IBC konteineri m&uuml;&uuml;k, vaadid, kraanid, mahutid\",\"description\":\"IBC - Tank container valve, Adapters\\\\fittings, Intermediate bulk, container, Drums\/cans\",\"potentialAction\":[{\"@type\":\"SearchAction\",\"target\":{\"@type\":\"EntryPoint\",\"urlTemplate\":\"https:\/\/www.ibc.ee\/et\/?s={search_term_string}\"},\"query-input\":{\"@type\":\"PropertyValueSpecification\",\"valueRequired\":true,\"valueName\":\"search_term_string\"}}],\"inLanguage\":\"et\"}]}<\/script>\n<!-- \/ Yoast SEO plugin. -->","yoast_head_json":{"title":"5L UN-sertifikaadiga teraskanister sobilik ohtlike vedelike jaoks - IBC konteineri m&uuml;&uuml;k, vaadid, kraanid, mahutid","description":"See 5-liitrine teraskanister on UN-sertifikaadiga koodiga 3A1\/Y\/170, mis teeb selle ideaalseks ohtlike ja mitteohtlike vedelike ohutuks ladustamiseks ja transpordiks.","robots":{"index":"index","follow":"follow","max-snippet":"max-snippet:-1","max-image-preview":"max-image-preview:large","max-video-preview":"max-video-preview:-1"},"canonical":"https:\/\/ibc.ee\/et\/toode\/5l-un-sertifikaadiga-teraskanister-sobilik-ohtlike-vedelike-jaoks\/","og_locale":"et_EE","og_type":"article","og_title":"5L UN-sertifikaadiga teraskanister sobilik ohtlike vedelike jaoks - IBC konteineri m&uuml;&uuml;k, vaadid, kraanid, mahutid","og_description":"See 5-liitrine teraskanister on UN-sertifikaadiga koodiga 3A1\/Y\/170, mis teeb selle ideaalseks ohtlike ja mitteohtlike vedelike ohutuks ladustamiseks ja transpordiks.","og_url":"https:\/\/ibc.ee\/et\/toode\/5l-un-sertifikaadiga-teraskanister-sobilik-ohtlike-vedelike-jaoks\/","og_site_name":"IBC konteineri m&uuml;&uuml;k, vaadid, kraanid, mahutid","og_image":[{"width":1000,"height":1000,"url":"https:\/\/ibc.ee\/wp-content\/uploads\/2025\/07\/5L-UN-certified-steel-can-approved-for-hazardous-liquids.jpg","type":"image\/jpeg"}],"twitter_card":"summary_large_image","twitter_misc":{"Est. reading time":"1 minut"},"schema":{"@context":"https:\/\/schema.org","@graph":[{"@type":"WebPage","@id":"https:\/\/ibc.ee\/et\/toode\/5l-un-sertifikaadiga-teraskanister-sobilik-ohtlike-vedelike-jaoks\/","url":"https:\/\/ibc.ee\/et\/toode\/5l-un-sertifikaadiga-teraskanister-sobilik-ohtlike-vedelike-jaoks\/","name":"5L UN-sertifikaadiga teraskanister sobilik ohtlike vedelike jaoks - IBC konteineri m&uuml;&uuml;k, vaadid, kraanid, mahutid","isPartOf":{"@id":"https:\/\/www.ibc.ee\/et\/#website"},"primaryImageOfPage":{"@id":"https:\/\/ibc.ee\/et\/toode\/5l-un-sertifikaadiga-teraskanister-sobilik-ohtlike-vedelike-jaoks\/#primaryimage"},"image":{"@id":"https:\/\/ibc.ee\/et\/toode\/5l-un-sertifikaadiga-teraskanister-sobilik-ohtlike-vedelike-jaoks\/#primaryimage"},"thumbnailUrl":"https:\/\/ibc.ee\/wp-content\/uploads\/2025\/07\/5L-UN-certified-steel-can-approved-for-hazardous-liquids.jpg","datePublished":"2025-07-14T10:42:06+00:00","description":"See 5-liitrine teraskanister on UN-sertifikaadiga koodiga 3A1\/Y\/170, mis teeb selle ideaalseks ohtlike ja mitteohtlike vedelike ohutuks ladustamiseks ja transpordiks.","breadcrumb":{"@id":"https:\/\/ibc.ee\/et\/toode\/5l-un-sertifikaadiga-teraskanister-sobilik-ohtlike-vedelike-jaoks\/#breadcrumb"},"inLanguage":"et","potentialAction":[{"@type":"ReadAction","target":["https:\/\/ibc.ee\/et\/toode\/5l-un-sertifikaadiga-teraskanister-sobilik-ohtlike-vedelike-jaoks\/"]}]},{"@type":"ImageObject","inLanguage":"et","@id":"https:\/\/ibc.ee\/et\/toode\/5l-un-sertifikaadiga-teraskanister-sobilik-ohtlike-vedelike-jaoks\/#primaryimage","url":"https:\/\/ibc.ee\/wp-content\/uploads\/2025\/07\/5L-UN-certified-steel-can-approved-for-hazardous-liquids.jpg","contentUrl":"https:\/\/ibc.ee\/wp-content\/uploads\/2025\/07\/5L-UN-certified-steel-can-approved-for-hazardous-liquids.jpg","width":1000,"height":1000,"caption":"5L UN-certified steel can approved for hazardous liquids"},{"@type":"BreadcrumbList","@id":"https:\/\/ibc.ee\/et\/toode\/5l-un-sertifikaadiga-teraskanister-sobilik-ohtlike-vedelike-jaoks\/#breadcrumb","itemListElement":[{"@type":"ListItem","position":1,"name":"\u0413\u043b\u0430\u0432\u043d\u0430\u044f \u0441\u0442\u0440\u0430\u043d\u0438\u0446\u0430","item":"https:\/\/ibc.ee\/et\/"},{"@type":"ListItem","position":2,"name":"Pood","item":"https:\/\/ibc.ee\/et\/shop\/"},{"@type":"ListItem","position":3,"name":"5L UN-sertifikaadiga teraskanister sobilik ohtlike vedelike jaoks"}]},{"@type":"WebSite","@id":"https:\/\/www.ibc.ee\/et\/#website","url":"https:\/\/www.ibc.ee\/et\/","name":"IBC konteineri m&uuml;&uuml;k, vaadid, kraanid, mahutid","description":"IBC - Tank container valve, Adapters\\fittings, Intermediate bulk, container, Drums\/cans","potentialAction":[{"@type":"SearchAction","target":{"@type":"EntryPoint","urlTemplate":"https:\/\/www.ibc.ee\/et\/?s={search_term_string}"},"query-input":{"@type":"PropertyValueSpecification","valueRequired":true,"valueName":"search_term_string"}}],"inLanguage":"et"}]}},"_links":{"self":[{"href":"https:\/\/ibc.ee\/et\/wp-json\/wp\/v2\/product\/24412","targetHints":{"allow":["GET"]}}],"collection":[{"href":"https:\/\/ibc.ee\/et\/wp-json\/wp\/v2\/product"}],"about":[{"href":"https:\/\/ibc.ee\/et\/wp-json\/wp\/v2\/types\/product"}],"wp:featuredmedia":[{"embeddable":true,"href":"https:\/\/ibc.ee\/et\/wp-json\/wp\/v2\/media\/24394"}],"wp:attachment":[{"href":"https:\/\/ibc.ee\/et\/wp-json\/wp\/v2\/media?parent=24412"}],"wp:term":[{"taxonomy":"product_brand","embeddable":true,"href":"https:\/\/ibc.ee\/et\/wp-json\/wp\/v2\/product_brand?post=24412"},{"taxonomy":"product_cat","embeddable":true,"href":"https:\/\/ibc.ee\/et\/wp-json\/wp\/v2\/product_cat?post=24412"},{"taxonomy":"product_tag","embeddable":true,"href":"https:\/\/ibc.ee\/et\/wp-json\/wp\/v2\/product_tag?post=24412"}],"curies":[{"name":"wp","href":"https:\/\/api.w.org\/{rel}","templated":true}]}}