{"id":24431,"date":"2025-07-15T08:36:31","date_gmt":"2025-07-15T06:46:05","guid":{"rendered":"https:\/\/ibc.ee\/product\/10l-hdpe-plastkanister-kruvitava-valamisotsikuga\/"},"modified":"2025-07-15T08:46:05","modified_gmt":"2025-07-15T06:46:05","slug":"10l-hdpe-plastkanister-kruvitava-valamisotsikuga","status":"publish","type":"product","link":"https:\/\/ibc.ee\/et\/toode\/10l-hdpe-plastkanister-kruvitava-valamisotsikuga\/","title":{"rendered":"10L HDPE plastkanister kruvitava valamisotsikuga"},"content":{"rendered":"<p><strong>Tehnilised andmed:<\/strong><br \/>\n&#8211; Maht: 10 liitrit<br \/>\n&#8211; Kaela l\u00e4bim\u00f5\u00f5t: 40 mm<br \/>\n&#8211; M\u00f5\u00f5tmed: K\u00f5rgus 300 mm \u00d7 Laius 150 mm \u00d7 Pikkus 280 mm<br \/>\n&#8211; Materjal: HDPE (k\u00f5rge tihedusega pol\u00fcet\u00fcleen)<br \/>\n&#8211; V\u00e4rvus: Tavaliselt valge v\u00f5i l\u00e4bikumav (v\u00f5ib varieeruda)<br \/>\n&#8211; Komplektis: Keeratav valamistoru \/ pikendus<\/p>\n<p><strong>T\u00fc\u00fcpilised kasutuskohad:<\/strong><br \/>\n&#8211; Keemiatooted: puhastusained, mitteagressiivsed t\u00f6\u00f6stuslikud vedelikud<br \/>\n&#8211; Autokeemia: klaasipesuvedelik, jahutusvedelik, m\u00e4\u00e4rdeained<br \/>\n&#8211; P\u00f5llumajandus: vedelv\u00e4etised, taimekaitsevahendid, niisutuslahused<br \/>\n&#8211; Matkamine &amp; v\u00e4likasutus: tehniline v\u00f5i hall vesi<br \/>\n&#8211; Kodune kasutus \/ DIY: v\u00e4rvid, liimid, survepesuri vesi<br \/>\n&#8211; Ehitus: lisandid, krundid, tihenduslahused<\/p>\n","protected":false},"excerpt":{"rendered":"<p>See 10-liitrine plastkanister on loodud mugavaks ja kontrollitud vedelike v\u00e4ljavalamiseks. Sellel on 40\u202fmm kaelaava ja eemaldatav keeratav valamispikendus, mis tagab puhta ja t\u00e4pse valamise. Valmistatud k\u00f5rge tihedusega pol\u00fcet\u00fcleenist (HDPE), tagab see hea keemilise vastupidavuse ja sobib igap\u00e4evaseks kasutamiseks t\u00f6\u00f6stuses, p\u00f5llumajanduses ja kodus. <\/p>\n","protected":false},"featured_media":24422,"template":"","meta":[],"product_brand":[],"product_cat":[179],"product_tag":[],"class_list":{"0":"post-24431","1":"product","2":"type-product","3":"status-publish","4":"has-post-thumbnail","6":"product_cat-vaadid-kanistrid","7":"product_shipping_class-omniva-et","9":"first","10":"instock","11":"taxable","12":"shipping-taxable","13":"product-type-simple"},"yoast_head":"<!-- This site is optimized with the Yoast SEO plugin v26.9 - https:\/\/yoast.com\/product\/yoast-seo-wordpress\/ -->\n<title>10L HDPE plastkanister kruvitava valamisotsikuga - IBC konteineri m&uuml;&uuml;k, vaadid, kraanid, mahutid<\/title>\n<meta name=\"description\" content=\"See 10-liitrine plastkanister on loodud mugavaks ja kontrollitud vedelike v\u00e4ljavalamiseks.\" \/>\n<meta name=\"robots\" content=\"index, follow, max-snippet:-1, max-image-preview:large, max-video-preview:-1\" \/>\n<link rel=\"canonical\" href=\"https:\/\/ibc.ee\/et\/toode\/10l-hdpe-plastkanister-kruvitava-valamisotsikuga\/\" \/>\n<meta property=\"og:locale\" content=\"et_EE\" \/>\n<meta property=\"og:type\" content=\"article\" \/>\n<meta property=\"og:title\" content=\"10L HDPE plastkanister kruvitava valamisotsikuga - IBC konteineri m&uuml;&uuml;k, vaadid, kraanid, mahutid\" \/>\n<meta property=\"og:description\" content=\"See 10-liitrine plastkanister on loodud mugavaks ja kontrollitud vedelike v\u00e4ljavalamiseks.\" \/>\n<meta property=\"og:url\" content=\"https:\/\/ibc.ee\/et\/toode\/10l-hdpe-plastkanister-kruvitava-valamisotsikuga\/\" \/>\n<meta property=\"og:site_name\" content=\"IBC konteineri m&uuml;&uuml;k, vaadid, kraanid, mahutid\" \/>\n<meta property=\"og:image\" content=\"https:\/\/ibc.ee\/wp-content\/uploads\/2025\/07\/10L-HDPE-plastkanister-keeratava-valamisavaga.jpg\" \/>\n\t<meta property=\"og:image:width\" content=\"1000\" \/>\n\t<meta property=\"og:image:height\" content=\"1000\" \/>\n\t<meta property=\"og:image:type\" content=\"image\/jpeg\" \/>\n<meta name=\"twitter:card\" content=\"summary_large_image\" \/>\n<script type=\"application\/ld+json\" class=\"yoast-schema-graph\">{\"@context\":\"https:\/\/schema.org\",\"@graph\":[{\"@type\":\"WebPage\",\"@id\":\"https:\/\/ibc.ee\/et\/toode\/10l-hdpe-plastkanister-kruvitava-valamisotsikuga\/\",\"url\":\"https:\/\/ibc.ee\/et\/toode\/10l-hdpe-plastkanister-kruvitava-valamisotsikuga\/\",\"name\":\"10L HDPE plastkanister kruvitava valamisotsikuga - IBC konteineri m&uuml;&uuml;k, vaadid, kraanid, mahutid\",\"isPartOf\":{\"@id\":\"https:\/\/www.ibc.ee\/et\/#website\"},\"primaryImageOfPage\":{\"@id\":\"https:\/\/ibc.ee\/et\/toode\/10l-hdpe-plastkanister-kruvitava-valamisotsikuga\/#primaryimage\"},\"image\":{\"@id\":\"https:\/\/ibc.ee\/et\/toode\/10l-hdpe-plastkanister-kruvitava-valamisotsikuga\/#primaryimage\"},\"thumbnailUrl\":\"https:\/\/ibc.ee\/wp-content\/uploads\/2025\/07\/10L-HDPE-plastkanister-keeratava-valamisavaga.jpg\",\"datePublished\":\"2025-07-15T06:46:05+00:00\",\"description\":\"See 10-liitrine plastkanister on loodud mugavaks ja kontrollitud vedelike v\u00e4ljavalamiseks.\",\"breadcrumb\":{\"@id\":\"https:\/\/ibc.ee\/et\/toode\/10l-hdpe-plastkanister-kruvitava-valamisotsikuga\/#breadcrumb\"},\"inLanguage\":\"et\",\"potentialAction\":[{\"@type\":\"ReadAction\",\"target\":[\"https:\/\/ibc.ee\/et\/toode\/10l-hdpe-plastkanister-kruvitava-valamisotsikuga\/\"]}]},{\"@type\":\"ImageObject\",\"inLanguage\":\"et\",\"@id\":\"https:\/\/ibc.ee\/et\/toode\/10l-hdpe-plastkanister-kruvitava-valamisotsikuga\/#primaryimage\",\"url\":\"https:\/\/ibc.ee\/wp-content\/uploads\/2025\/07\/10L-HDPE-plastkanister-keeratava-valamisavaga.jpg\",\"contentUrl\":\"https:\/\/ibc.ee\/wp-content\/uploads\/2025\/07\/10L-HDPE-plastkanister-keeratava-valamisavaga.jpg\",\"width\":1000,\"height\":1000,\"caption\":\"10L HDPE Plastic Jerry Can with Screw-On Pour Spout\"},{\"@type\":\"BreadcrumbList\",\"@id\":\"https:\/\/ibc.ee\/et\/toode\/10l-hdpe-plastkanister-kruvitava-valamisotsikuga\/#breadcrumb\",\"itemListElement\":[{\"@type\":\"ListItem\",\"position\":1,\"name\":\"\u0413\u043b\u0430\u0432\u043d\u0430\u044f \u0441\u0442\u0440\u0430\u043d\u0438\u0446\u0430\",\"item\":\"https:\/\/ibc.ee\/et\/\"},{\"@type\":\"ListItem\",\"position\":2,\"name\":\"Pood\",\"item\":\"https:\/\/ibc.ee\/et\/shop\/\"},{\"@type\":\"ListItem\",\"position\":3,\"name\":\"10L HDPE plastkanister kruvitava valamisotsikuga\"}]},{\"@type\":\"WebSite\",\"@id\":\"https:\/\/www.ibc.ee\/et\/#website\",\"url\":\"https:\/\/www.ibc.ee\/et\/\",\"name\":\"IBC konteineri m&uuml;&uuml;k, vaadid, kraanid, mahutid\",\"description\":\"IBC - Tank container valve, Adapters\\\\fittings, Intermediate bulk, container, Drums\/cans\",\"potentialAction\":[{\"@type\":\"SearchAction\",\"target\":{\"@type\":\"EntryPoint\",\"urlTemplate\":\"https:\/\/www.ibc.ee\/et\/?s={search_term_string}\"},\"query-input\":{\"@type\":\"PropertyValueSpecification\",\"valueRequired\":true,\"valueName\":\"search_term_string\"}}],\"inLanguage\":\"et\"}]}<\/script>\n<!-- \/ Yoast SEO plugin. -->","yoast_head_json":{"title":"10L HDPE plastkanister kruvitava valamisotsikuga - IBC konteineri m&uuml;&uuml;k, vaadid, kraanid, mahutid","description":"See 10-liitrine plastkanister on loodud mugavaks ja kontrollitud vedelike v\u00e4ljavalamiseks.","robots":{"index":"index","follow":"follow","max-snippet":"max-snippet:-1","max-image-preview":"max-image-preview:large","max-video-preview":"max-video-preview:-1"},"canonical":"https:\/\/ibc.ee\/et\/toode\/10l-hdpe-plastkanister-kruvitava-valamisotsikuga\/","og_locale":"et_EE","og_type":"article","og_title":"10L HDPE plastkanister kruvitava valamisotsikuga - IBC konteineri m&uuml;&uuml;k, vaadid, kraanid, mahutid","og_description":"See 10-liitrine plastkanister on loodud mugavaks ja kontrollitud vedelike v\u00e4ljavalamiseks.","og_url":"https:\/\/ibc.ee\/et\/toode\/10l-hdpe-plastkanister-kruvitava-valamisotsikuga\/","og_site_name":"IBC konteineri m&uuml;&uuml;k, vaadid, kraanid, mahutid","og_image":[{"width":1000,"height":1000,"url":"https:\/\/ibc.ee\/wp-content\/uploads\/2025\/07\/10L-HDPE-plastkanister-keeratava-valamisavaga.jpg","type":"image\/jpeg"}],"twitter_card":"summary_large_image","schema":{"@context":"https:\/\/schema.org","@graph":[{"@type":"WebPage","@id":"https:\/\/ibc.ee\/et\/toode\/10l-hdpe-plastkanister-kruvitava-valamisotsikuga\/","url":"https:\/\/ibc.ee\/et\/toode\/10l-hdpe-plastkanister-kruvitava-valamisotsikuga\/","name":"10L HDPE plastkanister kruvitava valamisotsikuga - IBC konteineri m&uuml;&uuml;k, vaadid, kraanid, mahutid","isPartOf":{"@id":"https:\/\/www.ibc.ee\/et\/#website"},"primaryImageOfPage":{"@id":"https:\/\/ibc.ee\/et\/toode\/10l-hdpe-plastkanister-kruvitava-valamisotsikuga\/#primaryimage"},"image":{"@id":"https:\/\/ibc.ee\/et\/toode\/10l-hdpe-plastkanister-kruvitava-valamisotsikuga\/#primaryimage"},"thumbnailUrl":"https:\/\/ibc.ee\/wp-content\/uploads\/2025\/07\/10L-HDPE-plastkanister-keeratava-valamisavaga.jpg","datePublished":"2025-07-15T06:46:05+00:00","description":"See 10-liitrine plastkanister on loodud mugavaks ja kontrollitud vedelike v\u00e4ljavalamiseks.","breadcrumb":{"@id":"https:\/\/ibc.ee\/et\/toode\/10l-hdpe-plastkanister-kruvitava-valamisotsikuga\/#breadcrumb"},"inLanguage":"et","potentialAction":[{"@type":"ReadAction","target":["https:\/\/ibc.ee\/et\/toode\/10l-hdpe-plastkanister-kruvitava-valamisotsikuga\/"]}]},{"@type":"ImageObject","inLanguage":"et","@id":"https:\/\/ibc.ee\/et\/toode\/10l-hdpe-plastkanister-kruvitava-valamisotsikuga\/#primaryimage","url":"https:\/\/ibc.ee\/wp-content\/uploads\/2025\/07\/10L-HDPE-plastkanister-keeratava-valamisavaga.jpg","contentUrl":"https:\/\/ibc.ee\/wp-content\/uploads\/2025\/07\/10L-HDPE-plastkanister-keeratava-valamisavaga.jpg","width":1000,"height":1000,"caption":"10L HDPE Plastic Jerry Can with Screw-On Pour Spout"},{"@type":"BreadcrumbList","@id":"https:\/\/ibc.ee\/et\/toode\/10l-hdpe-plastkanister-kruvitava-valamisotsikuga\/#breadcrumb","itemListElement":[{"@type":"ListItem","position":1,"name":"\u0413\u043b\u0430\u0432\u043d\u0430\u044f \u0441\u0442\u0440\u0430\u043d\u0438\u0446\u0430","item":"https:\/\/ibc.ee\/et\/"},{"@type":"ListItem","position":2,"name":"Pood","item":"https:\/\/ibc.ee\/et\/shop\/"},{"@type":"ListItem","position":3,"name":"10L HDPE plastkanister kruvitava valamisotsikuga"}]},{"@type":"WebSite","@id":"https:\/\/www.ibc.ee\/et\/#website","url":"https:\/\/www.ibc.ee\/et\/","name":"IBC konteineri m&uuml;&uuml;k, vaadid, kraanid, mahutid","description":"IBC - Tank container valve, Adapters\\fittings, Intermediate bulk, container, Drums\/cans","potentialAction":[{"@type":"SearchAction","target":{"@type":"EntryPoint","urlTemplate":"https:\/\/www.ibc.ee\/et\/?s={search_term_string}"},"query-input":{"@type":"PropertyValueSpecification","valueRequired":true,"valueName":"search_term_string"}}],"inLanguage":"et"}]}},"_links":{"self":[{"href":"https:\/\/ibc.ee\/et\/wp-json\/wp\/v2\/product\/24431","targetHints":{"allow":["GET"]}}],"collection":[{"href":"https:\/\/ibc.ee\/et\/wp-json\/wp\/v2\/product"}],"about":[{"href":"https:\/\/ibc.ee\/et\/wp-json\/wp\/v2\/types\/product"}],"wp:featuredmedia":[{"embeddable":true,"href":"https:\/\/ibc.ee\/et\/wp-json\/wp\/v2\/media\/24422"}],"wp:attachment":[{"href":"https:\/\/ibc.ee\/et\/wp-json\/wp\/v2\/media?parent=24431"}],"wp:term":[{"taxonomy":"product_brand","embeddable":true,"href":"https:\/\/ibc.ee\/et\/wp-json\/wp\/v2\/product_brand?post=24431"},{"taxonomy":"product_cat","embeddable":true,"href":"https:\/\/ibc.ee\/et\/wp-json\/wp\/v2\/product_cat?post=24431"},{"taxonomy":"product_tag","embeddable":true,"href":"https:\/\/ibc.ee\/et\/wp-json\/wp\/v2\/product_tag?post=24431"}],"curies":[{"name":"wp","href":"https:\/\/api.w.org\/{rel}","templated":true}]}}