{"id":24450,"date":"2025-07-15T11:11:47","date_gmt":"2025-07-15T09:47:39","guid":{"rendered":"https:\/\/ibc.ee\/product\/25l-un-sertifikaadiga-hdpe-plastkanister\/"},"modified":"2025-07-15T12:20:24","modified_gmt":"2025-07-15T10:20:24","slug":"25l-un-sertifikaadiga-hdpe-plastkanister","status":"publish","type":"product","link":"https:\/\/ibc.ee\/et\/toode\/25l-un-sertifikaadiga-hdpe-plastkanister\/","title":{"rendered":"25L UN-sertifikaadiga HDPE plastkanister"},"content":{"rendered":"<p><strong>Tehnilised andmed:<\/strong><br \/>\n&#8211; Maht: 25 liitrit<br \/>\n&#8211; UN-m\u00e4rgistus: 3H1\/Y\/150<br \/>\n&#8211; Materjal: HDPE (k\u00f5rge tihedusega pol\u00fcet\u00fcleen)<br \/>\n&#8211; Pakkegrupp: II ja III (keskmise ja madala ohutasemega ained)<br \/>\n&#8211; Kork: Kindlalt sulguv keeratav kork (v\u00f5imalus kasutada plommkorki)<br \/>\n&#8211; Virnastatavus: Jah \u2013 optimaalne ladustamiseks ja transpordiks<br \/>\n&#8211; Taaskasutus: V\u00f5imalik taaskasutada, kui korralikult puhastatud ja vajadusel sertifitseeritud<br \/>\n&#8211; V\u00e4rvus: Tavaliselt valge v\u00f5i pooll\u00e4bipaistev (v\u00f5ib varieeruda)<\/p>\n<p><strong>T\u00fc\u00fcpilised kasutusalad:<\/strong><br \/>\n&#8211; Keemiat\u00f6\u00f6stus: happed, leelised, puhastusvahendid, rasvaeemaldajad<br \/>\n&#8211; P\u00f5llumajandus: pestitsiidid, herbitsiidid, vedelv\u00e4etised<br \/>\n&#8211; Autot\u00f6\u00f6stus: jahutusvedelik, klaasipesuvedelik, \u00f5lid ja lisandid<br \/>\n&#8211; T\u00f6\u00f6stuslik puhastus: detergendid, lahustid, desinfitseerimisvahendid<br \/>\n&#8211; J\u00e4\u00e4tmek\u00e4itlus: ajutine vedelate j\u00e4\u00e4tmete hoiustamine<br \/>\n&#8211; Logistika ja eksport: vastab rahvusvahelistele transpordin\u00f5uetele<br \/>\n&#8211; Ehitust\u00f6\u00f6d &amp; DIY: veet\u00f5kkeemulsioonid, tihendid, lisandid betoonile<\/p>\n","protected":false},"excerpt":{"rendered":"<p>See 25-liitrine HDPE plastkanister on UN-sertifikaadiga t\u00f6\u00f6stuslik mahuti, mis on loodud ohtlike ja mitteohtlike vedelike ohutuks hoiustamiseks ja transportimiseks. M\u00e4rgistus 3H1\/Y\/150 kinnitab vastavust rahvusvahelistele pakkegrupp II ja III standarditele ning sobib kasutamiseks ADR, RID, IMDG ja IATA transpordin\u00f5uete korral. <\/p>\n<p>Kanister on valmistatud k\u00f5rge tihedusega pol\u00fcet\u00fcleenist (HDPE), mis tagab suurep\u00e4rase keemilise vastupidavuse ja pikaealisuse.<\/p>\n","protected":false},"featured_media":24441,"template":"","meta":[],"product_brand":[],"product_cat":[179],"product_tag":[],"class_list":{"0":"post-24450","1":"product","2":"type-product","3":"status-publish","4":"has-post-thumbnail","6":"product_cat-vaadid-kanistrid","7":"product_shipping_class-omniva-et","9":"first","10":"instock","11":"taxable","12":"shipping-taxable","13":"product-type-simple"},"yoast_head":"<!-- This site is optimized with the Yoast SEO plugin v26.9 - https:\/\/yoast.com\/product\/yoast-seo-wordpress\/ -->\n<title>25L UN-sertifikaadiga HDPE plastkanister - IBC konteineri m&uuml;&uuml;k, vaadid, kraanid, mahutid<\/title>\n<meta name=\"description\" content=\"See 25-liitrine HDPE plastkanister on UN-sertifikaadiga t\u00f6\u00f6stuslik mahuti, mis on loodud ohtlike ja mitteohtlike vedelike ohutuks hoiustamiseks ja transportimiseks.\" \/>\n<meta name=\"robots\" content=\"index, follow, max-snippet:-1, max-image-preview:large, max-video-preview:-1\" \/>\n<link rel=\"canonical\" href=\"https:\/\/ibc.ee\/et\/toode\/25l-un-sertifikaadiga-hdpe-plastkanister\/\" \/>\n<meta property=\"og:locale\" content=\"et_EE\" \/>\n<meta property=\"og:type\" content=\"article\" \/>\n<meta property=\"og:title\" content=\"25L UN-sertifikaadiga HDPE plastkanister - IBC konteineri m&uuml;&uuml;k, vaadid, kraanid, mahutid\" \/>\n<meta property=\"og:description\" content=\"See 25-liitrine HDPE plastkanister on UN-sertifikaadiga t\u00f6\u00f6stuslik mahuti, mis on loodud ohtlike ja mitteohtlike vedelike ohutuks hoiustamiseks ja transportimiseks.\" \/>\n<meta property=\"og:url\" content=\"https:\/\/ibc.ee\/et\/toode\/25l-un-sertifikaadiga-hdpe-plastkanister\/\" \/>\n<meta property=\"og:site_name\" content=\"IBC konteineri m&uuml;&uuml;k, vaadid, kraanid, mahutid\" \/>\n<meta property=\"article:modified_time\" content=\"2025-07-15T10:20:24+00:00\" \/>\n<meta property=\"og:image\" content=\"https:\/\/ibc.ee\/wp-content\/uploads\/2025\/07\/25L-UN-sertifitseeritud-HDPE-plastkanister.jpg\" \/>\n\t<meta property=\"og:image:width\" content=\"1000\" \/>\n\t<meta property=\"og:image:height\" content=\"1000\" \/>\n\t<meta property=\"og:image:type\" content=\"image\/jpeg\" \/>\n<meta name=\"twitter:card\" content=\"summary_large_image\" \/>\n<meta name=\"twitter:label1\" content=\"Est. reading time\" \/>\n\t<meta name=\"twitter:data1\" content=\"1 minut\" \/>\n<script type=\"application\/ld+json\" class=\"yoast-schema-graph\">{\"@context\":\"https:\/\/schema.org\",\"@graph\":[{\"@type\":\"WebPage\",\"@id\":\"https:\/\/ibc.ee\/et\/toode\/25l-un-sertifikaadiga-hdpe-plastkanister\/\",\"url\":\"https:\/\/ibc.ee\/et\/toode\/25l-un-sertifikaadiga-hdpe-plastkanister\/\",\"name\":\"25L UN-sertifikaadiga HDPE plastkanister - IBC konteineri m&uuml;&uuml;k, vaadid, kraanid, mahutid\",\"isPartOf\":{\"@id\":\"https:\/\/www.ibc.ee\/et\/#website\"},\"primaryImageOfPage\":{\"@id\":\"https:\/\/ibc.ee\/et\/toode\/25l-un-sertifikaadiga-hdpe-plastkanister\/#primaryimage\"},\"image\":{\"@id\":\"https:\/\/ibc.ee\/et\/toode\/25l-un-sertifikaadiga-hdpe-plastkanister\/#primaryimage\"},\"thumbnailUrl\":\"https:\/\/ibc.ee\/wp-content\/uploads\/2025\/07\/25L-UN-sertifitseeritud-HDPE-plastkanister.jpg\",\"datePublished\":\"2025-07-15T09:47:39+00:00\",\"dateModified\":\"2025-07-15T10:20:24+00:00\",\"description\":\"See 25-liitrine HDPE plastkanister on UN-sertifikaadiga t\u00f6\u00f6stuslik mahuti, mis on loodud ohtlike ja mitteohtlike vedelike ohutuks hoiustamiseks ja transportimiseks.\",\"breadcrumb\":{\"@id\":\"https:\/\/ibc.ee\/et\/toode\/25l-un-sertifikaadiga-hdpe-plastkanister\/#breadcrumb\"},\"inLanguage\":\"et\",\"potentialAction\":[{\"@type\":\"ReadAction\",\"target\":[\"https:\/\/ibc.ee\/et\/toode\/25l-un-sertifikaadiga-hdpe-plastkanister\/\"]}]},{\"@type\":\"ImageObject\",\"inLanguage\":\"et\",\"@id\":\"https:\/\/ibc.ee\/et\/toode\/25l-un-sertifikaadiga-hdpe-plastkanister\/#primaryimage\",\"url\":\"https:\/\/ibc.ee\/wp-content\/uploads\/2025\/07\/25L-UN-sertifitseeritud-HDPE-plastkanister.jpg\",\"contentUrl\":\"https:\/\/ibc.ee\/wp-content\/uploads\/2025\/07\/25L-UN-sertifitseeritud-HDPE-plastkanister.jpg\",\"width\":1000,\"height\":1000,\"caption\":\"25L UN Certified HDPE Plastic Jerry Can\"},{\"@type\":\"BreadcrumbList\",\"@id\":\"https:\/\/ibc.ee\/et\/toode\/25l-un-sertifikaadiga-hdpe-plastkanister\/#breadcrumb\",\"itemListElement\":[{\"@type\":\"ListItem\",\"position\":1,\"name\":\"\u0413\u043b\u0430\u0432\u043d\u0430\u044f \u0441\u0442\u0440\u0430\u043d\u0438\u0446\u0430\",\"item\":\"https:\/\/ibc.ee\/et\/\"},{\"@type\":\"ListItem\",\"position\":2,\"name\":\"Pood\",\"item\":\"https:\/\/ibc.ee\/et\/shop\/\"},{\"@type\":\"ListItem\",\"position\":3,\"name\":\"25L UN-sertifikaadiga HDPE plastkanister\"}]},{\"@type\":\"WebSite\",\"@id\":\"https:\/\/www.ibc.ee\/et\/#website\",\"url\":\"https:\/\/www.ibc.ee\/et\/\",\"name\":\"IBC konteineri m&uuml;&uuml;k, vaadid, kraanid, mahutid\",\"description\":\"IBC - Tank container valve, Adapters\\\\fittings, Intermediate bulk, container, Drums\/cans\",\"potentialAction\":[{\"@type\":\"SearchAction\",\"target\":{\"@type\":\"EntryPoint\",\"urlTemplate\":\"https:\/\/www.ibc.ee\/et\/?s={search_term_string}\"},\"query-input\":{\"@type\":\"PropertyValueSpecification\",\"valueRequired\":true,\"valueName\":\"search_term_string\"}}],\"inLanguage\":\"et\"}]}<\/script>\n<!-- \/ Yoast SEO plugin. -->","yoast_head_json":{"title":"25L UN-sertifikaadiga HDPE plastkanister - IBC konteineri m&uuml;&uuml;k, vaadid, kraanid, mahutid","description":"See 25-liitrine HDPE plastkanister on UN-sertifikaadiga t\u00f6\u00f6stuslik mahuti, mis on loodud ohtlike ja mitteohtlike vedelike ohutuks hoiustamiseks ja transportimiseks.","robots":{"index":"index","follow":"follow","max-snippet":"max-snippet:-1","max-image-preview":"max-image-preview:large","max-video-preview":"max-video-preview:-1"},"canonical":"https:\/\/ibc.ee\/et\/toode\/25l-un-sertifikaadiga-hdpe-plastkanister\/","og_locale":"et_EE","og_type":"article","og_title":"25L UN-sertifikaadiga HDPE plastkanister - IBC konteineri m&uuml;&uuml;k, vaadid, kraanid, mahutid","og_description":"See 25-liitrine HDPE plastkanister on UN-sertifikaadiga t\u00f6\u00f6stuslik mahuti, mis on loodud ohtlike ja mitteohtlike vedelike ohutuks hoiustamiseks ja transportimiseks.","og_url":"https:\/\/ibc.ee\/et\/toode\/25l-un-sertifikaadiga-hdpe-plastkanister\/","og_site_name":"IBC konteineri m&uuml;&uuml;k, vaadid, kraanid, mahutid","article_modified_time":"2025-07-15T10:20:24+00:00","og_image":[{"width":1000,"height":1000,"url":"https:\/\/ibc.ee\/wp-content\/uploads\/2025\/07\/25L-UN-sertifitseeritud-HDPE-plastkanister.jpg","type":"image\/jpeg"}],"twitter_card":"summary_large_image","twitter_misc":{"Est. reading time":"1 minut"},"schema":{"@context":"https:\/\/schema.org","@graph":[{"@type":"WebPage","@id":"https:\/\/ibc.ee\/et\/toode\/25l-un-sertifikaadiga-hdpe-plastkanister\/","url":"https:\/\/ibc.ee\/et\/toode\/25l-un-sertifikaadiga-hdpe-plastkanister\/","name":"25L UN-sertifikaadiga HDPE plastkanister - IBC konteineri m&uuml;&uuml;k, vaadid, kraanid, mahutid","isPartOf":{"@id":"https:\/\/www.ibc.ee\/et\/#website"},"primaryImageOfPage":{"@id":"https:\/\/ibc.ee\/et\/toode\/25l-un-sertifikaadiga-hdpe-plastkanister\/#primaryimage"},"image":{"@id":"https:\/\/ibc.ee\/et\/toode\/25l-un-sertifikaadiga-hdpe-plastkanister\/#primaryimage"},"thumbnailUrl":"https:\/\/ibc.ee\/wp-content\/uploads\/2025\/07\/25L-UN-sertifitseeritud-HDPE-plastkanister.jpg","datePublished":"2025-07-15T09:47:39+00:00","dateModified":"2025-07-15T10:20:24+00:00","description":"See 25-liitrine HDPE plastkanister on UN-sertifikaadiga t\u00f6\u00f6stuslik mahuti, mis on loodud ohtlike ja mitteohtlike vedelike ohutuks hoiustamiseks ja transportimiseks.","breadcrumb":{"@id":"https:\/\/ibc.ee\/et\/toode\/25l-un-sertifikaadiga-hdpe-plastkanister\/#breadcrumb"},"inLanguage":"et","potentialAction":[{"@type":"ReadAction","target":["https:\/\/ibc.ee\/et\/toode\/25l-un-sertifikaadiga-hdpe-plastkanister\/"]}]},{"@type":"ImageObject","inLanguage":"et","@id":"https:\/\/ibc.ee\/et\/toode\/25l-un-sertifikaadiga-hdpe-plastkanister\/#primaryimage","url":"https:\/\/ibc.ee\/wp-content\/uploads\/2025\/07\/25L-UN-sertifitseeritud-HDPE-plastkanister.jpg","contentUrl":"https:\/\/ibc.ee\/wp-content\/uploads\/2025\/07\/25L-UN-sertifitseeritud-HDPE-plastkanister.jpg","width":1000,"height":1000,"caption":"25L UN Certified HDPE Plastic Jerry Can"},{"@type":"BreadcrumbList","@id":"https:\/\/ibc.ee\/et\/toode\/25l-un-sertifikaadiga-hdpe-plastkanister\/#breadcrumb","itemListElement":[{"@type":"ListItem","position":1,"name":"\u0413\u043b\u0430\u0432\u043d\u0430\u044f \u0441\u0442\u0440\u0430\u043d\u0438\u0446\u0430","item":"https:\/\/ibc.ee\/et\/"},{"@type":"ListItem","position":2,"name":"Pood","item":"https:\/\/ibc.ee\/et\/shop\/"},{"@type":"ListItem","position":3,"name":"25L UN-sertifikaadiga HDPE plastkanister"}]},{"@type":"WebSite","@id":"https:\/\/www.ibc.ee\/et\/#website","url":"https:\/\/www.ibc.ee\/et\/","name":"IBC konteineri m&uuml;&uuml;k, vaadid, kraanid, mahutid","description":"IBC - Tank container valve, Adapters\\fittings, Intermediate bulk, container, Drums\/cans","potentialAction":[{"@type":"SearchAction","target":{"@type":"EntryPoint","urlTemplate":"https:\/\/www.ibc.ee\/et\/?s={search_term_string}"},"query-input":{"@type":"PropertyValueSpecification","valueRequired":true,"valueName":"search_term_string"}}],"inLanguage":"et"}]}},"_links":{"self":[{"href":"https:\/\/ibc.ee\/et\/wp-json\/wp\/v2\/product\/24450","targetHints":{"allow":["GET"]}}],"collection":[{"href":"https:\/\/ibc.ee\/et\/wp-json\/wp\/v2\/product"}],"about":[{"href":"https:\/\/ibc.ee\/et\/wp-json\/wp\/v2\/types\/product"}],"wp:featuredmedia":[{"embeddable":true,"href":"https:\/\/ibc.ee\/et\/wp-json\/wp\/v2\/media\/24441"}],"wp:attachment":[{"href":"https:\/\/ibc.ee\/et\/wp-json\/wp\/v2\/media?parent=24450"}],"wp:term":[{"taxonomy":"product_brand","embeddable":true,"href":"https:\/\/ibc.ee\/et\/wp-json\/wp\/v2\/product_brand?post=24450"},{"taxonomy":"product_cat","embeddable":true,"href":"https:\/\/ibc.ee\/et\/wp-json\/wp\/v2\/product_cat?post=24450"},{"taxonomy":"product_tag","embeddable":true,"href":"https:\/\/ibc.ee\/et\/wp-json\/wp\/v2\/product_tag?post=24450"}],"curies":[{"name":"wp","href":"https:\/\/api.w.org\/{rel}","templated":true}]}}