{"id":24468,"date":"2025-07-15T15:11:12","date_gmt":"2025-07-15T13:13:50","guid":{"rendered":"https:\/\/ibc.ee\/product\/1-l-hdpe-plastpudel-lai-kaelus-o40-mm\/"},"modified":"2025-07-15T15:13:50","modified_gmt":"2025-07-15T13:13:50","slug":"1-l-hdpe-plastpudel-lai-kaelus-o40-mm","status":"publish","type":"product","link":"https:\/\/ibc.ee\/et\/toode\/1-l-hdpe-plastpudel-lai-kaelus-o40-mm\/","title":{"rendered":"1\u202fL HDPE plastpudel \u2013 lai kaelus (\u00d840\u202fmm)"},"content":{"rendered":"<p><strong>Tehnilised andmed:<\/strong><br \/>\n&#8211; Maht: 1 liiter<br \/>\n&#8211; Kaeluse l\u00e4bim\u00f5\u00f5t: 40 mm (keermega)<br \/>\n&#8211; Pudeli l\u00e4bim\u00f5\u00f5t: 85 mm<br \/>\n&#8211; K\u00f5rgus: 244 mm<br \/>\n&#8211; Materjal: HDPE (k\u00f5rgtihedusega pol\u00fcet\u00fcleen)<br \/>\n&#8211; V\u00e4rv: Naturaalne (pooll\u00e4bipaistev), saadaval ka teised v\u00e4rvid<br \/>\n&#8211; Kork: \u00dchildub standardsete keeratavate, lastekindlate, dosaator- v\u00f5i tilgakorkidega (ei sisaldu komplektis)<\/p>\n<p><strong>Levinumad kasutusvaldkonnad:<\/strong><br \/>\n&#8211; Keemia: puhastusvahendid, rasvaeemaldajad, desinfitseerimisvahendid<br \/>\n&#8211; Autot\u00f6\u00f6stus: klaasipesuvedelik, jahutusvedelik, lisandid<br \/>\n&#8211; Kosmeetika &amp; h\u00fcgieen: vedelseep, \u0161ampoon, ihupiim, k\u00e4tepuhastusvahendid<br \/>\n&#8211; P\u00f5llumajandus: vedelv\u00e4etised, lehetoitained, taimede tugevdajad<br \/>\n&#8211; Ehitus &amp; kodukasutus: v\u00e4rvid, krundid, hermeetikud, veep\u00f5hised tooted<br \/>\n&#8211; Laborid &amp; proovide v\u00f5tmine: t\u00e4pne vedelike hoiustamine ja doseerimine<\/p>\n","protected":false},"excerpt":{"rendered":"<p>See 1-liitrine HDPE plastpudel on kvaliteetne, kerge ja l\u00f6\u00f6gikindel anum, mis sobib suurep\u00e4raselt vedelate ja poolvedelate toodete s\u00e4ilitamiseks ja v\u00e4ljastamiseks. T\u00e4nu laiemale 40\u202fmm keermega kaelusele on pudelit lihtne t\u00e4ita, valada v\u00f5i varustada pumba v\u00f5i doseerimiskorgiga. Valmistatud k\u00f5rgtihedast pol\u00fcet\u00fcleenist (HDPE), mis tagab v\u00e4ga hea keemilise vastupidavuse \u2013 sobib nii professionaalseks, t\u00f6\u00f6stuslikuks kui ka koduseks kasutuseks. Naturaalne (pooll\u00e4bipaistev) v\u00e4rvus v\u00f5imaldab visuaalselt j\u00e4lgida vedeliku taset. Soovi korral on saadaval ka teised v\u00e4rvitoonid.   <\/p>\n","protected":false},"featured_media":24460,"template":"","meta":[],"product_brand":[],"product_cat":[179],"product_tag":[],"class_list":{"0":"post-24468","1":"product","2":"type-product","3":"status-publish","4":"has-post-thumbnail","6":"product_cat-vaadid-kanistrid","7":"product_shipping_class-omniva-et","9":"first","10":"instock","11":"taxable","12":"shipping-taxable","13":"product-type-simple"},"yoast_head":"<!-- This site is optimized with the Yoast SEO plugin v26.9 - https:\/\/yoast.com\/product\/yoast-seo-wordpress\/ -->\n<title>1\u202fL HDPE plastpudel \u2013 lai kaelus (\u00d840\u202fmm) - IBC konteineri m&uuml;&uuml;k, vaadid, kraanid, mahutid<\/title>\n<meta name=\"description\" content=\"See 1-liitrine HDPE plastpudel on kvaliteetne, kerge ja l\u00f6\u00f6gikindel anum, mis sobib suurep\u00e4raselt vedelate ja poolvedelate toodete s\u00e4ilitamiseks ja v\u00e4ljastamiseks.\" \/>\n<meta name=\"robots\" content=\"index, follow, max-snippet:-1, max-image-preview:large, max-video-preview:-1\" \/>\n<link rel=\"canonical\" href=\"https:\/\/ibc.ee\/et\/toode\/1-l-hdpe-plastpudel-lai-kaelus-o40-mm\/\" \/>\n<meta property=\"og:locale\" content=\"et_EE\" \/>\n<meta property=\"og:type\" content=\"article\" \/>\n<meta property=\"og:title\" content=\"1\u202fL HDPE plastpudel \u2013 lai kaelus (\u00d840\u202fmm) - IBC konteineri m&uuml;&uuml;k, vaadid, kraanid, mahutid\" \/>\n<meta property=\"og:description\" content=\"See 1-liitrine HDPE plastpudel on kvaliteetne, kerge ja l\u00f6\u00f6gikindel anum, mis sobib suurep\u00e4raselt vedelate ja poolvedelate toodete s\u00e4ilitamiseks ja v\u00e4ljastamiseks.\" \/>\n<meta property=\"og:url\" content=\"https:\/\/ibc.ee\/et\/toode\/1-l-hdpe-plastpudel-lai-kaelus-o40-mm\/\" \/>\n<meta property=\"og:site_name\" content=\"IBC konteineri m&uuml;&uuml;k, vaadid, kraanid, mahutid\" \/>\n<meta property=\"og:image\" content=\"https:\/\/ibc.ee\/wp-content\/uploads\/2025\/07\/1L-HDPE-plastpudel-laia-kaelaga.jpg\" \/>\n\t<meta property=\"og:image:width\" content=\"1000\" \/>\n\t<meta property=\"og:image:height\" content=\"1000\" \/>\n\t<meta property=\"og:image:type\" content=\"image\/jpeg\" \/>\n<meta name=\"twitter:card\" content=\"summary_large_image\" \/>\n<meta name=\"twitter:label1\" content=\"Est. reading time\" \/>\n\t<meta name=\"twitter:data1\" content=\"1 minut\" \/>\n<script type=\"application\/ld+json\" class=\"yoast-schema-graph\">{\"@context\":\"https:\/\/schema.org\",\"@graph\":[{\"@type\":\"WebPage\",\"@id\":\"https:\/\/ibc.ee\/et\/toode\/1-l-hdpe-plastpudel-lai-kaelus-o40-mm\/\",\"url\":\"https:\/\/ibc.ee\/et\/toode\/1-l-hdpe-plastpudel-lai-kaelus-o40-mm\/\",\"name\":\"1\u202fL HDPE plastpudel \u2013 lai kaelus (\u00d840\u202fmm) - IBC konteineri m&uuml;&uuml;k, vaadid, kraanid, mahutid\",\"isPartOf\":{\"@id\":\"https:\/\/www.ibc.ee\/et\/#website\"},\"primaryImageOfPage\":{\"@id\":\"https:\/\/ibc.ee\/et\/toode\/1-l-hdpe-plastpudel-lai-kaelus-o40-mm\/#primaryimage\"},\"image\":{\"@id\":\"https:\/\/ibc.ee\/et\/toode\/1-l-hdpe-plastpudel-lai-kaelus-o40-mm\/#primaryimage\"},\"thumbnailUrl\":\"https:\/\/ibc.ee\/wp-content\/uploads\/2025\/07\/1L-HDPE-plastpudel-laia-kaelaga.jpg\",\"datePublished\":\"2025-07-15T13:13:50+00:00\",\"description\":\"See 1-liitrine HDPE plastpudel on kvaliteetne, kerge ja l\u00f6\u00f6gikindel anum, mis sobib suurep\u00e4raselt vedelate ja poolvedelate toodete s\u00e4ilitamiseks ja v\u00e4ljastamiseks.\",\"breadcrumb\":{\"@id\":\"https:\/\/ibc.ee\/et\/toode\/1-l-hdpe-plastpudel-lai-kaelus-o40-mm\/#breadcrumb\"},\"inLanguage\":\"et\",\"potentialAction\":[{\"@type\":\"ReadAction\",\"target\":[\"https:\/\/ibc.ee\/et\/toode\/1-l-hdpe-plastpudel-lai-kaelus-o40-mm\/\"]}]},{\"@type\":\"ImageObject\",\"inLanguage\":\"et\",\"@id\":\"https:\/\/ibc.ee\/et\/toode\/1-l-hdpe-plastpudel-lai-kaelus-o40-mm\/#primaryimage\",\"url\":\"https:\/\/ibc.ee\/wp-content\/uploads\/2025\/07\/1L-HDPE-plastpudel-laia-kaelaga.jpg\",\"contentUrl\":\"https:\/\/ibc.ee\/wp-content\/uploads\/2025\/07\/1L-HDPE-plastpudel-laia-kaelaga.jpg\",\"width\":1000,\"height\":1000,\"caption\":\"1L HDPE Plastic Bottle \u2013 Wide Neck (\u00d840mm)\"},{\"@type\":\"BreadcrumbList\",\"@id\":\"https:\/\/ibc.ee\/et\/toode\/1-l-hdpe-plastpudel-lai-kaelus-o40-mm\/#breadcrumb\",\"itemListElement\":[{\"@type\":\"ListItem\",\"position\":1,\"name\":\"\u0413\u043b\u0430\u0432\u043d\u0430\u044f \u0441\u0442\u0440\u0430\u043d\u0438\u0446\u0430\",\"item\":\"https:\/\/ibc.ee\/et\/\"},{\"@type\":\"ListItem\",\"position\":2,\"name\":\"Pood\",\"item\":\"https:\/\/ibc.ee\/et\/shop\/\"},{\"@type\":\"ListItem\",\"position\":3,\"name\":\"1\u202fL HDPE plastpudel \u2013 lai kaelus (\u00d840\u202fmm)\"}]},{\"@type\":\"WebSite\",\"@id\":\"https:\/\/www.ibc.ee\/et\/#website\",\"url\":\"https:\/\/www.ibc.ee\/et\/\",\"name\":\"IBC konteineri m&uuml;&uuml;k, vaadid, kraanid, mahutid\",\"description\":\"IBC - Tank container valve, Adapters\\\\fittings, Intermediate bulk, container, Drums\/cans\",\"potentialAction\":[{\"@type\":\"SearchAction\",\"target\":{\"@type\":\"EntryPoint\",\"urlTemplate\":\"https:\/\/www.ibc.ee\/et\/?s={search_term_string}\"},\"query-input\":{\"@type\":\"PropertyValueSpecification\",\"valueRequired\":true,\"valueName\":\"search_term_string\"}}],\"inLanguage\":\"et\"}]}<\/script>\n<!-- \/ Yoast SEO plugin. -->","yoast_head_json":{"title":"1\u202fL HDPE plastpudel \u2013 lai kaelus (\u00d840\u202fmm) - IBC konteineri m&uuml;&uuml;k, vaadid, kraanid, mahutid","description":"See 1-liitrine HDPE plastpudel on kvaliteetne, kerge ja l\u00f6\u00f6gikindel anum, mis sobib suurep\u00e4raselt vedelate ja poolvedelate toodete s\u00e4ilitamiseks ja v\u00e4ljastamiseks.","robots":{"index":"index","follow":"follow","max-snippet":"max-snippet:-1","max-image-preview":"max-image-preview:large","max-video-preview":"max-video-preview:-1"},"canonical":"https:\/\/ibc.ee\/et\/toode\/1-l-hdpe-plastpudel-lai-kaelus-o40-mm\/","og_locale":"et_EE","og_type":"article","og_title":"1\u202fL HDPE plastpudel \u2013 lai kaelus (\u00d840\u202fmm) - IBC konteineri m&uuml;&uuml;k, vaadid, kraanid, mahutid","og_description":"See 1-liitrine HDPE plastpudel on kvaliteetne, kerge ja l\u00f6\u00f6gikindel anum, mis sobib suurep\u00e4raselt vedelate ja poolvedelate toodete s\u00e4ilitamiseks ja v\u00e4ljastamiseks.","og_url":"https:\/\/ibc.ee\/et\/toode\/1-l-hdpe-plastpudel-lai-kaelus-o40-mm\/","og_site_name":"IBC konteineri m&uuml;&uuml;k, vaadid, kraanid, mahutid","og_image":[{"width":1000,"height":1000,"url":"https:\/\/ibc.ee\/wp-content\/uploads\/2025\/07\/1L-HDPE-plastpudel-laia-kaelaga.jpg","type":"image\/jpeg"}],"twitter_card":"summary_large_image","twitter_misc":{"Est. reading time":"1 minut"},"schema":{"@context":"https:\/\/schema.org","@graph":[{"@type":"WebPage","@id":"https:\/\/ibc.ee\/et\/toode\/1-l-hdpe-plastpudel-lai-kaelus-o40-mm\/","url":"https:\/\/ibc.ee\/et\/toode\/1-l-hdpe-plastpudel-lai-kaelus-o40-mm\/","name":"1\u202fL HDPE plastpudel \u2013 lai kaelus (\u00d840\u202fmm) - IBC konteineri m&uuml;&uuml;k, vaadid, kraanid, mahutid","isPartOf":{"@id":"https:\/\/www.ibc.ee\/et\/#website"},"primaryImageOfPage":{"@id":"https:\/\/ibc.ee\/et\/toode\/1-l-hdpe-plastpudel-lai-kaelus-o40-mm\/#primaryimage"},"image":{"@id":"https:\/\/ibc.ee\/et\/toode\/1-l-hdpe-plastpudel-lai-kaelus-o40-mm\/#primaryimage"},"thumbnailUrl":"https:\/\/ibc.ee\/wp-content\/uploads\/2025\/07\/1L-HDPE-plastpudel-laia-kaelaga.jpg","datePublished":"2025-07-15T13:13:50+00:00","description":"See 1-liitrine HDPE plastpudel on kvaliteetne, kerge ja l\u00f6\u00f6gikindel anum, mis sobib suurep\u00e4raselt vedelate ja poolvedelate toodete s\u00e4ilitamiseks ja v\u00e4ljastamiseks.","breadcrumb":{"@id":"https:\/\/ibc.ee\/et\/toode\/1-l-hdpe-plastpudel-lai-kaelus-o40-mm\/#breadcrumb"},"inLanguage":"et","potentialAction":[{"@type":"ReadAction","target":["https:\/\/ibc.ee\/et\/toode\/1-l-hdpe-plastpudel-lai-kaelus-o40-mm\/"]}]},{"@type":"ImageObject","inLanguage":"et","@id":"https:\/\/ibc.ee\/et\/toode\/1-l-hdpe-plastpudel-lai-kaelus-o40-mm\/#primaryimage","url":"https:\/\/ibc.ee\/wp-content\/uploads\/2025\/07\/1L-HDPE-plastpudel-laia-kaelaga.jpg","contentUrl":"https:\/\/ibc.ee\/wp-content\/uploads\/2025\/07\/1L-HDPE-plastpudel-laia-kaelaga.jpg","width":1000,"height":1000,"caption":"1L HDPE Plastic Bottle \u2013 Wide Neck (\u00d840mm)"},{"@type":"BreadcrumbList","@id":"https:\/\/ibc.ee\/et\/toode\/1-l-hdpe-plastpudel-lai-kaelus-o40-mm\/#breadcrumb","itemListElement":[{"@type":"ListItem","position":1,"name":"\u0413\u043b\u0430\u0432\u043d\u0430\u044f \u0441\u0442\u0440\u0430\u043d\u0438\u0446\u0430","item":"https:\/\/ibc.ee\/et\/"},{"@type":"ListItem","position":2,"name":"Pood","item":"https:\/\/ibc.ee\/et\/shop\/"},{"@type":"ListItem","position":3,"name":"1\u202fL HDPE plastpudel \u2013 lai kaelus (\u00d840\u202fmm)"}]},{"@type":"WebSite","@id":"https:\/\/www.ibc.ee\/et\/#website","url":"https:\/\/www.ibc.ee\/et\/","name":"IBC konteineri m&uuml;&uuml;k, vaadid, kraanid, mahutid","description":"IBC - Tank container valve, Adapters\\fittings, Intermediate bulk, container, Drums\/cans","potentialAction":[{"@type":"SearchAction","target":{"@type":"EntryPoint","urlTemplate":"https:\/\/www.ibc.ee\/et\/?s={search_term_string}"},"query-input":{"@type":"PropertyValueSpecification","valueRequired":true,"valueName":"search_term_string"}}],"inLanguage":"et"}]}},"_links":{"self":[{"href":"https:\/\/ibc.ee\/et\/wp-json\/wp\/v2\/product\/24468","targetHints":{"allow":["GET"]}}],"collection":[{"href":"https:\/\/ibc.ee\/et\/wp-json\/wp\/v2\/product"}],"about":[{"href":"https:\/\/ibc.ee\/et\/wp-json\/wp\/v2\/types\/product"}],"wp:featuredmedia":[{"embeddable":true,"href":"https:\/\/ibc.ee\/et\/wp-json\/wp\/v2\/media\/24460"}],"wp:attachment":[{"href":"https:\/\/ibc.ee\/et\/wp-json\/wp\/v2\/media?parent=24468"}],"wp:term":[{"taxonomy":"product_brand","embeddable":true,"href":"https:\/\/ibc.ee\/et\/wp-json\/wp\/v2\/product_brand?post=24468"},{"taxonomy":"product_cat","embeddable":true,"href":"https:\/\/ibc.ee\/et\/wp-json\/wp\/v2\/product_cat?post=24468"},{"taxonomy":"product_tag","embeddable":true,"href":"https:\/\/ibc.ee\/et\/wp-json\/wp\/v2\/product_tag?post=24468"}],"curies":[{"name":"wp","href":"https:\/\/api.w.org\/{rel}","templated":true}]}}