{"id":24504,"date":"2025-08-05T14:57:09","date_gmt":"2025-08-05T12:57:10","guid":{"rendered":"https:\/\/ibc.ee\/?post_type=product&#038;p=24504"},"modified":"2025-11-05T16:07:22","modified_gmt":"2025-11-05T14:07:22","slug":"200-l-taastatud-emailitud-metalltunn-eemaldatava-kaanega","status":"publish","type":"product","link":"https:\/\/ibc.ee\/et\/toode\/200-l-taastatud-emailitud-metalltunn-eemaldatava-kaanega\/","title":{"rendered":"200\u202fL taastatud emailitud metallt\u00fcnn eemaldatava kaanega"},"content":{"rendered":"<p>See 200-liitrine taastatud terast\u00fcnn on valmistatud vastupidavast metallist, sisepind on kaetud emailkihiga. T\u00fcnnil on t\u00e4ielikult eemaldatav kaas lukustusr\u00f5ngaga ning standardsed korgiavade (2\u201d ja \u00be\u201d) avad mitmek\u00fclgseks kasutamiseks. Kuigi t\u00fcnn on kasutatud, on see heas t\u00f6\u00f6korras, puhastatud ja sobib erinevateks mitte-kriitilisteks otstarveteks.  <\/p>\n<p>Sobib suurep\u00e4raselt:<\/p>\n<ul>\n<li>Vee hoidmiseks aias v\u00f5i p\u00f5llumajanduses<\/li>\n<li>P\u00f5letust\u00fcnnina aiaj\u00e4\u00e4tmete jaoks<\/li>\n<li>Vihmavee kogumiseks<\/li>\n<li>Mitteohtlike vedelike ajutiseks hoiustamiseks<\/li>\n<li>Abit\u00fcnnina ehitusobjektidel<\/li>\n<\/ul>\n","protected":false},"excerpt":{"rendered":"<p>See 200-liitrine taastatud terast\u00fcnn on valmistatud vastupidavast metallist, sisepind on kaetud emailkihiga. T\u00fcnnil on t\u00e4ielikult eemaldatav kaas lukustusr\u00f5ngaga ning standardsed korgiavade (2\u201d ja \u00be\u201d) avad mitmek\u00fclgseks kasutamiseks. Kuigi t\u00fcnn on kasutatud, on see heas t\u00f6\u00f6korras, puhastatud ja sobib erinevateks mitte-kriitilisteks otstarveteks. Sobib suurep\u00e4raselt: Vee hoidmiseks aias v\u00f5i p\u00f5llumajanduses P\u00f5letust\u00fcnnina aiaj\u00e4\u00e4tmete jaoks Vihmavee kogumiseks Mitteohtlike vedelike [&hellip;]<\/p>\n","protected":false},"featured_media":24512,"template":"","meta":[],"product_brand":[],"product_cat":[179],"product_tag":[],"class_list":{"0":"post-24504","1":"product","2":"type-product","3":"status-publish","4":"has-post-thumbnail","6":"product_cat-vaadid-kanistrid","7":"product_shipping_class-drums-and-cans-et","9":"first","10":"instock","11":"taxable","12":"shipping-taxable","13":"purchasable","14":"product-type-simple"},"yoast_head":"<!-- This site is optimized with the Yoast SEO plugin v26.9 - https:\/\/yoast.com\/product\/yoast-seo-wordpress\/ -->\n<title>200\u202fL taastatud emailitud metallt\u00fcnn eemaldatava kaanega - IBC konteineri m&uuml;&uuml;k, vaadid, kraanid, mahutid<\/title>\n<meta name=\"description\" content=\"See 200-liitrine taastatud terast\u00fcnn on valmistatud vastupidavast metallist, sisepind on kaetud emailkihiga\" \/>\n<meta name=\"robots\" content=\"index, follow, max-snippet:-1, max-image-preview:large, max-video-preview:-1\" \/>\n<link rel=\"canonical\" href=\"https:\/\/ibc.ee\/et\/toode\/200-l-taastatud-emailitud-metalltunn-eemaldatava-kaanega\/\" \/>\n<meta property=\"og:locale\" content=\"et_EE\" \/>\n<meta property=\"og:type\" content=\"article\" \/>\n<meta property=\"og:title\" content=\"200\u202fL taastatud emailitud metallt\u00fcnn eemaldatava kaanega - IBC konteineri m&uuml;&uuml;k, vaadid, kraanid, mahutid\" \/>\n<meta property=\"og:description\" content=\"See 200-liitrine taastatud terast\u00fcnn on valmistatud vastupidavast metallist, sisepind on kaetud emailkihiga\" \/>\n<meta property=\"og:url\" content=\"https:\/\/ibc.ee\/et\/toode\/200-l-taastatud-emailitud-metalltunn-eemaldatava-kaanega\/\" \/>\n<meta property=\"og:site_name\" content=\"IBC konteineri m&uuml;&uuml;k, vaadid, kraanid, mahutid\" \/>\n<meta property=\"article:modified_time\" content=\"2025-11-05T14:07:22+00:00\" \/>\n<meta property=\"og:image\" content=\"https:\/\/www.ibc.ee\/wp-content\/uploads\/2025\/08\/200-L-taastatud-emailitud-metalltunn-eemaldatava-kaanega.jpg\" \/>\n\t<meta property=\"og:image:width\" content=\"1000\" \/>\n\t<meta property=\"og:image:height\" content=\"1000\" \/>\n\t<meta property=\"og:image:type\" content=\"image\/jpeg\" \/>\n<meta name=\"twitter:card\" content=\"summary_large_image\" \/>\n<meta name=\"twitter:label1\" content=\"Est. reading time\" \/>\n\t<meta name=\"twitter:data1\" content=\"1 minut\" \/>\n<script type=\"application\/ld+json\" class=\"yoast-schema-graph\">{\"@context\":\"https:\/\/schema.org\",\"@graph\":[{\"@type\":\"WebPage\",\"@id\":\"https:\/\/ibc.ee\/et\/toode\/200-l-taastatud-emailitud-metalltunn-eemaldatava-kaanega\/\",\"url\":\"https:\/\/ibc.ee\/et\/toode\/200-l-taastatud-emailitud-metalltunn-eemaldatava-kaanega\/\",\"name\":\"200\u202fL taastatud emailitud metallt\u00fcnn eemaldatava kaanega - IBC konteineri m&uuml;&uuml;k, vaadid, kraanid, mahutid\",\"isPartOf\":{\"@id\":\"https:\/\/www.ibc.ee\/et\/#website\"},\"primaryImageOfPage\":{\"@id\":\"https:\/\/ibc.ee\/et\/toode\/200-l-taastatud-emailitud-metalltunn-eemaldatava-kaanega\/#primaryimage\"},\"image\":{\"@id\":\"https:\/\/ibc.ee\/et\/toode\/200-l-taastatud-emailitud-metalltunn-eemaldatava-kaanega\/#primaryimage\"},\"thumbnailUrl\":\"https:\/\/ibc.ee\/wp-content\/uploads\/2025\/08\/200-L-taastatud-emailitud-metalltunn-eemaldatava-kaanega.jpg\",\"datePublished\":\"2025-08-05T12:57:10+00:00\",\"dateModified\":\"2025-11-05T14:07:22+00:00\",\"description\":\"See 200-liitrine taastatud terast\u00fcnn on valmistatud vastupidavast metallist, sisepind on kaetud emailkihiga\",\"breadcrumb\":{\"@id\":\"https:\/\/ibc.ee\/et\/toode\/200-l-taastatud-emailitud-metalltunn-eemaldatava-kaanega\/#breadcrumb\"},\"inLanguage\":\"et\",\"potentialAction\":[{\"@type\":\"ReadAction\",\"target\":[\"https:\/\/ibc.ee\/et\/toode\/200-l-taastatud-emailitud-metalltunn-eemaldatava-kaanega\/\"]}]},{\"@type\":\"ImageObject\",\"inLanguage\":\"et\",\"@id\":\"https:\/\/ibc.ee\/et\/toode\/200-l-taastatud-emailitud-metalltunn-eemaldatava-kaanega\/#primaryimage\",\"url\":\"https:\/\/ibc.ee\/wp-content\/uploads\/2025\/08\/200-L-taastatud-emailitud-metalltunn-eemaldatava-kaanega.jpg\",\"contentUrl\":\"https:\/\/ibc.ee\/wp-content\/uploads\/2025\/08\/200-L-taastatud-emailitud-metalltunn-eemaldatava-kaanega.jpg\",\"width\":1000,\"height\":1000,\"caption\":\"200-L-taastatud-emailitud-metalltunn-eemaldatava-kaanega\"},{\"@type\":\"BreadcrumbList\",\"@id\":\"https:\/\/ibc.ee\/et\/toode\/200-l-taastatud-emailitud-metalltunn-eemaldatava-kaanega\/#breadcrumb\",\"itemListElement\":[{\"@type\":\"ListItem\",\"position\":1,\"name\":\"\u0413\u043b\u0430\u0432\u043d\u0430\u044f \u0441\u0442\u0440\u0430\u043d\u0438\u0446\u0430\",\"item\":\"https:\/\/ibc.ee\/et\/\"},{\"@type\":\"ListItem\",\"position\":2,\"name\":\"Pood\",\"item\":\"https:\/\/ibc.ee\/et\/shop\/\"},{\"@type\":\"ListItem\",\"position\":3,\"name\":\"200\u202fL taastatud emailitud metallt\u00fcnn eemaldatava kaanega\"}]},{\"@type\":\"WebSite\",\"@id\":\"https:\/\/www.ibc.ee\/et\/#website\",\"url\":\"https:\/\/www.ibc.ee\/et\/\",\"name\":\"IBC konteineri m&uuml;&uuml;k, vaadid, kraanid, mahutid\",\"description\":\"IBC - Tank container valve, Adapters\\\\fittings, Intermediate bulk, container, Drums\/cans\",\"potentialAction\":[{\"@type\":\"SearchAction\",\"target\":{\"@type\":\"EntryPoint\",\"urlTemplate\":\"https:\/\/www.ibc.ee\/et\/?s={search_term_string}\"},\"query-input\":{\"@type\":\"PropertyValueSpecification\",\"valueRequired\":true,\"valueName\":\"search_term_string\"}}],\"inLanguage\":\"et\"}]}<\/script>\n<!-- \/ Yoast SEO plugin. -->","yoast_head_json":{"title":"200\u202fL taastatud emailitud metallt\u00fcnn eemaldatava kaanega - IBC konteineri m&uuml;&uuml;k, vaadid, kraanid, mahutid","description":"See 200-liitrine taastatud terast\u00fcnn on valmistatud vastupidavast metallist, sisepind on kaetud emailkihiga","robots":{"index":"index","follow":"follow","max-snippet":"max-snippet:-1","max-image-preview":"max-image-preview:large","max-video-preview":"max-video-preview:-1"},"canonical":"https:\/\/ibc.ee\/et\/toode\/200-l-taastatud-emailitud-metalltunn-eemaldatava-kaanega\/","og_locale":"et_EE","og_type":"article","og_title":"200\u202fL taastatud emailitud metallt\u00fcnn eemaldatava kaanega - IBC konteineri m&uuml;&uuml;k, vaadid, kraanid, mahutid","og_description":"See 200-liitrine taastatud terast\u00fcnn on valmistatud vastupidavast metallist, sisepind on kaetud emailkihiga","og_url":"https:\/\/ibc.ee\/et\/toode\/200-l-taastatud-emailitud-metalltunn-eemaldatava-kaanega\/","og_site_name":"IBC konteineri m&uuml;&uuml;k, vaadid, kraanid, mahutid","article_modified_time":"2025-11-05T14:07:22+00:00","og_image":[{"width":1000,"height":1000,"url":"https:\/\/www.ibc.ee\/wp-content\/uploads\/2025\/08\/200-L-taastatud-emailitud-metalltunn-eemaldatava-kaanega.jpg","type":"image\/jpeg"}],"twitter_card":"summary_large_image","twitter_misc":{"Est. reading time":"1 minut"},"schema":{"@context":"https:\/\/schema.org","@graph":[{"@type":"WebPage","@id":"https:\/\/ibc.ee\/et\/toode\/200-l-taastatud-emailitud-metalltunn-eemaldatava-kaanega\/","url":"https:\/\/ibc.ee\/et\/toode\/200-l-taastatud-emailitud-metalltunn-eemaldatava-kaanega\/","name":"200\u202fL taastatud emailitud metallt\u00fcnn eemaldatava kaanega - IBC konteineri m&uuml;&uuml;k, vaadid, kraanid, mahutid","isPartOf":{"@id":"https:\/\/www.ibc.ee\/et\/#website"},"primaryImageOfPage":{"@id":"https:\/\/ibc.ee\/et\/toode\/200-l-taastatud-emailitud-metalltunn-eemaldatava-kaanega\/#primaryimage"},"image":{"@id":"https:\/\/ibc.ee\/et\/toode\/200-l-taastatud-emailitud-metalltunn-eemaldatava-kaanega\/#primaryimage"},"thumbnailUrl":"https:\/\/ibc.ee\/wp-content\/uploads\/2025\/08\/200-L-taastatud-emailitud-metalltunn-eemaldatava-kaanega.jpg","datePublished":"2025-08-05T12:57:10+00:00","dateModified":"2025-11-05T14:07:22+00:00","description":"See 200-liitrine taastatud terast\u00fcnn on valmistatud vastupidavast metallist, sisepind on kaetud emailkihiga","breadcrumb":{"@id":"https:\/\/ibc.ee\/et\/toode\/200-l-taastatud-emailitud-metalltunn-eemaldatava-kaanega\/#breadcrumb"},"inLanguage":"et","potentialAction":[{"@type":"ReadAction","target":["https:\/\/ibc.ee\/et\/toode\/200-l-taastatud-emailitud-metalltunn-eemaldatava-kaanega\/"]}]},{"@type":"ImageObject","inLanguage":"et","@id":"https:\/\/ibc.ee\/et\/toode\/200-l-taastatud-emailitud-metalltunn-eemaldatava-kaanega\/#primaryimage","url":"https:\/\/ibc.ee\/wp-content\/uploads\/2025\/08\/200-L-taastatud-emailitud-metalltunn-eemaldatava-kaanega.jpg","contentUrl":"https:\/\/ibc.ee\/wp-content\/uploads\/2025\/08\/200-L-taastatud-emailitud-metalltunn-eemaldatava-kaanega.jpg","width":1000,"height":1000,"caption":"200-L-taastatud-emailitud-metalltunn-eemaldatava-kaanega"},{"@type":"BreadcrumbList","@id":"https:\/\/ibc.ee\/et\/toode\/200-l-taastatud-emailitud-metalltunn-eemaldatava-kaanega\/#breadcrumb","itemListElement":[{"@type":"ListItem","position":1,"name":"\u0413\u043b\u0430\u0432\u043d\u0430\u044f \u0441\u0442\u0440\u0430\u043d\u0438\u0446\u0430","item":"https:\/\/ibc.ee\/et\/"},{"@type":"ListItem","position":2,"name":"Pood","item":"https:\/\/ibc.ee\/et\/shop\/"},{"@type":"ListItem","position":3,"name":"200\u202fL taastatud emailitud metallt\u00fcnn eemaldatava kaanega"}]},{"@type":"WebSite","@id":"https:\/\/www.ibc.ee\/et\/#website","url":"https:\/\/www.ibc.ee\/et\/","name":"IBC konteineri m&uuml;&uuml;k, vaadid, kraanid, mahutid","description":"IBC - Tank container valve, Adapters\\fittings, Intermediate bulk, container, Drums\/cans","potentialAction":[{"@type":"SearchAction","target":{"@type":"EntryPoint","urlTemplate":"https:\/\/www.ibc.ee\/et\/?s={search_term_string}"},"query-input":{"@type":"PropertyValueSpecification","valueRequired":true,"valueName":"search_term_string"}}],"inLanguage":"et"}]}},"_links":{"self":[{"href":"https:\/\/ibc.ee\/et\/wp-json\/wp\/v2\/product\/24504","targetHints":{"allow":["GET"]}}],"collection":[{"href":"https:\/\/ibc.ee\/et\/wp-json\/wp\/v2\/product"}],"about":[{"href":"https:\/\/ibc.ee\/et\/wp-json\/wp\/v2\/types\/product"}],"wp:featuredmedia":[{"embeddable":true,"href":"https:\/\/ibc.ee\/et\/wp-json\/wp\/v2\/media\/24512"}],"wp:attachment":[{"href":"https:\/\/ibc.ee\/et\/wp-json\/wp\/v2\/media?parent=24504"}],"wp:term":[{"taxonomy":"product_brand","embeddable":true,"href":"https:\/\/ibc.ee\/et\/wp-json\/wp\/v2\/product_brand?post=24504"},{"taxonomy":"product_cat","embeddable":true,"href":"https:\/\/ibc.ee\/et\/wp-json\/wp\/v2\/product_cat?post=24504"},{"taxonomy":"product_tag","embeddable":true,"href":"https:\/\/ibc.ee\/et\/wp-json\/wp\/v2\/product_tag?post=24504"}],"curies":[{"name":"wp","href":"https:\/\/api.w.org\/{rel}","templated":true}]}}