{"id":24540,"date":"2025-08-06T11:38:44","date_gmt":"2025-08-06T09:38:45","guid":{"rendered":"https:\/\/ibc.ee\/?post_type=product&#038;p=24540"},"modified":"2026-03-12T15:53:14","modified_gmt":"2026-03-12T13:53:14","slug":"raincube-ibc-1000-kasutatud-ja-pestud-1000l-ibc-kandiline-mahuti","status":"publish","type":"product","link":"https:\/\/ibc.ee\/et\/toode\/raincube-ibc-1000-kasutatud-ja-pestud-1000l-ibc-kandiline-mahuti\/","title":{"rendered":"RainCube IBC 1000 \u2013 kasutatud ja pestud 1000L IBC kandiline mahuti"},"content":{"rendered":"<p>RainCube IBC 1000 on p\u00f5hjalikult puhastatud ja kontrollitud kasutatud 1000-liitrine vahemahuti (IBC), mis on m\u00f5eldud vihmavee, hallvee ja muude mittejoogivee t\u00fc\u00fcpi vedelike hoiustamiseks. See on taskukohane ja keskkonnas\u00f5bralik lahendus kasutamiseks majapidamises, aias v\u00f5i kergetes t\u00f6\u00f6stuslikes rakendustes, kus UN\/FDA sertifikaat ei ole n\u00f5utav. <\/p>\n<p>RainCube IBC 1000 sobib suurep\u00e4raselt:<\/p>\n<ul>\n<li>Vihmavee kogumiseks kastmiseks, WC-s\u00fcsteemideks jms<\/li>\n<li>Hallvee hoidmiseks (nt kraanikausid, du\u0161id, pesumasinad)<\/li>\n<li>Ajutiseks heitvee ladustamiseks<\/li>\n<li>P\u00f5llumajanduslikuks v\u00f5i aiandusalaseks veemahutiks<\/li>\n<li>Ehitusplatside tehniliseks kasutuseks<\/li>\n<li>Puhastusvahendite lahjendusmahutiks<\/li>\n<\/ul>\n","protected":false},"excerpt":{"rendered":"<p>RainCube IBC 1000 on p\u00f5hjalikult puhastatud ja kontrollitud kasutatud 1000-liitrine vahemahuti (IBC), mis on m\u00f5eldud vihmavee, hallvee ja muude mittejoogivee t\u00fc\u00fcpi vedelike hoiustamiseks. See on taskukohane ja keskkonnas\u00f5bralik lahendus kasutamiseks majapidamises, aias v\u00f5i kergetes t\u00f6\u00f6stuslikes rakendustes, kus UN\/FDA sertifikaat ei ole n\u00f5utav. RainCube IBC 1000 sobib suurep\u00e4raselt: Vihmavee kogumiseks kastmiseks, WC-s\u00fcsteemideks jms Hallvee hoidmiseks (nt [&hellip;]<\/p>\n","protected":false},"featured_media":24548,"template":"","meta":[],"product_brand":[],"product_cat":[178],"product_tag":[],"class_list":{"0":"post-24540","1":"product","2":"type-product","3":"status-publish","4":"has-post-thumbnail","6":"product_cat-ibckanistrid","7":"product_shipping_class-drums-and-cans-et","9":"first","10":"instock","11":"taxable","12":"shipping-taxable","13":"purchasable","14":"product-type-simple"},"yoast_head":"<!-- This site is optimized with the Yoast SEO plugin v26.9 - https:\/\/yoast.com\/product\/yoast-seo-wordpress\/ -->\n<title>RainCube IBC 1000 \u2013 kasutatud ja pestud 1000L IBC kandiline mahuti - IBC konteineri m&uuml;&uuml;k, vaadid, kraanid, mahutid<\/title>\n<meta name=\"description\" content=\"RainCube IBC 1000 on p\u00f5hjalikult puhastatud ja kontrollitud kasutatud 1000-liitrine vahemahuti (IBC), mis on m\u00f5eldud vihmavee, hallvee ja muude mittejoogivee t\u00fc\u00fcpi vedelike hoiustamiseks.\" \/>\n<meta name=\"robots\" content=\"index, follow, max-snippet:-1, max-image-preview:large, max-video-preview:-1\" \/>\n<link rel=\"canonical\" href=\"https:\/\/ibc.ee\/et\/toode\/raincube-ibc-1000-kasutatud-ja-pestud-1000l-ibc-kandiline-mahuti\/\" \/>\n<meta property=\"og:locale\" content=\"et_EE\" \/>\n<meta property=\"og:type\" content=\"article\" \/>\n<meta property=\"og:title\" content=\"RainCube IBC 1000 \u2013 kasutatud ja pestud 1000L IBC kandiline mahuti - IBC konteineri m&uuml;&uuml;k, vaadid, kraanid, mahutid\" \/>\n<meta property=\"og:description\" content=\"RainCube IBC 1000 on p\u00f5hjalikult puhastatud ja kontrollitud kasutatud 1000-liitrine vahemahuti (IBC), mis on m\u00f5eldud vihmavee, hallvee ja muude mittejoogivee t\u00fc\u00fcpi vedelike hoiustamiseks.\" \/>\n<meta property=\"og:url\" content=\"https:\/\/ibc.ee\/et\/toode\/raincube-ibc-1000-kasutatud-ja-pestud-1000l-ibc-kandiline-mahuti\/\" \/>\n<meta property=\"og:site_name\" content=\"IBC konteineri m&uuml;&uuml;k, vaadid, kraanid, mahutid\" \/>\n<meta property=\"article:modified_time\" content=\"2026-03-12T13:53:14+00:00\" \/>\n<meta property=\"og:image\" content=\"https:\/\/ibc.ee\/wp-content\/uploads\/2025\/08\/RainCube-IBC-1000-kasutatud-ja-pestud-1000L-IBC-konteiner.jpg\" \/>\n\t<meta property=\"og:image:width\" content=\"1000\" \/>\n\t<meta property=\"og:image:height\" content=\"1000\" \/>\n\t<meta property=\"og:image:type\" content=\"image\/jpeg\" \/>\n<meta name=\"twitter:card\" content=\"summary_large_image\" \/>\n<meta name=\"twitter:label1\" content=\"Est. reading time\" \/>\n\t<meta name=\"twitter:data1\" content=\"1 minut\" \/>\n<script type=\"application\/ld+json\" class=\"yoast-schema-graph\">{\"@context\":\"https:\/\/schema.org\",\"@graph\":[{\"@type\":\"WebPage\",\"@id\":\"https:\/\/ibc.ee\/et\/toode\/raincube-ibc-1000-kasutatud-ja-pestud-1000l-ibc-kandiline-mahuti\/\",\"url\":\"https:\/\/ibc.ee\/et\/toode\/raincube-ibc-1000-kasutatud-ja-pestud-1000l-ibc-kandiline-mahuti\/\",\"name\":\"RainCube IBC 1000 \u2013 kasutatud ja pestud 1000L IBC kandiline mahuti - IBC konteineri m&uuml;&uuml;k, vaadid, kraanid, mahutid\",\"isPartOf\":{\"@id\":\"https:\/\/ibc.ee\/et\/#website\"},\"primaryImageOfPage\":{\"@id\":\"https:\/\/ibc.ee\/et\/toode\/raincube-ibc-1000-kasutatud-ja-pestud-1000l-ibc-kandiline-mahuti\/#primaryimage\"},\"image\":{\"@id\":\"https:\/\/ibc.ee\/et\/toode\/raincube-ibc-1000-kasutatud-ja-pestud-1000l-ibc-kandiline-mahuti\/#primaryimage\"},\"thumbnailUrl\":\"https:\/\/ibc.ee\/wp-content\/uploads\/2025\/08\/RainCube-IBC-1000-kasutatud-ja-pestud-1000L-IBC-konteiner.jpg\",\"datePublished\":\"2025-08-06T09:38:45+00:00\",\"dateModified\":\"2026-03-12T13:53:14+00:00\",\"description\":\"RainCube IBC 1000 on p\u00f5hjalikult puhastatud ja kontrollitud kasutatud 1000-liitrine vahemahuti (IBC), mis on m\u00f5eldud vihmavee, hallvee ja muude mittejoogivee t\u00fc\u00fcpi vedelike hoiustamiseks.\",\"breadcrumb\":{\"@id\":\"https:\/\/ibc.ee\/et\/toode\/raincube-ibc-1000-kasutatud-ja-pestud-1000l-ibc-kandiline-mahuti\/#breadcrumb\"},\"inLanguage\":\"et\",\"potentialAction\":[{\"@type\":\"ReadAction\",\"target\":[\"https:\/\/ibc.ee\/et\/toode\/raincube-ibc-1000-kasutatud-ja-pestud-1000l-ibc-kandiline-mahuti\/\"]}]},{\"@type\":\"ImageObject\",\"inLanguage\":\"et\",\"@id\":\"https:\/\/ibc.ee\/et\/toode\/raincube-ibc-1000-kasutatud-ja-pestud-1000l-ibc-kandiline-mahuti\/#primaryimage\",\"url\":\"https:\/\/ibc.ee\/wp-content\/uploads\/2025\/08\/RainCube-IBC-1000-kasutatud-ja-pestud-1000L-IBC-konteiner.jpg\",\"contentUrl\":\"https:\/\/ibc.ee\/wp-content\/uploads\/2025\/08\/RainCube-IBC-1000-kasutatud-ja-pestud-1000L-IBC-konteiner.jpg\",\"width\":1000,\"height\":1000,\"caption\":\"RainCube IBC 1000 \u2013 used and washed 1000L IBC container\"},{\"@type\":\"BreadcrumbList\",\"@id\":\"https:\/\/ibc.ee\/et\/toode\/raincube-ibc-1000-kasutatud-ja-pestud-1000l-ibc-kandiline-mahuti\/#breadcrumb\",\"itemListElement\":[{\"@type\":\"ListItem\",\"position\":1,\"name\":\"\u0413\u043b\u0430\u0432\u043d\u0430\u044f \u0441\u0442\u0440\u0430\u043d\u0438\u0446\u0430\",\"item\":\"https:\/\/ibc.ee\/et\/\"},{\"@type\":\"ListItem\",\"position\":2,\"name\":\"Pood\",\"item\":\"https:\/\/ibc.ee\/et\/shop\/\"},{\"@type\":\"ListItem\",\"position\":3,\"name\":\"RainCube IBC 1000 \u2013 kasutatud ja pestud 1000L IBC kandiline mahuti\"}]},{\"@type\":\"WebSite\",\"@id\":\"https:\/\/ibc.ee\/et\/#website\",\"url\":\"https:\/\/ibc.ee\/et\/\",\"name\":\"IBC konteineri m&uuml;&uuml;k, vaadid, kraanid, mahutid\",\"description\":\"IBC - Tank container valve, Adapters\\\\fittings, Intermediate bulk, container, Drums\/cans\",\"potentialAction\":[{\"@type\":\"SearchAction\",\"target\":{\"@type\":\"EntryPoint\",\"urlTemplate\":\"https:\/\/ibc.ee\/et\/?s={search_term_string}\"},\"query-input\":{\"@type\":\"PropertyValueSpecification\",\"valueRequired\":true,\"valueName\":\"search_term_string\"}}],\"inLanguage\":\"et\"}]}<\/script>\n<!-- \/ Yoast SEO plugin. -->","yoast_head_json":{"title":"RainCube IBC 1000 \u2013 kasutatud ja pestud 1000L IBC kandiline mahuti - IBC konteineri m&uuml;&uuml;k, vaadid, kraanid, mahutid","description":"RainCube IBC 1000 on p\u00f5hjalikult puhastatud ja kontrollitud kasutatud 1000-liitrine vahemahuti (IBC), mis on m\u00f5eldud vihmavee, hallvee ja muude mittejoogivee t\u00fc\u00fcpi vedelike hoiustamiseks.","robots":{"index":"index","follow":"follow","max-snippet":"max-snippet:-1","max-image-preview":"max-image-preview:large","max-video-preview":"max-video-preview:-1"},"canonical":"https:\/\/ibc.ee\/et\/toode\/raincube-ibc-1000-kasutatud-ja-pestud-1000l-ibc-kandiline-mahuti\/","og_locale":"et_EE","og_type":"article","og_title":"RainCube IBC 1000 \u2013 kasutatud ja pestud 1000L IBC kandiline mahuti - IBC konteineri m&uuml;&uuml;k, vaadid, kraanid, mahutid","og_description":"RainCube IBC 1000 on p\u00f5hjalikult puhastatud ja kontrollitud kasutatud 1000-liitrine vahemahuti (IBC), mis on m\u00f5eldud vihmavee, hallvee ja muude mittejoogivee t\u00fc\u00fcpi vedelike hoiustamiseks.","og_url":"https:\/\/ibc.ee\/et\/toode\/raincube-ibc-1000-kasutatud-ja-pestud-1000l-ibc-kandiline-mahuti\/","og_site_name":"IBC konteineri m&uuml;&uuml;k, vaadid, kraanid, mahutid","article_modified_time":"2026-03-12T13:53:14+00:00","og_image":[{"width":1000,"height":1000,"url":"https:\/\/ibc.ee\/wp-content\/uploads\/2025\/08\/RainCube-IBC-1000-kasutatud-ja-pestud-1000L-IBC-konteiner.jpg","type":"image\/jpeg"}],"twitter_card":"summary_large_image","twitter_misc":{"Est. reading time":"1 minut"},"schema":{"@context":"https:\/\/schema.org","@graph":[{"@type":"WebPage","@id":"https:\/\/ibc.ee\/et\/toode\/raincube-ibc-1000-kasutatud-ja-pestud-1000l-ibc-kandiline-mahuti\/","url":"https:\/\/ibc.ee\/et\/toode\/raincube-ibc-1000-kasutatud-ja-pestud-1000l-ibc-kandiline-mahuti\/","name":"RainCube IBC 1000 \u2013 kasutatud ja pestud 1000L IBC kandiline mahuti - IBC konteineri m&uuml;&uuml;k, vaadid, kraanid, mahutid","isPartOf":{"@id":"https:\/\/ibc.ee\/et\/#website"},"primaryImageOfPage":{"@id":"https:\/\/ibc.ee\/et\/toode\/raincube-ibc-1000-kasutatud-ja-pestud-1000l-ibc-kandiline-mahuti\/#primaryimage"},"image":{"@id":"https:\/\/ibc.ee\/et\/toode\/raincube-ibc-1000-kasutatud-ja-pestud-1000l-ibc-kandiline-mahuti\/#primaryimage"},"thumbnailUrl":"https:\/\/ibc.ee\/wp-content\/uploads\/2025\/08\/RainCube-IBC-1000-kasutatud-ja-pestud-1000L-IBC-konteiner.jpg","datePublished":"2025-08-06T09:38:45+00:00","dateModified":"2026-03-12T13:53:14+00:00","description":"RainCube IBC 1000 on p\u00f5hjalikult puhastatud ja kontrollitud kasutatud 1000-liitrine vahemahuti (IBC), mis on m\u00f5eldud vihmavee, hallvee ja muude mittejoogivee t\u00fc\u00fcpi vedelike hoiustamiseks.","breadcrumb":{"@id":"https:\/\/ibc.ee\/et\/toode\/raincube-ibc-1000-kasutatud-ja-pestud-1000l-ibc-kandiline-mahuti\/#breadcrumb"},"inLanguage":"et","potentialAction":[{"@type":"ReadAction","target":["https:\/\/ibc.ee\/et\/toode\/raincube-ibc-1000-kasutatud-ja-pestud-1000l-ibc-kandiline-mahuti\/"]}]},{"@type":"ImageObject","inLanguage":"et","@id":"https:\/\/ibc.ee\/et\/toode\/raincube-ibc-1000-kasutatud-ja-pestud-1000l-ibc-kandiline-mahuti\/#primaryimage","url":"https:\/\/ibc.ee\/wp-content\/uploads\/2025\/08\/RainCube-IBC-1000-kasutatud-ja-pestud-1000L-IBC-konteiner.jpg","contentUrl":"https:\/\/ibc.ee\/wp-content\/uploads\/2025\/08\/RainCube-IBC-1000-kasutatud-ja-pestud-1000L-IBC-konteiner.jpg","width":1000,"height":1000,"caption":"RainCube IBC 1000 \u2013 used and washed 1000L IBC container"},{"@type":"BreadcrumbList","@id":"https:\/\/ibc.ee\/et\/toode\/raincube-ibc-1000-kasutatud-ja-pestud-1000l-ibc-kandiline-mahuti\/#breadcrumb","itemListElement":[{"@type":"ListItem","position":1,"name":"\u0413\u043b\u0430\u0432\u043d\u0430\u044f \u0441\u0442\u0440\u0430\u043d\u0438\u0446\u0430","item":"https:\/\/ibc.ee\/et\/"},{"@type":"ListItem","position":2,"name":"Pood","item":"https:\/\/ibc.ee\/et\/shop\/"},{"@type":"ListItem","position":3,"name":"RainCube IBC 1000 \u2013 kasutatud ja pestud 1000L IBC kandiline mahuti"}]},{"@type":"WebSite","@id":"https:\/\/ibc.ee\/et\/#website","url":"https:\/\/ibc.ee\/et\/","name":"IBC konteineri m&uuml;&uuml;k, vaadid, kraanid, mahutid","description":"IBC - Tank container valve, Adapters\\fittings, Intermediate bulk, container, Drums\/cans","potentialAction":[{"@type":"SearchAction","target":{"@type":"EntryPoint","urlTemplate":"https:\/\/ibc.ee\/et\/?s={search_term_string}"},"query-input":{"@type":"PropertyValueSpecification","valueRequired":true,"valueName":"search_term_string"}}],"inLanguage":"et"}]}},"_links":{"self":[{"href":"https:\/\/ibc.ee\/et\/wp-json\/wp\/v2\/product\/24540","targetHints":{"allow":["GET"]}}],"collection":[{"href":"https:\/\/ibc.ee\/et\/wp-json\/wp\/v2\/product"}],"about":[{"href":"https:\/\/ibc.ee\/et\/wp-json\/wp\/v2\/types\/product"}],"wp:featuredmedia":[{"embeddable":true,"href":"https:\/\/ibc.ee\/et\/wp-json\/wp\/v2\/media\/24548"}],"wp:attachment":[{"href":"https:\/\/ibc.ee\/et\/wp-json\/wp\/v2\/media?parent=24540"}],"wp:term":[{"taxonomy":"product_brand","embeddable":true,"href":"https:\/\/ibc.ee\/et\/wp-json\/wp\/v2\/product_brand?post=24540"},{"taxonomy":"product_cat","embeddable":true,"href":"https:\/\/ibc.ee\/et\/wp-json\/wp\/v2\/product_cat?post=24540"},{"taxonomy":"product_tag","embeddable":true,"href":"https:\/\/ibc.ee\/et\/wp-json\/wp\/v2\/product_tag?post=24540"}],"curies":[{"name":"wp","href":"https:\/\/api.w.org\/{rel}","templated":true}]}}