{"id":24688,"date":"2025-11-04T15:22:57","date_gmt":"2025-11-04T13:22:57","guid":{"rendered":"https:\/\/ibc.ee\/?post_type=product&#038;p=24688"},"modified":"2025-11-04T15:47:19","modified_gmt":"2025-11-04T13:47:19","slug":"newcube-fda-ibc-1000-blue-1000-l-fda-sertifitseeritud-sinine-ibc-konteiner-toiduainetele-ja-uv-tundlikele-rakendustele","status":"publish","type":"product","link":"https:\/\/ibc.ee\/et\/toode\/newcube-fda-ibc-1000-blue-1000-l-fda-sertifitseeritud-sinine-ibc-konteiner-toiduainetele-ja-uv-tundlikele-rakendustele\/","title":{"rendered":"NewCube FDA IBC 1000 Blue \u2013 1000\u202fL FDA-sertifitseeritud sinine IBC konteiner toiduainetele ja UV-tundlikele rakendustele"},"content":{"rendered":"<p><strong>P\u00f5hiomadused<\/strong><br \/>\n&#8211; Mahutavus: 1000 liitrit (275 gallonit)<br \/>\n&#8211; Sertifikaadid: FDA n\u00f5uetele vastav \u2013 ohutu otseseks kokkupuuteks toidu, jookide ja joogiveega<br \/>\n&#8211; Materjal: Neitsilik HDPE, puhumisvormitud, toiduohutu ja keemiliselt vastupidav<br \/>\n&#8211; V\u00e4rv: Sinine, UV-kindel \u2013 sobib ideaalselt v\u00e4litingimustesse<br \/>\n&#8211; Raam: Tsingitud terasest karkass, 4-suunaline kahvelt\u00f5stukiga ligip\u00e4\u00e4s<br \/>\n&#8211; P\u00f5hi: Komposiit- v\u00f5i plastalus, vastupidav ja korduvkasutatav<br \/>\n&#8211; Kaan: \u00d8150 mm keeratav kaas plommitava tihendiga<br \/>\n&#8211; V\u00e4ljalaskeventiil: Standardne S60x6 koos tolmukaitsega<br \/>\n&#8211; Taaskasutatav: Lihtne puhastada, desinfitseerida ja uuesti t\u00e4ita<\/p>\n<p><strong>Miks valida sinine FDA IBC konteiner?<\/strong><br \/>\n&#8211; T\u00f5hus UV-kaitse \u2013 sobib pikemaajaliseks hoiustamiseks v\u00e4litingimustes<br \/>\n&#8211; Takistab vetikate kasvu \u2013 v\u00e4hendatud valguse l\u00e4bilaskvus hoiab vedelikud puhtamana<br \/>\n&#8211; Toiduohutu \u2013 t\u00e4ielikult FDA standarditele vastav<br \/>\n&#8211; Selge visuaalne identifitseerimine \u2013 aitab eristada toiduks m\u00f5eldud konteinereid teistest<br \/>\n&#8211; Hea valik temperatuuritundlike vedelike jaoks, mis vajavad valguse eest kaitset<\/p>\n<p><strong>Soovitatavad kasutusalad<\/strong><br \/>\n&#8211; Toidu- ja joogit\u00f6\u00f6stuse toorained \u2013 \u00f5lid, siirupid, mahlad, maitselisandid<br \/>\n&#8211; Joogivee v\u00f5i tootmisvedelike hoiustamine v\u00e4litingimustes<br \/>\n&#8211; Kasutamine toidut\u00f6\u00f6tlemises, toitlustuses, p\u00f5llumajanduses ja kosmeetikat\u00f6\u00f6stuses<br \/>\n&#8211; Farmatseutilised ja h\u00fcgieeniga seotud vedelikud<br \/>\n&#8211; Mitteohtlikud kemikaalid reguleeritud ja puhtust n\u00f5udvates keskkondades<\/p>\n<p><strong>Oluline teave<\/strong><br \/>\n&#8211; Tarnitakse t\u00e4iesti uus, kasutamata ja FDA-sertifikaadiga<br \/>\n&#8211; UN-sertifikaat puudub \u2013 ei sobi ohtlike ainete transportimiseks<br \/>\n&#8211; M\u00e4rgistused ja dokumentatsioon on saadaval soovi korral<\/p>\n","protected":false},"excerpt":{"rendered":"<p>NewCube FDA IBC 1000 Blue on t\u00e4iesti uus 1000-liitrine vahemahuti (IBC), mis on loodud toidukvaliteediga vedelike, joogivee ja muude mitteohtlike ainete h\u00fcgieeniliseks ja turvaliseks hoiustamiseks ning transportimiseks.<br \/>\nSee mudel on varustatud UV-kaitsega sinise HDPE-plastikust sisemahutiga, mis teeb selle ideaalseks v\u00e4listingimustes kasutamiseks, kus p\u00e4ikesevalgus ja temperatuurik\u00f5ikumised on olulised tegurid.<\/p>\n","protected":false},"featured_media":24696,"template":"","meta":[],"product_brand":[],"product_cat":[178],"product_tag":[],"class_list":{"0":"post-24688","1":"product","2":"type-product","3":"status-publish","4":"has-post-thumbnail","6":"product_cat-ibckanistrid","7":"product_shipping_class-containers-et","9":"first","10":"onbackorder","11":"taxable","12":"shipping-taxable","13":"product-type-simple"},"yoast_head":"<!-- This site is optimized with the Yoast SEO plugin v26.9 - https:\/\/yoast.com\/product\/yoast-seo-wordpress\/ -->\n<title>NewCube FDA IBC 1000 Blue \u2013 1000\u202fL FDA-sertifitseeritud sinine IBC konteiner toiduainetele ja UV-tundlikele rakendustele - IBC konteineri m&uuml;&uuml;k, vaadid, kraanid, mahutid<\/title>\n<meta name=\"description\" content=\"NewCube FDA IBC 1000 Blue on t\u00e4iesti uus 1000-liitrine vahemahuti (IBC), mis on loodud toidukvaliteediga vedelike, joogivee ja muude mitteohtlike ainete h\u00fcgieeniliseks ja turvaliseks hoiustamiseks ning transportimiseks.\" \/>\n<meta name=\"robots\" content=\"index, follow, max-snippet:-1, max-image-preview:large, max-video-preview:-1\" \/>\n<link rel=\"canonical\" href=\"https:\/\/ibc.ee\/et\/toode\/newcube-fda-ibc-1000-blue-1000-l-fda-sertifitseeritud-sinine-ibc-konteiner-toiduainetele-ja-uv-tundlikele-rakendustele\/\" \/>\n<meta property=\"og:locale\" content=\"et_EE\" \/>\n<meta property=\"og:type\" content=\"article\" \/>\n<meta property=\"og:title\" content=\"NewCube FDA IBC 1000 Blue \u2013 1000\u202fL FDA-sertifitseeritud sinine IBC konteiner toiduainetele ja UV-tundlikele rakendustele - IBC konteineri m&uuml;&uuml;k, vaadid, kraanid, mahutid\" \/>\n<meta property=\"og:description\" content=\"NewCube FDA IBC 1000 Blue on t\u00e4iesti uus 1000-liitrine vahemahuti (IBC), mis on loodud toidukvaliteediga vedelike, joogivee ja muude mitteohtlike ainete h\u00fcgieeniliseks ja turvaliseks hoiustamiseks ning transportimiseks.\" \/>\n<meta property=\"og:url\" content=\"https:\/\/ibc.ee\/et\/toode\/newcube-fda-ibc-1000-blue-1000-l-fda-sertifitseeritud-sinine-ibc-konteiner-toiduainetele-ja-uv-tundlikele-rakendustele\/\" \/>\n<meta property=\"og:site_name\" content=\"IBC konteineri m&uuml;&uuml;k, vaadid, kraanid, mahutid\" \/>\n<meta property=\"article:modified_time\" content=\"2025-11-04T13:47:19+00:00\" \/>\n<meta property=\"og:image\" content=\"https:\/\/ibc.ee\/wp-content\/uploads\/2025\/11\/NewCube-FDA-IBC-1000-IBC-konteiner-toidukvaliteediga-vedelike-jaoks-sinine.jpg\" \/>\n\t<meta property=\"og:image:width\" content=\"1000\" \/>\n\t<meta property=\"og:image:height\" content=\"1000\" \/>\n\t<meta property=\"og:image:type\" content=\"image\/jpeg\" \/>\n<meta name=\"twitter:card\" content=\"summary_large_image\" \/>\n<meta name=\"twitter:label1\" content=\"Est. reading time\" \/>\n\t<meta name=\"twitter:data1\" content=\"1 minut\" \/>\n<script type=\"application\/ld+json\" class=\"yoast-schema-graph\">{\"@context\":\"https:\/\/schema.org\",\"@graph\":[{\"@type\":\"WebPage\",\"@id\":\"https:\/\/ibc.ee\/et\/toode\/newcube-fda-ibc-1000-blue-1000-l-fda-sertifitseeritud-sinine-ibc-konteiner-toiduainetele-ja-uv-tundlikele-rakendustele\/\",\"url\":\"https:\/\/ibc.ee\/et\/toode\/newcube-fda-ibc-1000-blue-1000-l-fda-sertifitseeritud-sinine-ibc-konteiner-toiduainetele-ja-uv-tundlikele-rakendustele\/\",\"name\":\"NewCube FDA IBC 1000 Blue \u2013 1000\u202fL FDA-sertifitseeritud sinine IBC konteiner toiduainetele ja UV-tundlikele rakendustele - IBC konteineri m&uuml;&uuml;k, vaadid, kraanid, mahutid\",\"isPartOf\":{\"@id\":\"https:\/\/www.ibc.ee\/et\/#website\"},\"primaryImageOfPage\":{\"@id\":\"https:\/\/ibc.ee\/et\/toode\/newcube-fda-ibc-1000-blue-1000-l-fda-sertifitseeritud-sinine-ibc-konteiner-toiduainetele-ja-uv-tundlikele-rakendustele\/#primaryimage\"},\"image\":{\"@id\":\"https:\/\/ibc.ee\/et\/toode\/newcube-fda-ibc-1000-blue-1000-l-fda-sertifitseeritud-sinine-ibc-konteiner-toiduainetele-ja-uv-tundlikele-rakendustele\/#primaryimage\"},\"thumbnailUrl\":\"https:\/\/ibc.ee\/wp-content\/uploads\/2025\/11\/NewCube-FDA-IBC-1000-IBC-konteiner-toidukvaliteediga-vedelike-jaoks-sinine.jpg\",\"datePublished\":\"2025-11-04T13:22:57+00:00\",\"dateModified\":\"2025-11-04T13:47:19+00:00\",\"description\":\"NewCube FDA IBC 1000 Blue on t\u00e4iesti uus 1000-liitrine vahemahuti (IBC), mis on loodud toidukvaliteediga vedelike, joogivee ja muude mitteohtlike ainete h\u00fcgieeniliseks ja turvaliseks hoiustamiseks ning transportimiseks.\",\"breadcrumb\":{\"@id\":\"https:\/\/ibc.ee\/et\/toode\/newcube-fda-ibc-1000-blue-1000-l-fda-sertifitseeritud-sinine-ibc-konteiner-toiduainetele-ja-uv-tundlikele-rakendustele\/#breadcrumb\"},\"inLanguage\":\"et\",\"potentialAction\":[{\"@type\":\"ReadAction\",\"target\":[\"https:\/\/ibc.ee\/et\/toode\/newcube-fda-ibc-1000-blue-1000-l-fda-sertifitseeritud-sinine-ibc-konteiner-toiduainetele-ja-uv-tundlikele-rakendustele\/\"]}]},{\"@type\":\"ImageObject\",\"inLanguage\":\"et\",\"@id\":\"https:\/\/ibc.ee\/et\/toode\/newcube-fda-ibc-1000-blue-1000-l-fda-sertifitseeritud-sinine-ibc-konteiner-toiduainetele-ja-uv-tundlikele-rakendustele\/#primaryimage\",\"url\":\"https:\/\/ibc.ee\/wp-content\/uploads\/2025\/11\/NewCube-FDA-IBC-1000-IBC-konteiner-toidukvaliteediga-vedelike-jaoks-sinine.jpg\",\"contentUrl\":\"https:\/\/ibc.ee\/wp-content\/uploads\/2025\/11\/NewCube-FDA-IBC-1000-IBC-konteiner-toidukvaliteediga-vedelike-jaoks-sinine.jpg\",\"width\":1000,\"height\":1000,\"caption\":\"NewCube FDA IBC 1000 Blue \u2013 1000L FDA-Compliant Blue IBC for Food-Grade and UV-Sensitive Applications\"},{\"@type\":\"BreadcrumbList\",\"@id\":\"https:\/\/ibc.ee\/et\/toode\/newcube-fda-ibc-1000-blue-1000-l-fda-sertifitseeritud-sinine-ibc-konteiner-toiduainetele-ja-uv-tundlikele-rakendustele\/#breadcrumb\",\"itemListElement\":[{\"@type\":\"ListItem\",\"position\":1,\"name\":\"\u0413\u043b\u0430\u0432\u043d\u0430\u044f \u0441\u0442\u0440\u0430\u043d\u0438\u0446\u0430\",\"item\":\"https:\/\/ibc.ee\/et\/\"},{\"@type\":\"ListItem\",\"position\":2,\"name\":\"Pood\",\"item\":\"https:\/\/ibc.ee\/et\/shop\/\"},{\"@type\":\"ListItem\",\"position\":3,\"name\":\"NewCube FDA IBC 1000 Blue \u2013 1000\u202fL FDA-sertifitseeritud sinine IBC konteiner toiduainetele ja UV-tundlikele rakendustele\"}]},{\"@type\":\"WebSite\",\"@id\":\"https:\/\/www.ibc.ee\/et\/#website\",\"url\":\"https:\/\/www.ibc.ee\/et\/\",\"name\":\"IBC konteineri m&uuml;&uuml;k, vaadid, kraanid, mahutid\",\"description\":\"IBC - Tank container valve, Adapters\\\\fittings, Intermediate bulk, container, Drums\/cans\",\"potentialAction\":[{\"@type\":\"SearchAction\",\"target\":{\"@type\":\"EntryPoint\",\"urlTemplate\":\"https:\/\/www.ibc.ee\/et\/?s={search_term_string}\"},\"query-input\":{\"@type\":\"PropertyValueSpecification\",\"valueRequired\":true,\"valueName\":\"search_term_string\"}}],\"inLanguage\":\"et\"}]}<\/script>\n<!-- \/ Yoast SEO plugin. -->","yoast_head_json":{"title":"NewCube FDA IBC 1000 Blue \u2013 1000\u202fL FDA-sertifitseeritud sinine IBC konteiner toiduainetele ja UV-tundlikele rakendustele - IBC konteineri m&uuml;&uuml;k, vaadid, kraanid, mahutid","description":"NewCube FDA IBC 1000 Blue on t\u00e4iesti uus 1000-liitrine vahemahuti (IBC), mis on loodud toidukvaliteediga vedelike, joogivee ja muude mitteohtlike ainete h\u00fcgieeniliseks ja turvaliseks hoiustamiseks ning transportimiseks.","robots":{"index":"index","follow":"follow","max-snippet":"max-snippet:-1","max-image-preview":"max-image-preview:large","max-video-preview":"max-video-preview:-1"},"canonical":"https:\/\/ibc.ee\/et\/toode\/newcube-fda-ibc-1000-blue-1000-l-fda-sertifitseeritud-sinine-ibc-konteiner-toiduainetele-ja-uv-tundlikele-rakendustele\/","og_locale":"et_EE","og_type":"article","og_title":"NewCube FDA IBC 1000 Blue \u2013 1000\u202fL FDA-sertifitseeritud sinine IBC konteiner toiduainetele ja UV-tundlikele rakendustele - IBC konteineri m&uuml;&uuml;k, vaadid, kraanid, mahutid","og_description":"NewCube FDA IBC 1000 Blue on t\u00e4iesti uus 1000-liitrine vahemahuti (IBC), mis on loodud toidukvaliteediga vedelike, joogivee ja muude mitteohtlike ainete h\u00fcgieeniliseks ja turvaliseks hoiustamiseks ning transportimiseks.","og_url":"https:\/\/ibc.ee\/et\/toode\/newcube-fda-ibc-1000-blue-1000-l-fda-sertifitseeritud-sinine-ibc-konteiner-toiduainetele-ja-uv-tundlikele-rakendustele\/","og_site_name":"IBC konteineri m&uuml;&uuml;k, vaadid, kraanid, mahutid","article_modified_time":"2025-11-04T13:47:19+00:00","og_image":[{"width":1000,"height":1000,"url":"https:\/\/ibc.ee\/wp-content\/uploads\/2025\/11\/NewCube-FDA-IBC-1000-IBC-konteiner-toidukvaliteediga-vedelike-jaoks-sinine.jpg","type":"image\/jpeg"}],"twitter_card":"summary_large_image","twitter_misc":{"Est. reading time":"1 minut"},"schema":{"@context":"https:\/\/schema.org","@graph":[{"@type":"WebPage","@id":"https:\/\/ibc.ee\/et\/toode\/newcube-fda-ibc-1000-blue-1000-l-fda-sertifitseeritud-sinine-ibc-konteiner-toiduainetele-ja-uv-tundlikele-rakendustele\/","url":"https:\/\/ibc.ee\/et\/toode\/newcube-fda-ibc-1000-blue-1000-l-fda-sertifitseeritud-sinine-ibc-konteiner-toiduainetele-ja-uv-tundlikele-rakendustele\/","name":"NewCube FDA IBC 1000 Blue \u2013 1000\u202fL FDA-sertifitseeritud sinine IBC konteiner toiduainetele ja UV-tundlikele rakendustele - IBC konteineri m&uuml;&uuml;k, vaadid, kraanid, mahutid","isPartOf":{"@id":"https:\/\/www.ibc.ee\/et\/#website"},"primaryImageOfPage":{"@id":"https:\/\/ibc.ee\/et\/toode\/newcube-fda-ibc-1000-blue-1000-l-fda-sertifitseeritud-sinine-ibc-konteiner-toiduainetele-ja-uv-tundlikele-rakendustele\/#primaryimage"},"image":{"@id":"https:\/\/ibc.ee\/et\/toode\/newcube-fda-ibc-1000-blue-1000-l-fda-sertifitseeritud-sinine-ibc-konteiner-toiduainetele-ja-uv-tundlikele-rakendustele\/#primaryimage"},"thumbnailUrl":"https:\/\/ibc.ee\/wp-content\/uploads\/2025\/11\/NewCube-FDA-IBC-1000-IBC-konteiner-toidukvaliteediga-vedelike-jaoks-sinine.jpg","datePublished":"2025-11-04T13:22:57+00:00","dateModified":"2025-11-04T13:47:19+00:00","description":"NewCube FDA IBC 1000 Blue on t\u00e4iesti uus 1000-liitrine vahemahuti (IBC), mis on loodud toidukvaliteediga vedelike, joogivee ja muude mitteohtlike ainete h\u00fcgieeniliseks ja turvaliseks hoiustamiseks ning transportimiseks.","breadcrumb":{"@id":"https:\/\/ibc.ee\/et\/toode\/newcube-fda-ibc-1000-blue-1000-l-fda-sertifitseeritud-sinine-ibc-konteiner-toiduainetele-ja-uv-tundlikele-rakendustele\/#breadcrumb"},"inLanguage":"et","potentialAction":[{"@type":"ReadAction","target":["https:\/\/ibc.ee\/et\/toode\/newcube-fda-ibc-1000-blue-1000-l-fda-sertifitseeritud-sinine-ibc-konteiner-toiduainetele-ja-uv-tundlikele-rakendustele\/"]}]},{"@type":"ImageObject","inLanguage":"et","@id":"https:\/\/ibc.ee\/et\/toode\/newcube-fda-ibc-1000-blue-1000-l-fda-sertifitseeritud-sinine-ibc-konteiner-toiduainetele-ja-uv-tundlikele-rakendustele\/#primaryimage","url":"https:\/\/ibc.ee\/wp-content\/uploads\/2025\/11\/NewCube-FDA-IBC-1000-IBC-konteiner-toidukvaliteediga-vedelike-jaoks-sinine.jpg","contentUrl":"https:\/\/ibc.ee\/wp-content\/uploads\/2025\/11\/NewCube-FDA-IBC-1000-IBC-konteiner-toidukvaliteediga-vedelike-jaoks-sinine.jpg","width":1000,"height":1000,"caption":"NewCube FDA IBC 1000 Blue \u2013 1000L FDA-Compliant Blue IBC for Food-Grade and UV-Sensitive Applications"},{"@type":"BreadcrumbList","@id":"https:\/\/ibc.ee\/et\/toode\/newcube-fda-ibc-1000-blue-1000-l-fda-sertifitseeritud-sinine-ibc-konteiner-toiduainetele-ja-uv-tundlikele-rakendustele\/#breadcrumb","itemListElement":[{"@type":"ListItem","position":1,"name":"\u0413\u043b\u0430\u0432\u043d\u0430\u044f \u0441\u0442\u0440\u0430\u043d\u0438\u0446\u0430","item":"https:\/\/ibc.ee\/et\/"},{"@type":"ListItem","position":2,"name":"Pood","item":"https:\/\/ibc.ee\/et\/shop\/"},{"@type":"ListItem","position":3,"name":"NewCube FDA IBC 1000 Blue \u2013 1000\u202fL FDA-sertifitseeritud sinine IBC konteiner toiduainetele ja UV-tundlikele rakendustele"}]},{"@type":"WebSite","@id":"https:\/\/www.ibc.ee\/et\/#website","url":"https:\/\/www.ibc.ee\/et\/","name":"IBC konteineri m&uuml;&uuml;k, vaadid, kraanid, mahutid","description":"IBC - Tank container valve, Adapters\\fittings, Intermediate bulk, container, Drums\/cans","potentialAction":[{"@type":"SearchAction","target":{"@type":"EntryPoint","urlTemplate":"https:\/\/www.ibc.ee\/et\/?s={search_term_string}"},"query-input":{"@type":"PropertyValueSpecification","valueRequired":true,"valueName":"search_term_string"}}],"inLanguage":"et"}]}},"_links":{"self":[{"href":"https:\/\/ibc.ee\/et\/wp-json\/wp\/v2\/product\/24688","targetHints":{"allow":["GET"]}}],"collection":[{"href":"https:\/\/ibc.ee\/et\/wp-json\/wp\/v2\/product"}],"about":[{"href":"https:\/\/ibc.ee\/et\/wp-json\/wp\/v2\/types\/product"}],"wp:featuredmedia":[{"embeddable":true,"href":"https:\/\/ibc.ee\/et\/wp-json\/wp\/v2\/media\/24696"}],"wp:attachment":[{"href":"https:\/\/ibc.ee\/et\/wp-json\/wp\/v2\/media?parent=24688"}],"wp:term":[{"taxonomy":"product_brand","embeddable":true,"href":"https:\/\/ibc.ee\/et\/wp-json\/wp\/v2\/product_brand?post=24688"},{"taxonomy":"product_cat","embeddable":true,"href":"https:\/\/ibc.ee\/et\/wp-json\/wp\/v2\/product_cat?post=24688"},{"taxonomy":"product_tag","embeddable":true,"href":"https:\/\/ibc.ee\/et\/wp-json\/wp\/v2\/product_tag?post=24688"}],"curies":[{"name":"wp","href":"https:\/\/api.w.org\/{rel}","templated":true}]}}