{"id":24707,"date":"2025-11-04T16:26:29","date_gmt":"2025-11-04T14:26:30","guid":{"rendered":"https:\/\/ibc.ee\/?post_type=product&#038;p=24707"},"modified":"2025-11-04T16:46:50","modified_gmt":"2025-11-04T14:46:50","slug":"renewcube-fda-ibc-1000-blue-1000-l-taastatud-sinine-ibc-konteiner-fda-vastavusega","status":"publish","type":"product","link":"https:\/\/ibc.ee\/et\/toode\/renewcube-fda-ibc-1000-blue-1000-l-taastatud-sinine-ibc-konteiner-fda-vastavusega\/","title":{"rendered":"ReNewCube FDA IBC 1000 Blue \u2013 1000\u202fL taastatud sinine IBC konteiner FDA vastavusega"},"content":{"rendered":"<p><strong>P\u00f5hiomadused<\/strong><br \/>\n&#8211; Mahutavus: 1000 liitrit (275 gallonit)<br \/>\n&#8211; Seisukord: Taastatud, t\u00e4ielikult puhastatud ja kontrollitud<br \/>\n&#8211; Sertifikaadid: Vastab FDA n\u00f5uetele \u2013 sobilik toidu ja joogiveega kokkupuuteks<br \/>\n&#8211; Materjal: Taaskasutatud HDPE (neitsilik, kuid kasutatud), puhumisvormitud, toidukvaliteet<br \/>\n&#8211; V\u00e4rv: Sinine \u2013 UV-kindel ja vetikate kasvu v\u00e4hendav<br \/>\n&#8211; Raam: Tsingitud terasest karkass, 4-suunaline kahvelt\u00f5stukiga ligip\u00e4\u00e4s<br \/>\n&#8211; P\u00f5hi: Vastupidav plast- v\u00f5i komposiitalus, sobilik korduvkasutuseks<br \/>\n&#8211; Kaan: \u00d8150 mm keeratav kaas plommitava tihendiga<br \/>\n&#8211; V\u00e4ljalaskeventiil: Standardne S60x6 koos tolmukaitsega<br \/>\n&#8211; Korduvkasutatav: Puhastatud, lekketestitud ja uuesti t\u00e4idetav<\/p>\n<p><strong>Miks valida taastatud FDA sinine IBC konteiner?<\/strong><br \/>\n&#8211; Soodsam alternatiiv uuele FDA konteinerile<br \/>\n&#8211; UV-kaitsega sinine v\u00e4rv \u2013 sobib pikemaajaliseks hoiustamiseks \u00f5ues<br \/>\n&#8211; V\u00e4hendab vetikate kasvu \u2013 parem h\u00fcgieen p\u00e4ikesevalguse k\u00e4es<br \/>\n&#8211; FDA n\u00f5uetele vastav \u2013 kuid soodsama hinnaga<br \/>\n&#8211; Keskkonnas\u00f5bralik \u2013 toetab j\u00e4tkusuutlikkust ja korduvkasutust<\/p>\n<p><strong>Soovitatavad kasutusalad<\/strong><br \/>\n&#8211; Toidu- ja joogit\u00f6\u00f6stus \u2013 \u00f5lid, siirupid, mahlad, maitselisandid<br \/>\n&#8211; Joogivee ja toiduk\u00f5lblike vedelike v\u00e4listingimustes hoiustamine<br \/>\n&#8211; P\u00f5llumajandus, toitlustus, kosmeetika ja h\u00fcgieenivaldkonnad<br \/>\n&#8211; Farmatseutilised lahused ja tundlikud vedelikud<br \/>\n&#8211; Mitteohtlikud kemikaalid puhtas keskkonnas<\/p>\n<p><strong>Oluline teave<\/strong><br \/>\n&#8211; Konteiner on kasutatud, kuid professionaalselt puhastatud ja FDA n\u00f5uetele vastav<br \/>\n&#8211; Ei ole UN-sertifitseeritud \u2013 ei sobi ohtlike ainete transpordiks<br \/>\n&#8211; M\u00e4rgistus ja puhastust\u00f5endid on saadaval soovi korral<\/p>\n","protected":false},"excerpt":{"rendered":"<p>ReNewCube FDA IBC 1000 Blue on professionaalselt pestud ja taastatud 1000-liitrine IBC konteiner (Intermediate Bulk Container), mis on m\u00f5eldud toidukvaliteediga vedelike, joogivee ja muude mitteohtlike ainete ohutuks ja h\u00fcgieeniliseks taaskasutamiseks.<br \/>\nKonteiner on valmistatud FDA n\u00f5uetele vastavatest materjalidest ning varustatud UV-kaitsega sinise HDPE sisemahutiga, mis sobib ideaalselt v\u00e4listingimustes kasutamiseks ja kohtadesse, kus on vajalik k\u00f5rge h\u00fcgieenitase, kuid soovitakse v\u00e4ltida uue konteineri ostuhinda.<\/p>\n","protected":false},"featured_media":24715,"template":"","meta":[],"product_brand":[],"product_cat":[178],"product_tag":[],"class_list":{"0":"post-24707","1":"product","2":"type-product","3":"status-publish","4":"has-post-thumbnail","6":"product_cat-ibckanistrid","7":"product_shipping_class-containers-et","9":"first","10":"onbackorder","11":"taxable","12":"shipping-taxable","13":"product-type-simple"},"yoast_head":"<!-- This site is optimized with the Yoast SEO plugin v26.9 - https:\/\/yoast.com\/product\/yoast-seo-wordpress\/ -->\n<title>ReNewCube FDA IBC 1000 Blue \u2013 1000\u202fL taastatud sinine IBC konteiner FDA vastavusega - IBC konteineri m&uuml;&uuml;k, vaadid, kraanid, mahutid<\/title>\n<meta name=\"description\" content=\"ReNewCube FDA IBC 1000 Blue on professionaalselt pestud ja taastatud 1000-liitrine IBC konteiner (Intermediate Bulk Container), mis on m\u00f5eldud toidukvaliteediga vedelike, joogivee ja muude mitteohtlike ainete ohutuks ja h\u00fcgieeniliseks taaskasutamiseks.\" \/>\n<meta name=\"robots\" content=\"index, follow, max-snippet:-1, max-image-preview:large, max-video-preview:-1\" \/>\n<link rel=\"canonical\" href=\"https:\/\/ibc.ee\/et\/toode\/renewcube-fda-ibc-1000-blue-1000-l-taastatud-sinine-ibc-konteiner-fda-vastavusega\/\" \/>\n<meta property=\"og:locale\" content=\"et_EE\" \/>\n<meta property=\"og:type\" content=\"article\" \/>\n<meta property=\"og:title\" content=\"ReNewCube FDA IBC 1000 Blue \u2013 1000\u202fL taastatud sinine IBC konteiner FDA vastavusega - IBC konteineri m&uuml;&uuml;k, vaadid, kraanid, mahutid\" \/>\n<meta property=\"og:description\" content=\"ReNewCube FDA IBC 1000 Blue on professionaalselt pestud ja taastatud 1000-liitrine IBC konteiner (Intermediate Bulk Container), mis on m\u00f5eldud toidukvaliteediga vedelike, joogivee ja muude mitteohtlike ainete ohutuks ja h\u00fcgieeniliseks taaskasutamiseks.\" \/>\n<meta property=\"og:url\" content=\"https:\/\/ibc.ee\/et\/toode\/renewcube-fda-ibc-1000-blue-1000-l-taastatud-sinine-ibc-konteiner-fda-vastavusega\/\" \/>\n<meta property=\"og:site_name\" content=\"IBC konteineri m&uuml;&uuml;k, vaadid, kraanid, mahutid\" \/>\n<meta property=\"article:modified_time\" content=\"2025-11-04T14:46:50+00:00\" \/>\n<meta property=\"og:image\" content=\"https:\/\/ibc.ee\/wp-content\/uploads\/2025\/11\/ReNewCube-FDA-IBC-1000-sinine-taastatud-konteiner-mis-vastab-FDA-nouetele.jpg\" \/>\n\t<meta property=\"og:image:width\" content=\"1000\" \/>\n\t<meta property=\"og:image:height\" content=\"1000\" \/>\n\t<meta property=\"og:image:type\" content=\"image\/jpeg\" \/>\n<meta name=\"twitter:card\" content=\"summary_large_image\" \/>\n<meta name=\"twitter:label1\" content=\"Est. reading time\" \/>\n\t<meta name=\"twitter:data1\" content=\"1 minut\" \/>\n<script type=\"application\/ld+json\" class=\"yoast-schema-graph\">{\"@context\":\"https:\/\/schema.org\",\"@graph\":[{\"@type\":\"WebPage\",\"@id\":\"https:\/\/ibc.ee\/et\/toode\/renewcube-fda-ibc-1000-blue-1000-l-taastatud-sinine-ibc-konteiner-fda-vastavusega\/\",\"url\":\"https:\/\/ibc.ee\/et\/toode\/renewcube-fda-ibc-1000-blue-1000-l-taastatud-sinine-ibc-konteiner-fda-vastavusega\/\",\"name\":\"ReNewCube FDA IBC 1000 Blue \u2013 1000\u202fL taastatud sinine IBC konteiner FDA vastavusega - IBC konteineri m&uuml;&uuml;k, vaadid, kraanid, mahutid\",\"isPartOf\":{\"@id\":\"https:\/\/www.ibc.ee\/et\/#website\"},\"primaryImageOfPage\":{\"@id\":\"https:\/\/ibc.ee\/et\/toode\/renewcube-fda-ibc-1000-blue-1000-l-taastatud-sinine-ibc-konteiner-fda-vastavusega\/#primaryimage\"},\"image\":{\"@id\":\"https:\/\/ibc.ee\/et\/toode\/renewcube-fda-ibc-1000-blue-1000-l-taastatud-sinine-ibc-konteiner-fda-vastavusega\/#primaryimage\"},\"thumbnailUrl\":\"https:\/\/ibc.ee\/wp-content\/uploads\/2025\/11\/ReNewCube-FDA-IBC-1000-sinine-taastatud-konteiner-mis-vastab-FDA-nouetele.jpg\",\"datePublished\":\"2025-11-04T14:26:30+00:00\",\"dateModified\":\"2025-11-04T14:46:50+00:00\",\"description\":\"ReNewCube FDA IBC 1000 Blue on professionaalselt pestud ja taastatud 1000-liitrine IBC konteiner (Intermediate Bulk Container), mis on m\u00f5eldud toidukvaliteediga vedelike, joogivee ja muude mitteohtlike ainete ohutuks ja h\u00fcgieeniliseks taaskasutamiseks.\",\"breadcrumb\":{\"@id\":\"https:\/\/ibc.ee\/et\/toode\/renewcube-fda-ibc-1000-blue-1000-l-taastatud-sinine-ibc-konteiner-fda-vastavusega\/#breadcrumb\"},\"inLanguage\":\"et\",\"potentialAction\":[{\"@type\":\"ReadAction\",\"target\":[\"https:\/\/ibc.ee\/et\/toode\/renewcube-fda-ibc-1000-blue-1000-l-taastatud-sinine-ibc-konteiner-fda-vastavusega\/\"]}]},{\"@type\":\"ImageObject\",\"inLanguage\":\"et\",\"@id\":\"https:\/\/ibc.ee\/et\/toode\/renewcube-fda-ibc-1000-blue-1000-l-taastatud-sinine-ibc-konteiner-fda-vastavusega\/#primaryimage\",\"url\":\"https:\/\/ibc.ee\/wp-content\/uploads\/2025\/11\/ReNewCube-FDA-IBC-1000-sinine-taastatud-konteiner-mis-vastab-FDA-nouetele.jpg\",\"contentUrl\":\"https:\/\/ibc.ee\/wp-content\/uploads\/2025\/11\/ReNewCube-FDA-IBC-1000-sinine-taastatud-konteiner-mis-vastab-FDA-nouetele.jpg\",\"width\":1000,\"height\":1000,\"caption\":\"ReNewCube FDA IBC 1000 Blue \u2013 1000L Reconditioned Blue IBC Container with FDA Compliance\"},{\"@type\":\"BreadcrumbList\",\"@id\":\"https:\/\/ibc.ee\/et\/toode\/renewcube-fda-ibc-1000-blue-1000-l-taastatud-sinine-ibc-konteiner-fda-vastavusega\/#breadcrumb\",\"itemListElement\":[{\"@type\":\"ListItem\",\"position\":1,\"name\":\"\u0413\u043b\u0430\u0432\u043d\u0430\u044f \u0441\u0442\u0440\u0430\u043d\u0438\u0446\u0430\",\"item\":\"https:\/\/ibc.ee\/et\/\"},{\"@type\":\"ListItem\",\"position\":2,\"name\":\"Pood\",\"item\":\"https:\/\/ibc.ee\/et\/shop\/\"},{\"@type\":\"ListItem\",\"position\":3,\"name\":\"ReNewCube FDA IBC 1000 Blue \u2013 1000\u202fL taastatud sinine IBC konteiner FDA vastavusega\"}]},{\"@type\":\"WebSite\",\"@id\":\"https:\/\/www.ibc.ee\/et\/#website\",\"url\":\"https:\/\/www.ibc.ee\/et\/\",\"name\":\"IBC konteineri m&uuml;&uuml;k, vaadid, kraanid, mahutid\",\"description\":\"IBC - Tank container valve, Adapters\\\\fittings, Intermediate bulk, container, Drums\/cans\",\"potentialAction\":[{\"@type\":\"SearchAction\",\"target\":{\"@type\":\"EntryPoint\",\"urlTemplate\":\"https:\/\/www.ibc.ee\/et\/?s={search_term_string}\"},\"query-input\":{\"@type\":\"PropertyValueSpecification\",\"valueRequired\":true,\"valueName\":\"search_term_string\"}}],\"inLanguage\":\"et\"}]}<\/script>\n<!-- \/ Yoast SEO plugin. -->","yoast_head_json":{"title":"ReNewCube FDA IBC 1000 Blue \u2013 1000\u202fL taastatud sinine IBC konteiner FDA vastavusega - IBC konteineri m&uuml;&uuml;k, vaadid, kraanid, mahutid","description":"ReNewCube FDA IBC 1000 Blue on professionaalselt pestud ja taastatud 1000-liitrine IBC konteiner (Intermediate Bulk Container), mis on m\u00f5eldud toidukvaliteediga vedelike, joogivee ja muude mitteohtlike ainete ohutuks ja h\u00fcgieeniliseks taaskasutamiseks.","robots":{"index":"index","follow":"follow","max-snippet":"max-snippet:-1","max-image-preview":"max-image-preview:large","max-video-preview":"max-video-preview:-1"},"canonical":"https:\/\/ibc.ee\/et\/toode\/renewcube-fda-ibc-1000-blue-1000-l-taastatud-sinine-ibc-konteiner-fda-vastavusega\/","og_locale":"et_EE","og_type":"article","og_title":"ReNewCube FDA IBC 1000 Blue \u2013 1000\u202fL taastatud sinine IBC konteiner FDA vastavusega - IBC konteineri m&uuml;&uuml;k, vaadid, kraanid, mahutid","og_description":"ReNewCube FDA IBC 1000 Blue on professionaalselt pestud ja taastatud 1000-liitrine IBC konteiner (Intermediate Bulk Container), mis on m\u00f5eldud toidukvaliteediga vedelike, joogivee ja muude mitteohtlike ainete ohutuks ja h\u00fcgieeniliseks taaskasutamiseks.","og_url":"https:\/\/ibc.ee\/et\/toode\/renewcube-fda-ibc-1000-blue-1000-l-taastatud-sinine-ibc-konteiner-fda-vastavusega\/","og_site_name":"IBC konteineri m&uuml;&uuml;k, vaadid, kraanid, mahutid","article_modified_time":"2025-11-04T14:46:50+00:00","og_image":[{"width":1000,"height":1000,"url":"https:\/\/ibc.ee\/wp-content\/uploads\/2025\/11\/ReNewCube-FDA-IBC-1000-sinine-taastatud-konteiner-mis-vastab-FDA-nouetele.jpg","type":"image\/jpeg"}],"twitter_card":"summary_large_image","twitter_misc":{"Est. reading time":"1 minut"},"schema":{"@context":"https:\/\/schema.org","@graph":[{"@type":"WebPage","@id":"https:\/\/ibc.ee\/et\/toode\/renewcube-fda-ibc-1000-blue-1000-l-taastatud-sinine-ibc-konteiner-fda-vastavusega\/","url":"https:\/\/ibc.ee\/et\/toode\/renewcube-fda-ibc-1000-blue-1000-l-taastatud-sinine-ibc-konteiner-fda-vastavusega\/","name":"ReNewCube FDA IBC 1000 Blue \u2013 1000\u202fL taastatud sinine IBC konteiner FDA vastavusega - IBC konteineri m&uuml;&uuml;k, vaadid, kraanid, mahutid","isPartOf":{"@id":"https:\/\/www.ibc.ee\/et\/#website"},"primaryImageOfPage":{"@id":"https:\/\/ibc.ee\/et\/toode\/renewcube-fda-ibc-1000-blue-1000-l-taastatud-sinine-ibc-konteiner-fda-vastavusega\/#primaryimage"},"image":{"@id":"https:\/\/ibc.ee\/et\/toode\/renewcube-fda-ibc-1000-blue-1000-l-taastatud-sinine-ibc-konteiner-fda-vastavusega\/#primaryimage"},"thumbnailUrl":"https:\/\/ibc.ee\/wp-content\/uploads\/2025\/11\/ReNewCube-FDA-IBC-1000-sinine-taastatud-konteiner-mis-vastab-FDA-nouetele.jpg","datePublished":"2025-11-04T14:26:30+00:00","dateModified":"2025-11-04T14:46:50+00:00","description":"ReNewCube FDA IBC 1000 Blue on professionaalselt pestud ja taastatud 1000-liitrine IBC konteiner (Intermediate Bulk Container), mis on m\u00f5eldud toidukvaliteediga vedelike, joogivee ja muude mitteohtlike ainete ohutuks ja h\u00fcgieeniliseks taaskasutamiseks.","breadcrumb":{"@id":"https:\/\/ibc.ee\/et\/toode\/renewcube-fda-ibc-1000-blue-1000-l-taastatud-sinine-ibc-konteiner-fda-vastavusega\/#breadcrumb"},"inLanguage":"et","potentialAction":[{"@type":"ReadAction","target":["https:\/\/ibc.ee\/et\/toode\/renewcube-fda-ibc-1000-blue-1000-l-taastatud-sinine-ibc-konteiner-fda-vastavusega\/"]}]},{"@type":"ImageObject","inLanguage":"et","@id":"https:\/\/ibc.ee\/et\/toode\/renewcube-fda-ibc-1000-blue-1000-l-taastatud-sinine-ibc-konteiner-fda-vastavusega\/#primaryimage","url":"https:\/\/ibc.ee\/wp-content\/uploads\/2025\/11\/ReNewCube-FDA-IBC-1000-sinine-taastatud-konteiner-mis-vastab-FDA-nouetele.jpg","contentUrl":"https:\/\/ibc.ee\/wp-content\/uploads\/2025\/11\/ReNewCube-FDA-IBC-1000-sinine-taastatud-konteiner-mis-vastab-FDA-nouetele.jpg","width":1000,"height":1000,"caption":"ReNewCube FDA IBC 1000 Blue \u2013 1000L Reconditioned Blue IBC Container with FDA Compliance"},{"@type":"BreadcrumbList","@id":"https:\/\/ibc.ee\/et\/toode\/renewcube-fda-ibc-1000-blue-1000-l-taastatud-sinine-ibc-konteiner-fda-vastavusega\/#breadcrumb","itemListElement":[{"@type":"ListItem","position":1,"name":"\u0413\u043b\u0430\u0432\u043d\u0430\u044f \u0441\u0442\u0440\u0430\u043d\u0438\u0446\u0430","item":"https:\/\/ibc.ee\/et\/"},{"@type":"ListItem","position":2,"name":"Pood","item":"https:\/\/ibc.ee\/et\/shop\/"},{"@type":"ListItem","position":3,"name":"ReNewCube FDA IBC 1000 Blue \u2013 1000\u202fL taastatud sinine IBC konteiner FDA vastavusega"}]},{"@type":"WebSite","@id":"https:\/\/www.ibc.ee\/et\/#website","url":"https:\/\/www.ibc.ee\/et\/","name":"IBC konteineri m&uuml;&uuml;k, vaadid, kraanid, mahutid","description":"IBC - Tank container valve, Adapters\\fittings, Intermediate bulk, container, Drums\/cans","potentialAction":[{"@type":"SearchAction","target":{"@type":"EntryPoint","urlTemplate":"https:\/\/www.ibc.ee\/et\/?s={search_term_string}"},"query-input":{"@type":"PropertyValueSpecification","valueRequired":true,"valueName":"search_term_string"}}],"inLanguage":"et"}]}},"_links":{"self":[{"href":"https:\/\/ibc.ee\/et\/wp-json\/wp\/v2\/product\/24707","targetHints":{"allow":["GET"]}}],"collection":[{"href":"https:\/\/ibc.ee\/et\/wp-json\/wp\/v2\/product"}],"about":[{"href":"https:\/\/ibc.ee\/et\/wp-json\/wp\/v2\/types\/product"}],"wp:featuredmedia":[{"embeddable":true,"href":"https:\/\/ibc.ee\/et\/wp-json\/wp\/v2\/media\/24715"}],"wp:attachment":[{"href":"https:\/\/ibc.ee\/et\/wp-json\/wp\/v2\/media?parent=24707"}],"wp:term":[{"taxonomy":"product_brand","embeddable":true,"href":"https:\/\/ibc.ee\/et\/wp-json\/wp\/v2\/product_brand?post=24707"},{"taxonomy":"product_cat","embeddable":true,"href":"https:\/\/ibc.ee\/et\/wp-json\/wp\/v2\/product_cat?post=24707"},{"taxonomy":"product_tag","embeddable":true,"href":"https:\/\/ibc.ee\/et\/wp-json\/wp\/v2\/product_tag?post=24707"}],"curies":[{"name":"wp","href":"https:\/\/api.w.org\/{rel}","templated":true}]}}