{"id":24889,"date":"2025-11-11T09:18:58","date_gmt":"2025-11-11T07:18:58","guid":{"rendered":"https:\/\/ibc.ee\/?post_type=product&#038;p=24889"},"modified":"2025-11-11T09:45:12","modified_gmt":"2025-11-11T07:45:12","slug":"newinner-ibc-1000-asenduspudel-sisemahuti-1000-l-ibc-konteineri-jaoks","status":"publish","type":"product","link":"https:\/\/ibc.ee\/et\/toode\/newinner-ibc-1000-asenduspudel-sisemahuti-1000-l-ibc-konteineri-jaoks\/","title":{"rendered":"NewInner IBC 1000 \u2013 Asenduspudel (sisemahuti) 1000\u202fL IBC konteineri jaoks"},"content":{"rendered":"<p><strong>P\u00f5hiomadused<\/strong><br \/>\n&#8211; Maht: 1000 liitrit (275 gallonit)<br \/>\n&#8211; Seisukord: Uus<br \/>\n&#8211; Materjal: Kvaliteetne HDPE (k\u00f5rge tihedusega pol\u00fcet\u00fcleen)<br \/>\n&#8211; Kaaneava: \u00d8150 mm keeratav kork<br \/>\n&#8211; Alumise v\u00e4ljalaskeava keere: S60x6 (standardne IBC ventiil)<br \/>\n&#8211; V\u00e4rv: Looduslik (pooll\u00e4bipaistev) v\u00f5i sinine (UV-kaitsega) \u2013 saadavus v\u00f5ib varieeruda<br \/>\n&#8211; Raam ja alus: ei kuulu komplekti<br \/>\n&#8211; Sertifikaadid: Puuduvad \u2013 kasutusvaldkonnast s\u00f5ltuvalt kontrollida eraldi<\/p>\n<p><strong>Kasutusvaldkonnad<\/strong><br \/>\n&#8211; Vigastatud v\u00f5i saastunud IBC sisemahutite asendamine<br \/>\n&#8211; IBC konteinerite taastamine mitte-kriitilisteks rakendusteks<br \/>\n&#8211; Soodsam alternatiiv uue t\u00e4iskomplekti ostmisele<br \/>\n&#8211; Sobib tehniliste vedelike, p\u00f5llumajanduse ja ehituse vajadusteks<\/p>\n<p><strong>Miks valida NewInner IBC 1000?<\/strong><br \/>\n&#8211; Pikendab olemasolevate IBC konteinerite eluiga<br \/>\n&#8211; Keskkonnas\u00e4\u00e4stlik ja rahaliselt soodne lahendus<br \/>\n&#8211; Lihtne paigaldada tavalisse IBC raamistikku<br \/>\n&#8211; \u00dchilduv enamikus standardsete korkide ja ventiilidega<br \/>\n\u26a0\ufe0f M\u00e4rkus: Enne uue sisemahuti paigaldamist kontrolli kindlasti olemasoleva raami ja aluse seisukorda!<\/p>\n","protected":false},"excerpt":{"rendered":"<p>NewInner IBC 1000 on t\u00e4iesti uus plastist sisemahuti (tuntud ka kui IBC blister v\u00f5i sisepudel), mis on m\u00f5eldud standardse 1000-liitrise IBC konteineri sisemahu asendamiseks.<br \/>\nSee sobib ideaalselt juhtudeks, kui raam ja alus on heas seisukorras, kuid plastikust sisemahuti on kahjustatud, saastunud v\u00f5i kasutusk\u00f5lbmatu.<br \/>Komplekt ei sisalda metallraami ega alust, m\u00fc\u00fcgil on ainult sisemahuti.<br \/>Suurep\u00e4rane valik neile, kes soovivad taaskasutada olemasolevaid IBC konteinereid s\u00e4\u00e4stlikult ja keskkonnas\u00f5bralikult.<\/p>\n","protected":false},"featured_media":24897,"template":"","meta":[],"product_brand":[],"product_cat":[178],"product_tag":[],"class_list":{"0":"post-24889","1":"product","2":"type-product","3":"status-publish","4":"has-post-thumbnail","6":"product_cat-ibckanistrid","7":"product_shipping_class-containers-et","9":"first","10":"onbackorder","11":"taxable","12":"shipping-taxable","13":"product-type-simple"},"yoast_head":"<!-- This site is optimized with the Yoast SEO plugin v26.9 - https:\/\/yoast.com\/product\/yoast-seo-wordpress\/ -->\n<title>NewInner IBC 1000 \u2013 Asenduspudel (sisemahuti) 1000\u202fL IBC konteineri jaoks - IBC konteineri m&uuml;&uuml;k, vaadid, kraanid, mahutid<\/title>\n<meta name=\"description\" content=\"NewInner IBC 1000 on t\u00e4iesti uus plastist sisemahuti (tuntud ka kui IBC blister v\u00f5i sisepudel), mis on m\u00f5eldud standardse 1000-liitrise IBC konteineri sisemahu asendamiseks.\" \/>\n<meta name=\"robots\" content=\"index, follow, max-snippet:-1, max-image-preview:large, max-video-preview:-1\" \/>\n<link rel=\"canonical\" href=\"https:\/\/ibc.ee\/et\/toode\/newinner-ibc-1000-asenduspudel-sisemahuti-1000-l-ibc-konteineri-jaoks\/\" \/>\n<meta property=\"og:locale\" content=\"et_EE\" \/>\n<meta property=\"og:type\" content=\"article\" \/>\n<meta property=\"og:title\" content=\"NewInner IBC 1000 \u2013 Asenduspudel (sisemahuti) 1000\u202fL IBC konteineri jaoks - IBC konteineri m&uuml;&uuml;k, vaadid, kraanid, mahutid\" \/>\n<meta property=\"og:description\" content=\"NewInner IBC 1000 on t\u00e4iesti uus plastist sisemahuti (tuntud ka kui IBC blister v\u00f5i sisepudel), mis on m\u00f5eldud standardse 1000-liitrise IBC konteineri sisemahu asendamiseks.\" \/>\n<meta property=\"og:url\" content=\"https:\/\/ibc.ee\/et\/toode\/newinner-ibc-1000-asenduspudel-sisemahuti-1000-l-ibc-konteineri-jaoks\/\" \/>\n<meta property=\"og:site_name\" content=\"IBC konteineri m&uuml;&uuml;k, vaadid, kraanid, mahutid\" \/>\n<meta property=\"article:modified_time\" content=\"2025-11-11T07:45:12+00:00\" \/>\n<meta property=\"og:image\" content=\"https:\/\/ibc.ee\/wp-content\/uploads\/2025\/11\/NewInner-IBC-1000L-IBC-de-vahetussisekonteiner-pois.jpg\" \/>\n\t<meta property=\"og:image:width\" content=\"930\" \/>\n\t<meta property=\"og:image:height\" content=\"930\" \/>\n\t<meta property=\"og:image:type\" content=\"image\/jpeg\" \/>\n<meta name=\"twitter:card\" content=\"summary_large_image\" \/>\n<meta name=\"twitter:label1\" content=\"Est. reading time\" \/>\n\t<meta name=\"twitter:data1\" content=\"1 minut\" \/>\n<script type=\"application\/ld+json\" class=\"yoast-schema-graph\">{\"@context\":\"https:\/\/schema.org\",\"@graph\":[{\"@type\":\"WebPage\",\"@id\":\"https:\/\/ibc.ee\/et\/toode\/newinner-ibc-1000-asenduspudel-sisemahuti-1000-l-ibc-konteineri-jaoks\/\",\"url\":\"https:\/\/ibc.ee\/et\/toode\/newinner-ibc-1000-asenduspudel-sisemahuti-1000-l-ibc-konteineri-jaoks\/\",\"name\":\"NewInner IBC 1000 \u2013 Asenduspudel (sisemahuti) 1000\u202fL IBC konteineri jaoks - IBC konteineri m&uuml;&uuml;k, vaadid, kraanid, mahutid\",\"isPartOf\":{\"@id\":\"https:\/\/www.ibc.ee\/et\/#website\"},\"primaryImageOfPage\":{\"@id\":\"https:\/\/ibc.ee\/et\/toode\/newinner-ibc-1000-asenduspudel-sisemahuti-1000-l-ibc-konteineri-jaoks\/#primaryimage\"},\"image\":{\"@id\":\"https:\/\/ibc.ee\/et\/toode\/newinner-ibc-1000-asenduspudel-sisemahuti-1000-l-ibc-konteineri-jaoks\/#primaryimage\"},\"thumbnailUrl\":\"https:\/\/ibc.ee\/wp-content\/uploads\/2025\/11\/NewInner-IBC-1000L-IBC-de-vahetussisekonteiner-pois.jpg\",\"datePublished\":\"2025-11-11T07:18:58+00:00\",\"dateModified\":\"2025-11-11T07:45:12+00:00\",\"description\":\"NewInner IBC 1000 on t\u00e4iesti uus plastist sisemahuti (tuntud ka kui IBC blister v\u00f5i sisepudel), mis on m\u00f5eldud standardse 1000-liitrise IBC konteineri sisemahu asendamiseks.\",\"breadcrumb\":{\"@id\":\"https:\/\/ibc.ee\/et\/toode\/newinner-ibc-1000-asenduspudel-sisemahuti-1000-l-ibc-konteineri-jaoks\/#breadcrumb\"},\"inLanguage\":\"et\",\"potentialAction\":[{\"@type\":\"ReadAction\",\"target\":[\"https:\/\/ibc.ee\/et\/toode\/newinner-ibc-1000-asenduspudel-sisemahuti-1000-l-ibc-konteineri-jaoks\/\"]}]},{\"@type\":\"ImageObject\",\"inLanguage\":\"et\",\"@id\":\"https:\/\/ibc.ee\/et\/toode\/newinner-ibc-1000-asenduspudel-sisemahuti-1000-l-ibc-konteineri-jaoks\/#primaryimage\",\"url\":\"https:\/\/ibc.ee\/wp-content\/uploads\/2025\/11\/NewInner-IBC-1000L-IBC-de-vahetussisekonteiner-pois.jpg\",\"contentUrl\":\"https:\/\/ibc.ee\/wp-content\/uploads\/2025\/11\/NewInner-IBC-1000L-IBC-de-vahetussisekonteiner-pois.jpg\",\"width\":930,\"height\":930,\"caption\":\"NewInner IBC 1000 \u2013 Replacement Inner Container (Bladder) for 1000L IBCs\"},{\"@type\":\"BreadcrumbList\",\"@id\":\"https:\/\/ibc.ee\/et\/toode\/newinner-ibc-1000-asenduspudel-sisemahuti-1000-l-ibc-konteineri-jaoks\/#breadcrumb\",\"itemListElement\":[{\"@type\":\"ListItem\",\"position\":1,\"name\":\"\u0413\u043b\u0430\u0432\u043d\u0430\u044f \u0441\u0442\u0440\u0430\u043d\u0438\u0446\u0430\",\"item\":\"https:\/\/ibc.ee\/et\/\"},{\"@type\":\"ListItem\",\"position\":2,\"name\":\"Pood\",\"item\":\"https:\/\/ibc.ee\/et\/shop\/\"},{\"@type\":\"ListItem\",\"position\":3,\"name\":\"NewInner IBC 1000 \u2013 Asenduspudel (sisemahuti) 1000\u202fL IBC konteineri jaoks\"}]},{\"@type\":\"WebSite\",\"@id\":\"https:\/\/www.ibc.ee\/et\/#website\",\"url\":\"https:\/\/www.ibc.ee\/et\/\",\"name\":\"IBC konteineri m&uuml;&uuml;k, vaadid, kraanid, mahutid\",\"description\":\"IBC - Tank container valve, Adapters\\\\fittings, Intermediate bulk, container, Drums\/cans\",\"potentialAction\":[{\"@type\":\"SearchAction\",\"target\":{\"@type\":\"EntryPoint\",\"urlTemplate\":\"https:\/\/www.ibc.ee\/et\/?s={search_term_string}\"},\"query-input\":{\"@type\":\"PropertyValueSpecification\",\"valueRequired\":true,\"valueName\":\"search_term_string\"}}],\"inLanguage\":\"et\"}]}<\/script>\n<!-- \/ Yoast SEO plugin. -->","yoast_head_json":{"title":"NewInner IBC 1000 \u2013 Asenduspudel (sisemahuti) 1000\u202fL IBC konteineri jaoks - IBC konteineri m&uuml;&uuml;k, vaadid, kraanid, mahutid","description":"NewInner IBC 1000 on t\u00e4iesti uus plastist sisemahuti (tuntud ka kui IBC blister v\u00f5i sisepudel), mis on m\u00f5eldud standardse 1000-liitrise IBC konteineri sisemahu asendamiseks.","robots":{"index":"index","follow":"follow","max-snippet":"max-snippet:-1","max-image-preview":"max-image-preview:large","max-video-preview":"max-video-preview:-1"},"canonical":"https:\/\/ibc.ee\/et\/toode\/newinner-ibc-1000-asenduspudel-sisemahuti-1000-l-ibc-konteineri-jaoks\/","og_locale":"et_EE","og_type":"article","og_title":"NewInner IBC 1000 \u2013 Asenduspudel (sisemahuti) 1000\u202fL IBC konteineri jaoks - IBC konteineri m&uuml;&uuml;k, vaadid, kraanid, mahutid","og_description":"NewInner IBC 1000 on t\u00e4iesti uus plastist sisemahuti (tuntud ka kui IBC blister v\u00f5i sisepudel), mis on m\u00f5eldud standardse 1000-liitrise IBC konteineri sisemahu asendamiseks.","og_url":"https:\/\/ibc.ee\/et\/toode\/newinner-ibc-1000-asenduspudel-sisemahuti-1000-l-ibc-konteineri-jaoks\/","og_site_name":"IBC konteineri m&uuml;&uuml;k, vaadid, kraanid, mahutid","article_modified_time":"2025-11-11T07:45:12+00:00","og_image":[{"width":930,"height":930,"url":"https:\/\/ibc.ee\/wp-content\/uploads\/2025\/11\/NewInner-IBC-1000L-IBC-de-vahetussisekonteiner-pois.jpg","type":"image\/jpeg"}],"twitter_card":"summary_large_image","twitter_misc":{"Est. reading time":"1 minut"},"schema":{"@context":"https:\/\/schema.org","@graph":[{"@type":"WebPage","@id":"https:\/\/ibc.ee\/et\/toode\/newinner-ibc-1000-asenduspudel-sisemahuti-1000-l-ibc-konteineri-jaoks\/","url":"https:\/\/ibc.ee\/et\/toode\/newinner-ibc-1000-asenduspudel-sisemahuti-1000-l-ibc-konteineri-jaoks\/","name":"NewInner IBC 1000 \u2013 Asenduspudel (sisemahuti) 1000\u202fL IBC konteineri jaoks - IBC konteineri m&uuml;&uuml;k, vaadid, kraanid, mahutid","isPartOf":{"@id":"https:\/\/www.ibc.ee\/et\/#website"},"primaryImageOfPage":{"@id":"https:\/\/ibc.ee\/et\/toode\/newinner-ibc-1000-asenduspudel-sisemahuti-1000-l-ibc-konteineri-jaoks\/#primaryimage"},"image":{"@id":"https:\/\/ibc.ee\/et\/toode\/newinner-ibc-1000-asenduspudel-sisemahuti-1000-l-ibc-konteineri-jaoks\/#primaryimage"},"thumbnailUrl":"https:\/\/ibc.ee\/wp-content\/uploads\/2025\/11\/NewInner-IBC-1000L-IBC-de-vahetussisekonteiner-pois.jpg","datePublished":"2025-11-11T07:18:58+00:00","dateModified":"2025-11-11T07:45:12+00:00","description":"NewInner IBC 1000 on t\u00e4iesti uus plastist sisemahuti (tuntud ka kui IBC blister v\u00f5i sisepudel), mis on m\u00f5eldud standardse 1000-liitrise IBC konteineri sisemahu asendamiseks.","breadcrumb":{"@id":"https:\/\/ibc.ee\/et\/toode\/newinner-ibc-1000-asenduspudel-sisemahuti-1000-l-ibc-konteineri-jaoks\/#breadcrumb"},"inLanguage":"et","potentialAction":[{"@type":"ReadAction","target":["https:\/\/ibc.ee\/et\/toode\/newinner-ibc-1000-asenduspudel-sisemahuti-1000-l-ibc-konteineri-jaoks\/"]}]},{"@type":"ImageObject","inLanguage":"et","@id":"https:\/\/ibc.ee\/et\/toode\/newinner-ibc-1000-asenduspudel-sisemahuti-1000-l-ibc-konteineri-jaoks\/#primaryimage","url":"https:\/\/ibc.ee\/wp-content\/uploads\/2025\/11\/NewInner-IBC-1000L-IBC-de-vahetussisekonteiner-pois.jpg","contentUrl":"https:\/\/ibc.ee\/wp-content\/uploads\/2025\/11\/NewInner-IBC-1000L-IBC-de-vahetussisekonteiner-pois.jpg","width":930,"height":930,"caption":"NewInner IBC 1000 \u2013 Replacement Inner Container (Bladder) for 1000L IBCs"},{"@type":"BreadcrumbList","@id":"https:\/\/ibc.ee\/et\/toode\/newinner-ibc-1000-asenduspudel-sisemahuti-1000-l-ibc-konteineri-jaoks\/#breadcrumb","itemListElement":[{"@type":"ListItem","position":1,"name":"\u0413\u043b\u0430\u0432\u043d\u0430\u044f \u0441\u0442\u0440\u0430\u043d\u0438\u0446\u0430","item":"https:\/\/ibc.ee\/et\/"},{"@type":"ListItem","position":2,"name":"Pood","item":"https:\/\/ibc.ee\/et\/shop\/"},{"@type":"ListItem","position":3,"name":"NewInner IBC 1000 \u2013 Asenduspudel (sisemahuti) 1000\u202fL IBC konteineri jaoks"}]},{"@type":"WebSite","@id":"https:\/\/www.ibc.ee\/et\/#website","url":"https:\/\/www.ibc.ee\/et\/","name":"IBC konteineri m&uuml;&uuml;k, vaadid, kraanid, mahutid","description":"IBC - Tank container valve, Adapters\\fittings, Intermediate bulk, container, Drums\/cans","potentialAction":[{"@type":"SearchAction","target":{"@type":"EntryPoint","urlTemplate":"https:\/\/www.ibc.ee\/et\/?s={search_term_string}"},"query-input":{"@type":"PropertyValueSpecification","valueRequired":true,"valueName":"search_term_string"}}],"inLanguage":"et"}]}},"_links":{"self":[{"href":"https:\/\/ibc.ee\/et\/wp-json\/wp\/v2\/product\/24889","targetHints":{"allow":["GET"]}}],"collection":[{"href":"https:\/\/ibc.ee\/et\/wp-json\/wp\/v2\/product"}],"about":[{"href":"https:\/\/ibc.ee\/et\/wp-json\/wp\/v2\/types\/product"}],"wp:featuredmedia":[{"embeddable":true,"href":"https:\/\/ibc.ee\/et\/wp-json\/wp\/v2\/media\/24897"}],"wp:attachment":[{"href":"https:\/\/ibc.ee\/et\/wp-json\/wp\/v2\/media?parent=24889"}],"wp:term":[{"taxonomy":"product_brand","embeddable":true,"href":"https:\/\/ibc.ee\/et\/wp-json\/wp\/v2\/product_brand?post=24889"},{"taxonomy":"product_cat","embeddable":true,"href":"https:\/\/ibc.ee\/et\/wp-json\/wp\/v2\/product_cat?post=24889"},{"taxonomy":"product_tag","embeddable":true,"href":"https:\/\/ibc.ee\/et\/wp-json\/wp\/v2\/product_tag?post=24889"}],"curies":[{"name":"wp","href":"https:\/\/api.w.org\/{rel}","templated":true}]}}