{"id":12641,"date":"2018-04-28T09:58:41","date_gmt":"2018-04-28T09:58:41","guid":{"rendered":"https:\/\/ibc.ee\/product\/adapter-fitting-2inch-dn50-inlet-thread-to-2inch-camlock-hose-coarse-thread\/"},"modified":"2025-04-21T11:13:42","modified_gmt":"2025-04-21T09:13:42","slug":"adapter-fitting-2inch-dn50-inlet-thread-to-2inch-camlock-hose-coarse-thread","status":"publish","type":"product","link":"https:\/\/ibc.ee\/fi\/tuote\/adapter-fitting-2inch-dn50-inlet-thread-to-2inch-camlock-hose-coarse-thread\/","title":{"rendered":"Sovitin sovitin 2 tuuman DN50 sis\u00e4\u00e4ntulokierre 2 tuuman Camlock-letkun karkeaan kierteeseen"},"content":{"rendered":"<p>2Tuuman DN50-sy\u00f6tt\u00f6kierre 2 tuuman nokkapy\u00f6r\u00e4lukitusletkuun 1000L IBC-s\u00e4ili\u00f6n sovitin, joka sopii karkeaan kierteeseen  <\/p>\n","protected":false},"excerpt":{"rendered":"<p>2Tuuman DN50-sy\u00f6tt\u00f6kierre 2 tuuman nokkapy\u00f6r\u00e4lukitusletkuun 1000L IBC-s\u00e4ili\u00f6n sovitin, joka sopii karkeaan kierteeseen<\/p>\n","protected":false},"featured_media":12106,"template":"","meta":[],"product_brand":[],"product_cat":[176],"product_tag":[],"class_list":{"0":"post-12641","1":"product","2":"type-product","3":"status-publish","4":"has-post-thumbnail","6":"product_cat-adapters-fittings-fi","7":"product_shipping_class-omniva-fi","9":"first","10":"instock","11":"taxable","12":"shipping-taxable","13":"purchasable","14":"product-type-simple"},"yoast_head":"<!-- This site is optimized with the Yoast SEO plugin v26.9 - https:\/\/yoast.com\/product\/yoast-seo-wordpress\/ -->\n<title>Sovitin sovitin 2 tuuman DN50 sis\u00e4\u00e4ntulokierre 2 tuuman Camlock-letkun karkeaan kierteeseen - IBC konteineri m&uuml;&uuml;k, vaadid, kraanid, mahutid<\/title>\n<meta name=\"description\" content=\"2Inch DN50 Inlet Thread To 2Inch Camlock Hose 1000L IBC Tank Adapter Fitting Coarse Thread\" \/>\n<meta name=\"robots\" content=\"index, follow, max-snippet:-1, max-image-preview:large, max-video-preview:-1\" \/>\n<link rel=\"canonical\" href=\"https:\/\/ibc.ee\/fi\/tuote\/adapter-fitting-2inch-dn50-inlet-thread-to-2inch-camlock-hose-coarse-thread\/\" \/>\n<meta property=\"og:locale\" content=\"fi_FI\" \/>\n<meta property=\"og:type\" content=\"article\" \/>\n<meta property=\"og:title\" content=\"Sovitin sovitin 2 tuuman DN50 sis\u00e4\u00e4ntulokierre 2 tuuman Camlock-letkun karkeaan kierteeseen - IBC konteineri m&uuml;&uuml;k, vaadid, kraanid, mahutid\" \/>\n<meta property=\"og:description\" content=\"2Inch DN50 Inlet Thread To 2Inch Camlock Hose 1000L IBC Tank Adapter Fitting Coarse Thread\" \/>\n<meta property=\"og:url\" content=\"https:\/\/ibc.ee\/fi\/tuote\/adapter-fitting-2inch-dn50-inlet-thread-to-2inch-camlock-hose-coarse-thread\/\" \/>\n<meta property=\"og:site_name\" content=\"IBC konteineri m&uuml;&uuml;k, vaadid, kraanid, mahutid\" \/>\n<meta property=\"article:modified_time\" content=\"2025-04-21T09:13:42+00:00\" \/>\n<meta property=\"og:image\" content=\"https:\/\/ibc.ee\/wp-content\/uploads\/2018\/04\/QX7NKEG-1.png\" \/>\n\t<meta property=\"og:image:width\" content=\"580\" \/>\n\t<meta property=\"og:image:height\" content=\"580\" \/>\n\t<meta property=\"og:image:type\" content=\"image\/png\" \/>\n<meta name=\"twitter:card\" content=\"summary_large_image\" \/>\n<script type=\"application\/ld+json\" class=\"yoast-schema-graph\">{\"@context\":\"https:\/\/schema.org\",\"@graph\":[{\"@type\":\"WebPage\",\"@id\":\"https:\/\/ibc.ee\/fi\/tuote\/adapter-fitting-2inch-dn50-inlet-thread-to-2inch-camlock-hose-coarse-thread\/\",\"url\":\"https:\/\/ibc.ee\/fi\/tuote\/adapter-fitting-2inch-dn50-inlet-thread-to-2inch-camlock-hose-coarse-thread\/\",\"name\":\"Sovitin sovitin 2 tuuman DN50 sis\u00e4\u00e4ntulokierre 2 tuuman Camlock-letkun karkeaan kierteeseen - IBC konteineri m&uuml;&uuml;k, vaadid, kraanid, mahutid\",\"isPartOf\":{\"@id\":\"https:\/\/www.ibc.ee\/fi\/#website\"},\"primaryImageOfPage\":{\"@id\":\"https:\/\/ibc.ee\/fi\/tuote\/adapter-fitting-2inch-dn50-inlet-thread-to-2inch-camlock-hose-coarse-thread\/#primaryimage\"},\"image\":{\"@id\":\"https:\/\/ibc.ee\/fi\/tuote\/adapter-fitting-2inch-dn50-inlet-thread-to-2inch-camlock-hose-coarse-thread\/#primaryimage\"},\"thumbnailUrl\":\"https:\/\/ibc.ee\/wp-content\/uploads\/2018\/04\/QX7NKEG-1.png\",\"datePublished\":\"2018-04-28T09:58:41+00:00\",\"dateModified\":\"2025-04-21T09:13:42+00:00\",\"description\":\"2Inch DN50 Inlet Thread To 2Inch Camlock Hose 1000L IBC Tank Adapter Fitting Coarse Thread\",\"breadcrumb\":{\"@id\":\"https:\/\/ibc.ee\/fi\/tuote\/adapter-fitting-2inch-dn50-inlet-thread-to-2inch-camlock-hose-coarse-thread\/#breadcrumb\"},\"inLanguage\":\"fi\",\"potentialAction\":[{\"@type\":\"ReadAction\",\"target\":[\"https:\/\/ibc.ee\/fi\/tuote\/adapter-fitting-2inch-dn50-inlet-thread-to-2inch-camlock-hose-coarse-thread\/\"]}]},{\"@type\":\"ImageObject\",\"inLanguage\":\"fi\",\"@id\":\"https:\/\/ibc.ee\/fi\/tuote\/adapter-fitting-2inch-dn50-inlet-thread-to-2inch-camlock-hose-coarse-thread\/#primaryimage\",\"url\":\"https:\/\/ibc.ee\/wp-content\/uploads\/2018\/04\/QX7NKEG-1.png\",\"contentUrl\":\"https:\/\/ibc.ee\/wp-content\/uploads\/2018\/04\/QX7NKEG-1.png\",\"width\":580,\"height\":580,\"caption\":\"Adapter Fitting 2Inch DN50 Inlet Thread To 2Inch Camlock Hose Coarse Thread\"},{\"@type\":\"BreadcrumbList\",\"@id\":\"https:\/\/ibc.ee\/fi\/tuote\/adapter-fitting-2inch-dn50-inlet-thread-to-2inch-camlock-hose-coarse-thread\/#breadcrumb\",\"itemListElement\":[{\"@type\":\"ListItem\",\"position\":1,\"name\":\"\u0413\u043b\u0430\u0432\u043d\u0430\u044f \u0441\u0442\u0440\u0430\u043d\u0438\u0446\u0430\",\"item\":\"https:\/\/www.ibc.ee\/fi\/\"},{\"@type\":\"ListItem\",\"position\":2,\"name\":\"Myym\u00e4l\u00e4\",\"item\":\"https:\/\/www.ibc.ee\/fi\/shop\/\"},{\"@type\":\"ListItem\",\"position\":3,\"name\":\"Sovitin sovitin 2 tuuman DN50 sis\u00e4\u00e4ntulokierre 2 tuuman Camlock-letkun karkeaan kierteeseen\"}]},{\"@type\":\"WebSite\",\"@id\":\"https:\/\/www.ibc.ee\/fi\/#website\",\"url\":\"https:\/\/www.ibc.ee\/fi\/\",\"name\":\"IBC konteineri m&uuml;&uuml;k, vaadid, kraanid, mahutid\",\"description\":\"IBC - Tank container valve, Adapters\\\\fittings, Intermediate bulk, container, Drums\/cans\",\"potentialAction\":[{\"@type\":\"SearchAction\",\"target\":{\"@type\":\"EntryPoint\",\"urlTemplate\":\"https:\/\/www.ibc.ee\/fi\/?s={search_term_string}\"},\"query-input\":{\"@type\":\"PropertyValueSpecification\",\"valueRequired\":true,\"valueName\":\"search_term_string\"}}],\"inLanguage\":\"fi\"}]}<\/script>\n<!-- \/ Yoast SEO plugin. -->","yoast_head_json":{"title":"Sovitin sovitin 2 tuuman DN50 sis\u00e4\u00e4ntulokierre 2 tuuman Camlock-letkun karkeaan kierteeseen - IBC konteineri m&uuml;&uuml;k, vaadid, kraanid, mahutid","description":"2Inch DN50 Inlet Thread To 2Inch Camlock Hose 1000L IBC Tank Adapter Fitting Coarse Thread","robots":{"index":"index","follow":"follow","max-snippet":"max-snippet:-1","max-image-preview":"max-image-preview:large","max-video-preview":"max-video-preview:-1"},"canonical":"https:\/\/ibc.ee\/fi\/tuote\/adapter-fitting-2inch-dn50-inlet-thread-to-2inch-camlock-hose-coarse-thread\/","og_locale":"fi_FI","og_type":"article","og_title":"Sovitin sovitin 2 tuuman DN50 sis\u00e4\u00e4ntulokierre 2 tuuman Camlock-letkun karkeaan kierteeseen - IBC konteineri m&uuml;&uuml;k, vaadid, kraanid, mahutid","og_description":"2Inch DN50 Inlet Thread To 2Inch Camlock Hose 1000L IBC Tank Adapter Fitting Coarse Thread","og_url":"https:\/\/ibc.ee\/fi\/tuote\/adapter-fitting-2inch-dn50-inlet-thread-to-2inch-camlock-hose-coarse-thread\/","og_site_name":"IBC konteineri m&uuml;&uuml;k, vaadid, kraanid, mahutid","article_modified_time":"2025-04-21T09:13:42+00:00","og_image":[{"width":580,"height":580,"url":"https:\/\/ibc.ee\/wp-content\/uploads\/2018\/04\/QX7NKEG-1.png","type":"image\/png"}],"twitter_card":"summary_large_image","schema":{"@context":"https:\/\/schema.org","@graph":[{"@type":"WebPage","@id":"https:\/\/ibc.ee\/fi\/tuote\/adapter-fitting-2inch-dn50-inlet-thread-to-2inch-camlock-hose-coarse-thread\/","url":"https:\/\/ibc.ee\/fi\/tuote\/adapter-fitting-2inch-dn50-inlet-thread-to-2inch-camlock-hose-coarse-thread\/","name":"Sovitin sovitin 2 tuuman DN50 sis\u00e4\u00e4ntulokierre 2 tuuman Camlock-letkun karkeaan kierteeseen - IBC konteineri m&uuml;&uuml;k, vaadid, kraanid, mahutid","isPartOf":{"@id":"https:\/\/www.ibc.ee\/fi\/#website"},"primaryImageOfPage":{"@id":"https:\/\/ibc.ee\/fi\/tuote\/adapter-fitting-2inch-dn50-inlet-thread-to-2inch-camlock-hose-coarse-thread\/#primaryimage"},"image":{"@id":"https:\/\/ibc.ee\/fi\/tuote\/adapter-fitting-2inch-dn50-inlet-thread-to-2inch-camlock-hose-coarse-thread\/#primaryimage"},"thumbnailUrl":"https:\/\/ibc.ee\/wp-content\/uploads\/2018\/04\/QX7NKEG-1.png","datePublished":"2018-04-28T09:58:41+00:00","dateModified":"2025-04-21T09:13:42+00:00","description":"2Inch DN50 Inlet Thread To 2Inch Camlock Hose 1000L IBC Tank Adapter Fitting Coarse Thread","breadcrumb":{"@id":"https:\/\/ibc.ee\/fi\/tuote\/adapter-fitting-2inch-dn50-inlet-thread-to-2inch-camlock-hose-coarse-thread\/#breadcrumb"},"inLanguage":"fi","potentialAction":[{"@type":"ReadAction","target":["https:\/\/ibc.ee\/fi\/tuote\/adapter-fitting-2inch-dn50-inlet-thread-to-2inch-camlock-hose-coarse-thread\/"]}]},{"@type":"ImageObject","inLanguage":"fi","@id":"https:\/\/ibc.ee\/fi\/tuote\/adapter-fitting-2inch-dn50-inlet-thread-to-2inch-camlock-hose-coarse-thread\/#primaryimage","url":"https:\/\/ibc.ee\/wp-content\/uploads\/2018\/04\/QX7NKEG-1.png","contentUrl":"https:\/\/ibc.ee\/wp-content\/uploads\/2018\/04\/QX7NKEG-1.png","width":580,"height":580,"caption":"Adapter Fitting 2Inch DN50 Inlet Thread To 2Inch Camlock Hose Coarse Thread"},{"@type":"BreadcrumbList","@id":"https:\/\/ibc.ee\/fi\/tuote\/adapter-fitting-2inch-dn50-inlet-thread-to-2inch-camlock-hose-coarse-thread\/#breadcrumb","itemListElement":[{"@type":"ListItem","position":1,"name":"\u0413\u043b\u0430\u0432\u043d\u0430\u044f \u0441\u0442\u0440\u0430\u043d\u0438\u0446\u0430","item":"https:\/\/www.ibc.ee\/fi\/"},{"@type":"ListItem","position":2,"name":"Myym\u00e4l\u00e4","item":"https:\/\/www.ibc.ee\/fi\/shop\/"},{"@type":"ListItem","position":3,"name":"Sovitin sovitin 2 tuuman DN50 sis\u00e4\u00e4ntulokierre 2 tuuman Camlock-letkun karkeaan kierteeseen"}]},{"@type":"WebSite","@id":"https:\/\/www.ibc.ee\/fi\/#website","url":"https:\/\/www.ibc.ee\/fi\/","name":"IBC konteineri m&uuml;&uuml;k, vaadid, kraanid, mahutid","description":"IBC - Tank container valve, Adapters\\fittings, Intermediate bulk, container, Drums\/cans","potentialAction":[{"@type":"SearchAction","target":{"@type":"EntryPoint","urlTemplate":"https:\/\/www.ibc.ee\/fi\/?s={search_term_string}"},"query-input":{"@type":"PropertyValueSpecification","valueRequired":true,"valueName":"search_term_string"}}],"inLanguage":"fi"}]}},"_links":{"self":[{"href":"https:\/\/ibc.ee\/fi\/wp-json\/wp\/v2\/product\/12641","targetHints":{"allow":["GET"]}}],"collection":[{"href":"https:\/\/ibc.ee\/fi\/wp-json\/wp\/v2\/product"}],"about":[{"href":"https:\/\/ibc.ee\/fi\/wp-json\/wp\/v2\/types\/product"}],"wp:featuredmedia":[{"embeddable":true,"href":"https:\/\/ibc.ee\/fi\/wp-json\/wp\/v2\/media\/12106"}],"wp:attachment":[{"href":"https:\/\/ibc.ee\/fi\/wp-json\/wp\/v2\/media?parent=12641"}],"wp:term":[{"taxonomy":"product_brand","embeddable":true,"href":"https:\/\/ibc.ee\/fi\/wp-json\/wp\/v2\/product_brand?post=12641"},{"taxonomy":"product_cat","embeddable":true,"href":"https:\/\/ibc.ee\/fi\/wp-json\/wp\/v2\/product_cat?post=12641"},{"taxonomy":"product_tag","embeddable":true,"href":"https:\/\/ibc.ee\/fi\/wp-json\/wp\/v2\/product_tag?post=12641"}],"curies":[{"name":"wp","href":"https:\/\/api.w.org\/{rel}","templated":true}]}}