{"id":12644,"date":"2018-04-28T09:58:39","date_gmt":"2018-04-28T09:58:39","guid":{"rendered":"https:\/\/ibc.ee\/product\/adapter-3-dn100-110mm-coarse-thread-to-2-dn50\/"},"modified":"2025-06-02T22:31:26","modified_gmt":"2025-06-02T20:31:26","slug":"adapteri-3-dn100-110mm-karkea-kierre-2-dn50","status":"publish","type":"product","link":"https:\/\/ibc.ee\/fi\/tuote\/adapteri-3-dn100-110mm-karkea-kierre-2-dn50\/","title":{"rendered":"Adapteri 3 &#8221;S100X8 (100mm) karkea kierre naaras 2&#8221; S60X6 uros karkea Thread"},"content":{"rendered":"<p>3 &#8221;S100x8 (100mm) karkea kierre 2&#8221; S60x6 kierre IBC s\u00e4ili\u00f6 adapteri. T\u00e4m\u00e4 kytkin on v\u00e4hent\u00e4\u00e4 venttiilin 3 &#8217; &#8217; S100x8 naaras lankaa S60x6 uros s\u00e4iett\u00e4. Voit k\u00e4ytt\u00e4\u00e4 sit\u00e4, jos sinulla on 3 &#8217; &#8217; IBC venttiili ja nessesary lis\u00e4t\u00e4 joitakin sovittimia 2 &#8217; &#8217; tai jotkut puutarhat kytkimet.<\/p>\n","protected":false},"excerpt":{"rendered":"<p>3 &#8221;S100x8 (100mm) karkea kierre 2&#8221; S60x6 kierre IBC s\u00e4ili\u00f6 adapteri. T\u00e4m\u00e4 kytkin on v\u00e4hent\u00e4\u00e4 venttiilin 3 &#8217; &#8217; S100x8 naaras lankaa S60x6 uros s\u00e4iett\u00e4. Voit k\u00e4ytt\u00e4\u00e4 sit\u00e4, jos sinulla on 3 &#8217; &#8217; IBC venttiili ja nessesary lis\u00e4t\u00e4 joitakin sovittimia 2 &#8217; &#8217; tai jotkut puutarhat kytkimet.<\/p>\n","protected":false},"featured_media":12093,"template":"","meta":[],"product_brand":[],"product_cat":[176],"product_tag":[],"class_list":{"0":"post-12644","1":"product","2":"type-product","3":"status-publish","4":"has-post-thumbnail","6":"product_cat-adapters-fittings-fi","7":"product_shipping_class-omniva-fi","9":"first","10":"instock","11":"taxable","12":"shipping-taxable","13":"purchasable","14":"product-type-simple"},"yoast_head":"<!-- This site is optimized with the Yoast SEO plugin v26.9 - https:\/\/yoast.com\/product\/yoast-seo-wordpress\/ -->\n<title>Adapteri 3 &quot;S100X8 (100mm) karkea kierre naaras 2&quot; S60X6 uros karkea Thread - IBC konteineri m&uuml;&uuml;k, vaadid, kraanid, mahutid<\/title>\n<meta name=\"robots\" content=\"index, follow, max-snippet:-1, max-image-preview:large, max-video-preview:-1\" \/>\n<link rel=\"canonical\" href=\"https:\/\/ibc.ee\/fi\/tuote\/adapteri-3-dn100-110mm-karkea-kierre-2-dn50\/\" \/>\n<meta property=\"og:locale\" content=\"fi_FI\" \/>\n<meta property=\"og:type\" content=\"article\" \/>\n<meta property=\"og:title\" content=\"Adapteri 3 &quot;S100X8 (100mm) karkea kierre naaras 2&quot; S60X6 uros karkea Thread - IBC konteineri m&uuml;&uuml;k, vaadid, kraanid, mahutid\" \/>\n<meta property=\"og:description\" content=\"3 &#8221;S100x8 (100mm) karkea kierre 2&#8221; S60x6 kierre IBC s\u00e4ili\u00f6 adapteri. T\u00e4m\u00e4 kytkin on v\u00e4hent\u00e4\u00e4 venttiilin 3 &#8217; &#8217; S100x8 naaras lankaa S60x6 uros s\u00e4iett\u00e4. Voit k\u00e4ytt\u00e4\u00e4 sit\u00e4, jos sinulla on 3 &#8217; &#8217; IBC venttiili ja nessesary lis\u00e4t\u00e4 joitakin sovittimia 2 &#8217; &#8217; tai jotkut puutarhat kytkimet.\" \/>\n<meta property=\"og:url\" content=\"https:\/\/ibc.ee\/fi\/tuote\/adapteri-3-dn100-110mm-karkea-kierre-2-dn50\/\" \/>\n<meta property=\"og:site_name\" content=\"IBC konteineri m&uuml;&uuml;k, vaadid, kraanid, mahutid\" \/>\n<meta property=\"article:modified_time\" content=\"2025-06-02T20:31:26+00:00\" \/>\n<meta property=\"og:image\" content=\"https:\/\/ibc.ee\/wp-content\/uploads\/2018\/04\/LGPLu4K-1.png\" \/>\n\t<meta property=\"og:image:width\" content=\"676\" \/>\n\t<meta property=\"og:image:height\" content=\"676\" \/>\n\t<meta property=\"og:image:type\" content=\"image\/png\" \/>\n<meta name=\"twitter:card\" content=\"summary_large_image\" \/>\n<script type=\"application\/ld+json\" class=\"yoast-schema-graph\">{\"@context\":\"https:\/\/schema.org\",\"@graph\":[{\"@type\":\"WebPage\",\"@id\":\"https:\/\/ibc.ee\/fi\/tuote\/adapteri-3-dn100-110mm-karkea-kierre-2-dn50\/\",\"url\":\"https:\/\/ibc.ee\/fi\/tuote\/adapteri-3-dn100-110mm-karkea-kierre-2-dn50\/\",\"name\":\"Adapteri 3 \\\"S100X8 (100mm) karkea kierre naaras 2\\\" S60X6 uros karkea Thread - IBC konteineri m&uuml;&uuml;k, vaadid, kraanid, mahutid\",\"isPartOf\":{\"@id\":\"https:\/\/www.ibc.ee\/fi\/#website\"},\"primaryImageOfPage\":{\"@id\":\"https:\/\/ibc.ee\/fi\/tuote\/adapteri-3-dn100-110mm-karkea-kierre-2-dn50\/#primaryimage\"},\"image\":{\"@id\":\"https:\/\/ibc.ee\/fi\/tuote\/adapteri-3-dn100-110mm-karkea-kierre-2-dn50\/#primaryimage\"},\"thumbnailUrl\":\"https:\/\/ibc.ee\/wp-content\/uploads\/2018\/04\/LGPLu4K-1.png\",\"datePublished\":\"2018-04-28T09:58:39+00:00\",\"dateModified\":\"2025-06-02T20:31:26+00:00\",\"breadcrumb\":{\"@id\":\"https:\/\/ibc.ee\/fi\/tuote\/adapteri-3-dn100-110mm-karkea-kierre-2-dn50\/#breadcrumb\"},\"inLanguage\":\"fi\",\"potentialAction\":[{\"@type\":\"ReadAction\",\"target\":[\"https:\/\/ibc.ee\/fi\/tuote\/adapteri-3-dn100-110mm-karkea-kierre-2-dn50\/\"]}]},{\"@type\":\"ImageObject\",\"inLanguage\":\"fi\",\"@id\":\"https:\/\/ibc.ee\/fi\/tuote\/adapteri-3-dn100-110mm-karkea-kierre-2-dn50\/#primaryimage\",\"url\":\"https:\/\/ibc.ee\/wp-content\/uploads\/2018\/04\/LGPLu4K-1.png\",\"contentUrl\":\"https:\/\/ibc.ee\/wp-content\/uploads\/2018\/04\/LGPLu4K-1.png\",\"width\":676,\"height\":676,\"caption\":\"Sovitin 3 \\\"DN100 (110mm) karkea kierre 2\\\" DN50\"},{\"@type\":\"BreadcrumbList\",\"@id\":\"https:\/\/ibc.ee\/fi\/tuote\/adapteri-3-dn100-110mm-karkea-kierre-2-dn50\/#breadcrumb\",\"itemListElement\":[{\"@type\":\"ListItem\",\"position\":1,\"name\":\"\u0413\u043b\u0430\u0432\u043d\u0430\u044f \u0441\u0442\u0440\u0430\u043d\u0438\u0446\u0430\",\"item\":\"https:\/\/www.ibc.ee\/fi\/\"},{\"@type\":\"ListItem\",\"position\":2,\"name\":\"Myym\u00e4l\u00e4\",\"item\":\"https:\/\/www.ibc.ee\/fi\/shop\/\"},{\"@type\":\"ListItem\",\"position\":3,\"name\":\"Adapteri 3 &#8221;S100X8 (100mm) karkea kierre naaras 2&#8221; S60X6 uros karkea Thread\"}]},{\"@type\":\"WebSite\",\"@id\":\"https:\/\/www.ibc.ee\/fi\/#website\",\"url\":\"https:\/\/www.ibc.ee\/fi\/\",\"name\":\"IBC konteineri m&uuml;&uuml;k, vaadid, kraanid, mahutid\",\"description\":\"IBC - Tank container valve, Adapters\\\\fittings, Intermediate bulk, container, Drums\/cans\",\"potentialAction\":[{\"@type\":\"SearchAction\",\"target\":{\"@type\":\"EntryPoint\",\"urlTemplate\":\"https:\/\/www.ibc.ee\/fi\/?s={search_term_string}\"},\"query-input\":{\"@type\":\"PropertyValueSpecification\",\"valueRequired\":true,\"valueName\":\"search_term_string\"}}],\"inLanguage\":\"fi\"}]}<\/script>\n<!-- \/ Yoast SEO plugin. -->","yoast_head_json":{"title":"Adapteri 3 \"S100X8 (100mm) karkea kierre naaras 2\" S60X6 uros karkea Thread - IBC konteineri m&uuml;&uuml;k, vaadid, kraanid, mahutid","robots":{"index":"index","follow":"follow","max-snippet":"max-snippet:-1","max-image-preview":"max-image-preview:large","max-video-preview":"max-video-preview:-1"},"canonical":"https:\/\/ibc.ee\/fi\/tuote\/adapteri-3-dn100-110mm-karkea-kierre-2-dn50\/","og_locale":"fi_FI","og_type":"article","og_title":"Adapteri 3 \"S100X8 (100mm) karkea kierre naaras 2\" S60X6 uros karkea Thread - IBC konteineri m&uuml;&uuml;k, vaadid, kraanid, mahutid","og_description":"3 &#8221;S100x8 (100mm) karkea kierre 2&#8221; S60x6 kierre IBC s\u00e4ili\u00f6 adapteri. T\u00e4m\u00e4 kytkin on v\u00e4hent\u00e4\u00e4 venttiilin 3 &#8217; &#8217; S100x8 naaras lankaa S60x6 uros s\u00e4iett\u00e4. Voit k\u00e4ytt\u00e4\u00e4 sit\u00e4, jos sinulla on 3 &#8217; &#8217; IBC venttiili ja nessesary lis\u00e4t\u00e4 joitakin sovittimia 2 &#8217; &#8217; tai jotkut puutarhat kytkimet.","og_url":"https:\/\/ibc.ee\/fi\/tuote\/adapteri-3-dn100-110mm-karkea-kierre-2-dn50\/","og_site_name":"IBC konteineri m&uuml;&uuml;k, vaadid, kraanid, mahutid","article_modified_time":"2025-06-02T20:31:26+00:00","og_image":[{"width":676,"height":676,"url":"https:\/\/ibc.ee\/wp-content\/uploads\/2018\/04\/LGPLu4K-1.png","type":"image\/png"}],"twitter_card":"summary_large_image","schema":{"@context":"https:\/\/schema.org","@graph":[{"@type":"WebPage","@id":"https:\/\/ibc.ee\/fi\/tuote\/adapteri-3-dn100-110mm-karkea-kierre-2-dn50\/","url":"https:\/\/ibc.ee\/fi\/tuote\/adapteri-3-dn100-110mm-karkea-kierre-2-dn50\/","name":"Adapteri 3 \"S100X8 (100mm) karkea kierre naaras 2\" S60X6 uros karkea Thread - IBC konteineri m&uuml;&uuml;k, vaadid, kraanid, mahutid","isPartOf":{"@id":"https:\/\/www.ibc.ee\/fi\/#website"},"primaryImageOfPage":{"@id":"https:\/\/ibc.ee\/fi\/tuote\/adapteri-3-dn100-110mm-karkea-kierre-2-dn50\/#primaryimage"},"image":{"@id":"https:\/\/ibc.ee\/fi\/tuote\/adapteri-3-dn100-110mm-karkea-kierre-2-dn50\/#primaryimage"},"thumbnailUrl":"https:\/\/ibc.ee\/wp-content\/uploads\/2018\/04\/LGPLu4K-1.png","datePublished":"2018-04-28T09:58:39+00:00","dateModified":"2025-06-02T20:31:26+00:00","breadcrumb":{"@id":"https:\/\/ibc.ee\/fi\/tuote\/adapteri-3-dn100-110mm-karkea-kierre-2-dn50\/#breadcrumb"},"inLanguage":"fi","potentialAction":[{"@type":"ReadAction","target":["https:\/\/ibc.ee\/fi\/tuote\/adapteri-3-dn100-110mm-karkea-kierre-2-dn50\/"]}]},{"@type":"ImageObject","inLanguage":"fi","@id":"https:\/\/ibc.ee\/fi\/tuote\/adapteri-3-dn100-110mm-karkea-kierre-2-dn50\/#primaryimage","url":"https:\/\/ibc.ee\/wp-content\/uploads\/2018\/04\/LGPLu4K-1.png","contentUrl":"https:\/\/ibc.ee\/wp-content\/uploads\/2018\/04\/LGPLu4K-1.png","width":676,"height":676,"caption":"Sovitin 3 \"DN100 (110mm) karkea kierre 2\" DN50"},{"@type":"BreadcrumbList","@id":"https:\/\/ibc.ee\/fi\/tuote\/adapteri-3-dn100-110mm-karkea-kierre-2-dn50\/#breadcrumb","itemListElement":[{"@type":"ListItem","position":1,"name":"\u0413\u043b\u0430\u0432\u043d\u0430\u044f \u0441\u0442\u0440\u0430\u043d\u0438\u0446\u0430","item":"https:\/\/www.ibc.ee\/fi\/"},{"@type":"ListItem","position":2,"name":"Myym\u00e4l\u00e4","item":"https:\/\/www.ibc.ee\/fi\/shop\/"},{"@type":"ListItem","position":3,"name":"Adapteri 3 &#8221;S100X8 (100mm) karkea kierre naaras 2&#8221; S60X6 uros karkea Thread"}]},{"@type":"WebSite","@id":"https:\/\/www.ibc.ee\/fi\/#website","url":"https:\/\/www.ibc.ee\/fi\/","name":"IBC konteineri m&uuml;&uuml;k, vaadid, kraanid, mahutid","description":"IBC - Tank container valve, Adapters\\fittings, Intermediate bulk, container, Drums\/cans","potentialAction":[{"@type":"SearchAction","target":{"@type":"EntryPoint","urlTemplate":"https:\/\/www.ibc.ee\/fi\/?s={search_term_string}"},"query-input":{"@type":"PropertyValueSpecification","valueRequired":true,"valueName":"search_term_string"}}],"inLanguage":"fi"}]}},"_links":{"self":[{"href":"https:\/\/ibc.ee\/fi\/wp-json\/wp\/v2\/product\/12644","targetHints":{"allow":["GET"]}}],"collection":[{"href":"https:\/\/ibc.ee\/fi\/wp-json\/wp\/v2\/product"}],"about":[{"href":"https:\/\/ibc.ee\/fi\/wp-json\/wp\/v2\/types\/product"}],"wp:featuredmedia":[{"embeddable":true,"href":"https:\/\/ibc.ee\/fi\/wp-json\/wp\/v2\/media\/12093"}],"wp:attachment":[{"href":"https:\/\/ibc.ee\/fi\/wp-json\/wp\/v2\/media?parent=12644"}],"wp:term":[{"taxonomy":"product_brand","embeddable":true,"href":"https:\/\/ibc.ee\/fi\/wp-json\/wp\/v2\/product_brand?post=12644"},{"taxonomy":"product_cat","embeddable":true,"href":"https:\/\/ibc.ee\/fi\/wp-json\/wp\/v2\/product_cat?post=12644"},{"taxonomy":"product_tag","embeddable":true,"href":"https:\/\/ibc.ee\/fi\/wp-json\/wp\/v2\/product_tag?post=12644"}],"curies":[{"name":"wp","href":"https:\/\/api.w.org\/{rel}","templated":true}]}}