{"id":15484,"date":"2018-06-04T17:21:35","date_gmt":"2018-06-04T17:21:36","guid":{"rendered":"https:\/\/ibc.ee\/?post_type=product&#038;p=15484"},"modified":"2025-07-03T11:40:14","modified_gmt":"2025-07-03T09:40:14","slug":"techcube-ibc-1000-musta-kunnostettu-un-sertifikaatilla","status":"publish","type":"product","link":"https:\/\/ibc.ee\/fi\/tuote\/techcube-ibc-1000-musta-kunnostettu-un-sertifikaatilla\/","title":{"rendered":"TechCube IBC 1000 musta kunnostettu UN-sertifikaatilla"},"content":{"rendered":"<p>Isokontti IBC 1000l B muovi-, metalli- tai puulavoilla. Kaikki altaiden kanssa ty\u00f6nosturin alla, on mitta kaavassa ja on leve\u00e4 kansi ylh\u00e4\u00e4lt\u00e4. Yl\u00e4korkki 150 mm. Pohjassa 2 tuuman kierre (60&#215;6) <\/p>\n<p><strong>Miksi valita musta IBC-s\u00e4ili\u00f6 tavallisten IBC-s\u00e4ili\u00f6iden sijaan?<\/strong><br \/>\nToisin kuin tavalliset kirkkaat IBC-s\u00e4ili\u00f6t, musta IBC-s\u00e4ili\u00f6 est\u00e4\u00e4 UN-s\u00e4teet ja siten valolle altistumisen, joka voi johtaa levien kasvuun. T\u00e4m\u00e4 ominaisuus pit\u00e4\u00e4 varastoidut nesteet tuoreempina pidemp\u00e4\u00e4n, mik\u00e4 tekee mustista IBC-s\u00e4ili\u00f6ist\u00e4 ihanteellisia k\u00e4ytt\u00f6tarkoituksiin, joissa nesteiden eheys on kriittisen t\u00e4rke\u00e4\u00e4. <\/p>\n<p><strong>UN-hyv\u00e4ksytty nesteiden varastointiin<\/strong><br \/>\nT\u00e4m\u00e4 musta IBC-s\u00e4ili\u00f6 t\u00e4ytt\u00e4\u00e4 UN:n sertifiointistandardit ja varmistaa sek\u00e4 vaarallisten ett\u00e4 vaarattomien nesteiden varastoinnin vaatimustenmukaisuuden. T\u00e4m\u00e4 s\u00e4ili\u00f6 tarjoaa turvallisen ja hyv\u00e4ksytyn varastointivaihtoehdon niin teollisuuskemikaaleille, maatalousratkaisuille kuin yleisille nestem\u00e4isille kuljetuksillekin. <\/p>\n<p><strong>T\u00e4rkeit\u00e4 huomioitavia asioita<\/strong><br \/>\nVaikka myyt\u00e4v\u00e4t mustat IBC-s\u00e4ili\u00f6mme on ammattimaisesti puhdistettu ja kunnostettu, niiss\u00e4 saattaa olla pieni\u00e4 j\u00e4\u00e4mi\u00e4 aiemmin varastoiduista nesteist\u00e4. T\u00e4st\u00e4 syyst\u00e4 n\u00e4m\u00e4 IBC-s\u00e4ili\u00f6t eiv\u00e4t sovellu juomavedelle tai elintarvikkeisiin liittyville tuotteille. Jos tarvitset s\u00e4ili\u00f6n kulutustavaroiden s\u00e4ilytykseen, suosittelemme uuden tai uudelleenpullotetun IBC-s\u00e4ili\u00f6n valitsemista.  <\/p>\n","protected":false},"excerpt":{"rendered":"<p>Kierr\u00e4tetty ja pesty IBC-s\u00e4ili\u00f6, jolla on voimassa oleva UN-sertifiointi. Ihanteellinen vaarallisille nesteille, teknisille kemikaaleille ja maatalous- ja teollisuuss\u00e4ilytykselle. Sopii my\u00f6s kasteluvedelle. Musta UV-suojattu s\u00e4ili\u00f6 yhdistettyn\u00e4 UN-sertifioituun rakenteeseen auttaa est\u00e4m\u00e4\u00e4n levien kasvua ja pit\u00e4\u00e4 veden kirkkaana pidemp\u00e4\u00e4n.   <\/p>\n<p><strong>Yleisi\u00e4 sovelluksia ovat:<\/strong><\/p>\n<p>&#8211; Tekniset nesteet ja teollisuusnesteet: sopivat vaarallisten ja vaarattomien nesteiden, dieselin, \u00f6ljyjen, k\u00e4ytetyn \u00f6ljyn (j\u00e4te\u00f6ljyn), liuottimien, j\u00e4\u00e4nesteen ja hydraulinesteiden varastointiin.<br \/>\n&#8211; Maatalous ja kastelu: kasteluvesi, lannoiteliuokset, nestem\u00e4iset ravinteet, torjunta-aineet, rikkakasvien torjunta-aineet, kalkinpoistoaineet, kastelukemikaalit tai kompostiteet.<br \/>\n&#8211; Kemianteollisuus: puhdistusaineet, hapot, em\u00e4kset, tuotantoprosessien j\u00e4\u00e4m\u00e4t, tilap\u00e4iset j\u00e4tenesteet (ennen h\u00e4vitt\u00e4mist\u00e4).<br \/>\n&#8211; Rakentaminen ja valmistus: betonin pesuvesi, tiivisteet, liimat, maalij\u00e4te, laastivesi, bitumiseokset, ty\u00f6maan puhdistus- tai huuhtelus\u00e4ili\u00f6t.<\/p>\n","protected":false},"featured_media":24098,"template":"","meta":[],"product_brand":[],"product_cat":[182],"product_tag":[],"class_list":{"0":"post-15484","1":"product","2":"type-product","3":"status-publish","4":"has-post-thumbnail","6":"product_cat-kontti","7":"product_shipping_class-containers-fi","9":"first","10":"instock","11":"taxable","12":"shipping-taxable","13":"purchasable","14":"product-type-simple"},"yoast_head":"<!-- This site is optimized with the Yoast SEO plugin v26.9 - https:\/\/yoast.com\/product\/yoast-seo-wordpress\/ -->\n<title>TechCube IBC 1000 musta kunnostettu UN-sertifikaatilla - IBC konteineri m&uuml;&uuml;k, vaadid, kraanid, mahutid<\/title>\n<meta name=\"description\" content=\"Kierr\u00e4tetty ja pesty IBC-s\u00e4ili\u00f6, jolla on voimassa oleva UN-sertifikaatti. Ihanteellinen vaarallisille nesteille, teknisille kemikaaleille, maatalous- ja teollisuusvarastoille sek\u00e4 muille kuin juomakelpoisille j\u00e4rjestelmille.\" \/>\n<meta name=\"robots\" content=\"index, follow, max-snippet:-1, max-image-preview:large, max-video-preview:-1\" \/>\n<link rel=\"canonical\" href=\"https:\/\/ibc.ee\/fi\/tuote\/techcube-ibc-1000-musta-kunnostettu-un-sertifikaatilla\/\" \/>\n<meta property=\"og:locale\" content=\"fi_FI\" \/>\n<meta property=\"og:type\" content=\"article\" \/>\n<meta property=\"og:title\" content=\"TechCube IBC 1000 musta kunnostettu UN-sertifikaatilla - IBC konteineri m&uuml;&uuml;k, vaadid, kraanid, mahutid\" \/>\n<meta property=\"og:description\" content=\"Kierr\u00e4tetty ja pesty IBC-s\u00e4ili\u00f6, jolla on voimassa oleva UN-sertifikaatti. Ihanteellinen vaarallisille nesteille, teknisille kemikaaleille, maatalous- ja teollisuusvarastoille sek\u00e4 muille kuin juomakelpoisille j\u00e4rjestelmille.\" \/>\n<meta property=\"og:url\" content=\"https:\/\/ibc.ee\/fi\/tuote\/techcube-ibc-1000-musta-kunnostettu-un-sertifikaatilla\/\" \/>\n<meta property=\"og:site_name\" content=\"IBC konteineri m&uuml;&uuml;k, vaadid, kraanid, mahutid\" \/>\n<meta property=\"article:modified_time\" content=\"2025-07-03T09:40:14+00:00\" \/>\n<meta property=\"og:image\" content=\"https:\/\/ibc.ee\/wp-content\/uploads\/2018\/06\/Black-1000L-Reconditioned-IBC-with-UN-Certificate.jpg\" \/>\n\t<meta property=\"og:image:width\" content=\"1000\" \/>\n\t<meta property=\"og:image:height\" content=\"1000\" \/>\n\t<meta property=\"og:image:type\" content=\"image\/jpeg\" \/>\n<meta name=\"twitter:card\" content=\"summary_large_image\" \/>\n<meta name=\"twitter:label1\" content=\"Arvioitu lukuaika\" \/>\n\t<meta name=\"twitter:data1\" content=\"1 minuutti\" \/>\n<script type=\"application\/ld+json\" class=\"yoast-schema-graph\">{\"@context\":\"https:\/\/schema.org\",\"@graph\":[{\"@type\":\"WebPage\",\"@id\":\"https:\/\/ibc.ee\/fi\/tuote\/techcube-ibc-1000-musta-kunnostettu-un-sertifikaatilla\/\",\"url\":\"https:\/\/ibc.ee\/fi\/tuote\/techcube-ibc-1000-musta-kunnostettu-un-sertifikaatilla\/\",\"name\":\"TechCube IBC 1000 musta kunnostettu UN-sertifikaatilla - IBC konteineri m&uuml;&uuml;k, vaadid, kraanid, mahutid\",\"isPartOf\":{\"@id\":\"https:\/\/www.ibc.ee\/fi\/#website\"},\"primaryImageOfPage\":{\"@id\":\"https:\/\/ibc.ee\/fi\/tuote\/techcube-ibc-1000-musta-kunnostettu-un-sertifikaatilla\/#primaryimage\"},\"image\":{\"@id\":\"https:\/\/ibc.ee\/fi\/tuote\/techcube-ibc-1000-musta-kunnostettu-un-sertifikaatilla\/#primaryimage\"},\"thumbnailUrl\":\"https:\/\/ibc.ee\/wp-content\/uploads\/2018\/06\/Black-1000L-Reconditioned-IBC-with-UN-Certificate.jpg\",\"datePublished\":\"2018-06-04T17:21:36+00:00\",\"dateModified\":\"2025-07-03T09:40:14+00:00\",\"description\":\"Kierr\u00e4tetty ja pesty IBC-s\u00e4ili\u00f6, jolla on voimassa oleva UN-sertifikaatti. Ihanteellinen vaarallisille nesteille, teknisille kemikaaleille, maatalous- ja teollisuusvarastoille sek\u00e4 muille kuin juomakelpoisille j\u00e4rjestelmille.\",\"breadcrumb\":{\"@id\":\"https:\/\/ibc.ee\/fi\/tuote\/techcube-ibc-1000-musta-kunnostettu-un-sertifikaatilla\/#breadcrumb\"},\"inLanguage\":\"fi\",\"potentialAction\":[{\"@type\":\"ReadAction\",\"target\":[\"https:\/\/ibc.ee\/fi\/tuote\/techcube-ibc-1000-musta-kunnostettu-un-sertifikaatilla\/\"]}]},{\"@type\":\"ImageObject\",\"inLanguage\":\"fi\",\"@id\":\"https:\/\/ibc.ee\/fi\/tuote\/techcube-ibc-1000-musta-kunnostettu-un-sertifikaatilla\/#primaryimage\",\"url\":\"https:\/\/ibc.ee\/wp-content\/uploads\/2018\/06\/Black-1000L-Reconditioned-IBC-with-UN-Certificate.jpg\",\"contentUrl\":\"https:\/\/ibc.ee\/wp-content\/uploads\/2018\/06\/Black-1000L-Reconditioned-IBC-with-UN-Certificate.jpg\",\"width\":1000,\"height\":1000,\"caption\":\"Black 1000L Reconditioned IBC with UN Certificate\"},{\"@type\":\"BreadcrumbList\",\"@id\":\"https:\/\/ibc.ee\/fi\/tuote\/techcube-ibc-1000-musta-kunnostettu-un-sertifikaatilla\/#breadcrumb\",\"itemListElement\":[{\"@type\":\"ListItem\",\"position\":1,\"name\":\"\u0413\u043b\u0430\u0432\u043d\u0430\u044f \u0441\u0442\u0440\u0430\u043d\u0438\u0446\u0430\",\"item\":\"https:\/\/www.ibc.ee\/fi\/\"},{\"@type\":\"ListItem\",\"position\":2,\"name\":\"Myym\u00e4l\u00e4\",\"item\":\"https:\/\/www.ibc.ee\/fi\/shop\/\"},{\"@type\":\"ListItem\",\"position\":3,\"name\":\"TechCube IBC 1000 musta kunnostettu UN-sertifikaatilla\"}]},{\"@type\":\"WebSite\",\"@id\":\"https:\/\/www.ibc.ee\/fi\/#website\",\"url\":\"https:\/\/www.ibc.ee\/fi\/\",\"name\":\"IBC konteineri m&uuml;&uuml;k, vaadid, kraanid, mahutid\",\"description\":\"IBC - Tank container valve, Adapters\\\\fittings, Intermediate bulk, container, Drums\/cans\",\"potentialAction\":[{\"@type\":\"SearchAction\",\"target\":{\"@type\":\"EntryPoint\",\"urlTemplate\":\"https:\/\/www.ibc.ee\/fi\/?s={search_term_string}\"},\"query-input\":{\"@type\":\"PropertyValueSpecification\",\"valueRequired\":true,\"valueName\":\"search_term_string\"}}],\"inLanguage\":\"fi\"}]}<\/script>\n<!-- \/ Yoast SEO plugin. -->","yoast_head_json":{"title":"TechCube IBC 1000 musta kunnostettu UN-sertifikaatilla - IBC konteineri m&uuml;&uuml;k, vaadid, kraanid, mahutid","description":"Kierr\u00e4tetty ja pesty IBC-s\u00e4ili\u00f6, jolla on voimassa oleva UN-sertifikaatti. Ihanteellinen vaarallisille nesteille, teknisille kemikaaleille, maatalous- ja teollisuusvarastoille sek\u00e4 muille kuin juomakelpoisille j\u00e4rjestelmille.","robots":{"index":"index","follow":"follow","max-snippet":"max-snippet:-1","max-image-preview":"max-image-preview:large","max-video-preview":"max-video-preview:-1"},"canonical":"https:\/\/ibc.ee\/fi\/tuote\/techcube-ibc-1000-musta-kunnostettu-un-sertifikaatilla\/","og_locale":"fi_FI","og_type":"article","og_title":"TechCube IBC 1000 musta kunnostettu UN-sertifikaatilla - IBC konteineri m&uuml;&uuml;k, vaadid, kraanid, mahutid","og_description":"Kierr\u00e4tetty ja pesty IBC-s\u00e4ili\u00f6, jolla on voimassa oleva UN-sertifikaatti. Ihanteellinen vaarallisille nesteille, teknisille kemikaaleille, maatalous- ja teollisuusvarastoille sek\u00e4 muille kuin juomakelpoisille j\u00e4rjestelmille.","og_url":"https:\/\/ibc.ee\/fi\/tuote\/techcube-ibc-1000-musta-kunnostettu-un-sertifikaatilla\/","og_site_name":"IBC konteineri m&uuml;&uuml;k, vaadid, kraanid, mahutid","article_modified_time":"2025-07-03T09:40:14+00:00","og_image":[{"width":1000,"height":1000,"url":"https:\/\/ibc.ee\/wp-content\/uploads\/2018\/06\/Black-1000L-Reconditioned-IBC-with-UN-Certificate.jpg","type":"image\/jpeg"}],"twitter_card":"summary_large_image","twitter_misc":{"Arvioitu lukuaika":"1 minuutti"},"schema":{"@context":"https:\/\/schema.org","@graph":[{"@type":"WebPage","@id":"https:\/\/ibc.ee\/fi\/tuote\/techcube-ibc-1000-musta-kunnostettu-un-sertifikaatilla\/","url":"https:\/\/ibc.ee\/fi\/tuote\/techcube-ibc-1000-musta-kunnostettu-un-sertifikaatilla\/","name":"TechCube IBC 1000 musta kunnostettu UN-sertifikaatilla - IBC konteineri m&uuml;&uuml;k, vaadid, kraanid, mahutid","isPartOf":{"@id":"https:\/\/www.ibc.ee\/fi\/#website"},"primaryImageOfPage":{"@id":"https:\/\/ibc.ee\/fi\/tuote\/techcube-ibc-1000-musta-kunnostettu-un-sertifikaatilla\/#primaryimage"},"image":{"@id":"https:\/\/ibc.ee\/fi\/tuote\/techcube-ibc-1000-musta-kunnostettu-un-sertifikaatilla\/#primaryimage"},"thumbnailUrl":"https:\/\/ibc.ee\/wp-content\/uploads\/2018\/06\/Black-1000L-Reconditioned-IBC-with-UN-Certificate.jpg","datePublished":"2018-06-04T17:21:36+00:00","dateModified":"2025-07-03T09:40:14+00:00","description":"Kierr\u00e4tetty ja pesty IBC-s\u00e4ili\u00f6, jolla on voimassa oleva UN-sertifikaatti. Ihanteellinen vaarallisille nesteille, teknisille kemikaaleille, maatalous- ja teollisuusvarastoille sek\u00e4 muille kuin juomakelpoisille j\u00e4rjestelmille.","breadcrumb":{"@id":"https:\/\/ibc.ee\/fi\/tuote\/techcube-ibc-1000-musta-kunnostettu-un-sertifikaatilla\/#breadcrumb"},"inLanguage":"fi","potentialAction":[{"@type":"ReadAction","target":["https:\/\/ibc.ee\/fi\/tuote\/techcube-ibc-1000-musta-kunnostettu-un-sertifikaatilla\/"]}]},{"@type":"ImageObject","inLanguage":"fi","@id":"https:\/\/ibc.ee\/fi\/tuote\/techcube-ibc-1000-musta-kunnostettu-un-sertifikaatilla\/#primaryimage","url":"https:\/\/ibc.ee\/wp-content\/uploads\/2018\/06\/Black-1000L-Reconditioned-IBC-with-UN-Certificate.jpg","contentUrl":"https:\/\/ibc.ee\/wp-content\/uploads\/2018\/06\/Black-1000L-Reconditioned-IBC-with-UN-Certificate.jpg","width":1000,"height":1000,"caption":"Black 1000L Reconditioned IBC with UN Certificate"},{"@type":"BreadcrumbList","@id":"https:\/\/ibc.ee\/fi\/tuote\/techcube-ibc-1000-musta-kunnostettu-un-sertifikaatilla\/#breadcrumb","itemListElement":[{"@type":"ListItem","position":1,"name":"\u0413\u043b\u0430\u0432\u043d\u0430\u044f \u0441\u0442\u0440\u0430\u043d\u0438\u0446\u0430","item":"https:\/\/www.ibc.ee\/fi\/"},{"@type":"ListItem","position":2,"name":"Myym\u00e4l\u00e4","item":"https:\/\/www.ibc.ee\/fi\/shop\/"},{"@type":"ListItem","position":3,"name":"TechCube IBC 1000 musta kunnostettu UN-sertifikaatilla"}]},{"@type":"WebSite","@id":"https:\/\/www.ibc.ee\/fi\/#website","url":"https:\/\/www.ibc.ee\/fi\/","name":"IBC konteineri m&uuml;&uuml;k, vaadid, kraanid, mahutid","description":"IBC - Tank container valve, Adapters\\fittings, Intermediate bulk, container, Drums\/cans","potentialAction":[{"@type":"SearchAction","target":{"@type":"EntryPoint","urlTemplate":"https:\/\/www.ibc.ee\/fi\/?s={search_term_string}"},"query-input":{"@type":"PropertyValueSpecification","valueRequired":true,"valueName":"search_term_string"}}],"inLanguage":"fi"}]}},"_links":{"self":[{"href":"https:\/\/ibc.ee\/fi\/wp-json\/wp\/v2\/product\/15484","targetHints":{"allow":["GET"]}}],"collection":[{"href":"https:\/\/ibc.ee\/fi\/wp-json\/wp\/v2\/product"}],"about":[{"href":"https:\/\/ibc.ee\/fi\/wp-json\/wp\/v2\/types\/product"}],"wp:featuredmedia":[{"embeddable":true,"href":"https:\/\/ibc.ee\/fi\/wp-json\/wp\/v2\/media\/24098"}],"wp:attachment":[{"href":"https:\/\/ibc.ee\/fi\/wp-json\/wp\/v2\/media?parent=15484"}],"wp:term":[{"taxonomy":"product_brand","embeddable":true,"href":"https:\/\/ibc.ee\/fi\/wp-json\/wp\/v2\/product_brand?post=15484"},{"taxonomy":"product_cat","embeddable":true,"href":"https:\/\/ibc.ee\/fi\/wp-json\/wp\/v2\/product_cat?post=15484"},{"taxonomy":"product_tag","embeddable":true,"href":"https:\/\/ibc.ee\/fi\/wp-json\/wp\/v2\/product_tag?post=15484"}],"curies":[{"name":"wp","href":"https:\/\/api.w.org\/{rel}","templated":true}]}}