{"id":15492,"date":"2018-06-04T17:31:54","date_gmt":"2018-06-04T17:31:54","guid":{"rendered":"https:\/\/ibc.ee\/?post_type=product&#038;p=15492"},"modified":"2025-07-04T15:20:22","modified_gmt":"2025-07-04T13:20:22","slug":"pureflowcube-ibc-1000-korkealaatuinen-pesty-fda-sailio","status":"publish","type":"product","link":"https:\/\/ibc.ee\/fi\/tuote\/pureflowcube-ibc-1000-korkealaatuinen-pesty-fda-sailio\/","title":{"rendered":"PureFlowCube IBC 1000 korkealaatuinen pesty FDA-s\u00e4ili\u00f6"},"content":{"rendered":"<p><strong>Mik\u00e4 on korkealaatuinen pesty IBC-s\u00e4ili\u00f6?<\/strong> <\/p>\n<p>Vaikka s\u00e4ili\u00f6 oli alun perin sertifioitu elintarvikek\u00e4ytt\u00f6\u00f6n, se ei ole en\u00e4\u00e4 virallisesti elintarvikekelpoinen, koska sit\u00e4 on k\u00e4ytetty ja sill\u00e4 ei ole en\u00e4\u00e4 voimassa olevaa sertifikaattia. Kuitenkin sen puhtaan k\u00e4ytt\u00f6historian ja huolellisen k\u00e4sittelyn ansiosta se on edelleen suosittu ja edullinen valinta juomavedelle sek\u00e4 muuhun ei-kriittiseen elintarvikek\u00e4ytt\u00f6\u00f6n. <\/p>\n<p>Kustannustehokas ratkaisu k\u00e4ytt\u00e4jille, jotka etsiv\u00e4t turvallista ja puhdasta nesteiden varastointia tilanteissa, joissa t\u00e4ytt\u00e4 sertifiointia ei vaadita.<\/p>\n<p><strong>T\u00e4rke\u00e4t huomautukset:<\/strong><br \/>\n&#8211; K\u00e4ytetty s\u00e4ili\u00f6 \u2013 aiemmin t\u00e4ytetty elintarvikekelpoisilla tuotteilla<br \/>\n&#8211; Ei voimassa olevaa FDA\/elintarvikesertifikaattia<br \/>\n&#8211; Ei suositella kaupalliseen elintarviketuotantoon tai virallisiin elintarvikesovelluksiin<br \/>\n&#8211; Voi sis\u00e4lt\u00e4\u00e4 lievi\u00e4 k\u00e4yt\u00f6n j\u00e4lki\u00e4 (esim. v\u00e4rimuutoksia, hajua, j\u00e4\u00e4mi\u00e4)<\/p>\n<p><strong>Tyypilliset k\u00e4ytt\u00f6tarkoitukset:<\/strong><br \/>\n&#8211; Juomaveden varastointi (ei-sertifioitu k\u00e4ytt\u00f6)<br \/>\n&#8211; Sadeveden keruu kotitalous- tai puutarhak\u00e4ytt\u00f6\u00f6n<br \/>\n&#8211; El\u00e4inten juomavesi<br \/>\n&#8211; Nestem\u00e4inen rehu tai kasviuutteet<br \/>\n&#8211; Tee-se-itse vesij\u00e4rjestelm\u00e4t<br \/>\n&#8211; Ulkok\u00e4ytt\u00f6\u00f6n tarkoitetut altaat, suihkut, kasteluj\u00e4rjestelm\u00e4t ja h\u00e4t\u00e4vesivarastot<\/p>\n","protected":false},"excerpt":{"rendered":"<p>Muovis\u00e4ili\u00f6 \/ sis\u00e4pullo on puhdistettu ja testattu vuotojen varalta. Tarvittaessa kannet, venttiilit ja tiivisteet vaihdetaan. T\u00e4m\u00e4 IBC-s\u00e4ili\u00f6 on alun perin valmistettu FDA-hyv\u00e4ksytyst\u00e4 elintarvikekelpoisesta materiaalista, ja sit\u00e4 on k\u00e4ytetty yksinomaan elintarvikkeiden (kuten sy\u00f6t\u00e4v\u00e4t \u00f6ljyt, siirapit tai juomien raaka-aineet) s\u00e4ilytykseen.  <\/p>\n","protected":false},"featured_media":24164,"template":"","meta":[],"product_brand":[],"product_cat":[182],"product_tag":[],"class_list":{"0":"post-15492","1":"product","2":"type-product","3":"status-publish","4":"has-post-thumbnail","6":"product_cat-kontti","7":"product_shipping_class-containers-fi","9":"first","10":"onbackorder","11":"taxable","12":"shipping-taxable","13":"purchasable","14":"product-type-simple"},"yoast_head":"<!-- This site is optimized with the Yoast SEO plugin v26.9 - https:\/\/yoast.com\/product\/yoast-seo-wordpress\/ -->\n<title>PureFlowCube IBC 1000 korkealaatuinen pesty FDA-s\u00e4ili\u00f6<\/title>\n<meta name=\"description\" content=\"T\u00e4m\u00e4 IBC-s\u00e4ili\u00f6 on alun perin valmistettu FDA-vaatimukset t\u00e4ytt\u00e4v\u00e4st\u00e4 elintarvikekelpoisesta materiaalista, ja sit\u00e4 on k\u00e4ytetty yksinomaan elintarvikkeiden (esimerkiksi sy\u00f6t\u00e4v\u00e4t \u00f6ljyt jne.) s\u00e4ilytykseen.\" \/>\n<meta name=\"robots\" content=\"index, follow, max-snippet:-1, max-image-preview:large, max-video-preview:-1\" \/>\n<link rel=\"canonical\" href=\"https:\/\/ibc.ee\/fi\/tuote\/pureflowcube-ibc-1000-korkealaatuinen-pesty-fda-sailio\/\" \/>\n<meta property=\"og:locale\" content=\"fi_FI\" \/>\n<meta property=\"og:type\" content=\"article\" \/>\n<meta property=\"og:title\" content=\"PureFlowCube IBC 1000 korkealaatuinen pesty FDA-s\u00e4ili\u00f6\" \/>\n<meta property=\"og:description\" content=\"T\u00e4m\u00e4 IBC-s\u00e4ili\u00f6 on alun perin valmistettu FDA-vaatimukset t\u00e4ytt\u00e4v\u00e4st\u00e4 elintarvikekelpoisesta materiaalista, ja sit\u00e4 on k\u00e4ytetty yksinomaan elintarvikkeiden (esimerkiksi sy\u00f6t\u00e4v\u00e4t \u00f6ljyt jne.) s\u00e4ilytykseen.\" \/>\n<meta property=\"og:url\" content=\"https:\/\/ibc.ee\/fi\/tuote\/pureflowcube-ibc-1000-korkealaatuinen-pesty-fda-sailio\/\" \/>\n<meta property=\"og:site_name\" content=\"IBC konteineri m&uuml;&uuml;k, vaadid, kraanid, mahutid\" \/>\n<meta property=\"article:modified_time\" content=\"2025-07-04T13:20:22+00:00\" \/>\n<meta property=\"og:image\" content=\"https:\/\/ibc.ee\/wp-content\/uploads\/2018\/06\/PureFlowCube-IBC-1000-high-quality-washed-food-based-tank.jpg\" \/>\n\t<meta property=\"og:image:width\" content=\"1000\" \/>\n\t<meta property=\"og:image:height\" content=\"1000\" \/>\n\t<meta property=\"og:image:type\" content=\"image\/jpeg\" \/>\n<meta name=\"twitter:card\" content=\"summary_large_image\" \/>\n<meta name=\"twitter:label1\" content=\"Arvioitu lukuaika\" \/>\n\t<meta name=\"twitter:data1\" content=\"1 minuutti\" \/>\n<script type=\"application\/ld+json\" class=\"yoast-schema-graph\">{\"@context\":\"https:\/\/schema.org\",\"@graph\":[{\"@type\":\"WebPage\",\"@id\":\"https:\/\/ibc.ee\/fi\/tuote\/pureflowcube-ibc-1000-korkealaatuinen-pesty-fda-sailio\/\",\"url\":\"https:\/\/ibc.ee\/fi\/tuote\/pureflowcube-ibc-1000-korkealaatuinen-pesty-fda-sailio\/\",\"name\":\"PureFlowCube IBC 1000 korkealaatuinen pesty FDA-s\u00e4ili\u00f6\",\"isPartOf\":{\"@id\":\"https:\/\/www.ibc.ee\/fi\/#website\"},\"primaryImageOfPage\":{\"@id\":\"https:\/\/ibc.ee\/fi\/tuote\/pureflowcube-ibc-1000-korkealaatuinen-pesty-fda-sailio\/#primaryimage\"},\"image\":{\"@id\":\"https:\/\/ibc.ee\/fi\/tuote\/pureflowcube-ibc-1000-korkealaatuinen-pesty-fda-sailio\/#primaryimage\"},\"thumbnailUrl\":\"https:\/\/ibc.ee\/wp-content\/uploads\/2018\/06\/PureFlowCube-IBC-1000-high-quality-washed-food-based-tank.jpg\",\"datePublished\":\"2018-06-04T17:31:54+00:00\",\"dateModified\":\"2025-07-04T13:20:22+00:00\",\"description\":\"T\u00e4m\u00e4 IBC-s\u00e4ili\u00f6 on alun perin valmistettu FDA-vaatimukset t\u00e4ytt\u00e4v\u00e4st\u00e4 elintarvikekelpoisesta materiaalista, ja sit\u00e4 on k\u00e4ytetty yksinomaan elintarvikkeiden (esimerkiksi sy\u00f6t\u00e4v\u00e4t \u00f6ljyt jne.) s\u00e4ilytykseen.\",\"breadcrumb\":{\"@id\":\"https:\/\/ibc.ee\/fi\/tuote\/pureflowcube-ibc-1000-korkealaatuinen-pesty-fda-sailio\/#breadcrumb\"},\"inLanguage\":\"fi\",\"potentialAction\":[{\"@type\":\"ReadAction\",\"target\":[\"https:\/\/ibc.ee\/fi\/tuote\/pureflowcube-ibc-1000-korkealaatuinen-pesty-fda-sailio\/\"]}]},{\"@type\":\"ImageObject\",\"inLanguage\":\"fi\",\"@id\":\"https:\/\/ibc.ee\/fi\/tuote\/pureflowcube-ibc-1000-korkealaatuinen-pesty-fda-sailio\/#primaryimage\",\"url\":\"https:\/\/ibc.ee\/wp-content\/uploads\/2018\/06\/PureFlowCube-IBC-1000-high-quality-washed-food-based-tank.jpg\",\"contentUrl\":\"https:\/\/ibc.ee\/wp-content\/uploads\/2018\/06\/PureFlowCube-IBC-1000-high-quality-washed-food-based-tank.jpg\",\"width\":1000,\"height\":1000,\"caption\":\"PureFlowCube IBC 1000 high-quality washed FDA tank\"},{\"@type\":\"BreadcrumbList\",\"@id\":\"https:\/\/ibc.ee\/fi\/tuote\/pureflowcube-ibc-1000-korkealaatuinen-pesty-fda-sailio\/#breadcrumb\",\"itemListElement\":[{\"@type\":\"ListItem\",\"position\":1,\"name\":\"\u0413\u043b\u0430\u0432\u043d\u0430\u044f \u0441\u0442\u0440\u0430\u043d\u0438\u0446\u0430\",\"item\":\"https:\/\/www.ibc.ee\/fi\/\"},{\"@type\":\"ListItem\",\"position\":2,\"name\":\"Myym\u00e4l\u00e4\",\"item\":\"https:\/\/www.ibc.ee\/fi\/shop\/\"},{\"@type\":\"ListItem\",\"position\":3,\"name\":\"PureFlowCube IBC 1000 korkealaatuinen pesty FDA-s\u00e4ili\u00f6\"}]},{\"@type\":\"WebSite\",\"@id\":\"https:\/\/www.ibc.ee\/fi\/#website\",\"url\":\"https:\/\/www.ibc.ee\/fi\/\",\"name\":\"IBC konteineri m&uuml;&uuml;k, vaadid, kraanid, mahutid\",\"description\":\"IBC - Tank container valve, Adapters\\\\fittings, Intermediate bulk, container, Drums\/cans\",\"potentialAction\":[{\"@type\":\"SearchAction\",\"target\":{\"@type\":\"EntryPoint\",\"urlTemplate\":\"https:\/\/www.ibc.ee\/fi\/?s={search_term_string}\"},\"query-input\":{\"@type\":\"PropertyValueSpecification\",\"valueRequired\":true,\"valueName\":\"search_term_string\"}}],\"inLanguage\":\"fi\"}]}<\/script>\n<!-- \/ Yoast SEO plugin. -->","yoast_head_json":{"title":"PureFlowCube IBC 1000 korkealaatuinen pesty FDA-s\u00e4ili\u00f6","description":"T\u00e4m\u00e4 IBC-s\u00e4ili\u00f6 on alun perin valmistettu FDA-vaatimukset t\u00e4ytt\u00e4v\u00e4st\u00e4 elintarvikekelpoisesta materiaalista, ja sit\u00e4 on k\u00e4ytetty yksinomaan elintarvikkeiden (esimerkiksi sy\u00f6t\u00e4v\u00e4t \u00f6ljyt jne.) s\u00e4ilytykseen.","robots":{"index":"index","follow":"follow","max-snippet":"max-snippet:-1","max-image-preview":"max-image-preview:large","max-video-preview":"max-video-preview:-1"},"canonical":"https:\/\/ibc.ee\/fi\/tuote\/pureflowcube-ibc-1000-korkealaatuinen-pesty-fda-sailio\/","og_locale":"fi_FI","og_type":"article","og_title":"PureFlowCube IBC 1000 korkealaatuinen pesty FDA-s\u00e4ili\u00f6","og_description":"T\u00e4m\u00e4 IBC-s\u00e4ili\u00f6 on alun perin valmistettu FDA-vaatimukset t\u00e4ytt\u00e4v\u00e4st\u00e4 elintarvikekelpoisesta materiaalista, ja sit\u00e4 on k\u00e4ytetty yksinomaan elintarvikkeiden (esimerkiksi sy\u00f6t\u00e4v\u00e4t \u00f6ljyt jne.) s\u00e4ilytykseen.","og_url":"https:\/\/ibc.ee\/fi\/tuote\/pureflowcube-ibc-1000-korkealaatuinen-pesty-fda-sailio\/","og_site_name":"IBC konteineri m&uuml;&uuml;k, vaadid, kraanid, mahutid","article_modified_time":"2025-07-04T13:20:22+00:00","og_image":[{"width":1000,"height":1000,"url":"https:\/\/ibc.ee\/wp-content\/uploads\/2018\/06\/PureFlowCube-IBC-1000-high-quality-washed-food-based-tank.jpg","type":"image\/jpeg"}],"twitter_card":"summary_large_image","twitter_misc":{"Arvioitu lukuaika":"1 minuutti"},"schema":{"@context":"https:\/\/schema.org","@graph":[{"@type":"WebPage","@id":"https:\/\/ibc.ee\/fi\/tuote\/pureflowcube-ibc-1000-korkealaatuinen-pesty-fda-sailio\/","url":"https:\/\/ibc.ee\/fi\/tuote\/pureflowcube-ibc-1000-korkealaatuinen-pesty-fda-sailio\/","name":"PureFlowCube IBC 1000 korkealaatuinen pesty FDA-s\u00e4ili\u00f6","isPartOf":{"@id":"https:\/\/www.ibc.ee\/fi\/#website"},"primaryImageOfPage":{"@id":"https:\/\/ibc.ee\/fi\/tuote\/pureflowcube-ibc-1000-korkealaatuinen-pesty-fda-sailio\/#primaryimage"},"image":{"@id":"https:\/\/ibc.ee\/fi\/tuote\/pureflowcube-ibc-1000-korkealaatuinen-pesty-fda-sailio\/#primaryimage"},"thumbnailUrl":"https:\/\/ibc.ee\/wp-content\/uploads\/2018\/06\/PureFlowCube-IBC-1000-high-quality-washed-food-based-tank.jpg","datePublished":"2018-06-04T17:31:54+00:00","dateModified":"2025-07-04T13:20:22+00:00","description":"T\u00e4m\u00e4 IBC-s\u00e4ili\u00f6 on alun perin valmistettu FDA-vaatimukset t\u00e4ytt\u00e4v\u00e4st\u00e4 elintarvikekelpoisesta materiaalista, ja sit\u00e4 on k\u00e4ytetty yksinomaan elintarvikkeiden (esimerkiksi sy\u00f6t\u00e4v\u00e4t \u00f6ljyt jne.) s\u00e4ilytykseen.","breadcrumb":{"@id":"https:\/\/ibc.ee\/fi\/tuote\/pureflowcube-ibc-1000-korkealaatuinen-pesty-fda-sailio\/#breadcrumb"},"inLanguage":"fi","potentialAction":[{"@type":"ReadAction","target":["https:\/\/ibc.ee\/fi\/tuote\/pureflowcube-ibc-1000-korkealaatuinen-pesty-fda-sailio\/"]}]},{"@type":"ImageObject","inLanguage":"fi","@id":"https:\/\/ibc.ee\/fi\/tuote\/pureflowcube-ibc-1000-korkealaatuinen-pesty-fda-sailio\/#primaryimage","url":"https:\/\/ibc.ee\/wp-content\/uploads\/2018\/06\/PureFlowCube-IBC-1000-high-quality-washed-food-based-tank.jpg","contentUrl":"https:\/\/ibc.ee\/wp-content\/uploads\/2018\/06\/PureFlowCube-IBC-1000-high-quality-washed-food-based-tank.jpg","width":1000,"height":1000,"caption":"PureFlowCube IBC 1000 high-quality washed FDA tank"},{"@type":"BreadcrumbList","@id":"https:\/\/ibc.ee\/fi\/tuote\/pureflowcube-ibc-1000-korkealaatuinen-pesty-fda-sailio\/#breadcrumb","itemListElement":[{"@type":"ListItem","position":1,"name":"\u0413\u043b\u0430\u0432\u043d\u0430\u044f \u0441\u0442\u0440\u0430\u043d\u0438\u0446\u0430","item":"https:\/\/www.ibc.ee\/fi\/"},{"@type":"ListItem","position":2,"name":"Myym\u00e4l\u00e4","item":"https:\/\/www.ibc.ee\/fi\/shop\/"},{"@type":"ListItem","position":3,"name":"PureFlowCube IBC 1000 korkealaatuinen pesty FDA-s\u00e4ili\u00f6"}]},{"@type":"WebSite","@id":"https:\/\/www.ibc.ee\/fi\/#website","url":"https:\/\/www.ibc.ee\/fi\/","name":"IBC konteineri m&uuml;&uuml;k, vaadid, kraanid, mahutid","description":"IBC - Tank container valve, Adapters\\fittings, Intermediate bulk, container, Drums\/cans","potentialAction":[{"@type":"SearchAction","target":{"@type":"EntryPoint","urlTemplate":"https:\/\/www.ibc.ee\/fi\/?s={search_term_string}"},"query-input":{"@type":"PropertyValueSpecification","valueRequired":true,"valueName":"search_term_string"}}],"inLanguage":"fi"}]}},"_links":{"self":[{"href":"https:\/\/ibc.ee\/fi\/wp-json\/wp\/v2\/product\/15492","targetHints":{"allow":["GET"]}}],"collection":[{"href":"https:\/\/ibc.ee\/fi\/wp-json\/wp\/v2\/product"}],"about":[{"href":"https:\/\/ibc.ee\/fi\/wp-json\/wp\/v2\/types\/product"}],"wp:featuredmedia":[{"embeddable":true,"href":"https:\/\/ibc.ee\/fi\/wp-json\/wp\/v2\/media\/24164"}],"wp:attachment":[{"href":"https:\/\/ibc.ee\/fi\/wp-json\/wp\/v2\/media?parent=15492"}],"wp:term":[{"taxonomy":"product_brand","embeddable":true,"href":"https:\/\/ibc.ee\/fi\/wp-json\/wp\/v2\/product_brand?post=15492"},{"taxonomy":"product_cat","embeddable":true,"href":"https:\/\/ibc.ee\/fi\/wp-json\/wp\/v2\/product_cat?post=15492"},{"taxonomy":"product_tag","embeddable":true,"href":"https:\/\/ibc.ee\/fi\/wp-json\/wp\/v2\/product_tag?post=15492"}],"curies":[{"name":"wp","href":"https:\/\/api.w.org\/{rel}","templated":true}]}}