{"id":15496,"date":"2018-06-04T17:34:07","date_gmt":"2018-06-04T17:34:08","guid":{"rendered":"https:\/\/ibc.ee\/?post_type=product&#038;p=15496"},"modified":"2025-07-10T10:30:24","modified_gmt":"2025-07-10T08:30:24","slug":"renewcube-ibc-1000-uudelleenpullotettu-ibc","status":"publish","type":"product","link":"https:\/\/ibc.ee\/fi\/tuote\/renewcube-ibc-1000-uudelleenpullotettu-ibc\/","title":{"rendered":"ReNewCube IBC 1000 \u2013 Uudelleenpullotettu IBC"},"content":{"rendered":"<p>Muovi-, metalli-tai puulavojen s\u00e4ili\u00f6. Kaikissa s\u00e4ili\u00f6iss\u00e4, joissa on toimiva nosturi alapuolella, on mitta-asteikko ja leve\u00e4 kansi ylh\u00e4\u00e4ll\u00e4. S\u00e4ili\u00f6ss\u00e4 on metallirunko.<\/p>\n<p>Lis\u00e4ksi voimme tarjota adapterit ja eri nosturit (pallomainen nosturi, nosturi perhonen, nosturi venttiili) IBC s\u00e4ili\u00f6ihin.<\/p>\n<p><strong>Tekniset tiedot:<\/strong><br \/>\n&#8211; Pohjaventtiili: 50 mm (2&#8243;) integroitu perhosventtiili, S60x6 ulkokierre \u2013 yhteensopiva yleisten liittimien kanssa<br \/>\n&#8211; T\u00e4ytt\u00f6aukko ylh\u00e4\u00e4ll\u00e4: 150 mm (6&#8243;) ei-ilmastoitu kierrekansi \u2013 helppo t\u00e4ytt\u00f6 ja tarkastus<\/p>\n<p><strong>Yleisi\u00e4 k\u00e4ytt\u00f6kohteita:<\/strong><br \/>\n&#8211; Nestem\u00e4iset lannoitteet, kasteluliuokset, kompostitee<br \/>\n&#8211; Teknisi\u00e4 nesteit\u00e4 ja puhdistusaineita<br \/>\n&#8211; Sadeveden keruu ja varastointi (ei juomavesi)<br \/>\n&#8211; Harmaavesi tai teollisuuden huuhteluvedet<\/p>\n","protected":false},"excerpt":{"rendered":"<p><strong>ReNewCube IBC 1000 \u2013 Uudelleen pullotettu IBC-s\u00e4ili\u00f6 uudella sis\u00e4s\u00e4ili\u00f6ll\u00e4 ja k\u00e4ytetyll\u00e4 rungolla<\/strong><\/p>\n<p>ReNewCube IBC 1000 on korkealaatuinen uudelleen pullotettu 1000 litran IBC-s\u00e4ili\u00f6, jossa yhdistyv\u00e4t uusi HDPE-muovinen sis\u00e4s\u00e4ili\u00f6 ja huolellisesti tarkastettu k\u00e4ytetty sinkitty ter\u00e4skehikko. T\u00e4m\u00e4 on kest\u00e4v\u00e4 ja kustannustehokas ratkaisu nesteiden varastointiin, joissa ei vaadita UN- tai FDA-sertifiointia. <\/p>\n<p>T\u00e4ll\u00e4 s\u00e4ili\u00f6ll\u00e4 ei ole UN- tai FDA-sertifikaattia. Se on tarkoitettu tekniseen, maataloudelliseen tai muuhun ei-elintarvikek\u00e4ytt\u00f6\u00f6n. Ei sovellu vaarallisille aineille tai virallisille elintarvikesovelluksille. <\/p>\n","protected":false},"featured_media":24281,"template":"","meta":[],"product_brand":[],"product_cat":[182],"product_tag":[],"class_list":{"0":"post-15496","1":"product","2":"type-product","3":"status-publish","4":"has-post-thumbnail","6":"product_cat-kontti","7":"product_shipping_class-containers-fi","9":"first","10":"onbackorder","11":"taxable","12":"shipping-taxable","13":"product-type-simple"},"yoast_head":"<!-- This site is optimized with the Yoast SEO plugin v26.9 - https:\/\/yoast.com\/product\/yoast-seo-wordpress\/ -->\n<title>ReNewCube IBC 1000 \u2013 Uudelleenpullotettu IBC - IBC konteineri m&uuml;&uuml;k, vaadid, kraanid, mahutid<\/title>\n<meta name=\"description\" content=\"ReNewCube IBC 1000 on korkealaatuinen uudelleen pullotettu 1000 litran IBC-s\u00e4ili\u00f6, jossa yhdistyv\u00e4t uusi HDPE-muovinen sis\u00e4s\u00e4ili\u00f6 ja huolellisesti tarkastettu k\u00e4ytetty sinkitty ter\u00e4skehikko.\" \/>\n<meta name=\"robots\" content=\"index, follow, max-snippet:-1, max-image-preview:large, max-video-preview:-1\" \/>\n<link rel=\"canonical\" href=\"https:\/\/ibc.ee\/fi\/tuote\/renewcube-ibc-1000-uudelleenpullotettu-ibc\/\" \/>\n<meta property=\"og:locale\" content=\"fi_FI\" \/>\n<meta property=\"og:type\" content=\"article\" \/>\n<meta property=\"og:title\" content=\"ReNewCube IBC 1000 \u2013 Uudelleenpullotettu IBC - IBC konteineri m&uuml;&uuml;k, vaadid, kraanid, mahutid\" \/>\n<meta property=\"og:description\" content=\"ReNewCube IBC 1000 on korkealaatuinen uudelleen pullotettu 1000 litran IBC-s\u00e4ili\u00f6, jossa yhdistyv\u00e4t uusi HDPE-muovinen sis\u00e4s\u00e4ili\u00f6 ja huolellisesti tarkastettu k\u00e4ytetty sinkitty ter\u00e4skehikko.\" \/>\n<meta property=\"og:url\" content=\"https:\/\/ibc.ee\/fi\/tuote\/renewcube-ibc-1000-uudelleenpullotettu-ibc\/\" \/>\n<meta property=\"og:site_name\" content=\"IBC konteineri m&uuml;&uuml;k, vaadid, kraanid, mahutid\" \/>\n<meta property=\"article:modified_time\" content=\"2025-07-10T08:30:24+00:00\" \/>\n<meta property=\"og:image\" content=\"https:\/\/ibc.ee\/wp-content\/uploads\/2018\/06\/ReNewCube-IBC-1000-Rebottled-IBC.jpg\" \/>\n\t<meta property=\"og:image:width\" content=\"1000\" \/>\n\t<meta property=\"og:image:height\" content=\"1000\" \/>\n\t<meta property=\"og:image:type\" content=\"image\/jpeg\" \/>\n<meta name=\"twitter:card\" content=\"summary_large_image\" \/>\n<meta name=\"twitter:label1\" content=\"Arvioitu lukuaika\" \/>\n\t<meta name=\"twitter:data1\" content=\"1 minuutti\" \/>\n<script type=\"application\/ld+json\" class=\"yoast-schema-graph\">{\"@context\":\"https:\/\/schema.org\",\"@graph\":[{\"@type\":\"WebPage\",\"@id\":\"https:\/\/ibc.ee\/fi\/tuote\/renewcube-ibc-1000-uudelleenpullotettu-ibc\/\",\"url\":\"https:\/\/ibc.ee\/fi\/tuote\/renewcube-ibc-1000-uudelleenpullotettu-ibc\/\",\"name\":\"ReNewCube IBC 1000 \u2013 Uudelleenpullotettu IBC - IBC konteineri m&uuml;&uuml;k, vaadid, kraanid, mahutid\",\"isPartOf\":{\"@id\":\"https:\/\/www.ibc.ee\/fi\/#website\"},\"primaryImageOfPage\":{\"@id\":\"https:\/\/ibc.ee\/fi\/tuote\/renewcube-ibc-1000-uudelleenpullotettu-ibc\/#primaryimage\"},\"image\":{\"@id\":\"https:\/\/ibc.ee\/fi\/tuote\/renewcube-ibc-1000-uudelleenpullotettu-ibc\/#primaryimage\"},\"thumbnailUrl\":\"https:\/\/ibc.ee\/wp-content\/uploads\/2018\/06\/ReNewCube-IBC-1000-Rebottled-IBC.jpg\",\"datePublished\":\"2018-06-04T17:34:08+00:00\",\"dateModified\":\"2025-07-10T08:30:24+00:00\",\"description\":\"ReNewCube IBC 1000 on korkealaatuinen uudelleen pullotettu 1000 litran IBC-s\u00e4ili\u00f6, jossa yhdistyv\u00e4t uusi HDPE-muovinen sis\u00e4s\u00e4ili\u00f6 ja huolellisesti tarkastettu k\u00e4ytetty sinkitty ter\u00e4skehikko.\",\"breadcrumb\":{\"@id\":\"https:\/\/ibc.ee\/fi\/tuote\/renewcube-ibc-1000-uudelleenpullotettu-ibc\/#breadcrumb\"},\"inLanguage\":\"fi\",\"potentialAction\":[{\"@type\":\"ReadAction\",\"target\":[\"https:\/\/ibc.ee\/fi\/tuote\/renewcube-ibc-1000-uudelleenpullotettu-ibc\/\"]}]},{\"@type\":\"ImageObject\",\"inLanguage\":\"fi\",\"@id\":\"https:\/\/ibc.ee\/fi\/tuote\/renewcube-ibc-1000-uudelleenpullotettu-ibc\/#primaryimage\",\"url\":\"https:\/\/ibc.ee\/wp-content\/uploads\/2018\/06\/ReNewCube-IBC-1000-Rebottled-IBC.jpg\",\"contentUrl\":\"https:\/\/ibc.ee\/wp-content\/uploads\/2018\/06\/ReNewCube-IBC-1000-Rebottled-IBC.jpg\",\"width\":1000,\"height\":1000,\"caption\":\"ReNewCube IBC 1000 \u2013 Rebottled IBC\"},{\"@type\":\"BreadcrumbList\",\"@id\":\"https:\/\/ibc.ee\/fi\/tuote\/renewcube-ibc-1000-uudelleenpullotettu-ibc\/#breadcrumb\",\"itemListElement\":[{\"@type\":\"ListItem\",\"position\":1,\"name\":\"\u0413\u043b\u0430\u0432\u043d\u0430\u044f \u0441\u0442\u0440\u0430\u043d\u0438\u0446\u0430\",\"item\":\"https:\/\/www.ibc.ee\/fi\/\"},{\"@type\":\"ListItem\",\"position\":2,\"name\":\"Myym\u00e4l\u00e4\",\"item\":\"https:\/\/www.ibc.ee\/fi\/shop\/\"},{\"@type\":\"ListItem\",\"position\":3,\"name\":\"ReNewCube IBC 1000 \u2013 Uudelleenpullotettu IBC\"}]},{\"@type\":\"WebSite\",\"@id\":\"https:\/\/www.ibc.ee\/fi\/#website\",\"url\":\"https:\/\/www.ibc.ee\/fi\/\",\"name\":\"IBC konteineri m&uuml;&uuml;k, vaadid, kraanid, mahutid\",\"description\":\"IBC - Tank container valve, Adapters\\\\fittings, Intermediate bulk, container, Drums\/cans\",\"potentialAction\":[{\"@type\":\"SearchAction\",\"target\":{\"@type\":\"EntryPoint\",\"urlTemplate\":\"https:\/\/www.ibc.ee\/fi\/?s={search_term_string}\"},\"query-input\":{\"@type\":\"PropertyValueSpecification\",\"valueRequired\":true,\"valueName\":\"search_term_string\"}}],\"inLanguage\":\"fi\"}]}<\/script>\n<!-- \/ Yoast SEO plugin. -->","yoast_head_json":{"title":"ReNewCube IBC 1000 \u2013 Uudelleenpullotettu IBC - IBC konteineri m&uuml;&uuml;k, vaadid, kraanid, mahutid","description":"ReNewCube IBC 1000 on korkealaatuinen uudelleen pullotettu 1000 litran IBC-s\u00e4ili\u00f6, jossa yhdistyv\u00e4t uusi HDPE-muovinen sis\u00e4s\u00e4ili\u00f6 ja huolellisesti tarkastettu k\u00e4ytetty sinkitty ter\u00e4skehikko.","robots":{"index":"index","follow":"follow","max-snippet":"max-snippet:-1","max-image-preview":"max-image-preview:large","max-video-preview":"max-video-preview:-1"},"canonical":"https:\/\/ibc.ee\/fi\/tuote\/renewcube-ibc-1000-uudelleenpullotettu-ibc\/","og_locale":"fi_FI","og_type":"article","og_title":"ReNewCube IBC 1000 \u2013 Uudelleenpullotettu IBC - IBC konteineri m&uuml;&uuml;k, vaadid, kraanid, mahutid","og_description":"ReNewCube IBC 1000 on korkealaatuinen uudelleen pullotettu 1000 litran IBC-s\u00e4ili\u00f6, jossa yhdistyv\u00e4t uusi HDPE-muovinen sis\u00e4s\u00e4ili\u00f6 ja huolellisesti tarkastettu k\u00e4ytetty sinkitty ter\u00e4skehikko.","og_url":"https:\/\/ibc.ee\/fi\/tuote\/renewcube-ibc-1000-uudelleenpullotettu-ibc\/","og_site_name":"IBC konteineri m&uuml;&uuml;k, vaadid, kraanid, mahutid","article_modified_time":"2025-07-10T08:30:24+00:00","og_image":[{"width":1000,"height":1000,"url":"https:\/\/ibc.ee\/wp-content\/uploads\/2018\/06\/ReNewCube-IBC-1000-Rebottled-IBC.jpg","type":"image\/jpeg"}],"twitter_card":"summary_large_image","twitter_misc":{"Arvioitu lukuaika":"1 minuutti"},"schema":{"@context":"https:\/\/schema.org","@graph":[{"@type":"WebPage","@id":"https:\/\/ibc.ee\/fi\/tuote\/renewcube-ibc-1000-uudelleenpullotettu-ibc\/","url":"https:\/\/ibc.ee\/fi\/tuote\/renewcube-ibc-1000-uudelleenpullotettu-ibc\/","name":"ReNewCube IBC 1000 \u2013 Uudelleenpullotettu IBC - IBC konteineri m&uuml;&uuml;k, vaadid, kraanid, mahutid","isPartOf":{"@id":"https:\/\/www.ibc.ee\/fi\/#website"},"primaryImageOfPage":{"@id":"https:\/\/ibc.ee\/fi\/tuote\/renewcube-ibc-1000-uudelleenpullotettu-ibc\/#primaryimage"},"image":{"@id":"https:\/\/ibc.ee\/fi\/tuote\/renewcube-ibc-1000-uudelleenpullotettu-ibc\/#primaryimage"},"thumbnailUrl":"https:\/\/ibc.ee\/wp-content\/uploads\/2018\/06\/ReNewCube-IBC-1000-Rebottled-IBC.jpg","datePublished":"2018-06-04T17:34:08+00:00","dateModified":"2025-07-10T08:30:24+00:00","description":"ReNewCube IBC 1000 on korkealaatuinen uudelleen pullotettu 1000 litran IBC-s\u00e4ili\u00f6, jossa yhdistyv\u00e4t uusi HDPE-muovinen sis\u00e4s\u00e4ili\u00f6 ja huolellisesti tarkastettu k\u00e4ytetty sinkitty ter\u00e4skehikko.","breadcrumb":{"@id":"https:\/\/ibc.ee\/fi\/tuote\/renewcube-ibc-1000-uudelleenpullotettu-ibc\/#breadcrumb"},"inLanguage":"fi","potentialAction":[{"@type":"ReadAction","target":["https:\/\/ibc.ee\/fi\/tuote\/renewcube-ibc-1000-uudelleenpullotettu-ibc\/"]}]},{"@type":"ImageObject","inLanguage":"fi","@id":"https:\/\/ibc.ee\/fi\/tuote\/renewcube-ibc-1000-uudelleenpullotettu-ibc\/#primaryimage","url":"https:\/\/ibc.ee\/wp-content\/uploads\/2018\/06\/ReNewCube-IBC-1000-Rebottled-IBC.jpg","contentUrl":"https:\/\/ibc.ee\/wp-content\/uploads\/2018\/06\/ReNewCube-IBC-1000-Rebottled-IBC.jpg","width":1000,"height":1000,"caption":"ReNewCube IBC 1000 \u2013 Rebottled IBC"},{"@type":"BreadcrumbList","@id":"https:\/\/ibc.ee\/fi\/tuote\/renewcube-ibc-1000-uudelleenpullotettu-ibc\/#breadcrumb","itemListElement":[{"@type":"ListItem","position":1,"name":"\u0413\u043b\u0430\u0432\u043d\u0430\u044f \u0441\u0442\u0440\u0430\u043d\u0438\u0446\u0430","item":"https:\/\/www.ibc.ee\/fi\/"},{"@type":"ListItem","position":2,"name":"Myym\u00e4l\u00e4","item":"https:\/\/www.ibc.ee\/fi\/shop\/"},{"@type":"ListItem","position":3,"name":"ReNewCube IBC 1000 \u2013 Uudelleenpullotettu IBC"}]},{"@type":"WebSite","@id":"https:\/\/www.ibc.ee\/fi\/#website","url":"https:\/\/www.ibc.ee\/fi\/","name":"IBC konteineri m&uuml;&uuml;k, vaadid, kraanid, mahutid","description":"IBC - Tank container valve, Adapters\\fittings, Intermediate bulk, container, Drums\/cans","potentialAction":[{"@type":"SearchAction","target":{"@type":"EntryPoint","urlTemplate":"https:\/\/www.ibc.ee\/fi\/?s={search_term_string}"},"query-input":{"@type":"PropertyValueSpecification","valueRequired":true,"valueName":"search_term_string"}}],"inLanguage":"fi"}]}},"_links":{"self":[{"href":"https:\/\/ibc.ee\/fi\/wp-json\/wp\/v2\/product\/15496","targetHints":{"allow":["GET"]}}],"collection":[{"href":"https:\/\/ibc.ee\/fi\/wp-json\/wp\/v2\/product"}],"about":[{"href":"https:\/\/ibc.ee\/fi\/wp-json\/wp\/v2\/types\/product"}],"wp:featuredmedia":[{"embeddable":true,"href":"https:\/\/ibc.ee\/fi\/wp-json\/wp\/v2\/media\/24281"}],"wp:attachment":[{"href":"https:\/\/ibc.ee\/fi\/wp-json\/wp\/v2\/media?parent=15496"}],"wp:term":[{"taxonomy":"product_brand","embeddable":true,"href":"https:\/\/ibc.ee\/fi\/wp-json\/wp\/v2\/product_brand?post=15496"},{"taxonomy":"product_cat","embeddable":true,"href":"https:\/\/ibc.ee\/fi\/wp-json\/wp\/v2\/product_cat?post=15496"},{"taxonomy":"product_tag","embeddable":true,"href":"https:\/\/ibc.ee\/fi\/wp-json\/wp\/v2\/product_tag?post=15496"}],"curies":[{"name":"wp","href":"https:\/\/api.w.org\/{rel}","templated":true}]}}