{"id":15829,"date":"2018-08-25T12:56:37","date_gmt":"2018-08-25T12:56:39","guid":{"rendered":"https:\/\/ibc.ee\/product\/kontti-ibc-%d1%81\/"},"modified":"2025-07-03T16:41:11","modified_gmt":"2025-07-03T14:41:11","slug":"newcube-ibc-1000-musta-uusi-un-sertifikaatilla","status":"publish","type":"product","link":"https:\/\/ibc.ee\/fi\/tuote\/newcube-ibc-1000-musta-uusi-un-sertifikaatilla\/","title":{"rendered":"NewCube IBC 1000 musta, uusi UN-sertifikaatilla"},"content":{"rendered":"<p><strong>Miksi valita musta IBC-s\u00e4ili\u00f6 tavallisten IBC-s\u00e4ili\u00f6iden sijaan?<\/strong><br \/>\nToisin kuin tavalliset l\u00e4pikuultavat IBC-kontit, t\u00e4m\u00e4 uusi musta IBC-kontti on valmistettu UV-s\u00e4teily\u00e4 kest\u00e4vist\u00e4 materiaaleista, jotka est\u00e4v\u00e4t auringonvaloa ja v\u00e4hent\u00e4v\u00e4t l\u00e4mm\u00f6n altistumista. T\u00e4m\u00e4 auttaa est\u00e4m\u00e4\u00e4n levien kasvua ja pident\u00e4\u00e4 varastoitujen nesteiden s\u00e4ilyvyytt\u00e4 \u2013 ihanteellinen ulkok\u00e4ytt\u00f6\u00f6n tai mihin tahansa tarkoitukseen, jossa nesteen stabiilius on kriittist\u00e4. <\/p>\n<p><strong>Rakennettu vaativiin ymp\u00e4rist\u00f6ihin<\/strong><br \/>\nUudesta HDPE-muovista valmistettu ja kest\u00e4v\u00e4ll\u00e4 galvanoidulla ter\u00e4sh\u00e4kill\u00e4 suojattu s\u00e4ili\u00f6 on valmis raskaaseen k\u00e4ytt\u00f6\u00f6n eri teollisuudenaloilla \u2013 rakennusty\u00f6mailta ja maatiloilta tehtaisiin ja kuljetuslogistiikkaan.<\/p>\n<p><strong>T\u00e4rke\u00e4 huomautus<\/strong><br \/>\nT\u00e4m\u00e4 s\u00e4ili\u00f6 on uusi ja k\u00e4ytt\u00e4m\u00e4t\u00f6n, mutta se ei ole elintarvikelaatuinen (FDA) eik\u00e4 siksi sovellu juomavedelle tai elintarvikkeisiin liittyville tuotteille.<br \/>\nKulutus- tai juomak\u00e4ytt\u00f6\u00f6n valitse elintarvikelaatuinen IBC, jolla on asianmukainen sertifiointi.<\/p>\n<p><strong>Yleisi\u00e4 k\u00e4ytt\u00f6kohteita uusille UN-sertifioiduille mustille IBC-s\u00e4ili\u00f6ille:<\/strong><\/p>\n<p>\u2013 Tekniset nesteet ja teollisuusnesteet<br \/>\nIhanteellinen vaarallisten ja vaarattomien nesteiden, kuten dieselin, tuoreiden \u00f6ljyjen, hydrauliikkanesteiden, liuottimien, j\u00e4\u00e4nesteen ja muiden teknisten nesteiden, varastointiin. UN-sertifiointi takaa s\u00e4\u00e4nneltyjen aineiden turvallisen k\u00e4sittelyn, kuljetuksen ja pitk\u00e4aikaisen varastoinnin. <\/p>\n<p>\u2013 Maatalous ja kastelu<br \/>\nSopii kasteluvedelle, lannoitteiden liuoksille, nestem\u00e4isille ravinteille, torjunta-aineille, rikkakasvien torjunta-aineille ja kalkinpoistoaineille.<br \/>\nMusta UV-s\u00e4teily\u00e4 kest\u00e4v\u00e4 s\u00e4ili\u00f6 auttaa est\u00e4m\u00e4\u00e4n levien kasvua, joten se sopii erinomaisesti ulkok\u00e4ytt\u00f6\u00f6n maatalousymp\u00e4rist\u00f6iss\u00e4.<\/p>\n<p>\u2013 Kemianteollisuus<br \/>\nT\u00e4ydellinen happojen, em\u00e4sten, puhdistusaineiden, prosessikemikaalien ja tuotantoj\u00e4\u00e4mien varastointiin tai kuljetukseen. Kest\u00e4v\u00e4 rakenne ja UN-hyv\u00e4ksynt\u00e4 takaavat kemikaalien yhteensopivuuden ja turvallisuuden vaativissa teollisissa sovelluksissa. <\/p>\n<p>\u2013 Rakentaminen ja valmistus<br \/>\nErinomainen betonin pesuvedelle, laastille, liimoille, bitumille, maalij\u00e4\u00e4mille ja ty\u00f6maan nesteille.<br \/>\nSen kest\u00e4v\u00e4 uusi HDPE-s\u00e4ili\u00f6 ja ter\u00e4srunko tarjoavat luotettavuutta liikkuvaan tai kiinte\u00e4\u00e4n k\u00e4ytt\u00f6\u00f6n rakennusty\u00f6mailla ja tuotantolaitoksissa.<\/p>\n","protected":false},"excerpt":{"rendered":"<p>T\u00e4m\u00e4 1000 litran uusi IBC-kontti on UN-sertifioitu. Siin\u00e4 on uusi sis\u00e4pullo, uusi galvanoitu ter\u00e4srunko sek\u00e4 uusi kansi ja venttiili. Ihanteellinen vaarallisten nesteiden, teknisten kemikaalien ja maatalousteollisuuden varastoinnille. Pussin l\u00e4pin\u00e4kym\u00e4tt\u00f6myys est\u00e4\u00e4 t\u00e4ysin UV-s\u00e4teet ja valon. Se s\u00e4ilytt\u00e4\u00e4 siten t\u00e4ss\u00e4 IBC-kontissa olevan veden laadun.    <\/p>\n","protected":false},"featured_media":24115,"template":"","meta":[],"product_brand":[],"product_cat":[182],"product_tag":[],"class_list":{"0":"post-15829","1":"product","2":"type-product","3":"status-publish","4":"has-post-thumbnail","6":"product_cat-kontti","7":"product_shipping_class-containers-fi","9":"first","10":"instock","11":"taxable","12":"shipping-taxable","13":"purchasable","14":"product-type-simple"},"yoast_head":"<!-- This site is optimized with the Yoast SEO plugin v26.9 - https:\/\/yoast.com\/product\/yoast-seo-wordpress\/ -->\n<title>NewCube IBC 1000 musta, uusi UN-sertifikaatilla - IBC konteineri m&uuml;&uuml;k, vaadid, kraanid, mahutid<\/title>\n<meta name=\"description\" content=\"T\u00e4m\u00e4 1000 litran uusi IBC-kontti UN-sertifioidulla materiaalilla. Siin\u00e4 on uusi sis\u00e4pullo, uusi galvanoitu ter\u00e4srunko sek\u00e4 uusi kansi ja venttiili. Ihanteellinen vaarallisille nesteille, teknisille kemikaaleille jne.\" \/>\n<meta name=\"robots\" content=\"index, follow, max-snippet:-1, max-image-preview:large, max-video-preview:-1\" \/>\n<link rel=\"canonical\" href=\"https:\/\/ibc.ee\/fi\/tuote\/newcube-ibc-1000-musta-uusi-un-sertifikaatilla\/\" \/>\n<meta property=\"og:locale\" content=\"fi_FI\" \/>\n<meta property=\"og:type\" content=\"article\" \/>\n<meta property=\"og:title\" content=\"NewCube IBC 1000 musta, uusi UN-sertifikaatilla - IBC konteineri m&uuml;&uuml;k, vaadid, kraanid, mahutid\" \/>\n<meta property=\"og:description\" content=\"T\u00e4m\u00e4 1000 litran uusi IBC-kontti UN-sertifioidulla materiaalilla. Siin\u00e4 on uusi sis\u00e4pullo, uusi galvanoitu ter\u00e4srunko sek\u00e4 uusi kansi ja venttiili. Ihanteellinen vaarallisille nesteille, teknisille kemikaaleille jne.\" \/>\n<meta property=\"og:url\" content=\"https:\/\/ibc.ee\/fi\/tuote\/newcube-ibc-1000-musta-uusi-un-sertifikaatilla\/\" \/>\n<meta property=\"og:site_name\" content=\"IBC konteineri m&uuml;&uuml;k, vaadid, kraanid, mahutid\" \/>\n<meta property=\"article:modified_time\" content=\"2025-07-03T14:41:11+00:00\" \/>\n<meta property=\"og:image\" content=\"https:\/\/ibc.ee\/wp-content\/uploads\/2018\/08\/NewCube-IBC-1000-Black-New-with-UN-Certificate.jpg\" \/>\n\t<meta property=\"og:image:width\" content=\"1000\" \/>\n\t<meta property=\"og:image:height\" content=\"1000\" \/>\n\t<meta property=\"og:image:type\" content=\"image\/jpeg\" \/>\n<meta name=\"twitter:card\" content=\"summary_large_image\" \/>\n<meta name=\"twitter:label1\" content=\"Arvioitu lukuaika\" \/>\n\t<meta name=\"twitter:data1\" content=\"2 minuuttia\" \/>\n<script type=\"application\/ld+json\" class=\"yoast-schema-graph\">{\"@context\":\"https:\/\/schema.org\",\"@graph\":[{\"@type\":\"WebPage\",\"@id\":\"https:\/\/ibc.ee\/fi\/tuote\/newcube-ibc-1000-musta-uusi-un-sertifikaatilla\/\",\"url\":\"https:\/\/ibc.ee\/fi\/tuote\/newcube-ibc-1000-musta-uusi-un-sertifikaatilla\/\",\"name\":\"NewCube IBC 1000 musta, uusi UN-sertifikaatilla - IBC konteineri m&uuml;&uuml;k, vaadid, kraanid, mahutid\",\"isPartOf\":{\"@id\":\"https:\/\/www.ibc.ee\/fi\/#website\"},\"primaryImageOfPage\":{\"@id\":\"https:\/\/ibc.ee\/fi\/tuote\/newcube-ibc-1000-musta-uusi-un-sertifikaatilla\/#primaryimage\"},\"image\":{\"@id\":\"https:\/\/ibc.ee\/fi\/tuote\/newcube-ibc-1000-musta-uusi-un-sertifikaatilla\/#primaryimage\"},\"thumbnailUrl\":\"https:\/\/ibc.ee\/wp-content\/uploads\/2018\/08\/NewCube-IBC-1000-Black-New-with-UN-Certificate.jpg\",\"datePublished\":\"2018-08-25T12:56:39+00:00\",\"dateModified\":\"2025-07-03T14:41:11+00:00\",\"description\":\"T\u00e4m\u00e4 1000 litran uusi IBC-kontti UN-sertifioidulla materiaalilla. Siin\u00e4 on uusi sis\u00e4pullo, uusi galvanoitu ter\u00e4srunko sek\u00e4 uusi kansi ja venttiili. Ihanteellinen vaarallisille nesteille, teknisille kemikaaleille jne.\",\"breadcrumb\":{\"@id\":\"https:\/\/ibc.ee\/fi\/tuote\/newcube-ibc-1000-musta-uusi-un-sertifikaatilla\/#breadcrumb\"},\"inLanguage\":\"fi\",\"potentialAction\":[{\"@type\":\"ReadAction\",\"target\":[\"https:\/\/ibc.ee\/fi\/tuote\/newcube-ibc-1000-musta-uusi-un-sertifikaatilla\/\"]}]},{\"@type\":\"ImageObject\",\"inLanguage\":\"fi\",\"@id\":\"https:\/\/ibc.ee\/fi\/tuote\/newcube-ibc-1000-musta-uusi-un-sertifikaatilla\/#primaryimage\",\"url\":\"https:\/\/ibc.ee\/wp-content\/uploads\/2018\/08\/NewCube-IBC-1000-Black-New-with-UN-Certificate.jpg\",\"contentUrl\":\"https:\/\/ibc.ee\/wp-content\/uploads\/2018\/08\/NewCube-IBC-1000-Black-New-with-UN-Certificate.jpg\",\"width\":1000,\"height\":1000,\"caption\":\"NewCube IBC 1000 Black New with UN Certificate\"},{\"@type\":\"BreadcrumbList\",\"@id\":\"https:\/\/ibc.ee\/fi\/tuote\/newcube-ibc-1000-musta-uusi-un-sertifikaatilla\/#breadcrumb\",\"itemListElement\":[{\"@type\":\"ListItem\",\"position\":1,\"name\":\"\u0413\u043b\u0430\u0432\u043d\u0430\u044f \u0441\u0442\u0440\u0430\u043d\u0438\u0446\u0430\",\"item\":\"https:\/\/www.ibc.ee\/fi\/\"},{\"@type\":\"ListItem\",\"position\":2,\"name\":\"Myym\u00e4l\u00e4\",\"item\":\"https:\/\/www.ibc.ee\/fi\/shop\/\"},{\"@type\":\"ListItem\",\"position\":3,\"name\":\"NewCube IBC 1000 musta, uusi UN-sertifikaatilla\"}]},{\"@type\":\"WebSite\",\"@id\":\"https:\/\/www.ibc.ee\/fi\/#website\",\"url\":\"https:\/\/www.ibc.ee\/fi\/\",\"name\":\"IBC konteineri m&uuml;&uuml;k, vaadid, kraanid, mahutid\",\"description\":\"IBC - Tank container valve, Adapters\\\\fittings, Intermediate bulk, container, Drums\/cans\",\"potentialAction\":[{\"@type\":\"SearchAction\",\"target\":{\"@type\":\"EntryPoint\",\"urlTemplate\":\"https:\/\/www.ibc.ee\/fi\/?s={search_term_string}\"},\"query-input\":{\"@type\":\"PropertyValueSpecification\",\"valueRequired\":true,\"valueName\":\"search_term_string\"}}],\"inLanguage\":\"fi\"}]}<\/script>\n<!-- \/ Yoast SEO plugin. -->","yoast_head_json":{"title":"NewCube IBC 1000 musta, uusi UN-sertifikaatilla - IBC konteineri m&uuml;&uuml;k, vaadid, kraanid, mahutid","description":"T\u00e4m\u00e4 1000 litran uusi IBC-kontti UN-sertifioidulla materiaalilla. Siin\u00e4 on uusi sis\u00e4pullo, uusi galvanoitu ter\u00e4srunko sek\u00e4 uusi kansi ja venttiili. Ihanteellinen vaarallisille nesteille, teknisille kemikaaleille jne.","robots":{"index":"index","follow":"follow","max-snippet":"max-snippet:-1","max-image-preview":"max-image-preview:large","max-video-preview":"max-video-preview:-1"},"canonical":"https:\/\/ibc.ee\/fi\/tuote\/newcube-ibc-1000-musta-uusi-un-sertifikaatilla\/","og_locale":"fi_FI","og_type":"article","og_title":"NewCube IBC 1000 musta, uusi UN-sertifikaatilla - IBC konteineri m&uuml;&uuml;k, vaadid, kraanid, mahutid","og_description":"T\u00e4m\u00e4 1000 litran uusi IBC-kontti UN-sertifioidulla materiaalilla. Siin\u00e4 on uusi sis\u00e4pullo, uusi galvanoitu ter\u00e4srunko sek\u00e4 uusi kansi ja venttiili. Ihanteellinen vaarallisille nesteille, teknisille kemikaaleille jne.","og_url":"https:\/\/ibc.ee\/fi\/tuote\/newcube-ibc-1000-musta-uusi-un-sertifikaatilla\/","og_site_name":"IBC konteineri m&uuml;&uuml;k, vaadid, kraanid, mahutid","article_modified_time":"2025-07-03T14:41:11+00:00","og_image":[{"width":1000,"height":1000,"url":"https:\/\/ibc.ee\/wp-content\/uploads\/2018\/08\/NewCube-IBC-1000-Black-New-with-UN-Certificate.jpg","type":"image\/jpeg"}],"twitter_card":"summary_large_image","twitter_misc":{"Arvioitu lukuaika":"2 minuuttia"},"schema":{"@context":"https:\/\/schema.org","@graph":[{"@type":"WebPage","@id":"https:\/\/ibc.ee\/fi\/tuote\/newcube-ibc-1000-musta-uusi-un-sertifikaatilla\/","url":"https:\/\/ibc.ee\/fi\/tuote\/newcube-ibc-1000-musta-uusi-un-sertifikaatilla\/","name":"NewCube IBC 1000 musta, uusi UN-sertifikaatilla - IBC konteineri m&uuml;&uuml;k, vaadid, kraanid, mahutid","isPartOf":{"@id":"https:\/\/www.ibc.ee\/fi\/#website"},"primaryImageOfPage":{"@id":"https:\/\/ibc.ee\/fi\/tuote\/newcube-ibc-1000-musta-uusi-un-sertifikaatilla\/#primaryimage"},"image":{"@id":"https:\/\/ibc.ee\/fi\/tuote\/newcube-ibc-1000-musta-uusi-un-sertifikaatilla\/#primaryimage"},"thumbnailUrl":"https:\/\/ibc.ee\/wp-content\/uploads\/2018\/08\/NewCube-IBC-1000-Black-New-with-UN-Certificate.jpg","datePublished":"2018-08-25T12:56:39+00:00","dateModified":"2025-07-03T14:41:11+00:00","description":"T\u00e4m\u00e4 1000 litran uusi IBC-kontti UN-sertifioidulla materiaalilla. Siin\u00e4 on uusi sis\u00e4pullo, uusi galvanoitu ter\u00e4srunko sek\u00e4 uusi kansi ja venttiili. Ihanteellinen vaarallisille nesteille, teknisille kemikaaleille jne.","breadcrumb":{"@id":"https:\/\/ibc.ee\/fi\/tuote\/newcube-ibc-1000-musta-uusi-un-sertifikaatilla\/#breadcrumb"},"inLanguage":"fi","potentialAction":[{"@type":"ReadAction","target":["https:\/\/ibc.ee\/fi\/tuote\/newcube-ibc-1000-musta-uusi-un-sertifikaatilla\/"]}]},{"@type":"ImageObject","inLanguage":"fi","@id":"https:\/\/ibc.ee\/fi\/tuote\/newcube-ibc-1000-musta-uusi-un-sertifikaatilla\/#primaryimage","url":"https:\/\/ibc.ee\/wp-content\/uploads\/2018\/08\/NewCube-IBC-1000-Black-New-with-UN-Certificate.jpg","contentUrl":"https:\/\/ibc.ee\/wp-content\/uploads\/2018\/08\/NewCube-IBC-1000-Black-New-with-UN-Certificate.jpg","width":1000,"height":1000,"caption":"NewCube IBC 1000 Black New with UN Certificate"},{"@type":"BreadcrumbList","@id":"https:\/\/ibc.ee\/fi\/tuote\/newcube-ibc-1000-musta-uusi-un-sertifikaatilla\/#breadcrumb","itemListElement":[{"@type":"ListItem","position":1,"name":"\u0413\u043b\u0430\u0432\u043d\u0430\u044f \u0441\u0442\u0440\u0430\u043d\u0438\u0446\u0430","item":"https:\/\/www.ibc.ee\/fi\/"},{"@type":"ListItem","position":2,"name":"Myym\u00e4l\u00e4","item":"https:\/\/www.ibc.ee\/fi\/shop\/"},{"@type":"ListItem","position":3,"name":"NewCube IBC 1000 musta, uusi UN-sertifikaatilla"}]},{"@type":"WebSite","@id":"https:\/\/www.ibc.ee\/fi\/#website","url":"https:\/\/www.ibc.ee\/fi\/","name":"IBC konteineri m&uuml;&uuml;k, vaadid, kraanid, mahutid","description":"IBC - Tank container valve, Adapters\\fittings, Intermediate bulk, container, Drums\/cans","potentialAction":[{"@type":"SearchAction","target":{"@type":"EntryPoint","urlTemplate":"https:\/\/www.ibc.ee\/fi\/?s={search_term_string}"},"query-input":{"@type":"PropertyValueSpecification","valueRequired":true,"valueName":"search_term_string"}}],"inLanguage":"fi"}]}},"_links":{"self":[{"href":"https:\/\/ibc.ee\/fi\/wp-json\/wp\/v2\/product\/15829","targetHints":{"allow":["GET"]}}],"collection":[{"href":"https:\/\/ibc.ee\/fi\/wp-json\/wp\/v2\/product"}],"about":[{"href":"https:\/\/ibc.ee\/fi\/wp-json\/wp\/v2\/types\/product"}],"wp:featuredmedia":[{"embeddable":true,"href":"https:\/\/ibc.ee\/fi\/wp-json\/wp\/v2\/media\/24115"}],"wp:attachment":[{"href":"https:\/\/ibc.ee\/fi\/wp-json\/wp\/v2\/media?parent=15829"}],"wp:term":[{"taxonomy":"product_brand","embeddable":true,"href":"https:\/\/ibc.ee\/fi\/wp-json\/wp\/v2\/product_brand?post=15829"},{"taxonomy":"product_cat","embeddable":true,"href":"https:\/\/ibc.ee\/fi\/wp-json\/wp\/v2\/product_cat?post=15829"},{"taxonomy":"product_tag","embeddable":true,"href":"https:\/\/ibc.ee\/fi\/wp-json\/wp\/v2\/product_tag?post=15829"}],"curies":[{"name":"wp","href":"https:\/\/api.w.org\/{rel}","templated":true}]}}