{"id":15922,"date":"2018-08-26T08:32:35","date_gmt":"2018-08-26T08:32:36","guid":{"rendered":"https:\/\/ibc.ee\/product\/kontti-ibc-n\/"},"modified":"2025-07-08T11:50:08","modified_gmt":"2025-07-08T09:50:08","slug":"newcube-un-ibc-1000-uusi-sailio-un-sertifioitu","status":"publish","type":"product","link":"https:\/\/ibc.ee\/fi\/tuote\/newcube-un-ibc-1000-uusi-sailio-un-sertifioitu\/","title":{"rendered":"NewCube UN IBC 1000 \u2013 Uusi s\u00e4ili\u00f6 UN-sertifioitu"},"content":{"rendered":"<p><strong>Uusi IBC 1000L-s\u00e4ili\u00f6 \u2013 UN-sertifioitu vaarallisille ja teollisuusnesteille<\/strong><\/p>\n<p><em>Ihanteellinen ammattilaisille, jotka tarvitsevat turvallista ja sertifioitua kemikaalien, teknisten nesteiden tai s\u00e4\u00e4deltyjen aineiden kuljetusta ja varastointia.<\/em><\/p>\n<p><strong>Tyypilliset k\u00e4ytt\u00f6kohteet<\/strong><br \/>\n<strong>Kemiallinen ja teollinen k\u00e4ytt\u00f6<\/strong><br \/>\n&#8211; Liuottimet, pesuaineet, hapot, em\u00e4kset<br \/>\n&#8211; Voiteluaineet, pinnoitteet, musteet, v\u00e4riaineet<br \/>\n&#8211; J\u00e4tevesi, huuhteluaineet, neutralointinesteet<\/p>\n<p><strong>Rakentaminen ja valmistus<\/strong><br \/>\n&#8211; Betonilis\u00e4aineet, muotinirrotus\u00f6ljyt<br \/>\n&#8211; Bitumi- ja vedeneristysaineet<br \/>\n&#8211; Pesuvesi ja j\u00e4\u00e4nn\u00f6snesteiden ker\u00e4ys<\/p>\n<p><strong>Maatalous ja puutarhanhoito<\/strong><br \/>\n&#8211; Nestem\u00e4iset lannoitteet, kasvinsuojeluaineet<br \/>\n&#8211; Kalkinpoistoaineet, torjunta-aineseokset<br \/>\n&#8211; Kastelukemikaalit, kompostitee<\/p>\n<p><strong>Autoteollisuus ja tekniset nesteet<\/strong><br \/>\n&#8211; J\u00e4\u00e4hdytysnesteet, pakkasnesteet, jarrunesteet<br \/>\n&#8211; Diesel- ja polttoaineen lis\u00e4aineet<br \/>\n&#8211; K\u00e4ytettyjen \u00f6ljyjen ja nesteiden ker\u00e4ys<\/p>\n","protected":false},"excerpt":{"rendered":"<p>T\u00e4m\u00e4 t\u00e4ysin uusi 1000 litran IBC-s\u00e4ili\u00f6 (Intermediate Bulk Container) on t\u00e4ysin UN-sertifioitu, ja soveltuu vaarallisten ja ei-vaarallisten nesteiden turvalliseen kuljetukseen ja varastointiin. T\u00e4ydellinen ratkaisu ammatti- ja teollisuusk\u00e4ytt\u00f6\u00f6n.<\/p>\n<p>S\u00e4ili\u00f6ss\u00e4 on korkealaatuinen HDPE-muovista (korkeatiheyksinen polyeteeni) valmistettu sis\u00e4pullo, galvanoitu ter\u00e4skehikko ja trukkeihin ja lavavaunuihin sopiva pohjalava.<br \/>Rakennettu kansainv\u00e4listen turvallisuusstandardien mukaisesti, se tarjoaa kest\u00e4vyytt\u00e4, kemiallista suojaa ja vaatimustenmukaisuutta. <\/p>\n","protected":false},"featured_media":24223,"template":"","meta":[],"product_brand":[],"product_cat":[182],"product_tag":[],"class_list":{"0":"post-15922","1":"product","2":"type-product","3":"status-publish","4":"has-post-thumbnail","6":"product_cat-kontti","7":"product_shipping_class-containers-fi","9":"first","10":"onbackorder","11":"taxable","12":"shipping-taxable","13":"purchasable","14":"product-type-simple"},"yoast_head":"<!-- This site is optimized with the Yoast SEO plugin v26.9 - https:\/\/yoast.com\/product\/yoast-seo-wordpress\/ -->\n<title>NewCube UN IBC 1000 \u2013 Uusi s\u00e4ili\u00f6 UN-sertifioitu - IBC konteineri m&uuml;&uuml;k, vaadid, kraanid, mahutid<\/title>\n<meta name=\"description\" content=\"T\u00e4m\u00e4 t\u00e4ysin uusi 1000 litran IBC-s\u00e4ili\u00f6 on t\u00e4ysin UN-sertifioitu, ja soveltuu vaarallisten ja ei-vaarallisten nesteiden turvalliseen kuljetukseen ja varastointiin.\" \/>\n<meta name=\"robots\" content=\"index, follow, max-snippet:-1, max-image-preview:large, max-video-preview:-1\" \/>\n<link rel=\"canonical\" href=\"https:\/\/ibc.ee\/fi\/tuote\/newcube-un-ibc-1000-uusi-sailio-un-sertifioitu\/\" \/>\n<meta property=\"og:locale\" content=\"fi_FI\" \/>\n<meta property=\"og:type\" content=\"article\" \/>\n<meta property=\"og:title\" content=\"NewCube UN IBC 1000 \u2013 Uusi s\u00e4ili\u00f6 UN-sertifioitu - IBC konteineri m&uuml;&uuml;k, vaadid, kraanid, mahutid\" \/>\n<meta property=\"og:description\" content=\"T\u00e4m\u00e4 t\u00e4ysin uusi 1000 litran IBC-s\u00e4ili\u00f6 on t\u00e4ysin UN-sertifioitu, ja soveltuu vaarallisten ja ei-vaarallisten nesteiden turvalliseen kuljetukseen ja varastointiin.\" \/>\n<meta property=\"og:url\" content=\"https:\/\/ibc.ee\/fi\/tuote\/newcube-un-ibc-1000-uusi-sailio-un-sertifioitu\/\" \/>\n<meta property=\"og:site_name\" content=\"IBC konteineri m&uuml;&uuml;k, vaadid, kraanid, mahutid\" \/>\n<meta property=\"article:modified_time\" content=\"2025-07-08T09:50:08+00:00\" \/>\n<meta property=\"og:image\" content=\"https:\/\/ibc.ee\/wp-content\/uploads\/2018\/08\/NewCube-UN-IBC-1000-new-container-UN-approved.jpg\" \/>\n\t<meta property=\"og:image:width\" content=\"1000\" \/>\n\t<meta property=\"og:image:height\" content=\"1000\" \/>\n\t<meta property=\"og:image:type\" content=\"image\/jpeg\" \/>\n<meta name=\"twitter:card\" content=\"summary_large_image\" \/>\n<meta name=\"twitter:label1\" content=\"Arvioitu lukuaika\" \/>\n\t<meta name=\"twitter:data1\" content=\"1 minuutti\" \/>\n<script type=\"application\/ld+json\" class=\"yoast-schema-graph\">{\"@context\":\"https:\/\/schema.org\",\"@graph\":[{\"@type\":\"WebPage\",\"@id\":\"https:\/\/ibc.ee\/fi\/tuote\/newcube-un-ibc-1000-uusi-sailio-un-sertifioitu\/\",\"url\":\"https:\/\/ibc.ee\/fi\/tuote\/newcube-un-ibc-1000-uusi-sailio-un-sertifioitu\/\",\"name\":\"NewCube UN IBC 1000 \u2013 Uusi s\u00e4ili\u00f6 UN-sertifioitu - IBC konteineri m&uuml;&uuml;k, vaadid, kraanid, mahutid\",\"isPartOf\":{\"@id\":\"https:\/\/www.ibc.ee\/fi\/#website\"},\"primaryImageOfPage\":{\"@id\":\"https:\/\/ibc.ee\/fi\/tuote\/newcube-un-ibc-1000-uusi-sailio-un-sertifioitu\/#primaryimage\"},\"image\":{\"@id\":\"https:\/\/ibc.ee\/fi\/tuote\/newcube-un-ibc-1000-uusi-sailio-un-sertifioitu\/#primaryimage\"},\"thumbnailUrl\":\"https:\/\/ibc.ee\/wp-content\/uploads\/2018\/08\/NewCube-UN-IBC-1000-new-container-UN-approved.jpg\",\"datePublished\":\"2018-08-26T08:32:36+00:00\",\"dateModified\":\"2025-07-08T09:50:08+00:00\",\"description\":\"T\u00e4m\u00e4 t\u00e4ysin uusi 1000 litran IBC-s\u00e4ili\u00f6 on t\u00e4ysin UN-sertifioitu, ja soveltuu vaarallisten ja ei-vaarallisten nesteiden turvalliseen kuljetukseen ja varastointiin.\",\"breadcrumb\":{\"@id\":\"https:\/\/ibc.ee\/fi\/tuote\/newcube-un-ibc-1000-uusi-sailio-un-sertifioitu\/#breadcrumb\"},\"inLanguage\":\"fi\",\"potentialAction\":[{\"@type\":\"ReadAction\",\"target\":[\"https:\/\/ibc.ee\/fi\/tuote\/newcube-un-ibc-1000-uusi-sailio-un-sertifioitu\/\"]}]},{\"@type\":\"ImageObject\",\"inLanguage\":\"fi\",\"@id\":\"https:\/\/ibc.ee\/fi\/tuote\/newcube-un-ibc-1000-uusi-sailio-un-sertifioitu\/#primaryimage\",\"url\":\"https:\/\/ibc.ee\/wp-content\/uploads\/2018\/08\/NewCube-UN-IBC-1000-new-container-UN-approved.jpg\",\"contentUrl\":\"https:\/\/ibc.ee\/wp-content\/uploads\/2018\/08\/NewCube-UN-IBC-1000-new-container-UN-approved.jpg\",\"width\":1000,\"height\":1000,\"caption\":\"NewCube UN IBC 1000 new container with UN certificate\"},{\"@type\":\"BreadcrumbList\",\"@id\":\"https:\/\/ibc.ee\/fi\/tuote\/newcube-un-ibc-1000-uusi-sailio-un-sertifioitu\/#breadcrumb\",\"itemListElement\":[{\"@type\":\"ListItem\",\"position\":1,\"name\":\"\u0413\u043b\u0430\u0432\u043d\u0430\u044f \u0441\u0442\u0440\u0430\u043d\u0438\u0446\u0430\",\"item\":\"https:\/\/www.ibc.ee\/fi\/\"},{\"@type\":\"ListItem\",\"position\":2,\"name\":\"Myym\u00e4l\u00e4\",\"item\":\"https:\/\/www.ibc.ee\/fi\/shop\/\"},{\"@type\":\"ListItem\",\"position\":3,\"name\":\"NewCube UN IBC 1000 \u2013 Uusi s\u00e4ili\u00f6 UN-sertifioitu\"}]},{\"@type\":\"WebSite\",\"@id\":\"https:\/\/www.ibc.ee\/fi\/#website\",\"url\":\"https:\/\/www.ibc.ee\/fi\/\",\"name\":\"IBC konteineri m&uuml;&uuml;k, vaadid, kraanid, mahutid\",\"description\":\"IBC - Tank container valve, Adapters\\\\fittings, Intermediate bulk, container, Drums\/cans\",\"potentialAction\":[{\"@type\":\"SearchAction\",\"target\":{\"@type\":\"EntryPoint\",\"urlTemplate\":\"https:\/\/www.ibc.ee\/fi\/?s={search_term_string}\"},\"query-input\":{\"@type\":\"PropertyValueSpecification\",\"valueRequired\":true,\"valueName\":\"search_term_string\"}}],\"inLanguage\":\"fi\"}]}<\/script>\n<!-- \/ Yoast SEO plugin. -->","yoast_head_json":{"title":"NewCube UN IBC 1000 \u2013 Uusi s\u00e4ili\u00f6 UN-sertifioitu - IBC konteineri m&uuml;&uuml;k, vaadid, kraanid, mahutid","description":"T\u00e4m\u00e4 t\u00e4ysin uusi 1000 litran IBC-s\u00e4ili\u00f6 on t\u00e4ysin UN-sertifioitu, ja soveltuu vaarallisten ja ei-vaarallisten nesteiden turvalliseen kuljetukseen ja varastointiin.","robots":{"index":"index","follow":"follow","max-snippet":"max-snippet:-1","max-image-preview":"max-image-preview:large","max-video-preview":"max-video-preview:-1"},"canonical":"https:\/\/ibc.ee\/fi\/tuote\/newcube-un-ibc-1000-uusi-sailio-un-sertifioitu\/","og_locale":"fi_FI","og_type":"article","og_title":"NewCube UN IBC 1000 \u2013 Uusi s\u00e4ili\u00f6 UN-sertifioitu - IBC konteineri m&uuml;&uuml;k, vaadid, kraanid, mahutid","og_description":"T\u00e4m\u00e4 t\u00e4ysin uusi 1000 litran IBC-s\u00e4ili\u00f6 on t\u00e4ysin UN-sertifioitu, ja soveltuu vaarallisten ja ei-vaarallisten nesteiden turvalliseen kuljetukseen ja varastointiin.","og_url":"https:\/\/ibc.ee\/fi\/tuote\/newcube-un-ibc-1000-uusi-sailio-un-sertifioitu\/","og_site_name":"IBC konteineri m&uuml;&uuml;k, vaadid, kraanid, mahutid","article_modified_time":"2025-07-08T09:50:08+00:00","og_image":[{"width":1000,"height":1000,"url":"https:\/\/ibc.ee\/wp-content\/uploads\/2018\/08\/NewCube-UN-IBC-1000-new-container-UN-approved.jpg","type":"image\/jpeg"}],"twitter_card":"summary_large_image","twitter_misc":{"Arvioitu lukuaika":"1 minuutti"},"schema":{"@context":"https:\/\/schema.org","@graph":[{"@type":"WebPage","@id":"https:\/\/ibc.ee\/fi\/tuote\/newcube-un-ibc-1000-uusi-sailio-un-sertifioitu\/","url":"https:\/\/ibc.ee\/fi\/tuote\/newcube-un-ibc-1000-uusi-sailio-un-sertifioitu\/","name":"NewCube UN IBC 1000 \u2013 Uusi s\u00e4ili\u00f6 UN-sertifioitu - IBC konteineri m&uuml;&uuml;k, vaadid, kraanid, mahutid","isPartOf":{"@id":"https:\/\/www.ibc.ee\/fi\/#website"},"primaryImageOfPage":{"@id":"https:\/\/ibc.ee\/fi\/tuote\/newcube-un-ibc-1000-uusi-sailio-un-sertifioitu\/#primaryimage"},"image":{"@id":"https:\/\/ibc.ee\/fi\/tuote\/newcube-un-ibc-1000-uusi-sailio-un-sertifioitu\/#primaryimage"},"thumbnailUrl":"https:\/\/ibc.ee\/wp-content\/uploads\/2018\/08\/NewCube-UN-IBC-1000-new-container-UN-approved.jpg","datePublished":"2018-08-26T08:32:36+00:00","dateModified":"2025-07-08T09:50:08+00:00","description":"T\u00e4m\u00e4 t\u00e4ysin uusi 1000 litran IBC-s\u00e4ili\u00f6 on t\u00e4ysin UN-sertifioitu, ja soveltuu vaarallisten ja ei-vaarallisten nesteiden turvalliseen kuljetukseen ja varastointiin.","breadcrumb":{"@id":"https:\/\/ibc.ee\/fi\/tuote\/newcube-un-ibc-1000-uusi-sailio-un-sertifioitu\/#breadcrumb"},"inLanguage":"fi","potentialAction":[{"@type":"ReadAction","target":["https:\/\/ibc.ee\/fi\/tuote\/newcube-un-ibc-1000-uusi-sailio-un-sertifioitu\/"]}]},{"@type":"ImageObject","inLanguage":"fi","@id":"https:\/\/ibc.ee\/fi\/tuote\/newcube-un-ibc-1000-uusi-sailio-un-sertifioitu\/#primaryimage","url":"https:\/\/ibc.ee\/wp-content\/uploads\/2018\/08\/NewCube-UN-IBC-1000-new-container-UN-approved.jpg","contentUrl":"https:\/\/ibc.ee\/wp-content\/uploads\/2018\/08\/NewCube-UN-IBC-1000-new-container-UN-approved.jpg","width":1000,"height":1000,"caption":"NewCube UN IBC 1000 new container with UN certificate"},{"@type":"BreadcrumbList","@id":"https:\/\/ibc.ee\/fi\/tuote\/newcube-un-ibc-1000-uusi-sailio-un-sertifioitu\/#breadcrumb","itemListElement":[{"@type":"ListItem","position":1,"name":"\u0413\u043b\u0430\u0432\u043d\u0430\u044f \u0441\u0442\u0440\u0430\u043d\u0438\u0446\u0430","item":"https:\/\/www.ibc.ee\/fi\/"},{"@type":"ListItem","position":2,"name":"Myym\u00e4l\u00e4","item":"https:\/\/www.ibc.ee\/fi\/shop\/"},{"@type":"ListItem","position":3,"name":"NewCube UN IBC 1000 \u2013 Uusi s\u00e4ili\u00f6 UN-sertifioitu"}]},{"@type":"WebSite","@id":"https:\/\/www.ibc.ee\/fi\/#website","url":"https:\/\/www.ibc.ee\/fi\/","name":"IBC konteineri m&uuml;&uuml;k, vaadid, kraanid, mahutid","description":"IBC - Tank container valve, Adapters\\fittings, Intermediate bulk, container, Drums\/cans","potentialAction":[{"@type":"SearchAction","target":{"@type":"EntryPoint","urlTemplate":"https:\/\/www.ibc.ee\/fi\/?s={search_term_string}"},"query-input":{"@type":"PropertyValueSpecification","valueRequired":true,"valueName":"search_term_string"}}],"inLanguage":"fi"}]}},"_links":{"self":[{"href":"https:\/\/ibc.ee\/fi\/wp-json\/wp\/v2\/product\/15922","targetHints":{"allow":["GET"]}}],"collection":[{"href":"https:\/\/ibc.ee\/fi\/wp-json\/wp\/v2\/product"}],"about":[{"href":"https:\/\/ibc.ee\/fi\/wp-json\/wp\/v2\/types\/product"}],"wp:featuredmedia":[{"embeddable":true,"href":"https:\/\/ibc.ee\/fi\/wp-json\/wp\/v2\/media\/24223"}],"wp:attachment":[{"href":"https:\/\/ibc.ee\/fi\/wp-json\/wp\/v2\/media?parent=15922"}],"wp:term":[{"taxonomy":"product_brand","embeddable":true,"href":"https:\/\/ibc.ee\/fi\/wp-json\/wp\/v2\/product_brand?post=15922"},{"taxonomy":"product_cat","embeddable":true,"href":"https:\/\/ibc.ee\/fi\/wp-json\/wp\/v2\/product_cat?post=15922"},{"taxonomy":"product_tag","embeddable":true,"href":"https:\/\/ibc.ee\/fi\/wp-json\/wp\/v2\/product_tag?post=15922"}],"curies":[{"name":"wp","href":"https:\/\/api.w.org\/{rel}","templated":true}]}}