{"id":16545,"date":"2018-09-08T13:53:49","date_gmt":"2018-09-08T13:53:49","guid":{"rendered":"https:\/\/ibc.ee\/product\/th-metal-can-216-5l-200-lit\/"},"modified":"2025-06-26T14:31:14","modified_gmt":"2025-06-26T12:31:14","slug":"th-metal-can-216-5l-200-lit","status":"publish","type":"product","link":"https:\/\/ibc.ee\/fi\/tuote\/th-metal-can-216-5l-200-lit\/","title":{"rendered":"TH metal can 216.5L 200 lit"},"content":{"rendered":"<p> Metallitynnyreit\u00e4, joiden tilavuus on 200 litraa, k\u00e4ytet\u00e4\u00e4n valtavan m\u00e4\u00e4r\u00e4n sellaisten aineiden kuljetukseen, pakkaamiseen ja varastointiin, jotka eiv\u00e4t vaikuta ter\u00e4kseen, ja useilla aloilla: <\/p>\n<ul>\n<li> maali ja lakka <\/li>\n<p><Li> kemiallinen <\/ li><\/p>\n<li> polttoaineiden ja voiteluaineiden tuotanto <\/li>\n<li> elintarviketeollisuus <\/li>\n<\/ul>\n<p> Joten esimerkiksi ter\u00e4s tynnyreiss\u00e4 tapahtuvassa kemiantuotannossa kemialliset ja petrokemian tuotteet kuljetetaan ja varastoidaan nestem\u00e4isess\u00e4 tilassa. <\/p>\n","protected":false},"excerpt":{"rendered":"<p>Metallitynnyreit\u00e4, joiden tilavuus on 200 litraa, k\u00e4ytet\u00e4\u00e4n valtavan m\u00e4\u00e4r\u00e4n sellaisten aineiden kuljetukseen, pakkaamiseen ja varastointiin, jotka eiv\u00e4t vaikuta ter\u00e4kseen, ja useilla aloilla: maali ja lakka kemiallinen polttoaineiden ja voiteluaineiden tuotanto elintarviketeollisuus Joten esimerkiksi ter\u00e4s tynnyreiss\u00e4 tapahtuvassa kemiantuotannossa kemialliset ja petrokemian tuotteet kuljetetaan ja varastoidaan nestem\u00e4isess\u00e4 tilassa.<\/p>\n","protected":false},"featured_media":16514,"template":"","meta":[],"product_brand":[],"product_cat":[183],"product_tag":[],"class_list":{"0":"post-16545","1":"product","2":"type-product","3":"status-publish","4":"has-post-thumbnail","6":"product_cat-tynnyri-kanisteri","7":"product_shipping_class-drums-and-cans-fi","9":"first","10":"onbackorder","11":"taxable","12":"shipping-taxable","13":"purchasable","14":"product-type-simple"},"yoast_head":"<!-- This site is optimized with the Yoast SEO plugin v26.9 - https:\/\/yoast.com\/product\/yoast-seo-wordpress\/ -->\n<title>TH metal can with a capacity of 200 liters - IBC konteineri m&uuml;&uuml;k, vaadid, kraanid, mahutid<\/title>\n<meta name=\"description\" content=\"Metalliset tynnyrit, joiden tilavuus on 200 litraa, k\u00e4ytet\u00e4\u00e4n valtavan m\u00e4\u00e4r\u00e4n sellaisten aineiden kuljetukseen, pakkaamiseen ja varastointiin, jotka eiv\u00e4t vaikuta ter\u00e4kseen, ja useilla teollisuuden aloilla.\" \/>\n<meta name=\"robots\" content=\"index, follow, max-snippet:-1, max-image-preview:large, max-video-preview:-1\" \/>\n<link rel=\"canonical\" href=\"https:\/\/ibc.ee\/fi\/tuote\/th-metal-can-216-5l-200-lit\/\" \/>\n<meta property=\"og:locale\" content=\"fi_FI\" \/>\n<meta property=\"og:type\" content=\"article\" \/>\n<meta property=\"og:title\" content=\"TH metal can with a capacity of 200 liters - IBC konteineri m&uuml;&uuml;k, vaadid, kraanid, mahutid\" \/>\n<meta property=\"og:description\" content=\"Metalliset tynnyrit, joiden tilavuus on 200 litraa, k\u00e4ytet\u00e4\u00e4n valtavan m\u00e4\u00e4r\u00e4n sellaisten aineiden kuljetukseen, pakkaamiseen ja varastointiin, jotka eiv\u00e4t vaikuta ter\u00e4kseen, ja useilla teollisuuden aloilla.\" \/>\n<meta property=\"og:url\" content=\"https:\/\/ibc.ee\/fi\/tuote\/th-metal-can-216-5l-200-lit\/\" \/>\n<meta property=\"og:site_name\" content=\"IBC konteineri m&uuml;&uuml;k, vaadid, kraanid, mahutid\" \/>\n<meta property=\"article:modified_time\" content=\"2025-06-26T12:31:14+00:00\" \/>\n<meta property=\"og:image\" content=\"https:\/\/ibc.ee\/wp-content\/uploads\/2018\/09\/TH-metall-vaat-216.5L-200-lit.jpg\" \/>\n\t<meta property=\"og:image:width\" content=\"500\" \/>\n\t<meta property=\"og:image:height\" content=\"500\" \/>\n\t<meta property=\"og:image:type\" content=\"image\/jpeg\" \/>\n<meta name=\"twitter:card\" content=\"summary_large_image\" \/>\n<meta name=\"twitter:label1\" content=\"Arvioitu lukuaika\" \/>\n\t<meta name=\"twitter:data1\" content=\"1 minuutti\" \/>\n<script type=\"application\/ld+json\" class=\"yoast-schema-graph\">{\"@context\":\"https:\/\/schema.org\",\"@graph\":[{\"@type\":\"WebPage\",\"@id\":\"https:\/\/ibc.ee\/fi\/tuote\/th-metal-can-216-5l-200-lit\/\",\"url\":\"https:\/\/ibc.ee\/fi\/tuote\/th-metal-can-216-5l-200-lit\/\",\"name\":\"TH metal can with a capacity of 200 liters - IBC konteineri m&uuml;&uuml;k, vaadid, kraanid, mahutid\",\"isPartOf\":{\"@id\":\"https:\/\/www.ibc.ee\/fi\/#website\"},\"primaryImageOfPage\":{\"@id\":\"https:\/\/ibc.ee\/fi\/tuote\/th-metal-can-216-5l-200-lit\/#primaryimage\"},\"image\":{\"@id\":\"https:\/\/ibc.ee\/fi\/tuote\/th-metal-can-216-5l-200-lit\/#primaryimage\"},\"thumbnailUrl\":\"https:\/\/ibc.ee\/wp-content\/uploads\/2018\/09\/TH-metall-vaat-216.5L-200-lit.jpg\",\"datePublished\":\"2018-09-08T13:53:49+00:00\",\"dateModified\":\"2025-06-26T12:31:14+00:00\",\"description\":\"Metalliset tynnyrit, joiden tilavuus on 200 litraa, k\u00e4ytet\u00e4\u00e4n valtavan m\u00e4\u00e4r\u00e4n sellaisten aineiden kuljetukseen, pakkaamiseen ja varastointiin, jotka eiv\u00e4t vaikuta ter\u00e4kseen, ja useilla teollisuuden aloilla.\",\"breadcrumb\":{\"@id\":\"https:\/\/ibc.ee\/fi\/tuote\/th-metal-can-216-5l-200-lit\/#breadcrumb\"},\"inLanguage\":\"fi\",\"potentialAction\":[{\"@type\":\"ReadAction\",\"target\":[\"https:\/\/ibc.ee\/fi\/tuote\/th-metal-can-216-5l-200-lit\/\"]}]},{\"@type\":\"ImageObject\",\"inLanguage\":\"fi\",\"@id\":\"https:\/\/ibc.ee\/fi\/tuote\/th-metal-can-216-5l-200-lit\/#primaryimage\",\"url\":\"https:\/\/ibc.ee\/wp-content\/uploads\/2018\/09\/TH-metall-vaat-216.5L-200-lit.jpg\",\"contentUrl\":\"https:\/\/ibc.ee\/wp-content\/uploads\/2018\/09\/TH-metall-vaat-216.5L-200-lit.jpg\",\"width\":500,\"height\":500,\"caption\":\"TH-metall-vaat-216.5L-200-lit\"},{\"@type\":\"BreadcrumbList\",\"@id\":\"https:\/\/ibc.ee\/fi\/tuote\/th-metal-can-216-5l-200-lit\/#breadcrumb\",\"itemListElement\":[{\"@type\":\"ListItem\",\"position\":1,\"name\":\"\u0413\u043b\u0430\u0432\u043d\u0430\u044f \u0441\u0442\u0440\u0430\u043d\u0438\u0446\u0430\",\"item\":\"https:\/\/www.ibc.ee\/fi\/\"},{\"@type\":\"ListItem\",\"position\":2,\"name\":\"Myym\u00e4l\u00e4\",\"item\":\"https:\/\/www.ibc.ee\/fi\/shop\/\"},{\"@type\":\"ListItem\",\"position\":3,\"name\":\"TH metal can 216.5L 200 lit\"}]},{\"@type\":\"WebSite\",\"@id\":\"https:\/\/www.ibc.ee\/fi\/#website\",\"url\":\"https:\/\/www.ibc.ee\/fi\/\",\"name\":\"IBC konteineri m&uuml;&uuml;k, vaadid, kraanid, mahutid\",\"description\":\"IBC - Tank container valve, Adapters\\\\fittings, Intermediate bulk, container, Drums\/cans\",\"potentialAction\":[{\"@type\":\"SearchAction\",\"target\":{\"@type\":\"EntryPoint\",\"urlTemplate\":\"https:\/\/www.ibc.ee\/fi\/?s={search_term_string}\"},\"query-input\":{\"@type\":\"PropertyValueSpecification\",\"valueRequired\":true,\"valueName\":\"search_term_string\"}}],\"inLanguage\":\"fi\"}]}<\/script>\n<!-- \/ Yoast SEO plugin. -->","yoast_head_json":{"title":"TH metal can with a capacity of 200 liters - IBC konteineri m&uuml;&uuml;k, vaadid, kraanid, mahutid","description":"Metalliset tynnyrit, joiden tilavuus on 200 litraa, k\u00e4ytet\u00e4\u00e4n valtavan m\u00e4\u00e4r\u00e4n sellaisten aineiden kuljetukseen, pakkaamiseen ja varastointiin, jotka eiv\u00e4t vaikuta ter\u00e4kseen, ja useilla teollisuuden aloilla.","robots":{"index":"index","follow":"follow","max-snippet":"max-snippet:-1","max-image-preview":"max-image-preview:large","max-video-preview":"max-video-preview:-1"},"canonical":"https:\/\/ibc.ee\/fi\/tuote\/th-metal-can-216-5l-200-lit\/","og_locale":"fi_FI","og_type":"article","og_title":"TH metal can with a capacity of 200 liters - IBC konteineri m&uuml;&uuml;k, vaadid, kraanid, mahutid","og_description":"Metalliset tynnyrit, joiden tilavuus on 200 litraa, k\u00e4ytet\u00e4\u00e4n valtavan m\u00e4\u00e4r\u00e4n sellaisten aineiden kuljetukseen, pakkaamiseen ja varastointiin, jotka eiv\u00e4t vaikuta ter\u00e4kseen, ja useilla teollisuuden aloilla.","og_url":"https:\/\/ibc.ee\/fi\/tuote\/th-metal-can-216-5l-200-lit\/","og_site_name":"IBC konteineri m&uuml;&uuml;k, vaadid, kraanid, mahutid","article_modified_time":"2025-06-26T12:31:14+00:00","og_image":[{"width":500,"height":500,"url":"https:\/\/ibc.ee\/wp-content\/uploads\/2018\/09\/TH-metall-vaat-216.5L-200-lit.jpg","type":"image\/jpeg"}],"twitter_card":"summary_large_image","twitter_misc":{"Arvioitu lukuaika":"1 minuutti"},"schema":{"@context":"https:\/\/schema.org","@graph":[{"@type":"WebPage","@id":"https:\/\/ibc.ee\/fi\/tuote\/th-metal-can-216-5l-200-lit\/","url":"https:\/\/ibc.ee\/fi\/tuote\/th-metal-can-216-5l-200-lit\/","name":"TH metal can with a capacity of 200 liters - IBC konteineri m&uuml;&uuml;k, vaadid, kraanid, mahutid","isPartOf":{"@id":"https:\/\/www.ibc.ee\/fi\/#website"},"primaryImageOfPage":{"@id":"https:\/\/ibc.ee\/fi\/tuote\/th-metal-can-216-5l-200-lit\/#primaryimage"},"image":{"@id":"https:\/\/ibc.ee\/fi\/tuote\/th-metal-can-216-5l-200-lit\/#primaryimage"},"thumbnailUrl":"https:\/\/ibc.ee\/wp-content\/uploads\/2018\/09\/TH-metall-vaat-216.5L-200-lit.jpg","datePublished":"2018-09-08T13:53:49+00:00","dateModified":"2025-06-26T12:31:14+00:00","description":"Metalliset tynnyrit, joiden tilavuus on 200 litraa, k\u00e4ytet\u00e4\u00e4n valtavan m\u00e4\u00e4r\u00e4n sellaisten aineiden kuljetukseen, pakkaamiseen ja varastointiin, jotka eiv\u00e4t vaikuta ter\u00e4kseen, ja useilla teollisuuden aloilla.","breadcrumb":{"@id":"https:\/\/ibc.ee\/fi\/tuote\/th-metal-can-216-5l-200-lit\/#breadcrumb"},"inLanguage":"fi","potentialAction":[{"@type":"ReadAction","target":["https:\/\/ibc.ee\/fi\/tuote\/th-metal-can-216-5l-200-lit\/"]}]},{"@type":"ImageObject","inLanguage":"fi","@id":"https:\/\/ibc.ee\/fi\/tuote\/th-metal-can-216-5l-200-lit\/#primaryimage","url":"https:\/\/ibc.ee\/wp-content\/uploads\/2018\/09\/TH-metall-vaat-216.5L-200-lit.jpg","contentUrl":"https:\/\/ibc.ee\/wp-content\/uploads\/2018\/09\/TH-metall-vaat-216.5L-200-lit.jpg","width":500,"height":500,"caption":"TH-metall-vaat-216.5L-200-lit"},{"@type":"BreadcrumbList","@id":"https:\/\/ibc.ee\/fi\/tuote\/th-metal-can-216-5l-200-lit\/#breadcrumb","itemListElement":[{"@type":"ListItem","position":1,"name":"\u0413\u043b\u0430\u0432\u043d\u0430\u044f \u0441\u0442\u0440\u0430\u043d\u0438\u0446\u0430","item":"https:\/\/www.ibc.ee\/fi\/"},{"@type":"ListItem","position":2,"name":"Myym\u00e4l\u00e4","item":"https:\/\/www.ibc.ee\/fi\/shop\/"},{"@type":"ListItem","position":3,"name":"TH metal can 216.5L 200 lit"}]},{"@type":"WebSite","@id":"https:\/\/www.ibc.ee\/fi\/#website","url":"https:\/\/www.ibc.ee\/fi\/","name":"IBC konteineri m&uuml;&uuml;k, vaadid, kraanid, mahutid","description":"IBC - Tank container valve, Adapters\\fittings, Intermediate bulk, container, Drums\/cans","potentialAction":[{"@type":"SearchAction","target":{"@type":"EntryPoint","urlTemplate":"https:\/\/www.ibc.ee\/fi\/?s={search_term_string}"},"query-input":{"@type":"PropertyValueSpecification","valueRequired":true,"valueName":"search_term_string"}}],"inLanguage":"fi"}]}},"_links":{"self":[{"href":"https:\/\/ibc.ee\/fi\/wp-json\/wp\/v2\/product\/16545","targetHints":{"allow":["GET"]}}],"collection":[{"href":"https:\/\/ibc.ee\/fi\/wp-json\/wp\/v2\/product"}],"about":[{"href":"https:\/\/ibc.ee\/fi\/wp-json\/wp\/v2\/types\/product"}],"wp:featuredmedia":[{"embeddable":true,"href":"https:\/\/ibc.ee\/fi\/wp-json\/wp\/v2\/media\/16514"}],"wp:attachment":[{"href":"https:\/\/ibc.ee\/fi\/wp-json\/wp\/v2\/media?parent=16545"}],"wp:term":[{"taxonomy":"product_brand","embeddable":true,"href":"https:\/\/ibc.ee\/fi\/wp-json\/wp\/v2\/product_brand?post=16545"},{"taxonomy":"product_cat","embeddable":true,"href":"https:\/\/ibc.ee\/fi\/wp-json\/wp\/v2\/product_cat?post=16545"},{"taxonomy":"product_tag","embeddable":true,"href":"https:\/\/ibc.ee\/fi\/wp-json\/wp\/v2\/product_tag?post=16545"}],"curies":[{"name":"wp","href":"https:\/\/api.w.org\/{rel}","templated":true}]}}