{"id":17209,"date":"2019-04-15T14:04:02","date_gmt":"2019-04-15T12:43:33","guid":{"rendered":"https:\/\/ibc.ee\/product\/valiaikainen-bulkki-kontti-ibc-640l-500l-b\/"},"modified":"2025-07-10T13:24:01","modified_gmt":"2025-07-10T11:24:01","slug":"techcube-ibc-640-pesty-ja-kunnostettu-640l-ibc-sailio","status":"publish","type":"product","link":"https:\/\/ibc.ee\/fi\/tuote\/techcube-ibc-640-pesty-ja-kunnostettu-640l-ibc-sailio\/","title":{"rendered":"TechCube IBC 640 \u2013 Pesty ja kunnostettu 640L IBC-s\u00e4ili\u00f6"},"content":{"rendered":"<p><strong>Tyypillisi\u00e4 k\u00e4ytt\u00f6kohteita:<\/strong><br \/>\n&#8211; Tekniset nesteet: puhdistusaineet, ei-sy\u00f6vytt\u00e4v\u00e4t liuokset, teollisuuden huuhteluvedet<br \/>\n&#8211; Maatalous: kasteluvesi, kompostitee, nestem\u00e4iset lannoitteet (ei juomavedeksi)<br \/>\n&#8211; Rakennusty\u00f6maat: j\u00e4teveden ker\u00e4ys, betonin huuhtelu, ty\u00f6kalujen pesu<br \/>\n&#8211; Koti\/piha: sadeveden ker\u00e4ys, harmaavesis\u00e4ili\u00f6t, ulkopesupisteet<br \/>\n&#8211; Tee se itse -projektit: siirrett\u00e4v\u00e4t vesij\u00e4rjestelm\u00e4t, varavesivarastot<\/p>\n<p><strong>Huomio sertifioinnista:<\/strong><br \/>\nT\u00e4ll\u00e4 s\u00e4ili\u00f6ll\u00e4 ei ole UN- tai FDA-sertifikaattia. Ei sovellu vaarallisille kemikaaleille, elintarvikkeille tai juomavedelle. <\/p>\n","protected":false},"excerpt":{"rendered":"<p>TechCube IBC 640 on kompakti, kunnostettu v\u00e4lis\u00e4ili\u00f6, jonka kokonaistilavuus on 640 litraa. Ihanteellinen k\u00e4ytt\u00e4jille, jotka tarvitsevat edullisen ratkaisun nesteiden varastointiin ei-kriittisiin tarkoituksiin. S\u00e4ili\u00f6 on huolellisesti pesty ja vuototestattu, mutta sill\u00e4 ei ole UN- tai FDA-sertifiointia, joten se soveltuu parhaiten tekniseen, maatalous- tai kotik\u00e4ytt\u00f6\u00f6n.  <\/p>\n","protected":false},"featured_media":24294,"template":"","meta":[],"product_brand":[],"product_cat":[328],"product_tag":[],"class_list":{"0":"post-17209","1":"product","2":"type-product","3":"status-publish","4":"has-post-thumbnail","6":"product_cat-ibc-kontti-640-500-litraa","7":"product_shipping_class-containers-fi","9":"first","10":"instock","11":"taxable","12":"shipping-taxable","13":"purchasable","14":"product-type-simple"},"yoast_head":"<!-- This site is optimized with the Yoast SEO plugin v26.9 - https:\/\/yoast.com\/product\/yoast-seo-wordpress\/ -->\n<title>TechCube IBC 640 \u2013 Pesty ja kunnostettu 640L IBC-s\u00e4ili\u00f6 - IBC konteineri m&uuml;&uuml;k, vaadid, kraanid, mahutid<\/title>\n<meta name=\"description\" content=\"TechCube IBC 640 on kompakti, kunnostettu v\u00e4lis\u00e4ili\u00f6, jonka kokonaistilavuus on 640 litraa. Ihanteellinen k\u00e4ytt\u00e4jille, jotka tarvitsevat edullisen ratkaisun nesteiden varastointiin ei-kriittisiin tarkoituksiin.\" \/>\n<meta name=\"robots\" content=\"index, follow, max-snippet:-1, max-image-preview:large, max-video-preview:-1\" \/>\n<link rel=\"canonical\" href=\"https:\/\/ibc.ee\/fi\/tuote\/techcube-ibc-640-pesty-ja-kunnostettu-640l-ibc-sailio\/\" \/>\n<meta property=\"og:locale\" content=\"fi_FI\" \/>\n<meta property=\"og:type\" content=\"article\" \/>\n<meta property=\"og:title\" content=\"TechCube IBC 640 \u2013 Pesty ja kunnostettu 640L IBC-s\u00e4ili\u00f6 - IBC konteineri m&uuml;&uuml;k, vaadid, kraanid, mahutid\" \/>\n<meta property=\"og:description\" content=\"TechCube IBC 640 on kompakti, kunnostettu v\u00e4lis\u00e4ili\u00f6, jonka kokonaistilavuus on 640 litraa. Ihanteellinen k\u00e4ytt\u00e4jille, jotka tarvitsevat edullisen ratkaisun nesteiden varastointiin ei-kriittisiin tarkoituksiin.\" \/>\n<meta property=\"og:url\" content=\"https:\/\/ibc.ee\/fi\/tuote\/techcube-ibc-640-pesty-ja-kunnostettu-640l-ibc-sailio\/\" \/>\n<meta property=\"og:site_name\" content=\"IBC konteineri m&uuml;&uuml;k, vaadid, kraanid, mahutid\" \/>\n<meta property=\"article:modified_time\" content=\"2025-07-10T11:24:01+00:00\" \/>\n<meta property=\"og:image\" content=\"https:\/\/ibc.ee\/wp-content\/uploads\/2019\/04\/Used-1000l-IBC-container.jpg\" \/>\n\t<meta property=\"og:image:width\" content=\"1000\" \/>\n\t<meta property=\"og:image:height\" content=\"1000\" \/>\n\t<meta property=\"og:image:type\" content=\"image\/jpeg\" \/>\n<meta name=\"twitter:card\" content=\"summary_large_image\" \/>\n<meta name=\"twitter:label1\" content=\"Arvioitu lukuaika\" \/>\n\t<meta name=\"twitter:data1\" content=\"1 minuutti\" \/>\n<script type=\"application\/ld+json\" class=\"yoast-schema-graph\">{\"@context\":\"https:\/\/schema.org\",\"@graph\":[{\"@type\":\"WebPage\",\"@id\":\"https:\/\/ibc.ee\/fi\/tuote\/techcube-ibc-640-pesty-ja-kunnostettu-640l-ibc-sailio\/\",\"url\":\"https:\/\/ibc.ee\/fi\/tuote\/techcube-ibc-640-pesty-ja-kunnostettu-640l-ibc-sailio\/\",\"name\":\"TechCube IBC 640 \u2013 Pesty ja kunnostettu 640L IBC-s\u00e4ili\u00f6 - IBC konteineri m&uuml;&uuml;k, vaadid, kraanid, mahutid\",\"isPartOf\":{\"@id\":\"https:\/\/www.ibc.ee\/fi\/#website\"},\"primaryImageOfPage\":{\"@id\":\"https:\/\/ibc.ee\/fi\/tuote\/techcube-ibc-640-pesty-ja-kunnostettu-640l-ibc-sailio\/#primaryimage\"},\"image\":{\"@id\":\"https:\/\/ibc.ee\/fi\/tuote\/techcube-ibc-640-pesty-ja-kunnostettu-640l-ibc-sailio\/#primaryimage\"},\"thumbnailUrl\":\"https:\/\/ibc.ee\/wp-content\/uploads\/2019\/04\/Used-1000l-IBC-container.jpg\",\"datePublished\":\"2019-04-15T12:43:33+00:00\",\"dateModified\":\"2025-07-10T11:24:01+00:00\",\"description\":\"TechCube IBC 640 on kompakti, kunnostettu v\u00e4lis\u00e4ili\u00f6, jonka kokonaistilavuus on 640 litraa. Ihanteellinen k\u00e4ytt\u00e4jille, jotka tarvitsevat edullisen ratkaisun nesteiden varastointiin ei-kriittisiin tarkoituksiin.\",\"breadcrumb\":{\"@id\":\"https:\/\/ibc.ee\/fi\/tuote\/techcube-ibc-640-pesty-ja-kunnostettu-640l-ibc-sailio\/#breadcrumb\"},\"inLanguage\":\"fi\",\"potentialAction\":[{\"@type\":\"ReadAction\",\"target\":[\"https:\/\/ibc.ee\/fi\/tuote\/techcube-ibc-640-pesty-ja-kunnostettu-640l-ibc-sailio\/\"]}]},{\"@type\":\"ImageObject\",\"inLanguage\":\"fi\",\"@id\":\"https:\/\/ibc.ee\/fi\/tuote\/techcube-ibc-640-pesty-ja-kunnostettu-640l-ibc-sailio\/#primaryimage\",\"url\":\"https:\/\/ibc.ee\/wp-content\/uploads\/2019\/04\/Used-1000l-IBC-container.jpg\",\"contentUrl\":\"https:\/\/ibc.ee\/wp-content\/uploads\/2019\/04\/Used-1000l-IBC-container.jpg\",\"width\":1000,\"height\":1000,\"caption\":\"TechCube IBC 640 \u2013 Reconditioned 640L IBC Container\"},{\"@type\":\"BreadcrumbList\",\"@id\":\"https:\/\/ibc.ee\/fi\/tuote\/techcube-ibc-640-pesty-ja-kunnostettu-640l-ibc-sailio\/#breadcrumb\",\"itemListElement\":[{\"@type\":\"ListItem\",\"position\":1,\"name\":\"\u0413\u043b\u0430\u0432\u043d\u0430\u044f \u0441\u0442\u0440\u0430\u043d\u0438\u0446\u0430\",\"item\":\"https:\/\/www.ibc.ee\/fi\/\"},{\"@type\":\"ListItem\",\"position\":2,\"name\":\"Myym\u00e4l\u00e4\",\"item\":\"https:\/\/www.ibc.ee\/fi\/shop\/\"},{\"@type\":\"ListItem\",\"position\":3,\"name\":\"TechCube IBC 640 \u2013 Pesty ja kunnostettu 640L IBC-s\u00e4ili\u00f6\"}]},{\"@type\":\"WebSite\",\"@id\":\"https:\/\/www.ibc.ee\/fi\/#website\",\"url\":\"https:\/\/www.ibc.ee\/fi\/\",\"name\":\"IBC konteineri m&uuml;&uuml;k, vaadid, kraanid, mahutid\",\"description\":\"IBC - Tank container valve, Adapters\\\\fittings, Intermediate bulk, container, Drums\/cans\",\"potentialAction\":[{\"@type\":\"SearchAction\",\"target\":{\"@type\":\"EntryPoint\",\"urlTemplate\":\"https:\/\/www.ibc.ee\/fi\/?s={search_term_string}\"},\"query-input\":{\"@type\":\"PropertyValueSpecification\",\"valueRequired\":true,\"valueName\":\"search_term_string\"}}],\"inLanguage\":\"fi\"}]}<\/script>\n<!-- \/ Yoast SEO plugin. -->","yoast_head_json":{"title":"TechCube IBC 640 \u2013 Pesty ja kunnostettu 640L IBC-s\u00e4ili\u00f6 - IBC konteineri m&uuml;&uuml;k, vaadid, kraanid, mahutid","description":"TechCube IBC 640 on kompakti, kunnostettu v\u00e4lis\u00e4ili\u00f6, jonka kokonaistilavuus on 640 litraa. Ihanteellinen k\u00e4ytt\u00e4jille, jotka tarvitsevat edullisen ratkaisun nesteiden varastointiin ei-kriittisiin tarkoituksiin.","robots":{"index":"index","follow":"follow","max-snippet":"max-snippet:-1","max-image-preview":"max-image-preview:large","max-video-preview":"max-video-preview:-1"},"canonical":"https:\/\/ibc.ee\/fi\/tuote\/techcube-ibc-640-pesty-ja-kunnostettu-640l-ibc-sailio\/","og_locale":"fi_FI","og_type":"article","og_title":"TechCube IBC 640 \u2013 Pesty ja kunnostettu 640L IBC-s\u00e4ili\u00f6 - IBC konteineri m&uuml;&uuml;k, vaadid, kraanid, mahutid","og_description":"TechCube IBC 640 on kompakti, kunnostettu v\u00e4lis\u00e4ili\u00f6, jonka kokonaistilavuus on 640 litraa. Ihanteellinen k\u00e4ytt\u00e4jille, jotka tarvitsevat edullisen ratkaisun nesteiden varastointiin ei-kriittisiin tarkoituksiin.","og_url":"https:\/\/ibc.ee\/fi\/tuote\/techcube-ibc-640-pesty-ja-kunnostettu-640l-ibc-sailio\/","og_site_name":"IBC konteineri m&uuml;&uuml;k, vaadid, kraanid, mahutid","article_modified_time":"2025-07-10T11:24:01+00:00","og_image":[{"width":1000,"height":1000,"url":"https:\/\/ibc.ee\/wp-content\/uploads\/2019\/04\/Used-1000l-IBC-container.jpg","type":"image\/jpeg"}],"twitter_card":"summary_large_image","twitter_misc":{"Arvioitu lukuaika":"1 minuutti"},"schema":{"@context":"https:\/\/schema.org","@graph":[{"@type":"WebPage","@id":"https:\/\/ibc.ee\/fi\/tuote\/techcube-ibc-640-pesty-ja-kunnostettu-640l-ibc-sailio\/","url":"https:\/\/ibc.ee\/fi\/tuote\/techcube-ibc-640-pesty-ja-kunnostettu-640l-ibc-sailio\/","name":"TechCube IBC 640 \u2013 Pesty ja kunnostettu 640L IBC-s\u00e4ili\u00f6 - IBC konteineri m&uuml;&uuml;k, vaadid, kraanid, mahutid","isPartOf":{"@id":"https:\/\/www.ibc.ee\/fi\/#website"},"primaryImageOfPage":{"@id":"https:\/\/ibc.ee\/fi\/tuote\/techcube-ibc-640-pesty-ja-kunnostettu-640l-ibc-sailio\/#primaryimage"},"image":{"@id":"https:\/\/ibc.ee\/fi\/tuote\/techcube-ibc-640-pesty-ja-kunnostettu-640l-ibc-sailio\/#primaryimage"},"thumbnailUrl":"https:\/\/ibc.ee\/wp-content\/uploads\/2019\/04\/Used-1000l-IBC-container.jpg","datePublished":"2019-04-15T12:43:33+00:00","dateModified":"2025-07-10T11:24:01+00:00","description":"TechCube IBC 640 on kompakti, kunnostettu v\u00e4lis\u00e4ili\u00f6, jonka kokonaistilavuus on 640 litraa. Ihanteellinen k\u00e4ytt\u00e4jille, jotka tarvitsevat edullisen ratkaisun nesteiden varastointiin ei-kriittisiin tarkoituksiin.","breadcrumb":{"@id":"https:\/\/ibc.ee\/fi\/tuote\/techcube-ibc-640-pesty-ja-kunnostettu-640l-ibc-sailio\/#breadcrumb"},"inLanguage":"fi","potentialAction":[{"@type":"ReadAction","target":["https:\/\/ibc.ee\/fi\/tuote\/techcube-ibc-640-pesty-ja-kunnostettu-640l-ibc-sailio\/"]}]},{"@type":"ImageObject","inLanguage":"fi","@id":"https:\/\/ibc.ee\/fi\/tuote\/techcube-ibc-640-pesty-ja-kunnostettu-640l-ibc-sailio\/#primaryimage","url":"https:\/\/ibc.ee\/wp-content\/uploads\/2019\/04\/Used-1000l-IBC-container.jpg","contentUrl":"https:\/\/ibc.ee\/wp-content\/uploads\/2019\/04\/Used-1000l-IBC-container.jpg","width":1000,"height":1000,"caption":"TechCube IBC 640 \u2013 Reconditioned 640L IBC Container"},{"@type":"BreadcrumbList","@id":"https:\/\/ibc.ee\/fi\/tuote\/techcube-ibc-640-pesty-ja-kunnostettu-640l-ibc-sailio\/#breadcrumb","itemListElement":[{"@type":"ListItem","position":1,"name":"\u0413\u043b\u0430\u0432\u043d\u0430\u044f \u0441\u0442\u0440\u0430\u043d\u0438\u0446\u0430","item":"https:\/\/www.ibc.ee\/fi\/"},{"@type":"ListItem","position":2,"name":"Myym\u00e4l\u00e4","item":"https:\/\/www.ibc.ee\/fi\/shop\/"},{"@type":"ListItem","position":3,"name":"TechCube IBC 640 \u2013 Pesty ja kunnostettu 640L IBC-s\u00e4ili\u00f6"}]},{"@type":"WebSite","@id":"https:\/\/www.ibc.ee\/fi\/#website","url":"https:\/\/www.ibc.ee\/fi\/","name":"IBC konteineri m&uuml;&uuml;k, vaadid, kraanid, mahutid","description":"IBC - Tank container valve, Adapters\\fittings, Intermediate bulk, container, Drums\/cans","potentialAction":[{"@type":"SearchAction","target":{"@type":"EntryPoint","urlTemplate":"https:\/\/www.ibc.ee\/fi\/?s={search_term_string}"},"query-input":{"@type":"PropertyValueSpecification","valueRequired":true,"valueName":"search_term_string"}}],"inLanguage":"fi"}]}},"_links":{"self":[{"href":"https:\/\/ibc.ee\/fi\/wp-json\/wp\/v2\/product\/17209","targetHints":{"allow":["GET"]}}],"collection":[{"href":"https:\/\/ibc.ee\/fi\/wp-json\/wp\/v2\/product"}],"about":[{"href":"https:\/\/ibc.ee\/fi\/wp-json\/wp\/v2\/types\/product"}],"wp:featuredmedia":[{"embeddable":true,"href":"https:\/\/ibc.ee\/fi\/wp-json\/wp\/v2\/media\/24294"}],"wp:attachment":[{"href":"https:\/\/ibc.ee\/fi\/wp-json\/wp\/v2\/media?parent=17209"}],"wp:term":[{"taxonomy":"product_brand","embeddable":true,"href":"https:\/\/ibc.ee\/fi\/wp-json\/wp\/v2\/product_brand?post=17209"},{"taxonomy":"product_cat","embeddable":true,"href":"https:\/\/ibc.ee\/fi\/wp-json\/wp\/v2\/product_cat?post=17209"},{"taxonomy":"product_tag","embeddable":true,"href":"https:\/\/ibc.ee\/fi\/wp-json\/wp\/v2\/product_tag?post=17209"}],"curies":[{"name":"wp","href":"https:\/\/api.w.org\/{rel}","templated":true}]}}