{"id":17446,"date":"2019-04-24T10:38:48","date_gmt":"2019-04-24T15:32:12","guid":{"rendered":"https:\/\/ibc.ee\/product\/valiaikainen-bulkki-kontti-ibc-640l-500l-b\/"},"modified":"2025-06-26T14:42:36","modified_gmt":"2025-06-26T12:42:36","slug":"intermediate-bulk-container-ibc-640l-500l-b-3","status":"publish","type":"product","link":"https:\/\/ibc.ee\/fi\/tuote\/intermediate-bulk-container-ibc-640l-500l-b-3\/","title":{"rendered":"V\u00e4liaikainen bulkki kontti IBC 640l\/500l B"},"content":{"rendered":"","protected":false},"excerpt":{"rendered":"<p><span data-sheets-value='{\"1\":2,\"2\":\"nWe can offer washed a container. nContainer for dieselnContainer for drink waterrnContainer for foodstuffnnContainer on the plastic pallets. All reservoirs with the working crane below, have a measuring scale and there is a wide cover from above.nContainer have a metall framework.nnDimensions 1200x800x1000 Nominal volume 640 lit Weight 46 kg\"}' data-sheets-userformat='{\"2\":1023,\"3\":{\"1\":0},\"4\":[null,2,9684093],\"5\":{\"1\":[{\"1\":2,\"2\":0,\"5\":[null,2,0]},{\"1\":0,\"2\":0,\"3\":3},{\"1\":1,\"2\":0,\"4\":1}]},\"6\":{\"1\":[{\"1\":2,\"2\":0,\"5\":[null,2,0]},{\"1\":0,\"2\":0,\"3\":3},{\"1\":1,\"2\":0,\"4\":1}]},\"7\":{\"1\":[{\"1\":2,\"2\":0,\"5\":[null,2,0]},{\"1\":0,\"2\":0,\"3\":3},{\"1\":1,\"2\":0,\"4\":1}]},\"8\":{\"1\":[{\"1\":2,\"2\":0,\"5\":[null,2,0]},{\"1\":0,\"2\":0,\"3\":3},{\"1\":1,\"2\":0,\"4\":1}]},\"9\":1,\"10\":1,\"11\":4,\"12\":0}'>Voimme tarjota pest\u00e4 astiaan.<br \/>\nS\u00e4ili\u00f6 Diesel<br \/>\nJuoma veden s\u00e4ili\u00f6<br \/>\nAstia elin tarvikkeille<\/span><\/p>\n<p>Kontti muovi lavojen. Kaikki altaiden kanssa ty\u00f6nosturin alla, on mitta kaavassa ja on leve\u00e4 kansi ylh\u00e4\u00e4lt\u00e4.<br \/>\nKontti on Metall puitteet.<\/p>\n<p>Mitat 1200x800x1000 nimellistilavuus 640 valaistu paino 46 kg<\/p>\n","protected":false},"featured_media":17257,"template":"","meta":[],"product_brand":[],"product_cat":[328],"product_tag":[],"class_list":{"0":"post-17446","1":"product","2":"type-product","3":"status-publish","4":"has-post-thumbnail","6":"product_cat-ibc-kontti-640-500-litraa","7":"product_shipping_class-containers-fi","9":"first","10":"onbackorder","11":"taxable","12":"shipping-taxable","13":"purchasable","14":"product-type-simple"},"yoast_head":"<!-- This site is optimized with the Yoast SEO plugin v26.9 - https:\/\/yoast.com\/product\/yoast-seo-wordpress\/ -->\n<title>V\u00e4liaikainen bulkki kontti IBC 640l\/500l B - IBC konteineri m&uuml;&uuml;k, vaadid, kraanid, mahutid<\/title>\n<meta name=\"robots\" content=\"index, follow, max-snippet:-1, max-image-preview:large, max-video-preview:-1\" \/>\n<link rel=\"canonical\" href=\"https:\/\/ibc.ee\/fi\/tuote\/intermediate-bulk-container-ibc-640l-500l-b-3\/\" \/>\n<meta property=\"og:locale\" content=\"fi_FI\" \/>\n<meta property=\"og:type\" content=\"article\" \/>\n<meta property=\"og:title\" content=\"V\u00e4liaikainen bulkki kontti IBC 640l\/500l B - IBC konteineri m&uuml;&uuml;k, vaadid, kraanid, mahutid\" \/>\n<meta property=\"og:description\" content=\"Voimme tarjota pest\u00e4 astiaan. S\u00e4ili\u00f6 Diesel Juoma veden s\u00e4ili\u00f6 Astia elin tarvikkeille  Kontti muovi lavojen. Kaikki altaiden kanssa ty\u00f6nosturin alla, on mitta kaavassa ja on leve\u00e4 kansi ylh\u00e4\u00e4lt\u00e4. Kontti on Metall puitteet.  Mitat 1200x800x1000 nimellistilavuus 640 valaistu paino 46 kg\" \/>\n<meta property=\"og:url\" content=\"https:\/\/ibc.ee\/fi\/tuote\/intermediate-bulk-container-ibc-640l-500l-b-3\/\" \/>\n<meta property=\"og:site_name\" content=\"IBC konteineri m&uuml;&uuml;k, vaadid, kraanid, mahutid\" \/>\n<meta property=\"article:modified_time\" content=\"2025-06-26T12:42:36+00:00\" \/>\n<meta property=\"og:image\" content=\"https:\/\/ibc.ee\/wp-content\/uploads\/2019\/04\/20190405_135914bgWM.jpg\" \/>\n\t<meta property=\"og:image:width\" content=\"1000\" \/>\n\t<meta property=\"og:image:height\" content=\"758\" \/>\n\t<meta property=\"og:image:type\" content=\"image\/jpeg\" \/>\n<meta name=\"twitter:card\" content=\"summary_large_image\" \/>\n<meta name=\"twitter:label1\" content=\"Arvioitu lukuaika\" \/>\n\t<meta name=\"twitter:data1\" content=\"1 minuutti\" \/>\n<script type=\"application\/ld+json\" class=\"yoast-schema-graph\">{\"@context\":\"https:\/\/schema.org\",\"@graph\":[{\"@type\":\"WebPage\",\"@id\":\"https:\/\/ibc.ee\/fi\/tuote\/intermediate-bulk-container-ibc-640l-500l-b-3\/\",\"url\":\"https:\/\/ibc.ee\/fi\/tuote\/intermediate-bulk-container-ibc-640l-500l-b-3\/\",\"name\":\"V\u00e4liaikainen bulkki kontti IBC 640l\/500l B - IBC konteineri m&uuml;&uuml;k, vaadid, kraanid, mahutid\",\"isPartOf\":{\"@id\":\"https:\/\/www.ibc.ee\/fi\/#website\"},\"primaryImageOfPage\":{\"@id\":\"https:\/\/ibc.ee\/fi\/tuote\/intermediate-bulk-container-ibc-640l-500l-b-3\/#primaryimage\"},\"image\":{\"@id\":\"https:\/\/ibc.ee\/fi\/tuote\/intermediate-bulk-container-ibc-640l-500l-b-3\/#primaryimage\"},\"thumbnailUrl\":\"https:\/\/ibc.ee\/wp-content\/uploads\/2019\/04\/20190405_135914bgWM.jpg\",\"datePublished\":\"2019-04-24T15:32:12+00:00\",\"dateModified\":\"2025-06-26T12:42:36+00:00\",\"breadcrumb\":{\"@id\":\"https:\/\/ibc.ee\/fi\/tuote\/intermediate-bulk-container-ibc-640l-500l-b-3\/#breadcrumb\"},\"inLanguage\":\"fi\",\"potentialAction\":[{\"@type\":\"ReadAction\",\"target\":[\"https:\/\/ibc.ee\/fi\/tuote\/intermediate-bulk-container-ibc-640l-500l-b-3\/\"]}]},{\"@type\":\"ImageObject\",\"inLanguage\":\"fi\",\"@id\":\"https:\/\/ibc.ee\/fi\/tuote\/intermediate-bulk-container-ibc-640l-500l-b-3\/#primaryimage\",\"url\":\"https:\/\/ibc.ee\/wp-content\/uploads\/2019\/04\/20190405_135914bgWM.jpg\",\"contentUrl\":\"https:\/\/ibc.ee\/wp-content\/uploads\/2019\/04\/20190405_135914bgWM.jpg\",\"width\":1000,\"height\":758,\"caption\":\"Intermediate bulk container IBC 640l\/500l B\"},{\"@type\":\"BreadcrumbList\",\"@id\":\"https:\/\/ibc.ee\/fi\/tuote\/intermediate-bulk-container-ibc-640l-500l-b-3\/#breadcrumb\",\"itemListElement\":[{\"@type\":\"ListItem\",\"position\":1,\"name\":\"\u0413\u043b\u0430\u0432\u043d\u0430\u044f \u0441\u0442\u0440\u0430\u043d\u0438\u0446\u0430\",\"item\":\"https:\/\/www.ibc.ee\/fi\/\"},{\"@type\":\"ListItem\",\"position\":2,\"name\":\"Myym\u00e4l\u00e4\",\"item\":\"https:\/\/www.ibc.ee\/fi\/shop\/\"},{\"@type\":\"ListItem\",\"position\":3,\"name\":\"V\u00e4liaikainen bulkki kontti IBC 640l\/500l B\"}]},{\"@type\":\"WebSite\",\"@id\":\"https:\/\/www.ibc.ee\/fi\/#website\",\"url\":\"https:\/\/www.ibc.ee\/fi\/\",\"name\":\"IBC konteineri m&uuml;&uuml;k, vaadid, kraanid, mahutid\",\"description\":\"IBC - Tank container valve, Adapters\\\\fittings, Intermediate bulk, container, Drums\/cans\",\"potentialAction\":[{\"@type\":\"SearchAction\",\"target\":{\"@type\":\"EntryPoint\",\"urlTemplate\":\"https:\/\/www.ibc.ee\/fi\/?s={search_term_string}\"},\"query-input\":{\"@type\":\"PropertyValueSpecification\",\"valueRequired\":true,\"valueName\":\"search_term_string\"}}],\"inLanguage\":\"fi\"}]}<\/script>\n<!-- \/ Yoast SEO plugin. -->","yoast_head_json":{"title":"V\u00e4liaikainen bulkki kontti IBC 640l\/500l B - IBC konteineri m&uuml;&uuml;k, vaadid, kraanid, mahutid","robots":{"index":"index","follow":"follow","max-snippet":"max-snippet:-1","max-image-preview":"max-image-preview:large","max-video-preview":"max-video-preview:-1"},"canonical":"https:\/\/ibc.ee\/fi\/tuote\/intermediate-bulk-container-ibc-640l-500l-b-3\/","og_locale":"fi_FI","og_type":"article","og_title":"V\u00e4liaikainen bulkki kontti IBC 640l\/500l B - IBC konteineri m&uuml;&uuml;k, vaadid, kraanid, mahutid","og_description":"Voimme tarjota pest\u00e4 astiaan. S\u00e4ili\u00f6 Diesel Juoma veden s\u00e4ili\u00f6 Astia elin tarvikkeille  Kontti muovi lavojen. Kaikki altaiden kanssa ty\u00f6nosturin alla, on mitta kaavassa ja on leve\u00e4 kansi ylh\u00e4\u00e4lt\u00e4. Kontti on Metall puitteet.  Mitat 1200x800x1000 nimellistilavuus 640 valaistu paino 46 kg","og_url":"https:\/\/ibc.ee\/fi\/tuote\/intermediate-bulk-container-ibc-640l-500l-b-3\/","og_site_name":"IBC konteineri m&uuml;&uuml;k, vaadid, kraanid, mahutid","article_modified_time":"2025-06-26T12:42:36+00:00","og_image":[{"width":1000,"height":758,"url":"https:\/\/ibc.ee\/wp-content\/uploads\/2019\/04\/20190405_135914bgWM.jpg","type":"image\/jpeg"}],"twitter_card":"summary_large_image","twitter_misc":{"Arvioitu lukuaika":"1 minuutti"},"schema":{"@context":"https:\/\/schema.org","@graph":[{"@type":"WebPage","@id":"https:\/\/ibc.ee\/fi\/tuote\/intermediate-bulk-container-ibc-640l-500l-b-3\/","url":"https:\/\/ibc.ee\/fi\/tuote\/intermediate-bulk-container-ibc-640l-500l-b-3\/","name":"V\u00e4liaikainen bulkki kontti IBC 640l\/500l B - IBC konteineri m&uuml;&uuml;k, vaadid, kraanid, mahutid","isPartOf":{"@id":"https:\/\/www.ibc.ee\/fi\/#website"},"primaryImageOfPage":{"@id":"https:\/\/ibc.ee\/fi\/tuote\/intermediate-bulk-container-ibc-640l-500l-b-3\/#primaryimage"},"image":{"@id":"https:\/\/ibc.ee\/fi\/tuote\/intermediate-bulk-container-ibc-640l-500l-b-3\/#primaryimage"},"thumbnailUrl":"https:\/\/ibc.ee\/wp-content\/uploads\/2019\/04\/20190405_135914bgWM.jpg","datePublished":"2019-04-24T15:32:12+00:00","dateModified":"2025-06-26T12:42:36+00:00","breadcrumb":{"@id":"https:\/\/ibc.ee\/fi\/tuote\/intermediate-bulk-container-ibc-640l-500l-b-3\/#breadcrumb"},"inLanguage":"fi","potentialAction":[{"@type":"ReadAction","target":["https:\/\/ibc.ee\/fi\/tuote\/intermediate-bulk-container-ibc-640l-500l-b-3\/"]}]},{"@type":"ImageObject","inLanguage":"fi","@id":"https:\/\/ibc.ee\/fi\/tuote\/intermediate-bulk-container-ibc-640l-500l-b-3\/#primaryimage","url":"https:\/\/ibc.ee\/wp-content\/uploads\/2019\/04\/20190405_135914bgWM.jpg","contentUrl":"https:\/\/ibc.ee\/wp-content\/uploads\/2019\/04\/20190405_135914bgWM.jpg","width":1000,"height":758,"caption":"Intermediate bulk container IBC 640l\/500l B"},{"@type":"BreadcrumbList","@id":"https:\/\/ibc.ee\/fi\/tuote\/intermediate-bulk-container-ibc-640l-500l-b-3\/#breadcrumb","itemListElement":[{"@type":"ListItem","position":1,"name":"\u0413\u043b\u0430\u0432\u043d\u0430\u044f \u0441\u0442\u0440\u0430\u043d\u0438\u0446\u0430","item":"https:\/\/www.ibc.ee\/fi\/"},{"@type":"ListItem","position":2,"name":"Myym\u00e4l\u00e4","item":"https:\/\/www.ibc.ee\/fi\/shop\/"},{"@type":"ListItem","position":3,"name":"V\u00e4liaikainen bulkki kontti IBC 640l\/500l B"}]},{"@type":"WebSite","@id":"https:\/\/www.ibc.ee\/fi\/#website","url":"https:\/\/www.ibc.ee\/fi\/","name":"IBC konteineri m&uuml;&uuml;k, vaadid, kraanid, mahutid","description":"IBC - Tank container valve, Adapters\\fittings, Intermediate bulk, container, Drums\/cans","potentialAction":[{"@type":"SearchAction","target":{"@type":"EntryPoint","urlTemplate":"https:\/\/www.ibc.ee\/fi\/?s={search_term_string}"},"query-input":{"@type":"PropertyValueSpecification","valueRequired":true,"valueName":"search_term_string"}}],"inLanguage":"fi"}]}},"_links":{"self":[{"href":"https:\/\/ibc.ee\/fi\/wp-json\/wp\/v2\/product\/17446","targetHints":{"allow":["GET"]}}],"collection":[{"href":"https:\/\/ibc.ee\/fi\/wp-json\/wp\/v2\/product"}],"about":[{"href":"https:\/\/ibc.ee\/fi\/wp-json\/wp\/v2\/types\/product"}],"wp:featuredmedia":[{"embeddable":true,"href":"https:\/\/ibc.ee\/fi\/wp-json\/wp\/v2\/media\/17257"}],"wp:attachment":[{"href":"https:\/\/ibc.ee\/fi\/wp-json\/wp\/v2\/media?parent=17446"}],"wp:term":[{"taxonomy":"product_brand","embeddable":true,"href":"https:\/\/ibc.ee\/fi\/wp-json\/wp\/v2\/product_brand?post=17446"},{"taxonomy":"product_cat","embeddable":true,"href":"https:\/\/ibc.ee\/fi\/wp-json\/wp\/v2\/product_cat?post=17446"},{"taxonomy":"product_tag","embeddable":true,"href":"https:\/\/ibc.ee\/fi\/wp-json\/wp\/v2\/product_tag?post=17446"}],"curies":[{"name":"wp","href":"https:\/\/api.w.org\/{rel}","templated":true}]}}