{"id":17595,"date":"2019-05-02T16:05:56","date_gmt":"2019-05-02T14:05:56","guid":{"rendered":"https:\/\/ibc.ee\/product\/adapter-3-s100x8-100-mm-female-to-2-bsp-npt-female\/"},"modified":"2025-04-21T13:42:51","modified_gmt":"2025-04-21T11:42:51","slug":"adapter-3-s100x8-100-mm-female-to-2-bsp-npt-female","status":"publish","type":"product","link":"https:\/\/ibc.ee\/fi\/tuote\/adapter-3-s100x8-100-mm-female-to-2-bsp-npt-female\/","title":{"rendered":"Sovitin 3&#8243; S100X8 (100 mm) naaras 2&#8243; BSP\/NPT naaraspuoliseen liittimeen"},"content":{"rendered":"<p>K\u00e4yt\u00e4 t\u00e4t\u00e4 sovitinta, jos IBC:ss\u00e4si on iso venttiili, jossa on kierre S100X8. T\u00e4m\u00e4n venttiilin nimi on IBC-s\u00e4ili\u00f6n s\u00e4ili\u00f6venttiili 3 tuuman 100mm (DN80) Butterfly-kierre S100x8. T\u00e4m\u00e4 venttiili l\u00f6ytyy my\u00f6s myym\u00e4l\u00e4st\u00e4mme. Toiselta puolelta musta sovitin NPT \/ BST uroskierre 2 tuumaa.<\/p>\n","protected":false},"excerpt":{"rendered":"<p>K\u00e4yt\u00e4 t\u00e4t\u00e4 sovitinta, jos IBC:ss\u00e4si on iso venttiili, jossa on kierre S100X8. T\u00e4m\u00e4n venttiilin nimi on IBC-s\u00e4ili\u00f6n s\u00e4ili\u00f6venttiili 3 tuuman 100mm (DN80) Butterfly-kierre S100x8. T\u00e4m\u00e4 venttiili l\u00f6ytyy my\u00f6s myym\u00e4l\u00e4st\u00e4mme. Toiselta puolelta musta sovitin NPT \/ BST uroskierre 2 tuumaa.<\/p>\n","protected":false},"featured_media":17590,"template":"","meta":[],"product_brand":[],"product_cat":[176],"product_tag":[],"class_list":{"0":"post-17595","1":"product","2":"type-product","3":"status-publish","4":"has-post-thumbnail","6":"product_cat-adapters-fittings-fi","7":"product_shipping_class-omniva-fi","9":"first","10":"onbackorder","11":"taxable","12":"shipping-taxable","13":"purchasable","14":"product-type-simple"},"yoast_head":"<!-- This site is optimized with the Yoast SEO plugin v26.9 - https:\/\/yoast.com\/product\/yoast-seo-wordpress\/ -->\n<title>Sovitin 3&quot; S100X8 (100 mm) naaras 2&quot; BSP\/NPT naaraspuoliseen liittimeen - IBC konteineri m&uuml;&uuml;k, vaadid, kraanid, mahutid<\/title>\n<meta name=\"description\" content=\"Sovitin 3&quot; S100X8 (100 mm) naarasliit\u00e4nt\u00e4 2&quot; BSP\/NPT-liit\u00e4nt\u00e4\u00e4n. T\u00e4m\u00e4n venttiilin nimi on IBC-s\u00e4ili\u00f6n s\u00e4ili\u00f6venttiili 3 tuuman 100mm (DN80) Butterfly-kierre S100x8. T\u00e4m\u00e4 venttiili l\u00f6ytyy my\u00f6s myym\u00e4l\u00e4st\u00e4mme.\" \/>\n<meta name=\"robots\" content=\"index, follow, max-snippet:-1, max-image-preview:large, max-video-preview:-1\" \/>\n<link rel=\"canonical\" href=\"https:\/\/ibc.ee\/fi\/tuote\/adapter-3-s100x8-100-mm-female-to-2-bsp-npt-female\/\" \/>\n<meta property=\"og:locale\" content=\"fi_FI\" \/>\n<meta property=\"og:type\" content=\"article\" \/>\n<meta property=\"og:title\" content=\"Sovitin 3&quot; S100X8 (100 mm) naaras 2&quot; BSP\/NPT naaraspuoliseen liittimeen - IBC konteineri m&uuml;&uuml;k, vaadid, kraanid, mahutid\" \/>\n<meta property=\"og:description\" content=\"Sovitin 3&quot; S100X8 (100 mm) naarasliit\u00e4nt\u00e4 2&quot; BSP\/NPT-liit\u00e4nt\u00e4\u00e4n. T\u00e4m\u00e4n venttiilin nimi on IBC-s\u00e4ili\u00f6n s\u00e4ili\u00f6venttiili 3 tuuman 100mm (DN80) Butterfly-kierre S100x8. T\u00e4m\u00e4 venttiili l\u00f6ytyy my\u00f6s myym\u00e4l\u00e4st\u00e4mme.\" \/>\n<meta property=\"og:url\" content=\"https:\/\/ibc.ee\/fi\/tuote\/adapter-3-s100x8-100-mm-female-to-2-bsp-npt-female\/\" \/>\n<meta property=\"og:site_name\" content=\"IBC konteineri m&uuml;&uuml;k, vaadid, kraanid, mahutid\" \/>\n<meta property=\"article:modified_time\" content=\"2025-04-21T11:42:51+00:00\" \/>\n<meta property=\"og:image\" content=\"https:\/\/ibc.ee\/wp-content\/uploads\/2019\/05\/P1019811.jpg\" \/>\n\t<meta property=\"og:image:width\" content=\"1000\" \/>\n\t<meta property=\"og:image:height\" content=\"628\" \/>\n\t<meta property=\"og:image:type\" content=\"image\/jpeg\" \/>\n<meta name=\"twitter:card\" content=\"summary_large_image\" \/>\n<script type=\"application\/ld+json\" class=\"yoast-schema-graph\">{\"@context\":\"https:\/\/schema.org\",\"@graph\":[{\"@type\":\"WebPage\",\"@id\":\"https:\/\/ibc.ee\/fi\/tuote\/adapter-3-s100x8-100-mm-female-to-2-bsp-npt-female\/\",\"url\":\"https:\/\/ibc.ee\/fi\/tuote\/adapter-3-s100x8-100-mm-female-to-2-bsp-npt-female\/\",\"name\":\"Sovitin 3\\\" S100X8 (100 mm) naaras 2\\\" BSP\/NPT naaraspuoliseen liittimeen - IBC konteineri m&uuml;&uuml;k, vaadid, kraanid, mahutid\",\"isPartOf\":{\"@id\":\"https:\/\/www.ibc.ee\/fi\/#website\"},\"primaryImageOfPage\":{\"@id\":\"https:\/\/ibc.ee\/fi\/tuote\/adapter-3-s100x8-100-mm-female-to-2-bsp-npt-female\/#primaryimage\"},\"image\":{\"@id\":\"https:\/\/ibc.ee\/fi\/tuote\/adapter-3-s100x8-100-mm-female-to-2-bsp-npt-female\/#primaryimage\"},\"thumbnailUrl\":\"https:\/\/ibc.ee\/wp-content\/uploads\/2019\/05\/P1019811.jpg\",\"datePublished\":\"2019-05-02T14:05:56+00:00\",\"dateModified\":\"2025-04-21T11:42:51+00:00\",\"description\":\"Sovitin 3\\\" S100X8 (100 mm) naarasliit\u00e4nt\u00e4 2\\\" BSP\/NPT-liit\u00e4nt\u00e4\u00e4n. T\u00e4m\u00e4n venttiilin nimi on IBC-s\u00e4ili\u00f6n s\u00e4ili\u00f6venttiili 3 tuuman 100mm (DN80) Butterfly-kierre S100x8. T\u00e4m\u00e4 venttiili l\u00f6ytyy my\u00f6s myym\u00e4l\u00e4st\u00e4mme.\",\"breadcrumb\":{\"@id\":\"https:\/\/ibc.ee\/fi\/tuote\/adapter-3-s100x8-100-mm-female-to-2-bsp-npt-female\/#breadcrumb\"},\"inLanguage\":\"fi\",\"potentialAction\":[{\"@type\":\"ReadAction\",\"target\":[\"https:\/\/ibc.ee\/fi\/tuote\/adapter-3-s100x8-100-mm-female-to-2-bsp-npt-female\/\"]}]},{\"@type\":\"ImageObject\",\"inLanguage\":\"fi\",\"@id\":\"https:\/\/ibc.ee\/fi\/tuote\/adapter-3-s100x8-100-mm-female-to-2-bsp-npt-female\/#primaryimage\",\"url\":\"https:\/\/ibc.ee\/wp-content\/uploads\/2019\/05\/P1019811.jpg\",\"contentUrl\":\"https:\/\/ibc.ee\/wp-content\/uploads\/2019\/05\/P1019811.jpg\",\"width\":1000,\"height\":628,\"caption\":\"Adapter 3\\\" S100X8 (100 mm) female to 2\\\" BSP\/NPT female\"},{\"@type\":\"BreadcrumbList\",\"@id\":\"https:\/\/ibc.ee\/fi\/tuote\/adapter-3-s100x8-100-mm-female-to-2-bsp-npt-female\/#breadcrumb\",\"itemListElement\":[{\"@type\":\"ListItem\",\"position\":1,\"name\":\"\u0413\u043b\u0430\u0432\u043d\u0430\u044f \u0441\u0442\u0440\u0430\u043d\u0438\u0446\u0430\",\"item\":\"https:\/\/www.ibc.ee\/fi\/\"},{\"@type\":\"ListItem\",\"position\":2,\"name\":\"Myym\u00e4l\u00e4\",\"item\":\"https:\/\/www.ibc.ee\/fi\/shop\/\"},{\"@type\":\"ListItem\",\"position\":3,\"name\":\"Sovitin 3&#8243; S100X8 (100 mm) naaras 2&#8243; BSP\/NPT naaraspuoliseen liittimeen\"}]},{\"@type\":\"WebSite\",\"@id\":\"https:\/\/www.ibc.ee\/fi\/#website\",\"url\":\"https:\/\/www.ibc.ee\/fi\/\",\"name\":\"IBC konteineri m&uuml;&uuml;k, vaadid, kraanid, mahutid\",\"description\":\"IBC - Tank container valve, Adapters\\\\fittings, Intermediate bulk, container, Drums\/cans\",\"potentialAction\":[{\"@type\":\"SearchAction\",\"target\":{\"@type\":\"EntryPoint\",\"urlTemplate\":\"https:\/\/www.ibc.ee\/fi\/?s={search_term_string}\"},\"query-input\":{\"@type\":\"PropertyValueSpecification\",\"valueRequired\":true,\"valueName\":\"search_term_string\"}}],\"inLanguage\":\"fi\"}]}<\/script>\n<!-- \/ Yoast SEO plugin. -->","yoast_head_json":{"title":"Sovitin 3\" S100X8 (100 mm) naaras 2\" BSP\/NPT naaraspuoliseen liittimeen - IBC konteineri m&uuml;&uuml;k, vaadid, kraanid, mahutid","description":"Sovitin 3\" S100X8 (100 mm) naarasliit\u00e4nt\u00e4 2\" BSP\/NPT-liit\u00e4nt\u00e4\u00e4n. T\u00e4m\u00e4n venttiilin nimi on IBC-s\u00e4ili\u00f6n s\u00e4ili\u00f6venttiili 3 tuuman 100mm (DN80) Butterfly-kierre S100x8. T\u00e4m\u00e4 venttiili l\u00f6ytyy my\u00f6s myym\u00e4l\u00e4st\u00e4mme.","robots":{"index":"index","follow":"follow","max-snippet":"max-snippet:-1","max-image-preview":"max-image-preview:large","max-video-preview":"max-video-preview:-1"},"canonical":"https:\/\/ibc.ee\/fi\/tuote\/adapter-3-s100x8-100-mm-female-to-2-bsp-npt-female\/","og_locale":"fi_FI","og_type":"article","og_title":"Sovitin 3\" S100X8 (100 mm) naaras 2\" BSP\/NPT naaraspuoliseen liittimeen - IBC konteineri m&uuml;&uuml;k, vaadid, kraanid, mahutid","og_description":"Sovitin 3\" S100X8 (100 mm) naarasliit\u00e4nt\u00e4 2\" BSP\/NPT-liit\u00e4nt\u00e4\u00e4n. T\u00e4m\u00e4n venttiilin nimi on IBC-s\u00e4ili\u00f6n s\u00e4ili\u00f6venttiili 3 tuuman 100mm (DN80) Butterfly-kierre S100x8. T\u00e4m\u00e4 venttiili l\u00f6ytyy my\u00f6s myym\u00e4l\u00e4st\u00e4mme.","og_url":"https:\/\/ibc.ee\/fi\/tuote\/adapter-3-s100x8-100-mm-female-to-2-bsp-npt-female\/","og_site_name":"IBC konteineri m&uuml;&uuml;k, vaadid, kraanid, mahutid","article_modified_time":"2025-04-21T11:42:51+00:00","og_image":[{"width":1000,"height":628,"url":"https:\/\/ibc.ee\/wp-content\/uploads\/2019\/05\/P1019811.jpg","type":"image\/jpeg"}],"twitter_card":"summary_large_image","schema":{"@context":"https:\/\/schema.org","@graph":[{"@type":"WebPage","@id":"https:\/\/ibc.ee\/fi\/tuote\/adapter-3-s100x8-100-mm-female-to-2-bsp-npt-female\/","url":"https:\/\/ibc.ee\/fi\/tuote\/adapter-3-s100x8-100-mm-female-to-2-bsp-npt-female\/","name":"Sovitin 3\" S100X8 (100 mm) naaras 2\" BSP\/NPT naaraspuoliseen liittimeen - IBC konteineri m&uuml;&uuml;k, vaadid, kraanid, mahutid","isPartOf":{"@id":"https:\/\/www.ibc.ee\/fi\/#website"},"primaryImageOfPage":{"@id":"https:\/\/ibc.ee\/fi\/tuote\/adapter-3-s100x8-100-mm-female-to-2-bsp-npt-female\/#primaryimage"},"image":{"@id":"https:\/\/ibc.ee\/fi\/tuote\/adapter-3-s100x8-100-mm-female-to-2-bsp-npt-female\/#primaryimage"},"thumbnailUrl":"https:\/\/ibc.ee\/wp-content\/uploads\/2019\/05\/P1019811.jpg","datePublished":"2019-05-02T14:05:56+00:00","dateModified":"2025-04-21T11:42:51+00:00","description":"Sovitin 3\" S100X8 (100 mm) naarasliit\u00e4nt\u00e4 2\" BSP\/NPT-liit\u00e4nt\u00e4\u00e4n. T\u00e4m\u00e4n venttiilin nimi on IBC-s\u00e4ili\u00f6n s\u00e4ili\u00f6venttiili 3 tuuman 100mm (DN80) Butterfly-kierre S100x8. T\u00e4m\u00e4 venttiili l\u00f6ytyy my\u00f6s myym\u00e4l\u00e4st\u00e4mme.","breadcrumb":{"@id":"https:\/\/ibc.ee\/fi\/tuote\/adapter-3-s100x8-100-mm-female-to-2-bsp-npt-female\/#breadcrumb"},"inLanguage":"fi","potentialAction":[{"@type":"ReadAction","target":["https:\/\/ibc.ee\/fi\/tuote\/adapter-3-s100x8-100-mm-female-to-2-bsp-npt-female\/"]}]},{"@type":"ImageObject","inLanguage":"fi","@id":"https:\/\/ibc.ee\/fi\/tuote\/adapter-3-s100x8-100-mm-female-to-2-bsp-npt-female\/#primaryimage","url":"https:\/\/ibc.ee\/wp-content\/uploads\/2019\/05\/P1019811.jpg","contentUrl":"https:\/\/ibc.ee\/wp-content\/uploads\/2019\/05\/P1019811.jpg","width":1000,"height":628,"caption":"Adapter 3\" S100X8 (100 mm) female to 2\" BSP\/NPT female"},{"@type":"BreadcrumbList","@id":"https:\/\/ibc.ee\/fi\/tuote\/adapter-3-s100x8-100-mm-female-to-2-bsp-npt-female\/#breadcrumb","itemListElement":[{"@type":"ListItem","position":1,"name":"\u0413\u043b\u0430\u0432\u043d\u0430\u044f \u0441\u0442\u0440\u0430\u043d\u0438\u0446\u0430","item":"https:\/\/www.ibc.ee\/fi\/"},{"@type":"ListItem","position":2,"name":"Myym\u00e4l\u00e4","item":"https:\/\/www.ibc.ee\/fi\/shop\/"},{"@type":"ListItem","position":3,"name":"Sovitin 3&#8243; S100X8 (100 mm) naaras 2&#8243; BSP\/NPT naaraspuoliseen liittimeen"}]},{"@type":"WebSite","@id":"https:\/\/www.ibc.ee\/fi\/#website","url":"https:\/\/www.ibc.ee\/fi\/","name":"IBC konteineri m&uuml;&uuml;k, vaadid, kraanid, mahutid","description":"IBC - Tank container valve, Adapters\\fittings, Intermediate bulk, container, Drums\/cans","potentialAction":[{"@type":"SearchAction","target":{"@type":"EntryPoint","urlTemplate":"https:\/\/www.ibc.ee\/fi\/?s={search_term_string}"},"query-input":{"@type":"PropertyValueSpecification","valueRequired":true,"valueName":"search_term_string"}}],"inLanguage":"fi"}]}},"_links":{"self":[{"href":"https:\/\/ibc.ee\/fi\/wp-json\/wp\/v2\/product\/17595","targetHints":{"allow":["GET"]}}],"collection":[{"href":"https:\/\/ibc.ee\/fi\/wp-json\/wp\/v2\/product"}],"about":[{"href":"https:\/\/ibc.ee\/fi\/wp-json\/wp\/v2\/types\/product"}],"wp:featuredmedia":[{"embeddable":true,"href":"https:\/\/ibc.ee\/fi\/wp-json\/wp\/v2\/media\/17590"}],"wp:attachment":[{"href":"https:\/\/ibc.ee\/fi\/wp-json\/wp\/v2\/media?parent=17595"}],"wp:term":[{"taxonomy":"product_brand","embeddable":true,"href":"https:\/\/ibc.ee\/fi\/wp-json\/wp\/v2\/product_brand?post=17595"},{"taxonomy":"product_cat","embeddable":true,"href":"https:\/\/ibc.ee\/fi\/wp-json\/wp\/v2\/product_cat?post=17595"},{"taxonomy":"product_tag","embeddable":true,"href":"https:\/\/ibc.ee\/fi\/wp-json\/wp\/v2\/product_tag?post=17595"}],"curies":[{"name":"wp","href":"https:\/\/api.w.org\/{rel}","templated":true}]}}