{"id":17780,"date":"2019-05-13T12:37:07","date_gmt":"2019-05-13T10:37:07","guid":{"rendered":"https:\/\/ibc.ee\/product\/s60x6-female-3%e2%81%844-valve-19-mm\/"},"modified":"2025-04-21T18:43:13","modified_gmt":"2025-04-21T16:43:13","slug":"s60x6-female-3%e2%81%844-valve-19-mm","status":"publish","type":"product","link":"https:\/\/ibc.ee\/fi\/tuote\/s60x6-female-3%e2%81%844-valve-19-mm\/","title":{"rendered":"Adapteri IBC-s\u00e4ili\u00f6\u00f6n 2&#8243; venttiilill\u00e4 3\u20444&#8221; letkulle 19 mm"},"content":{"rendered":"<p>Adapteri IBC-s\u00e4ili\u00f6\u00f6n 2&#8243; venttiilill\u00e4 3\u20444&#8221; letkulle 19 mm. T\u00e4m\u00e4 on sovitin, joka sopii tavallisiin IBC-s\u00e4ili\u00f6ihin Valmistettu korkealaatuisesta muovista. Helppo asentaa.<\/p>\n","protected":false},"excerpt":{"rendered":"<p>Adapteri IBC-s\u00e4ili\u00f6\u00f6n 2&#8243; venttiilill\u00e4 3\u20444&#8221; letkulle 19 mm. T\u00e4m\u00e4 on sovitin, joka sopii tavallisiin IBC-s\u00e4ili\u00f6ihin Valmistettu korkealaatuisesta muovista. Helppo asentaa.<\/p>\n","protected":false},"featured_media":17775,"template":"","meta":[],"product_brand":[],"product_cat":[176,173],"product_tag":[],"class_list":{"0":"post-17780","1":"product","2":"type-product","3":"status-publish","4":"has-post-thumbnail","6":"product_cat-adapters-fittings-fi","7":"product_cat-tank-container-valve-fi","8":"product_shipping_class-omniva-fi","10":"first","11":"instock","12":"taxable","13":"shipping-taxable","14":"purchasable","15":"product-type-simple"},"yoast_head":"<!-- This site is optimized with the Yoast SEO plugin v26.9 - https:\/\/yoast.com\/product\/yoast-seo-wordpress\/ -->\n<title>Adapteri IBC-s\u00e4ili\u00f6\u00f6n 2&quot; venttiilill\u00e4 3\u20444&#039;&#039; letkulle 19 mm - IBC konteineri m&uuml;&uuml;k, vaadid, kraanid, mahutid<\/title>\n<meta name=\"description\" content=\"Adapteri IBC-s\u00e4ili\u00f6\u00f6n 2&quot; venttiilill\u00e4 3\u20444&#039;&#039; letkulle 19 mm. T\u00e4m\u00e4 on sovitin, joka sopii tavallisiin IBC-s\u00e4ili\u00f6ihin Valmistettu korkealaatuisesta muovista. Helppo asentaa.\" \/>\n<meta name=\"robots\" content=\"index, follow, max-snippet:-1, max-image-preview:large, max-video-preview:-1\" \/>\n<link rel=\"canonical\" href=\"https:\/\/ibc.ee\/fi\/tuote\/s60x6-female-3%e2%81%844-valve-19-mm\/\" \/>\n<meta property=\"og:locale\" content=\"fi_FI\" \/>\n<meta property=\"og:type\" content=\"article\" \/>\n<meta property=\"og:title\" content=\"Adapteri IBC-s\u00e4ili\u00f6\u00f6n 2&quot; venttiilill\u00e4 3\u20444&#039;&#039; letkulle 19 mm - IBC konteineri m&uuml;&uuml;k, vaadid, kraanid, mahutid\" \/>\n<meta property=\"og:description\" content=\"Adapteri IBC-s\u00e4ili\u00f6\u00f6n 2&quot; venttiilill\u00e4 3\u20444&#039;&#039; letkulle 19 mm. T\u00e4m\u00e4 on sovitin, joka sopii tavallisiin IBC-s\u00e4ili\u00f6ihin Valmistettu korkealaatuisesta muovista. Helppo asentaa.\" \/>\n<meta property=\"og:url\" content=\"https:\/\/ibc.ee\/fi\/tuote\/s60x6-female-3%e2%81%844-valve-19-mm\/\" \/>\n<meta property=\"og:site_name\" content=\"IBC konteineri m&uuml;&uuml;k, vaadid, kraanid, mahutid\" \/>\n<meta property=\"article:modified_time\" content=\"2025-04-21T16:43:13+00:00\" \/>\n<meta property=\"og:image\" content=\"https:\/\/ibc.ee\/wp-content\/uploads\/2019\/05\/P1019957.jpg\" \/>\n\t<meta property=\"og:image:width\" content=\"884\" \/>\n\t<meta property=\"og:image:height\" content=\"758\" \/>\n\t<meta property=\"og:image:type\" content=\"image\/jpeg\" \/>\n<meta name=\"twitter:card\" content=\"summary_large_image\" \/>\n<script type=\"application\/ld+json\" class=\"yoast-schema-graph\">{\"@context\":\"https:\/\/schema.org\",\"@graph\":[{\"@type\":\"WebPage\",\"@id\":\"https:\/\/ibc.ee\/fi\/tuote\/s60x6-female-3%e2%81%844-valve-19-mm\/\",\"url\":\"https:\/\/ibc.ee\/fi\/tuote\/s60x6-female-3%e2%81%844-valve-19-mm\/\",\"name\":\"Adapteri IBC-s\u00e4ili\u00f6\u00f6n 2\\\" venttiilill\u00e4 3\u20444'' letkulle 19 mm - IBC konteineri m&uuml;&uuml;k, vaadid, kraanid, mahutid\",\"isPartOf\":{\"@id\":\"https:\/\/www.ibc.ee\/fi\/#website\"},\"primaryImageOfPage\":{\"@id\":\"https:\/\/ibc.ee\/fi\/tuote\/s60x6-female-3%e2%81%844-valve-19-mm\/#primaryimage\"},\"image\":{\"@id\":\"https:\/\/ibc.ee\/fi\/tuote\/s60x6-female-3%e2%81%844-valve-19-mm\/#primaryimage\"},\"thumbnailUrl\":\"https:\/\/ibc.ee\/wp-content\/uploads\/2019\/05\/P1019957.jpg\",\"datePublished\":\"2019-05-13T10:37:07+00:00\",\"dateModified\":\"2025-04-21T16:43:13+00:00\",\"description\":\"Adapteri IBC-s\u00e4ili\u00f6\u00f6n 2\\\" venttiilill\u00e4 3\u20444'' letkulle 19 mm. T\u00e4m\u00e4 on sovitin, joka sopii tavallisiin IBC-s\u00e4ili\u00f6ihin Valmistettu korkealaatuisesta muovista. Helppo asentaa.\",\"breadcrumb\":{\"@id\":\"https:\/\/ibc.ee\/fi\/tuote\/s60x6-female-3%e2%81%844-valve-19-mm\/#breadcrumb\"},\"inLanguage\":\"fi\",\"potentialAction\":[{\"@type\":\"ReadAction\",\"target\":[\"https:\/\/ibc.ee\/fi\/tuote\/s60x6-female-3%e2%81%844-valve-19-mm\/\"]}]},{\"@type\":\"ImageObject\",\"inLanguage\":\"fi\",\"@id\":\"https:\/\/ibc.ee\/fi\/tuote\/s60x6-female-3%e2%81%844-valve-19-mm\/#primaryimage\",\"url\":\"https:\/\/ibc.ee\/wp-content\/uploads\/2019\/05\/P1019957.jpg\",\"contentUrl\":\"https:\/\/ibc.ee\/wp-content\/uploads\/2019\/05\/P1019957.jpg\",\"width\":884,\"height\":758,\"caption\":\"S60X6 female 3\u20444'' valve 19 mm\"},{\"@type\":\"BreadcrumbList\",\"@id\":\"https:\/\/ibc.ee\/fi\/tuote\/s60x6-female-3%e2%81%844-valve-19-mm\/#breadcrumb\",\"itemListElement\":[{\"@type\":\"ListItem\",\"position\":1,\"name\":\"\u0413\u043b\u0430\u0432\u043d\u0430\u044f \u0441\u0442\u0440\u0430\u043d\u0438\u0446\u0430\",\"item\":\"https:\/\/www.ibc.ee\/fi\/\"},{\"@type\":\"ListItem\",\"position\":2,\"name\":\"Myym\u00e4l\u00e4\",\"item\":\"https:\/\/www.ibc.ee\/fi\/shop\/\"},{\"@type\":\"ListItem\",\"position\":3,\"name\":\"Adapteri IBC-s\u00e4ili\u00f6\u00f6n 2&#8243; venttiilill\u00e4 3\u20444&#8221; letkulle 19 mm\"}]},{\"@type\":\"WebSite\",\"@id\":\"https:\/\/www.ibc.ee\/fi\/#website\",\"url\":\"https:\/\/www.ibc.ee\/fi\/\",\"name\":\"IBC konteineri m&uuml;&uuml;k, vaadid, kraanid, mahutid\",\"description\":\"IBC - Tank container valve, Adapters\\\\fittings, Intermediate bulk, container, Drums\/cans\",\"potentialAction\":[{\"@type\":\"SearchAction\",\"target\":{\"@type\":\"EntryPoint\",\"urlTemplate\":\"https:\/\/www.ibc.ee\/fi\/?s={search_term_string}\"},\"query-input\":{\"@type\":\"PropertyValueSpecification\",\"valueRequired\":true,\"valueName\":\"search_term_string\"}}],\"inLanguage\":\"fi\"}]}<\/script>\n<!-- \/ Yoast SEO plugin. -->","yoast_head_json":{"title":"Adapteri IBC-s\u00e4ili\u00f6\u00f6n 2\" venttiilill\u00e4 3\u20444'' letkulle 19 mm - IBC konteineri m&uuml;&uuml;k, vaadid, kraanid, mahutid","description":"Adapteri IBC-s\u00e4ili\u00f6\u00f6n 2\" venttiilill\u00e4 3\u20444'' letkulle 19 mm. T\u00e4m\u00e4 on sovitin, joka sopii tavallisiin IBC-s\u00e4ili\u00f6ihin Valmistettu korkealaatuisesta muovista. Helppo asentaa.","robots":{"index":"index","follow":"follow","max-snippet":"max-snippet:-1","max-image-preview":"max-image-preview:large","max-video-preview":"max-video-preview:-1"},"canonical":"https:\/\/ibc.ee\/fi\/tuote\/s60x6-female-3%e2%81%844-valve-19-mm\/","og_locale":"fi_FI","og_type":"article","og_title":"Adapteri IBC-s\u00e4ili\u00f6\u00f6n 2\" venttiilill\u00e4 3\u20444'' letkulle 19 mm - IBC konteineri m&uuml;&uuml;k, vaadid, kraanid, mahutid","og_description":"Adapteri IBC-s\u00e4ili\u00f6\u00f6n 2\" venttiilill\u00e4 3\u20444'' letkulle 19 mm. T\u00e4m\u00e4 on sovitin, joka sopii tavallisiin IBC-s\u00e4ili\u00f6ihin Valmistettu korkealaatuisesta muovista. Helppo asentaa.","og_url":"https:\/\/ibc.ee\/fi\/tuote\/s60x6-female-3%e2%81%844-valve-19-mm\/","og_site_name":"IBC konteineri m&uuml;&uuml;k, vaadid, kraanid, mahutid","article_modified_time":"2025-04-21T16:43:13+00:00","og_image":[{"width":884,"height":758,"url":"https:\/\/ibc.ee\/wp-content\/uploads\/2019\/05\/P1019957.jpg","type":"image\/jpeg"}],"twitter_card":"summary_large_image","schema":{"@context":"https:\/\/schema.org","@graph":[{"@type":"WebPage","@id":"https:\/\/ibc.ee\/fi\/tuote\/s60x6-female-3%e2%81%844-valve-19-mm\/","url":"https:\/\/ibc.ee\/fi\/tuote\/s60x6-female-3%e2%81%844-valve-19-mm\/","name":"Adapteri IBC-s\u00e4ili\u00f6\u00f6n 2\" venttiilill\u00e4 3\u20444'' letkulle 19 mm - IBC konteineri m&uuml;&uuml;k, vaadid, kraanid, mahutid","isPartOf":{"@id":"https:\/\/www.ibc.ee\/fi\/#website"},"primaryImageOfPage":{"@id":"https:\/\/ibc.ee\/fi\/tuote\/s60x6-female-3%e2%81%844-valve-19-mm\/#primaryimage"},"image":{"@id":"https:\/\/ibc.ee\/fi\/tuote\/s60x6-female-3%e2%81%844-valve-19-mm\/#primaryimage"},"thumbnailUrl":"https:\/\/ibc.ee\/wp-content\/uploads\/2019\/05\/P1019957.jpg","datePublished":"2019-05-13T10:37:07+00:00","dateModified":"2025-04-21T16:43:13+00:00","description":"Adapteri IBC-s\u00e4ili\u00f6\u00f6n 2\" venttiilill\u00e4 3\u20444'' letkulle 19 mm. T\u00e4m\u00e4 on sovitin, joka sopii tavallisiin IBC-s\u00e4ili\u00f6ihin Valmistettu korkealaatuisesta muovista. Helppo asentaa.","breadcrumb":{"@id":"https:\/\/ibc.ee\/fi\/tuote\/s60x6-female-3%e2%81%844-valve-19-mm\/#breadcrumb"},"inLanguage":"fi","potentialAction":[{"@type":"ReadAction","target":["https:\/\/ibc.ee\/fi\/tuote\/s60x6-female-3%e2%81%844-valve-19-mm\/"]}]},{"@type":"ImageObject","inLanguage":"fi","@id":"https:\/\/ibc.ee\/fi\/tuote\/s60x6-female-3%e2%81%844-valve-19-mm\/#primaryimage","url":"https:\/\/ibc.ee\/wp-content\/uploads\/2019\/05\/P1019957.jpg","contentUrl":"https:\/\/ibc.ee\/wp-content\/uploads\/2019\/05\/P1019957.jpg","width":884,"height":758,"caption":"S60X6 female 3\u20444'' valve 19 mm"},{"@type":"BreadcrumbList","@id":"https:\/\/ibc.ee\/fi\/tuote\/s60x6-female-3%e2%81%844-valve-19-mm\/#breadcrumb","itemListElement":[{"@type":"ListItem","position":1,"name":"\u0413\u043b\u0430\u0432\u043d\u0430\u044f \u0441\u0442\u0440\u0430\u043d\u0438\u0446\u0430","item":"https:\/\/www.ibc.ee\/fi\/"},{"@type":"ListItem","position":2,"name":"Myym\u00e4l\u00e4","item":"https:\/\/www.ibc.ee\/fi\/shop\/"},{"@type":"ListItem","position":3,"name":"Adapteri IBC-s\u00e4ili\u00f6\u00f6n 2&#8243; venttiilill\u00e4 3\u20444&#8221; letkulle 19 mm"}]},{"@type":"WebSite","@id":"https:\/\/www.ibc.ee\/fi\/#website","url":"https:\/\/www.ibc.ee\/fi\/","name":"IBC konteineri m&uuml;&uuml;k, vaadid, kraanid, mahutid","description":"IBC - Tank container valve, Adapters\\fittings, Intermediate bulk, container, Drums\/cans","potentialAction":[{"@type":"SearchAction","target":{"@type":"EntryPoint","urlTemplate":"https:\/\/www.ibc.ee\/fi\/?s={search_term_string}"},"query-input":{"@type":"PropertyValueSpecification","valueRequired":true,"valueName":"search_term_string"}}],"inLanguage":"fi"}]}},"_links":{"self":[{"href":"https:\/\/ibc.ee\/fi\/wp-json\/wp\/v2\/product\/17780","targetHints":{"allow":["GET"]}}],"collection":[{"href":"https:\/\/ibc.ee\/fi\/wp-json\/wp\/v2\/product"}],"about":[{"href":"https:\/\/ibc.ee\/fi\/wp-json\/wp\/v2\/types\/product"}],"wp:featuredmedia":[{"embeddable":true,"href":"https:\/\/ibc.ee\/fi\/wp-json\/wp\/v2\/media\/17775"}],"wp:attachment":[{"href":"https:\/\/ibc.ee\/fi\/wp-json\/wp\/v2\/media?parent=17780"}],"wp:term":[{"taxonomy":"product_brand","embeddable":true,"href":"https:\/\/ibc.ee\/fi\/wp-json\/wp\/v2\/product_brand?post=17780"},{"taxonomy":"product_cat","embeddable":true,"href":"https:\/\/ibc.ee\/fi\/wp-json\/wp\/v2\/product_cat?post=17780"},{"taxonomy":"product_tag","embeddable":true,"href":"https:\/\/ibc.ee\/fi\/wp-json\/wp\/v2\/product_tag?post=17780"}],"curies":[{"name":"wp","href":"https:\/\/api.w.org\/{rel}","templated":true}]}}