{"id":19636,"date":"2020-05-17T21:22:46","date_gmt":"2020-05-17T19:22:46","guid":{"rendered":"https:\/\/www.ibc.ee\/?post_type=product&#038;p=19636"},"modified":"2020-05-17T21:30:23","modified_gmt":"2020-05-17T19:30:23","slug":"adapteri-ibc-geka-kytkin-s60x6-naaras-1-2-venttiili-mm-dn15-pn25-nikkel-geka-letku-sinkitty-13-mm","status":"publish","type":"product","link":"https:\/\/ibc.ee\/fi\/tuote\/adapteri-ibc-geka-kytkin-s60x6-naaras-1-2-venttiili-mm-dn15-pn25-nikkel-geka-letku-sinkitty-13-mm\/","title":{"rendered":"Adapteri IBC &#8211; Geka-kytkin S60X6 naaras 1\/2&#8221; venttiili MM DN15 PN25 nikkel Geka-letku sinkitty 13 mm"},"content":{"rendered":"<p> Adapteri S60x6 IBC naaraslanka on sovitin 1000 valaisun astian ja 13 mm letkun kytkemiseen. Sovittimen keskelle sijoitettu DN15 PN25 -venttiili. Voit k\u00e4ytt\u00e4\u00e4 sit\u00e4 teollisuudessa, jossa k\u00e4ytet\u00e4\u00e4n erityyppisi\u00e4 nesteit\u00e4.<\/p>\n","protected":false},"excerpt":{"rendered":"<p>Adapteri S60x6 IBC naaraslanka on sovitin 1000 valaisun astian ja 13 mm letkun kytkemiseen. Sovittimen keskelle sijoitettu DN15 PN25 -venttiili. Voit k\u00e4ytt\u00e4\u00e4 sit\u00e4 teollisuudessa, jossa k\u00e4ytet\u00e4\u00e4n erityyppisi\u00e4 nesteit\u00e4.<\/p>\n","protected":false},"featured_media":19642,"template":"","meta":[],"product_brand":[],"product_cat":[176,173],"product_tag":[],"class_list":{"0":"post-19636","1":"product","2":"type-product","3":"status-publish","4":"has-post-thumbnail","6":"product_cat-adapters-fittings-fi","7":"product_cat-tank-container-valve-fi","8":"product_shipping_class-omniva-fi","10":"first","11":"onbackorder","12":"taxable","13":"shipping-taxable","14":"purchasable","15":"product-type-simple"},"yoast_head":"<!-- This site is optimized with the Yoast SEO plugin v26.9 - https:\/\/yoast.com\/product\/yoast-seo-wordpress\/ -->\n<title>Adapteri IBC - Geka-kytkin S60X6 naaras 1\/2&#039;&#039; venttiili MM DN15 PN25 nikkel Geka-letku sinkitty 13 mm<\/title>\n<meta name=\"description\" content=\"Adapteri IBC - Geka-kytkin S60X6 naaras 1\/2&#039;&#039; venttiili MM DN15 PN25 nikkel Geka-letku sinkitty 13 mm\" \/>\n<meta name=\"robots\" content=\"index, follow, max-snippet:-1, max-image-preview:large, max-video-preview:-1\" \/>\n<link rel=\"canonical\" href=\"https:\/\/ibc.ee\/fi\/tuote\/adapteri-ibc-geka-kytkin-s60x6-naaras-1-2-venttiili-mm-dn15-pn25-nikkel-geka-letku-sinkitty-13-mm\/\" \/>\n<meta property=\"og:locale\" content=\"fi_FI\" \/>\n<meta property=\"og:type\" content=\"article\" \/>\n<meta property=\"og:title\" content=\"Adapteri IBC - Geka-kytkin S60X6 naaras 1\/2&#039;&#039; venttiili MM DN15 PN25 nikkel Geka-letku sinkitty 13 mm\" \/>\n<meta property=\"og:description\" content=\"Adapteri IBC - Geka-kytkin S60X6 naaras 1\/2&#039;&#039; venttiili MM DN15 PN25 nikkel Geka-letku sinkitty 13 mm\" \/>\n<meta property=\"og:url\" content=\"https:\/\/ibc.ee\/fi\/tuote\/adapteri-ibc-geka-kytkin-s60x6-naaras-1-2-venttiili-mm-dn15-pn25-nikkel-geka-letku-sinkitty-13-mm\/\" \/>\n<meta property=\"og:site_name\" content=\"IBC konteineri m&uuml;&uuml;k, vaadid, kraanid, mahutid\" \/>\n<meta property=\"article:modified_time\" content=\"2020-05-17T19:30:23+00:00\" \/>\n<meta property=\"og:image\" content=\"https:\/\/ibc.ee\/wp-content\/uploads\/2020\/05\/Adapter-IBC-Geka-coupling-S60X6-female-12-valve-MM-DN15-PN25-nikkel-Geka-hose-brass-13-mm_1_wm.jpg\" \/>\n\t<meta property=\"og:image:width\" content=\"1000\" \/>\n\t<meta property=\"og:image:height\" content=\"1000\" \/>\n\t<meta property=\"og:image:type\" content=\"image\/jpeg\" \/>\n<meta name=\"twitter:card\" content=\"summary_large_image\" \/>\n<script type=\"application\/ld+json\" class=\"yoast-schema-graph\">{\"@context\":\"https:\/\/schema.org\",\"@graph\":[{\"@type\":\"WebPage\",\"@id\":\"https:\/\/ibc.ee\/fi\/tuote\/adapteri-ibc-geka-kytkin-s60x6-naaras-1-2-venttiili-mm-dn15-pn25-nikkel-geka-letku-sinkitty-13-mm\/\",\"url\":\"https:\/\/ibc.ee\/fi\/tuote\/adapteri-ibc-geka-kytkin-s60x6-naaras-1-2-venttiili-mm-dn15-pn25-nikkel-geka-letku-sinkitty-13-mm\/\",\"name\":\"Adapteri IBC - Geka-kytkin S60X6 naaras 1\/2'' venttiili MM DN15 PN25 nikkel Geka-letku sinkitty 13 mm\",\"isPartOf\":{\"@id\":\"https:\/\/www.ibc.ee\/fi\/#website\"},\"primaryImageOfPage\":{\"@id\":\"https:\/\/ibc.ee\/fi\/tuote\/adapteri-ibc-geka-kytkin-s60x6-naaras-1-2-venttiili-mm-dn15-pn25-nikkel-geka-letku-sinkitty-13-mm\/#primaryimage\"},\"image\":{\"@id\":\"https:\/\/ibc.ee\/fi\/tuote\/adapteri-ibc-geka-kytkin-s60x6-naaras-1-2-venttiili-mm-dn15-pn25-nikkel-geka-letku-sinkitty-13-mm\/#primaryimage\"},\"thumbnailUrl\":\"https:\/\/ibc.ee\/wp-content\/uploads\/2020\/05\/Adapter-IBC-Geka-coupling-S60X6-female-12-valve-MM-DN15-PN25-nikkel-Geka-hose-brass-13-mm_1_wm.jpg\",\"datePublished\":\"2020-05-17T19:22:46+00:00\",\"dateModified\":\"2020-05-17T19:30:23+00:00\",\"description\":\"Adapteri IBC - Geka-kytkin S60X6 naaras 1\/2'' venttiili MM DN15 PN25 nikkel Geka-letku sinkitty 13 mm\",\"breadcrumb\":{\"@id\":\"https:\/\/ibc.ee\/fi\/tuote\/adapteri-ibc-geka-kytkin-s60x6-naaras-1-2-venttiili-mm-dn15-pn25-nikkel-geka-letku-sinkitty-13-mm\/#breadcrumb\"},\"inLanguage\":\"fi\",\"potentialAction\":[{\"@type\":\"ReadAction\",\"target\":[\"https:\/\/ibc.ee\/fi\/tuote\/adapteri-ibc-geka-kytkin-s60x6-naaras-1-2-venttiili-mm-dn15-pn25-nikkel-geka-letku-sinkitty-13-mm\/\"]}]},{\"@type\":\"ImageObject\",\"inLanguage\":\"fi\",\"@id\":\"https:\/\/ibc.ee\/fi\/tuote\/adapteri-ibc-geka-kytkin-s60x6-naaras-1-2-venttiili-mm-dn15-pn25-nikkel-geka-letku-sinkitty-13-mm\/#primaryimage\",\"url\":\"https:\/\/ibc.ee\/wp-content\/uploads\/2020\/05\/Adapter-IBC-Geka-coupling-S60X6-female-12-valve-MM-DN15-PN25-nikkel-Geka-hose-brass-13-mm_1_wm.jpg\",\"contentUrl\":\"https:\/\/ibc.ee\/wp-content\/uploads\/2020\/05\/Adapter-IBC-Geka-coupling-S60X6-female-12-valve-MM-DN15-PN25-nikkel-Geka-hose-brass-13-mm_1_wm.jpg\",\"width\":1000,\"height\":1000,\"caption\":\"Adapteri IBC - Geka-kytkin S60X6 naaras 1'' venttiili MM DN25 PN30 nikkel Geka-letku sinkitty 20 mm\"},{\"@type\":\"BreadcrumbList\",\"@id\":\"https:\/\/ibc.ee\/fi\/tuote\/adapteri-ibc-geka-kytkin-s60x6-naaras-1-2-venttiili-mm-dn15-pn25-nikkel-geka-letku-sinkitty-13-mm\/#breadcrumb\",\"itemListElement\":[{\"@type\":\"ListItem\",\"position\":1,\"name\":\"\u0413\u043b\u0430\u0432\u043d\u0430\u044f \u0441\u0442\u0440\u0430\u043d\u0438\u0446\u0430\",\"item\":\"https:\/\/www.ibc.ee\/fi\/\"},{\"@type\":\"ListItem\",\"position\":2,\"name\":\"Myym\u00e4l\u00e4\",\"item\":\"https:\/\/www.ibc.ee\/fi\/shop\/\"},{\"@type\":\"ListItem\",\"position\":3,\"name\":\"Adapteri IBC &#8211; Geka-kytkin S60X6 naaras 1\/2&#8221; venttiili MM DN15 PN25 nikkel Geka-letku sinkitty 13 mm\"}]},{\"@type\":\"WebSite\",\"@id\":\"https:\/\/www.ibc.ee\/fi\/#website\",\"url\":\"https:\/\/www.ibc.ee\/fi\/\",\"name\":\"IBC konteineri m&uuml;&uuml;k, vaadid, kraanid, mahutid\",\"description\":\"IBC - Tank container valve, Adapters\\\\fittings, Intermediate bulk, container, Drums\/cans\",\"potentialAction\":[{\"@type\":\"SearchAction\",\"target\":{\"@type\":\"EntryPoint\",\"urlTemplate\":\"https:\/\/www.ibc.ee\/fi\/?s={search_term_string}\"},\"query-input\":{\"@type\":\"PropertyValueSpecification\",\"valueRequired\":true,\"valueName\":\"search_term_string\"}}],\"inLanguage\":\"fi\"}]}<\/script>\n<!-- \/ Yoast SEO plugin. -->","yoast_head_json":{"title":"Adapteri IBC - Geka-kytkin S60X6 naaras 1\/2'' venttiili MM DN15 PN25 nikkel Geka-letku sinkitty 13 mm","description":"Adapteri IBC - Geka-kytkin S60X6 naaras 1\/2'' venttiili MM DN15 PN25 nikkel Geka-letku sinkitty 13 mm","robots":{"index":"index","follow":"follow","max-snippet":"max-snippet:-1","max-image-preview":"max-image-preview:large","max-video-preview":"max-video-preview:-1"},"canonical":"https:\/\/ibc.ee\/fi\/tuote\/adapteri-ibc-geka-kytkin-s60x6-naaras-1-2-venttiili-mm-dn15-pn25-nikkel-geka-letku-sinkitty-13-mm\/","og_locale":"fi_FI","og_type":"article","og_title":"Adapteri IBC - Geka-kytkin S60X6 naaras 1\/2'' venttiili MM DN15 PN25 nikkel Geka-letku sinkitty 13 mm","og_description":"Adapteri IBC - Geka-kytkin S60X6 naaras 1\/2'' venttiili MM DN15 PN25 nikkel Geka-letku sinkitty 13 mm","og_url":"https:\/\/ibc.ee\/fi\/tuote\/adapteri-ibc-geka-kytkin-s60x6-naaras-1-2-venttiili-mm-dn15-pn25-nikkel-geka-letku-sinkitty-13-mm\/","og_site_name":"IBC konteineri m&uuml;&uuml;k, vaadid, kraanid, mahutid","article_modified_time":"2020-05-17T19:30:23+00:00","og_image":[{"width":1000,"height":1000,"url":"https:\/\/ibc.ee\/wp-content\/uploads\/2020\/05\/Adapter-IBC-Geka-coupling-S60X6-female-12-valve-MM-DN15-PN25-nikkel-Geka-hose-brass-13-mm_1_wm.jpg","type":"image\/jpeg"}],"twitter_card":"summary_large_image","schema":{"@context":"https:\/\/schema.org","@graph":[{"@type":"WebPage","@id":"https:\/\/ibc.ee\/fi\/tuote\/adapteri-ibc-geka-kytkin-s60x6-naaras-1-2-venttiili-mm-dn15-pn25-nikkel-geka-letku-sinkitty-13-mm\/","url":"https:\/\/ibc.ee\/fi\/tuote\/adapteri-ibc-geka-kytkin-s60x6-naaras-1-2-venttiili-mm-dn15-pn25-nikkel-geka-letku-sinkitty-13-mm\/","name":"Adapteri IBC - Geka-kytkin S60X6 naaras 1\/2'' venttiili MM DN15 PN25 nikkel Geka-letku sinkitty 13 mm","isPartOf":{"@id":"https:\/\/www.ibc.ee\/fi\/#website"},"primaryImageOfPage":{"@id":"https:\/\/ibc.ee\/fi\/tuote\/adapteri-ibc-geka-kytkin-s60x6-naaras-1-2-venttiili-mm-dn15-pn25-nikkel-geka-letku-sinkitty-13-mm\/#primaryimage"},"image":{"@id":"https:\/\/ibc.ee\/fi\/tuote\/adapteri-ibc-geka-kytkin-s60x6-naaras-1-2-venttiili-mm-dn15-pn25-nikkel-geka-letku-sinkitty-13-mm\/#primaryimage"},"thumbnailUrl":"https:\/\/ibc.ee\/wp-content\/uploads\/2020\/05\/Adapter-IBC-Geka-coupling-S60X6-female-12-valve-MM-DN15-PN25-nikkel-Geka-hose-brass-13-mm_1_wm.jpg","datePublished":"2020-05-17T19:22:46+00:00","dateModified":"2020-05-17T19:30:23+00:00","description":"Adapteri IBC - Geka-kytkin S60X6 naaras 1\/2'' venttiili MM DN15 PN25 nikkel Geka-letku sinkitty 13 mm","breadcrumb":{"@id":"https:\/\/ibc.ee\/fi\/tuote\/adapteri-ibc-geka-kytkin-s60x6-naaras-1-2-venttiili-mm-dn15-pn25-nikkel-geka-letku-sinkitty-13-mm\/#breadcrumb"},"inLanguage":"fi","potentialAction":[{"@type":"ReadAction","target":["https:\/\/ibc.ee\/fi\/tuote\/adapteri-ibc-geka-kytkin-s60x6-naaras-1-2-venttiili-mm-dn15-pn25-nikkel-geka-letku-sinkitty-13-mm\/"]}]},{"@type":"ImageObject","inLanguage":"fi","@id":"https:\/\/ibc.ee\/fi\/tuote\/adapteri-ibc-geka-kytkin-s60x6-naaras-1-2-venttiili-mm-dn15-pn25-nikkel-geka-letku-sinkitty-13-mm\/#primaryimage","url":"https:\/\/ibc.ee\/wp-content\/uploads\/2020\/05\/Adapter-IBC-Geka-coupling-S60X6-female-12-valve-MM-DN15-PN25-nikkel-Geka-hose-brass-13-mm_1_wm.jpg","contentUrl":"https:\/\/ibc.ee\/wp-content\/uploads\/2020\/05\/Adapter-IBC-Geka-coupling-S60X6-female-12-valve-MM-DN15-PN25-nikkel-Geka-hose-brass-13-mm_1_wm.jpg","width":1000,"height":1000,"caption":"Adapteri IBC - Geka-kytkin S60X6 naaras 1'' venttiili MM DN25 PN30 nikkel Geka-letku sinkitty 20 mm"},{"@type":"BreadcrumbList","@id":"https:\/\/ibc.ee\/fi\/tuote\/adapteri-ibc-geka-kytkin-s60x6-naaras-1-2-venttiili-mm-dn15-pn25-nikkel-geka-letku-sinkitty-13-mm\/#breadcrumb","itemListElement":[{"@type":"ListItem","position":1,"name":"\u0413\u043b\u0430\u0432\u043d\u0430\u044f \u0441\u0442\u0440\u0430\u043d\u0438\u0446\u0430","item":"https:\/\/www.ibc.ee\/fi\/"},{"@type":"ListItem","position":2,"name":"Myym\u00e4l\u00e4","item":"https:\/\/www.ibc.ee\/fi\/shop\/"},{"@type":"ListItem","position":3,"name":"Adapteri IBC &#8211; Geka-kytkin S60X6 naaras 1\/2&#8221; venttiili MM DN15 PN25 nikkel Geka-letku sinkitty 13 mm"}]},{"@type":"WebSite","@id":"https:\/\/www.ibc.ee\/fi\/#website","url":"https:\/\/www.ibc.ee\/fi\/","name":"IBC konteineri m&uuml;&uuml;k, vaadid, kraanid, mahutid","description":"IBC - Tank container valve, Adapters\\fittings, Intermediate bulk, container, Drums\/cans","potentialAction":[{"@type":"SearchAction","target":{"@type":"EntryPoint","urlTemplate":"https:\/\/www.ibc.ee\/fi\/?s={search_term_string}"},"query-input":{"@type":"PropertyValueSpecification","valueRequired":true,"valueName":"search_term_string"}}],"inLanguage":"fi"}]}},"_links":{"self":[{"href":"https:\/\/ibc.ee\/fi\/wp-json\/wp\/v2\/product\/19636","targetHints":{"allow":["GET"]}}],"collection":[{"href":"https:\/\/ibc.ee\/fi\/wp-json\/wp\/v2\/product"}],"about":[{"href":"https:\/\/ibc.ee\/fi\/wp-json\/wp\/v2\/types\/product"}],"wp:featuredmedia":[{"embeddable":true,"href":"https:\/\/ibc.ee\/fi\/wp-json\/wp\/v2\/media\/19642"}],"wp:attachment":[{"href":"https:\/\/ibc.ee\/fi\/wp-json\/wp\/v2\/media?parent=19636"}],"wp:term":[{"taxonomy":"product_brand","embeddable":true,"href":"https:\/\/ibc.ee\/fi\/wp-json\/wp\/v2\/product_brand?post=19636"},{"taxonomy":"product_cat","embeddable":true,"href":"https:\/\/ibc.ee\/fi\/wp-json\/wp\/v2\/product_cat?post=19636"},{"taxonomy":"product_tag","embeddable":true,"href":"https:\/\/ibc.ee\/fi\/wp-json\/wp\/v2\/product_tag?post=19636"}],"curies":[{"name":"wp","href":"https:\/\/api.w.org\/{rel}","templated":true}]}}