{"id":19808,"date":"2020-07-08T11:14:15","date_gmt":"2020-07-08T09:14:15","guid":{"rendered":"https:\/\/ibc.ee\/?post_type=product&#038;p=19808"},"modified":"2020-07-09T06:14:54","modified_gmt":"2020-07-09T04:14:54","slug":"muovinen-rumpulammitin","status":"publish","type":"product","link":"https:\/\/ibc.ee\/fi\/tuote\/muovinen-rumpulammitin\/","title":{"rendered":"Muovinen rumpul\u00e4mmitin"},"content":{"rendered":"<p>Rummul\u00e4mmittimet ovat t\u00e4ydellisi\u00e4 rummille, joissa haluat pit\u00e4\u00e4 sis\u00e4ll\u00f6n tasaisen l\u00e4mp\u00f6tilan, tietyn viskositeetin tai pit\u00e4\u00e4 sis\u00e4ll\u00f6n j\u00e4\u00e4tym\u00e4st\u00e4. Rummul\u00e4mmittimet on varustettu helppok\u00e4ytt\u00f6isill\u00e4 digitaalisilla s\u00e4\u00e4timill\u00e4 tai termostaateilla, joiden l\u00e4mp\u00f6tila vaihtelee v\u00e4lill\u00e4 0 \u00b0 C &#8211; 200 \u00b0 C, mik\u00e4 tekee rummunl\u00e4mmittimist\u00e4 ihanteelliset mihin tahansa tarkoitukseen. Rummul\u00e4mmittimet on suunniteltu kest\u00e4v\u00e4ksi ja kest\u00e4v\u00e4ksi korkealaatuiseksi ja kevyeksi muotoiluksi, ja rakenne yhdess\u00e4 nopeasti vapautuvien nauhahihnojen ansiosta rummunl\u00e4mmitin on helppo kiinnitt\u00e4\u00e4 mihin tahansa vakiokokoiseen rumpuun.<\/p>\n","protected":false},"excerpt":{"rendered":"<p> \u2022 Suunniteltu elintarviketeollisuudelle <br \/>\n\u2022 Silikoni \/ lasikangastakki. <br \/>\n\u2022 Lasikuituhuopa. <br \/>\n\u2022 Silikonieristetty kierrehaavan vastuselementti. <br \/>\n\u2022 S\u00e4\u00e4dett\u00e4v\u00e4t pikakiinnikkeet. <br \/>\n\u2022 3 metrin virtajohto. <br \/>\n\u2022 Vakiokoko 200L (55 Gal.). <br \/>\n\u2022 Termostaatti 0-120 \u00b0 C (32-248 \u00b0 F). <br \/>\n\u2022 IP54-suojaus. <br \/>\n\u2022 L\u00e4mmityksen kesto n. 24 h (200 l vett\u00e4 +15 \u00b0 C: sta 80 \u00b0 C: seen 1200 W: n rummunl\u00e4mmittimell\u00e4). <\/p>\n<p style=\"text-align: justify;\">[popup_anything id=&#8221;15522&#8243;]<\/p>\n","protected":false},"featured_media":19815,"template":"","meta":[],"product_brand":[],"product_cat":[402],"product_tag":[],"class_list":{"0":"post-19808","1":"product","2":"type-product","3":"status-publish","4":"has-post-thumbnail","6":"product_cat-ibc-ja-rummut-lammitys","7":"product_shipping_class-omniva-fi","9":"first","10":"onbackorder","11":"taxable","12":"shipping-taxable","13":"purchasable","14":"product-type-simple"},"yoast_head":"<!-- This site is optimized with the Yoast SEO plugin v26.9 - https:\/\/yoast.com\/product\/yoast-seo-wordpress\/ -->\n<title>Muovinen rumpul\u00e4mmitin<\/title>\n<meta name=\"description\" content=\"Rummul\u00e4mmittimet ovat t\u00e4ydellisi\u00e4 rummille, joissa haluat pit\u00e4\u00e4 sis\u00e4ll\u00f6n tasaisen l\u00e4mp\u00f6tilan, tietyn viskositeetin tai pit\u00e4\u00e4 sis\u00e4ll\u00f6n j\u00e4\u00e4tym\u00e4st\u00e4.\" \/>\n<meta name=\"robots\" content=\"index, follow, max-snippet:-1, max-image-preview:large, max-video-preview:-1\" \/>\n<link rel=\"canonical\" href=\"https:\/\/ibc.ee\/fi\/tuote\/muovinen-rumpulammitin\/\" \/>\n<meta property=\"og:locale\" content=\"fi_FI\" \/>\n<meta property=\"og:type\" content=\"article\" \/>\n<meta property=\"og:title\" content=\"Muovinen rumpul\u00e4mmitin\" \/>\n<meta property=\"og:description\" content=\"Rummul\u00e4mmittimet ovat t\u00e4ydellisi\u00e4 rummille, joissa haluat pit\u00e4\u00e4 sis\u00e4ll\u00f6n tasaisen l\u00e4mp\u00f6tilan, tietyn viskositeetin tai pit\u00e4\u00e4 sis\u00e4ll\u00f6n j\u00e4\u00e4tym\u00e4st\u00e4.\" \/>\n<meta property=\"og:url\" content=\"https:\/\/ibc.ee\/fi\/tuote\/muovinen-rumpulammitin\/\" \/>\n<meta property=\"og:site_name\" content=\"IBC konteineri m&uuml;&uuml;k, vaadid, kraanid, mahutid\" \/>\n<meta property=\"article:modified_time\" content=\"2020-07-09T04:14:54+00:00\" \/>\n<meta property=\"og:image\" content=\"https:\/\/ibc.ee\/wp-content\/uploads\/2020\/07\/Plastic-200L-drum-heater-MasterChem.jpg\" \/>\n\t<meta property=\"og:image:width\" content=\"1000\" \/>\n\t<meta property=\"og:image:height\" content=\"1000\" \/>\n\t<meta property=\"og:image:type\" content=\"image\/jpeg\" \/>\n<meta name=\"twitter:card\" content=\"summary_large_image\" \/>\n<script type=\"application\/ld+json\" class=\"yoast-schema-graph\">{\"@context\":\"https:\/\/schema.org\",\"@graph\":[{\"@type\":\"WebPage\",\"@id\":\"https:\/\/ibc.ee\/fi\/tuote\/muovinen-rumpulammitin\/\",\"url\":\"https:\/\/ibc.ee\/fi\/tuote\/muovinen-rumpulammitin\/\",\"name\":\"Muovinen rumpul\u00e4mmitin\",\"isPartOf\":{\"@id\":\"https:\/\/www.ibc.ee\/fi\/#website\"},\"primaryImageOfPage\":{\"@id\":\"https:\/\/ibc.ee\/fi\/tuote\/muovinen-rumpulammitin\/#primaryimage\"},\"image\":{\"@id\":\"https:\/\/ibc.ee\/fi\/tuote\/muovinen-rumpulammitin\/#primaryimage\"},\"thumbnailUrl\":\"https:\/\/ibc.ee\/wp-content\/uploads\/2020\/07\/Plastic-200L-drum-heater-MasterChem.jpg\",\"datePublished\":\"2020-07-08T09:14:15+00:00\",\"dateModified\":\"2020-07-09T04:14:54+00:00\",\"description\":\"Rummul\u00e4mmittimet ovat t\u00e4ydellisi\u00e4 rummille, joissa haluat pit\u00e4\u00e4 sis\u00e4ll\u00f6n tasaisen l\u00e4mp\u00f6tilan, tietyn viskositeetin tai pit\u00e4\u00e4 sis\u00e4ll\u00f6n j\u00e4\u00e4tym\u00e4st\u00e4.\",\"breadcrumb\":{\"@id\":\"https:\/\/ibc.ee\/fi\/tuote\/muovinen-rumpulammitin\/#breadcrumb\"},\"inLanguage\":\"fi\",\"potentialAction\":[{\"@type\":\"ReadAction\",\"target\":[\"https:\/\/ibc.ee\/fi\/tuote\/muovinen-rumpulammitin\/\"]}]},{\"@type\":\"ImageObject\",\"inLanguage\":\"fi\",\"@id\":\"https:\/\/ibc.ee\/fi\/tuote\/muovinen-rumpulammitin\/#primaryimage\",\"url\":\"https:\/\/ibc.ee\/wp-content\/uploads\/2020\/07\/Plastic-200L-drum-heater-MasterChem.jpg\",\"contentUrl\":\"https:\/\/ibc.ee\/wp-content\/uploads\/2020\/07\/Plastic-200L-drum-heater-MasterChem.jpg\",\"width\":1000,\"height\":1000,\"caption\":\"Muovinen rumpul\u00e4mmitin MasterChem\"},{\"@type\":\"BreadcrumbList\",\"@id\":\"https:\/\/ibc.ee\/fi\/tuote\/muovinen-rumpulammitin\/#breadcrumb\",\"itemListElement\":[{\"@type\":\"ListItem\",\"position\":1,\"name\":\"\u0413\u043b\u0430\u0432\u043d\u0430\u044f \u0441\u0442\u0440\u0430\u043d\u0438\u0446\u0430\",\"item\":\"https:\/\/www.ibc.ee\/fi\/\"},{\"@type\":\"ListItem\",\"position\":2,\"name\":\"Myym\u00e4l\u00e4\",\"item\":\"https:\/\/www.ibc.ee\/fi\/shop\/\"},{\"@type\":\"ListItem\",\"position\":3,\"name\":\"Muovinen rumpul\u00e4mmitin\"}]},{\"@type\":\"WebSite\",\"@id\":\"https:\/\/www.ibc.ee\/fi\/#website\",\"url\":\"https:\/\/www.ibc.ee\/fi\/\",\"name\":\"IBC konteineri m&uuml;&uuml;k, vaadid, kraanid, mahutid\",\"description\":\"IBC - Tank container valve, Adapters\\\\fittings, Intermediate bulk, container, Drums\/cans\",\"potentialAction\":[{\"@type\":\"SearchAction\",\"target\":{\"@type\":\"EntryPoint\",\"urlTemplate\":\"https:\/\/www.ibc.ee\/fi\/?s={search_term_string}\"},\"query-input\":{\"@type\":\"PropertyValueSpecification\",\"valueRequired\":true,\"valueName\":\"search_term_string\"}}],\"inLanguage\":\"fi\"}]}<\/script>\n<!-- \/ Yoast SEO plugin. -->","yoast_head_json":{"title":"Muovinen rumpul\u00e4mmitin","description":"Rummul\u00e4mmittimet ovat t\u00e4ydellisi\u00e4 rummille, joissa haluat pit\u00e4\u00e4 sis\u00e4ll\u00f6n tasaisen l\u00e4mp\u00f6tilan, tietyn viskositeetin tai pit\u00e4\u00e4 sis\u00e4ll\u00f6n j\u00e4\u00e4tym\u00e4st\u00e4.","robots":{"index":"index","follow":"follow","max-snippet":"max-snippet:-1","max-image-preview":"max-image-preview:large","max-video-preview":"max-video-preview:-1"},"canonical":"https:\/\/ibc.ee\/fi\/tuote\/muovinen-rumpulammitin\/","og_locale":"fi_FI","og_type":"article","og_title":"Muovinen rumpul\u00e4mmitin","og_description":"Rummul\u00e4mmittimet ovat t\u00e4ydellisi\u00e4 rummille, joissa haluat pit\u00e4\u00e4 sis\u00e4ll\u00f6n tasaisen l\u00e4mp\u00f6tilan, tietyn viskositeetin tai pit\u00e4\u00e4 sis\u00e4ll\u00f6n j\u00e4\u00e4tym\u00e4st\u00e4.","og_url":"https:\/\/ibc.ee\/fi\/tuote\/muovinen-rumpulammitin\/","og_site_name":"IBC konteineri m&uuml;&uuml;k, vaadid, kraanid, mahutid","article_modified_time":"2020-07-09T04:14:54+00:00","og_image":[{"width":1000,"height":1000,"url":"https:\/\/ibc.ee\/wp-content\/uploads\/2020\/07\/Plastic-200L-drum-heater-MasterChem.jpg","type":"image\/jpeg"}],"twitter_card":"summary_large_image","schema":{"@context":"https:\/\/schema.org","@graph":[{"@type":"WebPage","@id":"https:\/\/ibc.ee\/fi\/tuote\/muovinen-rumpulammitin\/","url":"https:\/\/ibc.ee\/fi\/tuote\/muovinen-rumpulammitin\/","name":"Muovinen rumpul\u00e4mmitin","isPartOf":{"@id":"https:\/\/www.ibc.ee\/fi\/#website"},"primaryImageOfPage":{"@id":"https:\/\/ibc.ee\/fi\/tuote\/muovinen-rumpulammitin\/#primaryimage"},"image":{"@id":"https:\/\/ibc.ee\/fi\/tuote\/muovinen-rumpulammitin\/#primaryimage"},"thumbnailUrl":"https:\/\/ibc.ee\/wp-content\/uploads\/2020\/07\/Plastic-200L-drum-heater-MasterChem.jpg","datePublished":"2020-07-08T09:14:15+00:00","dateModified":"2020-07-09T04:14:54+00:00","description":"Rummul\u00e4mmittimet ovat t\u00e4ydellisi\u00e4 rummille, joissa haluat pit\u00e4\u00e4 sis\u00e4ll\u00f6n tasaisen l\u00e4mp\u00f6tilan, tietyn viskositeetin tai pit\u00e4\u00e4 sis\u00e4ll\u00f6n j\u00e4\u00e4tym\u00e4st\u00e4.","breadcrumb":{"@id":"https:\/\/ibc.ee\/fi\/tuote\/muovinen-rumpulammitin\/#breadcrumb"},"inLanguage":"fi","potentialAction":[{"@type":"ReadAction","target":["https:\/\/ibc.ee\/fi\/tuote\/muovinen-rumpulammitin\/"]}]},{"@type":"ImageObject","inLanguage":"fi","@id":"https:\/\/ibc.ee\/fi\/tuote\/muovinen-rumpulammitin\/#primaryimage","url":"https:\/\/ibc.ee\/wp-content\/uploads\/2020\/07\/Plastic-200L-drum-heater-MasterChem.jpg","contentUrl":"https:\/\/ibc.ee\/wp-content\/uploads\/2020\/07\/Plastic-200L-drum-heater-MasterChem.jpg","width":1000,"height":1000,"caption":"Muovinen rumpul\u00e4mmitin MasterChem"},{"@type":"BreadcrumbList","@id":"https:\/\/ibc.ee\/fi\/tuote\/muovinen-rumpulammitin\/#breadcrumb","itemListElement":[{"@type":"ListItem","position":1,"name":"\u0413\u043b\u0430\u0432\u043d\u0430\u044f \u0441\u0442\u0440\u0430\u043d\u0438\u0446\u0430","item":"https:\/\/www.ibc.ee\/fi\/"},{"@type":"ListItem","position":2,"name":"Myym\u00e4l\u00e4","item":"https:\/\/www.ibc.ee\/fi\/shop\/"},{"@type":"ListItem","position":3,"name":"Muovinen rumpul\u00e4mmitin"}]},{"@type":"WebSite","@id":"https:\/\/www.ibc.ee\/fi\/#website","url":"https:\/\/www.ibc.ee\/fi\/","name":"IBC konteineri m&uuml;&uuml;k, vaadid, kraanid, mahutid","description":"IBC - Tank container valve, Adapters\\fittings, Intermediate bulk, container, Drums\/cans","potentialAction":[{"@type":"SearchAction","target":{"@type":"EntryPoint","urlTemplate":"https:\/\/www.ibc.ee\/fi\/?s={search_term_string}"},"query-input":{"@type":"PropertyValueSpecification","valueRequired":true,"valueName":"search_term_string"}}],"inLanguage":"fi"}]}},"_links":{"self":[{"href":"https:\/\/ibc.ee\/fi\/wp-json\/wp\/v2\/product\/19808","targetHints":{"allow":["GET"]}}],"collection":[{"href":"https:\/\/ibc.ee\/fi\/wp-json\/wp\/v2\/product"}],"about":[{"href":"https:\/\/ibc.ee\/fi\/wp-json\/wp\/v2\/types\/product"}],"wp:featuredmedia":[{"embeddable":true,"href":"https:\/\/ibc.ee\/fi\/wp-json\/wp\/v2\/media\/19815"}],"wp:attachment":[{"href":"https:\/\/ibc.ee\/fi\/wp-json\/wp\/v2\/media?parent=19808"}],"wp:term":[{"taxonomy":"product_brand","embeddable":true,"href":"https:\/\/ibc.ee\/fi\/wp-json\/wp\/v2\/product_brand?post=19808"},{"taxonomy":"product_cat","embeddable":true,"href":"https:\/\/ibc.ee\/fi\/wp-json\/wp\/v2\/product_cat?post=19808"},{"taxonomy":"product_tag","embeddable":true,"href":"https:\/\/ibc.ee\/fi\/wp-json\/wp\/v2\/product_tag?post=19808"}],"curies":[{"name":"wp","href":"https:\/\/api.w.org\/{rel}","templated":true}]}}