{"id":19829,"date":"2020-07-08T17:09:50","date_gmt":"2020-07-08T15:09:50","guid":{"rendered":"https:\/\/www.ibc.ee\/?post_type=product&#038;p=19829"},"modified":"2020-07-09T06:14:45","modified_gmt":"2020-07-09T04:14:45","slug":"ibc-sailytysastian-lammitin","status":"publish","type":"product","link":"https:\/\/ibc.ee\/fi\/tuote\/ibc-sailytysastian-lammitin\/","title":{"rendered":"IBC-s\u00e4ilytysastian l\u00e4mmitin"},"content":{"rendered":"<p>L\u00e4mmitetty foliomatto IBC: n pohjan alla on halpa, k\u00e4tev\u00e4 ja helppo tapa pit\u00e4\u00e4 IBC l\u00e4mpim\u00e4n\u00e4 tai pakkasettomana. Kalvonl\u00e4mmitysmatto kest\u00e4\u00e4 eritt\u00e4in hyvin t\u00e4ytetyn astian kuormituksen.<\/p>\n","protected":false},"excerpt":{"rendered":"<p> <strong> Tekniset tiedot: <\/strong> <br \/>\n\u2022 1400 W tai 1080 W, 230 V <br \/>\n\u2022 Mitat 1095 mm x 895 mm <br \/>\n\u2022 Virtajohto 1,5 m &#8211; ilman pistoketta <br \/>\n\u2022 Kuumenna koko vesis\u00e4ili\u00f6t\u00e4 l\u00e4mp\u00f6tilasta +10 \u00b0 C &#8211; + 43 \u00b0 C v\u00e4hint\u00e4\u00e4n 48 tunnin ajan. Kuumentuaksesi viel\u00e4kin nopeammin, s\u00e4ili\u00f6 on tarpeen erist\u00e4\u00e4 lis\u00e4ksi <br \/>\n\u2022 L\u00e4mmitetty foliomatto on varustettu bimetallisella ylikuumenemissuojalla, joka toimii + 50 \/ + 60 \u00b0 C: ssa. <\/p>\n<p style=\"text-align: justify;\">[popup_anything id=&#8221;15522&#8243;]<\/p>\n","protected":false},"featured_media":19835,"template":"","meta":[],"product_brand":[],"product_cat":[402],"product_tag":[],"class_list":{"0":"post-19829","1":"product","2":"type-product","3":"status-publish","4":"has-post-thumbnail","6":"product_cat-ibc-ja-rummut-lammitys","7":"product_shipping_class-omniva-fi","9":"first","10":"onbackorder","11":"taxable","12":"shipping-taxable","13":"purchasable","14":"product-type-simple"},"yoast_head":"<!-- This site is optimized with the Yoast SEO plugin v26.9 - https:\/\/yoast.com\/product\/yoast-seo-wordpress\/ -->\n<title>IBC-s\u00e4ilytysastian l\u00e4mmitin<\/title>\n<meta name=\"description\" content=\"L\u00e4mmitetty foliomatto IBC: n pohjan alla on halpa, k\u00e4tev\u00e4 ja helppo tapa pit\u00e4\u00e4 IBC l\u00e4mpim\u00e4n\u00e4 tai pakkasettomana. Kalvonl\u00e4mmitysmatto kest\u00e4\u00e4 eritt\u00e4in hyvin t\u00e4ytetyn astian kuormituksen.\" \/>\n<meta name=\"robots\" content=\"index, follow, max-snippet:-1, max-image-preview:large, max-video-preview:-1\" \/>\n<link rel=\"canonical\" href=\"https:\/\/ibc.ee\/fi\/tuote\/ibc-sailytysastian-lammitin\/\" \/>\n<meta property=\"og:locale\" content=\"fi_FI\" \/>\n<meta property=\"og:type\" content=\"article\" \/>\n<meta property=\"og:title\" content=\"IBC-s\u00e4ilytysastian l\u00e4mmitin\" \/>\n<meta property=\"og:description\" content=\"L\u00e4mmitetty foliomatto IBC: n pohjan alla on halpa, k\u00e4tev\u00e4 ja helppo tapa pit\u00e4\u00e4 IBC l\u00e4mpim\u00e4n\u00e4 tai pakkasettomana. Kalvonl\u00e4mmitysmatto kest\u00e4\u00e4 eritt\u00e4in hyvin t\u00e4ytetyn astian kuormituksen.\" \/>\n<meta property=\"og:url\" content=\"https:\/\/ibc.ee\/fi\/tuote\/ibc-sailytysastian-lammitin\/\" \/>\n<meta property=\"og:site_name\" content=\"IBC konteineri m&uuml;&uuml;k, vaadid, kraanid, mahutid\" \/>\n<meta property=\"article:modified_time\" content=\"2020-07-09T04:14:45+00:00\" \/>\n<meta property=\"og:image\" content=\"https:\/\/ibc.ee\/wp-content\/uploads\/2020\/07\/IBC-konteineri-kuttega-fooliummatt-MasterChem.jpg\" \/>\n\t<meta property=\"og:image:width\" content=\"700\" \/>\n\t<meta property=\"og:image:height\" content=\"700\" \/>\n\t<meta property=\"og:image:type\" content=\"image\/jpeg\" \/>\n<meta name=\"twitter:card\" content=\"summary_large_image\" \/>\n<script type=\"application\/ld+json\" class=\"yoast-schema-graph\">{\"@context\":\"https:\/\/schema.org\",\"@graph\":[{\"@type\":\"WebPage\",\"@id\":\"https:\/\/ibc.ee\/fi\/tuote\/ibc-sailytysastian-lammitin\/\",\"url\":\"https:\/\/ibc.ee\/fi\/tuote\/ibc-sailytysastian-lammitin\/\",\"name\":\"IBC-s\u00e4ilytysastian l\u00e4mmitin\",\"isPartOf\":{\"@id\":\"https:\/\/www.ibc.ee\/fi\/#website\"},\"primaryImageOfPage\":{\"@id\":\"https:\/\/ibc.ee\/fi\/tuote\/ibc-sailytysastian-lammitin\/#primaryimage\"},\"image\":{\"@id\":\"https:\/\/ibc.ee\/fi\/tuote\/ibc-sailytysastian-lammitin\/#primaryimage\"},\"thumbnailUrl\":\"https:\/\/ibc.ee\/wp-content\/uploads\/2020\/07\/IBC-konteineri-kuttega-fooliummatt-MasterChem.jpg\",\"datePublished\":\"2020-07-08T15:09:50+00:00\",\"dateModified\":\"2020-07-09T04:14:45+00:00\",\"description\":\"L\u00e4mmitetty foliomatto IBC: n pohjan alla on halpa, k\u00e4tev\u00e4 ja helppo tapa pit\u00e4\u00e4 IBC l\u00e4mpim\u00e4n\u00e4 tai pakkasettomana. Kalvonl\u00e4mmitysmatto kest\u00e4\u00e4 eritt\u00e4in hyvin t\u00e4ytetyn astian kuormituksen.\",\"breadcrumb\":{\"@id\":\"https:\/\/ibc.ee\/fi\/tuote\/ibc-sailytysastian-lammitin\/#breadcrumb\"},\"inLanguage\":\"fi\",\"potentialAction\":[{\"@type\":\"ReadAction\",\"target\":[\"https:\/\/ibc.ee\/fi\/tuote\/ibc-sailytysastian-lammitin\/\"]}]},{\"@type\":\"ImageObject\",\"inLanguage\":\"fi\",\"@id\":\"https:\/\/ibc.ee\/fi\/tuote\/ibc-sailytysastian-lammitin\/#primaryimage\",\"url\":\"https:\/\/ibc.ee\/wp-content\/uploads\/2020\/07\/IBC-konteineri-kuttega-fooliummatt-MasterChem.jpg\",\"contentUrl\":\"https:\/\/ibc.ee\/wp-content\/uploads\/2020\/07\/IBC-konteineri-kuttega-fooliummatt-MasterChem.jpg\",\"width\":700,\"height\":700,\"caption\":\"IBC-s\u00e4ilytysastian l\u00e4mmitin\"},{\"@type\":\"BreadcrumbList\",\"@id\":\"https:\/\/ibc.ee\/fi\/tuote\/ibc-sailytysastian-lammitin\/#breadcrumb\",\"itemListElement\":[{\"@type\":\"ListItem\",\"position\":1,\"name\":\"\u0413\u043b\u0430\u0432\u043d\u0430\u044f \u0441\u0442\u0440\u0430\u043d\u0438\u0446\u0430\",\"item\":\"https:\/\/www.ibc.ee\/fi\/\"},{\"@type\":\"ListItem\",\"position\":2,\"name\":\"Myym\u00e4l\u00e4\",\"item\":\"https:\/\/www.ibc.ee\/fi\/shop\/\"},{\"@type\":\"ListItem\",\"position\":3,\"name\":\"IBC-s\u00e4ilytysastian l\u00e4mmitin\"}]},{\"@type\":\"WebSite\",\"@id\":\"https:\/\/www.ibc.ee\/fi\/#website\",\"url\":\"https:\/\/www.ibc.ee\/fi\/\",\"name\":\"IBC konteineri m&uuml;&uuml;k, vaadid, kraanid, mahutid\",\"description\":\"IBC - Tank container valve, Adapters\\\\fittings, Intermediate bulk, container, Drums\/cans\",\"potentialAction\":[{\"@type\":\"SearchAction\",\"target\":{\"@type\":\"EntryPoint\",\"urlTemplate\":\"https:\/\/www.ibc.ee\/fi\/?s={search_term_string}\"},\"query-input\":{\"@type\":\"PropertyValueSpecification\",\"valueRequired\":true,\"valueName\":\"search_term_string\"}}],\"inLanguage\":\"fi\"}]}<\/script>\n<!-- \/ Yoast SEO plugin. -->","yoast_head_json":{"title":"IBC-s\u00e4ilytysastian l\u00e4mmitin","description":"L\u00e4mmitetty foliomatto IBC: n pohjan alla on halpa, k\u00e4tev\u00e4 ja helppo tapa pit\u00e4\u00e4 IBC l\u00e4mpim\u00e4n\u00e4 tai pakkasettomana. Kalvonl\u00e4mmitysmatto kest\u00e4\u00e4 eritt\u00e4in hyvin t\u00e4ytetyn astian kuormituksen.","robots":{"index":"index","follow":"follow","max-snippet":"max-snippet:-1","max-image-preview":"max-image-preview:large","max-video-preview":"max-video-preview:-1"},"canonical":"https:\/\/ibc.ee\/fi\/tuote\/ibc-sailytysastian-lammitin\/","og_locale":"fi_FI","og_type":"article","og_title":"IBC-s\u00e4ilytysastian l\u00e4mmitin","og_description":"L\u00e4mmitetty foliomatto IBC: n pohjan alla on halpa, k\u00e4tev\u00e4 ja helppo tapa pit\u00e4\u00e4 IBC l\u00e4mpim\u00e4n\u00e4 tai pakkasettomana. Kalvonl\u00e4mmitysmatto kest\u00e4\u00e4 eritt\u00e4in hyvin t\u00e4ytetyn astian kuormituksen.","og_url":"https:\/\/ibc.ee\/fi\/tuote\/ibc-sailytysastian-lammitin\/","og_site_name":"IBC konteineri m&uuml;&uuml;k, vaadid, kraanid, mahutid","article_modified_time":"2020-07-09T04:14:45+00:00","og_image":[{"width":700,"height":700,"url":"https:\/\/ibc.ee\/wp-content\/uploads\/2020\/07\/IBC-konteineri-kuttega-fooliummatt-MasterChem.jpg","type":"image\/jpeg"}],"twitter_card":"summary_large_image","schema":{"@context":"https:\/\/schema.org","@graph":[{"@type":"WebPage","@id":"https:\/\/ibc.ee\/fi\/tuote\/ibc-sailytysastian-lammitin\/","url":"https:\/\/ibc.ee\/fi\/tuote\/ibc-sailytysastian-lammitin\/","name":"IBC-s\u00e4ilytysastian l\u00e4mmitin","isPartOf":{"@id":"https:\/\/www.ibc.ee\/fi\/#website"},"primaryImageOfPage":{"@id":"https:\/\/ibc.ee\/fi\/tuote\/ibc-sailytysastian-lammitin\/#primaryimage"},"image":{"@id":"https:\/\/ibc.ee\/fi\/tuote\/ibc-sailytysastian-lammitin\/#primaryimage"},"thumbnailUrl":"https:\/\/ibc.ee\/wp-content\/uploads\/2020\/07\/IBC-konteineri-kuttega-fooliummatt-MasterChem.jpg","datePublished":"2020-07-08T15:09:50+00:00","dateModified":"2020-07-09T04:14:45+00:00","description":"L\u00e4mmitetty foliomatto IBC: n pohjan alla on halpa, k\u00e4tev\u00e4 ja helppo tapa pit\u00e4\u00e4 IBC l\u00e4mpim\u00e4n\u00e4 tai pakkasettomana. Kalvonl\u00e4mmitysmatto kest\u00e4\u00e4 eritt\u00e4in hyvin t\u00e4ytetyn astian kuormituksen.","breadcrumb":{"@id":"https:\/\/ibc.ee\/fi\/tuote\/ibc-sailytysastian-lammitin\/#breadcrumb"},"inLanguage":"fi","potentialAction":[{"@type":"ReadAction","target":["https:\/\/ibc.ee\/fi\/tuote\/ibc-sailytysastian-lammitin\/"]}]},{"@type":"ImageObject","inLanguage":"fi","@id":"https:\/\/ibc.ee\/fi\/tuote\/ibc-sailytysastian-lammitin\/#primaryimage","url":"https:\/\/ibc.ee\/wp-content\/uploads\/2020\/07\/IBC-konteineri-kuttega-fooliummatt-MasterChem.jpg","contentUrl":"https:\/\/ibc.ee\/wp-content\/uploads\/2020\/07\/IBC-konteineri-kuttega-fooliummatt-MasterChem.jpg","width":700,"height":700,"caption":"IBC-s\u00e4ilytysastian l\u00e4mmitin"},{"@type":"BreadcrumbList","@id":"https:\/\/ibc.ee\/fi\/tuote\/ibc-sailytysastian-lammitin\/#breadcrumb","itemListElement":[{"@type":"ListItem","position":1,"name":"\u0413\u043b\u0430\u0432\u043d\u0430\u044f \u0441\u0442\u0440\u0430\u043d\u0438\u0446\u0430","item":"https:\/\/www.ibc.ee\/fi\/"},{"@type":"ListItem","position":2,"name":"Myym\u00e4l\u00e4","item":"https:\/\/www.ibc.ee\/fi\/shop\/"},{"@type":"ListItem","position":3,"name":"IBC-s\u00e4ilytysastian l\u00e4mmitin"}]},{"@type":"WebSite","@id":"https:\/\/www.ibc.ee\/fi\/#website","url":"https:\/\/www.ibc.ee\/fi\/","name":"IBC konteineri m&uuml;&uuml;k, vaadid, kraanid, mahutid","description":"IBC - Tank container valve, Adapters\\fittings, Intermediate bulk, container, Drums\/cans","potentialAction":[{"@type":"SearchAction","target":{"@type":"EntryPoint","urlTemplate":"https:\/\/www.ibc.ee\/fi\/?s={search_term_string}"},"query-input":{"@type":"PropertyValueSpecification","valueRequired":true,"valueName":"search_term_string"}}],"inLanguage":"fi"}]}},"_links":{"self":[{"href":"https:\/\/ibc.ee\/fi\/wp-json\/wp\/v2\/product\/19829","targetHints":{"allow":["GET"]}}],"collection":[{"href":"https:\/\/ibc.ee\/fi\/wp-json\/wp\/v2\/product"}],"about":[{"href":"https:\/\/ibc.ee\/fi\/wp-json\/wp\/v2\/types\/product"}],"wp:featuredmedia":[{"embeddable":true,"href":"https:\/\/ibc.ee\/fi\/wp-json\/wp\/v2\/media\/19835"}],"wp:attachment":[{"href":"https:\/\/ibc.ee\/fi\/wp-json\/wp\/v2\/media?parent=19829"}],"wp:term":[{"taxonomy":"product_brand","embeddable":true,"href":"https:\/\/ibc.ee\/fi\/wp-json\/wp\/v2\/product_brand?post=19829"},{"taxonomy":"product_cat","embeddable":true,"href":"https:\/\/ibc.ee\/fi\/wp-json\/wp\/v2\/product_cat?post=19829"},{"taxonomy":"product_tag","embeddable":true,"href":"https:\/\/ibc.ee\/fi\/wp-json\/wp\/v2\/product_tag?post=19829"}],"curies":[{"name":"wp","href":"https:\/\/api.w.org\/{rel}","templated":true}]}}