{"id":19850,"date":"2020-07-08T19:08:38","date_gmt":"2020-07-08T17:08:39","guid":{"rendered":"https:\/\/www.ibc.ee\/?post_type=product&#038;p=19850"},"modified":"2020-07-09T06:14:36","modified_gmt":"2020-07-09T04:14:36","slug":"ibc-sailiolammitysvaippa","status":"publish","type":"product","link":"https:\/\/ibc.ee\/fi\/tuote\/ibc-sailiolammitysvaippa\/","title":{"rendered":"IBC-s\u00e4ili\u00f6l\u00e4mmitysvaippa"},"content":{"rendered":"<p>IBC-s\u00e4ili\u00f6n l\u00e4mmitys, joka peitt\u00e4\u00e4 s\u00e4ili\u00f6n kotelona. Soveltuu erityisen hyvin viskoosisten nesteiden, kuten \u00f6ljyn, dieselin, siirappien, rasvojen, voiteluaineiden, vaseliinin, vahojen, liimojen jne. Kuumentamiseen, joita on l\u00e4mmitett\u00e4v\u00e4 tasaisesti koko s\u00e4ili\u00f6ss\u00e4. Tarvittaessa s\u00e4ili\u00f6n l\u00e4mmitys jaetaan 1 &#8211; 3 alueeseen, jotka on varustettu termostaatilla. Sopii tavanomaisiin 1000L: n astioihin.<\/p>\n","protected":false},"excerpt":{"rendered":"<p>> integroitu s\u00e4\u00e4dett\u00e4v\u00e4 termostaatti 0 &#8211; 90 \u00b0 C<br \/>\n> S\u00e4\u00e4dett\u00e4v\u00e4t irroitettavat soljet helpottavat asennusta<br \/>\n> IP51-suojaustaso<br \/>\n2000W 230 V: n virralla<br \/>\nJos s\u00e4ili\u00f6ss\u00e4 oli vett\u00e4, niin 2x1000W: n s\u00e4ili\u00f6n l\u00e4mmitysaika olisi + 15\u00baC &#8211; + 50\u00baC 48 tunnissa.<\/p>\n<p style=\"text-align: justify;\">[popup_anything id=&#8221;15522&#8243;]<\/p>\n","protected":false},"featured_media":19856,"template":"","meta":[],"product_brand":[],"product_cat":[402],"product_tag":[],"class_list":{"0":"post-19850","1":"product","2":"type-product","3":"status-publish","4":"has-post-thumbnail","6":"product_cat-ibc-ja-rummut-lammitys","7":"product_shipping_class-omniva-fi","9":"first","10":"onbackorder","11":"taxable","12":"shipping-taxable","13":"purchasable","14":"product-type-simple"},"yoast_head":"<!-- This site is optimized with the Yoast SEO plugin v26.9 - https:\/\/yoast.com\/product\/yoast-seo-wordpress\/ -->\n<title>IBC-s\u00e4ili\u00f6l\u00e4mmitysvaippa<\/title>\n<meta name=\"description\" content=\"IBC-s\u00e4ili\u00f6n l\u00e4mmitys, joka peitt\u00e4\u00e4 s\u00e4ili\u00f6n kotelona. Soveltuu erityisen hyvin viskoosisten nesteiden, kuten \u00f6ljyn, dieselin, siirappien, rasvojen, voiteluaineiden, vaseliinin, vahojen, liimojen jne.\" \/>\n<meta name=\"robots\" content=\"index, follow, max-snippet:-1, max-image-preview:large, max-video-preview:-1\" \/>\n<link rel=\"canonical\" href=\"https:\/\/ibc.ee\/fi\/tuote\/ibc-sailiolammitysvaippa\/\" \/>\n<meta property=\"og:locale\" content=\"fi_FI\" \/>\n<meta property=\"og:type\" content=\"article\" \/>\n<meta property=\"og:title\" content=\"IBC-s\u00e4ili\u00f6l\u00e4mmitysvaippa\" \/>\n<meta property=\"og:description\" content=\"IBC-s\u00e4ili\u00f6n l\u00e4mmitys, joka peitt\u00e4\u00e4 s\u00e4ili\u00f6n kotelona. Soveltuu erityisen hyvin viskoosisten nesteiden, kuten \u00f6ljyn, dieselin, siirappien, rasvojen, voiteluaineiden, vaseliinin, vahojen, liimojen jne.\" \/>\n<meta property=\"og:url\" content=\"https:\/\/ibc.ee\/fi\/tuote\/ibc-sailiolammitysvaippa\/\" \/>\n<meta property=\"og:site_name\" content=\"IBC konteineri m&uuml;&uuml;k, vaadid, kraanid, mahutid\" \/>\n<meta property=\"article:modified_time\" content=\"2020-07-09T04:14:36+00:00\" \/>\n<meta property=\"og:image\" content=\"https:\/\/ibc.ee\/wp-content\/uploads\/2020\/07\/IBC-konteiner-mahuti-kuttemantel-MasterChem.jpg\" \/>\n\t<meta property=\"og:image:width\" content=\"1000\" \/>\n\t<meta property=\"og:image:height\" content=\"1000\" \/>\n\t<meta property=\"og:image:type\" content=\"image\/jpeg\" \/>\n<meta name=\"twitter:card\" content=\"summary_large_image\" \/>\n<script type=\"application\/ld+json\" class=\"yoast-schema-graph\">{\"@context\":\"https:\/\/schema.org\",\"@graph\":[{\"@type\":\"WebPage\",\"@id\":\"https:\/\/ibc.ee\/fi\/tuote\/ibc-sailiolammitysvaippa\/\",\"url\":\"https:\/\/ibc.ee\/fi\/tuote\/ibc-sailiolammitysvaippa\/\",\"name\":\"IBC-s\u00e4ili\u00f6l\u00e4mmitysvaippa\",\"isPartOf\":{\"@id\":\"https:\/\/www.ibc.ee\/fi\/#website\"},\"primaryImageOfPage\":{\"@id\":\"https:\/\/ibc.ee\/fi\/tuote\/ibc-sailiolammitysvaippa\/#primaryimage\"},\"image\":{\"@id\":\"https:\/\/ibc.ee\/fi\/tuote\/ibc-sailiolammitysvaippa\/#primaryimage\"},\"thumbnailUrl\":\"https:\/\/ibc.ee\/wp-content\/uploads\/2020\/07\/IBC-konteiner-mahuti-kuttemantel-MasterChem.jpg\",\"datePublished\":\"2020-07-08T17:08:39+00:00\",\"dateModified\":\"2020-07-09T04:14:36+00:00\",\"description\":\"IBC-s\u00e4ili\u00f6n l\u00e4mmitys, joka peitt\u00e4\u00e4 s\u00e4ili\u00f6n kotelona. Soveltuu erityisen hyvin viskoosisten nesteiden, kuten \u00f6ljyn, dieselin, siirappien, rasvojen, voiteluaineiden, vaseliinin, vahojen, liimojen jne.\",\"breadcrumb\":{\"@id\":\"https:\/\/ibc.ee\/fi\/tuote\/ibc-sailiolammitysvaippa\/#breadcrumb\"},\"inLanguage\":\"fi\",\"potentialAction\":[{\"@type\":\"ReadAction\",\"target\":[\"https:\/\/ibc.ee\/fi\/tuote\/ibc-sailiolammitysvaippa\/\"]}]},{\"@type\":\"ImageObject\",\"inLanguage\":\"fi\",\"@id\":\"https:\/\/ibc.ee\/fi\/tuote\/ibc-sailiolammitysvaippa\/#primaryimage\",\"url\":\"https:\/\/ibc.ee\/wp-content\/uploads\/2020\/07\/IBC-konteiner-mahuti-kuttemantel-MasterChem.jpg\",\"contentUrl\":\"https:\/\/ibc.ee\/wp-content\/uploads\/2020\/07\/IBC-konteiner-mahuti-kuttemantel-MasterChem.jpg\",\"width\":1000,\"height\":1000,\"caption\":\"IBC-s\u00e4ili\u00f6l\u00e4mmitysvaippa\"},{\"@type\":\"BreadcrumbList\",\"@id\":\"https:\/\/ibc.ee\/fi\/tuote\/ibc-sailiolammitysvaippa\/#breadcrumb\",\"itemListElement\":[{\"@type\":\"ListItem\",\"position\":1,\"name\":\"\u0413\u043b\u0430\u0432\u043d\u0430\u044f \u0441\u0442\u0440\u0430\u043d\u0438\u0446\u0430\",\"item\":\"https:\/\/www.ibc.ee\/fi\/\"},{\"@type\":\"ListItem\",\"position\":2,\"name\":\"Myym\u00e4l\u00e4\",\"item\":\"https:\/\/www.ibc.ee\/fi\/shop\/\"},{\"@type\":\"ListItem\",\"position\":3,\"name\":\"IBC-s\u00e4ili\u00f6l\u00e4mmitysvaippa\"}]},{\"@type\":\"WebSite\",\"@id\":\"https:\/\/www.ibc.ee\/fi\/#website\",\"url\":\"https:\/\/www.ibc.ee\/fi\/\",\"name\":\"IBC konteineri m&uuml;&uuml;k, vaadid, kraanid, mahutid\",\"description\":\"IBC - Tank container valve, Adapters\\\\fittings, Intermediate bulk, container, Drums\/cans\",\"potentialAction\":[{\"@type\":\"SearchAction\",\"target\":{\"@type\":\"EntryPoint\",\"urlTemplate\":\"https:\/\/www.ibc.ee\/fi\/?s={search_term_string}\"},\"query-input\":{\"@type\":\"PropertyValueSpecification\",\"valueRequired\":true,\"valueName\":\"search_term_string\"}}],\"inLanguage\":\"fi\"}]}<\/script>\n<!-- \/ Yoast SEO plugin. -->","yoast_head_json":{"title":"IBC-s\u00e4ili\u00f6l\u00e4mmitysvaippa","description":"IBC-s\u00e4ili\u00f6n l\u00e4mmitys, joka peitt\u00e4\u00e4 s\u00e4ili\u00f6n kotelona. Soveltuu erityisen hyvin viskoosisten nesteiden, kuten \u00f6ljyn, dieselin, siirappien, rasvojen, voiteluaineiden, vaseliinin, vahojen, liimojen jne.","robots":{"index":"index","follow":"follow","max-snippet":"max-snippet:-1","max-image-preview":"max-image-preview:large","max-video-preview":"max-video-preview:-1"},"canonical":"https:\/\/ibc.ee\/fi\/tuote\/ibc-sailiolammitysvaippa\/","og_locale":"fi_FI","og_type":"article","og_title":"IBC-s\u00e4ili\u00f6l\u00e4mmitysvaippa","og_description":"IBC-s\u00e4ili\u00f6n l\u00e4mmitys, joka peitt\u00e4\u00e4 s\u00e4ili\u00f6n kotelona. Soveltuu erityisen hyvin viskoosisten nesteiden, kuten \u00f6ljyn, dieselin, siirappien, rasvojen, voiteluaineiden, vaseliinin, vahojen, liimojen jne.","og_url":"https:\/\/ibc.ee\/fi\/tuote\/ibc-sailiolammitysvaippa\/","og_site_name":"IBC konteineri m&uuml;&uuml;k, vaadid, kraanid, mahutid","article_modified_time":"2020-07-09T04:14:36+00:00","og_image":[{"width":1000,"height":1000,"url":"https:\/\/ibc.ee\/wp-content\/uploads\/2020\/07\/IBC-konteiner-mahuti-kuttemantel-MasterChem.jpg","type":"image\/jpeg"}],"twitter_card":"summary_large_image","schema":{"@context":"https:\/\/schema.org","@graph":[{"@type":"WebPage","@id":"https:\/\/ibc.ee\/fi\/tuote\/ibc-sailiolammitysvaippa\/","url":"https:\/\/ibc.ee\/fi\/tuote\/ibc-sailiolammitysvaippa\/","name":"IBC-s\u00e4ili\u00f6l\u00e4mmitysvaippa","isPartOf":{"@id":"https:\/\/www.ibc.ee\/fi\/#website"},"primaryImageOfPage":{"@id":"https:\/\/ibc.ee\/fi\/tuote\/ibc-sailiolammitysvaippa\/#primaryimage"},"image":{"@id":"https:\/\/ibc.ee\/fi\/tuote\/ibc-sailiolammitysvaippa\/#primaryimage"},"thumbnailUrl":"https:\/\/ibc.ee\/wp-content\/uploads\/2020\/07\/IBC-konteiner-mahuti-kuttemantel-MasterChem.jpg","datePublished":"2020-07-08T17:08:39+00:00","dateModified":"2020-07-09T04:14:36+00:00","description":"IBC-s\u00e4ili\u00f6n l\u00e4mmitys, joka peitt\u00e4\u00e4 s\u00e4ili\u00f6n kotelona. Soveltuu erityisen hyvin viskoosisten nesteiden, kuten \u00f6ljyn, dieselin, siirappien, rasvojen, voiteluaineiden, vaseliinin, vahojen, liimojen jne.","breadcrumb":{"@id":"https:\/\/ibc.ee\/fi\/tuote\/ibc-sailiolammitysvaippa\/#breadcrumb"},"inLanguage":"fi","potentialAction":[{"@type":"ReadAction","target":["https:\/\/ibc.ee\/fi\/tuote\/ibc-sailiolammitysvaippa\/"]}]},{"@type":"ImageObject","inLanguage":"fi","@id":"https:\/\/ibc.ee\/fi\/tuote\/ibc-sailiolammitysvaippa\/#primaryimage","url":"https:\/\/ibc.ee\/wp-content\/uploads\/2020\/07\/IBC-konteiner-mahuti-kuttemantel-MasterChem.jpg","contentUrl":"https:\/\/ibc.ee\/wp-content\/uploads\/2020\/07\/IBC-konteiner-mahuti-kuttemantel-MasterChem.jpg","width":1000,"height":1000,"caption":"IBC-s\u00e4ili\u00f6l\u00e4mmitysvaippa"},{"@type":"BreadcrumbList","@id":"https:\/\/ibc.ee\/fi\/tuote\/ibc-sailiolammitysvaippa\/#breadcrumb","itemListElement":[{"@type":"ListItem","position":1,"name":"\u0413\u043b\u0430\u0432\u043d\u0430\u044f \u0441\u0442\u0440\u0430\u043d\u0438\u0446\u0430","item":"https:\/\/www.ibc.ee\/fi\/"},{"@type":"ListItem","position":2,"name":"Myym\u00e4l\u00e4","item":"https:\/\/www.ibc.ee\/fi\/shop\/"},{"@type":"ListItem","position":3,"name":"IBC-s\u00e4ili\u00f6l\u00e4mmitysvaippa"}]},{"@type":"WebSite","@id":"https:\/\/www.ibc.ee\/fi\/#website","url":"https:\/\/www.ibc.ee\/fi\/","name":"IBC konteineri m&uuml;&uuml;k, vaadid, kraanid, mahutid","description":"IBC - Tank container valve, Adapters\\fittings, Intermediate bulk, container, Drums\/cans","potentialAction":[{"@type":"SearchAction","target":{"@type":"EntryPoint","urlTemplate":"https:\/\/www.ibc.ee\/fi\/?s={search_term_string}"},"query-input":{"@type":"PropertyValueSpecification","valueRequired":true,"valueName":"search_term_string"}}],"inLanguage":"fi"}]}},"_links":{"self":[{"href":"https:\/\/ibc.ee\/fi\/wp-json\/wp\/v2\/product\/19850","targetHints":{"allow":["GET"]}}],"collection":[{"href":"https:\/\/ibc.ee\/fi\/wp-json\/wp\/v2\/product"}],"about":[{"href":"https:\/\/ibc.ee\/fi\/wp-json\/wp\/v2\/types\/product"}],"wp:featuredmedia":[{"embeddable":true,"href":"https:\/\/ibc.ee\/fi\/wp-json\/wp\/v2\/media\/19856"}],"wp:attachment":[{"href":"https:\/\/ibc.ee\/fi\/wp-json\/wp\/v2\/media?parent=19850"}],"wp:term":[{"taxonomy":"product_brand","embeddable":true,"href":"https:\/\/ibc.ee\/fi\/wp-json\/wp\/v2\/product_brand?post=19850"},{"taxonomy":"product_cat","embeddable":true,"href":"https:\/\/ibc.ee\/fi\/wp-json\/wp\/v2\/product_cat?post=19850"},{"taxonomy":"product_tag","embeddable":true,"href":"https:\/\/ibc.ee\/fi\/wp-json\/wp\/v2\/product_tag?post=19850"}],"curies":[{"name":"wp","href":"https:\/\/api.w.org\/{rel}","templated":true}]}}