{"id":19919,"date":"2020-08-18T06:35:35","date_gmt":"2020-08-18T04:35:36","guid":{"rendered":"https:\/\/ibc.ee\/?post_type=product&#038;p=19919"},"modified":"2025-06-26T14:54:31","modified_gmt":"2025-06-26T12:54:31","slug":"th-muovi-voi-220l-200-lit","status":"publish","type":"product","link":"https:\/\/ibc.ee\/fi\/tuote\/th-muovi-voi-220l-200-lit\/","title":{"rendered":"TH-muovi voi 220L 200 lit"},"content":{"rendered":"<p>TH-muovis\u00e4ili\u00f6 220L \/ 200 litraa on valmistettu teollisuuslujuudeltaan suurimolekyylipainoisesta polyeteenimuovista (HMWPE), joka on HDPE: n kaltainen, mutta kest\u00e4v\u00e4mpi ja jonka paksut sein\u00e4t tarjoavat erinomaisen suorituskyvyn ja kest\u00e4v\u00e4n kest\u00e4vyyden. T\u00e4m\u00e4n suljetun rummun saumaton rakenne soveltuu ulkok\u00e4ytt\u00f6\u00f6n. Voidaan k\u00e4ytt\u00e4\u00e4 sadetynnyrin\u00e4, kelluvana tynnyrin\u00e4 tai poijuna tai kemikaalien, \u00f6ljyjen ja muun varastos\u00e4ili\u00f6n\u00e4.<\/p>\n","protected":false},"excerpt":{"rendered":"<p>TH-muovis\u00e4ili\u00f6 220L \/ 200 litraa on valmistettu teollisuuslujuudeltaan suurimolekyylipainoisesta polyeteenimuovista (HMWPE), joka on HDPE: n kaltainen, mutta kest\u00e4v\u00e4mpi ja jonka paksut sein\u00e4t tarjoavat erinomaisen suorituskyvyn ja kest\u00e4v\u00e4n kest\u00e4vyyden. T\u00e4m\u00e4n suljetun rummun saumaton rakenne soveltuu ulkok\u00e4ytt\u00f6\u00f6n. Voidaan k\u00e4ytt\u00e4\u00e4 sadetynnyrin\u00e4, kelluvana tynnyrin\u00e4 tai poijuna tai kemikaalien, \u00f6ljyjen ja muun varastos\u00e4ili\u00f6n\u00e4.<\/p>\n","protected":false},"featured_media":19925,"template":"","meta":[],"product_brand":[],"product_cat":[183],"product_tag":[],"class_list":{"0":"post-19919","1":"product","2":"type-product","3":"status-publish","4":"has-post-thumbnail","6":"product_cat-tynnyri-kanisteri","7":"product_shipping_class-drums-and-cans-fi","9":"first","10":"onbackorder","11":"taxable","12":"shipping-taxable","13":"purchasable","14":"product-type-simple"},"yoast_head":"<!-- This site is optimized with the Yoast SEO plugin v26.9 - https:\/\/yoast.com\/product\/yoast-seo-wordpress\/ -->\n<title>TH-muovi voi 220L 200 lit - IBC konteineri m&uuml;&uuml;k, vaadid, kraanid, mahutid<\/title>\n<meta name=\"description\" content=\"TH plastic can 220L\/200 lit is made of industrial strength high molecular weight polyethylene (HMWPE), with extra thick walls to provide superior performance and long-lasting durability.\" \/>\n<meta name=\"robots\" content=\"index, follow, max-snippet:-1, max-image-preview:large, max-video-preview:-1\" \/>\n<link rel=\"canonical\" href=\"https:\/\/ibc.ee\/fi\/tuote\/th-muovi-voi-220l-200-lit\/\" \/>\n<meta property=\"og:locale\" content=\"fi_FI\" \/>\n<meta property=\"og:type\" content=\"article\" \/>\n<meta property=\"og:title\" content=\"TH-muovi voi 220L 200 lit - IBC konteineri m&uuml;&uuml;k, vaadid, kraanid, mahutid\" \/>\n<meta property=\"og:description\" content=\"TH plastic can 220L\/200 lit is made of industrial strength high molecular weight polyethylene (HMWPE), with extra thick walls to provide superior performance and long-lasting durability.\" \/>\n<meta property=\"og:url\" content=\"https:\/\/ibc.ee\/fi\/tuote\/th-muovi-voi-220l-200-lit\/\" \/>\n<meta property=\"og:site_name\" content=\"IBC konteineri m&uuml;&uuml;k, vaadid, kraanid, mahutid\" \/>\n<meta property=\"article:modified_time\" content=\"2025-06-26T12:54:31+00:00\" \/>\n<meta property=\"og:image\" content=\"https:\/\/ibc.ee\/wp-content\/uploads\/2020\/08\/200-plastic-barrel.jpg\" \/>\n\t<meta property=\"og:image:width\" content=\"1000\" \/>\n\t<meta property=\"og:image:height\" content=\"1000\" \/>\n\t<meta property=\"og:image:type\" content=\"image\/jpeg\" \/>\n<meta name=\"twitter:card\" content=\"summary_large_image\" \/>\n<meta name=\"twitter:label1\" content=\"Arvioitu lukuaika\" \/>\n\t<meta name=\"twitter:data1\" content=\"1 minuutti\" \/>\n<script type=\"application\/ld+json\" class=\"yoast-schema-graph\">{\"@context\":\"https:\/\/schema.org\",\"@graph\":[{\"@type\":\"WebPage\",\"@id\":\"https:\/\/ibc.ee\/fi\/tuote\/th-muovi-voi-220l-200-lit\/\",\"url\":\"https:\/\/ibc.ee\/fi\/tuote\/th-muovi-voi-220l-200-lit\/\",\"name\":\"TH-muovi voi 220L 200 lit - IBC konteineri m&uuml;&uuml;k, vaadid, kraanid, mahutid\",\"isPartOf\":{\"@id\":\"https:\/\/www.ibc.ee\/fi\/#website\"},\"primaryImageOfPage\":{\"@id\":\"https:\/\/ibc.ee\/fi\/tuote\/th-muovi-voi-220l-200-lit\/#primaryimage\"},\"image\":{\"@id\":\"https:\/\/ibc.ee\/fi\/tuote\/th-muovi-voi-220l-200-lit\/#primaryimage\"},\"thumbnailUrl\":\"https:\/\/ibc.ee\/wp-content\/uploads\/2020\/08\/200-plastic-barrel.jpg\",\"datePublished\":\"2020-08-18T04:35:36+00:00\",\"dateModified\":\"2025-06-26T12:54:31+00:00\",\"description\":\"TH plastic can 220L\/200 lit is made of industrial strength high molecular weight polyethylene (HMWPE), with extra thick walls to provide superior performance and long-lasting durability.\",\"breadcrumb\":{\"@id\":\"https:\/\/ibc.ee\/fi\/tuote\/th-muovi-voi-220l-200-lit\/#breadcrumb\"},\"inLanguage\":\"fi\",\"potentialAction\":[{\"@type\":\"ReadAction\",\"target\":[\"https:\/\/ibc.ee\/fi\/tuote\/th-muovi-voi-220l-200-lit\/\"]}]},{\"@type\":\"ImageObject\",\"inLanguage\":\"fi\",\"@id\":\"https:\/\/ibc.ee\/fi\/tuote\/th-muovi-voi-220l-200-lit\/#primaryimage\",\"url\":\"https:\/\/ibc.ee\/wp-content\/uploads\/2020\/08\/200-plastic-barrel.jpg\",\"contentUrl\":\"https:\/\/ibc.ee\/wp-content\/uploads\/2020\/08\/200-plastic-barrel.jpg\",\"width\":1000,\"height\":1000,\"caption\":\"TH-muovi voi 220L 200 lit\"},{\"@type\":\"BreadcrumbList\",\"@id\":\"https:\/\/ibc.ee\/fi\/tuote\/th-muovi-voi-220l-200-lit\/#breadcrumb\",\"itemListElement\":[{\"@type\":\"ListItem\",\"position\":1,\"name\":\"\u0413\u043b\u0430\u0432\u043d\u0430\u044f \u0441\u0442\u0440\u0430\u043d\u0438\u0446\u0430\",\"item\":\"https:\/\/www.ibc.ee\/fi\/\"},{\"@type\":\"ListItem\",\"position\":2,\"name\":\"Myym\u00e4l\u00e4\",\"item\":\"https:\/\/www.ibc.ee\/fi\/shop\/\"},{\"@type\":\"ListItem\",\"position\":3,\"name\":\"TH-muovi voi 220L 200 lit\"}]},{\"@type\":\"WebSite\",\"@id\":\"https:\/\/www.ibc.ee\/fi\/#website\",\"url\":\"https:\/\/www.ibc.ee\/fi\/\",\"name\":\"IBC konteineri m&uuml;&uuml;k, vaadid, kraanid, mahutid\",\"description\":\"IBC - Tank container valve, Adapters\\\\fittings, Intermediate bulk, container, Drums\/cans\",\"potentialAction\":[{\"@type\":\"SearchAction\",\"target\":{\"@type\":\"EntryPoint\",\"urlTemplate\":\"https:\/\/www.ibc.ee\/fi\/?s={search_term_string}\"},\"query-input\":{\"@type\":\"PropertyValueSpecification\",\"valueRequired\":true,\"valueName\":\"search_term_string\"}}],\"inLanguage\":\"fi\"}]}<\/script>\n<!-- \/ Yoast SEO plugin. -->","yoast_head_json":{"title":"TH-muovi voi 220L 200 lit - IBC konteineri m&uuml;&uuml;k, vaadid, kraanid, mahutid","description":"TH plastic can 220L\/200 lit is made of industrial strength high molecular weight polyethylene (HMWPE), with extra thick walls to provide superior performance and long-lasting durability.","robots":{"index":"index","follow":"follow","max-snippet":"max-snippet:-1","max-image-preview":"max-image-preview:large","max-video-preview":"max-video-preview:-1"},"canonical":"https:\/\/ibc.ee\/fi\/tuote\/th-muovi-voi-220l-200-lit\/","og_locale":"fi_FI","og_type":"article","og_title":"TH-muovi voi 220L 200 lit - IBC konteineri m&uuml;&uuml;k, vaadid, kraanid, mahutid","og_description":"TH plastic can 220L\/200 lit is made of industrial strength high molecular weight polyethylene (HMWPE), with extra thick walls to provide superior performance and long-lasting durability.","og_url":"https:\/\/ibc.ee\/fi\/tuote\/th-muovi-voi-220l-200-lit\/","og_site_name":"IBC konteineri m&uuml;&uuml;k, vaadid, kraanid, mahutid","article_modified_time":"2025-06-26T12:54:31+00:00","og_image":[{"width":1000,"height":1000,"url":"https:\/\/ibc.ee\/wp-content\/uploads\/2020\/08\/200-plastic-barrel.jpg","type":"image\/jpeg"}],"twitter_card":"summary_large_image","twitter_misc":{"Arvioitu lukuaika":"1 minuutti"},"schema":{"@context":"https:\/\/schema.org","@graph":[{"@type":"WebPage","@id":"https:\/\/ibc.ee\/fi\/tuote\/th-muovi-voi-220l-200-lit\/","url":"https:\/\/ibc.ee\/fi\/tuote\/th-muovi-voi-220l-200-lit\/","name":"TH-muovi voi 220L 200 lit - IBC konteineri m&uuml;&uuml;k, vaadid, kraanid, mahutid","isPartOf":{"@id":"https:\/\/www.ibc.ee\/fi\/#website"},"primaryImageOfPage":{"@id":"https:\/\/ibc.ee\/fi\/tuote\/th-muovi-voi-220l-200-lit\/#primaryimage"},"image":{"@id":"https:\/\/ibc.ee\/fi\/tuote\/th-muovi-voi-220l-200-lit\/#primaryimage"},"thumbnailUrl":"https:\/\/ibc.ee\/wp-content\/uploads\/2020\/08\/200-plastic-barrel.jpg","datePublished":"2020-08-18T04:35:36+00:00","dateModified":"2025-06-26T12:54:31+00:00","description":"TH plastic can 220L\/200 lit is made of industrial strength high molecular weight polyethylene (HMWPE), with extra thick walls to provide superior performance and long-lasting durability.","breadcrumb":{"@id":"https:\/\/ibc.ee\/fi\/tuote\/th-muovi-voi-220l-200-lit\/#breadcrumb"},"inLanguage":"fi","potentialAction":[{"@type":"ReadAction","target":["https:\/\/ibc.ee\/fi\/tuote\/th-muovi-voi-220l-200-lit\/"]}]},{"@type":"ImageObject","inLanguage":"fi","@id":"https:\/\/ibc.ee\/fi\/tuote\/th-muovi-voi-220l-200-lit\/#primaryimage","url":"https:\/\/ibc.ee\/wp-content\/uploads\/2020\/08\/200-plastic-barrel.jpg","contentUrl":"https:\/\/ibc.ee\/wp-content\/uploads\/2020\/08\/200-plastic-barrel.jpg","width":1000,"height":1000,"caption":"TH-muovi voi 220L 200 lit"},{"@type":"BreadcrumbList","@id":"https:\/\/ibc.ee\/fi\/tuote\/th-muovi-voi-220l-200-lit\/#breadcrumb","itemListElement":[{"@type":"ListItem","position":1,"name":"\u0413\u043b\u0430\u0432\u043d\u0430\u044f \u0441\u0442\u0440\u0430\u043d\u0438\u0446\u0430","item":"https:\/\/www.ibc.ee\/fi\/"},{"@type":"ListItem","position":2,"name":"Myym\u00e4l\u00e4","item":"https:\/\/www.ibc.ee\/fi\/shop\/"},{"@type":"ListItem","position":3,"name":"TH-muovi voi 220L 200 lit"}]},{"@type":"WebSite","@id":"https:\/\/www.ibc.ee\/fi\/#website","url":"https:\/\/www.ibc.ee\/fi\/","name":"IBC konteineri m&uuml;&uuml;k, vaadid, kraanid, mahutid","description":"IBC - Tank container valve, Adapters\\fittings, Intermediate bulk, container, Drums\/cans","potentialAction":[{"@type":"SearchAction","target":{"@type":"EntryPoint","urlTemplate":"https:\/\/www.ibc.ee\/fi\/?s={search_term_string}"},"query-input":{"@type":"PropertyValueSpecification","valueRequired":true,"valueName":"search_term_string"}}],"inLanguage":"fi"}]}},"_links":{"self":[{"href":"https:\/\/ibc.ee\/fi\/wp-json\/wp\/v2\/product\/19919","targetHints":{"allow":["GET"]}}],"collection":[{"href":"https:\/\/ibc.ee\/fi\/wp-json\/wp\/v2\/product"}],"about":[{"href":"https:\/\/ibc.ee\/fi\/wp-json\/wp\/v2\/types\/product"}],"wp:featuredmedia":[{"embeddable":true,"href":"https:\/\/ibc.ee\/fi\/wp-json\/wp\/v2\/media\/19925"}],"wp:attachment":[{"href":"https:\/\/ibc.ee\/fi\/wp-json\/wp\/v2\/media?parent=19919"}],"wp:term":[{"taxonomy":"product_brand","embeddable":true,"href":"https:\/\/ibc.ee\/fi\/wp-json\/wp\/v2\/product_brand?post=19919"},{"taxonomy":"product_cat","embeddable":true,"href":"https:\/\/ibc.ee\/fi\/wp-json\/wp\/v2\/product_cat?post=19919"},{"taxonomy":"product_tag","embeddable":true,"href":"https:\/\/ibc.ee\/fi\/wp-json\/wp\/v2\/product_tag?post=19919"}],"curies":[{"name":"wp","href":"https:\/\/api.w.org\/{rel}","templated":true}]}}