{"id":20045,"date":"2021-02-10T12:01:03","date_gmt":"2021-02-10T10:01:03","guid":{"rendered":"https:\/\/ibc.ee\/?post_type=product&#038;p=20045"},"modified":"2022-02-22T09:23:14","modified_gmt":"2022-02-22T07:23:14","slug":"tankohana-51mm-20-25l","status":"publish","type":"product","link":"https:\/\/ibc.ee\/fi\/tuote\/tankohana-51mm-20-25l\/","title":{"rendered":"Tankohana 51mm 20-25l"},"content":{"rendered":"<p><strong> 20\/25 L kanisterihana <\/strong><br \/>\n&#8211; ilmavirtausj\u00e4rjestelm\u00e4 on olemassa &#8211; neste virtaa ulos tasaisesti<br \/>\n&#8211; hana 25 tai 20 litran astiaan<br \/>\n&#8211; langan koko 51 mm<br \/>\n&#8211; sopii veteen, l\u00e4mmitykseen ja \u00f6ljyyn<\/p>\n<div style=\"width: 960px;\" class=\"wp-video\"><video class=\"wp-video-shortcode\" id=\"video-20045-1\" width=\"960\" height=\"540\" preload=\"metadata\" controls=\"controls\"><source type=\"video\/mp4\" src=\"https:\/\/ibc.ee\/wp-content\/uploads\/2021\/02\/51mm_Cap_Tool_Drum_Tap_Spanner.mp4?_=1\" \/><a href=\"https:\/\/ibc.ee\/wp-content\/uploads\/2021\/02\/51mm_Cap_Tool_Drum_Tap_Spanner.mp4\">https:\/\/ibc.ee\/wp-content\/uploads\/2021\/02\/51mm_Cap_Tool_Drum_Tap_Spanner.mp4<\/a><\/video><\/div>\n","protected":false},"excerpt":{"rendered":"<p>20\/25 L kanisterihana &#8211; ilmavirtausj\u00e4rjestelm\u00e4 on olemassa &#8211; neste virtaa ulos tasaisesti &#8211; hana 25 tai 20 litran astiaan &#8211; langan koko 51 mm &#8211; sopii veteen, l\u00e4mmitykseen ja \u00f6ljyyn<\/p>\n","protected":false},"featured_media":20058,"template":"","meta":[],"product_brand":[],"product_cat":[173],"product_tag":[],"class_list":{"0":"post-20045","1":"product","2":"type-product","3":"status-publish","4":"has-post-thumbnail","6":"product_cat-tank-container-valve-fi","7":"product_shipping_class-omniva-fi","9":"first","10":"instock","11":"taxable","12":"shipping-taxable","13":"purchasable","14":"product-type-simple"},"yoast_head":"<!-- This site is optimized with the Yoast SEO plugin v26.9 - https:\/\/yoast.com\/product\/yoast-seo-wordpress\/ -->\n<title>Tankohana 51mm 20-25l<\/title>\n<meta name=\"description\" content=\"51 mm korkkity\u00f6kalurumpuavain. On ilmavirtausj\u00e4rjestelm\u00e4 - neste virtaa ulos tasaisesti. Napauta saadaksesi 25 tai 20 litran astian. Kierteen koko 51 mm. sopii veteen, l\u00e4mmitykseen ja \u00f6ljyyn\" \/>\n<meta name=\"robots\" content=\"index, follow, max-snippet:-1, max-image-preview:large, max-video-preview:-1\" \/>\n<link rel=\"canonical\" href=\"https:\/\/ibc.ee\/fi\/tuote\/tankohana-51mm-20-25l\/\" \/>\n<meta property=\"og:locale\" content=\"fi_FI\" \/>\n<meta property=\"og:type\" content=\"article\" \/>\n<meta property=\"og:title\" content=\"Tankohana 51mm 20-25l\" \/>\n<meta property=\"og:description\" content=\"51 mm korkkity\u00f6kalurumpuavain. On ilmavirtausj\u00e4rjestelm\u00e4 - neste virtaa ulos tasaisesti. Napauta saadaksesi 25 tai 20 litran astian. Kierteen koko 51 mm. sopii veteen, l\u00e4mmitykseen ja \u00f6ljyyn\" \/>\n<meta property=\"og:url\" content=\"https:\/\/ibc.ee\/fi\/tuote\/tankohana-51mm-20-25l\/\" \/>\n<meta property=\"og:site_name\" content=\"IBC konteineri m&uuml;&uuml;k, vaadid, kraanid, mahutid\" \/>\n<meta property=\"article:modified_time\" content=\"2022-02-22T07:23:14+00:00\" \/>\n<meta property=\"og:image\" content=\"https:\/\/ibc.ee\/wp-content\/uploads\/2021\/02\/Vaadikraan_51mm_20-25l_2.jpg\" \/>\n\t<meta property=\"og:image:width\" content=\"1000\" \/>\n\t<meta property=\"og:image:height\" content=\"1000\" \/>\n\t<meta property=\"og:image:type\" content=\"image\/jpeg\" \/>\n<meta name=\"twitter:card\" content=\"summary_large_image\" \/>\n<script type=\"application\/ld+json\" class=\"yoast-schema-graph\">{\"@context\":\"https:\/\/schema.org\",\"@graph\":[{\"@type\":\"WebPage\",\"@id\":\"https:\/\/ibc.ee\/fi\/tuote\/tankohana-51mm-20-25l\/\",\"url\":\"https:\/\/ibc.ee\/fi\/tuote\/tankohana-51mm-20-25l\/\",\"name\":\"Tankohana 51mm 20-25l\",\"isPartOf\":{\"@id\":\"https:\/\/ibc.ee\/fi\/#website\"},\"primaryImageOfPage\":{\"@id\":\"https:\/\/ibc.ee\/fi\/tuote\/tankohana-51mm-20-25l\/#primaryimage\"},\"image\":{\"@id\":\"https:\/\/ibc.ee\/fi\/tuote\/tankohana-51mm-20-25l\/#primaryimage\"},\"thumbnailUrl\":\"https:\/\/ibc.ee\/wp-content\/uploads\/2021\/02\/Vaadikraan_51mm_20-25l_2.jpg\",\"datePublished\":\"2021-02-10T10:01:03+00:00\",\"dateModified\":\"2022-02-22T07:23:14+00:00\",\"description\":\"51 mm korkkity\u00f6kalurumpuavain. On ilmavirtausj\u00e4rjestelm\u00e4 - neste virtaa ulos tasaisesti. Napauta saadaksesi 25 tai 20 litran astian. Kierteen koko 51 mm. sopii veteen, l\u00e4mmitykseen ja \u00f6ljyyn\",\"breadcrumb\":{\"@id\":\"https:\/\/ibc.ee\/fi\/tuote\/tankohana-51mm-20-25l\/#breadcrumb\"},\"inLanguage\":\"fi\",\"potentialAction\":[{\"@type\":\"ReadAction\",\"target\":[\"https:\/\/ibc.ee\/fi\/tuote\/tankohana-51mm-20-25l\/\"]}]},{\"@type\":\"ImageObject\",\"inLanguage\":\"fi\",\"@id\":\"https:\/\/ibc.ee\/fi\/tuote\/tankohana-51mm-20-25l\/#primaryimage\",\"url\":\"https:\/\/ibc.ee\/wp-content\/uploads\/2021\/02\/Vaadikraan_51mm_20-25l_2.jpg\",\"contentUrl\":\"https:\/\/ibc.ee\/wp-content\/uploads\/2021\/02\/Vaadikraan_51mm_20-25l_2.jpg\",\"width\":1000,\"height\":1000,\"caption\":\"Tankohana 51mm 20-25l\"},{\"@type\":\"BreadcrumbList\",\"@id\":\"https:\/\/ibc.ee\/fi\/tuote\/tankohana-51mm-20-25l\/#breadcrumb\",\"itemListElement\":[{\"@type\":\"ListItem\",\"position\":1,\"name\":\"\u0413\u043b\u0430\u0432\u043d\u0430\u044f \u0441\u0442\u0440\u0430\u043d\u0438\u0446\u0430\",\"item\":\"https:\/\/ibc.ee\/fi\/\"},{\"@type\":\"ListItem\",\"position\":2,\"name\":\"Myym\u00e4l\u00e4\",\"item\":\"https:\/\/ibc.ee\/fi\/shop\/\"},{\"@type\":\"ListItem\",\"position\":3,\"name\":\"Tankohana 51mm 20-25l\"}]},{\"@type\":\"WebSite\",\"@id\":\"https:\/\/ibc.ee\/fi\/#website\",\"url\":\"https:\/\/ibc.ee\/fi\/\",\"name\":\"IBC konteineri m&uuml;&uuml;k, vaadid, kraanid, mahutid\",\"description\":\"IBC - Tank container valve, Adapters\\\\fittings, Intermediate bulk, container, Drums\/cans\",\"potentialAction\":[{\"@type\":\"SearchAction\",\"target\":{\"@type\":\"EntryPoint\",\"urlTemplate\":\"https:\/\/ibc.ee\/fi\/?s={search_term_string}\"},\"query-input\":{\"@type\":\"PropertyValueSpecification\",\"valueRequired\":true,\"valueName\":\"search_term_string\"}}],\"inLanguage\":\"fi\"}]}<\/script>\n<!-- \/ Yoast SEO plugin. -->","yoast_head_json":{"title":"Tankohana 51mm 20-25l","description":"51 mm korkkity\u00f6kalurumpuavain. On ilmavirtausj\u00e4rjestelm\u00e4 - neste virtaa ulos tasaisesti. Napauta saadaksesi 25 tai 20 litran astian. Kierteen koko 51 mm. sopii veteen, l\u00e4mmitykseen ja \u00f6ljyyn","robots":{"index":"index","follow":"follow","max-snippet":"max-snippet:-1","max-image-preview":"max-image-preview:large","max-video-preview":"max-video-preview:-1"},"canonical":"https:\/\/ibc.ee\/fi\/tuote\/tankohana-51mm-20-25l\/","og_locale":"fi_FI","og_type":"article","og_title":"Tankohana 51mm 20-25l","og_description":"51 mm korkkity\u00f6kalurumpuavain. On ilmavirtausj\u00e4rjestelm\u00e4 - neste virtaa ulos tasaisesti. Napauta saadaksesi 25 tai 20 litran astian. Kierteen koko 51 mm. sopii veteen, l\u00e4mmitykseen ja \u00f6ljyyn","og_url":"https:\/\/ibc.ee\/fi\/tuote\/tankohana-51mm-20-25l\/","og_site_name":"IBC konteineri m&uuml;&uuml;k, vaadid, kraanid, mahutid","article_modified_time":"2022-02-22T07:23:14+00:00","og_image":[{"width":1000,"height":1000,"url":"https:\/\/ibc.ee\/wp-content\/uploads\/2021\/02\/Vaadikraan_51mm_20-25l_2.jpg","type":"image\/jpeg"}],"twitter_card":"summary_large_image","schema":{"@context":"https:\/\/schema.org","@graph":[{"@type":"WebPage","@id":"https:\/\/ibc.ee\/fi\/tuote\/tankohana-51mm-20-25l\/","url":"https:\/\/ibc.ee\/fi\/tuote\/tankohana-51mm-20-25l\/","name":"Tankohana 51mm 20-25l","isPartOf":{"@id":"https:\/\/ibc.ee\/fi\/#website"},"primaryImageOfPage":{"@id":"https:\/\/ibc.ee\/fi\/tuote\/tankohana-51mm-20-25l\/#primaryimage"},"image":{"@id":"https:\/\/ibc.ee\/fi\/tuote\/tankohana-51mm-20-25l\/#primaryimage"},"thumbnailUrl":"https:\/\/ibc.ee\/wp-content\/uploads\/2021\/02\/Vaadikraan_51mm_20-25l_2.jpg","datePublished":"2021-02-10T10:01:03+00:00","dateModified":"2022-02-22T07:23:14+00:00","description":"51 mm korkkity\u00f6kalurumpuavain. On ilmavirtausj\u00e4rjestelm\u00e4 - neste virtaa ulos tasaisesti. Napauta saadaksesi 25 tai 20 litran astian. Kierteen koko 51 mm. sopii veteen, l\u00e4mmitykseen ja \u00f6ljyyn","breadcrumb":{"@id":"https:\/\/ibc.ee\/fi\/tuote\/tankohana-51mm-20-25l\/#breadcrumb"},"inLanguage":"fi","potentialAction":[{"@type":"ReadAction","target":["https:\/\/ibc.ee\/fi\/tuote\/tankohana-51mm-20-25l\/"]}]},{"@type":"ImageObject","inLanguage":"fi","@id":"https:\/\/ibc.ee\/fi\/tuote\/tankohana-51mm-20-25l\/#primaryimage","url":"https:\/\/ibc.ee\/wp-content\/uploads\/2021\/02\/Vaadikraan_51mm_20-25l_2.jpg","contentUrl":"https:\/\/ibc.ee\/wp-content\/uploads\/2021\/02\/Vaadikraan_51mm_20-25l_2.jpg","width":1000,"height":1000,"caption":"Tankohana 51mm 20-25l"},{"@type":"BreadcrumbList","@id":"https:\/\/ibc.ee\/fi\/tuote\/tankohana-51mm-20-25l\/#breadcrumb","itemListElement":[{"@type":"ListItem","position":1,"name":"\u0413\u043b\u0430\u0432\u043d\u0430\u044f \u0441\u0442\u0440\u0430\u043d\u0438\u0446\u0430","item":"https:\/\/ibc.ee\/fi\/"},{"@type":"ListItem","position":2,"name":"Myym\u00e4l\u00e4","item":"https:\/\/ibc.ee\/fi\/shop\/"},{"@type":"ListItem","position":3,"name":"Tankohana 51mm 20-25l"}]},{"@type":"WebSite","@id":"https:\/\/ibc.ee\/fi\/#website","url":"https:\/\/ibc.ee\/fi\/","name":"IBC konteineri m&uuml;&uuml;k, vaadid, kraanid, mahutid","description":"IBC - Tank container valve, Adapters\\fittings, Intermediate bulk, container, Drums\/cans","potentialAction":[{"@type":"SearchAction","target":{"@type":"EntryPoint","urlTemplate":"https:\/\/ibc.ee\/fi\/?s={search_term_string}"},"query-input":{"@type":"PropertyValueSpecification","valueRequired":true,"valueName":"search_term_string"}}],"inLanguage":"fi"}]}},"_links":{"self":[{"href":"https:\/\/ibc.ee\/fi\/wp-json\/wp\/v2\/product\/20045","targetHints":{"allow":["GET"]}}],"collection":[{"href":"https:\/\/ibc.ee\/fi\/wp-json\/wp\/v2\/product"}],"about":[{"href":"https:\/\/ibc.ee\/fi\/wp-json\/wp\/v2\/types\/product"}],"wp:featuredmedia":[{"embeddable":true,"href":"https:\/\/ibc.ee\/fi\/wp-json\/wp\/v2\/media\/20058"}],"wp:attachment":[{"href":"https:\/\/ibc.ee\/fi\/wp-json\/wp\/v2\/media?parent=20045"}],"wp:term":[{"taxonomy":"product_brand","embeddable":true,"href":"https:\/\/ibc.ee\/fi\/wp-json\/wp\/v2\/product_brand?post=20045"},{"taxonomy":"product_cat","embeddable":true,"href":"https:\/\/ibc.ee\/fi\/wp-json\/wp\/v2\/product_cat?post=20045"},{"taxonomy":"product_tag","embeddable":true,"href":"https:\/\/ibc.ee\/fi\/wp-json\/wp\/v2\/product_tag?post=20045"}],"curies":[{"name":"wp","href":"https:\/\/api.w.org\/{rel}","templated":true}]}}