{"id":20125,"date":"2021-02-19T20:49:53","date_gmt":"2021-02-19T18:49:53","guid":{"rendered":"https:\/\/ibc.ee\/?post_type=product&#038;p=20125"},"modified":"2025-04-22T13:42:45","modified_gmt":"2025-04-22T11:42:45","slug":"lever-adblue-fluid-transfer-hand-pump-16-l-min","status":"publish","type":"product","link":"https:\/\/ibc.ee\/fi\/tuote\/lever-adblue-fluid-transfer-hand-pump-16-l-min\/","title":{"rendered":"Adblue-nesteen siirto k\u00e4sik\u00e4ytt\u00f6inen pumppu &#8211; 16 l\/min"},"content":{"rendered":"<p>Vipu Adblue-nesteen siirto k\u00e4sipumppu &#8211; 16 l\/min<\/p>\n<p>Tekniset tiedot:<br \/>\nMateriaali:<br \/>\n Tiivisteen materiaali: Muovi &#8211; PE Tiivisteen materiaali:<br \/>\n Adapterin koko: 2 tuumaa<br \/>\nSis\u00e4\u00e4nmenon l\u00e4pimitta: 18mm<br \/>\nUlosmenon l\u00e4pimitta: 26.5mm<br \/>\nSis\u00e4\u00e4nmenoputken pituus: 985mm<br \/>\nTuotteen pituus: 1285mm<br \/>\nNopeus: 30 iskua\/min<br \/>\nVirtaus: 16-18\/Min<br \/>\nSovellukset: Adblue, \u00f6ljy, diesel, haponesteet.<\/p>\n","protected":false},"excerpt":{"rendered":"<p>Vipu Adblue-nesteen siirto k\u00e4sipumppu &#8211; 16 l\/min Tekniset tiedot: Materiaali: Tiivisteen materiaali: Muovi &#8211; PE Tiivisteen materiaali: Adapterin koko: 2 tuumaa Sis\u00e4\u00e4nmenon l\u00e4pimitta: 18mm Ulosmenon l\u00e4pimitta: 26.5mm Sis\u00e4\u00e4nmenoputken pituus: 985mm Tuotteen pituus: 1285mm Nopeus: 30 iskua\/min Virtaus: 16-18\/Min Sovellukset: Adblue, \u00f6ljy, diesel, haponesteet.<\/p>\n","protected":false},"featured_media":20132,"template":"","meta":[],"product_brand":[],"product_cat":[183],"product_tag":[],"class_list":{"0":"post-20125","1":"product","2":"type-product","3":"status-publish","4":"has-post-thumbnail","6":"product_cat-tynnyri-kanisteri","7":"product_shipping_class-acessories-fi","9":"first","10":"onbackorder","11":"taxable","12":"shipping-taxable","13":"purchasable","14":"product-type-simple"},"yoast_head":"<!-- This site is optimized with the Yoast SEO plugin v26.9 - https:\/\/yoast.com\/product\/yoast-seo-wordpress\/ -->\n<title>Adblue-nesteen siirto k\u00e4sik\u00e4ytt\u00f6inen pumppu - 16 l\/min -<\/title>\n<meta name=\"description\" content=\"Adblue-nesteen siirto k\u00e4sik\u00e4ytt\u00f6inen pumppu - 16 l\/min. Materiaali: Muovi - PE. K\u00e4ytt\u00f6kohteet: Adblue, \u00f6ljy, diesel, happonesteet.\" \/>\n<meta name=\"robots\" content=\"index, follow, max-snippet:-1, max-image-preview:large, max-video-preview:-1\" \/>\n<link rel=\"canonical\" href=\"https:\/\/ibc.ee\/fi\/tuote\/lever-adblue-fluid-transfer-hand-pump-16-l-min\/\" \/>\n<meta property=\"og:locale\" content=\"fi_FI\" \/>\n<meta property=\"og:type\" content=\"article\" \/>\n<meta property=\"og:title\" content=\"Adblue-nesteen siirto k\u00e4sik\u00e4ytt\u00f6inen pumppu - 16 l\/min -\" \/>\n<meta property=\"og:description\" content=\"Adblue-nesteen siirto k\u00e4sik\u00e4ytt\u00f6inen pumppu - 16 l\/min. Materiaali: Muovi - PE. K\u00e4ytt\u00f6kohteet: Adblue, \u00f6ljy, diesel, happonesteet.\" \/>\n<meta property=\"og:url\" content=\"https:\/\/ibc.ee\/fi\/tuote\/lever-adblue-fluid-transfer-hand-pump-16-l-min\/\" \/>\n<meta property=\"og:site_name\" content=\"IBC konteineri m&uuml;&uuml;k, vaadid, kraanid, mahutid\" \/>\n<meta property=\"article:modified_time\" content=\"2025-04-22T11:42:45+00:00\" \/>\n<meta property=\"og:image\" content=\"https:\/\/ibc.ee\/wp-content\/uploads\/2021\/02\/Tunnipump-adblue-16-l-min.jpg\" \/>\n\t<meta property=\"og:image:width\" content=\"1000\" \/>\n\t<meta property=\"og:image:height\" content=\"1000\" \/>\n\t<meta property=\"og:image:type\" content=\"image\/jpeg\" \/>\n<meta name=\"twitter:card\" content=\"summary_large_image\" \/>\n<script type=\"application\/ld+json\" class=\"yoast-schema-graph\">{\"@context\":\"https:\/\/schema.org\",\"@graph\":[{\"@type\":\"WebPage\",\"@id\":\"https:\/\/ibc.ee\/fi\/tuote\/lever-adblue-fluid-transfer-hand-pump-16-l-min\/\",\"url\":\"https:\/\/ibc.ee\/fi\/tuote\/lever-adblue-fluid-transfer-hand-pump-16-l-min\/\",\"name\":\"Adblue-nesteen siirto k\u00e4sik\u00e4ytt\u00f6inen pumppu - 16 l\/min -\",\"isPartOf\":{\"@id\":\"https:\/\/www.ibc.ee\/fi\/#website\"},\"primaryImageOfPage\":{\"@id\":\"https:\/\/ibc.ee\/fi\/tuote\/lever-adblue-fluid-transfer-hand-pump-16-l-min\/#primaryimage\"},\"image\":{\"@id\":\"https:\/\/ibc.ee\/fi\/tuote\/lever-adblue-fluid-transfer-hand-pump-16-l-min\/#primaryimage\"},\"thumbnailUrl\":\"https:\/\/ibc.ee\/wp-content\/uploads\/2021\/02\/Tunnipump-adblue-16-l-min.jpg\",\"datePublished\":\"2021-02-19T18:49:53+00:00\",\"dateModified\":\"2025-04-22T11:42:45+00:00\",\"description\":\"Adblue-nesteen siirto k\u00e4sik\u00e4ytt\u00f6inen pumppu - 16 l\/min. Materiaali: Muovi - PE. K\u00e4ytt\u00f6kohteet: Adblue, \u00f6ljy, diesel, happonesteet.\",\"breadcrumb\":{\"@id\":\"https:\/\/ibc.ee\/fi\/tuote\/lever-adblue-fluid-transfer-hand-pump-16-l-min\/#breadcrumb\"},\"inLanguage\":\"fi\",\"potentialAction\":[{\"@type\":\"ReadAction\",\"target\":[\"https:\/\/ibc.ee\/fi\/tuote\/lever-adblue-fluid-transfer-hand-pump-16-l-min\/\"]}]},{\"@type\":\"ImageObject\",\"inLanguage\":\"fi\",\"@id\":\"https:\/\/ibc.ee\/fi\/tuote\/lever-adblue-fluid-transfer-hand-pump-16-l-min\/#primaryimage\",\"url\":\"https:\/\/ibc.ee\/wp-content\/uploads\/2021\/02\/Tunnipump-adblue-16-l-min.jpg\",\"contentUrl\":\"https:\/\/ibc.ee\/wp-content\/uploads\/2021\/02\/Tunnipump-adblue-16-l-min.jpg\",\"width\":1000,\"height\":1000,\"caption\":\"Lever Adblue Fluid Transfer Hand Pump - 16 l\/min.\"},{\"@type\":\"BreadcrumbList\",\"@id\":\"https:\/\/ibc.ee\/fi\/tuote\/lever-adblue-fluid-transfer-hand-pump-16-l-min\/#breadcrumb\",\"itemListElement\":[{\"@type\":\"ListItem\",\"position\":1,\"name\":\"\u0413\u043b\u0430\u0432\u043d\u0430\u044f \u0441\u0442\u0440\u0430\u043d\u0438\u0446\u0430\",\"item\":\"https:\/\/www.ibc.ee\/fi\/\"},{\"@type\":\"ListItem\",\"position\":2,\"name\":\"Myym\u00e4l\u00e4\",\"item\":\"https:\/\/www.ibc.ee\/fi\/shop\/\"},{\"@type\":\"ListItem\",\"position\":3,\"name\":\"Adblue-nesteen siirto k\u00e4sik\u00e4ytt\u00f6inen pumppu &#8211; 16 l\/min\"}]},{\"@type\":\"WebSite\",\"@id\":\"https:\/\/www.ibc.ee\/fi\/#website\",\"url\":\"https:\/\/www.ibc.ee\/fi\/\",\"name\":\"IBC konteineri m&uuml;&uuml;k, vaadid, kraanid, mahutid\",\"description\":\"IBC - Tank container valve, Adapters\\\\fittings, Intermediate bulk, container, Drums\/cans\",\"potentialAction\":[{\"@type\":\"SearchAction\",\"target\":{\"@type\":\"EntryPoint\",\"urlTemplate\":\"https:\/\/www.ibc.ee\/fi\/?s={search_term_string}\"},\"query-input\":{\"@type\":\"PropertyValueSpecification\",\"valueRequired\":true,\"valueName\":\"search_term_string\"}}],\"inLanguage\":\"fi\"}]}<\/script>\n<!-- \/ Yoast SEO plugin. -->","yoast_head_json":{"title":"Adblue-nesteen siirto k\u00e4sik\u00e4ytt\u00f6inen pumppu - 16 l\/min -","description":"Adblue-nesteen siirto k\u00e4sik\u00e4ytt\u00f6inen pumppu - 16 l\/min. Materiaali: Muovi - PE. K\u00e4ytt\u00f6kohteet: Adblue, \u00f6ljy, diesel, happonesteet.","robots":{"index":"index","follow":"follow","max-snippet":"max-snippet:-1","max-image-preview":"max-image-preview:large","max-video-preview":"max-video-preview:-1"},"canonical":"https:\/\/ibc.ee\/fi\/tuote\/lever-adblue-fluid-transfer-hand-pump-16-l-min\/","og_locale":"fi_FI","og_type":"article","og_title":"Adblue-nesteen siirto k\u00e4sik\u00e4ytt\u00f6inen pumppu - 16 l\/min -","og_description":"Adblue-nesteen siirto k\u00e4sik\u00e4ytt\u00f6inen pumppu - 16 l\/min. Materiaali: Muovi - PE. K\u00e4ytt\u00f6kohteet: Adblue, \u00f6ljy, diesel, happonesteet.","og_url":"https:\/\/ibc.ee\/fi\/tuote\/lever-adblue-fluid-transfer-hand-pump-16-l-min\/","og_site_name":"IBC konteineri m&uuml;&uuml;k, vaadid, kraanid, mahutid","article_modified_time":"2025-04-22T11:42:45+00:00","og_image":[{"width":1000,"height":1000,"url":"https:\/\/ibc.ee\/wp-content\/uploads\/2021\/02\/Tunnipump-adblue-16-l-min.jpg","type":"image\/jpeg"}],"twitter_card":"summary_large_image","schema":{"@context":"https:\/\/schema.org","@graph":[{"@type":"WebPage","@id":"https:\/\/ibc.ee\/fi\/tuote\/lever-adblue-fluid-transfer-hand-pump-16-l-min\/","url":"https:\/\/ibc.ee\/fi\/tuote\/lever-adblue-fluid-transfer-hand-pump-16-l-min\/","name":"Adblue-nesteen siirto k\u00e4sik\u00e4ytt\u00f6inen pumppu - 16 l\/min -","isPartOf":{"@id":"https:\/\/www.ibc.ee\/fi\/#website"},"primaryImageOfPage":{"@id":"https:\/\/ibc.ee\/fi\/tuote\/lever-adblue-fluid-transfer-hand-pump-16-l-min\/#primaryimage"},"image":{"@id":"https:\/\/ibc.ee\/fi\/tuote\/lever-adblue-fluid-transfer-hand-pump-16-l-min\/#primaryimage"},"thumbnailUrl":"https:\/\/ibc.ee\/wp-content\/uploads\/2021\/02\/Tunnipump-adblue-16-l-min.jpg","datePublished":"2021-02-19T18:49:53+00:00","dateModified":"2025-04-22T11:42:45+00:00","description":"Adblue-nesteen siirto k\u00e4sik\u00e4ytt\u00f6inen pumppu - 16 l\/min. Materiaali: Muovi - PE. K\u00e4ytt\u00f6kohteet: Adblue, \u00f6ljy, diesel, happonesteet.","breadcrumb":{"@id":"https:\/\/ibc.ee\/fi\/tuote\/lever-adblue-fluid-transfer-hand-pump-16-l-min\/#breadcrumb"},"inLanguage":"fi","potentialAction":[{"@type":"ReadAction","target":["https:\/\/ibc.ee\/fi\/tuote\/lever-adblue-fluid-transfer-hand-pump-16-l-min\/"]}]},{"@type":"ImageObject","inLanguage":"fi","@id":"https:\/\/ibc.ee\/fi\/tuote\/lever-adblue-fluid-transfer-hand-pump-16-l-min\/#primaryimage","url":"https:\/\/ibc.ee\/wp-content\/uploads\/2021\/02\/Tunnipump-adblue-16-l-min.jpg","contentUrl":"https:\/\/ibc.ee\/wp-content\/uploads\/2021\/02\/Tunnipump-adblue-16-l-min.jpg","width":1000,"height":1000,"caption":"Lever Adblue Fluid Transfer Hand Pump - 16 l\/min."},{"@type":"BreadcrumbList","@id":"https:\/\/ibc.ee\/fi\/tuote\/lever-adblue-fluid-transfer-hand-pump-16-l-min\/#breadcrumb","itemListElement":[{"@type":"ListItem","position":1,"name":"\u0413\u043b\u0430\u0432\u043d\u0430\u044f \u0441\u0442\u0440\u0430\u043d\u0438\u0446\u0430","item":"https:\/\/www.ibc.ee\/fi\/"},{"@type":"ListItem","position":2,"name":"Myym\u00e4l\u00e4","item":"https:\/\/www.ibc.ee\/fi\/shop\/"},{"@type":"ListItem","position":3,"name":"Adblue-nesteen siirto k\u00e4sik\u00e4ytt\u00f6inen pumppu &#8211; 16 l\/min"}]},{"@type":"WebSite","@id":"https:\/\/www.ibc.ee\/fi\/#website","url":"https:\/\/www.ibc.ee\/fi\/","name":"IBC konteineri m&uuml;&uuml;k, vaadid, kraanid, mahutid","description":"IBC - Tank container valve, Adapters\\fittings, Intermediate bulk, container, Drums\/cans","potentialAction":[{"@type":"SearchAction","target":{"@type":"EntryPoint","urlTemplate":"https:\/\/www.ibc.ee\/fi\/?s={search_term_string}"},"query-input":{"@type":"PropertyValueSpecification","valueRequired":true,"valueName":"search_term_string"}}],"inLanguage":"fi"}]}},"_links":{"self":[{"href":"https:\/\/ibc.ee\/fi\/wp-json\/wp\/v2\/product\/20125","targetHints":{"allow":["GET"]}}],"collection":[{"href":"https:\/\/ibc.ee\/fi\/wp-json\/wp\/v2\/product"}],"about":[{"href":"https:\/\/ibc.ee\/fi\/wp-json\/wp\/v2\/types\/product"}],"wp:featuredmedia":[{"embeddable":true,"href":"https:\/\/ibc.ee\/fi\/wp-json\/wp\/v2\/media\/20132"}],"wp:attachment":[{"href":"https:\/\/ibc.ee\/fi\/wp-json\/wp\/v2\/media?parent=20125"}],"wp:term":[{"taxonomy":"product_brand","embeddable":true,"href":"https:\/\/ibc.ee\/fi\/wp-json\/wp\/v2\/product_brand?post=20125"},{"taxonomy":"product_cat","embeddable":true,"href":"https:\/\/ibc.ee\/fi\/wp-json\/wp\/v2\/product_cat?post=20125"},{"taxonomy":"product_tag","embeddable":true,"href":"https:\/\/ibc.ee\/fi\/wp-json\/wp\/v2\/product_tag?post=20125"}],"curies":[{"name":"wp","href":"https:\/\/api.w.org\/{rel}","templated":true}]}}