{"id":20147,"date":"2021-02-19T21:45:48","date_gmt":"2021-02-19T19:45:48","guid":{"rendered":"https:\/\/ibc.ee\/?post_type=product&#038;p=20147"},"modified":"2025-04-22T13:37:18","modified_gmt":"2025-04-22T11:37:18","slug":"r-490s-lever-action-drum-pump-with-ryton-body","status":"publish","type":"product","link":"https:\/\/ibc.ee\/fi\/tuote\/r-490s-lever-action-drum-pump-with-ryton-body\/","title":{"rendered":"R-490S viputoiminen rumpupumppu, jossa on Ryton-runko"},"content":{"rendered":"<p>R-490S viputoiminen rumpupumppu Ryton-rungolla<\/p>\n<p>Tekniset tiedot:<br \/>\nMateriaali: PPS &#8211; S316SS<br \/>\nTiivisteen materiaali: Viton<br \/>\nKutistettu: ABS<br \/>\nUlostuloputki: PP<br \/>\nSis\u00e4\u00e4ntulo \/ ulostulo Dia: 37mm\/22mm<br \/>\nTuotteen pituus: 1370mm<br \/>\nVirtaus: 19 l\/min<br \/>\nSovellettavat tynnyrit: 19 l\/min: 15-55mm<br \/>\nNopeus: 55 iskua\/min<br \/>\nK\u00e4ytt\u00f6kohteet: 15-55mm Nopeus: 55 iskua\/min: Diesel, kerosiini, \u00f6ljy, vesi, adblue, heikko happo.<\/p>\n","protected":false},"excerpt":{"rendered":"<p>R-490S viputoiminen rumpupumppu Ryton-rungolla Tekniset tiedot: Materiaali: PPS &#8211; S316SS Tiivisteen materiaali: Viton Kutistettu: ABS Ulostuloputki: PP Sis\u00e4\u00e4ntulo \/ ulostulo Dia: 37mm\/22mm Tuotteen pituus: 1370mm Virtaus: 19 l\/min Sovellettavat tynnyrit: 19 l\/min: 15-55mm Nopeus: 55 iskua\/min K\u00e4ytt\u00f6kohteet: 15-55mm Nopeus: 55 iskua\/min: Diesel, kerosiini, \u00f6ljy, vesi, adblue, heikko happo.<\/p>\n","protected":false},"featured_media":20153,"template":"","meta":[],"product_brand":[],"product_cat":[183],"product_tag":[],"class_list":{"0":"post-20147","1":"product","2":"type-product","3":"status-publish","4":"has-post-thumbnail","6":"product_cat-tynnyri-kanisteri","7":"product_shipping_class-acessories-fi","9":"first","10":"onbackorder","11":"taxable","12":"shipping-taxable","13":"purchasable","14":"product-type-simple"},"yoast_head":"<!-- This site is optimized with the Yoast SEO plugin v26.9 - https:\/\/yoast.com\/product\/yoast-seo-wordpress\/ -->\n<title>R-490S viputoiminen rumpupumppu, jossa on Ryton-runko -<\/title>\n<meta name=\"description\" content=\"R-490S viputoiminen rumpupumppu, jossa on Ryton-runko. Materiaali: PPS - S316SS. Virtaus: 19 l\/min. K\u00e4ytt\u00f6kohteet: Diesel, kerosiini, \u00f6ljy, vesi, adblue, heikko happo.\" \/>\n<meta name=\"robots\" content=\"index, follow, max-snippet:-1, max-image-preview:large, max-video-preview:-1\" \/>\n<link rel=\"canonical\" href=\"https:\/\/ibc.ee\/fi\/tuote\/r-490s-lever-action-drum-pump-with-ryton-body\/\" \/>\n<meta property=\"og:locale\" content=\"fi_FI\" \/>\n<meta property=\"og:type\" content=\"article\" \/>\n<meta property=\"og:title\" content=\"R-490S viputoiminen rumpupumppu, jossa on Ryton-runko -\" \/>\n<meta property=\"og:description\" content=\"R-490S viputoiminen rumpupumppu, jossa on Ryton-runko. Materiaali: PPS - S316SS. Virtaus: 19 l\/min. K\u00e4ytt\u00f6kohteet: Diesel, kerosiini, \u00f6ljy, vesi, adblue, heikko happo.\" \/>\n<meta property=\"og:url\" content=\"https:\/\/ibc.ee\/fi\/tuote\/r-490s-lever-action-drum-pump-with-ryton-body\/\" \/>\n<meta property=\"og:site_name\" content=\"IBC konteineri m&uuml;&uuml;k, vaadid, kraanid, mahutid\" \/>\n<meta property=\"article:modified_time\" content=\"2025-04-22T11:37:18+00:00\" \/>\n<meta property=\"og:image\" content=\"https:\/\/ibc.ee\/wp-content\/uploads\/2021\/02\/R-490S-Vaadipump-kaeupidemega-kemikaalile.jpg\" \/>\n\t<meta property=\"og:image:width\" content=\"1000\" \/>\n\t<meta property=\"og:image:height\" content=\"1000\" \/>\n\t<meta property=\"og:image:type\" content=\"image\/jpeg\" \/>\n<meta name=\"twitter:card\" content=\"summary_large_image\" \/>\n<script type=\"application\/ld+json\" class=\"yoast-schema-graph\">{\"@context\":\"https:\/\/schema.org\",\"@graph\":[{\"@type\":\"WebPage\",\"@id\":\"https:\/\/ibc.ee\/fi\/tuote\/r-490s-lever-action-drum-pump-with-ryton-body\/\",\"url\":\"https:\/\/ibc.ee\/fi\/tuote\/r-490s-lever-action-drum-pump-with-ryton-body\/\",\"name\":\"R-490S viputoiminen rumpupumppu, jossa on Ryton-runko -\",\"isPartOf\":{\"@id\":\"https:\/\/www.ibc.ee\/fi\/#website\"},\"primaryImageOfPage\":{\"@id\":\"https:\/\/ibc.ee\/fi\/tuote\/r-490s-lever-action-drum-pump-with-ryton-body\/#primaryimage\"},\"image\":{\"@id\":\"https:\/\/ibc.ee\/fi\/tuote\/r-490s-lever-action-drum-pump-with-ryton-body\/#primaryimage\"},\"thumbnailUrl\":\"https:\/\/ibc.ee\/wp-content\/uploads\/2021\/02\/R-490S-Vaadipump-kaeupidemega-kemikaalile.jpg\",\"datePublished\":\"2021-02-19T19:45:48+00:00\",\"dateModified\":\"2025-04-22T11:37:18+00:00\",\"description\":\"R-490S viputoiminen rumpupumppu, jossa on Ryton-runko. Materiaali: PPS - S316SS. Virtaus: 19 l\/min. K\u00e4ytt\u00f6kohteet: Diesel, kerosiini, \u00f6ljy, vesi, adblue, heikko happo.\",\"breadcrumb\":{\"@id\":\"https:\/\/ibc.ee\/fi\/tuote\/r-490s-lever-action-drum-pump-with-ryton-body\/#breadcrumb\"},\"inLanguage\":\"fi\",\"potentialAction\":[{\"@type\":\"ReadAction\",\"target\":[\"https:\/\/ibc.ee\/fi\/tuote\/r-490s-lever-action-drum-pump-with-ryton-body\/\"]}]},{\"@type\":\"ImageObject\",\"inLanguage\":\"fi\",\"@id\":\"https:\/\/ibc.ee\/fi\/tuote\/r-490s-lever-action-drum-pump-with-ryton-body\/#primaryimage\",\"url\":\"https:\/\/ibc.ee\/wp-content\/uploads\/2021\/02\/R-490S-Vaadipump-kaeupidemega-kemikaalile.jpg\",\"contentUrl\":\"https:\/\/ibc.ee\/wp-content\/uploads\/2021\/02\/R-490S-Vaadipump-kaeupidemega-kemikaalile.jpg\",\"width\":1000,\"height\":1000,\"caption\":\"R-490S Lever Action Drum Pump with Ryton Body\"},{\"@type\":\"BreadcrumbList\",\"@id\":\"https:\/\/ibc.ee\/fi\/tuote\/r-490s-lever-action-drum-pump-with-ryton-body\/#breadcrumb\",\"itemListElement\":[{\"@type\":\"ListItem\",\"position\":1,\"name\":\"\u0413\u043b\u0430\u0432\u043d\u0430\u044f \u0441\u0442\u0440\u0430\u043d\u0438\u0446\u0430\",\"item\":\"https:\/\/www.ibc.ee\/fi\/\"},{\"@type\":\"ListItem\",\"position\":2,\"name\":\"Myym\u00e4l\u00e4\",\"item\":\"https:\/\/www.ibc.ee\/fi\/shop\/\"},{\"@type\":\"ListItem\",\"position\":3,\"name\":\"R-490S viputoiminen rumpupumppu, jossa on Ryton-runko\"}]},{\"@type\":\"WebSite\",\"@id\":\"https:\/\/www.ibc.ee\/fi\/#website\",\"url\":\"https:\/\/www.ibc.ee\/fi\/\",\"name\":\"IBC konteineri m&uuml;&uuml;k, vaadid, kraanid, mahutid\",\"description\":\"IBC - Tank container valve, Adapters\\\\fittings, Intermediate bulk, container, Drums\/cans\",\"potentialAction\":[{\"@type\":\"SearchAction\",\"target\":{\"@type\":\"EntryPoint\",\"urlTemplate\":\"https:\/\/www.ibc.ee\/fi\/?s={search_term_string}\"},\"query-input\":{\"@type\":\"PropertyValueSpecification\",\"valueRequired\":true,\"valueName\":\"search_term_string\"}}],\"inLanguage\":\"fi\"}]}<\/script>\n<!-- \/ Yoast SEO plugin. -->","yoast_head_json":{"title":"R-490S viputoiminen rumpupumppu, jossa on Ryton-runko -","description":"R-490S viputoiminen rumpupumppu, jossa on Ryton-runko. Materiaali: PPS - S316SS. Virtaus: 19 l\/min. K\u00e4ytt\u00f6kohteet: Diesel, kerosiini, \u00f6ljy, vesi, adblue, heikko happo.","robots":{"index":"index","follow":"follow","max-snippet":"max-snippet:-1","max-image-preview":"max-image-preview:large","max-video-preview":"max-video-preview:-1"},"canonical":"https:\/\/ibc.ee\/fi\/tuote\/r-490s-lever-action-drum-pump-with-ryton-body\/","og_locale":"fi_FI","og_type":"article","og_title":"R-490S viputoiminen rumpupumppu, jossa on Ryton-runko -","og_description":"R-490S viputoiminen rumpupumppu, jossa on Ryton-runko. Materiaali: PPS - S316SS. Virtaus: 19 l\/min. K\u00e4ytt\u00f6kohteet: Diesel, kerosiini, \u00f6ljy, vesi, adblue, heikko happo.","og_url":"https:\/\/ibc.ee\/fi\/tuote\/r-490s-lever-action-drum-pump-with-ryton-body\/","og_site_name":"IBC konteineri m&uuml;&uuml;k, vaadid, kraanid, mahutid","article_modified_time":"2025-04-22T11:37:18+00:00","og_image":[{"width":1000,"height":1000,"url":"https:\/\/ibc.ee\/wp-content\/uploads\/2021\/02\/R-490S-Vaadipump-kaeupidemega-kemikaalile.jpg","type":"image\/jpeg"}],"twitter_card":"summary_large_image","schema":{"@context":"https:\/\/schema.org","@graph":[{"@type":"WebPage","@id":"https:\/\/ibc.ee\/fi\/tuote\/r-490s-lever-action-drum-pump-with-ryton-body\/","url":"https:\/\/ibc.ee\/fi\/tuote\/r-490s-lever-action-drum-pump-with-ryton-body\/","name":"R-490S viputoiminen rumpupumppu, jossa on Ryton-runko -","isPartOf":{"@id":"https:\/\/www.ibc.ee\/fi\/#website"},"primaryImageOfPage":{"@id":"https:\/\/ibc.ee\/fi\/tuote\/r-490s-lever-action-drum-pump-with-ryton-body\/#primaryimage"},"image":{"@id":"https:\/\/ibc.ee\/fi\/tuote\/r-490s-lever-action-drum-pump-with-ryton-body\/#primaryimage"},"thumbnailUrl":"https:\/\/ibc.ee\/wp-content\/uploads\/2021\/02\/R-490S-Vaadipump-kaeupidemega-kemikaalile.jpg","datePublished":"2021-02-19T19:45:48+00:00","dateModified":"2025-04-22T11:37:18+00:00","description":"R-490S viputoiminen rumpupumppu, jossa on Ryton-runko. Materiaali: PPS - S316SS. Virtaus: 19 l\/min. K\u00e4ytt\u00f6kohteet: Diesel, kerosiini, \u00f6ljy, vesi, adblue, heikko happo.","breadcrumb":{"@id":"https:\/\/ibc.ee\/fi\/tuote\/r-490s-lever-action-drum-pump-with-ryton-body\/#breadcrumb"},"inLanguage":"fi","potentialAction":[{"@type":"ReadAction","target":["https:\/\/ibc.ee\/fi\/tuote\/r-490s-lever-action-drum-pump-with-ryton-body\/"]}]},{"@type":"ImageObject","inLanguage":"fi","@id":"https:\/\/ibc.ee\/fi\/tuote\/r-490s-lever-action-drum-pump-with-ryton-body\/#primaryimage","url":"https:\/\/ibc.ee\/wp-content\/uploads\/2021\/02\/R-490S-Vaadipump-kaeupidemega-kemikaalile.jpg","contentUrl":"https:\/\/ibc.ee\/wp-content\/uploads\/2021\/02\/R-490S-Vaadipump-kaeupidemega-kemikaalile.jpg","width":1000,"height":1000,"caption":"R-490S Lever Action Drum Pump with Ryton Body"},{"@type":"BreadcrumbList","@id":"https:\/\/ibc.ee\/fi\/tuote\/r-490s-lever-action-drum-pump-with-ryton-body\/#breadcrumb","itemListElement":[{"@type":"ListItem","position":1,"name":"\u0413\u043b\u0430\u0432\u043d\u0430\u044f \u0441\u0442\u0440\u0430\u043d\u0438\u0446\u0430","item":"https:\/\/www.ibc.ee\/fi\/"},{"@type":"ListItem","position":2,"name":"Myym\u00e4l\u00e4","item":"https:\/\/www.ibc.ee\/fi\/shop\/"},{"@type":"ListItem","position":3,"name":"R-490S viputoiminen rumpupumppu, jossa on Ryton-runko"}]},{"@type":"WebSite","@id":"https:\/\/www.ibc.ee\/fi\/#website","url":"https:\/\/www.ibc.ee\/fi\/","name":"IBC konteineri m&uuml;&uuml;k, vaadid, kraanid, mahutid","description":"IBC - Tank container valve, Adapters\\fittings, Intermediate bulk, container, Drums\/cans","potentialAction":[{"@type":"SearchAction","target":{"@type":"EntryPoint","urlTemplate":"https:\/\/www.ibc.ee\/fi\/?s={search_term_string}"},"query-input":{"@type":"PropertyValueSpecification","valueRequired":true,"valueName":"search_term_string"}}],"inLanguage":"fi"}]}},"_links":{"self":[{"href":"https:\/\/ibc.ee\/fi\/wp-json\/wp\/v2\/product\/20147","targetHints":{"allow":["GET"]}}],"collection":[{"href":"https:\/\/ibc.ee\/fi\/wp-json\/wp\/v2\/product"}],"about":[{"href":"https:\/\/ibc.ee\/fi\/wp-json\/wp\/v2\/types\/product"}],"wp:featuredmedia":[{"embeddable":true,"href":"https:\/\/ibc.ee\/fi\/wp-json\/wp\/v2\/media\/20153"}],"wp:attachment":[{"href":"https:\/\/ibc.ee\/fi\/wp-json\/wp\/v2\/media?parent=20147"}],"wp:term":[{"taxonomy":"product_brand","embeddable":true,"href":"https:\/\/ibc.ee\/fi\/wp-json\/wp\/v2\/product_brand?post=20147"},{"taxonomy":"product_cat","embeddable":true,"href":"https:\/\/ibc.ee\/fi\/wp-json\/wp\/v2\/product_cat?post=20147"},{"taxonomy":"product_tag","embeddable":true,"href":"https:\/\/ibc.ee\/fi\/wp-json\/wp\/v2\/product_tag?post=20147"}],"curies":[{"name":"wp","href":"https:\/\/api.w.org\/{rel}","templated":true}]}}