{"id":20168,"date":"2021-02-19T22:25:49","date_gmt":"2021-02-19T20:25:49","guid":{"rendered":"https:\/\/ibc.ee\/?post_type=product&#038;p=20168"},"modified":"2025-04-22T13:36:39","modified_gmt":"2025-04-22T11:36:39","slug":"plastic-pp-air-operated-drum-pump","status":"publish","type":"product","link":"https:\/\/ibc.ee\/fi\/tuote\/plastic-pp-air-operated-drum-pump\/","title":{"rendered":"Muovi PP Ilmak\u00e4ytt\u00f6inen rumpupumppu"},"content":{"rendered":"<p>Muovi PP Ilmak\u00e4ytt\u00f6inen rumpupumppu<\/p>\n<p>Tekniset tiedot:<br \/>\nPumpun rakenne: PP<br \/>\nPutkimateriaali: PP<br \/>\nPutken nro: 1kpl<br \/>\nTuloputken pituus: 98cm<br \/>\nKokonaispituus: 130cm<br \/>\nTuloaukon l\u00e4pimitta: 43mm<br \/>\nPoistoaukon l\u00e4pimitta: 22mm<br \/>\nVirtausnopeus: 190 ml\/tahti<br \/>\nMax Flow GPM: 8 (vesi)<br \/>\nMax paine: 100 PSI<br \/>\nK\u00e4ytt\u00f6kohteet: Diesel, kerosiini, \u00f6ljy, vesi, adblue, heikko happo, alkoholi, bensiini.<\/p>\n","protected":false},"excerpt":{"rendered":"<p>Muovi PP Ilmak\u00e4ytt\u00f6inen rumpupumppu Tekniset tiedot: Pumpun rakenne: PP Putkimateriaali: PP Putken nro: 1kpl Tuloputken pituus: 98cm Kokonaispituus: 130cm Tuloaukon l\u00e4pimitta: 43mm Poistoaukon l\u00e4pimitta: 22mm Virtausnopeus: 190 ml\/tahti Max Flow GPM: 8 (vesi) Max paine: 100 PSI K\u00e4ytt\u00f6kohteet: Diesel, kerosiini, \u00f6ljy, vesi, adblue, heikko happo, alkoholi, bensiini.<\/p>\n","protected":false},"featured_media":20174,"template":"","meta":[],"product_brand":[],"product_cat":[183],"product_tag":[],"class_list":{"0":"post-20168","1":"product","2":"type-product","3":"status-publish","4":"has-post-thumbnail","6":"product_cat-tynnyri-kanisteri","7":"product_shipping_class-acessories-fi","9":"first","10":"onbackorder","11":"taxable","12":"shipping-taxable","13":"purchasable","14":"product-type-simple"},"yoast_head":"<!-- This site is optimized with the Yoast SEO plugin v26.9 - https:\/\/yoast.com\/product\/yoast-seo-wordpress\/ -->\n<title>Muovi PP Ilmak\u00e4ytt\u00f6inen rumpupumppu -<\/title>\n<meta name=\"description\" content=\"Muovi PP Ilmak\u00e4ytt\u00f6inen tynnyripumppu. Maksimipaine: 100 PSI. Pumpun rakenne: PP. K\u00e4ytt\u00f6kohteet: Diesel, kerosiini, \u00f6ljy, vesi, adblue, heikko happo, alkoholi, bensiini.\" \/>\n<meta name=\"robots\" content=\"index, follow, max-snippet:-1, max-image-preview:large, max-video-preview:-1\" \/>\n<link rel=\"canonical\" href=\"https:\/\/ibc.ee\/fi\/tuote\/plastic-pp-air-operated-drum-pump\/\" \/>\n<meta property=\"og:locale\" content=\"fi_FI\" \/>\n<meta property=\"og:type\" content=\"article\" \/>\n<meta property=\"og:title\" content=\"Muovi PP Ilmak\u00e4ytt\u00f6inen rumpupumppu -\" \/>\n<meta property=\"og:description\" content=\"Muovi PP Ilmak\u00e4ytt\u00f6inen tynnyripumppu. Maksimipaine: 100 PSI. Pumpun rakenne: PP. K\u00e4ytt\u00f6kohteet: Diesel, kerosiini, \u00f6ljy, vesi, adblue, heikko happo, alkoholi, bensiini.\" \/>\n<meta property=\"og:url\" content=\"https:\/\/ibc.ee\/fi\/tuote\/plastic-pp-air-operated-drum-pump\/\" \/>\n<meta property=\"og:site_name\" content=\"IBC konteineri m&uuml;&uuml;k, vaadid, kraanid, mahutid\" \/>\n<meta property=\"article:modified_time\" content=\"2025-04-22T11:36:39+00:00\" \/>\n<meta property=\"og:image\" content=\"https:\/\/ibc.ee\/wp-content\/uploads\/2021\/02\/Pneumaatiline-PP-pump-tunnile.jpg\" \/>\n\t<meta property=\"og:image:width\" content=\"1000\" \/>\n\t<meta property=\"og:image:height\" content=\"1000\" \/>\n\t<meta property=\"og:image:type\" content=\"image\/jpeg\" \/>\n<meta name=\"twitter:card\" content=\"summary_large_image\" \/>\n<script type=\"application\/ld+json\" class=\"yoast-schema-graph\">{\"@context\":\"https:\/\/schema.org\",\"@graph\":[{\"@type\":\"WebPage\",\"@id\":\"https:\/\/ibc.ee\/fi\/tuote\/plastic-pp-air-operated-drum-pump\/\",\"url\":\"https:\/\/ibc.ee\/fi\/tuote\/plastic-pp-air-operated-drum-pump\/\",\"name\":\"Muovi PP Ilmak\u00e4ytt\u00f6inen rumpupumppu -\",\"isPartOf\":{\"@id\":\"https:\/\/www.ibc.ee\/fi\/#website\"},\"primaryImageOfPage\":{\"@id\":\"https:\/\/ibc.ee\/fi\/tuote\/plastic-pp-air-operated-drum-pump\/#primaryimage\"},\"image\":{\"@id\":\"https:\/\/ibc.ee\/fi\/tuote\/plastic-pp-air-operated-drum-pump\/#primaryimage\"},\"thumbnailUrl\":\"https:\/\/ibc.ee\/wp-content\/uploads\/2021\/02\/Pneumaatiline-PP-pump-tunnile.jpg\",\"datePublished\":\"2021-02-19T20:25:49+00:00\",\"dateModified\":\"2025-04-22T11:36:39+00:00\",\"description\":\"Muovi PP Ilmak\u00e4ytt\u00f6inen tynnyripumppu. Maksimipaine: 100 PSI. Pumpun rakenne: PP. K\u00e4ytt\u00f6kohteet: Diesel, kerosiini, \u00f6ljy, vesi, adblue, heikko happo, alkoholi, bensiini.\",\"breadcrumb\":{\"@id\":\"https:\/\/ibc.ee\/fi\/tuote\/plastic-pp-air-operated-drum-pump\/#breadcrumb\"},\"inLanguage\":\"fi\",\"potentialAction\":[{\"@type\":\"ReadAction\",\"target\":[\"https:\/\/ibc.ee\/fi\/tuote\/plastic-pp-air-operated-drum-pump\/\"]}]},{\"@type\":\"ImageObject\",\"inLanguage\":\"fi\",\"@id\":\"https:\/\/ibc.ee\/fi\/tuote\/plastic-pp-air-operated-drum-pump\/#primaryimage\",\"url\":\"https:\/\/ibc.ee\/wp-content\/uploads\/2021\/02\/Pneumaatiline-PP-pump-tunnile.jpg\",\"contentUrl\":\"https:\/\/ibc.ee\/wp-content\/uploads\/2021\/02\/Pneumaatiline-PP-pump-tunnile.jpg\",\"width\":1000,\"height\":1000,\"caption\":\"Plastic PP Air-operated Drum Pump\"},{\"@type\":\"BreadcrumbList\",\"@id\":\"https:\/\/ibc.ee\/fi\/tuote\/plastic-pp-air-operated-drum-pump\/#breadcrumb\",\"itemListElement\":[{\"@type\":\"ListItem\",\"position\":1,\"name\":\"\u0413\u043b\u0430\u0432\u043d\u0430\u044f \u0441\u0442\u0440\u0430\u043d\u0438\u0446\u0430\",\"item\":\"https:\/\/www.ibc.ee\/fi\/\"},{\"@type\":\"ListItem\",\"position\":2,\"name\":\"Myym\u00e4l\u00e4\",\"item\":\"https:\/\/www.ibc.ee\/fi\/shop\/\"},{\"@type\":\"ListItem\",\"position\":3,\"name\":\"Muovi PP Ilmak\u00e4ytt\u00f6inen rumpupumppu\"}]},{\"@type\":\"WebSite\",\"@id\":\"https:\/\/www.ibc.ee\/fi\/#website\",\"url\":\"https:\/\/www.ibc.ee\/fi\/\",\"name\":\"IBC konteineri m&uuml;&uuml;k, vaadid, kraanid, mahutid\",\"description\":\"IBC - Tank container valve, Adapters\\\\fittings, Intermediate bulk, container, Drums\/cans\",\"potentialAction\":[{\"@type\":\"SearchAction\",\"target\":{\"@type\":\"EntryPoint\",\"urlTemplate\":\"https:\/\/www.ibc.ee\/fi\/?s={search_term_string}\"},\"query-input\":{\"@type\":\"PropertyValueSpecification\",\"valueRequired\":true,\"valueName\":\"search_term_string\"}}],\"inLanguage\":\"fi\"}]}<\/script>\n<!-- \/ Yoast SEO plugin. -->","yoast_head_json":{"title":"Muovi PP Ilmak\u00e4ytt\u00f6inen rumpupumppu -","description":"Muovi PP Ilmak\u00e4ytt\u00f6inen tynnyripumppu. Maksimipaine: 100 PSI. Pumpun rakenne: PP. K\u00e4ytt\u00f6kohteet: Diesel, kerosiini, \u00f6ljy, vesi, adblue, heikko happo, alkoholi, bensiini.","robots":{"index":"index","follow":"follow","max-snippet":"max-snippet:-1","max-image-preview":"max-image-preview:large","max-video-preview":"max-video-preview:-1"},"canonical":"https:\/\/ibc.ee\/fi\/tuote\/plastic-pp-air-operated-drum-pump\/","og_locale":"fi_FI","og_type":"article","og_title":"Muovi PP Ilmak\u00e4ytt\u00f6inen rumpupumppu -","og_description":"Muovi PP Ilmak\u00e4ytt\u00f6inen tynnyripumppu. Maksimipaine: 100 PSI. Pumpun rakenne: PP. K\u00e4ytt\u00f6kohteet: Diesel, kerosiini, \u00f6ljy, vesi, adblue, heikko happo, alkoholi, bensiini.","og_url":"https:\/\/ibc.ee\/fi\/tuote\/plastic-pp-air-operated-drum-pump\/","og_site_name":"IBC konteineri m&uuml;&uuml;k, vaadid, kraanid, mahutid","article_modified_time":"2025-04-22T11:36:39+00:00","og_image":[{"width":1000,"height":1000,"url":"https:\/\/ibc.ee\/wp-content\/uploads\/2021\/02\/Pneumaatiline-PP-pump-tunnile.jpg","type":"image\/jpeg"}],"twitter_card":"summary_large_image","schema":{"@context":"https:\/\/schema.org","@graph":[{"@type":"WebPage","@id":"https:\/\/ibc.ee\/fi\/tuote\/plastic-pp-air-operated-drum-pump\/","url":"https:\/\/ibc.ee\/fi\/tuote\/plastic-pp-air-operated-drum-pump\/","name":"Muovi PP Ilmak\u00e4ytt\u00f6inen rumpupumppu -","isPartOf":{"@id":"https:\/\/www.ibc.ee\/fi\/#website"},"primaryImageOfPage":{"@id":"https:\/\/ibc.ee\/fi\/tuote\/plastic-pp-air-operated-drum-pump\/#primaryimage"},"image":{"@id":"https:\/\/ibc.ee\/fi\/tuote\/plastic-pp-air-operated-drum-pump\/#primaryimage"},"thumbnailUrl":"https:\/\/ibc.ee\/wp-content\/uploads\/2021\/02\/Pneumaatiline-PP-pump-tunnile.jpg","datePublished":"2021-02-19T20:25:49+00:00","dateModified":"2025-04-22T11:36:39+00:00","description":"Muovi PP Ilmak\u00e4ytt\u00f6inen tynnyripumppu. Maksimipaine: 100 PSI. Pumpun rakenne: PP. K\u00e4ytt\u00f6kohteet: Diesel, kerosiini, \u00f6ljy, vesi, adblue, heikko happo, alkoholi, bensiini.","breadcrumb":{"@id":"https:\/\/ibc.ee\/fi\/tuote\/plastic-pp-air-operated-drum-pump\/#breadcrumb"},"inLanguage":"fi","potentialAction":[{"@type":"ReadAction","target":["https:\/\/ibc.ee\/fi\/tuote\/plastic-pp-air-operated-drum-pump\/"]}]},{"@type":"ImageObject","inLanguage":"fi","@id":"https:\/\/ibc.ee\/fi\/tuote\/plastic-pp-air-operated-drum-pump\/#primaryimage","url":"https:\/\/ibc.ee\/wp-content\/uploads\/2021\/02\/Pneumaatiline-PP-pump-tunnile.jpg","contentUrl":"https:\/\/ibc.ee\/wp-content\/uploads\/2021\/02\/Pneumaatiline-PP-pump-tunnile.jpg","width":1000,"height":1000,"caption":"Plastic PP Air-operated Drum Pump"},{"@type":"BreadcrumbList","@id":"https:\/\/ibc.ee\/fi\/tuote\/plastic-pp-air-operated-drum-pump\/#breadcrumb","itemListElement":[{"@type":"ListItem","position":1,"name":"\u0413\u043b\u0430\u0432\u043d\u0430\u044f \u0441\u0442\u0440\u0430\u043d\u0438\u0446\u0430","item":"https:\/\/www.ibc.ee\/fi\/"},{"@type":"ListItem","position":2,"name":"Myym\u00e4l\u00e4","item":"https:\/\/www.ibc.ee\/fi\/shop\/"},{"@type":"ListItem","position":3,"name":"Muovi PP Ilmak\u00e4ytt\u00f6inen rumpupumppu"}]},{"@type":"WebSite","@id":"https:\/\/www.ibc.ee\/fi\/#website","url":"https:\/\/www.ibc.ee\/fi\/","name":"IBC konteineri m&uuml;&uuml;k, vaadid, kraanid, mahutid","description":"IBC - Tank container valve, Adapters\\fittings, Intermediate bulk, container, Drums\/cans","potentialAction":[{"@type":"SearchAction","target":{"@type":"EntryPoint","urlTemplate":"https:\/\/www.ibc.ee\/fi\/?s={search_term_string}"},"query-input":{"@type":"PropertyValueSpecification","valueRequired":true,"valueName":"search_term_string"}}],"inLanguage":"fi"}]}},"_links":{"self":[{"href":"https:\/\/ibc.ee\/fi\/wp-json\/wp\/v2\/product\/20168","targetHints":{"allow":["GET"]}}],"collection":[{"href":"https:\/\/ibc.ee\/fi\/wp-json\/wp\/v2\/product"}],"about":[{"href":"https:\/\/ibc.ee\/fi\/wp-json\/wp\/v2\/types\/product"}],"wp:featuredmedia":[{"embeddable":true,"href":"https:\/\/ibc.ee\/fi\/wp-json\/wp\/v2\/media\/20174"}],"wp:attachment":[{"href":"https:\/\/ibc.ee\/fi\/wp-json\/wp\/v2\/media?parent=20168"}],"wp:term":[{"taxonomy":"product_brand","embeddable":true,"href":"https:\/\/ibc.ee\/fi\/wp-json\/wp\/v2\/product_brand?post=20168"},{"taxonomy":"product_cat","embeddable":true,"href":"https:\/\/ibc.ee\/fi\/wp-json\/wp\/v2\/product_cat?post=20168"},{"taxonomy":"product_tag","embeddable":true,"href":"https:\/\/ibc.ee\/fi\/wp-json\/wp\/v2\/product_tag?post=20168"}],"curies":[{"name":"wp","href":"https:\/\/api.w.org\/{rel}","templated":true}]}}