{"id":20189,"date":"2021-02-19T23:27:27","date_gmt":"2021-02-19T21:27:27","guid":{"rendered":"https:\/\/ibc.ee\/?post_type=product&#038;p=20189"},"modified":"2025-04-22T13:25:22","modified_gmt":"2025-04-22T11:25:22","slug":"electric-barrel-pump-230vac","status":"publish","type":"product","link":"https:\/\/ibc.ee\/fi\/tuote\/electric-barrel-pump-230vac\/","title":{"rendered":"S\u00e4hk\u00f6inen tynnyripumppu 230VAC"},"content":{"rendered":"<p>Electric Barrel Pump 230VAC<\/p>\n<p>Tekniset tiedot:<br \/>\nMateriaali: <\/p>\n<p> J\u00e4nnite: 240VAC<br \/>\nSis\u00e4\u00e4nmenoaukko Dia: 44mm<br \/>\nUlosmenoaukko Dia: 25mm<br \/>\nVirtausnopeus: 25mm Virtausnopeus: 25mm Sis\u00e4\u00e4nmenoaukko Dia: 44mm Ulosmenoaukko Dia: 25mm  60 l\/min<br \/>\nImu: 60 l\/min Imu: 60 l\/min Imu: 60 l\/min 5m<br \/>\nNosto: 10m<br \/>\nKaapeli:<br \/>\n K\u00e4ytt\u00f6kohteet: Diesel, kerosiini, vesi<\/p>\n","protected":false},"excerpt":{"rendered":"<p>Electric Barrel Pump 230VAC Tekniset tiedot: Materiaali: J\u00e4nnite: 240VAC Sis\u00e4\u00e4nmenoaukko Dia: 44mm Ulosmenoaukko Dia: 25mm Virtausnopeus: 25mm Virtausnopeus: 25mm Sis\u00e4\u00e4nmenoaukko Dia: 44mm Ulosmenoaukko Dia: 25mm 60 l\/min Imu: 60 l\/min Imu: 60 l\/min Imu: 60 l\/min 5m Nosto: 10m Kaapeli: K\u00e4ytt\u00f6kohteet: Diesel, kerosiini, vesi<\/p>\n","protected":false},"featured_media":20195,"template":"","meta":[],"product_brand":[],"product_cat":[183],"product_tag":[],"class_list":{"0":"post-20189","1":"product","2":"type-product","3":"status-publish","4":"has-post-thumbnail","6":"product_cat-tynnyri-kanisteri","7":"product_shipping_class-acessories-fi","9":"first","10":"onbackorder","11":"taxable","12":"shipping-taxable","13":"purchasable","14":"product-type-simple"},"yoast_head":"<!-- This site is optimized with the Yoast SEO plugin v26.9 - https:\/\/yoast.com\/product\/yoast-seo-wordpress\/ -->\n<title>S\u00e4hk\u00f6inen tynnyripumppu 230VAC -<\/title>\n<meta name=\"description\" content=\"S\u00e4hk\u00f6inen tynnyripumppu 230VAC. J\u00e4nnite: 240VAC. Virtausnopeus: 60 l\/min. K\u00e4ytt\u00f6kohteet: Diesel, kerosiini, vesi\" \/>\n<meta name=\"robots\" content=\"index, follow, max-snippet:-1, max-image-preview:large, max-video-preview:-1\" \/>\n<link rel=\"canonical\" href=\"https:\/\/ibc.ee\/fi\/tuote\/electric-barrel-pump-230vac\/\" \/>\n<meta property=\"og:locale\" content=\"fi_FI\" \/>\n<meta property=\"og:type\" content=\"article\" \/>\n<meta property=\"og:title\" content=\"S\u00e4hk\u00f6inen tynnyripumppu 230VAC -\" \/>\n<meta property=\"og:description\" content=\"S\u00e4hk\u00f6inen tynnyripumppu 230VAC. J\u00e4nnite: 240VAC. Virtausnopeus: 60 l\/min. K\u00e4ytt\u00f6kohteet: Diesel, kerosiini, vesi\" \/>\n<meta property=\"og:url\" content=\"https:\/\/ibc.ee\/fi\/tuote\/electric-barrel-pump-230vac\/\" \/>\n<meta property=\"og:site_name\" content=\"IBC konteineri m&uuml;&uuml;k, vaadid, kraanid, mahutid\" \/>\n<meta property=\"article:modified_time\" content=\"2025-04-22T11:25:22+00:00\" \/>\n<meta property=\"og:image\" content=\"https:\/\/ibc.ee\/wp-content\/uploads\/2021\/02\/Eliktriline-vaadipump-230V.jpg\" \/>\n\t<meta property=\"og:image:width\" content=\"1000\" \/>\n\t<meta property=\"og:image:height\" content=\"1000\" \/>\n\t<meta property=\"og:image:type\" content=\"image\/jpeg\" \/>\n<meta name=\"twitter:card\" content=\"summary_large_image\" \/>\n<script type=\"application\/ld+json\" class=\"yoast-schema-graph\">{\"@context\":\"https:\/\/schema.org\",\"@graph\":[{\"@type\":\"WebPage\",\"@id\":\"https:\/\/ibc.ee\/fi\/tuote\/electric-barrel-pump-230vac\/\",\"url\":\"https:\/\/ibc.ee\/fi\/tuote\/electric-barrel-pump-230vac\/\",\"name\":\"S\u00e4hk\u00f6inen tynnyripumppu 230VAC -\",\"isPartOf\":{\"@id\":\"https:\/\/www.ibc.ee\/fi\/#website\"},\"primaryImageOfPage\":{\"@id\":\"https:\/\/ibc.ee\/fi\/tuote\/electric-barrel-pump-230vac\/#primaryimage\"},\"image\":{\"@id\":\"https:\/\/ibc.ee\/fi\/tuote\/electric-barrel-pump-230vac\/#primaryimage\"},\"thumbnailUrl\":\"https:\/\/ibc.ee\/wp-content\/uploads\/2021\/02\/Eliktriline-vaadipump-230V.jpg\",\"datePublished\":\"2021-02-19T21:27:27+00:00\",\"dateModified\":\"2025-04-22T11:25:22+00:00\",\"description\":\"S\u00e4hk\u00f6inen tynnyripumppu 230VAC. J\u00e4nnite: 240VAC. Virtausnopeus: 60 l\/min. K\u00e4ytt\u00f6kohteet: Diesel, kerosiini, vesi\",\"breadcrumb\":{\"@id\":\"https:\/\/ibc.ee\/fi\/tuote\/electric-barrel-pump-230vac\/#breadcrumb\"},\"inLanguage\":\"fi\",\"potentialAction\":[{\"@type\":\"ReadAction\",\"target\":[\"https:\/\/ibc.ee\/fi\/tuote\/electric-barrel-pump-230vac\/\"]}]},{\"@type\":\"ImageObject\",\"inLanguage\":\"fi\",\"@id\":\"https:\/\/ibc.ee\/fi\/tuote\/electric-barrel-pump-230vac\/#primaryimage\",\"url\":\"https:\/\/ibc.ee\/wp-content\/uploads\/2021\/02\/Eliktriline-vaadipump-230V.jpg\",\"contentUrl\":\"https:\/\/ibc.ee\/wp-content\/uploads\/2021\/02\/Eliktriline-vaadipump-230V.jpg\",\"width\":1000,\"height\":1000,\"caption\":\"Electric Barrel Pump 230VAC\"},{\"@type\":\"BreadcrumbList\",\"@id\":\"https:\/\/ibc.ee\/fi\/tuote\/electric-barrel-pump-230vac\/#breadcrumb\",\"itemListElement\":[{\"@type\":\"ListItem\",\"position\":1,\"name\":\"\u0413\u043b\u0430\u0432\u043d\u0430\u044f \u0441\u0442\u0440\u0430\u043d\u0438\u0446\u0430\",\"item\":\"https:\/\/www.ibc.ee\/fi\/\"},{\"@type\":\"ListItem\",\"position\":2,\"name\":\"Myym\u00e4l\u00e4\",\"item\":\"https:\/\/www.ibc.ee\/fi\/shop\/\"},{\"@type\":\"ListItem\",\"position\":3,\"name\":\"S\u00e4hk\u00f6inen tynnyripumppu 230VAC\"}]},{\"@type\":\"WebSite\",\"@id\":\"https:\/\/www.ibc.ee\/fi\/#website\",\"url\":\"https:\/\/www.ibc.ee\/fi\/\",\"name\":\"IBC konteineri m&uuml;&uuml;k, vaadid, kraanid, mahutid\",\"description\":\"IBC - Tank container valve, Adapters\\\\fittings, Intermediate bulk, container, Drums\/cans\",\"potentialAction\":[{\"@type\":\"SearchAction\",\"target\":{\"@type\":\"EntryPoint\",\"urlTemplate\":\"https:\/\/www.ibc.ee\/fi\/?s={search_term_string}\"},\"query-input\":{\"@type\":\"PropertyValueSpecification\",\"valueRequired\":true,\"valueName\":\"search_term_string\"}}],\"inLanguage\":\"fi\"}]}<\/script>\n<!-- \/ Yoast SEO plugin. -->","yoast_head_json":{"title":"S\u00e4hk\u00f6inen tynnyripumppu 230VAC -","description":"S\u00e4hk\u00f6inen tynnyripumppu 230VAC. J\u00e4nnite: 240VAC. Virtausnopeus: 60 l\/min. K\u00e4ytt\u00f6kohteet: Diesel, kerosiini, vesi","robots":{"index":"index","follow":"follow","max-snippet":"max-snippet:-1","max-image-preview":"max-image-preview:large","max-video-preview":"max-video-preview:-1"},"canonical":"https:\/\/ibc.ee\/fi\/tuote\/electric-barrel-pump-230vac\/","og_locale":"fi_FI","og_type":"article","og_title":"S\u00e4hk\u00f6inen tynnyripumppu 230VAC -","og_description":"S\u00e4hk\u00f6inen tynnyripumppu 230VAC. J\u00e4nnite: 240VAC. Virtausnopeus: 60 l\/min. K\u00e4ytt\u00f6kohteet: Diesel, kerosiini, vesi","og_url":"https:\/\/ibc.ee\/fi\/tuote\/electric-barrel-pump-230vac\/","og_site_name":"IBC konteineri m&uuml;&uuml;k, vaadid, kraanid, mahutid","article_modified_time":"2025-04-22T11:25:22+00:00","og_image":[{"width":1000,"height":1000,"url":"https:\/\/ibc.ee\/wp-content\/uploads\/2021\/02\/Eliktriline-vaadipump-230V.jpg","type":"image\/jpeg"}],"twitter_card":"summary_large_image","schema":{"@context":"https:\/\/schema.org","@graph":[{"@type":"WebPage","@id":"https:\/\/ibc.ee\/fi\/tuote\/electric-barrel-pump-230vac\/","url":"https:\/\/ibc.ee\/fi\/tuote\/electric-barrel-pump-230vac\/","name":"S\u00e4hk\u00f6inen tynnyripumppu 230VAC -","isPartOf":{"@id":"https:\/\/www.ibc.ee\/fi\/#website"},"primaryImageOfPage":{"@id":"https:\/\/ibc.ee\/fi\/tuote\/electric-barrel-pump-230vac\/#primaryimage"},"image":{"@id":"https:\/\/ibc.ee\/fi\/tuote\/electric-barrel-pump-230vac\/#primaryimage"},"thumbnailUrl":"https:\/\/ibc.ee\/wp-content\/uploads\/2021\/02\/Eliktriline-vaadipump-230V.jpg","datePublished":"2021-02-19T21:27:27+00:00","dateModified":"2025-04-22T11:25:22+00:00","description":"S\u00e4hk\u00f6inen tynnyripumppu 230VAC. J\u00e4nnite: 240VAC. Virtausnopeus: 60 l\/min. K\u00e4ytt\u00f6kohteet: Diesel, kerosiini, vesi","breadcrumb":{"@id":"https:\/\/ibc.ee\/fi\/tuote\/electric-barrel-pump-230vac\/#breadcrumb"},"inLanguage":"fi","potentialAction":[{"@type":"ReadAction","target":["https:\/\/ibc.ee\/fi\/tuote\/electric-barrel-pump-230vac\/"]}]},{"@type":"ImageObject","inLanguage":"fi","@id":"https:\/\/ibc.ee\/fi\/tuote\/electric-barrel-pump-230vac\/#primaryimage","url":"https:\/\/ibc.ee\/wp-content\/uploads\/2021\/02\/Eliktriline-vaadipump-230V.jpg","contentUrl":"https:\/\/ibc.ee\/wp-content\/uploads\/2021\/02\/Eliktriline-vaadipump-230V.jpg","width":1000,"height":1000,"caption":"Electric Barrel Pump 230VAC"},{"@type":"BreadcrumbList","@id":"https:\/\/ibc.ee\/fi\/tuote\/electric-barrel-pump-230vac\/#breadcrumb","itemListElement":[{"@type":"ListItem","position":1,"name":"\u0413\u043b\u0430\u0432\u043d\u0430\u044f \u0441\u0442\u0440\u0430\u043d\u0438\u0446\u0430","item":"https:\/\/www.ibc.ee\/fi\/"},{"@type":"ListItem","position":2,"name":"Myym\u00e4l\u00e4","item":"https:\/\/www.ibc.ee\/fi\/shop\/"},{"@type":"ListItem","position":3,"name":"S\u00e4hk\u00f6inen tynnyripumppu 230VAC"}]},{"@type":"WebSite","@id":"https:\/\/www.ibc.ee\/fi\/#website","url":"https:\/\/www.ibc.ee\/fi\/","name":"IBC konteineri m&uuml;&uuml;k, vaadid, kraanid, mahutid","description":"IBC - Tank container valve, Adapters\\fittings, Intermediate bulk, container, Drums\/cans","potentialAction":[{"@type":"SearchAction","target":{"@type":"EntryPoint","urlTemplate":"https:\/\/www.ibc.ee\/fi\/?s={search_term_string}"},"query-input":{"@type":"PropertyValueSpecification","valueRequired":true,"valueName":"search_term_string"}}],"inLanguage":"fi"}]}},"_links":{"self":[{"href":"https:\/\/ibc.ee\/fi\/wp-json\/wp\/v2\/product\/20189","targetHints":{"allow":["GET"]}}],"collection":[{"href":"https:\/\/ibc.ee\/fi\/wp-json\/wp\/v2\/product"}],"about":[{"href":"https:\/\/ibc.ee\/fi\/wp-json\/wp\/v2\/types\/product"}],"wp:featuredmedia":[{"embeddable":true,"href":"https:\/\/ibc.ee\/fi\/wp-json\/wp\/v2\/media\/20195"}],"wp:attachment":[{"href":"https:\/\/ibc.ee\/fi\/wp-json\/wp\/v2\/media?parent=20189"}],"wp:term":[{"taxonomy":"product_brand","embeddable":true,"href":"https:\/\/ibc.ee\/fi\/wp-json\/wp\/v2\/product_brand?post=20189"},{"taxonomy":"product_cat","embeddable":true,"href":"https:\/\/ibc.ee\/fi\/wp-json\/wp\/v2\/product_cat?post=20189"},{"taxonomy":"product_tag","embeddable":true,"href":"https:\/\/ibc.ee\/fi\/wp-json\/wp\/v2\/product_tag?post=20189"}],"curies":[{"name":"wp","href":"https:\/\/api.w.org\/{rel}","templated":true}]}}