{"id":20217,"date":"2021-02-20T00:01:48","date_gmt":"2021-02-19T22:01:48","guid":{"rendered":"https:\/\/ibc.ee\/?post_type=product&#038;p=20217"},"modified":"2025-04-22T13:21:18","modified_gmt":"2025-04-22T11:21:18","slug":"304-stainless-steel-5-gallon-vertical-lift-hand-pump","status":"publish","type":"product","link":"https:\/\/ibc.ee\/fi\/tuote\/304-stainless-steel-5-gallon-vertical-lift-hand-pump\/","title":{"rendered":"304 ruostumattomasta ter\u00e4ksest\u00e4 valmistettu 5 gallonan pystysuora nostok\u00e4sipumppu"},"content":{"rendered":"<p>304 Stainless Steel 5-Gallon Vertical Lift Hand Pump<\/p>\n<p>Tekniset tiedot:<br \/>\nMateriaali: 304 Stainless Steel<br \/>\nSeal Material: PTFE<br \/>\nM\u00e4nt\u00e4: PP<br \/>\nSis\u00e4\u00e4nmenoaukko Dia: 37<br \/>\nUlosmenoaukko Dia: 19\/16 mm<br \/>\nKapasiteetti: 800 cc\/tahti<br \/>\nVirtaava: 35l\/min<br \/>\nImu: 35l\/min: 1m<br \/>\nNosto: 1m<br \/>\nK\u00e4ytt\u00f6kohteet: Elintarvikkeet (mehu, maito, viini, vesi), alkoholi.<\/p>\n","protected":false},"excerpt":{"rendered":"<p>304 Stainless Steel 5-Gallon Vertical Lift Hand Pump Tekniset tiedot: Materiaali: 304 Stainless Steel Seal Material: PTFE M\u00e4nt\u00e4: PP Sis\u00e4\u00e4nmenoaukko Dia: 37 Ulosmenoaukko Dia: 19\/16 mm Kapasiteetti: 800 cc\/tahti Virtaava: 35l\/min Imu: 35l\/min: 1m Nosto: 1m K\u00e4ytt\u00f6kohteet: Elintarvikkeet (mehu, maito, viini, vesi), alkoholi.<\/p>\n","protected":false},"featured_media":20223,"template":"","meta":[],"product_brand":[],"product_cat":[183],"product_tag":[],"class_list":{"0":"post-20217","1":"product","2":"type-product","3":"status-publish","4":"has-post-thumbnail","6":"product_cat-tynnyri-kanisteri","7":"product_shipping_class-acessories-fi","9":"first","10":"instock","11":"taxable","12":"shipping-taxable","13":"purchasable","14":"product-type-simple"},"yoast_head":"<!-- This site is optimized with the Yoast SEO plugin v26.9 - https:\/\/yoast.com\/product\/yoast-seo-wordpress\/ -->\n<title>304 ruostumattomasta ter\u00e4ksest\u00e4 valmistettu 5 gallonan pystysuora nostok\u00e4sipumppu -<\/title>\n<meta name=\"description\" content=\"304 ruostumattomasta ter\u00e4ksest\u00e4 valmistettu 5 gallonan pystysuoraan nostettava k\u00e4sipumppu. K\u00e4ytt\u00f6kohteet: Elintarvikkeet (mehu, maito, viini, vesi), alkoholi.\" \/>\n<meta name=\"robots\" content=\"index, follow, max-snippet:-1, max-image-preview:large, max-video-preview:-1\" \/>\n<link rel=\"canonical\" href=\"https:\/\/ibc.ee\/fi\/tuote\/304-stainless-steel-5-gallon-vertical-lift-hand-pump\/\" \/>\n<meta property=\"og:locale\" content=\"fi_FI\" \/>\n<meta property=\"og:type\" content=\"article\" \/>\n<meta property=\"og:title\" content=\"304 ruostumattomasta ter\u00e4ksest\u00e4 valmistettu 5 gallonan pystysuora nostok\u00e4sipumppu -\" \/>\n<meta property=\"og:description\" content=\"304 ruostumattomasta ter\u00e4ksest\u00e4 valmistettu 5 gallonan pystysuoraan nostettava k\u00e4sipumppu. K\u00e4ytt\u00f6kohteet: Elintarvikkeet (mehu, maito, viini, vesi), alkoholi.\" \/>\n<meta property=\"og:url\" content=\"https:\/\/ibc.ee\/fi\/tuote\/304-stainless-steel-5-gallon-vertical-lift-hand-pump\/\" \/>\n<meta property=\"og:site_name\" content=\"IBC konteineri m&uuml;&uuml;k, vaadid, kraanid, mahutid\" \/>\n<meta property=\"article:modified_time\" content=\"2025-04-22T11:21:18+00:00\" \/>\n<meta property=\"og:image\" content=\"https:\/\/ibc.ee\/wp-content\/uploads\/2021\/02\/Terasest-kasipump-tunnile.jpg\" \/>\n\t<meta property=\"og:image:width\" content=\"1000\" \/>\n\t<meta property=\"og:image:height\" content=\"1000\" \/>\n\t<meta property=\"og:image:type\" content=\"image\/jpeg\" \/>\n<meta name=\"twitter:card\" content=\"summary_large_image\" \/>\n<script type=\"application\/ld+json\" class=\"yoast-schema-graph\">{\"@context\":\"https:\/\/schema.org\",\"@graph\":[{\"@type\":\"WebPage\",\"@id\":\"https:\/\/ibc.ee\/fi\/tuote\/304-stainless-steel-5-gallon-vertical-lift-hand-pump\/\",\"url\":\"https:\/\/ibc.ee\/fi\/tuote\/304-stainless-steel-5-gallon-vertical-lift-hand-pump\/\",\"name\":\"304 ruostumattomasta ter\u00e4ksest\u00e4 valmistettu 5 gallonan pystysuora nostok\u00e4sipumppu -\",\"isPartOf\":{\"@id\":\"https:\/\/ibc.ee\/fi\/#website\"},\"primaryImageOfPage\":{\"@id\":\"https:\/\/ibc.ee\/fi\/tuote\/304-stainless-steel-5-gallon-vertical-lift-hand-pump\/#primaryimage\"},\"image\":{\"@id\":\"https:\/\/ibc.ee\/fi\/tuote\/304-stainless-steel-5-gallon-vertical-lift-hand-pump\/#primaryimage\"},\"thumbnailUrl\":\"https:\/\/ibc.ee\/wp-content\/uploads\/2021\/02\/Terasest-kasipump-tunnile.jpg\",\"datePublished\":\"2021-02-19T22:01:48+00:00\",\"dateModified\":\"2025-04-22T11:21:18+00:00\",\"description\":\"304 ruostumattomasta ter\u00e4ksest\u00e4 valmistettu 5 gallonan pystysuoraan nostettava k\u00e4sipumppu. K\u00e4ytt\u00f6kohteet: Elintarvikkeet (mehu, maito, viini, vesi), alkoholi.\",\"breadcrumb\":{\"@id\":\"https:\/\/ibc.ee\/fi\/tuote\/304-stainless-steel-5-gallon-vertical-lift-hand-pump\/#breadcrumb\"},\"inLanguage\":\"fi\",\"potentialAction\":[{\"@type\":\"ReadAction\",\"target\":[\"https:\/\/ibc.ee\/fi\/tuote\/304-stainless-steel-5-gallon-vertical-lift-hand-pump\/\"]}]},{\"@type\":\"ImageObject\",\"inLanguage\":\"fi\",\"@id\":\"https:\/\/ibc.ee\/fi\/tuote\/304-stainless-steel-5-gallon-vertical-lift-hand-pump\/#primaryimage\",\"url\":\"https:\/\/ibc.ee\/wp-content\/uploads\/2021\/02\/Terasest-kasipump-tunnile.jpg\",\"contentUrl\":\"https:\/\/ibc.ee\/wp-content\/uploads\/2021\/02\/Terasest-kasipump-tunnile.jpg\",\"width\":1000,\"height\":1000,\"caption\":\"304 Stainless Steel 5-Gallon Vertical Lift Hand Pump\"},{\"@type\":\"BreadcrumbList\",\"@id\":\"https:\/\/ibc.ee\/fi\/tuote\/304-stainless-steel-5-gallon-vertical-lift-hand-pump\/#breadcrumb\",\"itemListElement\":[{\"@type\":\"ListItem\",\"position\":1,\"name\":\"\u0413\u043b\u0430\u0432\u043d\u0430\u044f \u0441\u0442\u0440\u0430\u043d\u0438\u0446\u0430\",\"item\":\"https:\/\/ibc.ee\/fi\/\"},{\"@type\":\"ListItem\",\"position\":2,\"name\":\"Myym\u00e4l\u00e4\",\"item\":\"https:\/\/ibc.ee\/fi\/shop\/\"},{\"@type\":\"ListItem\",\"position\":3,\"name\":\"304 ruostumattomasta ter\u00e4ksest\u00e4 valmistettu 5 gallonan pystysuora nostok\u00e4sipumppu\"}]},{\"@type\":\"WebSite\",\"@id\":\"https:\/\/ibc.ee\/fi\/#website\",\"url\":\"https:\/\/ibc.ee\/fi\/\",\"name\":\"IBC konteineri m&uuml;&uuml;k, vaadid, kraanid, mahutid\",\"description\":\"IBC - Tank container valve, Adapters\\\\fittings, Intermediate bulk, container, Drums\/cans\",\"potentialAction\":[{\"@type\":\"SearchAction\",\"target\":{\"@type\":\"EntryPoint\",\"urlTemplate\":\"https:\/\/ibc.ee\/fi\/?s={search_term_string}\"},\"query-input\":{\"@type\":\"PropertyValueSpecification\",\"valueRequired\":true,\"valueName\":\"search_term_string\"}}],\"inLanguage\":\"fi\"}]}<\/script>\n<!-- \/ Yoast SEO plugin. -->","yoast_head_json":{"title":"304 ruostumattomasta ter\u00e4ksest\u00e4 valmistettu 5 gallonan pystysuora nostok\u00e4sipumppu -","description":"304 ruostumattomasta ter\u00e4ksest\u00e4 valmistettu 5 gallonan pystysuoraan nostettava k\u00e4sipumppu. K\u00e4ytt\u00f6kohteet: Elintarvikkeet (mehu, maito, viini, vesi), alkoholi.","robots":{"index":"index","follow":"follow","max-snippet":"max-snippet:-1","max-image-preview":"max-image-preview:large","max-video-preview":"max-video-preview:-1"},"canonical":"https:\/\/ibc.ee\/fi\/tuote\/304-stainless-steel-5-gallon-vertical-lift-hand-pump\/","og_locale":"fi_FI","og_type":"article","og_title":"304 ruostumattomasta ter\u00e4ksest\u00e4 valmistettu 5 gallonan pystysuora nostok\u00e4sipumppu -","og_description":"304 ruostumattomasta ter\u00e4ksest\u00e4 valmistettu 5 gallonan pystysuoraan nostettava k\u00e4sipumppu. K\u00e4ytt\u00f6kohteet: Elintarvikkeet (mehu, maito, viini, vesi), alkoholi.","og_url":"https:\/\/ibc.ee\/fi\/tuote\/304-stainless-steel-5-gallon-vertical-lift-hand-pump\/","og_site_name":"IBC konteineri m&uuml;&uuml;k, vaadid, kraanid, mahutid","article_modified_time":"2025-04-22T11:21:18+00:00","og_image":[{"width":1000,"height":1000,"url":"https:\/\/ibc.ee\/wp-content\/uploads\/2021\/02\/Terasest-kasipump-tunnile.jpg","type":"image\/jpeg"}],"twitter_card":"summary_large_image","schema":{"@context":"https:\/\/schema.org","@graph":[{"@type":"WebPage","@id":"https:\/\/ibc.ee\/fi\/tuote\/304-stainless-steel-5-gallon-vertical-lift-hand-pump\/","url":"https:\/\/ibc.ee\/fi\/tuote\/304-stainless-steel-5-gallon-vertical-lift-hand-pump\/","name":"304 ruostumattomasta ter\u00e4ksest\u00e4 valmistettu 5 gallonan pystysuora nostok\u00e4sipumppu -","isPartOf":{"@id":"https:\/\/ibc.ee\/fi\/#website"},"primaryImageOfPage":{"@id":"https:\/\/ibc.ee\/fi\/tuote\/304-stainless-steel-5-gallon-vertical-lift-hand-pump\/#primaryimage"},"image":{"@id":"https:\/\/ibc.ee\/fi\/tuote\/304-stainless-steel-5-gallon-vertical-lift-hand-pump\/#primaryimage"},"thumbnailUrl":"https:\/\/ibc.ee\/wp-content\/uploads\/2021\/02\/Terasest-kasipump-tunnile.jpg","datePublished":"2021-02-19T22:01:48+00:00","dateModified":"2025-04-22T11:21:18+00:00","description":"304 ruostumattomasta ter\u00e4ksest\u00e4 valmistettu 5 gallonan pystysuoraan nostettava k\u00e4sipumppu. K\u00e4ytt\u00f6kohteet: Elintarvikkeet (mehu, maito, viini, vesi), alkoholi.","breadcrumb":{"@id":"https:\/\/ibc.ee\/fi\/tuote\/304-stainless-steel-5-gallon-vertical-lift-hand-pump\/#breadcrumb"},"inLanguage":"fi","potentialAction":[{"@type":"ReadAction","target":["https:\/\/ibc.ee\/fi\/tuote\/304-stainless-steel-5-gallon-vertical-lift-hand-pump\/"]}]},{"@type":"ImageObject","inLanguage":"fi","@id":"https:\/\/ibc.ee\/fi\/tuote\/304-stainless-steel-5-gallon-vertical-lift-hand-pump\/#primaryimage","url":"https:\/\/ibc.ee\/wp-content\/uploads\/2021\/02\/Terasest-kasipump-tunnile.jpg","contentUrl":"https:\/\/ibc.ee\/wp-content\/uploads\/2021\/02\/Terasest-kasipump-tunnile.jpg","width":1000,"height":1000,"caption":"304 Stainless Steel 5-Gallon Vertical Lift Hand Pump"},{"@type":"BreadcrumbList","@id":"https:\/\/ibc.ee\/fi\/tuote\/304-stainless-steel-5-gallon-vertical-lift-hand-pump\/#breadcrumb","itemListElement":[{"@type":"ListItem","position":1,"name":"\u0413\u043b\u0430\u0432\u043d\u0430\u044f \u0441\u0442\u0440\u0430\u043d\u0438\u0446\u0430","item":"https:\/\/ibc.ee\/fi\/"},{"@type":"ListItem","position":2,"name":"Myym\u00e4l\u00e4","item":"https:\/\/ibc.ee\/fi\/shop\/"},{"@type":"ListItem","position":3,"name":"304 ruostumattomasta ter\u00e4ksest\u00e4 valmistettu 5 gallonan pystysuora nostok\u00e4sipumppu"}]},{"@type":"WebSite","@id":"https:\/\/ibc.ee\/fi\/#website","url":"https:\/\/ibc.ee\/fi\/","name":"IBC konteineri m&uuml;&uuml;k, vaadid, kraanid, mahutid","description":"IBC - Tank container valve, Adapters\\fittings, Intermediate bulk, container, Drums\/cans","potentialAction":[{"@type":"SearchAction","target":{"@type":"EntryPoint","urlTemplate":"https:\/\/ibc.ee\/fi\/?s={search_term_string}"},"query-input":{"@type":"PropertyValueSpecification","valueRequired":true,"valueName":"search_term_string"}}],"inLanguage":"fi"}]}},"_links":{"self":[{"href":"https:\/\/ibc.ee\/fi\/wp-json\/wp\/v2\/product\/20217","targetHints":{"allow":["GET"]}}],"collection":[{"href":"https:\/\/ibc.ee\/fi\/wp-json\/wp\/v2\/product"}],"about":[{"href":"https:\/\/ibc.ee\/fi\/wp-json\/wp\/v2\/types\/product"}],"wp:featuredmedia":[{"embeddable":true,"href":"https:\/\/ibc.ee\/fi\/wp-json\/wp\/v2\/media\/20223"}],"wp:attachment":[{"href":"https:\/\/ibc.ee\/fi\/wp-json\/wp\/v2\/media?parent=20217"}],"wp:term":[{"taxonomy":"product_brand","embeddable":true,"href":"https:\/\/ibc.ee\/fi\/wp-json\/wp\/v2\/product_brand?post=20217"},{"taxonomy":"product_cat","embeddable":true,"href":"https:\/\/ibc.ee\/fi\/wp-json\/wp\/v2\/product_cat?post=20217"},{"taxonomy":"product_tag","embeddable":true,"href":"https:\/\/ibc.ee\/fi\/wp-json\/wp\/v2\/product_tag?post=20217"}],"curies":[{"name":"wp","href":"https:\/\/api.w.org\/{rel}","templated":true}]}}