{"id":20287,"date":"2021-02-20T19:45:01","date_gmt":"2021-02-20T17:45:01","guid":{"rendered":"https:\/\/ibc.ee\/?post_type=product&#038;p=20287"},"modified":"2025-04-22T13:08:49","modified_gmt":"2025-04-22T11:08:49","slug":"car-siphon-pump-for-gas-oil-water","status":"publish","type":"product","link":"https:\/\/ibc.ee\/fi\/tuote\/car-siphon-pump-for-gas-oil-water\/","title":{"rendered":"Auton sifonipumppu kaasulle, \u00f6ljylle, vedelle"},"content":{"rendered":"<p>Auton sifonipumppu kaasulle, \u00f6ljylle, vedelle<\/p>\n<p>Tekniset tiedot:<br \/>\nMalli: DP-14 \/ GT127<br \/>\nItsest\u00e4\u00e4n imev\u00e4: Kyll\u00e4<br \/>\nSis\u00e4\u00e4ntulo \/ ulostulon halkaisija: 17\/17 mm<br \/>\nImu: 400mm<br \/>\nNosto: 450mm<br \/>\nKapasiteetti: 7-9 l\/min<br \/>\nK\u00e4ytt\u00f6kohteet: Kemikaalit, \u00f6ljypohjaiset nesteet, vesi<\/p>\n","protected":false},"excerpt":{"rendered":"<p>Auton sifonipumppu kaasulle, \u00f6ljylle, vedelle Tekniset tiedot: Malli: DP-14 \/ GT127 Itsest\u00e4\u00e4n imev\u00e4: Kyll\u00e4 Sis\u00e4\u00e4ntulo \/ ulostulon halkaisija: 17\/17 mm Imu: 400mm Nosto: 450mm Kapasiteetti: 7-9 l\/min K\u00e4ytt\u00f6kohteet: Kemikaalit, \u00f6ljypohjaiset nesteet, vesi<\/p>\n","protected":false},"featured_media":20293,"template":"","meta":[],"product_brand":[],"product_cat":[183],"product_tag":[],"class_list":{"0":"post-20287","1":"product","2":"type-product","3":"status-publish","4":"has-post-thumbnail","6":"product_cat-tynnyri-kanisteri","7":"product_shipping_class-acessories-fi","9":"first","10":"onbackorder","11":"taxable","12":"shipping-taxable","13":"purchasable","14":"product-type-simple"},"yoast_head":"<!-- This site is optimized with the Yoast SEO plugin v26.9 - https:\/\/yoast.com\/product\/yoast-seo-wordpress\/ -->\n<title>Auton sifonipumppu kaasulle, \u00f6ljylle, vedelle -<\/title>\n<meta name=\"description\" content=\"Auton imupumppu kaasulle, \u00f6ljylle, vedelle. Kapasiteetti: 7-9 l\/min. K\u00e4ytt\u00f6kohteet: Kemikaalit, \u00f6ljypohjaiset nesteet, vesi\" \/>\n<meta name=\"robots\" content=\"index, follow, max-snippet:-1, max-image-preview:large, max-video-preview:-1\" \/>\n<link rel=\"canonical\" href=\"https:\/\/ibc.ee\/fi\/tuote\/car-siphon-pump-for-gas-oil-water\/\" \/>\n<meta property=\"og:locale\" content=\"fi_FI\" \/>\n<meta property=\"og:type\" content=\"article\" \/>\n<meta property=\"og:title\" content=\"Auton sifonipumppu kaasulle, \u00f6ljylle, vedelle -\" \/>\n<meta property=\"og:description\" content=\"Auton imupumppu kaasulle, \u00f6ljylle, vedelle. Kapasiteetti: 7-9 l\/min. K\u00e4ytt\u00f6kohteet: Kemikaalit, \u00f6ljypohjaiset nesteet, vesi\" \/>\n<meta property=\"og:url\" content=\"https:\/\/ibc.ee\/fi\/tuote\/car-siphon-pump-for-gas-oil-water\/\" \/>\n<meta property=\"og:site_name\" content=\"IBC konteineri m&uuml;&uuml;k, vaadid, kraanid, mahutid\" \/>\n<meta property=\"article:modified_time\" content=\"2025-04-22T11:08:49+00:00\" \/>\n<meta property=\"og:image\" content=\"https:\/\/ibc.ee\/wp-content\/uploads\/2021\/02\/Sifoonpump-klaasipesuvedeliku-pumpamiseks.jpg\" \/>\n\t<meta property=\"og:image:width\" content=\"1000\" \/>\n\t<meta property=\"og:image:height\" content=\"1000\" \/>\n\t<meta property=\"og:image:type\" content=\"image\/jpeg\" \/>\n<meta name=\"twitter:card\" content=\"summary_large_image\" \/>\n<script type=\"application\/ld+json\" class=\"yoast-schema-graph\">{\"@context\":\"https:\/\/schema.org\",\"@graph\":[{\"@type\":\"WebPage\",\"@id\":\"https:\/\/ibc.ee\/fi\/tuote\/car-siphon-pump-for-gas-oil-water\/\",\"url\":\"https:\/\/ibc.ee\/fi\/tuote\/car-siphon-pump-for-gas-oil-water\/\",\"name\":\"Auton sifonipumppu kaasulle, \u00f6ljylle, vedelle -\",\"isPartOf\":{\"@id\":\"https:\/\/www.ibc.ee\/fi\/#website\"},\"primaryImageOfPage\":{\"@id\":\"https:\/\/ibc.ee\/fi\/tuote\/car-siphon-pump-for-gas-oil-water\/#primaryimage\"},\"image\":{\"@id\":\"https:\/\/ibc.ee\/fi\/tuote\/car-siphon-pump-for-gas-oil-water\/#primaryimage\"},\"thumbnailUrl\":\"https:\/\/ibc.ee\/wp-content\/uploads\/2021\/02\/Sifoonpump-klaasipesuvedeliku-pumpamiseks.jpg\",\"datePublished\":\"2021-02-20T17:45:01+00:00\",\"dateModified\":\"2025-04-22T11:08:49+00:00\",\"description\":\"Auton imupumppu kaasulle, \u00f6ljylle, vedelle. Kapasiteetti: 7-9 l\/min. K\u00e4ytt\u00f6kohteet: Kemikaalit, \u00f6ljypohjaiset nesteet, vesi\",\"breadcrumb\":{\"@id\":\"https:\/\/ibc.ee\/fi\/tuote\/car-siphon-pump-for-gas-oil-water\/#breadcrumb\"},\"inLanguage\":\"fi\",\"potentialAction\":[{\"@type\":\"ReadAction\",\"target\":[\"https:\/\/ibc.ee\/fi\/tuote\/car-siphon-pump-for-gas-oil-water\/\"]}]},{\"@type\":\"ImageObject\",\"inLanguage\":\"fi\",\"@id\":\"https:\/\/ibc.ee\/fi\/tuote\/car-siphon-pump-for-gas-oil-water\/#primaryimage\",\"url\":\"https:\/\/ibc.ee\/wp-content\/uploads\/2021\/02\/Sifoonpump-klaasipesuvedeliku-pumpamiseks.jpg\",\"contentUrl\":\"https:\/\/ibc.ee\/wp-content\/uploads\/2021\/02\/Sifoonpump-klaasipesuvedeliku-pumpamiseks.jpg\",\"width\":1000,\"height\":1000,\"caption\":\"Car Siphon Pump for Gas, Oil, Water\"},{\"@type\":\"BreadcrumbList\",\"@id\":\"https:\/\/ibc.ee\/fi\/tuote\/car-siphon-pump-for-gas-oil-water\/#breadcrumb\",\"itemListElement\":[{\"@type\":\"ListItem\",\"position\":1,\"name\":\"\u0413\u043b\u0430\u0432\u043d\u0430\u044f \u0441\u0442\u0440\u0430\u043d\u0438\u0446\u0430\",\"item\":\"https:\/\/www.ibc.ee\/fi\/\"},{\"@type\":\"ListItem\",\"position\":2,\"name\":\"Myym\u00e4l\u00e4\",\"item\":\"https:\/\/www.ibc.ee\/fi\/shop\/\"},{\"@type\":\"ListItem\",\"position\":3,\"name\":\"Auton sifonipumppu kaasulle, \u00f6ljylle, vedelle\"}]},{\"@type\":\"WebSite\",\"@id\":\"https:\/\/www.ibc.ee\/fi\/#website\",\"url\":\"https:\/\/www.ibc.ee\/fi\/\",\"name\":\"IBC konteineri m&uuml;&uuml;k, vaadid, kraanid, mahutid\",\"description\":\"IBC - Tank container valve, Adapters\\\\fittings, Intermediate bulk, container, Drums\/cans\",\"potentialAction\":[{\"@type\":\"SearchAction\",\"target\":{\"@type\":\"EntryPoint\",\"urlTemplate\":\"https:\/\/www.ibc.ee\/fi\/?s={search_term_string}\"},\"query-input\":{\"@type\":\"PropertyValueSpecification\",\"valueRequired\":true,\"valueName\":\"search_term_string\"}}],\"inLanguage\":\"fi\"}]}<\/script>\n<!-- \/ Yoast SEO plugin. -->","yoast_head_json":{"title":"Auton sifonipumppu kaasulle, \u00f6ljylle, vedelle -","description":"Auton imupumppu kaasulle, \u00f6ljylle, vedelle. Kapasiteetti: 7-9 l\/min. K\u00e4ytt\u00f6kohteet: Kemikaalit, \u00f6ljypohjaiset nesteet, vesi","robots":{"index":"index","follow":"follow","max-snippet":"max-snippet:-1","max-image-preview":"max-image-preview:large","max-video-preview":"max-video-preview:-1"},"canonical":"https:\/\/ibc.ee\/fi\/tuote\/car-siphon-pump-for-gas-oil-water\/","og_locale":"fi_FI","og_type":"article","og_title":"Auton sifonipumppu kaasulle, \u00f6ljylle, vedelle -","og_description":"Auton imupumppu kaasulle, \u00f6ljylle, vedelle. Kapasiteetti: 7-9 l\/min. K\u00e4ytt\u00f6kohteet: Kemikaalit, \u00f6ljypohjaiset nesteet, vesi","og_url":"https:\/\/ibc.ee\/fi\/tuote\/car-siphon-pump-for-gas-oil-water\/","og_site_name":"IBC konteineri m&uuml;&uuml;k, vaadid, kraanid, mahutid","article_modified_time":"2025-04-22T11:08:49+00:00","og_image":[{"width":1000,"height":1000,"url":"https:\/\/ibc.ee\/wp-content\/uploads\/2021\/02\/Sifoonpump-klaasipesuvedeliku-pumpamiseks.jpg","type":"image\/jpeg"}],"twitter_card":"summary_large_image","schema":{"@context":"https:\/\/schema.org","@graph":[{"@type":"WebPage","@id":"https:\/\/ibc.ee\/fi\/tuote\/car-siphon-pump-for-gas-oil-water\/","url":"https:\/\/ibc.ee\/fi\/tuote\/car-siphon-pump-for-gas-oil-water\/","name":"Auton sifonipumppu kaasulle, \u00f6ljylle, vedelle -","isPartOf":{"@id":"https:\/\/www.ibc.ee\/fi\/#website"},"primaryImageOfPage":{"@id":"https:\/\/ibc.ee\/fi\/tuote\/car-siphon-pump-for-gas-oil-water\/#primaryimage"},"image":{"@id":"https:\/\/ibc.ee\/fi\/tuote\/car-siphon-pump-for-gas-oil-water\/#primaryimage"},"thumbnailUrl":"https:\/\/ibc.ee\/wp-content\/uploads\/2021\/02\/Sifoonpump-klaasipesuvedeliku-pumpamiseks.jpg","datePublished":"2021-02-20T17:45:01+00:00","dateModified":"2025-04-22T11:08:49+00:00","description":"Auton imupumppu kaasulle, \u00f6ljylle, vedelle. Kapasiteetti: 7-9 l\/min. K\u00e4ytt\u00f6kohteet: Kemikaalit, \u00f6ljypohjaiset nesteet, vesi","breadcrumb":{"@id":"https:\/\/ibc.ee\/fi\/tuote\/car-siphon-pump-for-gas-oil-water\/#breadcrumb"},"inLanguage":"fi","potentialAction":[{"@type":"ReadAction","target":["https:\/\/ibc.ee\/fi\/tuote\/car-siphon-pump-for-gas-oil-water\/"]}]},{"@type":"ImageObject","inLanguage":"fi","@id":"https:\/\/ibc.ee\/fi\/tuote\/car-siphon-pump-for-gas-oil-water\/#primaryimage","url":"https:\/\/ibc.ee\/wp-content\/uploads\/2021\/02\/Sifoonpump-klaasipesuvedeliku-pumpamiseks.jpg","contentUrl":"https:\/\/ibc.ee\/wp-content\/uploads\/2021\/02\/Sifoonpump-klaasipesuvedeliku-pumpamiseks.jpg","width":1000,"height":1000,"caption":"Car Siphon Pump for Gas, Oil, Water"},{"@type":"BreadcrumbList","@id":"https:\/\/ibc.ee\/fi\/tuote\/car-siphon-pump-for-gas-oil-water\/#breadcrumb","itemListElement":[{"@type":"ListItem","position":1,"name":"\u0413\u043b\u0430\u0432\u043d\u0430\u044f \u0441\u0442\u0440\u0430\u043d\u0438\u0446\u0430","item":"https:\/\/www.ibc.ee\/fi\/"},{"@type":"ListItem","position":2,"name":"Myym\u00e4l\u00e4","item":"https:\/\/www.ibc.ee\/fi\/shop\/"},{"@type":"ListItem","position":3,"name":"Auton sifonipumppu kaasulle, \u00f6ljylle, vedelle"}]},{"@type":"WebSite","@id":"https:\/\/www.ibc.ee\/fi\/#website","url":"https:\/\/www.ibc.ee\/fi\/","name":"IBC konteineri m&uuml;&uuml;k, vaadid, kraanid, mahutid","description":"IBC - Tank container valve, Adapters\\fittings, Intermediate bulk, container, Drums\/cans","potentialAction":[{"@type":"SearchAction","target":{"@type":"EntryPoint","urlTemplate":"https:\/\/www.ibc.ee\/fi\/?s={search_term_string}"},"query-input":{"@type":"PropertyValueSpecification","valueRequired":true,"valueName":"search_term_string"}}],"inLanguage":"fi"}]}},"_links":{"self":[{"href":"https:\/\/ibc.ee\/fi\/wp-json\/wp\/v2\/product\/20287","targetHints":{"allow":["GET"]}}],"collection":[{"href":"https:\/\/ibc.ee\/fi\/wp-json\/wp\/v2\/product"}],"about":[{"href":"https:\/\/ibc.ee\/fi\/wp-json\/wp\/v2\/types\/product"}],"wp:featuredmedia":[{"embeddable":true,"href":"https:\/\/ibc.ee\/fi\/wp-json\/wp\/v2\/media\/20293"}],"wp:attachment":[{"href":"https:\/\/ibc.ee\/fi\/wp-json\/wp\/v2\/media?parent=20287"}],"wp:term":[{"taxonomy":"product_brand","embeddable":true,"href":"https:\/\/ibc.ee\/fi\/wp-json\/wp\/v2\/product_brand?post=20287"},{"taxonomy":"product_cat","embeddable":true,"href":"https:\/\/ibc.ee\/fi\/wp-json\/wp\/v2\/product_cat?post=20287"},{"taxonomy":"product_tag","embeddable":true,"href":"https:\/\/ibc.ee\/fi\/wp-json\/wp\/v2\/product_tag?post=20287"}],"curies":[{"name":"wp","href":"https:\/\/api.w.org\/{rel}","templated":true}]}}