{"id":20582,"date":"2021-05-24T21:24:39","date_gmt":"2021-05-24T19:24:40","guid":{"rendered":"https:\/\/ibc.ee\/?post_type=product&#038;p=20582"},"modified":"2021-05-24T21:37:00","modified_gmt":"2021-05-24T19:37:00","slug":"1000-litran-ibc-ulkokansi","status":"publish","type":"product","link":"https:\/\/ibc.ee\/fi\/tuote\/1000-litran-ibc-ulkokansi\/","title":{"rendered":"1000 litran IBC-ulkokansi"},"content":{"rendered":"<p>Yleinen 1000 litran IBC-ulkokansi vesis\u00e4ili\u00f6n s\u00e4ili\u00f6n kansi vedenpit\u00e4v\u00e4 p\u00f6lynestoinen aurinkosuojal\u00e4mm\u00f6neristysvarasto.<\/p>\n","protected":false},"excerpt":{"rendered":"<p><strong>Ominaisuudet<\/strong><\/p>\n<p> 1. Ihanteellinen yhdess\u00e4 IBC-s\u00e4ili\u00f6iden kanssa <br \/>\n2. Kest\u00e4v\u00e4 ja hajoamista kest\u00e4v\u00e4 <br \/>\n3. Laajenna sadeveden ker\u00e4\u00e4mist\u00e4si <br \/>\n4. UV-vakaa <br \/>\n5. T\u00e4yt\u00e4 ja tyhjenn\u00e4 mahdollinen <br \/>\n6. Helppo asennus <br \/>\n7. Varsinkin kun IBC-s\u00e4ili\u00f6it\u00e4 s\u00e4ilytet\u00e4\u00e4n ulkona suojaamattomina, haitalliset UV-s\u00e4teet voivat vahingoittaa itse s\u00e4ili\u00f6n sis\u00e4lt\u00f6\u00e4. <br \/>\n8. UV-suojakalvolla, jota hy\u00f6dyllisyysmalli suojaa, sinulla on aina puhdasta vett\u00e4 ja pident\u00e4\u00e4 IBC-s\u00e4ili\u00f6iden k\u00e4ytt\u00f6ik\u00e4\u00e4. <\/p>\n","protected":false},"featured_media":20588,"template":"","meta":[],"product_brand":[],"product_cat":[402],"product_tag":[],"class_list":{"0":"post-20582","1":"product","2":"type-product","3":"status-publish","4":"has-post-thumbnail","6":"product_cat-ibc-ja-rummut-lammitys","7":"product_shipping_class-omniva-fi","9":"first","10":"onbackorder","11":"taxable","12":"shipping-taxable","13":"purchasable","14":"product-type-simple"},"yoast_head":"<!-- This site is optimized with the Yoast SEO plugin v26.9 - https:\/\/yoast.com\/product\/yoast-seo-wordpress\/ -->\n<title>1000 litran IBC-ulkokansi<\/title>\n<meta name=\"description\" content=\"Yleinen 1000 litran IBC-ulkokansi vesis\u00e4ili\u00f6n s\u00e4ili\u00f6n kansi vedenpit\u00e4v\u00e4 p\u00f6lynestoinen aurinkosuojal\u00e4mm\u00f6neristysvarasto.\" \/>\n<meta name=\"robots\" content=\"index, follow, max-snippet:-1, max-image-preview:large, max-video-preview:-1\" \/>\n<link rel=\"canonical\" href=\"https:\/\/ibc.ee\/fi\/tuote\/1000-litran-ibc-ulkokansi\/\" \/>\n<meta property=\"og:locale\" content=\"fi_FI\" \/>\n<meta property=\"og:type\" content=\"article\" \/>\n<meta property=\"og:title\" content=\"1000 litran IBC-ulkokansi\" \/>\n<meta property=\"og:description\" content=\"Yleinen 1000 litran IBC-ulkokansi vesis\u00e4ili\u00f6n s\u00e4ili\u00f6n kansi vedenpit\u00e4v\u00e4 p\u00f6lynestoinen aurinkosuojal\u00e4mm\u00f6neristysvarasto.\" \/>\n<meta property=\"og:url\" content=\"https:\/\/ibc.ee\/fi\/tuote\/1000-litran-ibc-ulkokansi\/\" \/>\n<meta property=\"og:site_name\" content=\"IBC konteineri m&uuml;&uuml;k, vaadid, kraanid, mahutid\" \/>\n<meta property=\"article:modified_time\" content=\"2021-05-24T19:37:00+00:00\" \/>\n<meta property=\"og:image\" content=\"https:\/\/ibc.ee\/wp-content\/uploads\/2021\/05\/Universaalne-1000-liitrine-IBC-valikate.jpg\" \/>\n\t<meta property=\"og:image:width\" content=\"600\" \/>\n\t<meta property=\"og:image:height\" content=\"600\" \/>\n\t<meta property=\"og:image:type\" content=\"image\/jpeg\" \/>\n<meta name=\"twitter:card\" content=\"summary_large_image\" \/>\n<script type=\"application\/ld+json\" class=\"yoast-schema-graph\">{\"@context\":\"https:\/\/schema.org\",\"@graph\":[{\"@type\":\"WebPage\",\"@id\":\"https:\/\/ibc.ee\/fi\/tuote\/1000-litran-ibc-ulkokansi\/\",\"url\":\"https:\/\/ibc.ee\/fi\/tuote\/1000-litran-ibc-ulkokansi\/\",\"name\":\"1000 litran IBC-ulkokansi\",\"isPartOf\":{\"@id\":\"https:\/\/www.ibc.ee\/fi\/#website\"},\"primaryImageOfPage\":{\"@id\":\"https:\/\/ibc.ee\/fi\/tuote\/1000-litran-ibc-ulkokansi\/#primaryimage\"},\"image\":{\"@id\":\"https:\/\/ibc.ee\/fi\/tuote\/1000-litran-ibc-ulkokansi\/#primaryimage\"},\"thumbnailUrl\":\"https:\/\/ibc.ee\/wp-content\/uploads\/2021\/05\/Universaalne-1000-liitrine-IBC-valikate.jpg\",\"datePublished\":\"2021-05-24T19:24:40+00:00\",\"dateModified\":\"2021-05-24T19:37:00+00:00\",\"description\":\"Yleinen 1000 litran IBC-ulkokansi vesis\u00e4ili\u00f6n s\u00e4ili\u00f6n kansi vedenpit\u00e4v\u00e4 p\u00f6lynestoinen aurinkosuojal\u00e4mm\u00f6neristysvarasto.\",\"breadcrumb\":{\"@id\":\"https:\/\/ibc.ee\/fi\/tuote\/1000-litran-ibc-ulkokansi\/#breadcrumb\"},\"inLanguage\":\"fi\",\"potentialAction\":[{\"@type\":\"ReadAction\",\"target\":[\"https:\/\/ibc.ee\/fi\/tuote\/1000-litran-ibc-ulkokansi\/\"]}]},{\"@type\":\"ImageObject\",\"inLanguage\":\"fi\",\"@id\":\"https:\/\/ibc.ee\/fi\/tuote\/1000-litran-ibc-ulkokansi\/#primaryimage\",\"url\":\"https:\/\/ibc.ee\/wp-content\/uploads\/2021\/05\/Universaalne-1000-liitrine-IBC-valikate.jpg\",\"contentUrl\":\"https:\/\/ibc.ee\/wp-content\/uploads\/2021\/05\/Universaalne-1000-liitrine-IBC-valikate.jpg\",\"width\":600,\"height\":600,\"caption\":\"1000 litran IBC-ulkokansi\"},{\"@type\":\"BreadcrumbList\",\"@id\":\"https:\/\/ibc.ee\/fi\/tuote\/1000-litran-ibc-ulkokansi\/#breadcrumb\",\"itemListElement\":[{\"@type\":\"ListItem\",\"position\":1,\"name\":\"\u0413\u043b\u0430\u0432\u043d\u0430\u044f \u0441\u0442\u0440\u0430\u043d\u0438\u0446\u0430\",\"item\":\"https:\/\/www.ibc.ee\/fi\/\"},{\"@type\":\"ListItem\",\"position\":2,\"name\":\"Myym\u00e4l\u00e4\",\"item\":\"https:\/\/www.ibc.ee\/fi\/shop\/\"},{\"@type\":\"ListItem\",\"position\":3,\"name\":\"1000 litran IBC-ulkokansi\"}]},{\"@type\":\"WebSite\",\"@id\":\"https:\/\/www.ibc.ee\/fi\/#website\",\"url\":\"https:\/\/www.ibc.ee\/fi\/\",\"name\":\"IBC konteineri m&uuml;&uuml;k, vaadid, kraanid, mahutid\",\"description\":\"IBC - Tank container valve, Adapters\\\\fittings, Intermediate bulk, container, Drums\/cans\",\"potentialAction\":[{\"@type\":\"SearchAction\",\"target\":{\"@type\":\"EntryPoint\",\"urlTemplate\":\"https:\/\/www.ibc.ee\/fi\/?s={search_term_string}\"},\"query-input\":{\"@type\":\"PropertyValueSpecification\",\"valueRequired\":true,\"valueName\":\"search_term_string\"}}],\"inLanguage\":\"fi\"}]}<\/script>\n<!-- \/ Yoast SEO plugin. -->","yoast_head_json":{"title":"1000 litran IBC-ulkokansi","description":"Yleinen 1000 litran IBC-ulkokansi vesis\u00e4ili\u00f6n s\u00e4ili\u00f6n kansi vedenpit\u00e4v\u00e4 p\u00f6lynestoinen aurinkosuojal\u00e4mm\u00f6neristysvarasto.","robots":{"index":"index","follow":"follow","max-snippet":"max-snippet:-1","max-image-preview":"max-image-preview:large","max-video-preview":"max-video-preview:-1"},"canonical":"https:\/\/ibc.ee\/fi\/tuote\/1000-litran-ibc-ulkokansi\/","og_locale":"fi_FI","og_type":"article","og_title":"1000 litran IBC-ulkokansi","og_description":"Yleinen 1000 litran IBC-ulkokansi vesis\u00e4ili\u00f6n s\u00e4ili\u00f6n kansi vedenpit\u00e4v\u00e4 p\u00f6lynestoinen aurinkosuojal\u00e4mm\u00f6neristysvarasto.","og_url":"https:\/\/ibc.ee\/fi\/tuote\/1000-litran-ibc-ulkokansi\/","og_site_name":"IBC konteineri m&uuml;&uuml;k, vaadid, kraanid, mahutid","article_modified_time":"2021-05-24T19:37:00+00:00","og_image":[{"width":600,"height":600,"url":"https:\/\/ibc.ee\/wp-content\/uploads\/2021\/05\/Universaalne-1000-liitrine-IBC-valikate.jpg","type":"image\/jpeg"}],"twitter_card":"summary_large_image","schema":{"@context":"https:\/\/schema.org","@graph":[{"@type":"WebPage","@id":"https:\/\/ibc.ee\/fi\/tuote\/1000-litran-ibc-ulkokansi\/","url":"https:\/\/ibc.ee\/fi\/tuote\/1000-litran-ibc-ulkokansi\/","name":"1000 litran IBC-ulkokansi","isPartOf":{"@id":"https:\/\/www.ibc.ee\/fi\/#website"},"primaryImageOfPage":{"@id":"https:\/\/ibc.ee\/fi\/tuote\/1000-litran-ibc-ulkokansi\/#primaryimage"},"image":{"@id":"https:\/\/ibc.ee\/fi\/tuote\/1000-litran-ibc-ulkokansi\/#primaryimage"},"thumbnailUrl":"https:\/\/ibc.ee\/wp-content\/uploads\/2021\/05\/Universaalne-1000-liitrine-IBC-valikate.jpg","datePublished":"2021-05-24T19:24:40+00:00","dateModified":"2021-05-24T19:37:00+00:00","description":"Yleinen 1000 litran IBC-ulkokansi vesis\u00e4ili\u00f6n s\u00e4ili\u00f6n kansi vedenpit\u00e4v\u00e4 p\u00f6lynestoinen aurinkosuojal\u00e4mm\u00f6neristysvarasto.","breadcrumb":{"@id":"https:\/\/ibc.ee\/fi\/tuote\/1000-litran-ibc-ulkokansi\/#breadcrumb"},"inLanguage":"fi","potentialAction":[{"@type":"ReadAction","target":["https:\/\/ibc.ee\/fi\/tuote\/1000-litran-ibc-ulkokansi\/"]}]},{"@type":"ImageObject","inLanguage":"fi","@id":"https:\/\/ibc.ee\/fi\/tuote\/1000-litran-ibc-ulkokansi\/#primaryimage","url":"https:\/\/ibc.ee\/wp-content\/uploads\/2021\/05\/Universaalne-1000-liitrine-IBC-valikate.jpg","contentUrl":"https:\/\/ibc.ee\/wp-content\/uploads\/2021\/05\/Universaalne-1000-liitrine-IBC-valikate.jpg","width":600,"height":600,"caption":"1000 litran IBC-ulkokansi"},{"@type":"BreadcrumbList","@id":"https:\/\/ibc.ee\/fi\/tuote\/1000-litran-ibc-ulkokansi\/#breadcrumb","itemListElement":[{"@type":"ListItem","position":1,"name":"\u0413\u043b\u0430\u0432\u043d\u0430\u044f \u0441\u0442\u0440\u0430\u043d\u0438\u0446\u0430","item":"https:\/\/www.ibc.ee\/fi\/"},{"@type":"ListItem","position":2,"name":"Myym\u00e4l\u00e4","item":"https:\/\/www.ibc.ee\/fi\/shop\/"},{"@type":"ListItem","position":3,"name":"1000 litran IBC-ulkokansi"}]},{"@type":"WebSite","@id":"https:\/\/www.ibc.ee\/fi\/#website","url":"https:\/\/www.ibc.ee\/fi\/","name":"IBC konteineri m&uuml;&uuml;k, vaadid, kraanid, mahutid","description":"IBC - Tank container valve, Adapters\\fittings, Intermediate bulk, container, Drums\/cans","potentialAction":[{"@type":"SearchAction","target":{"@type":"EntryPoint","urlTemplate":"https:\/\/www.ibc.ee\/fi\/?s={search_term_string}"},"query-input":{"@type":"PropertyValueSpecification","valueRequired":true,"valueName":"search_term_string"}}],"inLanguage":"fi"}]}},"_links":{"self":[{"href":"https:\/\/ibc.ee\/fi\/wp-json\/wp\/v2\/product\/20582","targetHints":{"allow":["GET"]}}],"collection":[{"href":"https:\/\/ibc.ee\/fi\/wp-json\/wp\/v2\/product"}],"about":[{"href":"https:\/\/ibc.ee\/fi\/wp-json\/wp\/v2\/types\/product"}],"wp:featuredmedia":[{"embeddable":true,"href":"https:\/\/ibc.ee\/fi\/wp-json\/wp\/v2\/media\/20588"}],"wp:attachment":[{"href":"https:\/\/ibc.ee\/fi\/wp-json\/wp\/v2\/media?parent=20582"}],"wp:term":[{"taxonomy":"product_brand","embeddable":true,"href":"https:\/\/ibc.ee\/fi\/wp-json\/wp\/v2\/product_brand?post=20582"},{"taxonomy":"product_cat","embeddable":true,"href":"https:\/\/ibc.ee\/fi\/wp-json\/wp\/v2\/product_cat?post=20582"},{"taxonomy":"product_tag","embeddable":true,"href":"https:\/\/ibc.ee\/fi\/wp-json\/wp\/v2\/product_tag?post=20582"}],"curies":[{"name":"wp","href":"https:\/\/api.w.org\/{rel}","templated":true}]}}