{"id":20782,"date":"2022-05-31T09:01:52","date_gmt":"2022-05-31T07:01:53","guid":{"rendered":"https:\/\/ibc.ee\/?post_type=product&#038;p=20782"},"modified":"2025-06-26T14:57:35","modified_gmt":"2025-06-26T12:57:35","slug":"muovinen-tynnyri-50l","status":"publish","type":"product","link":"https:\/\/ibc.ee\/fi\/tuote\/muovinen-tynnyri-50l\/","title":{"rendered":"Muovinen tynnyri 50L (k\u00e4ytetyt)"},"content":{"rendered":"<p>K\u00e4yt\u00e4nn\u00f6llinen muovirumpu, joka soveltuu esimerkiksi elintarvikkeiden s\u00e4ilytt\u00e4miseen sek\u00e4 kiinte\u00e4ss\u00e4 ett\u00e4 nestem\u00e4isess\u00e4 muodossa. Kannen kiristysrengas varmistaa, ett\u00e4 kansi tiivistyy tiiviisti likaa ja roiskeita vastaan, mutta mahdollistaa yksinkertaisen avaamisen ja sulkemisen.<\/p>\n<p>Rummu on puhallusmuovattu yhten\u00e4 kappaleena, mik\u00e4 tekee HDPE-muovista kimmoisaa ja kest\u00e4v\u00e4\u00e4. T\u00e4ydellinen kuljetukseen ja varastointiin!<\/p>\n<p>Tukeva, elintarvikek\u00e4ytt\u00f6inen HDPE-muovista valmistettu rumpu. Rummun kannessa on tasainen kiristysrengas, joka est\u00e4\u00e4 vuodon.<\/p>\n<p>K\u00e4ytetyt tynnyrit!<\/p>\n","protected":false},"excerpt":{"rendered":"<p>Korkeus: 610 mm<br \/>\nHalkaisija: 390 mm<br \/>\nTilavuus: 50 L (max 60)<br \/>\nV\u00e4ri: Sininen<br \/>\nMateriaali: HD polyeteeni<br \/>\nPaino: 3,1 kg<\/p>\n","protected":false},"featured_media":20795,"template":"","meta":[],"product_brand":[],"product_cat":[183],"product_tag":[],"class_list":{"0":"post-20782","1":"product","2":"type-product","3":"status-publish","4":"has-post-thumbnail","6":"product_cat-tynnyri-kanisteri","7":"product_shipping_class-drums-and-cans-fi","9":"first","10":"onbackorder","11":"taxable","12":"shipping-taxable","13":"purchasable","14":"product-type-simple"},"yoast_head":"<!-- This site is optimized with the Yoast SEO plugin v26.9 - https:\/\/yoast.com\/product\/yoast-seo-wordpress\/ -->\n<title>Muovinen tynnyri 50L (k\u00e4ytetyt) - IBC konteineri m&uuml;&uuml;k, vaadid, kraanid, mahutid<\/title>\n<meta name=\"description\" content=\"K\u00e4yt\u00e4nn\u00f6llinen muovirumpu, joka sopii sek\u00e4 kiinteiden ett\u00e4 nestem\u00e4isten elintarvikkeiden s\u00e4ilytt\u00e4miseen jne. T\u00e4ydellinen kuljetukseen ja varastointiin!\" \/>\n<meta name=\"robots\" content=\"index, follow, max-snippet:-1, max-image-preview:large, max-video-preview:-1\" \/>\n<link rel=\"canonical\" href=\"https:\/\/ibc.ee\/fi\/tuote\/muovinen-tynnyri-50l\/\" \/>\n<meta property=\"og:locale\" content=\"fi_FI\" \/>\n<meta property=\"og:type\" content=\"article\" \/>\n<meta property=\"og:title\" content=\"Muovinen tynnyri 50L (k\u00e4ytetyt) - IBC konteineri m&uuml;&uuml;k, vaadid, kraanid, mahutid\" \/>\n<meta property=\"og:description\" content=\"K\u00e4yt\u00e4nn\u00f6llinen muovirumpu, joka sopii sek\u00e4 kiinteiden ett\u00e4 nestem\u00e4isten elintarvikkeiden s\u00e4ilytt\u00e4miseen jne. T\u00e4ydellinen kuljetukseen ja varastointiin!\" \/>\n<meta property=\"og:url\" content=\"https:\/\/ibc.ee\/fi\/tuote\/muovinen-tynnyri-50l\/\" \/>\n<meta property=\"og:site_name\" content=\"IBC konteineri m&uuml;&uuml;k, vaadid, kraanid, mahutid\" \/>\n<meta property=\"article:modified_time\" content=\"2025-06-26T12:57:35+00:00\" \/>\n<meta property=\"og:image\" content=\"https:\/\/ibc.ee\/wp-content\/uploads\/2022\/05\/Plastiktunn_60l_sinine.jpg\" \/>\n\t<meta property=\"og:image:width\" content=\"709\" \/>\n\t<meta property=\"og:image:height\" content=\"709\" \/>\n\t<meta property=\"og:image:type\" content=\"image\/jpeg\" \/>\n<meta name=\"twitter:card\" content=\"summary_large_image\" \/>\n<meta name=\"twitter:label1\" content=\"Arvioitu lukuaika\" \/>\n\t<meta name=\"twitter:data1\" content=\"1 minuutti\" \/>\n<script type=\"application\/ld+json\" class=\"yoast-schema-graph\">{\"@context\":\"https:\/\/schema.org\",\"@graph\":[{\"@type\":\"WebPage\",\"@id\":\"https:\/\/ibc.ee\/fi\/tuote\/muovinen-tynnyri-50l\/\",\"url\":\"https:\/\/ibc.ee\/fi\/tuote\/muovinen-tynnyri-50l\/\",\"name\":\"Muovinen tynnyri 50L (k\u00e4ytetyt) - IBC konteineri m&uuml;&uuml;k, vaadid, kraanid, mahutid\",\"isPartOf\":{\"@id\":\"https:\/\/www.ibc.ee\/fi\/#website\"},\"primaryImageOfPage\":{\"@id\":\"https:\/\/ibc.ee\/fi\/tuote\/muovinen-tynnyri-50l\/#primaryimage\"},\"image\":{\"@id\":\"https:\/\/ibc.ee\/fi\/tuote\/muovinen-tynnyri-50l\/#primaryimage\"},\"thumbnailUrl\":\"https:\/\/ibc.ee\/wp-content\/uploads\/2022\/05\/Plastiktunn_60l_sinine.jpg\",\"datePublished\":\"2022-05-31T07:01:53+00:00\",\"dateModified\":\"2025-06-26T12:57:35+00:00\",\"description\":\"K\u00e4yt\u00e4nn\u00f6llinen muovirumpu, joka sopii sek\u00e4 kiinteiden ett\u00e4 nestem\u00e4isten elintarvikkeiden s\u00e4ilytt\u00e4miseen jne. T\u00e4ydellinen kuljetukseen ja varastointiin!\",\"breadcrumb\":{\"@id\":\"https:\/\/ibc.ee\/fi\/tuote\/muovinen-tynnyri-50l\/#breadcrumb\"},\"inLanguage\":\"fi\",\"potentialAction\":[{\"@type\":\"ReadAction\",\"target\":[\"https:\/\/ibc.ee\/fi\/tuote\/muovinen-tynnyri-50l\/\"]}]},{\"@type\":\"ImageObject\",\"inLanguage\":\"fi\",\"@id\":\"https:\/\/ibc.ee\/fi\/tuote\/muovinen-tynnyri-50l\/#primaryimage\",\"url\":\"https:\/\/ibc.ee\/wp-content\/uploads\/2022\/05\/Plastiktunn_60l_sinine.jpg\",\"contentUrl\":\"https:\/\/ibc.ee\/wp-content\/uploads\/2022\/05\/Plastiktunn_60l_sinine.jpg\",\"width\":709,\"height\":709,\"caption\":\"Muovinen tynnyri 50L\"},{\"@type\":\"BreadcrumbList\",\"@id\":\"https:\/\/ibc.ee\/fi\/tuote\/muovinen-tynnyri-50l\/#breadcrumb\",\"itemListElement\":[{\"@type\":\"ListItem\",\"position\":1,\"name\":\"\u0413\u043b\u0430\u0432\u043d\u0430\u044f \u0441\u0442\u0440\u0430\u043d\u0438\u0446\u0430\",\"item\":\"https:\/\/www.ibc.ee\/fi\/\"},{\"@type\":\"ListItem\",\"position\":2,\"name\":\"Myym\u00e4l\u00e4\",\"item\":\"https:\/\/www.ibc.ee\/fi\/shop\/\"},{\"@type\":\"ListItem\",\"position\":3,\"name\":\"Muovinen tynnyri 50L (k\u00e4ytetyt)\"}]},{\"@type\":\"WebSite\",\"@id\":\"https:\/\/www.ibc.ee\/fi\/#website\",\"url\":\"https:\/\/www.ibc.ee\/fi\/\",\"name\":\"IBC konteineri m&uuml;&uuml;k, vaadid, kraanid, mahutid\",\"description\":\"IBC - Tank container valve, Adapters\\\\fittings, Intermediate bulk, container, Drums\/cans\",\"potentialAction\":[{\"@type\":\"SearchAction\",\"target\":{\"@type\":\"EntryPoint\",\"urlTemplate\":\"https:\/\/www.ibc.ee\/fi\/?s={search_term_string}\"},\"query-input\":{\"@type\":\"PropertyValueSpecification\",\"valueRequired\":true,\"valueName\":\"search_term_string\"}}],\"inLanguage\":\"fi\"}]}<\/script>\n<!-- \/ Yoast SEO plugin. -->","yoast_head_json":{"title":"Muovinen tynnyri 50L (k\u00e4ytetyt) - IBC konteineri m&uuml;&uuml;k, vaadid, kraanid, mahutid","description":"K\u00e4yt\u00e4nn\u00f6llinen muovirumpu, joka sopii sek\u00e4 kiinteiden ett\u00e4 nestem\u00e4isten elintarvikkeiden s\u00e4ilytt\u00e4miseen jne. T\u00e4ydellinen kuljetukseen ja varastointiin!","robots":{"index":"index","follow":"follow","max-snippet":"max-snippet:-1","max-image-preview":"max-image-preview:large","max-video-preview":"max-video-preview:-1"},"canonical":"https:\/\/ibc.ee\/fi\/tuote\/muovinen-tynnyri-50l\/","og_locale":"fi_FI","og_type":"article","og_title":"Muovinen tynnyri 50L (k\u00e4ytetyt) - IBC konteineri m&uuml;&uuml;k, vaadid, kraanid, mahutid","og_description":"K\u00e4yt\u00e4nn\u00f6llinen muovirumpu, joka sopii sek\u00e4 kiinteiden ett\u00e4 nestem\u00e4isten elintarvikkeiden s\u00e4ilytt\u00e4miseen jne. T\u00e4ydellinen kuljetukseen ja varastointiin!","og_url":"https:\/\/ibc.ee\/fi\/tuote\/muovinen-tynnyri-50l\/","og_site_name":"IBC konteineri m&uuml;&uuml;k, vaadid, kraanid, mahutid","article_modified_time":"2025-06-26T12:57:35+00:00","og_image":[{"width":709,"height":709,"url":"https:\/\/ibc.ee\/wp-content\/uploads\/2022\/05\/Plastiktunn_60l_sinine.jpg","type":"image\/jpeg"}],"twitter_card":"summary_large_image","twitter_misc":{"Arvioitu lukuaika":"1 minuutti"},"schema":{"@context":"https:\/\/schema.org","@graph":[{"@type":"WebPage","@id":"https:\/\/ibc.ee\/fi\/tuote\/muovinen-tynnyri-50l\/","url":"https:\/\/ibc.ee\/fi\/tuote\/muovinen-tynnyri-50l\/","name":"Muovinen tynnyri 50L (k\u00e4ytetyt) - IBC konteineri m&uuml;&uuml;k, vaadid, kraanid, mahutid","isPartOf":{"@id":"https:\/\/www.ibc.ee\/fi\/#website"},"primaryImageOfPage":{"@id":"https:\/\/ibc.ee\/fi\/tuote\/muovinen-tynnyri-50l\/#primaryimage"},"image":{"@id":"https:\/\/ibc.ee\/fi\/tuote\/muovinen-tynnyri-50l\/#primaryimage"},"thumbnailUrl":"https:\/\/ibc.ee\/wp-content\/uploads\/2022\/05\/Plastiktunn_60l_sinine.jpg","datePublished":"2022-05-31T07:01:53+00:00","dateModified":"2025-06-26T12:57:35+00:00","description":"K\u00e4yt\u00e4nn\u00f6llinen muovirumpu, joka sopii sek\u00e4 kiinteiden ett\u00e4 nestem\u00e4isten elintarvikkeiden s\u00e4ilytt\u00e4miseen jne. T\u00e4ydellinen kuljetukseen ja varastointiin!","breadcrumb":{"@id":"https:\/\/ibc.ee\/fi\/tuote\/muovinen-tynnyri-50l\/#breadcrumb"},"inLanguage":"fi","potentialAction":[{"@type":"ReadAction","target":["https:\/\/ibc.ee\/fi\/tuote\/muovinen-tynnyri-50l\/"]}]},{"@type":"ImageObject","inLanguage":"fi","@id":"https:\/\/ibc.ee\/fi\/tuote\/muovinen-tynnyri-50l\/#primaryimage","url":"https:\/\/ibc.ee\/wp-content\/uploads\/2022\/05\/Plastiktunn_60l_sinine.jpg","contentUrl":"https:\/\/ibc.ee\/wp-content\/uploads\/2022\/05\/Plastiktunn_60l_sinine.jpg","width":709,"height":709,"caption":"Muovinen tynnyri 50L"},{"@type":"BreadcrumbList","@id":"https:\/\/ibc.ee\/fi\/tuote\/muovinen-tynnyri-50l\/#breadcrumb","itemListElement":[{"@type":"ListItem","position":1,"name":"\u0413\u043b\u0430\u0432\u043d\u0430\u044f \u0441\u0442\u0440\u0430\u043d\u0438\u0446\u0430","item":"https:\/\/www.ibc.ee\/fi\/"},{"@type":"ListItem","position":2,"name":"Myym\u00e4l\u00e4","item":"https:\/\/www.ibc.ee\/fi\/shop\/"},{"@type":"ListItem","position":3,"name":"Muovinen tynnyri 50L (k\u00e4ytetyt)"}]},{"@type":"WebSite","@id":"https:\/\/www.ibc.ee\/fi\/#website","url":"https:\/\/www.ibc.ee\/fi\/","name":"IBC konteineri m&uuml;&uuml;k, vaadid, kraanid, mahutid","description":"IBC - Tank container valve, Adapters\\fittings, Intermediate bulk, container, Drums\/cans","potentialAction":[{"@type":"SearchAction","target":{"@type":"EntryPoint","urlTemplate":"https:\/\/www.ibc.ee\/fi\/?s={search_term_string}"},"query-input":{"@type":"PropertyValueSpecification","valueRequired":true,"valueName":"search_term_string"}}],"inLanguage":"fi"}]}},"_links":{"self":[{"href":"https:\/\/ibc.ee\/fi\/wp-json\/wp\/v2\/product\/20782","targetHints":{"allow":["GET"]}}],"collection":[{"href":"https:\/\/ibc.ee\/fi\/wp-json\/wp\/v2\/product"}],"about":[{"href":"https:\/\/ibc.ee\/fi\/wp-json\/wp\/v2\/types\/product"}],"wp:featuredmedia":[{"embeddable":true,"href":"https:\/\/ibc.ee\/fi\/wp-json\/wp\/v2\/media\/20795"}],"wp:attachment":[{"href":"https:\/\/ibc.ee\/fi\/wp-json\/wp\/v2\/media?parent=20782"}],"wp:term":[{"taxonomy":"product_brand","embeddable":true,"href":"https:\/\/ibc.ee\/fi\/wp-json\/wp\/v2\/product_brand?post=20782"},{"taxonomy":"product_cat","embeddable":true,"href":"https:\/\/ibc.ee\/fi\/wp-json\/wp\/v2\/product_cat?post=20782"},{"taxonomy":"product_tag","embeddable":true,"href":"https:\/\/ibc.ee\/fi\/wp-json\/wp\/v2\/product_tag?post=20782"}],"curies":[{"name":"wp","href":"https:\/\/api.w.org\/{rel}","templated":true}]}}