{"id":21147,"date":"2024-04-18T19:04:12","date_gmt":"2024-04-18T17:04:12","guid":{"rendered":"https:\/\/ibc.ee\/?post_type=product&#038;p=21147"},"modified":"2025-06-26T15:03:14","modified_gmt":"2025-06-26T13:03:14","slug":"uhp-tankki-cisteron-g-250-250l-copy","status":"publish","type":"product","link":"https:\/\/ibc.ee\/fi\/tuote\/uhp-tankki-cisteron-g-250-250l-copy\/","title":{"rendered":"UHP tankki Cisteron G-350 (350L)"},"content":{"rendered":"<p>Vaakasuuntainen polyeteenis\u00e4ili\u00f6. Sen tilavuus on 350 litraa, korkeus 78 cm, pituus 92 cm ja leveys 77 cm. Soveltuu erilaisten nesteiden s\u00e4ilytykseen, mm. sade- ja juomavesi, diesel, kemikaalit. S\u00e4ili\u00f6n lujuuden takaa tuotteen muoto.<\/p>\n<p>Alhaalla on halkaisijaltaan 3\/4 kierrereik\u00e4 (alkuper\u00e4isess\u00e4 tilassaan se on suljettu muovilla).<\/p>\n<p>S\u00e4ili\u00f6ll\u00e4 on Puolan hygieniatodistus PZH, joka mahdollistaa juomaveden varastoinnin.<\/p>\n","protected":false},"excerpt":{"rendered":"<p>Ominaisuudet<br \/>\nTilavuus: 350 l<br \/>\nKorkeus: 78 cm<br \/>\nPituus: 92 cm<br \/>\nLeveys: 77 cm<br \/>\nKannen halkaisija: 20 cm<br \/>\nSein\u00e4n paksuus: 4 mm<br \/>\nLiit\u00e4nt\u00e4kierre: 3\/4 tuumaa.<\/p>\n<p>Materiaali<br \/>\n&#8211; Korkealaatuinen polyeteeni<br \/>\n&#8211; Eritt\u00e4in korkea kest\u00e4vyys<br \/>\n&#8211; Kest\u00e4\u00e4 kriittisi\u00e4 l\u00e4mp\u00f6tiloja (-40\u00b0\u0421 &#8211; +60\u00b0\u0421)<br \/>\n&#8211; Sopii elintarvikkeiden s\u00e4ilytykseen<br \/>\n&#8211; UV-kest\u00e4v\u00e4<\/p>\n","protected":false},"featured_media":21153,"template":"","meta":[],"product_brand":[],"product_cat":[423],"product_tag":[],"class_list":{"0":"post-21147","1":"product","2":"type-product","3":"status-publish","4":"has-post-thumbnail","6":"product_cat-uhp-tankit","8":"first","9":"onbackorder","10":"taxable","11":"shipping-taxable","12":"product-type-simple"},"yoast_head":"<!-- This site is optimized with the Yoast SEO plugin v26.9 - https:\/\/yoast.com\/product\/yoast-seo-wordpress\/ -->\n<title>UHP tankki Cisteron G-350 (350L) - IBC konteineri m&uuml;&uuml;k, vaadid, kraanid, mahutid<\/title>\n<meta name=\"description\" content=\"Vaakasuora polyeteenis\u00e4ili\u00f6. Sen tilavuus on 350 litraa, korkeus 78 cm, pituus 92 cm ja leveys 77 cm. Soveltuu erilaisten nesteiden s\u00e4ilytykseen, mm. sade- ja juomavesi, diesel, kemikaalit.\" \/>\n<meta name=\"robots\" content=\"index, follow, max-snippet:-1, max-image-preview:large, max-video-preview:-1\" \/>\n<link rel=\"canonical\" href=\"https:\/\/ibc.ee\/fi\/tuote\/uhp-tankki-cisteron-g-250-250l-copy\/\" \/>\n<meta property=\"og:locale\" content=\"fi_FI\" \/>\n<meta property=\"og:type\" content=\"article\" \/>\n<meta property=\"og:title\" content=\"UHP tankki Cisteron G-350 (350L) - IBC konteineri m&uuml;&uuml;k, vaadid, kraanid, mahutid\" \/>\n<meta property=\"og:description\" content=\"Vaakasuora polyeteenis\u00e4ili\u00f6. Sen tilavuus on 350 litraa, korkeus 78 cm, pituus 92 cm ja leveys 77 cm. Soveltuu erilaisten nesteiden s\u00e4ilytykseen, mm. sade- ja juomavesi, diesel, kemikaalit.\" \/>\n<meta property=\"og:url\" content=\"https:\/\/ibc.ee\/fi\/tuote\/uhp-tankki-cisteron-g-250-250l-copy\/\" \/>\n<meta property=\"og:site_name\" content=\"IBC konteineri m&uuml;&uuml;k, vaadid, kraanid, mahutid\" \/>\n<meta property=\"article:modified_time\" content=\"2025-06-26T13:03:14+00:00\" \/>\n<meta property=\"og:image\" content=\"https:\/\/ibc.ee\/wp-content\/uploads\/2024\/04\/UHP-Cisteron-g-350.jpg\" \/>\n\t<meta property=\"og:image:width\" content=\"1000\" \/>\n\t<meta property=\"og:image:height\" content=\"1000\" \/>\n\t<meta property=\"og:image:type\" content=\"image\/jpeg\" \/>\n<meta name=\"twitter:card\" content=\"summary_large_image\" \/>\n<meta name=\"twitter:label1\" content=\"Arvioitu lukuaika\" \/>\n\t<meta name=\"twitter:data1\" content=\"1 minuutti\" \/>\n<script type=\"application\/ld+json\" class=\"yoast-schema-graph\">{\"@context\":\"https:\/\/schema.org\",\"@graph\":[{\"@type\":\"WebPage\",\"@id\":\"https:\/\/ibc.ee\/fi\/tuote\/uhp-tankki-cisteron-g-250-250l-copy\/\",\"url\":\"https:\/\/ibc.ee\/fi\/tuote\/uhp-tankki-cisteron-g-250-250l-copy\/\",\"name\":\"UHP tankki Cisteron G-350 (350L) - IBC konteineri m&uuml;&uuml;k, vaadid, kraanid, mahutid\",\"isPartOf\":{\"@id\":\"https:\/\/www.ibc.ee\/fi\/#website\"},\"primaryImageOfPage\":{\"@id\":\"https:\/\/ibc.ee\/fi\/tuote\/uhp-tankki-cisteron-g-250-250l-copy\/#primaryimage\"},\"image\":{\"@id\":\"https:\/\/ibc.ee\/fi\/tuote\/uhp-tankki-cisteron-g-250-250l-copy\/#primaryimage\"},\"thumbnailUrl\":\"https:\/\/ibc.ee\/wp-content\/uploads\/2024\/04\/UHP-Cisteron-g-350.jpg\",\"datePublished\":\"2024-04-18T17:04:12+00:00\",\"dateModified\":\"2025-06-26T13:03:14+00:00\",\"description\":\"Vaakasuora polyeteenis\u00e4ili\u00f6. Sen tilavuus on 350 litraa, korkeus 78 cm, pituus 92 cm ja leveys 77 cm. Soveltuu erilaisten nesteiden s\u00e4ilytykseen, mm. sade- ja juomavesi, diesel, kemikaalit.\",\"breadcrumb\":{\"@id\":\"https:\/\/ibc.ee\/fi\/tuote\/uhp-tankki-cisteron-g-250-250l-copy\/#breadcrumb\"},\"inLanguage\":\"fi\",\"potentialAction\":[{\"@type\":\"ReadAction\",\"target\":[\"https:\/\/ibc.ee\/fi\/tuote\/uhp-tankki-cisteron-g-250-250l-copy\/\"]}]},{\"@type\":\"ImageObject\",\"inLanguage\":\"fi\",\"@id\":\"https:\/\/ibc.ee\/fi\/tuote\/uhp-tankki-cisteron-g-250-250l-copy\/#primaryimage\",\"url\":\"https:\/\/ibc.ee\/wp-content\/uploads\/2024\/04\/UHP-Cisteron-g-350.jpg\",\"contentUrl\":\"https:\/\/ibc.ee\/wp-content\/uploads\/2024\/04\/UHP-Cisteron-g-350.jpg\",\"width\":1000,\"height\":1000,\"caption\":\"UHP tankki Cisteron G-350 (350L)\"},{\"@type\":\"BreadcrumbList\",\"@id\":\"https:\/\/ibc.ee\/fi\/tuote\/uhp-tankki-cisteron-g-250-250l-copy\/#breadcrumb\",\"itemListElement\":[{\"@type\":\"ListItem\",\"position\":1,\"name\":\"\u0413\u043b\u0430\u0432\u043d\u0430\u044f \u0441\u0442\u0440\u0430\u043d\u0438\u0446\u0430\",\"item\":\"https:\/\/www.ibc.ee\/fi\/\"},{\"@type\":\"ListItem\",\"position\":2,\"name\":\"Myym\u00e4l\u00e4\",\"item\":\"https:\/\/www.ibc.ee\/fi\/shop\/\"},{\"@type\":\"ListItem\",\"position\":3,\"name\":\"UHP tankki Cisteron G-350 (350L)\"}]},{\"@type\":\"WebSite\",\"@id\":\"https:\/\/www.ibc.ee\/fi\/#website\",\"url\":\"https:\/\/www.ibc.ee\/fi\/\",\"name\":\"IBC konteineri m&uuml;&uuml;k, vaadid, kraanid, mahutid\",\"description\":\"IBC - Tank container valve, Adapters\\\\fittings, Intermediate bulk, container, Drums\/cans\",\"potentialAction\":[{\"@type\":\"SearchAction\",\"target\":{\"@type\":\"EntryPoint\",\"urlTemplate\":\"https:\/\/www.ibc.ee\/fi\/?s={search_term_string}\"},\"query-input\":{\"@type\":\"PropertyValueSpecification\",\"valueRequired\":true,\"valueName\":\"search_term_string\"}}],\"inLanguage\":\"fi\"}]}<\/script>\n<!-- \/ Yoast SEO plugin. -->","yoast_head_json":{"title":"UHP tankki Cisteron G-350 (350L) - IBC konteineri m&uuml;&uuml;k, vaadid, kraanid, mahutid","description":"Vaakasuora polyeteenis\u00e4ili\u00f6. Sen tilavuus on 350 litraa, korkeus 78 cm, pituus 92 cm ja leveys 77 cm. Soveltuu erilaisten nesteiden s\u00e4ilytykseen, mm. sade- ja juomavesi, diesel, kemikaalit.","robots":{"index":"index","follow":"follow","max-snippet":"max-snippet:-1","max-image-preview":"max-image-preview:large","max-video-preview":"max-video-preview:-1"},"canonical":"https:\/\/ibc.ee\/fi\/tuote\/uhp-tankki-cisteron-g-250-250l-copy\/","og_locale":"fi_FI","og_type":"article","og_title":"UHP tankki Cisteron G-350 (350L) - IBC konteineri m&uuml;&uuml;k, vaadid, kraanid, mahutid","og_description":"Vaakasuora polyeteenis\u00e4ili\u00f6. Sen tilavuus on 350 litraa, korkeus 78 cm, pituus 92 cm ja leveys 77 cm. Soveltuu erilaisten nesteiden s\u00e4ilytykseen, mm. sade- ja juomavesi, diesel, kemikaalit.","og_url":"https:\/\/ibc.ee\/fi\/tuote\/uhp-tankki-cisteron-g-250-250l-copy\/","og_site_name":"IBC konteineri m&uuml;&uuml;k, vaadid, kraanid, mahutid","article_modified_time":"2025-06-26T13:03:14+00:00","og_image":[{"width":1000,"height":1000,"url":"https:\/\/ibc.ee\/wp-content\/uploads\/2024\/04\/UHP-Cisteron-g-350.jpg","type":"image\/jpeg"}],"twitter_card":"summary_large_image","twitter_misc":{"Arvioitu lukuaika":"1 minuutti"},"schema":{"@context":"https:\/\/schema.org","@graph":[{"@type":"WebPage","@id":"https:\/\/ibc.ee\/fi\/tuote\/uhp-tankki-cisteron-g-250-250l-copy\/","url":"https:\/\/ibc.ee\/fi\/tuote\/uhp-tankki-cisteron-g-250-250l-copy\/","name":"UHP tankki Cisteron G-350 (350L) - IBC konteineri m&uuml;&uuml;k, vaadid, kraanid, mahutid","isPartOf":{"@id":"https:\/\/www.ibc.ee\/fi\/#website"},"primaryImageOfPage":{"@id":"https:\/\/ibc.ee\/fi\/tuote\/uhp-tankki-cisteron-g-250-250l-copy\/#primaryimage"},"image":{"@id":"https:\/\/ibc.ee\/fi\/tuote\/uhp-tankki-cisteron-g-250-250l-copy\/#primaryimage"},"thumbnailUrl":"https:\/\/ibc.ee\/wp-content\/uploads\/2024\/04\/UHP-Cisteron-g-350.jpg","datePublished":"2024-04-18T17:04:12+00:00","dateModified":"2025-06-26T13:03:14+00:00","description":"Vaakasuora polyeteenis\u00e4ili\u00f6. Sen tilavuus on 350 litraa, korkeus 78 cm, pituus 92 cm ja leveys 77 cm. Soveltuu erilaisten nesteiden s\u00e4ilytykseen, mm. sade- ja juomavesi, diesel, kemikaalit.","breadcrumb":{"@id":"https:\/\/ibc.ee\/fi\/tuote\/uhp-tankki-cisteron-g-250-250l-copy\/#breadcrumb"},"inLanguage":"fi","potentialAction":[{"@type":"ReadAction","target":["https:\/\/ibc.ee\/fi\/tuote\/uhp-tankki-cisteron-g-250-250l-copy\/"]}]},{"@type":"ImageObject","inLanguage":"fi","@id":"https:\/\/ibc.ee\/fi\/tuote\/uhp-tankki-cisteron-g-250-250l-copy\/#primaryimage","url":"https:\/\/ibc.ee\/wp-content\/uploads\/2024\/04\/UHP-Cisteron-g-350.jpg","contentUrl":"https:\/\/ibc.ee\/wp-content\/uploads\/2024\/04\/UHP-Cisteron-g-350.jpg","width":1000,"height":1000,"caption":"UHP tankki Cisteron G-350 (350L)"},{"@type":"BreadcrumbList","@id":"https:\/\/ibc.ee\/fi\/tuote\/uhp-tankki-cisteron-g-250-250l-copy\/#breadcrumb","itemListElement":[{"@type":"ListItem","position":1,"name":"\u0413\u043b\u0430\u0432\u043d\u0430\u044f \u0441\u0442\u0440\u0430\u043d\u0438\u0446\u0430","item":"https:\/\/www.ibc.ee\/fi\/"},{"@type":"ListItem","position":2,"name":"Myym\u00e4l\u00e4","item":"https:\/\/www.ibc.ee\/fi\/shop\/"},{"@type":"ListItem","position":3,"name":"UHP tankki Cisteron G-350 (350L)"}]},{"@type":"WebSite","@id":"https:\/\/www.ibc.ee\/fi\/#website","url":"https:\/\/www.ibc.ee\/fi\/","name":"IBC konteineri m&uuml;&uuml;k, vaadid, kraanid, mahutid","description":"IBC - Tank container valve, Adapters\\fittings, Intermediate bulk, container, Drums\/cans","potentialAction":[{"@type":"SearchAction","target":{"@type":"EntryPoint","urlTemplate":"https:\/\/www.ibc.ee\/fi\/?s={search_term_string}"},"query-input":{"@type":"PropertyValueSpecification","valueRequired":true,"valueName":"search_term_string"}}],"inLanguage":"fi"}]}},"_links":{"self":[{"href":"https:\/\/ibc.ee\/fi\/wp-json\/wp\/v2\/product\/21147","targetHints":{"allow":["GET"]}}],"collection":[{"href":"https:\/\/ibc.ee\/fi\/wp-json\/wp\/v2\/product"}],"about":[{"href":"https:\/\/ibc.ee\/fi\/wp-json\/wp\/v2\/types\/product"}],"wp:featuredmedia":[{"embeddable":true,"href":"https:\/\/ibc.ee\/fi\/wp-json\/wp\/v2\/media\/21153"}],"wp:attachment":[{"href":"https:\/\/ibc.ee\/fi\/wp-json\/wp\/v2\/media?parent=21147"}],"wp:term":[{"taxonomy":"product_brand","embeddable":true,"href":"https:\/\/ibc.ee\/fi\/wp-json\/wp\/v2\/product_brand?post=21147"},{"taxonomy":"product_cat","embeddable":true,"href":"https:\/\/ibc.ee\/fi\/wp-json\/wp\/v2\/product_cat?post=21147"},{"taxonomy":"product_tag","embeddable":true,"href":"https:\/\/ibc.ee\/fi\/wp-json\/wp\/v2\/product_tag?post=21147"}],"curies":[{"name":"wp","href":"https:\/\/api.w.org\/{rel}","templated":true}]}}