{"id":21337,"date":"2024-04-24T21:02:11","date_gmt":"2024-04-24T19:02:11","guid":{"rendered":"https:\/\/ibc.ee\/?post_type=product&#038;p=21337"},"modified":"2025-06-26T15:21:33","modified_gmt":"2025-06-26T13:21:33","slug":"uhp-tankki-kubaton-sk-100-100l-copy","status":"publish","type":"product","link":"https:\/\/ibc.ee\/fi\/tuote\/uhp-tankki-kubaton-sk-100-100l-copy\/","title":{"rendered":"UHP tankki Kubaton SK-200 (200L)"},"content":{"rendered":"<p>Nelikulmainen polyeteenis\u00e4ili\u00f6, jonka tilavuus on 200 l. Soveltuu erilaisten nesteiden s\u00e4ilytykseen, mm. sade- ja juomavesi, diesel, kemikaalit. SK-sarjan astiat on helppo puhdistaa leve\u00e4n aukon ansiosta.<\/p>\n<p>SK-sarjan s\u00e4ili\u00f6t ovat pinottavia, joten ne on helppo s\u00e4ilytt\u00e4\u00e4. S\u00e4ili\u00f6n lujuuden takaavat j\u00e4ykist\u00e4v\u00e4t rivat ja tuotteen erityinen muoto. Pohjassa on \u00be&#8221; kierrereik\u00e4.<\/p>\n<p>Huomio! Oletusarvoisesti yl\u00e4kierrereik\u00e4\u00e4 ei ole. Asennus on mahdollista asiakkaan pyynn\u00f6st\u00e4 (alkuper\u00e4isess\u00e4 tilassaan on muovisinet\u00f6ity).<\/p>\n<p>S\u00e4ili\u00f6ll\u00e4 on Puolan hygieniatodistus PZH, joka mahdollistaa juomaveden varastoinnin.<\/p>\n","protected":false},"excerpt":{"rendered":"<p><strong>Ominaisuudet<\/strong><br \/>\nTilavuus: 200 l<br \/>\nPituus: 80 cm<br \/>\nLeveys: 62 cm<br \/>\nKorkeus: 57 cm<br \/>\nKannen halkaisija: 35 cm<br \/>\nSein\u00e4m\u00e4n paksuus: 3,5 mm<br \/>\nLiit\u00e4nt\u00e4kierre: 3\/4 tuumaa.<\/p>\n<p><strong>Materiaali<\/strong><br \/>\n&#8211; Korkealaatuinen polyeteeni<br \/>\n&#8211; Eritt\u00e4in korkea kest\u00e4vyys<br \/>\n&#8211; Kest\u00e4\u00e4 kriittisi\u00e4 l\u00e4mp\u00f6tiloja (-40\u00b0\u0421 &#8211; +60\u00b0\u0421)<br \/>\n&#8211; Sopii elintarvikkeiden s\u00e4ilytykseen<br \/>\n&#8211; UV-kest\u00e4v\u00e4<\/p>\n","protected":false},"featured_media":21343,"template":"","meta":[],"product_brand":[],"product_cat":[423],"product_tag":[],"class_list":{"0":"post-21337","1":"product","2":"type-product","3":"status-publish","4":"has-post-thumbnail","6":"product_cat-uhp-tankit","7":"product_shipping_class-containers-fi","9":"first","10":"instock","11":"taxable","12":"shipping-taxable","13":"purchasable","14":"product-type-simple"},"yoast_head":"<!-- This site is optimized with the Yoast SEO plugin v26.9 - https:\/\/yoast.com\/product\/yoast-seo-wordpress\/ -->\n<title>UHP tankki Kubaton SK-200 (200L) - IBC konteineri m&uuml;&uuml;k, vaadid, kraanid, mahutid<\/title>\n<meta name=\"description\" content=\"Suorakaiteen muotoinen polyeteenis\u00e4ili\u00f6, jonka tilavuus on 100 l. Soveltuu erilaisten nesteiden s\u00e4ilytykseen, mm. sade- ja juomavesi, diesel, kemikaalit.\" \/>\n<meta name=\"robots\" content=\"index, follow, max-snippet:-1, max-image-preview:large, max-video-preview:-1\" \/>\n<link rel=\"canonical\" href=\"https:\/\/ibc.ee\/fi\/tuote\/uhp-tankki-kubaton-sk-100-100l-copy\/\" \/>\n<meta property=\"og:locale\" content=\"fi_FI\" \/>\n<meta property=\"og:type\" content=\"article\" \/>\n<meta property=\"og:title\" content=\"UHP tankki Kubaton SK-200 (200L) - IBC konteineri m&uuml;&uuml;k, vaadid, kraanid, mahutid\" \/>\n<meta property=\"og:description\" content=\"Suorakaiteen muotoinen polyeteenis\u00e4ili\u00f6, jonka tilavuus on 100 l. Soveltuu erilaisten nesteiden s\u00e4ilytykseen, mm. sade- ja juomavesi, diesel, kemikaalit.\" \/>\n<meta property=\"og:url\" content=\"https:\/\/ibc.ee\/fi\/tuote\/uhp-tankki-kubaton-sk-100-100l-copy\/\" \/>\n<meta property=\"og:site_name\" content=\"IBC konteineri m&uuml;&uuml;k, vaadid, kraanid, mahutid\" \/>\n<meta property=\"article:modified_time\" content=\"2025-06-26T13:21:33+00:00\" \/>\n<meta property=\"og:image\" content=\"https:\/\/ibc.ee\/wp-content\/uploads\/2024\/04\/UHP-tank-kubaton-sk-200-200L.jpg\" \/>\n\t<meta property=\"og:image:width\" content=\"1000\" \/>\n\t<meta property=\"og:image:height\" content=\"1000\" \/>\n\t<meta property=\"og:image:type\" content=\"image\/jpeg\" \/>\n<meta name=\"twitter:card\" content=\"summary_large_image\" \/>\n<meta name=\"twitter:label1\" content=\"Arvioitu lukuaika\" \/>\n\t<meta name=\"twitter:data1\" content=\"1 minuutti\" \/>\n<script type=\"application\/ld+json\" class=\"yoast-schema-graph\">{\"@context\":\"https:\/\/schema.org\",\"@graph\":[{\"@type\":\"WebPage\",\"@id\":\"https:\/\/ibc.ee\/fi\/tuote\/uhp-tankki-kubaton-sk-100-100l-copy\/\",\"url\":\"https:\/\/ibc.ee\/fi\/tuote\/uhp-tankki-kubaton-sk-100-100l-copy\/\",\"name\":\"UHP tankki Kubaton SK-200 (200L) - IBC konteineri m&uuml;&uuml;k, vaadid, kraanid, mahutid\",\"isPartOf\":{\"@id\":\"https:\/\/www.ibc.ee\/fi\/#website\"},\"primaryImageOfPage\":{\"@id\":\"https:\/\/ibc.ee\/fi\/tuote\/uhp-tankki-kubaton-sk-100-100l-copy\/#primaryimage\"},\"image\":{\"@id\":\"https:\/\/ibc.ee\/fi\/tuote\/uhp-tankki-kubaton-sk-100-100l-copy\/#primaryimage\"},\"thumbnailUrl\":\"https:\/\/ibc.ee\/wp-content\/uploads\/2024\/04\/UHP-tank-kubaton-sk-200-200L.jpg\",\"datePublished\":\"2024-04-24T19:02:11+00:00\",\"dateModified\":\"2025-06-26T13:21:33+00:00\",\"description\":\"Suorakaiteen muotoinen polyeteenis\u00e4ili\u00f6, jonka tilavuus on 100 l. Soveltuu erilaisten nesteiden s\u00e4ilytykseen, mm. sade- ja juomavesi, diesel, kemikaalit.\",\"breadcrumb\":{\"@id\":\"https:\/\/ibc.ee\/fi\/tuote\/uhp-tankki-kubaton-sk-100-100l-copy\/#breadcrumb\"},\"inLanguage\":\"fi\",\"potentialAction\":[{\"@type\":\"ReadAction\",\"target\":[\"https:\/\/ibc.ee\/fi\/tuote\/uhp-tankki-kubaton-sk-100-100l-copy\/\"]}]},{\"@type\":\"ImageObject\",\"inLanguage\":\"fi\",\"@id\":\"https:\/\/ibc.ee\/fi\/tuote\/uhp-tankki-kubaton-sk-100-100l-copy\/#primaryimage\",\"url\":\"https:\/\/ibc.ee\/wp-content\/uploads\/2024\/04\/UHP-tank-kubaton-sk-200-200L.jpg\",\"contentUrl\":\"https:\/\/ibc.ee\/wp-content\/uploads\/2024\/04\/UHP-tank-kubaton-sk-200-200L.jpg\",\"width\":1000,\"height\":1000,\"caption\":\"UHP tankki Kubaton SK-200 (200L)\"},{\"@type\":\"BreadcrumbList\",\"@id\":\"https:\/\/ibc.ee\/fi\/tuote\/uhp-tankki-kubaton-sk-100-100l-copy\/#breadcrumb\",\"itemListElement\":[{\"@type\":\"ListItem\",\"position\":1,\"name\":\"\u0413\u043b\u0430\u0432\u043d\u0430\u044f \u0441\u0442\u0440\u0430\u043d\u0438\u0446\u0430\",\"item\":\"https:\/\/www.ibc.ee\/fi\/\"},{\"@type\":\"ListItem\",\"position\":2,\"name\":\"Myym\u00e4l\u00e4\",\"item\":\"https:\/\/www.ibc.ee\/fi\/shop\/\"},{\"@type\":\"ListItem\",\"position\":3,\"name\":\"UHP tankki Kubaton SK-200 (200L)\"}]},{\"@type\":\"WebSite\",\"@id\":\"https:\/\/www.ibc.ee\/fi\/#website\",\"url\":\"https:\/\/www.ibc.ee\/fi\/\",\"name\":\"IBC konteineri m&uuml;&uuml;k, vaadid, kraanid, mahutid\",\"description\":\"IBC - Tank container valve, Adapters\\\\fittings, Intermediate bulk, container, Drums\/cans\",\"potentialAction\":[{\"@type\":\"SearchAction\",\"target\":{\"@type\":\"EntryPoint\",\"urlTemplate\":\"https:\/\/www.ibc.ee\/fi\/?s={search_term_string}\"},\"query-input\":{\"@type\":\"PropertyValueSpecification\",\"valueRequired\":true,\"valueName\":\"search_term_string\"}}],\"inLanguage\":\"fi\"}]}<\/script>\n<!-- \/ Yoast SEO plugin. -->","yoast_head_json":{"title":"UHP tankki Kubaton SK-200 (200L) - IBC konteineri m&uuml;&uuml;k, vaadid, kraanid, mahutid","description":"Suorakaiteen muotoinen polyeteenis\u00e4ili\u00f6, jonka tilavuus on 100 l. Soveltuu erilaisten nesteiden s\u00e4ilytykseen, mm. sade- ja juomavesi, diesel, kemikaalit.","robots":{"index":"index","follow":"follow","max-snippet":"max-snippet:-1","max-image-preview":"max-image-preview:large","max-video-preview":"max-video-preview:-1"},"canonical":"https:\/\/ibc.ee\/fi\/tuote\/uhp-tankki-kubaton-sk-100-100l-copy\/","og_locale":"fi_FI","og_type":"article","og_title":"UHP tankki Kubaton SK-200 (200L) - IBC konteineri m&uuml;&uuml;k, vaadid, kraanid, mahutid","og_description":"Suorakaiteen muotoinen polyeteenis\u00e4ili\u00f6, jonka tilavuus on 100 l. Soveltuu erilaisten nesteiden s\u00e4ilytykseen, mm. sade- ja juomavesi, diesel, kemikaalit.","og_url":"https:\/\/ibc.ee\/fi\/tuote\/uhp-tankki-kubaton-sk-100-100l-copy\/","og_site_name":"IBC konteineri m&uuml;&uuml;k, vaadid, kraanid, mahutid","article_modified_time":"2025-06-26T13:21:33+00:00","og_image":[{"width":1000,"height":1000,"url":"https:\/\/ibc.ee\/wp-content\/uploads\/2024\/04\/UHP-tank-kubaton-sk-200-200L.jpg","type":"image\/jpeg"}],"twitter_card":"summary_large_image","twitter_misc":{"Arvioitu lukuaika":"1 minuutti"},"schema":{"@context":"https:\/\/schema.org","@graph":[{"@type":"WebPage","@id":"https:\/\/ibc.ee\/fi\/tuote\/uhp-tankki-kubaton-sk-100-100l-copy\/","url":"https:\/\/ibc.ee\/fi\/tuote\/uhp-tankki-kubaton-sk-100-100l-copy\/","name":"UHP tankki Kubaton SK-200 (200L) - IBC konteineri m&uuml;&uuml;k, vaadid, kraanid, mahutid","isPartOf":{"@id":"https:\/\/www.ibc.ee\/fi\/#website"},"primaryImageOfPage":{"@id":"https:\/\/ibc.ee\/fi\/tuote\/uhp-tankki-kubaton-sk-100-100l-copy\/#primaryimage"},"image":{"@id":"https:\/\/ibc.ee\/fi\/tuote\/uhp-tankki-kubaton-sk-100-100l-copy\/#primaryimage"},"thumbnailUrl":"https:\/\/ibc.ee\/wp-content\/uploads\/2024\/04\/UHP-tank-kubaton-sk-200-200L.jpg","datePublished":"2024-04-24T19:02:11+00:00","dateModified":"2025-06-26T13:21:33+00:00","description":"Suorakaiteen muotoinen polyeteenis\u00e4ili\u00f6, jonka tilavuus on 100 l. Soveltuu erilaisten nesteiden s\u00e4ilytykseen, mm. sade- ja juomavesi, diesel, kemikaalit.","breadcrumb":{"@id":"https:\/\/ibc.ee\/fi\/tuote\/uhp-tankki-kubaton-sk-100-100l-copy\/#breadcrumb"},"inLanguage":"fi","potentialAction":[{"@type":"ReadAction","target":["https:\/\/ibc.ee\/fi\/tuote\/uhp-tankki-kubaton-sk-100-100l-copy\/"]}]},{"@type":"ImageObject","inLanguage":"fi","@id":"https:\/\/ibc.ee\/fi\/tuote\/uhp-tankki-kubaton-sk-100-100l-copy\/#primaryimage","url":"https:\/\/ibc.ee\/wp-content\/uploads\/2024\/04\/UHP-tank-kubaton-sk-200-200L.jpg","contentUrl":"https:\/\/ibc.ee\/wp-content\/uploads\/2024\/04\/UHP-tank-kubaton-sk-200-200L.jpg","width":1000,"height":1000,"caption":"UHP tankki Kubaton SK-200 (200L)"},{"@type":"BreadcrumbList","@id":"https:\/\/ibc.ee\/fi\/tuote\/uhp-tankki-kubaton-sk-100-100l-copy\/#breadcrumb","itemListElement":[{"@type":"ListItem","position":1,"name":"\u0413\u043b\u0430\u0432\u043d\u0430\u044f \u0441\u0442\u0440\u0430\u043d\u0438\u0446\u0430","item":"https:\/\/www.ibc.ee\/fi\/"},{"@type":"ListItem","position":2,"name":"Myym\u00e4l\u00e4","item":"https:\/\/www.ibc.ee\/fi\/shop\/"},{"@type":"ListItem","position":3,"name":"UHP tankki Kubaton SK-200 (200L)"}]},{"@type":"WebSite","@id":"https:\/\/www.ibc.ee\/fi\/#website","url":"https:\/\/www.ibc.ee\/fi\/","name":"IBC konteineri m&uuml;&uuml;k, vaadid, kraanid, mahutid","description":"IBC - Tank container valve, Adapters\\fittings, Intermediate bulk, container, Drums\/cans","potentialAction":[{"@type":"SearchAction","target":{"@type":"EntryPoint","urlTemplate":"https:\/\/www.ibc.ee\/fi\/?s={search_term_string}"},"query-input":{"@type":"PropertyValueSpecification","valueRequired":true,"valueName":"search_term_string"}}],"inLanguage":"fi"}]}},"_links":{"self":[{"href":"https:\/\/ibc.ee\/fi\/wp-json\/wp\/v2\/product\/21337","targetHints":{"allow":["GET"]}}],"collection":[{"href":"https:\/\/ibc.ee\/fi\/wp-json\/wp\/v2\/product"}],"about":[{"href":"https:\/\/ibc.ee\/fi\/wp-json\/wp\/v2\/types\/product"}],"wp:featuredmedia":[{"embeddable":true,"href":"https:\/\/ibc.ee\/fi\/wp-json\/wp\/v2\/media\/21343"}],"wp:attachment":[{"href":"https:\/\/ibc.ee\/fi\/wp-json\/wp\/v2\/media?parent=21337"}],"wp:term":[{"taxonomy":"product_brand","embeddable":true,"href":"https:\/\/ibc.ee\/fi\/wp-json\/wp\/v2\/product_brand?post=21337"},{"taxonomy":"product_cat","embeddable":true,"href":"https:\/\/ibc.ee\/fi\/wp-json\/wp\/v2\/product_cat?post=21337"},{"taxonomy":"product_tag","embeddable":true,"href":"https:\/\/ibc.ee\/fi\/wp-json\/wp\/v2\/product_tag?post=21337"}],"curies":[{"name":"wp","href":"https:\/\/api.w.org\/{rel}","templated":true}]}}